{"id":43990,"date":"2025-12-26T15:59:04","date_gmt":"2025-12-26T08:59:04","guid":{"rendered":"https:\/\/havamall.vn\/?post_type=product&#038;p=43990"},"modified":"2025-12-26T16:01:30","modified_gmt":"2025-12-26T09:01:30","slug":"keo-sua-nen-truyen-thong-vi-sua-va-socola-nhap-khau-y-galatine-lon-thiec-150g-galatine-the-original-milk-candy-tablet","status":"publish","type":"product","link":"https:\/\/havamall.vn\/en\/shop\/keo-sua-nen-truyen-thong-vi-sua-va-socola-nhap-khau-y-galatine-lon-thiec-150g-galatine-the-original-milk-candy-tablet\/","title":{"rendered":"K\u1eb9o S\u1eefa N\u00e9n Truy\u1ec1n Th\u1ed1ng V\u1ecb S\u1eefa V\u00e0 Socola Nh\u1eadp Kh\u1ea9u \u00dd Galatine Lon Thi\u1ebfc 150g \u2013 Galatine The Original Milk Candy Tablet"},"content":{"rendered":"<h2 data-pm-slice=\"1 3 []\">TH\u00d4NG TIN S\u1ea2N PH\u1ea8M<\/h2>\n<table style=\"width: 83.1173%;height: 191px\" data-path-to-node=\"3\">\n<tbody>\n<tr style=\"height: 24px\">\n<td style=\"height: 24px\"><span data-path-to-node=\"3,1,0,0\"><b data-path-to-node=\"3,1,0,0\" data-index-in-node=\"0\">Th\u01b0\u01a1ng hi\u1ec7u<\/b><\/span><\/td>\n<td style=\"height: 24px\"><span data-path-to-node=\"3,1,1,0\">Galatine (Sperlari)<\/span><\/td>\n<\/tr>\n<tr style=\"height: 24px\">\n<td style=\"height: 24px\"><span data-path-to-node=\"3,2,0,0\"><b data-path-to-node=\"3,2,0,0\" data-index-in-node=\"0\">Xu\u1ea5t x\u1ee9<\/b><\/span><\/td>\n<td style=\"height: 24px\"><span data-path-to-node=\"3,2,1,0\">\u00dd<\/span><\/td>\n<\/tr>\n<tr style=\"height: 24px\">\n<td style=\"height: 24px\"><span data-path-to-node=\"3,3,0,0\"><b data-path-to-node=\"3,3,0,0\" data-index-in-node=\"0\">Th\u00e0nh ph\u1ea7n<\/b><\/span><\/td>\n<td style=\"height: 24px\"><span data-path-to-node=\"3,3,1,0\">S\u1eefa t\u01b0\u01a1i ti\u1ec7t tr\u00f9ng (80%), s\u1eefa b\u1ed9t t\u00e1ch b\u00e9o, \u0111\u01b0\u1eddng, siro glucose, m\u1eadt ong, socola (\u0111\u1ed1i v\u1edbi d\u00f2ng socola), h\u01b0\u01a1ng t\u1ef1 nhi\u00ean.<\/span><\/td>\n<\/tr>\n<tr style=\"height: 24px\">\n<td style=\"height: 24px\"><span data-path-to-node=\"3,4,0,0\"><b data-path-to-node=\"3,4,0,0\" data-index-in-node=\"0\">H\u1ea1n s\u1eed d\u1ee5ng<\/b><\/span><\/td>\n<td style=\"height: 24px\"><span data-path-to-node=\"3,4,1,0\">24 th\u00e1ng k\u1ec3 t\u1eeb ng\u00e0y s\u1ea3n xu\u1ea5t<\/span><\/td>\n<\/tr>\n<tr style=\"height: 24px\">\n<td style=\"height: 24px\"><span data-path-to-node=\"3,5,0,0\"><b data-path-to-node=\"3,5,0,0\" data-index-in-node=\"0\">B\u1ea3o qu\u1ea3n<\/b><\/span><\/td>\n<td style=\"height: 24px\"><span data-path-to-node=\"3,5,1,0\">N\u01a1i kh\u00f4 r\u00e1o, tho\u00e1ng m\u00e1t, tr\u00e1nh \u00e1nh n\u1eafng tr\u1ef1c ti\u1ebfp<\/span><\/td>\n<\/tr>\n<tr style=\"height: 24px\">\n<td style=\"height: 24px\"><span data-path-to-node=\"3,6,0,0\"><b data-path-to-node=\"3,6,0,0\" data-index-in-node=\"0\">Kh\u1ed1i l\u01b0\u1ee3ng<\/b><\/span><\/td>\n<td style=\"height: 24px\"><span data-path-to-node=\"3,6,1,0\">150g<\/span><\/td>\n<\/tr>\n<\/tbody>\n<\/table>\n<p>Ra \u0111\u1eddi t\u1eeb n\u0103m 1956 t\u1ea1i \u00dd, Galatine kh\u00f4ng ch\u1ec9 \u0111\u01a1n thu\u1ea7n l\u00e0 m\u1ed9t lo\u1ea1i k\u1eb9o m\u00e0 \u0111\u00e3 tr\u1edf th\u00e0nh \u201cbi\u1ec3u t\u01b0\u1ee3ng qu\u1ed1c d\u00e2n\u201d g\u1eafn li\u1ec1n v\u1edbi tu\u1ed5i th\u01a1 c\u1ee7a nhi\u1ec1u th\u1ebf h\u1ec7 ng\u01b0\u1eddi d\u00e2n x\u1ee9 s\u1edf h\u00ecnh chi\u1ebfc \u1ee7ng. Th\u01b0\u01a1ng hi\u1ec7u n\u00e0y thu\u1ed9c s\u1edf h\u1eefu c\u1ee7a Sperlari \u2013 m\u1ed9t trong nh\u1eefng t\u1eadp \u0111o\u00e0n s\u1ea3n xu\u1ea5t b\u00e1nh k\u1eb9o l\u00e2u \u0111\u1eddi v\u00e0 uy t\u00edn nh\u1ea5t n\u01b0\u1edbc \u00dd. \u0110i\u1ec3m l\u00e0m n\u00ean s\u1ef1 kh\u00e1c bi\u1ec7t c\u1ee7a Galatine ch\u00ednh l\u00e0 tri\u1ebft l\u00fd s\u1ea3n xu\u1ea5t \u201cSimple &amp; Natural\u201d. Thay v\u00ec s\u1eed d\u1ee5ng h\u01b0\u01a1ng li\u1ec7u h\u00f3a h\u1ecdc, m\u1ed7i vi\u00ean k\u1eb9o l\u00e0 s\u1ef1 k\u1ebft tinh t\u1eeb s\u1eefa t\u01b0\u01a1i th\u01b0\u1ee3ng h\u1ea1ng, m\u1eadt ong t\u1ef1 nhi\u00ean v\u00e0 s\u1eefa chua. V\u1edbi thi\u1ebft k\u1ebf lon thi\u1ebfc h\u00ecnh b\u00ecnh \u0111\u1ef1ng s\u1eefa c\u1ed5 \u0111i\u1ec3n v\u00f4 c\u00f9ng sang tr\u1ecdng, \u0111\u00e2y kh\u00f4ng ch\u1ec9 l\u00e0 m\u00f3n \u0103n v\u1eb7t ch\u1ea5t l\u01b0\u1ee3ng m\u00e0 c\u00f2n l\u00e0 m\u00f3n qu\u00e0 tinh t\u1ebf cho s\u1ee9c kh\u1ecfe.<\/p>\n<p><img fetchpriority=\"high\" decoding=\"async\" class=\"aligncenter wp-image-44062\" src=\"https:\/\/havamall.com\/wp-content\/uploads\/2025\/12\/z7367200907022_e4b715a13bf2335282241e14f548f67d.jpg\" alt=\"\" width=\"800\" height=\"800\" \/><\/p>\n<h3 data-path-to-node=\"10\">\u0110\u1eb6C \u0110I\u1ec2M N\u1ed4I B\u1eacT<\/h3>\n<p data-path-to-node=\"13\">S\u1ef1 kh\u00e1c bi\u1ec7t c\u1ee7a Galatine n\u1eb1m \u1edf k\u1ebft c\u1ea5u vi\u00ean n\u00e9n \u0111\u1ed9c b\u1ea3n, kh\u00f4ng gi\u1ed1ng v\u1edbi b\u1ea5t k\u1ef3 lo\u1ea1i k\u1eb9o s\u1eefa d\u1ebbo hay k\u1eb9o c\u1ee9ng n\u00e0o tr\u00ean th\u1ecb tr\u01b0\u1eddng. Khi c\u1ea7m tr\u00ean tay, vi\u00ean k\u1eb9o c\u00f3 \u0111\u1ed9 c\u1ee9ng c\u00e1p, b\u1ec1 m\u1eb7t \u0111\u01b0\u1ee3c n\u00e9n ph\u1eb3ng m\u1ecbn, kh\u00f4 r\u00e1o v\u00e0 kh\u00f4ng h\u1ec1 g\u00e2y c\u1ea3m gi\u00e1c d\u00ednh tay hay \u0111\u1ec3 l\u1ea1i l\u1edbp b\u1ed9t d\u01b0 th\u1eeba.<\/p>\n<p data-path-to-node=\"11\">\u2013 H\u00ecnh th\u00e1i th\u1ef1c t\u1ebf: Vi\u00ean k\u1eb9o c\u00f3 h\u00ecnh tr\u00f2n d\u1eb9t v\u1eeba v\u1eb7n, b\u1ec1 m\u1eb7t \u0111\u01b0\u1ee3c \u00e9p ph\u1eb3ng m\u1ecbn v\u00e0 kh\u00f4 r\u00e1o, kh\u00f4ng \u0111\u1ec3 l\u1ea1i l\u1edbp b\u1ed9t d\u01b0 hay c\u1ea3m gi\u00e1c d\u00ednh tay khi c\u1ea7m. Khi b\u1eaft \u0111\u1ea7u ng\u1eadm, ng\u01b0\u1eddi d\u00f9ng s\u1ebd c\u1ea3m nh\u1eadn \u0111\u01b0\u1ee3c s\u1ef1 tan ch\u1ea3y ch\u1eadm r\u00e3i v\u00e0 m\u01b0\u1ee3t m\u00e0. Vi\u00ean k\u1eb9o d\u1ea7n chuy\u1ec3n sang tr\u1ea1ng th\u00e1i s\u1ec7t m\u1ecbn nh\u01b0 kem, bao ph\u1ee7 l\u1ea5y v\u1ecb gi\u00e1c. N\u1ebfu ch\u1ecdn c\u00e1ch nhai tr\u1ef1c ti\u1ebfp, k\u1eb9o mang l\u1ea1i \u0111\u1ed9 gi\u00f2n x\u1ed1p th\u00fa v\u1ecb, v\u1ee1 tan ngay trong mi\u1ec7ng m\u00e0 kh\u00f4ng h\u1ec1 g\u00e2y d\u00ednh r\u0103ng.<\/p>\n<p data-path-to-node=\"11\">\u2013 Ph\u00e2n lo\u1ea1i h\u01b0\u01a1ng v\u1ecb: \u2013 D\u00f2ng truy\u1ec1n th\u1ed1ng: Mang m\u00e0u tr\u1eafng kem t\u1ef1 nhi\u00ean c\u1ee7a s\u1eefa. V\u1ecb ng\u1ecdt thanh t\u1eeb m\u1eadt ong quy\u1ec7n c\u00f9ng \u0111\u1ed9 b\u00e9o ng\u1eady n\u1ed3ng n\u00e0n c\u1ee7a s\u1eefa t\u01b0\u01a1i t\u1ea1o n\u00ean h\u1eadu v\u1ecb thanh khi\u1ebft, kh\u00f4ng g\u00e2y ng\u00e1n hay g\u1eaft c\u1ed5. \u2013 D\u00f2ng socola: S\u1ef1 k\u1ebft h\u1ee3p gi\u1eefa n\u1ec1n s\u1eefa b\u00e9o v\u00e0 nh\u1eefng m\u1ea3nh socola \u0111en nguy\u00ean ch\u1ea5t li ti \u1ea9n hi\u1ec7n b\u00ean trong th\u1edb k\u1eb9o. V\u1ecb \u0111\u1eafng nh\u1eb9 \u0111\u1eb7c tr\u01b0ng c\u1ee7a socola \u00dd gi\u00fap trung h\u00f2a \u0111\u1ed9 b\u00e9o, t\u1ea1o n\u00ean s\u1ef1 c\u00e2n b\u1eb1ng ho\u00e0n h\u1ea3o v\u00e0 k\u00edch th\u00edch v\u1ecb gi\u00e1c.<\/p>\n<p data-path-to-node=\"11\"><img decoding=\"async\" class=\"aligncenter\" src=\"https:\/\/havamall.com\/wp-content\/uploads\/2025\/12\/keo-sua-va-socola-galatine-sperlari-hop-200g-202211150902387241.jpg\" width=\"800\" height=\"600\" \/><\/p>\n<h3 data-path-to-node=\"12\">DINH D\u01af\u1ee0NG V\u00c0 C\u00d4NG D\u1ee4NG CHO S\u1ee8C KH\u1eceE<\/h3>\n<p>Nh\u1edd th\u00e0nh ph\u1ea7n ch\u1ee7 \u0111\u1ea1o l\u00e0 s\u1eefa t\u01b0\u01a1i v\u00e0 s\u1eefa chua, m\u1ed7i vi\u00ean k\u1eb9o cung c\u1ea5p m\u1ed9t l\u01b0\u1ee3ng canxi d\u1ed3i d\u00e0o, h\u1ed7 tr\u1ee3 t\u00edch c\u1ef1c cho s\u1ef1 ch\u1eafc kh\u1ecfe c\u1ee7a h\u1ec7 x\u01b0\u01a1ng v\u00e0 r\u0103ng.<\/p>\n<p>\u2013 Nh\u1edd th\u00e0nh ph\u1ea7n ch\u1ee7 \u0111\u1ea1o l\u00e0 s\u1eefa t\u01b0\u01a1i v\u00e0 s\u1eefa chua, m\u1ed7i vi\u00ean k\u1eb9o cung c\u1ea5p m\u1ed9t l\u01b0\u1ee3ng canxi d\u1ed3i d\u00e0o, h\u1ed7 tr\u1ee3 t\u00edch c\u1ef1c cho s\u1ef1 ch\u1eafc kh\u1ecfe c\u1ee7a h\u1ec7 x\u01b0\u01a1ng v\u00e0 r\u0103ng.<\/p>\n<p>\u2013 B\u1ed5 sung d\u01b0\u1ee1ng ch\u1ea5t cho tr\u1ebb em trong c\u00e1c b\u1eefa ph\u1ee5, \u0111\u1eb7c bi\u1ec7t ph\u00f9 h\u1ee3p v\u1edbi nh\u1eefng tr\u1ebb c\u1ea7n th\u00eam canxi t\u1eeb ngu\u1ed3n th\u1ef1c ph\u1ea9m t\u1ef1 nhi\u00ean.<\/p>\n<p>\u2013 Gi\u1ea3i ph\u00e1p gi\u1ea3i t\u1ecfa c\u0103ng th\u1eb3ng cho d\u00e2n v\u0103n ph\u00f2ng ho\u1eb7c n\u1ea1p n\u0103ng l\u01b0\u1ee3ng nhanh ch\u00f3ng sau nh\u1eefng gi\u1edd v\u1eadn \u0111\u1ed9ng.<\/p>\n<p><img decoding=\"async\" class=\"aligncenter\" src=\"https:\/\/scontent.fsgn19-1.fna.fbcdn.net\/v\/t39.30808-6\/594078898_911348804574994_8191405495348211248_n.jpg?_nc_cat=104&amp;ccb=1-7&amp;_nc_sid=127cfc&amp;_nc_ohc=I14ya0N1QD8Q7kNvwGCmv4m&amp;_nc_oc=AdlSmHFDjI7pE2YUQ-EUBoetOYMUsOPpPE5zfIB29z2wvajlK2M9qnHgHyqVaOC6FKxJE7hoUd_Z-n6ZsKV3ivsC&amp;_nc_zt=23&amp;_nc_ht=scontent.fsgn19-1.fna&amp;_nc_gid=fQAMkJed3qfNCvSYULt_ZA&amp;oh=00_Afn4YgDwkItg6bEBDGygO2p-sG4gzu3mF2OdWq0Aa5oh-A&amp;oe=6953FB8D\" width=\"800\" height=\"1067\" \/><\/p>\n<div class=\"wd-negative-gap elementor-element elementor-element-087015d e-flex e-con-boxed e-con e-parent e-lazyloaded\" data-id=\"087015d\" data-element_type=\"container\">\n<div class=\"e-con-inner\">\n<div class=\"wd-negative-gap elementor-element elementor-element-bd74a14 wd-section-stretch e-flex e-con-boxed e-con e-child\" data-id=\"bd74a14\" data-element_type=\"container\">\n<div class=\"e-con-inner\">\n<div class=\"elementor-element elementor-element-8bad792 wd-single-tabs wd-width-100 elementor-widget elementor-widget-wd_single_product_tabs\" data-id=\"8bad792\" data-element_type=\"widget\" data-widget_type=\"wd_single_product_tabs.default\">\n<div class=\"elementor-widget-container\">\n<div class=\"woocommerce-tabs wc-tabs-wrapper\" data-state=\"first\" data-layout=\"tabs\">\n<div id=\"tab-description\" class=\"woocommerce-Tabs-panel panel entry-content wc-tab woocommerce-Tabs-panel--description\" role=\"tabpanel\" aria-labelledby=\"tab-title-description\" data-accordion-index=\"description\">\n<p data-path-to-node=\"17\">S\u1ea3n ph\u1ea9m k\u1eb9o s\u1eefa Galatine hi\u1ec7n \u0111ang c\u00f3 m\u1eb7t t\u1ea1i Havamall v\u1edbi c\u1ea3 hai phi\u00ean b\u1ea3n: v\u1ecb truy\u1ec1n th\u1ed1ng lon v\u00e0ng sang tr\u1ecdng v\u00e0 v\u1ecb socola lon \u0111\u1ecf \u1ea5m \u00e1p.<\/p>\n<\/div>\n<\/div>\n<\/div>\n<\/div>\n<\/div>\n<\/div>\n<\/div>\n<\/div>","protected":false},"excerpt":{"rendered":"<p>TH\u00d4NG TIN S\u1ea2N PH\u1ea8M Th\u01b0\u01a1ng hi\u1ec7u Galatine (Sperlari) Xu\u1ea5t x\u1ee9 \u00dd Th\u00e0nh ph\u1ea7n S\u1eefa t\u01b0\u01a1i ti\u1ec7t tr\u00f9ng (80%), s\u1eefa b\u1ed9t<\/p>","protected":false},"featured_media":43991,"comment_status":"open","ping_status":"closed","template":"","meta":[],"product_brand":[],"product_cat":[672,133],"product_tag":[],"class_list":{"0":"post-43990","1":"product","2":"type-product","3":"status-publish","4":"has-post-thumbnail","6":"product_cat-nhap-khau-y","7":"product_cat-banh-keo-chocolate","9":"first","10":"instock","11":"sale","12":"shipping-taxable","13":"purchasable","14":"product-type-simple"},"_links":{"self":[{"href":"https:\/\/havamall.vn\/en\/wp-json\/wp\/v2\/product\/43990"}],"collection":[{"href":"https:\/\/havamall.vn\/en\/wp-json\/wp\/v2\/product"}],"about":[{"href":"https:\/\/havamall.vn\/en\/wp-json\/wp\/v2\/types\/product"}],"replies":[{"embeddable":true,"href":"https:\/\/havamall.vn\/en\/wp-json\/wp\/v2\/comments?post=43990"}],"version-history":[{"count":0,"href":"https:\/\/havamall.vn\/en\/wp-json\/wp\/v2\/product\/43990\/revisions"}],"wp:featuredmedia":[{"embeddable":true,"href":"https:\/\/havamall.vn\/en\/wp-json\/wp\/v2\/media\/43991"}],"wp:attachment":[{"href":"https:\/\/havamall.vn\/en\/wp-json\/wp\/v2\/media?parent=43990"}],"wp:term":[{"taxonomy":"product_brand","embeddable":true,"href":"https:\/\/havamall.vn\/en\/wp-json\/wp\/v2\/product_brand?post=43990"},{"taxonomy":"product_cat","embeddable":true,"href":"https:\/\/havamall.vn\/en\/wp-json\/wp\/v2\/product_cat?post=43990"},{"taxonomy":"product_tag","embeddable":true,"href":"https:\/\/havamall.vn\/en\/wp-json\/wp\/v2\/product_tag?post=43990"}],"curies":[{"name":"wp","href":"https:\/\/api.w.org\/{rel}","templated":true}]}}