{"id":43957,"date":"2025-12-26T09:18:28","date_gmt":"2025-12-26T02:18:28","guid":{"rendered":"https:\/\/havamall.vn\/?post_type=product&#038;p=43957"},"modified":"2026-02-07T14:30:51","modified_gmt":"2026-02-07T07:30:51","slug":"yen-mach-nguyen-cam-huu-co-probios-500g-organic-wholegrain-oat-flakes","status":"publish","type":"product","link":"https:\/\/havamall.vn\/en\/shop\/yen-mach-nguyen-cam-huu-co-probios-500g-organic-wholegrain-oat-flakes\/","title":{"rendered":"Y\u1ebfn M\u1ea1ch Nguy\u00ean C\u00e1m H\u1eefu C\u01a1 Probios 500g \u2013 Organic Wholegrain Oat Flakes"},"content":{"rendered":"<h2 data-pm-slice=\"1 3 []\">TH\u00d4NG TIN S\u1ea2N PH\u1ea8M<\/h2>\n<table style=\"width: 43.6831%;height: 157px\" data-path-to-node=\"2\">\n<tbody>\n<tr>\n<td><span data-path-to-node=\"2,1,0,0\"><b data-path-to-node=\"2,1,0,0\" data-index-in-node=\"0\">Th\u01b0\u01a1ng hi\u1ec7u<\/b><\/span><\/td>\n<td><span data-path-to-node=\"2,1,1,0\">Probios<\/span><\/td>\n<\/tr>\n<tr>\n<td><span data-path-to-node=\"2,2,0,0\"><b data-path-to-node=\"2,2,0,0\" data-index-in-node=\"0\">Xu\u1ea5t x\u1ee9<\/b><\/span><\/td>\n<td><span data-path-to-node=\"2,2,1,0\">\u00dd (Italy)<\/span><\/td>\n<\/tr>\n<tr>\n<td><span data-path-to-node=\"2,3,0,0\"><b data-path-to-node=\"2,3,0,0\" data-index-in-node=\"0\">Th\u00e0nh ph\u1ea7n<\/b><\/span><\/td>\n<td><span data-path-to-node=\"2,3,1,0\">100% y\u1ebfn m\u1ea1ch nguy\u00ean c\u00e1m h\u1eefu c\u01a1<\/span><\/td>\n<\/tr>\n<tr>\n<td><span data-path-to-node=\"2,4,0,0\"><b data-path-to-node=\"2,4,0,0\" data-index-in-node=\"0\">H\u1ea1n s\u1eed d\u1ee5ng<\/b><\/span><\/td>\n<td><span data-path-to-node=\"2,4,1,0\">14 th\u00e1ng k\u1ec3 t\u1eeb ng\u00e0y s\u1ea3n xu\u1ea5t<\/span><\/td>\n<\/tr>\n<tr>\n<td><span data-path-to-node=\"2,5,0,0\"><b data-path-to-node=\"2,5,0,0\" data-index-in-node=\"0\">B\u1ea3o qu\u1ea3n<\/b><\/span><\/td>\n<td><span data-path-to-node=\"2,5,1,0\">N\u01a1i kh\u00f4 r\u00e1o, tho\u00e1ng m\u00e1t, tr\u00e1nh \u00e1nh s\u00e1ng tr\u1ef1c ti\u1ebfp<\/span><\/td>\n<\/tr>\n<tr>\n<td><span data-path-to-node=\"2,6,0,0\"><b data-path-to-node=\"2,6,0,0\" data-index-in-node=\"0\">Kh\u1ed1i l\u01b0\u1ee3ng<\/b><\/span><\/td>\n<td><span data-path-to-node=\"2,6,1,0\">500g<\/span><\/td>\n<\/tr>\n<\/tbody>\n<\/table>\n<p>Probios \u0111\u01b0\u1ee3c th\u00e0nh l\u1eadp t\u1eeb n\u0103m 1978 t\u1ea1i v\u00f9ng Tuscany th\u01a1 m\u1ed9ng c\u1ee7a n\u01b0\u1edbc \u00dd, v\u1edbi t\u00e2m th\u1ebf l\u00e0 \u0111\u01a1n v\u1ecb ti\u00ean phong trong vi\u1ec7c th\u00fac \u0111\u1ea9y l\u1ed1i s\u1ed1ng thu\u1eadn t\u1ef1 nhi\u00ean v\u00e0 th\u1ef1c ph\u1ea9m h\u1eefu c\u01a1. V\u1edbi h\u01a1n 40 n\u0103m kinh nghi\u1ec7m, th\u01b0\u01a1ng hi\u1ec7u n\u00e0y kh\u00f4ng ch\u1ec9 d\u1eebng l\u1ea1i \u1edf vi\u1ec7c cung c\u1ea5p th\u1ef1c ph\u1ea9m m\u00e0 c\u00f2n mang c\u1ea3 m\u1ed9t tri\u1ebft l\u00fd b\u1ea3o v\u1ec7 h\u1ec7 sinh th\u00e1i th\u00f4ng qua t\u1eebng h\u1ea1t ng\u0169 c\u1ed1c s\u1ea1ch. Y\u1ebfn m\u1ea1ch nguy\u00ean c\u00e1m h\u1eefu c\u01a1 Probios l\u00e0 k\u1ebft qu\u1ea3 c\u1ee7a qu\u00e1 tr\u00ecnh canh t\u00e1c kh\u00f4ng h\u00f3a ch\u1ea5t, kh\u00f4ng thu\u1ed1c tr\u1eeb s\u00e2u v\u00e0 kh\u00f4ng bi\u1ebfn \u0111\u1ed5i gen, \u0111\u1ea1t ch\u1ee9ng nh\u1eadn h\u1eefu c\u01a1 ti\u00eau chu\u1ea9n Ch\u00e2u \u00c2u (EU Organic).<\/p>\n<p><img fetchpriority=\"high\" decoding=\"async\" class=\"aligncenter\" src=\"https:\/\/scontent.fsgn19-1.fna.fbcdn.net\/v\/t39.30808-6\/549854390_1450695783731715_72336342681194375_n.jpg?_nc_cat=101&amp;ccb=1-7&amp;_nc_sid=f727a1&amp;_nc_ohc=zdfNGSyTWJUQ7kNvwF0vXPH&amp;_nc_oc=Adl4Kwm5hufaToBsvf9VgECWqSlUQvqHk0ZN0-o7iQ0oW2xuAZJ92FdraGYIoLzoLmBGwrGORW5OETp1E9EHB0Gt&amp;_nc_zt=23&amp;_nc_ht=scontent.fsgn19-1.fna&amp;_nc_gid=lsEW14H4vqielLONJvOOyg&amp;oh=00_AfnOe4-vhB4Bl7Z2Wktnb9Y_-jtcU_97aeAQgW3ZYOcAyA&amp;oe=6953A363\" alt=\"Kh\u00f4ng c\u00f3 m\u00f4 t\u1ea3 \u1ea3nh.\" width=\"800\" height=\"1066\" \/><\/p>\n<h3 data-path-to-node=\"8\">\u0110\u1eb6C \u0110I\u1ec2M N\u1ed4I B\u1eacT<\/h3>\n<p data-path-to-node=\"10\">Kh\u00e1c v\u1edbi c\u00e1c d\u00f2ng y\u1ebfn m\u1ea1ch \u0111\u00e3 qua x\u1eed l\u00fd tinh vi, y\u1ebfn m\u1ea1ch nguy\u00ean c\u00e1m Probios gi\u1eef l\u1ea1i tr\u1ecdn v\u1eb9n ba ph\u1ea7n c\u1ee7a h\u1ea1t:\u00a0<strong><em>l\u1edbp v\u1ecf c\u00e1m, m\u1ea7m v\u00e0 n\u1ed9i nh\u0169.<\/em><\/strong><\/p>\n<p data-path-to-node=\"11\">\u2013 H\u00ecnh th\u00e1i h\u1ea1t: C\u00e1c h\u1ea1t y\u1ebfn m\u1ea1ch c\u00f3 k\u00edch th\u01b0\u1edbc \u0111\u1ed3ng \u0111\u1ec1u, \u0111\u01b0\u1ee3c c\u00e1n d\u1eb9t m\u1ed9t c\u00e1ch v\u1eeba ph\u1ea3i. M\u00e0u s\u1eafc h\u1ea1t l\u00e0 s\u1ef1 pha tr\u1ed9n t\u1ef1 nhi\u00ean gi\u1eefa s\u1eafc v\u00e0ng nh\u1ea1t v\u00e0 n\u00e2u kem c\u1ee7a l\u1edbp v\u1ecf c\u00e1m, kh\u00f4ng c\u00f3 hi\u1ec7n t\u01b0\u1ee3ng t\u1ea9y tr\u1eafng hay pha t\u1ea1p.<\/p>\n<p data-path-to-node=\"11\">\u2013 K\u1ebft c\u1ea5u th\u1ef1c t\u1ebf: Khi ch\u1ea1m v\u00e0o, h\u1ea1t y\u1ebfn m\u1ea1ch c\u00f3 \u0111\u1ed9 kh\u00f4 r\u00e1o, ch\u1eafc ch\u1eafn v\u00e0 kh\u00f4ng b\u1ecb v\u1ee1 v\u1ee5n th\u00e0nh b\u1ed9t. Do gi\u1eef nguy\u00ean l\u1edbp v\u1ecf c\u00e1m, khi \u0103n th\u1ef1c kh\u00e1ch s\u1ebd c\u1ea3m nh\u1eadn \u0111\u01b0\u1ee3c \u0111\u1ed9 dai nh\u1eb9 v\u00e0 v\u1ecb b\u00f9i b\u00e9o t\u1ef1 nhi\u00ean, \u0111\u1eadm \u0111\u00e0 h\u01a1n h\u1eb3n c\u00e1c d\u00f2ng y\u1ebfn m\u1ea1ch th\u00f4ng th\u01b0\u1eddng.<\/p>\n<p data-path-to-node=\"11\">\u2013 H\u01b0\u01a1ng v\u1ecb: S\u1ea3n ph\u1ea9m s\u1edf h\u1eefu m\u00f9i th\u01a1m m\u1ed9c m\u1ea1c \u0111\u1eb7c tr\u01b0ng c\u1ee7a ng\u0169 c\u1ed1c kh\u00f4. Khi \u0111\u01b0\u1ee3c ch\u1ebf bi\u1ebfn, m\u00f9i th\u01a1m n\u00e0y c\u00e0ng tr\u1edf n\u00ean n\u1ed3ng n\u00e0n, mang l\u1ea1i c\u1ea3m gi\u00e1c d\u1ec5 ch\u1ecbu v\u00e0 ngon mi\u1ec7ng m\u00e0 kh\u00f4ng c\u1ea7n th\u00eam th\u1eaft qu\u00e1 nhi\u1ec1u gia v\u1ecb nh\u00e2n t\u1ea1o.<\/p>\n<p data-path-to-node=\"11\"><img decoding=\"async\" class=\"aligncenter\" src=\"https:\/\/havamall.com\/wp-content\/uploads\/2026\/02\/rolled-oats-close-up.jpg\" alt=\"Rolled Oats Close Up \u2013 Photos Public Domain\" width=\"801\" height=\"534\" \/><\/p>\n<h3 data-path-to-node=\"12\">GI\u00c1 TR\u1eca DINH D\u01af\u1ee0NG V\u00c0 C\u00d4NG D\u1ee4NG CHO S\u1ee8C KH\u1eceE<\/h3>\n<p>\u0110\u01b0\u1ee3c m\u1ec7nh danh l\u00e0 &#8220;n\u1eef ho\u00e0ng ng\u0169 c\u1ed1c&#8221;, y\u1ebfn m\u1ea1ch nguy\u00ean c\u00e1m cung c\u1ea5p m\u1ed9t l\u01b0\u1ee3ng ch\u1ea5t x\u01a1 h\u00f2a tan Beta-Glucan d\u1ed3i d\u00e0o, \u0111\u00f3ng vai tr\u00f2 quan tr\u1ecdng trong vi\u1ec7c b\u1ea3o v\u1ec7 h\u1ec7 tim m\u1ea1ch v\u00e0 \u1ed5n \u0111\u1ecbnh \u0111\u01b0\u1eddng huy\u1ebft, l\u00e0 kho t\u00e0ng ch\u1ee9a c\u00e1c Vitamin nh\u00f3m B (B1, B6) c\u00f9ng c\u00e1c kho\u00e1ng ch\u1ea5t thi\u1ebft y\u1ebfu nh\u01b0 S\u1eaft, Magie v\u00e0 K\u1ebdm.<\/p>\n<p>Nh\u1edd ch\u1ee9a h\u00e0m l\u01b0\u1ee3ng protein th\u1ef1c v\u1eadt cao v\u00e0 tinh b\u1ed9t h\u1ea5p th\u1ee5 ch\u1eadm, s\u1ea3n ph\u1ea9m gi\u00fap t\u1ea1o c\u1ea3m gi\u00e1c no l\u00e2u, h\u1ed7 tr\u1ee3 c\u1ef1c t\u1ed1t cho nh\u1eefng ai \u0111ang theo \u0111u\u1ed5i ch\u1ebf \u0111\u1ed9 \u0103n ki\u00eang, Eat Clean ho\u1eb7c c\u1ea7n ki\u1ec3m so\u00e1t c\u00e2n n\u1eb7ng m\u1ed9t c\u00e1ch khoa h\u1ecdc m\u00e0 v\u1eabn \u0111\u1ea3m b\u1ea3o c\u01a1 th\u1ec3 kh\u00f4ng b\u1ecb thi\u1ebfu h\u1ee5t n\u0103ng l\u01b0\u1ee3ng.<\/p>\n<p><img decoding=\"async\" class=\"aligncenter wp-image-44049\" src=\"https:\/\/havamall.com\/wp-content\/uploads\/2025\/12\/pexels-kate-l-2149358429-31024439-scaled.jpg\" alt=\"\" width=\"801\" height=\"801\" \/><\/p>\n<h3 data-path-to-node=\"15\">H\u01af\u1edaNG D\u1eaaN S\u1eec D\u1ee4NG V\u00c0 CH\u1ebe BI\u1ebeN \u0110A D\u1ea0NG<\/h3>\n<p>\u2013 B\u1eefa s\u00e1ng y\u1ebfn m\u1ea1ch qua \u0111\u00eam (Overnight Oats): Ch\u1ec9 c\u1ea7n ng\u00e2m y\u1ebfn m\u1ea1ch c\u00f9ng s\u1eefa t\u01b0\u01a1i ho\u1eb7c s\u1eefa h\u1ea1t, th\u00eam m\u1ed9t \u00edt h\u1ea1t chia v\u00e0 tr\u00e1i c\u00e2y t\u01b0\u01a1i l\u00e0 b\u1ea1n \u0111\u00e3 c\u00f3 ngay b\u1eefa s\u00e1ng ho\u00e0n h\u1ea3o.<\/p>\n<p>\u2013 Ch\u00e1o y\u1ebfn m\u1ea1ch dinh d\u01b0\u1ee1ng: N\u1ea5u c\u00f9ng c\u00e1c lo\u1ea1i rau c\u1ee7 ho\u1eb7c th\u1ecbt b\u0103m trong kho\u1ea3ng 5 \u2013 10 ph\u00fat. H\u1ea1t y\u1ebfn m\u1ea1ch khi ch\u00edn c\u00f3 \u0111\u1ed9 s\u00e1nh m\u1ecbn nh\u01b0ng v\u1eabn gi\u1eef \u0111\u01b0\u1ee3c k\u1ebft c\u1ea5u dai dai r\u1ea5t th\u00fa v\u1ecb.<\/p>\n<p>\u2013 L\u00e0m b\u00e1nh v\u00e0 Granola: D\u00f9ng l\u00e0m nguy\u00ean li\u1ec7u cho b\u00e1nh quy y\u1ebfn m\u1ea1ch ho\u1eb7c n\u01b0\u1edbng c\u00f9ng m\u1eadt ong \u0111\u1ec3 t\u1ea1o th\u00e0nh nh\u1eefng thanh ng\u0169 c\u1ed1c gi\u00f2n tan, gi\u00e0u n\u0103ng l\u01b0\u1ee3ng.<\/p>\n<p>\u2013 S\u1eefa y\u1ebfn m\u1ea1ch h\u1eefu c\u01a1: Xay nhuy\u1ec5n v\u00e0 l\u1ecdc l\u1ea5y c\u1ed1t \u0111\u1ec3 c\u00f3 lo\u1ea1i s\u1eefa th\u1ef1c v\u1eadt th\u01a1m ngon, l\u00e0nh t\u00ednh cho c\u1ea3 gia \u0111\u00ecnh.<\/p>\n<p><img loading=\"lazy\" decoding=\"async\" class=\"aligncenter\" src=\"https:\/\/havamall.com\/wp-content\/uploads\/2025\/12\/photo-1702648982253-8b851013e81ffmjpgampq60ampw3000ampixlibrb-4.1.jpg\" width=\"800\" height=\"1066\" \/><\/p>\n<p data-path-to-node=\"21\">Y\u1ebfn m\u1ea1ch nguy\u00ean c\u00e1m h\u1eefu c\u01a1 Probios l\u00e0 l\u1ef1a ch\u1ecdn l\u00fd t\u01b0\u1edfng cho m\u1ed9t l\u1ed1i s\u1ed1ng l\u00e0nh m\u1ea1nh v\u00e0 b\u1ec1n v\u1eefng.\u00a0Hi\u1ec7n t\u1ea1i, s\u1ea3n ph\u1ea9m \u0111ang \u0111\u01b0\u1ee3c ph\u00e2n ph\u1ed1i ch\u00ednh th\u1ee9c t\u1ea1i Havamall.<\/p>","protected":false},"excerpt":{"rendered":"<p>TH\u00d4NG TIN S\u1ea2N PH\u1ea8M Th\u01b0\u01a1ng hi\u1ec7u Probios Xu\u1ea5t x\u1ee9 \u00dd (Italy) Th\u00e0nh ph\u1ea7n 100% y\u1ebfn m\u1ea1ch nguy\u00ean c\u00e1m h\u1eefu c\u01a1<\/p>","protected":false},"featured_media":44335,"comment_status":"open","ping_status":"closed","template":"","meta":[],"product_brand":[],"product_cat":[672,256,134],"product_tag":[],"class_list":{"0":"post-43957","1":"product","2":"type-product","3":"status-publish","4":"has-post-thumbnail","6":"product_cat-nhap-khau-y","7":"product_cat-thuc-pham-huu-co","8":"product_cat-thucpham-saykho","10":"first","11":"instock","12":"sale","13":"shipping-taxable","14":"purchasable","15":"product-type-simple"},"_links":{"self":[{"href":"https:\/\/havamall.vn\/en\/wp-json\/wp\/v2\/product\/43957"}],"collection":[{"href":"https:\/\/havamall.vn\/en\/wp-json\/wp\/v2\/product"}],"about":[{"href":"https:\/\/havamall.vn\/en\/wp-json\/wp\/v2\/types\/product"}],"replies":[{"embeddable":true,"href":"https:\/\/havamall.vn\/en\/wp-json\/wp\/v2\/comments?post=43957"}],"version-history":[{"count":0,"href":"https:\/\/havamall.vn\/en\/wp-json\/wp\/v2\/product\/43957\/revisions"}],"wp:featuredmedia":[{"embeddable":true,"href":"https:\/\/havamall.vn\/en\/wp-json\/wp\/v2\/media\/44335"}],"wp:attachment":[{"href":"https:\/\/havamall.vn\/en\/wp-json\/wp\/v2\/media?parent=43957"}],"wp:term":[{"taxonomy":"product_brand","embeddable":true,"href":"https:\/\/havamall.vn\/en\/wp-json\/wp\/v2\/product_brand?post=43957"},{"taxonomy":"product_cat","embeddable":true,"href":"https:\/\/havamall.vn\/en\/wp-json\/wp\/v2\/product_cat?post=43957"},{"taxonomy":"product_tag","embeddable":true,"href":"https:\/\/havamall.vn\/en\/wp-json\/wp\/v2\/product_tag?post=43957"}],"curies":[{"name":"wp","href":"https:\/\/api.w.org\/{rel}","templated":true}]}}