{"id":43945,"date":"2025-12-25T16:41:20","date_gmt":"2025-12-25T09:41:20","guid":{"rendered":"https:\/\/havamall.vn\/?post_type=product&#038;p=43945"},"modified":"2025-12-25T16:41:22","modified_gmt":"2025-12-25T09:41:22","slug":"ga-vien-popcorn-miratorg-nhap-khau-nga-250g-miratorg-chicken-popcorn","status":"publish","type":"product","link":"https:\/\/havamall.vn\/en\/shop\/ga-vien-popcorn-miratorg-nhap-khau-nga-250g-miratorg-chicken-popcorn\/","title":{"rendered":"G\u00e0 Vi\u00ean Popcorn Miratorg Nh\u1eadp Kh\u1ea9u Nga 250g \u2013 Miratorg Chicken Popcorn"},"content":{"rendered":"<h2 data-pm-slice=\"1 3 []\">TH\u00d4NG TIN S\u1ea2N PH\u1ea8M<\/h2>\n<table style=\"width: 72.3338%;height: 133px\" data-path-to-node=\"2\">\n<tbody>\n<tr>\n<td><span data-path-to-node=\"2,1,0,0\"><b data-path-to-node=\"2,1,0,0\" data-index-in-node=\"0\">Th\u01b0\u01a1ng hi\u1ec7u<\/b><\/span><\/td>\n<td><span data-path-to-node=\"2,1,1,0\">Miratorg<\/span><\/td>\n<\/tr>\n<tr>\n<td><span data-path-to-node=\"2,2,0,0\"><b data-path-to-node=\"2,2,0,0\" data-index-in-node=\"0\">Xu\u1ea5t x\u1ee9<\/b><\/span><\/td>\n<td><span data-path-to-node=\"2,2,1,0\">Nga<\/span><\/td>\n<\/tr>\n<tr>\n<td><span data-path-to-node=\"2,3,0,0\"><b data-path-to-node=\"2,3,0,0\" data-index-in-node=\"0\">Th\u00e0nh ph\u1ea7n<\/b><\/span><\/td>\n<td><span data-path-to-node=\"2,3,1,0\">Th\u1ecbt \u1ee9c g\u00e0 phile, b\u1ed9t chi\u00ean x\u00f9, n\u01b0\u1edbc, d\u1ea7u th\u1ef1c v\u1eadt, mu\u1ed1i, h\u1ed7n h\u1ee3p gia v\u1ecb t\u1ef1 nhi\u00ean (ti\u00eau \u0111en, t\u1ecfi).<\/span><\/td>\n<\/tr>\n<tr>\n<td><span data-path-to-node=\"2,4,0,0\"><b data-path-to-node=\"2,4,0,0\" data-index-in-node=\"0\">H\u1ea1n s\u1eed d\u1ee5ng<\/b><\/span><\/td>\n<td><span data-path-to-node=\"2,4,1,0\">12 th\u00e1ng k\u1ec3 t\u1eeb ng\u00e0y s\u1ea3n xu\u1ea5t<\/span><\/td>\n<\/tr>\n<tr>\n<td><span data-path-to-node=\"2,5,0,0\"><b data-path-to-node=\"2,5,0,0\" data-index-in-node=\"0\">B\u1ea3o qu\u1ea3n<\/b><\/span><\/td>\n<td><span data-path-to-node=\"2,5,1,0\">Ng\u0103n \u0111\u00f4ng t\u1ee7 l\u1ea1nh \u1edf nhi\u1ec7t \u0111\u1ed9 -18\u00b0C<\/span><\/td>\n<\/tr>\n<tr>\n<td><span data-path-to-node=\"2,6,0,0\"><b data-path-to-node=\"2,6,0,0\" data-index-in-node=\"0\">Kh\u1ed1i l\u01b0\u1ee3ng<\/b><\/span><\/td>\n<td><span data-path-to-node=\"2,6,1,0\">250g<\/span><\/td>\n<\/tr>\n<\/tbody>\n<\/table>\n<p>Miratorg l\u00e0 c\u00e1i t\u00ean b\u1ea3o ch\u1ee9ng cho ch\u1ea5t l\u01b0\u1ee3ng th\u1ef1c ph\u1ea9m t\u1ea1i Nga, n\u1ed5i ti\u1ebfng v\u1edbi quy tr\u00ecnh ch\u0103n nu\u00f4i nh\u00e2n \u0111\u1ea1o v\u00e0 h\u1ec7 th\u1ed1ng s\u1ea3n xu\u1ea5t kh\u00e9p k\u00edn hi\u1ec7n \u0111\u1ea1i. G\u00e0 vi\u00ean Popcorn (G\u00e0 ng\u00f4) kh\u00f4ng ch\u1ec9 l\u00e0 m\u1ed9t m\u00f3n \u0103n v\u1eb7t ph\u1ed5 bi\u1ebfn m\u00e0 c\u00f2n th\u1ec3 hi\u1ec7n k\u1ef9 ngh\u1ec7 ch\u1ebf bi\u1ebfn th\u1ef1c ph\u1ea9m \u0111\u00f4ng l\u1ea1nh \u0111\u1ec9nh cao c\u1ee7a th\u01b0\u01a1ng hi\u1ec7u n\u00e0y. Thay v\u00ec s\u1eed d\u1ee5ng c\u00e1c lo\u1ea1i th\u1ecbt xay tr\u1ed9n ph\u1ee5 gia, Miratorg l\u1ef1a ch\u1ecdn nh\u1eefng mi\u1ebfng phile \u1ee9c g\u00e0 nguy\u00ean ch\u1ea5t \u0111\u1ec3 t\u1ea1o n\u00ean c\u1ea5u tr\u00fac ch\u1eafc ch\u1eafn v\u00e0 gi\u00e0u dinh d\u01b0\u1ee1ng.<\/p>\n<p><img fetchpriority=\"high\" decoding=\"async\" class=\"aligncenter\" src=\"https:\/\/havamall.com\/wp-content\/uploads\/2025\/12\/popcorn-chicken.jpg\" alt=\"KFC Popcorn Chicken\" width=\"800\" height=\"450\" \/><\/p>\n<h3 data-path-to-node=\"6\">\u0110\u1eb6C \u0110I\u1ec2M N\u1ed4I B\u1eacT<\/h3>\n<p data-path-to-node=\"8\">\u2013 L\u1edbp v\u1ecf ngo\u00e0i: Bao ph\u1ee7 b\u1edfi l\u1edbp b\u1ed9t chi\u00ean x\u00f9 c\u00f3 c\u1ea5u tr\u00fac h\u1ea1t m\u1ecbn v\u00e0 gi\u00f2n. Khi \u0111\u01b0\u1ee3c chi\u00ean ho\u1eb7c n\u01b0\u1edbng, l\u1edbp v\u1ecf n\u00e0y nhanh ch\u00f3ng chuy\u1ec3n sang m\u00e0u v\u00e0ng \u0111\u1eadm, t\u1ea1o ra \u0111\u1ed9 gi\u00f2n r\u1ee5m r\u00f5 r\u1ec7t m\u00e0 kh\u00f4ng g\u00e2y c\u1ea3m gi\u00e1c qu\u00e1 d\u00e0y b\u1ed9t.<\/p>\n<p data-path-to-node=\"8\"><img decoding=\"async\" class=\"aligncenter  wp-image-44041\" src=\"https:\/\/havamall.com\/wp-content\/uploads\/2025\/12\/bV0M4mo983kE537jLX0TA.jpg\" alt=\"\" width=\"801\" height=\"801\" \/><\/p>\n<p data-path-to-node=\"8\">\u2013 Ph\u1ea7n nh\u00e2n th\u1ecbt g\u00e0: B\u00ean trong l\u1edbp v\u1ecf gi\u00f2n l\u00e0 kh\u1ed1i th\u1ecbt \u1ee9c g\u00e0 phile c\u00f3 m\u00e0u tr\u1eafng s\u00e1ng. Khi b\u1ebb \u0111\u00f4i, ng\u01b0\u1eddi d\u00f9ng c\u00f3 th\u1ec3 nh\u00ecn th\u1ea5y r\u00f5 c\u00e1c th\u1edb th\u1ecbt g\u00e0 nguy\u00ean b\u1ea3n ch\u1ee9 kh\u00f4ng ph\u1ea3i d\u1ea1ng th\u1ecbt xay nhuy\u1ec5n. Th\u1ecbt gi\u1eef \u0111\u01b0\u1ee3c \u0111\u1ed9 dai nh\u1eb9 v\u00e0 v\u1ecb ng\u1ecdt t\u1ef1 nhi\u00ean, kh\u00f4ng b\u1ecb b\u1edf hay ng\u1eadm n\u01b0\u1edbc qu\u00e1 nhi\u1ec1u.<\/p>\n<p data-path-to-node=\"8\"><img decoding=\"async\" class=\"aligncenter  wp-image-44043\" src=\"https:\/\/havamall.com\/wp-content\/uploads\/2025\/12\/YOVwuGD4HbIwiCfZWoAEw.jpg\" alt=\"\" width=\"800\" height=\"800\" \/><\/p>\n<p data-path-to-node=\"8\">\u2013 H\u01b0\u01a1ng v\u1ecb th\u1ef1c t\u1ebf: Vi\u00ean g\u00e0 c\u00f3 v\u1ecb m\u1eb7n v\u1eeba ph\u1ea3i, d\u1eady m\u00f9i th\u01a1m \u0111\u1eb7c tr\u01b0ng c\u1ee7a ti\u00eau \u0111en v\u00e0 t\u1ecfi \u0111\u01b0\u1ee3c t\u1ea9m \u01b0\u1edbp tr\u1ef1c ti\u1ebfp v\u00e0o th\u1ecbt. S\u1ef1 k\u1ebft h\u1ee3p n\u00e0y mang l\u1ea1i c\u1ea3m gi\u00e1c \u0111\u1eadm \u0111\u00e0 ngay c\u1ea3 khi kh\u00f4ng d\u00f9ng k\u00e8m th\u00eam x\u1ed1t ch\u1ea5m.<\/p>\n<p data-path-to-node=\"8\"><img loading=\"lazy\" decoding=\"async\" class=\"aligncenter  wp-image-44044\" src=\"https:\/\/havamall.com\/wp-content\/uploads\/2025\/12\/popcorn-chicken-v4.jpg\" alt=\"\" width=\"800\" height=\"800\" \/><\/p>\n<h3 data-path-to-node=\"9\">C\u00c1CH CH\u1ebe BI\u1ebeN V\u00c0 G\u1ee2I \u00dd TH\u01af\u1edeNG TH\u1ee8C<\/h3>\n<p data-path-to-node=\"11\">\u2013 \u00c1p ch\u1ea3o\/Chi\u00ean d\u1ea7u: \u0110un n\u00f3ng m\u1ed9t l\u01b0\u1ee3ng nh\u1ecf d\u1ea7u tr\u00ean ch\u1ea3o, cho g\u00e0 v\u00e0o \u0111\u1ea3o \u0111\u1ec1u trong kho\u1ea3ng 4 \u2013 5 ph\u00fat \u0111\u1ebfn khi l\u1edbp v\u1ecf \u0111\u1ea1t \u0111\u1ed9 gi\u00f2n \u01b0ng \u00fd.<\/p>\n<p data-path-to-node=\"11\">\u2013 N\u1ed3i chi\u00ean kh\u00f4ng d\u1ea7u: \u0110\u1eb7t nhi\u1ec7t \u0111\u1ed9 190\u00b0C trong v\u00f2ng 6 \u2013 7 ph\u00fat. C\u00e1ch n\u00e0y gi\u00fap vi\u00ean g\u00e0 ch\u00edn \u0111\u1ec1u, gi\u00f2n tan m\u00e0 v\u1eabn h\u1ea1n ch\u1ebf t\u1ed1i \u0111a l\u01b0\u1ee3ng m\u1ee1 th\u1eeba.<\/p>\n<p data-path-to-node=\"11\">\u2013 \u1ee8ng d\u1ee5ng m\u00f3n \u0103n: Ngo\u00e0i vi\u1ec7c d\u00f9ng nh\u01b0 m\u1ed9t m\u00f3n \u0103n v\u1eb7t tr\u1ef1c ti\u1ebfp, g\u00e0 Popcorn r\u1ea5t ph\u00f9 h\u1ee3p \u0111\u1ec3 l\u00e0m topping cho c\u00e1c m\u00f3n Salad, tr\u1ed9n c\u00f9ng c\u01a1m chi\u00ean ho\u1eb7c cu\u1ed9n trong b\u00e1nh Tortilla c\u00f9ng c\u00e1c lo\u1ea1i rau c\u1ee7.<\/p>\n<h3 data-path-to-node=\"12\"><img loading=\"lazy\" decoding=\"async\" class=\"aligncenter  wp-image-44042\" src=\"https:\/\/havamall.com\/wp-content\/uploads\/2025\/12\/Air-Fryer-Popcorn-Chicken-Set-1-Final-4-scaled-1.jpg\" alt=\"\" width=\"800\" height=\"800\" \/><\/h3>\n<p data-path-to-node=\"13\">G\u00e0 Vi\u00ean Popcorn Miratorg \u0111\u01b0\u1ee3c nh\u1eadp kh\u1ea9u tr\u1ef1c ti\u1ebfp, \u0111\u1ea3m b\u1ea3o duy tr\u00ec chu\u1ed7i cung \u1ee9ng l\u1ea1nh kh\u1eaft khe \u0111\u1ec3 s\u1ea3n ph\u1ea9m kh\u00f4ng b\u1ecb bi\u1ebfn ch\u1ea5t trong qu\u00e1 tr\u00ecnh v\u1eadn chuy\u1ec3n. Bao b\u00ec s\u1ea3n ph\u1ea9m hi\u1ec3n th\u1ecb \u0111\u1ea7y \u0111\u1ee7 th\u00f4ng tin v\u1ec1 quy tr\u00ecnh ki\u1ec3m so\u00e1t ch\u1ea5t l\u01b0\u1ee3ng t\u1eeb nh\u00e0 m\u00e1y t\u1ea1i Nga, gi\u00fap ng\u01b0\u1eddi ti\u00eau d\u00f9ng ho\u00e0n to\u00e0n y\u00ean t\u00e2m khi s\u1eed d\u1ee5ng. S\u1ea3n ph\u1ea9m hi\u1ec7n \u0111ang \u0111\u01b0\u1ee3c b\u00e0y b\u00e1n ch\u00ednh th\u1ee9c t\u1ea1i Havamall.<\/p>","protected":false},"excerpt":{"rendered":"<p><strong>L\u01afU \u00dd :<\/strong>\u00a0<strong><em>Ch\u1ec9 nh\u1eadn giao khu v\u1ef1c C\u00c1C QU\u1eacN N\u1ed8I TH\u00c0NH TP. HCM<\/em><\/strong><\/p>\n<ul>\n<li><b>\u0110\u1ed3 \u0111\u00f4ng l\u1ea1nh v\u00e0 tr\u00e1i c\u00e2y (B\u1eaft Bu\u1ed9c H\u1ecfa t\u1ed1c):<\/b>\n<ul>\n<li>Ph\u00ed\u00a0<strong><em>ship d\u01b0\u1edbi 5km<\/em><\/strong>\u00a0l\u00e0\u00a0<b>30.000\u20ab<\/b>.\u00a0<strong><em>Tr\u00ean 5km<\/em><\/strong>, ph\u00ed ship\u00a0<strong><em>t\u00ednh theo app.\u00a0<\/em><\/strong>C\u1eeda h\u00e0ng:\u00a0<strong><em>H\u1ebbm 112, s\u1ed1 114A B\u1ea1ch \u0110\u1eb1ng, P.2, Q. T\u00e2n B\u00ecnh.\u00a0<\/em><\/strong><em>Kh\u00e1ch h\u00e0ng c\u00f3 th\u1ec3 t\u1ef1\u00a0<strong>ki\u1ec3m tra kho\u1ea3ng c\u00e1ch tr\u01b0\u1edbc khi \u0111\u1eb7t.<\/strong><\/em><\/li>\n<li><b>Mi\u1ec5n ph\u00ed ship<\/b>\u00a0cho \u0111\u01a1n t\u1eeb 4kg tr\u00e1i c\u00e2y ho\u1eb7c ho\u1eb7c \u0111\u01a1n t\u1eeb 1.500.000\u20ab.\u00a0<strong><em>RI\u00caNG:<\/em><\/strong>\u00a0H\u1ed7 tr\u1ee3\u00a0<strong><em>t\u1ed1i \u0111a<\/em><\/strong>\u00a0<b>30.000\u20ab<\/b>\u00a0ph\u00ed ship cho \u0111\u01a1n \u0111i c\u00e1c\u00a0<em><strong>khu v\u1ef1c xa nh\u01b0 H\u00f3c M\u00f4n, C\u1ee7 Chi, Qu\u1eadn 9<\/strong><\/em>. Qu\u00fd kh\u00e1ch\u00a0<strong>vui l\u00f2ng chuy\u1ec3n kho\u1ea3n tr\u01b0\u1edbc ti\u1ec1n ship ho\u1eb7c ti\u1ec1n h\u00e0ng.<\/strong><\/li>\n<\/ul>\n<\/li>\n<\/ul>","protected":false},"featured_media":43946,"comment_status":"open","ping_status":"closed","template":"","meta":[],"product_brand":[],"product_cat":[673,275],"product_tag":[],"class_list":{"0":"post-43945","1":"product","2":"type-product","3":"status-publish","4":"has-post-thumbnail","6":"product_cat-nhap-khau-nga","7":"product_cat-thuc-pham-dong-lanh","9":"first","10":"instock","11":"sale","12":"shipping-taxable","13":"purchasable","14":"product-type-simple"},"_links":{"self":[{"href":"https:\/\/havamall.vn\/en\/wp-json\/wp\/v2\/product\/43945"}],"collection":[{"href":"https:\/\/havamall.vn\/en\/wp-json\/wp\/v2\/product"}],"about":[{"href":"https:\/\/havamall.vn\/en\/wp-json\/wp\/v2\/types\/product"}],"replies":[{"embeddable":true,"href":"https:\/\/havamall.vn\/en\/wp-json\/wp\/v2\/comments?post=43945"}],"version-history":[{"count":0,"href":"https:\/\/havamall.vn\/en\/wp-json\/wp\/v2\/product\/43945\/revisions"}],"wp:featuredmedia":[{"embeddable":true,"href":"https:\/\/havamall.vn\/en\/wp-json\/wp\/v2\/media\/43946"}],"wp:attachment":[{"href":"https:\/\/havamall.vn\/en\/wp-json\/wp\/v2\/media?parent=43945"}],"wp:term":[{"taxonomy":"product_brand","embeddable":true,"href":"https:\/\/havamall.vn\/en\/wp-json\/wp\/v2\/product_brand?post=43945"},{"taxonomy":"product_cat","embeddable":true,"href":"https:\/\/havamall.vn\/en\/wp-json\/wp\/v2\/product_cat?post=43945"},{"taxonomy":"product_tag","embeddable":true,"href":"https:\/\/havamall.vn\/en\/wp-json\/wp\/v2\/product_tag?post=43945"}],"curies":[{"name":"wp","href":"https:\/\/api.w.org\/{rel}","templated":true}]}}