{"id":43936,"date":"2025-12-24T11:17:56","date_gmt":"2025-12-24T04:17:56","guid":{"rendered":"https:\/\/havamall.vn\/?post_type=product&#038;p=43936"},"modified":"2025-12-24T11:18:02","modified_gmt":"2025-12-24T04:18:02","slug":"banh-xuc-xich-ngo-mini-miratorg-nhap-khau-nga-250g-miratorg-corn-dog","status":"publish","type":"product","link":"https:\/\/havamall.vn\/en\/shop\/banh-xuc-xich-ngo-mini-miratorg-nhap-khau-nga-250g-miratorg-corn-dog\/","title":{"rendered":"B\u00e1nh X\u00fac X\u00edch Ng\u00f4 Mini Miratorg Nh\u1eadp Kh\u1ea9u Nga 250g \u2013 Miratorg Corn Dog"},"content":{"rendered":"<h2 data-start=\"184\" data-end=\"214\"><strong data-start=\"187\" data-end=\"214\">TH\u00d4NG TIN S\u1ea2N PH\u1ea8M<\/strong><\/h2>\n<div class=\"TyagGW_tableContainer\">\n<div class=\"group TyagGW_tableWrapper flex w-fit flex-col-reverse\">\n<table style=\"width: 61.1761%;height: 171px\" data-path-to-node=\"2\">\n<tbody>\n<tr>\n<td><span data-path-to-node=\"2,1,0,0\"><b data-path-to-node=\"2,1,0,0\" data-index-in-node=\"0\">Th\u01b0\u01a1ng hi\u1ec7u<\/b><\/span><\/td>\n<td><span data-path-to-node=\"2,1,1,0\">Miratorg<\/span><\/td>\n<\/tr>\n<tr>\n<td><span data-path-to-node=\"2,2,0,0\"><b data-path-to-node=\"2,2,0,0\" data-index-in-node=\"0\">Xu\u1ea5t x\u1ee9<\/b><\/span><\/td>\n<td><span data-path-to-node=\"2,2,1,0\">Nga<\/span><\/td>\n<\/tr>\n<tr>\n<td><span data-path-to-node=\"2,3,0,0\"><b data-path-to-node=\"2,3,0,0\" data-index-in-node=\"0\">Th\u00e0nh ph\u1ea7n<\/b><\/span><\/td>\n<td><span data-path-to-node=\"2,3,1,0\">X\u00fac x\u00edch (th\u1ecbt heo, th\u1ecbt b\u00f2\/g\u00e0, gia v\u1ecb), b\u1ed9t ng\u00f4, b\u1ed9t m\u00ec, n\u01b0\u1edbc, d\u1ea7u th\u1ef1c v\u1eadt, tr\u1ee9ng, \u0111\u01b0\u1eddng, mu\u1ed1i.<\/span><\/td>\n<\/tr>\n<tr>\n<td><span data-path-to-node=\"2,4,0,0\"><b data-path-to-node=\"2,4,0,0\" data-index-in-node=\"0\">H\u1ea1n s\u1eed d\u1ee5ng<\/b><\/span><\/td>\n<td><span data-path-to-node=\"2,4,1,0\">12 th\u00e1ng k\u1ec3 t\u1eeb ng\u00e0y s\u1ea3n xu\u1ea5t<\/span><\/td>\n<\/tr>\n<tr>\n<td><span data-path-to-node=\"2,5,0,0\"><b data-path-to-node=\"2,5,0,0\" data-index-in-node=\"0\">B\u1ea3o qu\u1ea3n<\/b><\/span><\/td>\n<td><span data-path-to-node=\"2,5,1,0\">Ng\u0103n \u0111\u00f4ng t\u1ee7 l\u1ea1nh \u1edf nhi\u1ec7t \u0111\u1ed9 -18\u00b0C<\/span><\/td>\n<\/tr>\n<tr>\n<td><span data-path-to-node=\"2,6,0,0\"><b data-path-to-node=\"2,6,0,0\" data-index-in-node=\"0\">Kh\u1ed1i l\u01b0\u1ee3ng<\/b><\/span><\/td>\n<td><span data-path-to-node=\"2,6,1,0\">250g<\/span><\/td>\n<\/tr>\n<\/tbody>\n<\/table>\n<p>Corn Dog v\u1ed1n l\u00e0 m\u00f3n \u0103n nh\u1eb9 bi\u1ec3u t\u01b0\u1ee3ng c\u00f3 ngu\u1ed3n g\u1ed1c t\u1eeb B\u1eafc M\u1ef9, nh\u01b0ng khi \u0111\u01b0\u1ee3c &#8220;t\u00e1i \u0111\u1ecbnh ngh\u0129a&#8221; b\u1edfi Miratorg \u2013 t\u1eadp \u0111o\u00e0n th\u1ef1c ph\u1ea9m h\u00e0ng \u0111\u1ea7u t\u1ea1i Nga, m\u00f3n \u0103n n\u00e0y \u0111\u00e3 mang m\u1ed9t di\u1ec7n m\u1ea1o v\u00e0 ch\u1ea5t l\u01b0\u1ee3ng ho\u00e0n to\u00e0n m\u1edbi. Kh\u00f4ng ch\u1ec9 \u0111\u01a1n thu\u1ea7n l\u00e0 m\u00f3n x\u00fac x\u00edch t\u1ea9m b\u1ed9t, s\u1ea3n ph\u1ea9m c\u1ee7a Miratorg \u0111\u1ea1i di\u1ec7n cho s\u1ef1 k\u1ebft h\u1ee3p kh\u00e9o l\u00e9o gi\u1eefa c\u00f4ng th\u1ee9c v\u1ecf b\u00e1nh ng\u00f4 truy\u1ec1n th\u1ed1ng v\u00e0 d\u00f2ng x\u00fac x\u00edch cao c\u1ea5p t\u1eeb ngu\u1ed3n th\u1ecbt s\u1ea1ch n\u1ed9i \u0111\u1ecba Nga.<\/p>\n<p><img fetchpriority=\"high\" decoding=\"async\" class=\"aligncenter\" src=\"https:\/\/havamall.com\/wp-content\/uploads\/2025\/12\/corn-dog-pigs-in-a-blanket-socialindex-web-0064-lp-del079925-68926f733e61f.jpgcrop0.jpg\" width=\"801\" height=\"601\" \/><\/p>\n<h3 data-path-to-node=\"6\">\u0110\u1eb6C \u0110I\u1ec2M N\u1ed4I B\u1eacT<\/h3>\n<p>\u2013 L\u1edbp v\u1ecf b\u00e1nh ng\u00f4: V\u1ecf b\u00e1nh c\u00f3 m\u00e0u v\u00e0ng \u0111\u1eb7c tr\u01b0ng c\u1ee7a ng\u00f4 ch\u00edn. K\u1ebft c\u1ea5u v\u1ecf b\u00e1nh sau khi l\u00e0m n\u00f3ng c\u00f3 \u0111\u1ed9 x\u1ed1p m\u1ec1m, mang v\u1ecb ng\u1ecdt thanh nh\u1eb9 t\u1ef1 nhi\u00ean c\u1ee7a ng\u00f4 quy\u1ec7n c\u00f9ng m\u00f9i th\u01a1m n\u1ed3ng n\u00e0n c\u1ee7a b\u1ed9t m\u00ec n\u01b0\u1edbng. L\u1edbp v\u1ecf n\u00e0y c\u00f3 \u0111\u1ed9 d\u00e0y v\u1eeba ph\u1ea3i, \u0111\u1ee7 \u0111\u1ec3 bao b\u1ecdc ph\u1ea7n nh\u00e2n nh\u01b0ng kh\u00f4ng t\u1ea1o c\u1ea3m gi\u00e1c b\u1ecb qu\u00e1 nhi\u1ec1u tinh b\u1ed9t khi nhai.<\/p>\n<p><img decoding=\"async\" class=\"aligncenter\" src=\"https:\/\/havamall.com\/wp-content\/uploads\/2025\/12\/Mini-Corn-Dog-in-Air-Fryer_Devour-Dinner-108.jpg\" width=\"801\" height=\"1202\" \/><\/p>\n<p>\u2013 Ph\u1ea7n nh\u00e2n x\u00fac x\u00edch: Trung t\u00e2m l\u00e0 l\u00f5i x\u00fac x\u00edch th\u1ecbt h\u1ed7n h\u1ee3p (heo, b\u00f2 ho\u1eb7c g\u00e0 t\u00f9y d\u00f2ng) v\u1edbi k\u1ebft c\u1ea5u ch\u1eafc m\u1ecbn, m\u00e0u h\u1ed3ng nh\u1ea1t. X\u00fac x\u00edch c\u1ee7a Miratorg n\u1ed5i ti\u1ebfng v\u1edbi \u0111\u1ed9 gi\u00f2n dai th\u1ef1c t\u1ebf c\u1ee7a th\u1ecbt th\u1eadt, kh\u00f4ng b\u1ecb b\u1edf hay qu\u00e1 nhi\u1ec1u b\u1ed9t. Khi \u0103n, v\u1ecb m\u1eb7n nh\u1eb9 v\u00e0 \u0111\u1ed9 m\u1ecdng n\u01b0\u1edbc c\u1ee7a th\u1ecbt x\u00fac x\u00edch h\u00f2a quy\u1ec7n c\u00f9ng v\u1ecb ng\u1ecdt c\u1ee7a l\u1edbp v\u1ecf b\u00e1nh b\u00ean ngo\u00e0i.<\/p>\n<p><img decoding=\"async\" class=\"aligncenter\" src=\"https:\/\/houseofraeford.com\/wp-content\/uploads\/2018\/07\/MiniCornDogNuggets_1.jpg\" width=\"800\" height=\"533\" \/><\/p>\n<p>\u2013 H\u00ecnh th\u00e1i sau khi ch\u1ebf bi\u1ebfn: Khi \u0111\u01b0\u1ee3c l\u00e0m n\u00f3ng \u0111\u00fang c\u00e1ch, l\u1edbp v\u1ecf b\u00e1nh ph\u1ed3ng nh\u1eb9, d\u1eady m\u00f9i th\u01a1m c\u1ee7a b\u01a1 s\u1eefa v\u00e0 ng\u00f4. B\u1ec1 m\u1eb7t v\u1ecf b\u00e1nh m\u1ecbn m\u00e0ng, kh\u00f4ng b\u1ecb b\u00f3ng d\u1ea7u, t\u1ea1o c\u1ea3m gi\u00e1c kh\u00f4 r\u00e1o v\u00e0 s\u1ea1ch s\u1ebd khi c\u1ea7m th\u01b0\u1edfng th\u1ee9c.<\/p>\n<p><img loading=\"lazy\" decoding=\"async\" class=\"aligncenter\" src=\"https:\/\/havamall.com\/wp-content\/uploads\/2025\/12\/corn-dogs-2-e1611069252974.jpg\" width=\"801\" height=\"1068\" \/><\/p>\n<h3 data-path-to-node=\"9\">C\u00c1CH CH\u1ebe BI\u1ebeN<\/h3>\n<p>\u2013 L\u00f2 vi s\u00f3ng: \u0110\u00e2y l\u00e0 ph\u01b0\u01a1ng ph\u00e1p nhanh nh\u1ea5t, ch\u1ec9 c\u1ea7n \u0111\u1eb7t b\u00e1nh v\u00e0o \u0111\u0129a v\u00e0 quay trong kho\u1ea3ng 1.5 \u2013 2 ph\u00fat. V\u1ecf b\u00e1nh s\u1ebd gi\u1eef \u0111\u01b0\u1ee3c \u0111\u1ed9 m\u1ec1m m\u1ea1i v\u00e0 \u1ea9m m\u01b0\u1ee3t.<\/p>\n<p>\u2013 N\u1ed3i chi\u00ean kh\u00f4ng d\u1ea7u: Ch\u1ebf bi\u1ebfn \u1edf nhi\u1ec7t \u0111\u1ed9 170\u00b0C trong kho\u1ea3ng 5 ph\u00fat s\u1ebd gi\u00fap l\u1edbp v\u1ecf b\u00e1nh ng\u00f4 c\u00f3 \u0111\u1ed9 se nh\u1eb9 b\u00ean m\u1eb7t ngo\u00e0i, mang l\u1ea1i tr\u1ea3i nghi\u1ec7m th\u00fa v\u1ecb h\u01a1n v\u1ec1 k\u1ebft c\u1ea5u.<\/p>\n<p>\u2013 K\u1ebft h\u1ee3p m\u00f3n \u0103n: S\u1ea3n ph\u1ea9m s\u1ebd \u0111\u1ea1t h\u01b0\u01a1ng v\u1ecb l\u00fd t\u01b0\u1edfng nh\u1ea5t khi d\u00f9ng k\u00e8m v\u1edbi x\u1ed1t m\u00f9 t\u1ea1t v\u00e0ng, t\u01b0\u01a1ng c\u00e0 ho\u1eb7c t\u01b0\u01a1ng \u1edbt. Nh\u1eefng vi\u00ean b\u00e1nh nh\u1ecf n\u00e0y c\u0169ng r\u1ea5t ph\u00f9 h\u1ee3p \u0111\u1ec3 tr\u00ecnh b\u00e0y trong c\u00e1c khay th\u1ee9c \u0103n nh\u1eb9 cho nh\u1eefng bu\u1ed5i ti\u1ec7c tr\u00e0 ho\u1eb7c ti\u1ec7c sinh nh\u1eadt c\u1ee7a tr\u1ebb nh\u1ecf.<\/p>\n<p><img loading=\"lazy\" decoding=\"async\" class=\"aligncenter\" src=\"https:\/\/havamall.com\/wp-content\/uploads\/2025\/12\/air-fryer-mini-corn-dogs.jpg\" width=\"800\" height=\"1199\" \/><\/p>\n<p>B\u00e1nh X\u00fac X\u00edch Ng\u00f4 Miratorg hi\u1ec7n \u0111ang \u0111\u01b0\u1ee3c b\u00e1n t\u1ea1i Havamall.<\/p>\n<\/div>\n<\/div>\n<div class=\"TyagGW_tableContainer\">\n<div class=\"group TyagGW_tableWrapper flex w-fit flex-col-reverse\"><\/div>\n<\/div>","protected":false},"excerpt":{"rendered":"<p><strong>L\u01afU \u00dd :<\/strong>\u00a0<strong><em>Ch\u1ec9 nh\u1eadn giao khu v\u1ef1c C\u00c1C QU\u1eacN N\u1ed8I TH\u00c0NH TP. HCM<\/em><\/strong><\/p>\n<ul>\n<li><b>\u0110\u1ed3 \u0111\u00f4ng l\u1ea1nh v\u00e0 tr\u00e1i c\u00e2y (B\u1eaft Bu\u1ed9c H\u1ecfa t\u1ed1c):<\/b>\n<ul>\n<li>Ph\u00ed\u00a0<strong><em>ship d\u01b0\u1edbi 5km<\/em><\/strong>\u00a0l\u00e0\u00a0<b>30.000\u20ab<\/b>.\u00a0<strong><em>Tr\u00ean 5km<\/em><\/strong>, ph\u00ed ship\u00a0<strong><em>t\u00ednh theo app.\u00a0<\/em><\/strong>C\u1eeda h\u00e0ng:\u00a0<strong><em>H\u1ebbm 112, s\u1ed1 114A B\u1ea1ch \u0110\u1eb1ng, P.2, Q. T\u00e2n B\u00ecnh.\u00a0<\/em><\/strong><em>Kh\u00e1ch h\u00e0ng c\u00f3 th\u1ec3 t\u1ef1\u00a0<strong>ki\u1ec3m tra kho\u1ea3ng c\u00e1ch tr\u01b0\u1edbc khi \u0111\u1eb7t.<\/strong><\/em><\/li>\n<li><b>Mi\u1ec5n ph\u00ed ship<\/b>\u00a0cho \u0111\u01a1n t\u1eeb 4kg tr\u00e1i c\u00e2y ho\u1eb7c ho\u1eb7c \u0111\u01a1n t\u1eeb 1.500.000\u20ab.\u00a0<strong><em>RI\u00caNG:<\/em><\/strong>\u00a0H\u1ed7 tr\u1ee3\u00a0<strong><em>t\u1ed1i \u0111a<\/em><\/strong>\u00a0<b>30.000\u20ab<\/b>\u00a0ph\u00ed ship cho \u0111\u01a1n \u0111i c\u00e1c\u00a0<em><strong>khu v\u1ef1c xa nh\u01b0 H\u00f3c M\u00f4n, C\u1ee7 Chi, Qu\u1eadn 9<\/strong><\/em>. Qu\u00fd kh\u00e1ch\u00a0<strong>vui l\u00f2ng chuy\u1ec3n kho\u1ea3n tr\u01b0\u1edbc ti\u1ec1n ship ho\u1eb7c ti\u1ec1n h\u00e0ng.<\/strong><\/li>\n<\/ul>\n<\/li>\n<\/ul>","protected":false},"featured_media":43937,"comment_status":"open","ping_status":"closed","template":"","meta":[],"product_brand":[],"product_cat":[679,673,275],"product_tag":[],"class_list":{"0":"post-43936","1":"product","2":"type-product","3":"status-publish","4":"has-post-thumbnail","6":"product_cat-banh-dong-lanh","7":"product_cat-nhap-khau-nga","8":"product_cat-thuc-pham-dong-lanh","10":"first","11":"instock","12":"sale","13":"shipping-taxable","14":"purchasable","15":"product-type-simple"},"_links":{"self":[{"href":"https:\/\/havamall.vn\/en\/wp-json\/wp\/v2\/product\/43936"}],"collection":[{"href":"https:\/\/havamall.vn\/en\/wp-json\/wp\/v2\/product"}],"about":[{"href":"https:\/\/havamall.vn\/en\/wp-json\/wp\/v2\/types\/product"}],"replies":[{"embeddable":true,"href":"https:\/\/havamall.vn\/en\/wp-json\/wp\/v2\/comments?post=43936"}],"version-history":[{"count":0,"href":"https:\/\/havamall.vn\/en\/wp-json\/wp\/v2\/product\/43936\/revisions"}],"wp:featuredmedia":[{"embeddable":true,"href":"https:\/\/havamall.vn\/en\/wp-json\/wp\/v2\/media\/43937"}],"wp:attachment":[{"href":"https:\/\/havamall.vn\/en\/wp-json\/wp\/v2\/media?parent=43936"}],"wp:term":[{"taxonomy":"product_brand","embeddable":true,"href":"https:\/\/havamall.vn\/en\/wp-json\/wp\/v2\/product_brand?post=43936"},{"taxonomy":"product_cat","embeddable":true,"href":"https:\/\/havamall.vn\/en\/wp-json\/wp\/v2\/product_cat?post=43936"},{"taxonomy":"product_tag","embeddable":true,"href":"https:\/\/havamall.vn\/en\/wp-json\/wp\/v2\/product_tag?post=43936"}],"curies":[{"name":"wp","href":"https:\/\/api.w.org\/{rel}","templated":true}]}}