{"id":4388,"date":"2018-05-22T20:24:15","date_gmt":"2018-05-22T13:24:15","guid":{"rendered":"https:\/\/havamall.vn\/?post_type=product&#038;p=4388"},"modified":"2021-06-08T17:53:24","modified_gmt":"2021-06-08T10:53:24","slug":"trai-oliu-den-tach-hat-lindsay","status":"publish","type":"product","link":"https:\/\/havamall.vn\/en\/shop\/trai-oliu-den-tach-hat-lindsay\/","title":{"rendered":"Tr\u00e1i Oliu \u0110en t\u00e1ch h\u1ea1t LINDSAY"},"content":{"rendered":"<div id=\"js-product-classifications\" class=\"col-sm-12 product-info\">\n<div class=\"panel panel-product-detail\">\n<div class=\"panel-body product-classifications product-detail__specs-modal\">\n<h4 class=\"product-detail__specs-title\">Th\u00f4ng tin s\u1ea3n ph\u1ea9m<\/h4>\n<div id=\"js-product-detail__specs\" class=\"product-detail__specs\">\n<div class=\"row\">\n<div class=\"col-sm-12\">\n<div class=\"product-specs__table\">\n<table>\n<tbody>\n<tr>\n<td class=\"specs-table__property\">Kh\u1ed1i l\u01b0\u1ee3ng<\/td>\n<td class=\"specs-table__value\">170g (c\u00e1i)<\/td>\n<\/tr>\n<tr>\n<td class=\"specs-table__property\">Quy c\u00e1ch \u0111\u00f3ng g\u00f3i (s\u1ec9)<\/td>\n<td class=\"specs-table__value\">8 Lon<\/td>\n<\/tr>\n<tr>\n<td class=\"specs-table__property\">H\u1ea1n s\u1eed d\u1ee5ng<\/td>\n<td class=\"specs-table__value\">4 n\u0103m k\u1ec3 t\u1eeb ng\u00e0y s\u1ea3n xu\u1ea5t<\/td>\n<\/tr>\n<tr>\n<td class=\"specs-table__property\">H\u01b0\u1edbng d\u1eabn s\u1eed d\u1ee5ng<\/td>\n<td class=\"specs-table__value\">D\u00f9ng \u0103n tr\u1ef1c ti\u1ebfp ho\u1eb7c ch\u1ebf bi\u1ebfn c\u00e1c m\u00f3n salad, khai v\u1ecb, n\u1ea5u chung v\u1edbi b\u00f2, g\u00e0 hay m\u00ec \u00dd, pizza,&#8230;<\/td>\n<\/tr>\n<tr>\n<td class=\"specs-table__property\">H\u01b0\u1edbng d\u1eabn b\u1ea3o qu\u1ea3n<\/td>\n<td class=\"specs-table__value\">B\u1ea3o qu\u1ea3n \u1edf nhi\u1ec7t \u0111\u1ed9 th\u01b0\u1eddng, gi\u1eef l\u1ea1nh sau khi m\u1edf n\u1eafp<\/td>\n<\/tr>\n<tr>\n<td class=\"specs-table__property\">Th\u00e0nh ph\u1ea7n nguy\u00ean li\u1ec7u<\/td>\n<td class=\"specs-table__value\">Qu\u1ea3 \u00f4 liu ch\u00edn, mu\u1ed1i bi\u1ec3n v\u00e0 ferrous gluconate<\/td>\n<\/tr>\n<tr>\n<td class=\"specs-table__property\">Xu\u1ea5t x\u1ee9<\/td>\n<td class=\"specs-table__value\">M\u1ef9<\/td>\n<\/tr>\n<\/tbody>\n<\/table>\n<\/div>\n<\/div>\n<\/div>\n<\/div>\n<\/div>\n<\/div>\n<\/div>\n<div class=\"col-sm-12 detail__info\">\n<div class=\"panel panel-product-detail\">\n<div class=\"panel-heading\"><\/div>\n<div class=\"panel-body\">\n<div id=\"js-product-detail__description\" class=\"product-detail__description\">\n<p><strong>\u00d4 liu t\u00e1ch h\u1ea1t Lindsay\u200b\u00a0<\/strong>\u0111\u01b0\u1ee3c s\u1ea3n xu\u1ea5t theo c\u00f4ng ngh\u1ec7 hi\u1ec7n \u0111\u1ea1i. M\u1ecdi kh\u00e2u t\u1eeb tuy\u1ec3n ch\u1ecdn nguy\u00ean li\u1ec7u t\u1edbi ch\u1ebf bi\u1ebfn \u0111\u1ec1u di\u1ec5n ra kh\u00e9p k\u00edn d\u01b0\u1edbi s\u1ef1 gi\u00e1m s\u00e1t v\u00e0 ki\u1ec3m tra nghi\u00eam ng\u1eb7t c\u1ee7a c\u00e1c chuy\u00ean gia th\u1ef1c ph\u1ea9m h\u00e0ng \u0111\u1ea7u, theo \u0111\u00f3 s\u1ea3n ph\u1ea9m kh\u00f4ng ch\u1ee9a h\u00f3a ch\u1ea5t, ch\u1ea5t b\u1ea3o qu\u1ea3n \u0111\u1ed9c h\u1ea1i, \u0111\u1ea3m b\u1ea3o an to\u00e0n cho s\u1ee9c kh\u1ecfe ng\u01b0\u1eddi ti\u00eau d\u00f9ng.\u00a0<strong>\u00d4 liu\u00a0<\/strong>kh\u00f4ng ch\u1ec9 l\u00e0 m\u1ed9t m\u00f3n \u0103n ngon m\u00e0 c\u00f2n l\u00e0 lo\u1ea1i th\u1ef1c ph\u1ea9m ch\u1ee9a nhi\u1ec1u ch\u1ea5t b\u00e9o kh\u00f4ng b\u00e3o h\u00f2a, l\u00e0m gi\u1ea3m \u0111\u01b0\u1ee3c l\u01b0\u1ee3ng cholesterol trong c\u01a1 th\u1ec3. Qu\u1ea3 \u00f4 liu r\u1ea5t gi\u00e0u vitanmin E v\u00e0 c\u00f3 ch\u1ea5t ch\u1ed1ng oxy h\u00f3a cao gi\u00fap ch\u1ed1ng l\u00e3o h\u00f3a, ng\u0103n ng\u1eeba c\u00e1c b\u1ec7nh v\u1ec1 tim m\u1ea1ch, h\u1ea1 huy\u1ebft \u00e1p, ng\u0103n ng\u1eeba ung th\u01b0, \u0111\u1eb7c bi\u1ec7t c\u00f2n r\u1ea5t t\u1ed1t cho s\u1eafc \u0111\u1eb9p c\u1ee7a ch\u1ecb em ph\u1ee5 n\u1eef.<\/p>\n<p><img fetchpriority=\"high\" decoding=\"async\" class=\"wp-image-12583 aligncenter\" src=\"https:\/\/havamall.vn\/wp-content\/uploads\/2018\/05\/oliu-tach-hat-300x200.jpg\" alt=\"\" width=\"493\" height=\"328\" srcset=\"https:\/\/havamall.vn\/wp-content\/uploads\/2018\/05\/oliu-tach-hat-300x200.jpg 300w, https:\/\/havamall.vn\/wp-content\/uploads\/2018\/05\/oliu-tach-hat-430x287.jpg 430w, https:\/\/havamall.vn\/wp-content\/uploads\/2018\/05\/oliu-tach-hat-150x100.jpg 150w, https:\/\/havamall.vn\/wp-content\/uploads\/2018\/05\/oliu-tach-hat.jpg 480w\" sizes=\"(max-width: 493px) 100vw, 493px\" \/><\/p>\n<p>&nbsp;<\/p>\n<p style=\"text-align: center\"><em>\u00d4 liu t\u00e1ch h\u1ea1t Lindsay\u200b\u00a0<\/em><\/p>\n<p><strong>\u00d4 liu t\u00e1ch h\u1ea1t Lindsay\u200b\u00a0<\/strong>\u0111\u00e3 \u0111\u01b0\u1ee3c s\u01a1 ch\u1ebf, l\u00e0m s\u1ea1ch v\u00e0 \u0111\u00f3ng h\u1ed9p\u00a0\u0111\u1eb9p m\u1eaft, h\u1ee3p v\u1ec7 sinh r\u1ea5t ti\u1ec7n l\u1ee3i cho vi\u1ec7c s\u1eed d\u1ee5ng v\u00e0 b\u1ea3o qu\u1ea3n l\u00e2u. V\u1edbi nh\u1eefng tr\u00e1i \u00f4 liu\u00a0b\u1ea1n c\u00f3 th\u1ec3 \u0103n nh\u01b0 m\u1ed9t m\u00f3n khai v\u1ecb hay cho th\u00eam ch\u00fang v\u00e0o m\u00f3n n\u01b0\u1edbng, c\u00e1c m\u00f3n salad, b\u00e1nh m\u00ec, n\u01b0\u1edbc s\u1ed1t c\u00e1, l\u00e0m nh\u00e2n b\u00e1nh pizza&#8230; \u0111\u1ec1u r\u1ea5t th\u01a1m ngon, b\u1ed5 d\u01b0\u1ee1ng.<\/p>\n<\/div>\n<\/div>\n<\/div>\n<\/div>\n<p>&nbsp;<\/p>","protected":false},"excerpt":{"rendered":"<p>Th\u00f4ng tin s\u1ea3n ph\u1ea9m Kh\u1ed1i l\u01b0\u1ee3ng 170g (c\u00e1i) Quy c\u00e1ch \u0111\u00f3ng g\u00f3i (s\u1ec9) 8 Lon H\u1ea1n s\u1eed d\u1ee5ng 4 n\u0103m<\/p>","protected":false},"featured_media":9580,"comment_status":"open","ping_status":"closed","template":"","meta":[],"product_brand":[],"product_cat":[626],"product_tag":[],"class_list":{"0":"post-4388","1":"product","2":"type-product","3":"status-publish","4":"has-post-thumbnail","6":"product_cat-het-hang","8":"first","9":"outofstock","10":"sale","11":"shipping-taxable","12":"purchasable","13":"product-type-simple"},"_links":{"self":[{"href":"https:\/\/havamall.vn\/en\/wp-json\/wp\/v2\/product\/4388"}],"collection":[{"href":"https:\/\/havamall.vn\/en\/wp-json\/wp\/v2\/product"}],"about":[{"href":"https:\/\/havamall.vn\/en\/wp-json\/wp\/v2\/types\/product"}],"replies":[{"embeddable":true,"href":"https:\/\/havamall.vn\/en\/wp-json\/wp\/v2\/comments?post=4388"}],"version-history":[{"count":0,"href":"https:\/\/havamall.vn\/en\/wp-json\/wp\/v2\/product\/4388\/revisions"}],"wp:featuredmedia":[{"embeddable":true,"href":"https:\/\/havamall.vn\/en\/wp-json\/wp\/v2\/media\/9580"}],"wp:attachment":[{"href":"https:\/\/havamall.vn\/en\/wp-json\/wp\/v2\/media?parent=4388"}],"wp:term":[{"taxonomy":"product_brand","embeddable":true,"href":"https:\/\/havamall.vn\/en\/wp-json\/wp\/v2\/product_brand?post=4388"},{"taxonomy":"product_cat","embeddable":true,"href":"https:\/\/havamall.vn\/en\/wp-json\/wp\/v2\/product_cat?post=4388"},{"taxonomy":"product_tag","embeddable":true,"href":"https:\/\/havamall.vn\/en\/wp-json\/wp\/v2\/product_tag?post=4388"}],"curies":[{"name":"wp","href":"https:\/\/api.w.org\/{rel}","templated":true}]}}