{"id":43878,"date":"2025-12-19T16:21:30","date_gmt":"2025-12-19T09:21:30","guid":{"rendered":"https:\/\/havamall.vn\/?post_type=product&#038;p=43878"},"modified":"2025-12-19T16:21:41","modified_gmt":"2025-12-19T09:21:41","slug":"sot-uop-do-nuong-xa-xiu-lee-kum-kee-hu-240g-lee-kum-kee-char-siu-sauce","status":"publish","type":"product","link":"https:\/\/havamall.vn\/en\/shop\/sot-uop-do-nuong-xa-xiu-lee-kum-kee-hu-240g-lee-kum-kee-char-siu-sauce\/","title":{"rendered":"S\u1ed1t \u01af\u1edbp \u0110\u1ed3 N\u01b0\u1edbng X\u00e1 X\u00edu Lee Kum Kee H\u0169 240G \u2013 Lee Kum Kee Char Siu Sauce"},"content":{"rendered":"<h2 data-path-to-node=\"6\">TH\u00d4NG TIN S\u1ea2N PH\u1ea8M<\/h2>\n<div class=\"horizontal-scroll-wrapper\">\n<div class=\"table-block-component\">\n<div class=\"table-block has-export-button new-table-style\">\n<div class=\"table-content not-end-of-paragraph\" data-hveid=\"0\" data-ved=\"0CAAQ3ecQahgKEwjJ6PnrocmRAxUAAAAAHQAAAAAQhAE\">\n<table style=\"width: 50.0892%\" data-path-to-node=\"7\">\n<tbody>\n<tr>\n<td style=\"width: 150px\"><span data-path-to-node=\"7,1,0,0\"><b data-path-to-node=\"7,1,0,0\" data-index-in-node=\"0\">Th\u01b0\u01a1ng Hi\u1ec7u<\/b><\/span><\/td>\n<td style=\"width: 527px\"><span data-path-to-node=\"7,1,1,0\">Lee Kum Kee (Hong Kong)<\/span><\/td>\n<\/tr>\n<tr>\n<td style=\"width: 150px\"><span data-path-to-node=\"7,2,0,0\"><b data-path-to-node=\"7,2,0,0\" data-index-in-node=\"0\">Xu\u1ea5t X\u1ee9<\/b><\/span><\/td>\n<td style=\"width: 527px\"><span data-path-to-node=\"7,2,1,0\">Trung Qu\u1ed1c<\/span><\/td>\n<\/tr>\n<tr>\n<td style=\"width: 150px\"><span data-path-to-node=\"7,3,0,0\"><b data-path-to-node=\"7,3,0,0\" data-index-in-node=\"0\">Kh\u1ed1i L\u01b0\u1ee3ng T\u1ecbnh<\/b><\/span><\/td>\n<td style=\"width: 527px\"><span data-path-to-node=\"7,3,1,0\"><span class=\"math-inline\" data-math=\"240\\text{g}\" data-index-in-node=\"0\"><span class=\"katex\"><span class=\"katex-html\" aria-hidden=\"true\"><span class=\"base\"><span class=\"mord\">240<\/span><span class=\"mord text\"><span class=\"mord\">g<\/span><\/span><\/span><\/span><\/span><\/span><\/span><\/td>\n<\/tr>\n<tr>\n<td style=\"width: 150px\"><span data-path-to-node=\"7,4,0,0\"><b data-path-to-node=\"7,4,0,0\" data-index-in-node=\"0\">Th\u00e0nh Ph\u1ea7n\u00a0<\/b><\/span><\/td>\n<td style=\"width: 527px\"><span data-path-to-node=\"7,4,1,0\">\u0110\u01b0\u1eddng, N\u01b0\u1edbc, Mu\u1ed1i, T\u01b0\u01a1ng \u0111\u1eadu l\u00ean men, M\u1eadt ong, N\u01b0\u1edbc t\u01b0\u01a1ng, Maltose<\/span><\/td>\n<\/tr>\n<tr>\n<td style=\"width: 150px\"><span data-path-to-node=\"7,6,0,0\"><b data-path-to-node=\"7,6,0,0\" data-index-in-node=\"0\">\u1ee8ng D\u1ee5ng<\/b><\/span><\/td>\n<td style=\"width: 527px\"><span data-path-to-node=\"7,6,1,0\">\u01af\u1edbp th\u1ecbt heo, g\u00e0, v\u1ecbt n\u01b0\u1edbng, l\u00e0m s\u1ed1t cho m\u00f3n x\u00e0o<\/span><\/td>\n<\/tr>\n<tr>\n<td style=\"width: 150px\"><span data-path-to-node=\"7,7,0,0\"><b data-path-to-node=\"7,7,0,0\" data-index-in-node=\"0\">B\u1ea3o Qu\u1ea3n<\/b><\/span><\/td>\n<td style=\"width: 527px\"><span data-path-to-node=\"7,7,1,0\">N\u01a1i kh\u00f4 r\u00e1o, tho\u00e1ng m\u00e1t. Gi\u1eef l\u1ea1nh sau khi m\u1edf n\u1eafp<\/span><\/td>\n<\/tr>\n<\/tbody>\n<\/table>\n<p data-path-to-node=\"11\">M\u00f3n x\u00e1 x\u00edu, hay c\u00f2n \u0111\u01b0\u1ee3c g\u1ecdi l\u00e0\u00a0<b data-path-to-node=\"11\" data-index-in-node=\"32\">Char Siu<\/b>, mang trong m\u00ecnh m\u1ed9t h\u00e0nh tr\u00ecnh v\u0103n h\u00f3a \u1ea9m th\u1ef1c r\u1ef1c r\u1ee1 b\u1eaft ngu\u1ed3n t\u1eeb v\u00f9ng Qu\u1ea3ng \u0110\u00f4ng, Trung Qu\u1ed1c. T\u00ean g\u1ecdi &#8220;x\u00e1 x\u00edu&#8221; trong ti\u1ebfng H\u00e1n Vi\u1ec7t c\u00f3 ngh\u0129a l\u00e0 &#8220;\u0111\u00e2m xuy\u00ean qua \u0111\u1ed1t n\u01b0\u1edbng&#8221;, \u00e1m ch\u1ec9 ph\u01b0\u01a1ng ph\u00e1p ch\u1ebf bi\u1ebfn s\u01a1 khai khi ng\u01b0\u1eddi ta d\u00f9ng nh\u1eefng chi\u1ebfc xi\u00ean kim lo\u1ea1i \u0111\u00e2m qua c\u00e1c t\u1ea3ng th\u1ecbt heo \u0111\u00e3 t\u1ea9m \u01b0\u1edbp k\u1ef9 l\u01b0\u1ee1ng r\u1ed3i treo l\u00ean l\u00f2 n\u01b0\u1edbng. Tr\u1ea3i qua h\u00e0ng th\u1ebf k\u1ef7, t\u1eeb m\u1ed9t m\u00f3n \u0103n d\u00e2n d\u00e3 tr\u00ean c\u00e1c xe \u0111\u1ea9y \u0111\u01b0\u1eddng ph\u1ed1, x\u00e1 x\u00edu \u0111\u00e3 v\u01b0\u01a1n m\u00ecnh tr\u1edf th\u00e0nh m\u1ed9t ph\u1ea7n kh\u00f4ng th\u1ec3 thi\u1ebfu trong th\u1ef1c \u0111\u01a1n c\u1ee7a c\u00e1c nh\u00e0 h\u00e0ng cao c\u1ea5p v\u00e0 l\u00e0 linh h\u1ed3n c\u1ee7a c\u00e1c lo\u1ea1i b\u00e1nh bao, m\u00ec s\u1ee3i n\u1ed5i ti\u1ebfng to\u00e0n c\u1ea7u.<\/p>\n<p data-path-to-node=\"11\"><strong><img fetchpriority=\"high\" decoding=\"async\" class=\"aligncenter\" src=\"https:\/\/i-giadinh.vnecdn.net\/2024\/08\/10\/Thnhphm11-1723261605-2371-1723261771.jpg\" width=\"801\" height=\"534\" \/><\/strong><\/p>\n<\/div>\n<div class=\"table-content not-end-of-paragraph\" data-hveid=\"0\" data-ved=\"0CAAQ3ecQahgKEwjJ6PnrocmRAxUAAAAAHQAAAAAQhAE\">\n<h3 data-path-to-node=\"13\">\u0110\u1eb6C \u0110I\u1ec2M N\u1ed4I B\u1eacT V\u1ec0 H\u01af\u01a0NG V\u1eca V\u00c0 T\u00cdNH CH\u1ea4T C\u1ed0T L\u00d5I<\/h3>\n<p data-path-to-node=\"15\">\u2013\u00a0<b data-path-to-node=\"15\" data-index-in-node=\"2\">H\u01b0\u01a1ng V\u1ecb Ng\u1ecdt Thanh T\u1eeb M\u1eadt Ong V\u00e0 Maltose<\/b>: Kh\u00e1c v\u1edbi v\u1ecb ng\u1ecdt g\u1eaft c\u1ee7a \u0111\u01b0\u1eddng c\u00e1t th\u00f4ng th\u01b0\u1eddng, lo\u1ea1i s\u1ed1t n\u00e0y s\u1eed d\u1ee5ng s\u1ef1 k\u1ebft h\u1ee3p gi\u1eefa m\u1eadt ong t\u1ef1 nhi\u00ean v\u00e0 m\u1ea1ch nha (Maltose). S\u1ef1 ph\u1ed1i tr\u1ed9n n\u00e0y mang l\u1ea1i v\u1ecb ng\u1ecdt s\u00e2u, thanh tao v\u00e0 t\u1ea1o n\u00ean \u0111\u1ed9 b\u00f3ng b\u1ea9y, m\u01b0\u1ee3t m\u00e0 cho b\u1ec1 m\u1eb7t mi\u1ebfng th\u1ecbt khi ti\u1ebfp x\u00fac v\u1edbi nhi\u1ec7t \u0111\u1ed9 cao.<\/p>\n<p data-path-to-node=\"16\">\u2013\u00a0<b data-path-to-node=\"16\" data-index-in-node=\"2\">\u0110\u1ed9 S\u00e2u C\u1ee7a T\u01b0\u01a1ng \u0110\u1eadu L\u00ean Men<\/b>: N\u1ec1n t\u1ea3ng c\u1ee7a s\u1ed1t l\u00e0 t\u01b0\u01a1ng \u0111\u1eadu n\u00e0nh \u0111\u01b0\u1ee3c l\u00ean men theo ph\u01b0\u01a1ng ph\u00e1p truy\u1ec1n th\u1ed1ng. Th\u00e0nh ph\u1ea7n n\u00e0y cung c\u1ea5p v\u1ecb m\u1eb7n umami \u0111\u1eadm \u0111\u00e0, t\u1ea1o n\u00ean &#8220;linh h\u1ed3n&#8221; cho m\u00f3n \u0103n. Ch\u00ednh v\u1ecb t\u01b0\u01a1ng n\u00e0y gi\u00fap mi\u1ebfng th\u1ecbt sau khi n\u01b0\u1edbng kh\u00f4ng ch\u1ec9 th\u01a1m m\u00e0 c\u00f2n c\u00f3 h\u1eadu v\u1ecb n\u1ed3ng n\u00e0n, kh\u00f3 qu\u00ean.<\/p>\n<p><img decoding=\"async\" class=\"aligncenter\" src=\"https:\/\/cdn-bafil.nitrocdn.com\/brIjHWLgwndqujcHHxaCshZRYHXCVPHO\/assets\/images\/optimized\/rev-633ecd2\/doiduavang.vn\/wp-content\/uploads\/2021\/12\/uop-thit-nac.jpg\" width=\"800\" height=\"800\" \/><\/p>\n<p data-path-to-node=\"17\">\u2013\u00a0<b data-path-to-node=\"17\" data-index-in-node=\"2\">C\u1ea5u Tr\u00fac S\u1ed1t \u0110\u1eb7c S\u00e1nh Quy\u1ebfn R\u0169<\/b>: S\u1ed1t c\u00f3 \u0111\u1ed9 s\u1ec7t ho\u00e0n h\u1ea3o, m\u00e0u n\u00e2u \u0111\u1ecf \u00f3ng \u00e1nh t\u1ef1 nhi\u00ean. T\u00ednh ch\u1ea5t n\u00e0y gi\u00fap gia v\u1ecb b\u00e1m ch\u1eb7t v\u00e0o t\u1eebng th\u1edb th\u1ecbt, kh\u00f4ng b\u1ecb ch\u1ea3y tr\u00f4i trong qu\u00e1 tr\u00ecnh t\u1ea9m \u01b0\u1edbp, t\u1eeb \u0111\u00f3 gi\u00fap mi\u1ebfng th\u1ecbt ng\u1ea5m \u0111\u1ec1u gia v\u1ecb t\u1eeb trong ra ngo\u00e0i.<\/p>\n<p data-path-to-node=\"18\">\u2013\u00a0<b data-path-to-node=\"18\" data-index-in-node=\"2\">Kh\u1ea3 N\u0103ng T\u1ea1o M\u00e0u T\u1ef1 Nhi\u00ean<\/b>: M\u1ed9t trong nh\u1eefng t\u00ednh ch\u1ea5t n\u1ed5i b\u1eadt l\u00e0 kh\u1ea3 n\u0103ng t\u1ea1o m\u00e0u \u0111\u1ecf h\u1ed3ng \u0111\u1eb7c tr\u01b0ng cho m\u00f3n x\u00e1 x\u00edu m\u00e0 kh\u00f4ng c\u1ea7n l\u1ea1m d\u1ee5ng ph\u1ea9m m\u00e0u h\u00f3a h\u1ecdc qu\u00e1 m\u1ee9c. L\u1edbp s\u1ed1t khi n\u01b0\u1edbng s\u1ebd caramen h\u00f3a, t\u1ea1o th\u00e0nh m\u1ed9t l\u1edbp m\u00e0ng b\u1ea3o v\u1ec7 b\u00ean ngo\u00e0i, gi\u1eef cho th\u1ecbt b\u00ean trong lu\u00f4n m\u1ecdng n\u01b0\u1edbc (juicy) trong khi b\u00ean ngo\u00e0i gi\u00f2n nh\u1eb9 v\u00e0 th\u01a1m l\u1eebng.<\/p>\n<p data-path-to-node=\"18\"><img decoding=\"async\" class=\"aligncenter\" src=\"https:\/\/havamall.com\/wp-content\/uploads\/2025\/12\/2-63-scaled.jpg\" width=\"802\" height=\"602\" \/><\/p>\n<h3 data-path-to-node=\"19\">B\u00cd QUY\u1ebeT T\u1ea8M \u01af\u1edaP V\u00c0 CH\u1ebe BI\u1ebeN CHU\u1ea8N V\u1eca QU\u1ea2NG \u0110\u00d4NG<\/h3>\n<p data-path-to-node=\"21\">\u2013\u00a0<b data-path-to-node=\"21\" data-index-in-node=\"2\">L\u1ef1a Ch\u1ecdn V\u00e0 S\u01a1 Ch\u1ebf Th\u1ecbt<\/b>\u00a0\u2013 Lo\u1ea1i th\u1ecbt l\u00fd t\u01b0\u1edfng nh\u1ea5t cho m\u00f3n n\u00e0y l\u00e0 n\u1ea1c vai heo c\u00f3 d\u1eaft m\u1ee1 (pork butt) ho\u1eb7c th\u1ecbt ba ch\u1ec9. M\u1ee1 gi\u00fap th\u1ecbt kh\u00f4ng b\u1ecb kh\u00f4 khi n\u01b0\u1edbng l\u00e2u v\u00e0 t\u1ea1o ra s\u1ef1 h\u00f2a quy\u1ec7n tuy\u1ec7t v\u1eddi v\u1edbi s\u1ed1t ng\u1ecdt. Th\u1ecbt n\u00ean \u0111\u01b0\u1ee3c th\u00e1i th\u00e0nh c\u00e1c d\u1ea3i d\u00e0i, c\u00f3 \u0111\u1ed9 d\u00e0y v\u1eeba ph\u1ea3i \u0111\u1ec3 s\u1ed1t th\u1ea5m s\u00e2u.<\/p>\n<p data-path-to-node=\"22\">\u2013\u00a0<b data-path-to-node=\"22\" data-index-in-node=\"2\">Th\u1eddi Gian T\u1ea9m \u01af\u1edbp L\u00fd T\u01b0\u1edfng<\/b>\u00a0\u2013 C\u1ea7n d\u00e0nh t\u1ed1i thi\u1ec3u 2 gi\u1edd \u0111\u1ec3 th\u1ecbt ng\u1ea5m gia v\u1ecb. Tuy nhi\u00ean, b\u00ed quy\u1ebft \u0111\u1ec3 m\u00f3n \u0103n \u0111\u1ea1t \u0111\u1ed9 \u0111\u1eadm \u0111\u00e0 tuy\u1ec7t \u0111\u1ed1i l\u00e0 \u01b0\u1edbp trong t\u1ee7 l\u1ea1nh t\u1eeb 12 \u0111\u1ebfn 24 gi\u1edd. Trong th\u1eddi gian n\u00e0y, c\u00e1c ph\u00e2n t\u1eed \u0111\u01b0\u1eddng v\u00e0 mu\u1ed1i trong s\u1ed1t s\u1ebd ph\u00e1 v\u1ee1 c\u1ea5u tr\u00fac s\u1ee3i c\u01a1, gi\u00fap th\u1ecbt m\u1ec1m h\u01a1n sau khi ch\u1ebf bi\u1ebfn.<\/p>\n<p data-path-to-node=\"22\"><img loading=\"lazy\" decoding=\"async\" class=\"aligncenter\" src=\"https:\/\/havamall.com\/wp-content\/uploads\/2025\/12\/bh-2021-12-11-01-19.jpg\" width=\"801\" height=\"601\" \/><\/p>\n<p data-path-to-node=\"23\">\u2013\u00a0<b data-path-to-node=\"23\" data-index-in-node=\"2\">K\u1ef9 Thu\u1eadt N\u01b0\u1edbng V\u00e0 Ph\u1ebft S\u1ed1t<\/b>\u00a0\u2013 L\u00e0m n\u00f3ng l\u00f2 \u1edf nhi\u1ec7t \u0111\u1ed9\u00a0<span class=\"math-inline\" data-math=\"180\\text{\u00b0C}\" data-index-in-node=\"54\"><span class=\"katex\"><span class=\"katex-html\" aria-hidden=\"true\"><span class=\"base\"><span class=\"mord\">180<\/span><span class=\"mord text\"><span class=\"mord\">\u00b0C<\/span><\/span><\/span><\/span><\/span><\/span>\u00a0\u0111\u1ebfn\u00a0<span class=\"math-inline\" data-math=\"200\\text{\u00b0C}\" data-index-in-node=\"71\"><span class=\"katex\"><span class=\"katex-html\" aria-hidden=\"true\"><span class=\"base\"><span class=\"mord\">200<\/span><span class=\"mord text\"><span class=\"mord\">\u00b0C<\/span><\/span><\/span><\/span><\/span><\/span>. Trong qu\u00e1 tr\u00ecnh n\u01b0\u1edbng, c\u1ee9 sau m\u1ed7i 10-15 ph\u00fat, \u0111\u1ea7u b\u1ebfp c\u1ea7n l\u1ea5y th\u1ecbt ra v\u00e0 ph\u1ebft th\u00eam m\u1ed9t l\u1edbp s\u1ed1t m\u1edbi l\u00ean b\u1ec1 m\u1eb7t. Vi\u1ec7c ph\u1ebft s\u1ed1t nhi\u1ec1u l\u1ea7n gi\u00fap t\u1ea1o ra l\u1edbp v\u1ecf ngo\u00e0i d\u00e0y, b\u00f3ng b\u1ea9y v\u00e0 gi\u00f2n tan (glazing) \u2013 \u0111\u1eb7c tr\u01b0ng kh\u00f4ng th\u1ec3 l\u1eabn l\u1ed9n c\u1ee7a m\u00f3n x\u00e1 x\u00edu nh\u00e0 h\u00e0ng.<\/p>\n<p data-path-to-node=\"24\">\u2013\u00a0<b data-path-to-node=\"24\" data-index-in-node=\"2\">Ngh\u1ec7 Thu\u1eadt Th\u01b0\u1edfng Th\u1ee9c<\/b>\u00a0\u2013 Th\u1ecbt sau khi n\u01b0\u1edbng xong c\u1ea7n \u0111\u01b0\u1ee3c ngh\u1ec9 kho\u1ea3ng 5-10 ph\u00fat tr\u01b0\u1edbc khi th\u00e1i \u0111\u1ec3 n\u01b0\u1edbc th\u1ecbt kh\u00f4ng b\u1ecb tr\u00e0o ra ngo\u00e0i. X\u00e1 x\u00edu ngon nh\u1ea5t khi d\u00f9ng k\u00e8m v\u1edbi c\u01a1m n\u00f3ng, m\u00ec s\u1ee3i ho\u1eb7c k\u1eb9p trong b\u00e1nh m\u00ec, ch\u1ea5m c\u00f9ng m\u1ed9t ch\u00fat n\u01b0\u1edbc s\u1ed1t c\u00f2n d\u01b0 \u0111\u01b0\u1ee3c \u0111un n\u00f3ng l\u1ea1i.<\/p>\n<p data-path-to-node=\"24\"><img loading=\"lazy\" decoding=\"async\" class=\"aligncenter\" src=\"https:\/\/havamall.com\/wp-content\/uploads\/2025\/12\/6226790-maple-smoked-duck-breasts-Kim-4x3-1-3f50ea19faf24f899b2e94944ee50c5d.jpg\" width=\"802\" height=\"602\" \/><\/p>\n<h3 data-path-to-node=\"25\">K\u1ebeT LU\u1eacN V\u00c0 CAM K\u1ebeT<\/h3>\n<p data-path-to-node=\"26\"><b data-path-to-node=\"26\" data-index-in-node=\"0\">S\u1ed1t \u01af\u1edbp \u0110\u1ed3 N\u01b0\u1edbng X\u00e1 X\u00edu Lee Kum Kee 240G<\/b>\u00a0l\u00e0 nh\u1ecbp c\u1ea7u k\u1ebft n\u1ed1i ng\u01b0\u1eddi n\u1ed9i tr\u1ee3 v\u1edbi tinh hoa \u1ea9m th\u1ef1c Qu\u1ea3ng \u0110\u00f4ng truy\u1ec1n th\u1ed1ng. V\u1edbi h\u01b0\u01a1ng v\u1ecb \u0111\u1eadm \u0111\u00e0, m\u00e0u s\u1eafc b\u1eaft m\u1eaft v\u00e0 s\u1ef1 ti\u1ec7n d\u1ee5ng v\u01b0\u1ee3t tr\u1ed9i, \u0111\u00e2y ch\u00ednh l\u00e0 b\u00ed quy\u1ebft \u0111\u1ec3 m\u1ed7i b\u1eefa c\u01a1m gia \u0111\u00ecnh tr\u1edf n\u00ean \u0111\u1eb7c bi\u1ec7t v\u00e0 \u1ea5m c\u00fang h\u01a1n.<\/p>\n<p data-path-to-node=\"27\">H\u1ec7 th\u1ed1ng\u00a0<b data-path-to-node=\"27\" data-index-in-node=\"9\">Havamall<\/b>\u00a0cam k\u1ebft cung c\u1ea5p s\u1ea3n ph\u1ea9m s\u1ed1t Lee Kum Kee nh\u1eadp kh\u1ea9u ch\u00ednh ng\u1ea1ch, \u0111\u1ea3m b\u1ea3o ngu\u1ed3n g\u1ed1c xu\u1ea5t x\u1ee9 r\u00f5 r\u00e0ng v\u00e0 h\u1ea1n s\u1eed d\u1ee5ng lu\u00f4n m\u1edbi nh\u1ea5t.<\/p>\n<\/div>\n<\/div>\n<\/div>\n<\/div>","protected":false},"excerpt":{"rendered":"<p>TH\u00d4NG TIN S\u1ea2N PH\u1ea8M Th\u01b0\u01a1ng Hi\u1ec7u Lee Kum Kee (Hong Kong) Xu\u1ea5t X\u1ee9 Trung Qu\u1ed1c Kh\u1ed1i L\u01b0\u1ee3ng T\u1ecbnh 240g Th\u00e0nh<\/p>","protected":false},"featured_media":43879,"comment_status":"open","ping_status":"closed","template":"","meta":[],"product_brand":[],"product_cat":[595,674,154],"product_tag":[],"class_list":{"0":"post-43878","1":"product","2":"type-product","3":"status-publish","4":"has-post-thumbnail","6":"product_cat-gia-vi-va-che-bien","7":"product_cat-nhap-khau-trung-quoc","8":"product_cat-gia-vi","10":"first","11":"instock","12":"sale","13":"shipping-taxable","14":"purchasable","15":"product-type-simple"},"_links":{"self":[{"href":"https:\/\/havamall.vn\/en\/wp-json\/wp\/v2\/product\/43878"}],"collection":[{"href":"https:\/\/havamall.vn\/en\/wp-json\/wp\/v2\/product"}],"about":[{"href":"https:\/\/havamall.vn\/en\/wp-json\/wp\/v2\/types\/product"}],"replies":[{"embeddable":true,"href":"https:\/\/havamall.vn\/en\/wp-json\/wp\/v2\/comments?post=43878"}],"version-history":[{"count":0,"href":"https:\/\/havamall.vn\/en\/wp-json\/wp\/v2\/product\/43878\/revisions"}],"wp:featuredmedia":[{"embeddable":true,"href":"https:\/\/havamall.vn\/en\/wp-json\/wp\/v2\/media\/43879"}],"wp:attachment":[{"href":"https:\/\/havamall.vn\/en\/wp-json\/wp\/v2\/media?parent=43878"}],"wp:term":[{"taxonomy":"product_brand","embeddable":true,"href":"https:\/\/havamall.vn\/en\/wp-json\/wp\/v2\/product_brand?post=43878"},{"taxonomy":"product_cat","embeddable":true,"href":"https:\/\/havamall.vn\/en\/wp-json\/wp\/v2\/product_cat?post=43878"},{"taxonomy":"product_tag","embeddable":true,"href":"https:\/\/havamall.vn\/en\/wp-json\/wp\/v2\/product_tag?post=43878"}],"curies":[{"name":"wp","href":"https:\/\/api.w.org\/{rel}","templated":true}]}}