{"id":4384,"date":"2018-05-22T20:07:04","date_gmt":"2018-05-22T13:07:04","guid":{"rendered":"https:\/\/havamall.vn\/?post_type=product&#038;p=4384"},"modified":"2018-09-21T15:06:33","modified_gmt":"2018-09-21T08:06:33","slug":"keo-toosie-roll-14g-x-48-thanh-hop-680g","status":"publish","type":"product","link":"https:\/\/havamall.vn\/en\/shop\/keo-toosie-roll-14g-x-48-thanh-hop-680g\/","title":{"rendered":"K\u1eb9o Toosie Roll 14g x 48 thanh (h\u1ed9p 680g)"},"content":{"rendered":"<div id=\"js-product-classifications\" class=\"col-sm-12 product-info\">\n<div class=\"panel panel-product-detail\">\n<div class=\"panel-body product-classifications product-detail__specs-modal\">\n<h3 class=\"product-detail__specs-title\">Th\u00f4ng tin s\u1ea3n ph\u1ea9m<\/h3>\n<div id=\"js-product-detail__specs\" class=\"product-detail__specs\">\n<div class=\"row\">\n<div class=\"col-sm-12\">\n<div class=\"product-specs__table\">\n<table>\n<tbody>\n<tr>\n<td class=\"specs-table__property\">Kh\u1ed1i l\u01b0\u1ee3ng<\/td>\n<td class=\"specs-table__value\">680 g<\/td>\n<\/tr>\n<tr>\n<td class=\"specs-table__property\">Xu\u1ea5t x\u1ee9<\/td>\n<td class=\"specs-table__value\">M\u1ef9<\/td>\n<\/tr>\n<tr>\n<td class=\"specs-table__property\">H\u01b0\u1edbng d\u1eabn b\u1ea3o qu\u1ea3n<\/td>\n<td class=\"specs-table__value\">N\u01a1i kh\u00f4 r\u00e1o, tho\u00e1ng m\u00e1t<\/td>\n<\/tr>\n<tr>\n<td class=\"specs-table__property\">H\u01b0\u1edbng d\u1eabn s\u1eed d\u1ee5ng<\/td>\n<td class=\"specs-table__value\">\u0102n tr\u1ef1c ti\u1ebfp<\/td>\n<\/tr>\n<tr>\n<td class=\"specs-table__property\">H\u1ea1n s\u1eed d\u1ee5ng<\/td>\n<td class=\"specs-table__value\">2 (n\u0103m)<\/td>\n<\/tr>\n<tr>\n<td class=\"specs-table__property\">Th\u00e0nh ph\u1ea7n<\/td>\n<td class=\"specs-table__value\">\u0110\u01b0\u1eddng, siro b\u1eafp, d\u1ea7u c\u1ecd, h\u01b0\u01a1ng t\u1ef1 nhi\u00ean<\/td>\n<\/tr>\n<\/tbody>\n<\/table>\n<\/div>\n<\/div>\n<\/div>\n<\/div>\n<\/div>\n<\/div>\n<\/div>\n<div class=\"col-sm-12 detail__info\">\n<div class=\"panel panel-product-detail\">\n<div class=\"panel-heading\"><\/div>\n<div class=\"panel-body\">\n<div id=\"js-product-detail__description\" class=\"product-detail__description\">\n<p><strong>K\u1eb9o s\u00f4 c\u00f4 la Tootsie Roll Midgee<\/strong>\u00a0c\u00f3 th\u00e0nh ph\u1ea7n l\u00e0m t\u1eeb nguy\u00ean li\u1ec7u \u0111\u01b0\u1eddng, siro, b\u1eafp, d\u1ea7u c\u1ecd, s\u1eefa \u0111\u1eb7c, t\u00e1ch b\u00e9o, cacao, h\u01b0\u01a1ng t\u1ef1 nhi\u00ean,\u2026 \u0111\u00e3 qua qu\u00e1 tr\u00ecnh ki\u1ec3m \u0111\u1ecbnh \u0111\u1ed9 an to\u00e0n cho s\u1ee9c kh\u1ecfe ng\u01b0\u1eddi d\u00f9ng. S\u1ea3n ph\u1ea9m thu\u1ed9c th\u01b0\u01a1ng hi\u1ec7u uy t\u00edn v\u00e0 c\u00f3 xu\u1ea5t x\u1ee9 t\u1eeb M\u1ef9\u00a0n\u00ean nh\u1eadn \u0111\u01b0\u1ee3c s\u1ef1 tin c\u1eady t\u1eeb ng\u01b0\u1eddi ti\u00eau d\u00f9ng.\u00a0<strong>K\u1eb9o s\u00f4 c\u00f4 la Tootsie Roll Midgee<\/strong>\u00a0th\u01a1m ngon, h\u1ea5p d\u1eabn s\u1ebd mang l\u1ea1i cho b\u1ea1n nh\u1eefng ph\u00fat gi\u1ea3i tr\u00ed v\u00e0 th\u01b0\u1edfng th\u1ee9c k\u1eb9o th\u1eadt tuy\u1ec7t v\u1eddi b\u00ean c\u1ea1nh b\u1ea1n b\u00e8 ho\u1eb7c ng\u01b0\u1eddi th\u00e2n.<\/p>\n<p style=\"text-align: center;\"><img decoding=\"async\" class=\"aligncenter\" src=\"https:\/\/havamall.vn\/wp-content\/uploads\/2018\/05\/tootsie_rolls_medium.jpg\" alt=\"H\u00c3\u00acnh \u00e1\u00ba\u00a3nh c\u00c3\u00b3 li\u00c3\u00aan quan\" \/><br \/>\n<em>K\u1eb9o s\u00f4 c\u00f4 la Tootsie Roll Midgee<\/em><\/p>\n<p><strong>K\u1eb9o s\u00f4 c\u00f4 la Tootsie Roll\u00a0Midgee<\/strong>\u00a0\u0111\u01b0\u1ee3c \u0111\u00f3ng g\u00f3i nh\u1ecf g\u1ecdn, c\u00f3 th\u1ec3 mang theo b\u00ean m\u00ecnh khi ra ngo\u00e0i. S\u1ea3n ph\u1ea9m \u0111\u01b0\u1ee3c s\u1ea3n xu\u1ea5t tr\u00ean d\u00e2y chuy\u1ec1n kh\u00e9p k\u00edn, \u0111\u00e1p \u1ee9ng ti\u00eau chu\u1ea9n ch\u1ea5t l\u01b0\u1ee3ng cao. K\u1eb9o\u00a0c\u00f2n cung c\u1ea5p n\u0103ng l\u01b0\u1ee3ng nh\u1ea5t \u0111\u1ecbnh cho m\u1ed9t s\u1ed1 ho\u1ea1t \u0111\u1ed9ng th\u01b0\u1eddng ng\u00e0y.<\/p>\n<p><img decoding=\"async\" class=\"aligncenter\" src=\"https:\/\/havamall.vn\/wp-content\/uploads\/2018\/05\/tootsie-roll.jpg\" alt=\"K\u00e1\u00ba\u00bft qu\u00e1\u00ba\u00a3 h\u00c3\u00acnh \u00e1\u00ba\u00a3nh cho Tootsie Roll\" \/><\/p>\n<\/div>\n<\/div>\n<\/div>\n<\/div>","protected":false},"excerpt":{"rendered":"<p>Th\u00f4ng tin s\u1ea3n ph\u1ea9m Kh\u1ed1i l\u01b0\u1ee3ng 680 g Xu\u1ea5t x\u1ee9 M\u1ef9 H\u01b0\u1edbng d\u1eabn b\u1ea3o qu\u1ea3n N\u01a1i kh\u00f4 r\u00e1o, tho\u00e1ng m\u00e1t<\/p>","protected":false},"featured_media":4385,"comment_status":"open","ping_status":"closed","template":"","meta":[],"product_brand":[],"product_cat":[626],"product_tag":[],"class_list":{"0":"post-4384","1":"product","2":"type-product","3":"status-publish","4":"has-post-thumbnail","6":"product_cat-het-hang","8":"first","9":"outofstock","10":"sale","11":"shipping-taxable","12":"purchasable","13":"product-type-simple"},"_links":{"self":[{"href":"https:\/\/havamall.vn\/en\/wp-json\/wp\/v2\/product\/4384"}],"collection":[{"href":"https:\/\/havamall.vn\/en\/wp-json\/wp\/v2\/product"}],"about":[{"href":"https:\/\/havamall.vn\/en\/wp-json\/wp\/v2\/types\/product"}],"replies":[{"embeddable":true,"href":"https:\/\/havamall.vn\/en\/wp-json\/wp\/v2\/comments?post=4384"}],"version-history":[{"count":0,"href":"https:\/\/havamall.vn\/en\/wp-json\/wp\/v2\/product\/4384\/revisions"}],"wp:featuredmedia":[{"embeddable":true,"href":"https:\/\/havamall.vn\/en\/wp-json\/wp\/v2\/media\/4385"}],"wp:attachment":[{"href":"https:\/\/havamall.vn\/en\/wp-json\/wp\/v2\/media?parent=4384"}],"wp:term":[{"taxonomy":"product_brand","embeddable":true,"href":"https:\/\/havamall.vn\/en\/wp-json\/wp\/v2\/product_brand?post=4384"},{"taxonomy":"product_cat","embeddable":true,"href":"https:\/\/havamall.vn\/en\/wp-json\/wp\/v2\/product_cat?post=4384"},{"taxonomy":"product_tag","embeddable":true,"href":"https:\/\/havamall.vn\/en\/wp-json\/wp\/v2\/product_tag?post=4384"}],"curies":[{"name":"wp","href":"https:\/\/api.w.org\/{rel}","templated":true}]}}