{"id":43837,"date":"2025-12-18T08:30:37","date_gmt":"2025-12-18T01:30:37","guid":{"rendered":"https:\/\/havamall.vn\/?post_type=product&#038;p=43837"},"modified":"2025-12-18T08:30:37","modified_gmt":"2025-12-18T01:30:37","slug":"bot-ot-do-nguyen-chat-nhat-ban-sb-ichimi-togarashi-goi-300g-sb-pure-red-chili-pepper","status":"publish","type":"product","link":"https:\/\/havamall.vn\/en\/shop\/bot-ot-do-nguyen-chat-nhat-ban-sb-ichimi-togarashi-goi-300g-sb-pure-red-chili-pepper\/","title":{"rendered":"B\u1ed9t \u1edat \u0110\u1ecf Nguy\u00ean Ch\u1ea5t Nh\u1eadt B\u1ea3n S&amp;B Ichimi Togarashi G\u00f3i 300G \u2013 S&amp;B Pure Red Chili Pepper"},"content":{"rendered":"<h2 data-path-to-node=\"6\">B\u1ea2NG TH\u00d4NG TIN S\u1ea2N PH\u1ea8M<\/h2>\n<div class=\"horizontal-scroll-wrapper\">\n<div class=\"table-block-component\">\n<div class=\"table-block has-export-button\">\n<div class=\"table-content not-end-of-paragraph\" data-hveid=\"0\" data-ved=\"0CAAQ3ecQahgKEwi-t6uf6rGRAxUAAAAAHQAAAAAQoQw\">\n<table style=\"width: 51.0716%;height: 177px\" data-path-to-node=\"7\">\n<tbody>\n<tr>\n<td style=\"width: 134px\"><span data-path-to-node=\"7,1,0,0\"><b>Th\u01b0\u01a1ng Hi\u1ec7u<\/b><\/span><\/td>\n<td style=\"width: 368px\"><span data-path-to-node=\"7,1,1,0\">S&amp;B Foods Inc.<\/span><\/td>\n<\/tr>\n<tr>\n<td style=\"width: 134px\"><span data-path-to-node=\"7,2,0,0\"><b>Xu\u1ea5t X\u1ee9<\/b><\/span><\/td>\n<td style=\"width: 368px\"><span data-path-to-node=\"7,2,1,0\">Nh\u1eadt B\u1ea3n<\/span><\/td>\n<\/tr>\n<tr>\n<td style=\"width: 134px\"><span data-path-to-node=\"7,4,0,0\"><b>Kh\u1ed1i L\u01b0\u1ee3ng\u00a0<\/b><\/span><\/td>\n<td style=\"width: 368px\"><span data-path-to-node=\"7,4,1,0\">300 gram<\/span><\/td>\n<\/tr>\n<tr>\n<td style=\"width: 134px\"><span data-path-to-node=\"7,5,0,0\"><b>Th\u00e0nh Ph\u1ea7n<\/b><\/span><\/td>\n<td style=\"width: 368px\"><span data-path-to-node=\"7,5,1,0\">\u1edat \u0111\u1ecf s\u1ea5y kh\u00f4 xay nhuy\u1ec5n<\/span><\/td>\n<\/tr>\n<tr>\n<td style=\"width: 134px\"><span data-path-to-node=\"7,7,0,0\"><b>H\u1ea1n S\u1eed D\u1ee5ng<\/b><\/span><\/td>\n<td style=\"width: 368px\"><span data-path-to-node=\"7,7,1,0\">Xem tr\u00ean bao b\u00ec (th\u01b0\u1eddng 24 th\u00e1ng)<\/span><\/td>\n<\/tr>\n<tr>\n<td style=\"width: 134px\"><span data-path-to-node=\"7,8,0,0\"><b>B\u1ea3o Qu\u1ea3n<\/b><\/span><\/td>\n<td style=\"width: 368px\"><span data-path-to-node=\"7,8,1,0\">N\u01a1i kh\u00f4 r\u00e1o, tr\u00e1nh \u00e1nh n\u1eafng tr\u1ef1c ti\u1ebfp v\u00e0 \u0111\u1ed9 \u1ea9m cao<\/span><\/td>\n<\/tr>\n<\/tbody>\n<\/table>\n<p data-path-to-node=\"11\">\u1edat (Togarashi) l\u1ea7n \u0111\u1ea7u ti\u00ean \u0111\u01b0\u1ee3c \u0111\u01b0a v\u00e0o Nh\u1eadt B\u1ea3n v\u00e0o kho\u1ea3ng th\u1ebf k\u1ef7 16 th\u00f4ng qua c\u00e1c nh\u00e0 th\u00e1m hi\u1ec3m B\u1ed3 \u0110\u00e0o Nha. Ban \u0111\u1ea7u, n\u00f3 \u0111\u01b0\u1ee3c s\u1eed d\u1ee5ng nh\u01b0 m\u1ed9t lo\u1ea1i th\u1ea3o d\u01b0\u1ee3c h\u01a1n l\u00e0 gia v\u1ecb n\u1ea5u \u0103n. Tuy nhi\u00ean, \u0111\u1ebfn th\u1eddi k\u1ef3 Edo (1603\u20131867), \u1edbt b\u1eaft \u0111\u1ea7u tr\u1edf n\u00ean ph\u1ed5 bi\u1ebfn r\u1ed9ng r\u00e3i v\u00e0 tr\u1edf th\u00e0nh m\u1ed9t ph\u1ea7n kh\u00f4ng th\u1ec3 thi\u1ebfu trong n\u1ec1n \u1ea9m th\u1ef1c x\u1ee9 Ph\u00f9 Tang.<\/p>\n<p data-path-to-node=\"11\"><img fetchpriority=\"high\" decoding=\"async\" class=\"aligncenter wp-image-43924\" src=\"https:\/\/havamall.com\/wp-content\/uploads\/2025\/12\/ichi2.jpg\" alt=\"\" width=\"800\" height=\"800\" \/><\/p>\n<p data-path-to-node=\"12\">T\u00ean g\u1ecdi &#8220;Ichimi&#8221; c\u00f3 ngh\u0129a l\u00e0 &#8220;m\u1ed9t v\u1ecb&#8221;, \u00e1m ch\u1ec9 vi\u1ec7c s\u1eed d\u1ee5ng duy nh\u1ea5t th\u00e0nh ph\u1ea7n \u1edbt \u0111\u1ecf s\u1ea5y kh\u00f4, kh\u00e1c v\u1edbi d\u00f2ng Shichimi (b\u1ea3y v\u1ecb) ph\u1ed5 bi\u1ebfn. S\u1ef1 \u0111\u01a1n gi\u1ea3n n\u00e0y gi\u00fap gi\u1eef tr\u1ecdn v\u1eb9n s\u1ee9c n\u00f3ng v\u00e0 m\u00e0u s\u1eafc r\u1ef1c r\u1ee1 t\u1ef1 nhi\u00ean c\u1ee7a tr\u00e1i \u1edbt, ph\u1ea3n \u00e1nh tri\u1ebft l\u00fd \u1ea9m th\u1ef1c tinh t\u1ebf, t\u00f4n tr\u1ecdng nguy\u00ean li\u1ec7u g\u1ed1c c\u1ee7a ng\u01b0\u1eddi Nh\u1eadt.<\/p>\n<p data-path-to-node=\"12\"><img decoding=\"async\" class=\"aligncenter wp-image-43925\" src=\"https:\/\/havamall.com\/wp-content\/uploads\/2025\/12\/ichi3.jpg\" alt=\"\" width=\"800\" height=\"800\" \/><\/p>\n<\/div>\n<\/div>\n<p data-path-to-node=\"12\">V\u1edbi th\u00e0nh ph\u1ea7n 100% l\u00e0 \u1edbt \u0111\u1ecf s\u1ea5y kh\u00f4 \u0111\u01b0\u1ee3c xay nhuy\u1ec5n, Ichimi lo\u1ea1i b\u1ecf ho\u00e0n to\u00e0n m\u1ecdi y\u1ebfu t\u1ed1 g\u00e2y nhi\u1ec5u v\u1ec1 m\u00f9i h\u01b0\u01a1ng th\u1ea3o m\u1ed9c \u0111\u1ec3 t\u1eadp trung duy nh\u1ea5t v\u00e0o m\u1ed9t m\u1ee5c ti\u00eau: \u0111\u1ed9 cay v\u00e0 nhi\u1ec7t l\u01b0\u1ee3ng. Shichimi th\u01b0\u1eddng \u0111\u01b0\u1ee3c d\u00f9ng nh\u01b0 m\u1ed9t lo\u1ea1i gia v\u1ecb r\u1eafc b\u1ec1 m\u1eb7t (topping) v\u00e0o ph\u00fat cu\u1ed1i \u0111\u1ec3 k\u00edch th\u00edch kh\u1ee9u gi\u00e1c b\u1eb1ng m\u00f9i th\u01a1m tinh d\u1ea7u, trong khi Ichimi l\u1ea1i l\u00e0 s\u1ef1 l\u1ef1a ch\u1ecdn t\u1ed1i \u01b0u cho vi\u1ec7c t\u1ea9m \u01b0\u1edbp v\u00e0 gia nhi\u1ec7t.<\/p>\n<p data-path-to-node=\"12\"><img decoding=\"async\" class=\"aligncenter\" src=\"https:\/\/havamall.com\/wp-content\/uploads\/2025\/12\/57702055d4179f332dd77a1d3a3b500d.png\" width=\"801\" height=\"801\" \/><\/p>\n<p data-path-to-node=\"12\">Nh\u1edd k\u1ebft c\u1ea5u b\u1ed9t m\u1ecbn \u0111\u1ed3ng nh\u1ea5t v\u00e0 m\u00e0u \u0111\u1ecf t\u01b0\u01a1i r\u1ef1c r\u1ee1, Ichimi th\u1ea9m th\u1ea5u v\u00e0o th\u1ef1c ph\u1ea9m s\u00e2u h\u01a1n, t\u1ea1o ra v\u1ecb cay s\u1eafc n\u00e9t, tr\u1ef1c di\u1ec7n m\u00e0 kh\u00f4ng \u0111\u1ec3 l\u1ea1i c\u00e1c v\u1ee5n th\u1ea3o m\u1ed9c hay h\u1ea1t m\u00e8 l\u00e0m \u1ea3nh h\u01b0\u1edfng \u0111\u1ebfn \u0111\u1ed9 m\u01b0\u1ee3t m\u00e0 c\u1ee7a n\u01b0\u1edbc d\u00f9ng. \u0110\u1ed1i v\u1edbi nh\u1eefng \u0111\u1ea7u b\u1ebfp chuy\u00ean nghi\u1ec7p, Ichimi cho ph\u00e9p h\u1ecd ki\u1ec3m so\u00e1t ch\u00ednh x\u00e1c m\u1ee9c \u0111\u1ed9 cay c\u1ee7a m\u00f3n \u0103n m\u00e0 kh\u00f4ng l\u00e0m thay \u0111\u1ed5i h\u1ed3 s\u01a1 h\u01b0\u01a1ng v\u1ecb nguy\u00ean g\u1ed1c c\u1ee7a nguy\u00ean li\u1ec7u ch\u00ednh.<\/p>\n<p data-path-to-node=\"12\"><img loading=\"lazy\" decoding=\"async\" class=\"aligncenter wp-image-43926\" src=\"https:\/\/havamall.com\/wp-content\/uploads\/2025\/12\/ichi7.jpg\" alt=\"\" width=\"800\" height=\"800\" \/><\/p>\n<\/div>\n<p data-path-to-node=\"16\">V\u1edbi c\u00e1c lo\u1ea1i m\u00ec truy\u1ec1n th\u1ed1ng nh\u01b0 Udon hay Ramen, m\u1ed9t ch\u00fat b\u1ed9t \u1edbt Ichimi s\u1ebd ngay l\u1eadp t\u1ee9c k\u00edch ho\u1ea1t c\u00e1c ph\u00e2n t\u1eed h\u01b0\u01a1ng v\u1ecb trong n\u01b0\u1edbc d\u00f9ng, t\u1ea1o n\u00ean m\u1ed9t l\u1edbp nhi\u1ec7t \u1ea5m \u00e1p lan t\u1ecfa t\u1eeb th\u1ef1c qu\u1ea3n \u0111\u1ebfn d\u1ea1 d\u00e0y. Trong c\u00e1c m\u00f3n n\u01b0\u1edbng nh\u01b0 Yakitori hay c\u00e1c m\u00f3n chi\u00ean nh\u01b0 Tempura, v\u1ecb cay n\u1ed3ng n\u00e0n c\u1ee7a \u1edbt \u0111\u00f3ng vai tr\u00f2 nh\u01b0 m\u1ed9t ch\u1ea5t x\u00fac t\u00e1c, gi\u00fap c\u1eaft \u0111\u1ee9t c\u1ea3m gi\u00e1c b\u00e9o ng\u1eady c\u1ee7a m\u1ee1 v\u00e0 d\u1ea7u, l\u00e0m cho m\u00f3n \u0103n tr\u1edf n\u00ean c\u00e2n b\u1eb1ng v\u00e0 thanh tho\u00e1t h\u01a1n.<\/p>\n<p data-path-to-node=\"16\"><img loading=\"lazy\" decoding=\"async\" class=\"aligncenter wp-image-43927\" src=\"https:\/\/havamall.com\/wp-content\/uploads\/2025\/12\/ichi5.jpg\" alt=\"\" width=\"800\" height=\"625\" \/><\/p>\n<p data-path-to-node=\"17\">Kh\u00f4ng d\u1eebng l\u1ea1i \u1edf \u0111\u00f3, Ichimi Togarashi c\u00f2n l\u00e0 n\u1ec1n t\u1ea3ng ho\u00e0n h\u1ea3o \u0111\u1ec3 pha ch\u1ebf c\u00e1c lo\u1ea1i s\u1ed1t ch\u1ea5m \u0111\u1eadm \u0111\u00e0. Khi \u0111\u01b0\u1ee3c h\u00f2a quy\u1ec7n c\u00f9ng n\u01b0\u1edbc t\u01b0\u01a1ng Shoyu v\u00e0 m\u1ed9t ch\u00fat d\u1ea7u m\u00e8, b\u1ed9t \u1edbt n\u00e0y kh\u00f4ng ch\u1ec9 mang l\u1ea1i s\u1eafc \u0111\u1ecf quy\u1ebfn r\u0169 m\u00e0 c\u00f2n t\u1ea1o ra h\u1eadu v\u1ecb \u1ea5m n\u1ed3ng k\u00e9o d\u00e0i.<\/p>\n<p data-path-to-node=\"17\"><img loading=\"lazy\" decoding=\"async\" class=\"aligncenter\" src=\"https:\/\/spiceexotica.com\/wp-content\/uploads\/2025\/01\/togarashi-on-shrimp-tempura-udon-dish.jpeg\" width=\"800\" height=\"533\" \/><\/p>\n<p data-path-to-node=\"17\">B\u1ed9t \u1edbt \u0111\u1ecf nguy\u00ean ch\u1ea5t S&amp;B Ichimi Togarashi 300G l\u00e0 \u0111\u1ea1i di\u1ec7n ti\u00eau bi\u1ec3u cho tinh th\u1ea7n \u1ea9m th\u1ef1c Nh\u1eadt: \u0111\u01a1n gi\u1ea3n nh\u01b0ng \u0111\u1ea7y s\u1ee9c m\u1ea1nh. S\u1ea3n ph\u1ea9m hi\u1ec7n \u0111\u01b0\u1ee3c\u00a0<b>Havamall<\/b>\u00a0cung c\u1ea5p v\u1edbi cam k\u1ebft ch\u00ednh h\u00e3ng tuy\u1ec7t \u0111\u1ed1i t\u1eeb th\u01b0\u01a1ng hi\u1ec7u danh ti\u1ebfng S&amp;B Nh\u1eadt B\u1ea3n.<\/p>\n<\/div>","protected":false},"excerpt":{"rendered":"<p>B\u1ea2NG TH\u00d4NG TIN S\u1ea2N PH\u1ea8M Th\u01b0\u01a1ng Hi\u1ec7u S&amp;B Foods Inc. Xu\u1ea5t X\u1ee9 Nh\u1eadt B\u1ea3n Kh\u1ed1i L\u01b0\u1ee3ng\u00a0 300 gram Th\u00e0nh Ph\u1ea7n<\/p>","protected":false},"featured_media":43838,"comment_status":"open","ping_status":"closed","template":"","meta":[],"product_brand":[],"product_cat":[675,154,134],"product_tag":[],"class_list":{"0":"post-43837","1":"product","2":"type-product","3":"status-publish","4":"has-post-thumbnail","6":"product_cat-nhap-khau-nhat-ban","7":"product_cat-gia-vi","8":"product_cat-thucpham-saykho","10":"first","11":"instock","12":"sale","13":"shipping-taxable","14":"purchasable","15":"product-type-simple"},"_links":{"self":[{"href":"https:\/\/havamall.vn\/en\/wp-json\/wp\/v2\/product\/43837"}],"collection":[{"href":"https:\/\/havamall.vn\/en\/wp-json\/wp\/v2\/product"}],"about":[{"href":"https:\/\/havamall.vn\/en\/wp-json\/wp\/v2\/types\/product"}],"replies":[{"embeddable":true,"href":"https:\/\/havamall.vn\/en\/wp-json\/wp\/v2\/comments?post=43837"}],"version-history":[{"count":0,"href":"https:\/\/havamall.vn\/en\/wp-json\/wp\/v2\/product\/43837\/revisions"}],"wp:featuredmedia":[{"embeddable":true,"href":"https:\/\/havamall.vn\/en\/wp-json\/wp\/v2\/media\/43838"}],"wp:attachment":[{"href":"https:\/\/havamall.vn\/en\/wp-json\/wp\/v2\/media?parent=43837"}],"wp:term":[{"taxonomy":"product_brand","embeddable":true,"href":"https:\/\/havamall.vn\/en\/wp-json\/wp\/v2\/product_brand?post=43837"},{"taxonomy":"product_cat","embeddable":true,"href":"https:\/\/havamall.vn\/en\/wp-json\/wp\/v2\/product_cat?post=43837"},{"taxonomy":"product_tag","embeddable":true,"href":"https:\/\/havamall.vn\/en\/wp-json\/wp\/v2\/product_tag?post=43837"}],"curies":[{"name":"wp","href":"https:\/\/api.w.org\/{rel}","templated":true}]}}