{"id":43831,"date":"2025-12-17T13:28:58","date_gmt":"2025-12-17T06:28:58","guid":{"rendered":"https:\/\/havamall.vn\/?post_type=product&#038;p=43831"},"modified":"2025-12-17T13:29:01","modified_gmt":"2025-12-17T06:29:01","slug":"banh-xep-nhat-ban-gyoza-nhan-tom-rau-cu-dong-lanh-meiwa-250g-frozen-japanese-gyoza-shrimp-vegetable","status":"publish","type":"product","link":"https:\/\/havamall.vn\/en\/shop\/banh-xep-nhat-ban-gyoza-nhan-tom-rau-cu-dong-lanh-meiwa-250g-frozen-japanese-gyoza-shrimp-vegetable\/","title":{"rendered":"B\u00e1nh X\u1ebfp Nh\u1eadt B\u1ea3n Gyoza Nh\u00e2n T\u00f4m Rau C\u1ee7 \u0110\u00f4ng L\u1ea1nh Meiwa 250G \u2013 Frozen Japanese Gyoza Shrimp &amp; Vegetable"},"content":{"rendered":"<h2 data-path-to-node=\"11\">TH\u00d4NG TIN S\u1ea2N PH\u1ea8M<\/h2>\n<div class=\"horizontal-scroll-wrapper\">\n<div class=\"table-block-component\">\n<div class=\"table-block has-export-button\">\n<div class=\"table-content not-end-of-paragraph\" data-hveid=\"0\" data-ved=\"0CAAQ3ecQahgKEwi-t6uf6rGRAxUAAAAAHQAAAAAQyQs\">\n<table style=\"width: 59.9904%\" data-path-to-node=\"12\">\n<tbody>\n<tr>\n<td style=\"width: 184px\"><span data-path-to-node=\"12,1,0,0\"><b>Th\u01b0\u01a1ng Hi\u1ec7u<\/b><\/span><\/td>\n<td style=\"width: 635px\"><span data-path-to-node=\"12,1,1,0\">Meiwa (Taste of Japan)<\/span><\/td>\n<\/tr>\n<tr>\n<td style=\"width: 184px\"><span data-path-to-node=\"12,2,0,0\"><b>Xu\u1ea5t X\u1ee9<\/b><\/span><\/td>\n<td style=\"width: 635px\"><span data-path-to-node=\"12,2,1,0\">Vi\u1ec7t Nam<\/span><\/td>\n<\/tr>\n<tr>\n<td style=\"width: 184px\"><span data-path-to-node=\"12,3,0,0\"><b>Kh\u1ed1i L\u01b0\u1ee3ng<\/b><\/span><\/td>\n<td style=\"width: 635px\"><span data-path-to-node=\"12,3,1,0\">250G<\/span><\/td>\n<\/tr>\n<tr>\n<td style=\"width: 184px\"><span data-path-to-node=\"12,4,0,0\"><b>Th\u00e0nh Ph\u1ea7n Ch\u00ednh<\/b><\/span><\/td>\n<td style=\"width: 635px\"><span data-path-to-node=\"12,4,1,0\">V\u1ecf b\u00e1nh (B\u1ed9t m\u00ec, N\u01b0\u1edbc), Nh\u00e2n (Th\u1ecbt T\u00f4m, Rau C\u1ee7, Gia v\u1ecb), D\u1ea7u \u0103n<\/span><\/td>\n<\/tr>\n<tr>\n<td style=\"width: 184px\"><span data-path-to-node=\"12,6,0,0\"><b>B\u1ea3o Qu\u1ea3n<\/b><\/span><\/td>\n<td style=\"width: 635px\"><span data-path-to-node=\"12,6,1,0\">Lu\u00f4n gi\u1eef \u1edf nhi\u1ec7t \u0111\u1ed9 \u0111\u00f4ng l\u1ea1nh\u00a0<span class=\"math-inline\" data-math=\"-18 \\text{\u00b0C}\"><span class=\"katex\"><span class=\"katex-html\" aria-hidden=\"true\"><span class=\"base\"><span class=\"mord\">\u2212<\/span><span class=\"mord\">18<\/span><span class=\"mord text\"><span class=\"mord\">\u00b0C<\/span><\/span><\/span><\/span><\/span><\/span>\u00a0ho\u1eb7c th\u1ea5p h\u01a1n<\/span><\/td>\n<\/tr>\n<\/tbody>\n<\/table>\n<p data-path-to-node=\"16\">Gyoza, hay b\u00e1nh x\u1ebfp Nh\u1eadt B\u1ea3n, l\u00e0 m\u1ed9t m\u00f3n \u0103n n\u1ed5i ti\u1ebfng c\u00f3 ngu\u1ed3n g\u1ed1c s\u00e2u xa t\u1eeb\u00a0<b>Jiaozi<\/b>\u00a0c\u1ee7a Trung Qu\u1ed1c. Tuy nhi\u00ean, khi \u0111\u01b0\u1ee3c du nh\u1eadp v\u00e0o Nh\u1eadt B\u1ea3n sau Th\u1ebf chi\u1ebfn th\u1ee9 hai, Gyoza \u0111\u00e3 \u0111\u01b0\u1ee3c \u0111i\u1ec1u ch\u1ec9nh v\u1ec1 h\u01b0\u01a1ng v\u1ecb v\u00e0 ph\u01b0\u01a1ng ph\u00e1p ch\u1ebf bi\u1ebfn \u0111\u1ec3 ph\u00f9 h\u1ee3p v\u1edbi kh\u1ea9u v\u1ecb c\u1ee7a ng\u01b0\u1eddi Nh\u1eadt, tr\u1edf th\u00e0nh m\u1ed9t m\u00f3n \u0103n th\u01b0\u1eddng ng\u00e0y \u0111\u01b0\u1ee3c y\u00eau th\u00edch.<\/p>\n<p data-path-to-node=\"16\">Gyoza Nh\u1eadt B\u1ea3n th\u01b0\u1eddng c\u00f3 l\u1edbp v\u1ecf m\u1ecfng h\u01a1n, \u0111\u01b0\u1ee3c ch\u1ebf bi\u1ebfn b\u1eb1ng ph\u01b0\u01a1ng ph\u00e1p\u00a0<b>Yaki Gyoza<\/b>\u00a0(chi\u00ean \u00e1p ch\u1ea3o) \u0111\u1ec3 t\u1ea1o ra s\u1ef1 t\u01b0\u01a1ng ph\u1ea3n v\u1ec1 k\u1ebft c\u1ea5u:\u00a0<b>gi\u00f2n r\u1ee5m<\/b>\u00a0\u1edf \u0111\u00e1y b\u00e1nh v\u00e0\u00a0<b>m\u1ec1m m\u1ea1i<\/b>\u00a0\u1edf ph\u1ea7n v\u1ecf tr\u00ean.<\/p>\n<p data-path-to-node=\"16\"><img fetchpriority=\"high\" decoding=\"async\" class=\"aligncenter\" src=\"https:\/\/www.japanesecooking101.com\/wp-content\/uploads\/2016\/03\/IMG_9316.jpg\" width=\"800\" height=\"533\" \/><\/p>\n<\/div>\n<\/div>\n<h3 data-path-to-node=\"19\">\u0110\u1eb6C \u0110I\u1ec2M N\u1ed4I B\u1eacT C\u1ee6A GYOZA NH\u00c2N T\u00d4M RAU C\u1ee6<\/h3>\n<p data-path-to-node=\"21\">\u2013\u00a0<b>Nh\u00e2n T\u00f4m T\u01b0\u01a1i Ngon<\/b>: Nh\u00e2n b\u00e1nh s\u1eed d\u1ee5ng th\u1ecbt t\u00f4m t\u01b0\u01a1i, mang l\u1ea1i h\u01b0\u01a1ng v\u1ecb ng\u1ecdt thanh t\u1ef1 nhi\u00ean v\u00e0 k\u1ebft c\u1ea5u dai gi\u00f2n c\u1ee7a h\u1ea3i s\u1ea3n. V\u1ecb ng\u1ecdt c\u1ee7a t\u00f4m l\u00e0 y\u1ebfu t\u1ed1 ch\u1ee7 \u0111\u1ea1o, mang l\u1ea1i c\u1ea3m gi\u00e1c t\u01b0\u01a1i m\u1edbi, kh\u00e1c bi\u1ec7t r\u00f5 r\u1ec7t so v\u1edbi Gyoza nh\u00e2n th\u1ecbt heo truy\u1ec1n th\u1ed1ng.<\/p>\n<p data-path-to-node=\"22\">\u2013\u00a0<b>Rau C\u1ee7 T\u01b0\u01a1i M\u00e1t:\u00a0<\/b>Nh\u00e2n \u0111\u01b0\u1ee3c b\u1ed5 sung c\u00e1c lo\u1ea1i rau c\u1ee7 t\u01b0\u01a1i, th\u01b0\u1eddng bao g\u1ed3m b\u1eafp c\u1ea3i, h\u1eb9, v\u00e0 g\u1eebng. Rau c\u1ee7 kh\u00f4ng ch\u1ec9 cung c\u1ea5p ch\u1ea5t x\u01a1 v\u00e0 vitamin m\u00e0 c\u00f2n gi\u00fap c\u00e2n b\u1eb1ng \u0111\u1ed9 b\u00e9o c\u1ee7a t\u00f4m, t\u1ea1o ra h\u01b0\u01a1ng v\u1ecb thanh tho\u00e1t, kh\u00f4ng g\u00e2y ng\u1ea5y<\/p>\n<p data-path-to-node=\"22\"><img decoding=\"async\" class=\"aligncenter\" src=\"https:\/\/havamall.com\/wp-content\/uploads\/2025\/12\/how-to-make-vegetable-gyoza-vegan-dumplings-japanese-taste.jpg\" width=\"802\" height=\"535\" \/><\/p>\n<p data-path-to-node=\"23\">\u2013\u00a0<b>V\u1ecf B\u00e1nh M\u1ecfng M\u1ec1m:\u00a0<\/b>\u0110\u01b0\u1ee3c l\u00e0m t\u1eeb b\u1ed9t m\u00ec cao c\u1ea5p, c\u00f3 \u0111\u1ed9 m\u1ecfng l\u00fd t\u01b0\u1edfng, gi\u00fap Gyoza khi h\u1ea5p s\u1ebd m\u1ec1m m\u1ea1i v\u00e0 khi chi\u00ean s\u1ebd t\u1ea1o ra l\u1edbp \u0111\u00e1y gi\u00f2n ho\u00e0n h\u1ea3o.V\u1ecf b\u00e1nh \u0111\u01b0\u1ee3c l\u00e0m t\u1eeb b\u1ed9t m\u00ec cao c\u1ea5p, c\u00f3 \u0111\u1ed9 m\u1ecfng \u0111\u1eb7c tr\u01b0ng theo phong c\u00e1ch Gyoza Nh\u1eadt B\u1ea3n. T\u00ednh ch\u1ea5t n\u1ed5i b\u1eadt nh\u1ea5t l\u00e0 kh\u1ea3 n\u0103ng bi\u1ebfn \u0111\u1ed5i linh ho\u1ea1t theo ph\u01b0\u01a1ng ph\u00e1p ch\u1ebf bi\u1ebfn: khi\u00a0<b>chi\u00ean \u00e1p ch\u1ea3o<\/b>, v\u1ecf b\u00e1nh t\u1ea1o th\u00e0nh\u00a0<b>l\u1edbp \u0111\u1ebf v\u00e0ng, gi\u00f2n tan<\/b>, \u0111\u1ed1i l\u1eadp ho\u00e0n to\u00e0n v\u1edbi ph\u1ea7n v\u1ecf tr\u00ean\u00a0<b>m\u1ec1m m\u01b0\u1ee3t, d\u1ebbo dai<\/b>; khi\u00a0<b>h\u1ea5p<\/b>, v\u1ecf b\u00e1nh s\u1ebd tr\u1edf n\u00ean\u00a0<b>trong v\u00e0 m\u1ec1m m\u1ea1i<\/b>.<\/p>\n<p data-path-to-node=\"18\">\u2013 H\u01b0\u01a1ng v\u1ecb c\u1ee7a t\u00f4m \u0111\u01b0\u1ee3c c\u00e2n b\u1eb1ng v\u00e0 n\u00e2ng t\u1ea7m b\u1edfi s\u1ef1 g\u00f3p m\u1eb7t c\u1ee7a c\u00e1c lo\u1ea1i\u00a0<b>Rau C\u1ee7<\/b>\u00a0(th\u01b0\u1eddng l\u00e0 b\u1eafp c\u1ea3i, h\u1eb9) v\u00e0\u00a0<b>G\u1eebng<\/b>. B\u00e1nh Gyoza Meiwa t\u1ea1o ra s\u1ef1 h\u00f2a quy\u1ec7n c\u1ee7a nhi\u1ec1u k\u1ebft c\u1ea5u:\u00a0<b>gi\u00f2n r\u1ee5m<\/b>\u00a0c\u1ee7a \u0111\u1ebf b\u00e1nh chi\u00ean,\u00a0<b>dai m\u1ec1m<\/b>\u00a0c\u1ee7a v\u1ecf b\u00e1nh, v\u00e0\u00a0<b>m\u1ec1m m\u1ecdng n\u01b0\u1edbc<\/b>\u00a0c\u1ee7a ph\u1ea7n nh\u00e2n t\u00f4m rau c\u1ee7. S\u1ef1 \u0111a d\u1ea1ng v\u1ec1 k\u1ebft c\u1ea5u n\u00e0y khi\u1ebfn m\u00f3n \u0103n kh\u00f4ng h\u1ec1 nh\u00e0m ch\u00e1n.<\/p>\n<\/div>\n<p data-path-to-node=\"18\"><img decoding=\"async\" class=\"aligncenter\" src=\"https:\/\/havamall.com\/wp-content\/uploads\/2025\/12\/how-to-make-gyoza-japanese-dumplings-at-home-japanese-taste_cb0f7ffd-c13b-43ca-90a1-526050b4259f.jpg\" width=\"801\" height=\"540\" \/><\/p>\n<div class=\"table-block-component\">\n<h3 data-path-to-node=\"25\">C\u00c1CH CH\u1ebe BI\u1ebeN V\u00c0 TH\u01af\u1edeNG TH\u1ee8C<\/h3>\n<p data-path-to-node=\"27\">\u2013\u00a0<b>Chi\u00ean \u00c1p Ch\u1ea3o (Yaki Gyoza)<\/b>\u00a0\u2013 \u0110\u1eb7t b\u00e1nh v\u00e0o ch\u1ea3o n\u00f3ng c\u00f3 \u00edt d\u1ea7u, chi\u00ean m\u1eb7t \u0111\u00e1y \u0111\u1ebfn khi v\u00e0ng gi\u00f2n. Th\u00eam m\u1ed9t ch\u00fat n\u01b0\u1edbc ho\u1eb7c h\u1ed7n h\u1ee3p n\u01b0\u1edbc pha b\u1ed9t m\u00ec v\u00e0o ch\u1ea3o, \u0111\u1eady n\u1eafp v\u00e0 h\u1ea5p trong\u00a0<span class=\"math-inline\" data-math=\"3-5\"><span class=\"katex\"><span class=\"katex-html\" aria-hidden=\"true\"><span class=\"base\"><span class=\"mord\">3<\/span><span class=\"mbin\">\u2212<\/span><\/span><span class=\"base\"><span class=\"mord\">5<\/span><\/span><\/span><\/span><\/span>\u00a0ph\u00fat. M\u1edf n\u1eafp cho n\u01b0\u1edbc bay h\u01a1i h\u1ebft, ti\u1ebfp t\u1ee5c chi\u00ean \u0111\u1ebfn khi \u0111\u1ebf b\u00e1nh gi\u00f2n r\u1ee5m.<\/p>\n<p data-path-to-node=\"28\">\u2013\u00a0<b>H\u1ea5p (Sui Gyoza)<\/b>\u00a0\u2013 \u0110\u1eb7t b\u00e1nh v\u00e0o n\u1ed3i h\u1ea5p v\u00e0 h\u1ea5p kho\u1ea3ng\u00a0<span class=\"math-inline\" data-math=\"8-10\"><span class=\"katex\"><span class=\"katex-html\" aria-hidden=\"true\"><span class=\"base\"><span class=\"mord\">8<\/span><span class=\"mbin\">\u2212<\/span><\/span><span class=\"base\"><span class=\"mord\">10<\/span><\/span><\/span><\/span><\/span>\u00a0ph\u00fat cho \u0111\u1ebfn khi v\u1ecf b\u00e1nh trong v\u00e0 m\u1ec1m. B\u00e1nh h\u1ea5p th\u01b0\u1eddng \u0111\u01b0\u1ee3c th\u01b0\u1edfng th\u1ee9c v\u1edbi n\u01b0\u1edbc t\u01b0\u01a1ng pha gi\u1ea5m ho\u1eb7c n\u01b0\u1edbc ch\u1ea5m chua ng\u1ecdt.<\/p>\n<p data-path-to-node=\"29\">\u2013\u00a0<b>N\u1ea5u S\u00fap (Gyoza Soup)<\/b>\u00a0\u2013 B\u00e1nh Gyoza c\u00f3 th\u1ec3 \u0111\u01b0\u1ee3c th\u1ea3 tr\u1ef1c ti\u1ebfp v\u00e0o n\u01b0\u1edbc d\u00f9ng \u0111ang s\u00f4i \u0111\u1ec3 n\u1ea5u s\u00fap. B\u00e1nh sau khi ch\u00edn s\u1ebd m\u1ec1m, th\u1ea5m v\u1ecb n\u01b0\u1edbc d\u00f9ng, th\u00edch h\u1ee3p cho nh\u1eefng ng\u00e0y se l\u1ea1nh.<\/p>\n<p data-path-to-node=\"30\">Gyoza th\u01b0\u1eddng \u0111\u01b0\u1ee3c th\u01b0\u1edfng th\u1ee9c k\u00e8m v\u1edbi n\u01b0\u1edbc ch\u1ea5m truy\u1ec1n th\u1ed1ng (s\u1ed1t Tare) \u0111\u01b0\u1ee3c pha t\u1eeb n\u01b0\u1edbc t\u01b0\u01a1ng (Shoyu), gi\u1ea5m g\u1ea1o, d\u1ea7u \u1edbt La-yu (ho\u1eb7c d\u1ea7u m\u00e8) v\u00e0 m\u1ed9t ch\u00fat g\u1eebng t\u01b0\u01a1i b\u00e0o.<\/p>\n<h3 data-path-to-node=\"31\"><img loading=\"lazy\" decoding=\"async\" class=\"aligncenter\" src=\"https:\/\/havamall.com\/wp-content\/uploads\/2025\/12\/R2556-photo-final-1.jpg\" alt=\"Quick brothy dumpling soup\" width=\"800\" height=\"600\" \/><\/h3>\n<p data-path-to-node=\"32\">B\u00e1nh X\u1ebfp Nh\u1eadt B\u1ea3n Gyoza Nh\u00e2n T\u00f4m Rau C\u1ee7 \u0110\u00f4ng L\u1ea1nh Meiwa l\u00e0 l\u1ef1a ch\u1ecdn tuy\u1ec7t v\u1eddi cho nh\u1eefng ng\u01b0\u1eddi y\u00eau th\u00edch \u1ea9m th\u1ef1c Nh\u1eadt B\u1ea3n, t\u00ecm ki\u1ebfm m\u1ed9t m\u00f3n \u0103n ti\u1ec7n l\u1ee3i, ngon mi\u1ec7ng v\u00e0 gi\u00e0u dinh d\u01b0\u1ee1ng.\u00a0S\u1ea3n ph\u1ea9m \u0111\u01b0\u1ee3c\u00a0<b>Havamall<\/b>\u00a0nh\u1eadp kh\u1ea9u v\u00e0 ph\u00e2n ph\u1ed1i.<\/p>\n<\/div>\n<\/div>","protected":false},"excerpt":{"rendered":"<p>TH\u00d4NG TIN S\u1ea2N PH\u1ea8M Th\u01b0\u01a1ng Hi\u1ec7u Meiwa (Taste of Japan) Xu\u1ea5t X\u1ee9 Vi\u1ec7t Nam Kh\u1ed1i L\u01b0\u1ee3ng 250G Th\u00e0nh Ph\u1ea7n Ch\u00ednh<\/p>","protected":false},"featured_media":43832,"comment_status":"open","ping_status":"closed","template":"","meta":[],"product_brand":[],"product_cat":[675,275],"product_tag":[],"class_list":{"0":"post-43831","1":"product","2":"type-product","3":"status-publish","4":"has-post-thumbnail","6":"product_cat-nhap-khau-nhat-ban","7":"product_cat-thuc-pham-dong-lanh","9":"first","10":"instock","11":"sale","12":"shipping-taxable","13":"purchasable","14":"product-type-simple"},"_links":{"self":[{"href":"https:\/\/havamall.vn\/en\/wp-json\/wp\/v2\/product\/43831"}],"collection":[{"href":"https:\/\/havamall.vn\/en\/wp-json\/wp\/v2\/product"}],"about":[{"href":"https:\/\/havamall.vn\/en\/wp-json\/wp\/v2\/types\/product"}],"replies":[{"embeddable":true,"href":"https:\/\/havamall.vn\/en\/wp-json\/wp\/v2\/comments?post=43831"}],"version-history":[{"count":0,"href":"https:\/\/havamall.vn\/en\/wp-json\/wp\/v2\/product\/43831\/revisions"}],"wp:featuredmedia":[{"embeddable":true,"href":"https:\/\/havamall.vn\/en\/wp-json\/wp\/v2\/media\/43832"}],"wp:attachment":[{"href":"https:\/\/havamall.vn\/en\/wp-json\/wp\/v2\/media?parent=43831"}],"wp:term":[{"taxonomy":"product_brand","embeddable":true,"href":"https:\/\/havamall.vn\/en\/wp-json\/wp\/v2\/product_brand?post=43831"},{"taxonomy":"product_cat","embeddable":true,"href":"https:\/\/havamall.vn\/en\/wp-json\/wp\/v2\/product_cat?post=43831"},{"taxonomy":"product_tag","embeddable":true,"href":"https:\/\/havamall.vn\/en\/wp-json\/wp\/v2\/product_tag?post=43831"}],"curies":[{"name":"wp","href":"https:\/\/api.w.org\/{rel}","templated":true}]}}