{"id":43796,"date":"2025-12-15T10:09:13","date_gmt":"2025-12-15T03:09:13","guid":{"rendered":"https:\/\/havamall.vn\/?post_type=product&#038;p=43796"},"modified":"2025-12-15T10:09:14","modified_gmt":"2025-12-15T03:09:14","slug":"vien-giat-xa-bold-gel-ball-4in1-nhat-ban-huong-tra-trang-hoa-hong-hop-11-vien-bold-gel-ball-white-tea-floral","status":"publish","type":"product","link":"https:\/\/havamall.vn\/en\/shop\/vien-giat-xa-bold-gel-ball-4in1-nhat-ban-huong-tra-trang-hoa-hong-hop-11-vien-bold-gel-ball-white-tea-floral\/","title":{"rendered":"Vi\u00ean Gi\u1eb7t X\u1ea3 Bold Gel Ball 4in1 Nh\u1eadt B\u1ea3n H\u01b0\u01a1ng Tr\u00e0 Tr\u1eafng &amp; Hoa H\u1ed3ng H\u1ed9p 11 Vi\u00ean \u2013 Bold Gel Ball White Tea &amp; Floral"},"content":{"rendered":"<h2 data-path-to-node=\"6\">TH\u00d4NG TIN CHI TI\u1ebeT S\u1ea2N PH\u1ea8M<\/h2>\n<div class=\"horizontal-scroll-wrapper\">\n<div class=\"table-block-component\">\n<div class=\"table-block has-export-button\">\n<div class=\"table-content not-end-of-paragraph\" data-hveid=\"0\" data-ved=\"0CAAQ3ecQahgKEwi-t6uf6rGRAxUAAAAAHQAAAAAQzQg\">\n<table style=\"width: 72.9551%;height: 89px\" data-path-to-node=\"7\">\n<tbody>\n<tr>\n<td style=\"width: 135px\"><span data-path-to-node=\"7,1,0,0\"><b>Th\u01b0\u01a1ng Hi\u1ec7u<\/b><\/span><\/td>\n<td style=\"width: 1214px\"><span data-path-to-node=\"7,1,1,0\">Bold Gel Ball (Thu\u1ed9c T\u1eadp \u0111o\u00e0n P&amp;G Nh\u1eadt B\u1ea3n)<\/span><\/td>\n<\/tr>\n<tr>\n<td style=\"width: 135px\"><span data-path-to-node=\"7,2,0,0\"><b>Xu\u1ea5t X\u1ee9<\/b><\/span><\/td>\n<td style=\"width: 1214px\"><span data-path-to-node=\"7,2,1,0\">Nh\u1eadt B\u1ea3n<\/span><\/td>\n<\/tr>\n<tr>\n<td style=\"width: 135px\"><span data-path-to-node=\"7,4,0,0\"><b>Th\u00e0nh Ph\u1ea7n Ch\u00ednh<\/b><\/span><\/td>\n<td style=\"width: 1214px\"><span data-path-to-node=\"7,4,1,0\">Ch\u1ea5t ho\u1ea1t \u0111\u1ed9ng b\u1ec1 m\u1eb7t (chi\u1ebfm 65% bao g\u1ed3m Linear alkylbenzene sulfonate, mu\u1ed1i este alkyl ether sulfate, x\u00e0 ph\u00f2ng tinh khi\u1ebft, polyoxyethylene alkyl ether), Ch\u1ea5t \u1ed5n \u0111\u1ecbnh, H\u01b0\u01a1ng li\u1ec7u, Enzyme, Ch\u1ea5t l\u00e0m m\u1ec1m v\u1ea3i, Ch\u1ea5t l\u00e0m tr\u1eafng hu\u1ef3nh quang<\/span><\/td>\n<\/tr>\n<tr>\n<td style=\"width: 135px\"><span data-path-to-node=\"7,5,0,0\"><b>H\u1ea1n S\u1eed D\u1ee5ng<\/b><\/span><\/td>\n<td style=\"width: 1214px\"><span data-path-to-node=\"7,5,1,0\">03 n\u0103m k\u1ec3 t\u1eeb Ng\u00e0y S\u1ea3n Xu\u1ea5t<\/span><\/td>\n<\/tr>\n<tr>\n<td style=\"width: 135px\"><span data-path-to-node=\"7,6,0,0\"><b>B\u1ea3o Qu\u1ea3n<\/b><\/span><\/td>\n<td style=\"width: 1214px\"><span data-path-to-node=\"7,6,1,0\">N\u01a1i kh\u00f4 r\u00e1o, tho\u00e1ng m\u00e1t, tr\u00e1nh xa t\u1ea7m tay tr\u1ebb em v\u00e0 \u00e1nh n\u1eafng m\u1eb7t tr\u1eddi<\/span><\/td>\n<\/tr>\n<\/tbody>\n<\/table>\n<p data-path-to-node=\"12\">D\u00f2ng\u00a0<b>Bold Gel Ball<\/b>\u00a0\u0111\u01b0\u1ee3c thi\u1ebft k\u1ebf \u0111\u1ec3 tr\u1edf th\u00e0nh m\u1ed9t gi\u1ea3i ph\u00e1p\u00a0<b>&#8220;1 Vi\u00ean Ho\u00e0n H\u1ea3o&#8221;<\/b>\u00a0(<i>1 Tsubu de Ky\u016bkyoku<\/i>), t\u00edch h\u1ee3p \u0111\u1ea7y \u0111\u1ee7 c\u00e1c ch\u1ee9c n\u0103ng c\u1ea7n thi\u1ebft ch\u1ec9 trong m\u1ed9t l\u1edbp m\u00e0ng phim polymer tan trong n\u01b0\u1edbc. S\u1ef1 ra \u0111\u1eddi c\u1ee7a Bold Gel Ball gi\u1ea3i quy\u1ebft tri\u1ec7t \u0111\u1ec3 v\u1ea5n \u0111\u1ec1 \u0111ong \u0111\u1ebfm li\u1ec1u l\u01b0\u1ee3ng kh\u00f4ng ch\u00ednh x\u00e1c v\u00e0 gi\u1ea3m thi\u1ec3u t\u00ecnh tr\u1ea1ng c\u1eb7n b\u1ed9t gi\u1eb7t ho\u1eb7c n\u01b0\u1edbc gi\u1eb7t d\u01b0 th\u1eeba b\u00e1m tr\u00ean qu\u1ea7n \u00e1o. C\u00f4ng th\u1ee9c \u0111\u1eadm \u0111\u1eb7c c\u1ee7a n\u00f3 gi\u00fap t\u1ed1i \u01b0u h\u00f3a hi\u1ec7u su\u1ea5t l\u00e0m s\u1ea1ch, \u0111\u1ed3ng th\u1eddi b\u1ea3o v\u1ec7 qu\u1ea7n \u00e1o ngay t\u1eeb l\u1ea7n gi\u1eb7t \u0111\u1ea7u ti\u00ean.<\/p>\n<p data-path-to-node=\"12\"><img decoding=\"async\" class=\"aligncenter\" src=\"https:\/\/havamall.com\/wp-content\/uploads\/2025\/12\/4987176336286-1.jpg\" alt=\"Vi\u00ean gi\u1eb7t x\u1ea3 Nh\u1eadt B\u1ea3n kh\u1eed m\u00f9i, ch\u1ed1ng nh\u0103n, \u1ed1 v\u00e0ng 4 trong 1 Gel Ball Bold  P&amp;G H\u01b0\u01a1ng hoa tr\u00e0 tr\u1eafng 27 vi\u00ean\" \/><\/p>\n<h3 data-path-to-node=\"13\">C\u00d4NG D\u1ee4NG 4-TRONG-1 V\u00c0 C\u00d4NG NGH\u1ec6 L\u00c0M S\u1ea0CH V\u01af\u1ee2T TR\u1ed8I<\/h3>\n<p data-path-to-node=\"15\">\u2013\u00a0<b>T\u1ea9y S\u1ea1ch V\u1ebft B\u1ea9n M\u1ea1nh M\u1ebd:\u00a0<\/b>V\u1edbi h\u00e0m l\u01b0\u1ee3ng ch\u1ea5t ho\u1ea1t \u0111\u1ed9ng b\u1ec1 m\u1eb7t cao (l\u00ean \u0111\u1ebfn 65%), vi\u00ean gi\u1eb7t c\u00f3 kh\u1ea3 n\u0103ng th\u00e2m nh\u1eadp s\u00e2u v\u00e0o s\u1ee3i v\u1ea3i, lo\u1ea1i b\u1ecf c\u00e1c v\u1ebft b\u1ea9n c\u1ee9ng \u0111\u1ea7u, b\u1ee5i b\u1ea9n v\u00e0 d\u1ea7u m\u1ee1 m\u1ed9t c\u00e1ch hi\u1ec7u qu\u1ea3. C\u00f4ng ngh\u1ec7 enzyme \u0111\u01b0\u1ee3c b\u1ed5 sung gi\u00fap ph\u00e2n h\u1ee7y c\u00e1c v\u1ebft b\u1ea9n h\u1eefu c\u01a1 kh\u00f3 l\u00e0m s\u1ea1ch.<\/p>\n<p data-path-to-node=\"16\">\u2013\u00a0<b>L\u00e0m M\u1ec1m V\u1ea3i T\u1ed1i \u01afu:\u00a0<\/b>Vi\u00ean gi\u1eb7t \u0111\u01b0\u1ee3c t\u00edch h\u1ee3p th\u00e0nh ph\u1ea7n l\u00e0m m\u1ec1m v\u1ea3i chuy\u00ean d\u1ee5ng, gi\u00fap s\u1ee3i v\u1ea3i tr\u1edf n\u00ean m\u1ec1m m\u1ea1i, m\u1ecbn m\u00e0ng h\u01a1n so v\u1edbi khi d\u00f9ng n\u01b0\u1edbc gi\u1eb7t th\u00f4ng th\u01b0\u1eddng. S\u1ef1 m\u1ec1m m\u1ea1i n\u00e0y mang l\u1ea1i c\u1ea3m gi\u00e1c tho\u1ea3i m\u00e1i t\u1ed1i \u0111a cho ng\u01b0\u1eddi m\u1eb7c.<\/p>\n<p data-path-to-node=\"17\">\u2013\u00a0<b>Kh\u1eed M\u00f9i &amp; Kh\u00e1ng Khu\u1ea9n To\u00e0n Di\u1ec7n:\u00a0<\/b>Bold Gel Ball ch\u1ee9a c\u00e1c t\u00e1c nh\u00e2n kh\u1eed m\u00f9i v\u00e0 kh\u00e1ng khu\u1ea9n m\u1ea1nh m\u1ebd, gi\u00fap lo\u1ea1i b\u1ecf m\u00f9i h\u00f4i \u1ea9m m\u1ed1c, m\u00f9i m\u1ed3 h\u00f4i kh\u00f3 ch\u1ecbu v\u00e0 ng\u0103n ch\u1eb7n s\u1ef1 ph\u00e1t tri\u1ec3n c\u1ee7a vi khu\u1ea9n g\u00e2y m\u00f9i tr\u00ean qu\u1ea7n \u00e1o. Hi\u1ec7u qu\u1ea3 n\u00e0y \u0111\u1eb7c bi\u1ec7t h\u1eefu \u00edch khi ph\u01a1i qu\u1ea7n \u00e1o trong nh\u00e0 ho\u1eb7c trong nh\u1eefng ng\u00e0y th\u1eddi ti\u1ebft \u1ea9m \u01b0\u1edbt.<\/p>\n<p data-path-to-node=\"18\">\u2013\u00a0<b>Ch\u1ed1ng Nh\u0103n v\u00e0 Ch\u1ed1ng \u1ed0 V\u00e0ng Hi\u1ec7u Qu\u1ea3:\u00a0<\/b>C\u00f4ng th\u1ee9c \u0111\u1eb7c bi\u1ec7t \u0111\u01b0\u1ee3c thi\u1ebft k\u1ebf \u0111\u1ec3 gi\u1ea3m thi\u1ec3u \u0111\u00e1ng k\u1ec3 c\u00e1c n\u1ebfp nh\u0103n h\u00ecnh th\u00e0nh trong qu\u00e1 tr\u00ecnh gi\u1eb7t, gi\u00fap qu\u1ea7n \u00e1o ph\u1eb3ng phiu h\u01a1n v\u00e0 ti\u1ebft ki\u1ec7m th\u1eddi gian l\u00e0 \u1ee7i. B\u00ean c\u1ea1nh \u0111\u00f3, c\u00e1c ch\u1ea5t l\u00e0m tr\u1eafng quang h\u1ecdc gi\u00fap\u00a0<b>ng\u0103n ch\u1eb7n s\u1ef1 ng\u1ea3 m\u00e0u v\u00e0ng<\/b>, duy tr\u00ec \u0111\u1ed9 s\u00e1ng t\u1ef1 nhi\u00ean cho v\u1ea3i v\u00f3c.<\/p>\n<p data-path-to-node=\"18\"><img decoding=\"async\" class=\"aligncenter\" src=\"https:\/\/havamall.com\/wp-content\/uploads\/2025\/12\/4987176336293-3.jpg\" \/><\/p>\n<h3 data-path-to-node=\"19\">H\u01af\u01a0NG TH\u01a0M HOTEL COLLECTION: TINH HOA TR\u00c0 TR\u1eaeNG V\u00c0 HOA H\u1ed2NG<\/h3>\n<p data-path-to-node=\"20\">\u0110i\u1ec3m nh\u1ea5n \u0111\u1eb7c bi\u1ec7t c\u1ee7a phi\u00ean b\u1ea3n n\u00e0y l\u00e0 h\u01b0\u01a1ng th\u01a1m \u0111\u01b0\u1ee3c ch\u1ebf t\u00e1c t\u1eeb d\u00f2ng s\u1ea3n ph\u1ea9m cao c\u1ea5p\u00a0<b>Hotel 5 Star Collection<\/b>, \u0111\u01b0\u1ee3c s\u00e1ng t\u1ea1o nh\u1eb1m t\u00e1i hi\u1ec7n l\u1ea1i b\u1ea7u kh\u00f4ng kh\u00ed th\u01b0 th\u00e1i v\u00e0 \u0111\u1eb3ng c\u1ea5p c\u1ee7a c\u00e1c kh\u00e1ch s\u1ea1n n\u0103m sao ngay t\u1ea1i kh\u00f4ng gian s\u1ed1ng h\u00e0ng ng\u00e0y. H\u01b0\u01a1ng th\u01a1m \u0111\u01b0\u1ee3c c\u00e1c chuy\u00ean gia n\u01b0\u1edbc hoa c\u1ee7a P&amp;G \u0111i\u1ec1u ch\u1ebf, k\u1ebft h\u1ee3p s\u1ef1 thanh l\u1ecbch c\u1ee7a\u00a0<b>Tr\u00e0 Tr\u1eafng (White Tea)<\/b>\u00a0v\u00e0 s\u1ef1 l\u00e3ng m\u1ea1n c\u1ee7a\u00a0<b>Hoa H\u1ed3ng (Floral)<\/b>.<\/p>\n<p data-path-to-node=\"21\">\u2013 H\u01b0\u01a1ng Tr\u00e0 Tr\u1eafng mang \u0111\u1ebfn c\u1ea3m gi\u00e1c tinh khi\u1ebft, t\u1ed1i gi\u1ea3n v\u00e0 s\u1ea1ch s\u1ebd.<\/p>\n<p data-path-to-node=\"22\">\u2013 H\u01b0\u01a1ng Hoa H\u1ed3ng th\u00eam v\u00e0o s\u1ef1 \u1ea5m \u00e1p, quy\u1ebfn r\u0169 v\u00e0 ph\u1ee9c t\u1ea1p cho t\u1ed5ng th\u1ec3 m\u00f9i h\u01b0\u01a1ng.<\/p>\n<p data-path-to-node=\"23\">S\u1ef1 k\u1ebft h\u1ee3p n\u00e0y t\u1ea1o ra m\u1ed9t h\u01b0\u01a1ng th\u01a1m tinh t\u1ebf, kh\u00f4ng qu\u00e1 n\u1ed3ng g\u1eaft nh\u01b0ng l\u1ea1i c\u00f3 kh\u1ea3 n\u0103ng l\u01b0u h\u01b0\u01a1ng c\u1ef1c k\u1ef3 b\u1ec1n b\u1ec9 tr\u00ean s\u1ee3i v\u1ea3i, k\u00e9o d\u00e0i su\u1ed1t c\u1ea3 ng\u00e0y v\u00e0 c\u1ea3 khi qu\u1ea7n \u00e1o \u0111\u00e3 \u0111\u01b0\u1ee3c c\u1ea5t v\u00e0o t\u1ee7. Ngay c\u1ea3 khi ph\u01a1i qu\u1ea7n \u00e1o trong nh\u00e0, vi\u00ean gi\u1eb7t Bold v\u1eabn ph\u00e1t huy hi\u1ec7u \u1ee9ng khu\u1ebfch t\u00e1n h\u01b0\u01a1ng th\u01a1m (Aroma diffuser effect), gi\u1eef cho kh\u00f4ng gian s\u1ed1ng lu\u00f4n ng\u1eadp tr\u00e0n m\u00f9i h\u01b0\u01a1ng d\u1ec5 ch\u1ecbu.<\/p>\n<p data-path-to-node=\"23\"><img fetchpriority=\"high\" decoding=\"async\" class=\"aligncenter  wp-image-43875\" src=\"https:\/\/havamall.com\/wp-content\/uploads\/2025\/12\/z7322130183891_a96266e12c31f1e2f8cab5899f2f4daf-scaled.jpg\" alt=\"\" width=\"799\" height=\"1065\" \/><\/p>\n<h3 data-path-to-node=\"24\">H\u01af\u1edaNG D\u1eaaN S\u1eec D\u1ee4NG V\u00c0 V\u0102N H\u00d3A TI\u1ec6N L\u1ee2I<\/h3>\n<p data-path-to-node=\"26\">\u2013\u00a0<b>Thao t\u00e1c \u0110\u01a1n gi\u1ea3n:<\/b>\u00a0Ng\u01b0\u1eddi d\u00f9ng ch\u1ec9 c\u1ea7n th\u1ea3\u00a0<b>m\u1ed9t vi\u00ean<\/b>\u00a0Gel Ball tr\u1ef1c ti\u1ebfp v\u00e0o \u0111\u00e1y l\u1ed3ng gi\u1eb7t (tr\u01b0\u1edbc khi cho qu\u1ea7n \u00e1o).<\/p>\n<p data-path-to-node=\"27\">\u2013\u00a0<b>\u0110\u1ecbnh l\u01b0\u1ee3ng Chu\u1ea9n:<\/b>\u00a0<b>1 vi\u00ean<\/b>\u00a0\u0111\u01b0\u1ee3c \u0111\u1ecbnh l\u01b0\u1ee3ng ho\u00e0n h\u1ea3o cho kh\u1ed1i l\u01b0\u1ee3ng qu\u1ea7n \u00e1o t\u1eeb\u00a0<span class=\"math-inline\" data-math=\"2 \\text{kg}\"><span class=\"katex\"><span class=\"katex-html\" aria-hidden=\"true\"><span class=\"base\"><span class=\"mord\">2<\/span><span class=\"mord text\"><span class=\"mord\">kg<\/span><\/span><\/span><\/span><\/span><\/span>\u00a0\u0111\u1ebfn\u00a0<span class=\"math-inline\" data-math=\"6 \\text{kg}\"><span class=\"katex\"><span class=\"katex-html\" aria-hidden=\"true\"><span class=\"base\"><span class=\"mord\">6<\/span><span class=\"mord text\"><span class=\"mord\">kg<\/span><\/span><\/span><\/span><\/span><\/span>\u00a0ho\u1eb7c l\u01b0\u1ee3ng n\u01b0\u1edbc gi\u1eb7t t\u1eeb\u00a0<span class=\"math-inline\" data-math=\"30 \\text{L}\"><span class=\"katex\"><span class=\"katex-html\" aria-hidden=\"true\"><span class=\"base\"><span class=\"mord\">30<\/span><span class=\"mord text\"><span class=\"mord\">L<\/span><\/span><\/span><\/span><\/span><\/span>\u00a0\u0111\u1ebfn\u00a0<span class=\"math-inline\" data-math=\"65 \\text{L}\"><span class=\"katex\"><span class=\"katex-html\" aria-hidden=\"true\"><span class=\"base\"><span class=\"mord\">65<\/span><span class=\"mord text\"><span class=\"mord\">L<\/span><\/span><\/span><\/span><\/span><\/span>.<\/p>\n<p data-path-to-node=\"28\">\u2013\u00a0<b>T\u1ea3i Tr\u1ecdng L\u1edbn:<\/b>\u00a0\u0110\u1ed1i v\u1edbi l\u01b0\u1ee3ng qu\u1ea7n \u00e1o l\u1edbn (tr\u00ean\u00a0<span class=\"math-inline\" data-math=\"6 \\text{kg}\"><span class=\"katex\"><span class=\"katex-html\" aria-hidden=\"true\"><span class=\"base\"><span class=\"mord\">6<\/span><span class=\"mord text\"><span class=\"mord\">kg<\/span><\/span><\/span><\/span><\/span><\/span>), \u0111\u1ed3 qu\u00e1 b\u1ea9n ho\u1eb7c ch\u1ea5t li\u1ec7u d\u00e0y nh\u01b0 jeans, c\u00f3 th\u1ec3 s\u1eed d\u1ee5ng\u00a0<b>2 vi\u00ean<\/b>.<\/p>\n<p data-path-to-node=\"29\">\u2013\u00a0<b>L\u01b0u \u00fd Quan tr\u1ecdng:<\/b>\u00a0Kh\u00f4ng d\u00f9ng tay \u01b0\u1edbt \u0111\u1ec3 ch\u1ea1m v\u00e0o vi\u00ean gi\u1eb7t v\u00ec m\u00e0ng phim s\u1ebd tan ngay khi ti\u1ebfp x\u00fac v\u1edbi n\u01b0\u1edbc. S\u1ea3n ph\u1ea9m ch\u1ec9 d\u00f9ng cho gi\u1eb7t m\u00e1y.<\/p>\n<p data-path-to-node=\"30\">Vi\u00ean Gi\u1eb7t X\u1ea3 Bold Gel Ball 4in1 Hotel Collection l\u00e0 \u0111\u1ea1i di\u1ec7n cho phong c\u00e1ch s\u1ed1ng hi\u1ec7n \u0111\u1ea1i, n\u01a1i c\u00f4ng ngh\u1ec7 \u0111\u01b0\u1ee3c s\u1eed d\u1ee5ng \u0111\u1ec3 t\u1ed1i \u0111a h\u00f3a ch\u1ea5t l\u01b0\u1ee3ng v\u00e0 ti\u1ebft ki\u1ec7m th\u1eddi gian. S\u1ea3n ph\u1ea9m kh\u00f4ng ch\u1ec9 gi\u1eb7t s\u1ea1ch m\u00e0 c\u00f2n l\u00e0 s\u1ef1 ch\u0103m s\u00f3c cao c\u1ea5p cho m\u1ecdi lo\u1ea1i v\u1ea3i, n\u00e2ng cao tr\u1ea3i nghi\u1ec7m s\u1ed1ng h\u00e0ng ng\u00e0y.<\/p>\n<h3 data-path-to-node=\"31\"><img decoding=\"async\" class=\"aligncenter  wp-image-43876\" src=\"https:\/\/havamall.com\/wp-content\/uploads\/2025\/12\/m37936490770_4.jpg\" alt=\"\" width=\"800\" height=\"800\" \/><\/h3>\n<p data-path-to-node=\"32\">Vi\u00ean Gi\u1eb7t X\u1ea3 Bold Gel Ball 4in1 Hotel Collection P&amp;G Nh\u1eadt B\u1ea3n H\u01b0\u01a1ng Tr\u00e0 Tr\u1eafng &amp; Hoa H\u1ed3ng l\u00e0 s\u1ef1 k\u1ebft h\u1ee3p ho\u00e0n h\u1ea3o gi\u1eefa c\u00f4ng ngh\u1ec7 l\u00e0m s\u1ea1ch 4-trong-1 ti\u1ec7n l\u1ee3i v\u00e0 h\u01b0\u01a1ng th\u01a1m \u0111\u1eb3ng c\u1ea5p, sang tr\u1ecdng.\u00a0S\u1ea3n ph\u1ea9m cao c\u1ea5p n\u00e0y hi\u1ec7n \u0111ang \u0111\u01b0\u1ee3c ph\u00e2n ph\u1ed1i t\u1ea1i\u00a0<b>Havamall<\/b>, \u0111\u01a1n v\u1ecb chuy\u00ean nh\u1eadp kh\u1ea9u c\u00e1c m\u1eb7t h\u00e0ng ti\u00eau d\u00f9ng v\u00e0 th\u1ef1c ph\u1ea9m ch\u1ea5t l\u01b0\u1ee3ng cao t\u1eeb Nh\u1eadt B\u1ea3n.<\/p>\n<\/div>\n<\/div>\n<\/div>\n<\/div>","protected":false},"excerpt":{"rendered":"<p>TH\u00d4NG TIN CHI TI\u1ebeT S\u1ea2N PH\u1ea8M Th\u01b0\u01a1ng Hi\u1ec7u Bold Gel Ball (Thu\u1ed9c T\u1eadp \u0111o\u00e0n P&amp;G Nh\u1eadt B\u1ea3n) Xu\u1ea5t X\u1ee9 Nh\u1eadt<\/p>","protected":false},"featured_media":43797,"comment_status":"open","ping_status":"closed","template":"","meta":[],"product_brand":[],"product_cat":[675,396,35],"product_tag":[],"class_list":{"0":"post-43796","1":"product","2":"type-product","3":"status-publish","4":"has-post-thumbnail","6":"product_cat-nhap-khau-nhat-ban","7":"product_cat-suc-khoe-lam-dep","8":"product_cat-nha-cua-doi-song","10":"first","11":"instock","12":"sale","13":"shipping-taxable","14":"purchasable","15":"product-type-simple"},"_links":{"self":[{"href":"https:\/\/havamall.vn\/en\/wp-json\/wp\/v2\/product\/43796"}],"collection":[{"href":"https:\/\/havamall.vn\/en\/wp-json\/wp\/v2\/product"}],"about":[{"href":"https:\/\/havamall.vn\/en\/wp-json\/wp\/v2\/types\/product"}],"replies":[{"embeddable":true,"href":"https:\/\/havamall.vn\/en\/wp-json\/wp\/v2\/comments?post=43796"}],"version-history":[{"count":0,"href":"https:\/\/havamall.vn\/en\/wp-json\/wp\/v2\/product\/43796\/revisions"}],"wp:featuredmedia":[{"embeddable":true,"href":"https:\/\/havamall.vn\/en\/wp-json\/wp\/v2\/media\/43797"}],"wp:attachment":[{"href":"https:\/\/havamall.vn\/en\/wp-json\/wp\/v2\/media?parent=43796"}],"wp:term":[{"taxonomy":"product_brand","embeddable":true,"href":"https:\/\/havamall.vn\/en\/wp-json\/wp\/v2\/product_brand?post=43796"},{"taxonomy":"product_cat","embeddable":true,"href":"https:\/\/havamall.vn\/en\/wp-json\/wp\/v2\/product_cat?post=43796"},{"taxonomy":"product_tag","embeddable":true,"href":"https:\/\/havamall.vn\/en\/wp-json\/wp\/v2\/product_tag?post=43796"}],"curies":[{"name":"wp","href":"https:\/\/api.w.org\/{rel}","templated":true}]}}