{"id":43780,"date":"2025-12-12T14:49:52","date_gmt":"2025-12-12T07:49:52","guid":{"rendered":"https:\/\/havamall.vn\/?post_type=product&#038;p=43780"},"modified":"2025-12-12T14:51:59","modified_gmt":"2025-12-12T07:51:59","slug":"banh-quy-bo-socola-chip-hokkaido-furuta-hop-80g-10-cai-chocolate-chip-cookies","status":"publish","type":"product","link":"https:\/\/havamall.vn\/en\/shop\/banh-quy-bo-socola-chip-hokkaido-furuta-hop-80g-10-cai-chocolate-chip-cookies\/","title":{"rendered":"B\u00e1nh Quy B\u01a1 Socola Chip Hokkaido Furuta H\u1ed9p 80g (10 C\u00e1i) \u2013 Chocolate Chip Cookies"},"content":{"rendered":"<h2 data-path-to-node=\"16\">TH\u00d4NG TIN CHI TI\u1ebeT S\u1ea2N PH\u1ea8M<\/h2>\n<div class=\"horizontal-scroll-wrapper\">\n<div class=\"table-block-component\">\n<div class=\"table-block has-export-button\">\n<div class=\"table-content not-end-of-paragraph\" data-hveid=\"0\" data-ved=\"0CAAQ3ecQahgKEwi-t6uf6rGRAxUAAAAAHQAAAAAQzgY\">\n<table style=\"width: 72.704%;height: 185px\" data-path-to-node=\"17\">\n<tbody>\n<tr>\n<td style=\"width: 17.6018%\"><span data-path-to-node=\"17,1,0,0\"><b>Th\u01b0\u01a1ng Hi\u1ec7u<\/b><\/span><\/td>\n<td style=\"width: 81.5182%\"><span data-path-to-node=\"17,1,1,0\">Furuta Seika<\/span><\/td>\n<\/tr>\n<tr>\n<td style=\"width: 17.6018%\"><span data-path-to-node=\"17,2,0,0\"><b>Xu\u1ea5t X\u1ee9<\/b><\/span><\/td>\n<td style=\"width: 81.5182%\"><span data-path-to-node=\"17,2,1,0\">Nh\u1eadt B\u1ea3n<\/span><\/td>\n<\/tr>\n<tr>\n<td style=\"width: 17.6018%\"><span data-path-to-node=\"17,3,0,0\"><b>Kh\u1ed1i L\u01b0\u1ee3ng T\u1ecbnh<\/b><\/span><\/td>\n<td style=\"width: 81.5182%\"><span data-path-to-node=\"17,3,1,0\">80g (kho\u1ea3ng 10 chi\u1ebfc)<\/span><\/td>\n<\/tr>\n<tr>\n<td style=\"width: 17.6018%\"><span data-path-to-node=\"17,4,0,0\"><b>Th\u00e0nh Ph\u1ea7n\u00a0<\/b><\/span><\/td>\n<td style=\"width: 81.5182%\"><span data-path-to-node=\"17,4,1,0\">B\u1ed9t m\u00ec, \u0110\u01b0\u1eddng, Socola, B\u01a1 th\u1ef1c v\u1eadt, Shortening, B\u1ed9t m\u00ec nguy\u00ean c\u00e1m, Tr\u1ee9ng, S\u1eefa \u0111\u1eb7c c\u00f3 \u0111\u01b0\u1eddng, Mu\u1ed1i, Qu\u1ebf<\/span><\/td>\n<\/tr>\n<tr>\n<td style=\"width: 17.6018%\"><span data-path-to-node=\"17,5,0,0\"><b>H\u1ea1n S\u1eed D\u1ee5ng<\/b><\/span><\/td>\n<td style=\"width: 81.5182%\"><span data-path-to-node=\"17,5,1,0\">12 th\u00e1ng k\u1ec3 t\u1eeb Ng\u00e0y S\u1ea3n Xu\u1ea5t<\/span><\/td>\n<\/tr>\n<tr>\n<td style=\"width: 17.6018%\"><span data-path-to-node=\"17,6,0,0\"><b>B\u1ea3o Qu\u1ea3n<\/b><\/span><\/td>\n<td style=\"width: 81.5182%\"><span data-path-to-node=\"17,6,1,0\">N\u01a1i kh\u00f4 r\u00e1o, tho\u00e1ng m\u00e1t, tr\u00e1nh n\u01a1i c\u00f3 \u0111\u1ed9 \u1ea9m cao v\u00e0 \u00e1nh n\u1eafng tr\u1ef1c ti\u1ebfp<\/span><\/td>\n<\/tr>\n<\/tbody>\n<\/table>\n<p data-path-to-node=\"21\">B\u00e1nh Quy N\u01b0\u1edbng L\u00f2 Socola Chip l\u00e0 m\u1ed9t s\u1ea3n ph\u1ea9m ti\u00eau bi\u1ec3u \u0111\u1ebfn t\u1eeb\u00a0<b>Furuta Seika<\/b>, nh\u00e0 s\u1ea3n xu\u1ea5t b\u00e1nh k\u1eb9o l\u1eebng danh v\u1edbi l\u1ecbch s\u1eed h\u01a1n b\u1ea3y th\u1eadp k\u1ef7 t\u1ea1i Nh\u1eadt B\u1ea3n. \u0110\u01b0\u1ee3c th\u00e0nh l\u1eadp b\u1edfi ba anh em nh\u00e0 Furuta t\u1ea1i Osaka v\u00e0o n\u0103m 1952, th\u01b0\u01a1ng hi\u1ec7u n\u00e0y lu\u00f4n duy tr\u00ec tri\u1ebft l\u00fd kinh doanh l\u00e2u \u0111\u1eddi\u00a0<b>\u2013<\/b>\u00a0k\u1ebft h\u1ee3p h\u00e0i h\u00f2a gi\u1eefa c\u00f4ng th\u1ee9c truy\u1ec1n th\u1ed1ng v\u00e0 \u0111\u1ed5i m\u1edbi hi\u1ec7n \u0111\u1ea1i.<\/p>\n<p data-path-to-node=\"21\"><img fetchpriority=\"high\" decoding=\"async\" class=\"aligncenter\" src=\"https:\/\/havamall.com\/wp-content\/uploads\/2025\/12\/EWW85fVVAAIZh0v.jpg\" width=\"801\" height=\"791\" \/><\/p>\n<p data-path-to-node=\"21\">Gi\u00e1 tr\u1ecb v\u0103n h\u00f3a \u1ea9m th\u1ef1c Nh\u1eadt B\u1ea3n lu\u00f4n \u0111\u1ec1 cao s\u1ef1 tinh t\u1ebf, v\u00e0 chi\u1ebfc b\u00e1nh quy n\u00e0y ch\u00ednh l\u00e0 s\u1ef1 giao thoa ho\u00e0n h\u1ea3o \u0111\u00f3, \u0111\u1ea1i di\u1ec7n cho d\u00f2ng b\u00e1nh ng\u1ecdt ph\u01b0\u01a1ng T\u00e2y (Y\u014dgashi) \u0111\u01b0\u1ee3c b\u1ea3n \u0111\u1ecba h\u00f3a, n\u01a1i h\u01b0\u01a1ng v\u1ecb \u0111\u1eadm \u0111\u00e0 \u0111\u01b0\u1ee3c c\u00e2n ch\u1ec9nh l\u1ea1i \u0111\u1ec3 ph\u00f9 h\u1ee3p v\u1edbi kh\u1ea9u v\u1ecb \u00c1 \u0110\u00f4ng, \u0111\u1ed3ng th\u1eddi k\u1ebf th\u1eeba s\u1ef1 ch\u00fa tr\u1ecdng tuy\u1ec7t \u0111\u1ed1i v\u00e0o ch\u1ea5t l\u01b0\u1ee3ng nguy\u00ean li\u1ec7u.<\/p>\n<h3 data-path-to-node=\"24\">\u0110\u1eb6C \u0110I\u1ec2M N\u1ed4I B\u1eacT V\u00c0 CH\u1ea4T L\u01af\u1ee2NG NGUY\u00caN LI\u1ec6U T\u1eea HOKKAIDO<\/h3>\n<p data-path-to-node=\"25\">\u0110i\u1ec1u l\u00e0m n\u00ean s\u1ef1 kh\u00e1c bi\u1ec7t v\u01b0\u1ee3t tr\u1ed9i c\u1ee7a B\u00e1nh Quy N\u01b0\u1edbng L\u00f2 Socola Chip Furuta ch\u00ednh l\u00e0 vi\u1ec7c\u00a0<b>S\u1eec D\u1ee4NG B\u01a0 CAO C\u1ea4P S\u1ea2N XU\u1ea4T T\u1ea0I HOKKAIDO<\/b>\u00a0(Hokkaido-san Butter Shiy\u014d). Hokkaido l\u00e0 h\u00f2n \u0111\u1ea3o ph\u00eda B\u1eafc Nh\u1eadt B\u1ea3n, n\u1ed5i ti\u1ebfng to\u00e0n c\u1ea7u v\u1edbi ng\u00e0nh ch\u0103n nu\u00f4i v\u00e0 ch\u1ebf bi\u1ebfn s\u1eefa, \u0111\u01b0\u1ee3c v\u00ed nh\u01b0 &#8220;v\u1ef1a s\u1eefa&#8221; c\u1ee7a Nh\u1eadt B\u1ea3n.<\/p>\n<p>\u2013 B\u01a1 t\u1eeb Hokkaido c\u00f3 h\u01b0\u01a1ng v\u1ecb b\u00e9o ng\u1eady \u0111\u1eb7c tr\u01b0ng, \u0111\u1ed9 th\u01a1m v\u00e0 \u0111\u1ed9 m\u1ecbn v\u01b0\u1ee3t tr\u1ed9i h\u01a1n h\u1eb3n c\u00e1c lo\u1ea1i b\u01a1 th\u00f4ng th\u01b0\u1eddng. Vi\u1ec7c s\u1eed d\u1ee5ng lo\u1ea1i b\u01a1 n\u00e0y gi\u00fap c\u1ed1t b\u00e1nh quy c\u00f3 m\u00f9i th\u01a1m n\u1ed3ng n\u00e0n, s\u00e2u l\u1eafng ngay khi m\u1edf h\u1ed9p v\u00e0 mang l\u1ea1i k\u1ebft c\u1ea5u m\u1ec1m \u1ea9m h\u01a1n sau khi tan trong mi\u1ec7ng.<\/p>\n<p>\u2013 B\u00e1nh c\u00f3 \u0111\u1ed9 gi\u00f2n r\u1ee5m ho\u00e0n h\u1ea3o, m\u1ed9t \u0111\u1eb7c \u0111i\u1ec3m th\u01b0\u1eddng \u0111\u01b0\u1ee3c ng\u01b0\u1eddi Nh\u1eadt g\u1ecdi l\u00e0 &#8220;Zaku Zaku&#8221;. S\u1ef1 gi\u00f2n tan n\u00e0y \u0111\u01b0\u1ee3c c\u00e2n b\u1eb1ng v\u1edbi s\u1ef1 b\u00e9o nh\u1eb9 c\u1ee7a b\u01a1 v\u00e0 v\u1ecb ng\u1ecdt v\u1eeba ph\u1ea3i, t\u1ea1o n\u00ean tr\u1ea3i nghi\u1ec7m nhai th\u00fa v\u1ecb.<\/p>\n<p><img decoding=\"async\" class=\"aligncenter\" src=\"https:\/\/scontent.cdninstagram.com\/v\/t39.30808-6\/526785843_10237181457453504_1139381175215181540_n.jpg?stp=c224.0.1599.1536a_dst-jpg_e35_tt6&amp;_nc_cat=105&amp;ig_cache_key=MzY5MDI2ODkyMzc1NzE2MjgyOQ%3D%3D.3-ccb7-5&amp;ccb=7-5&amp;_nc_sid=58cdad&amp;efg=eyJ2ZW5jb2RlX3RhZyI6InhwaWRzLjIwNDh4MTUzNi5zZHIuQzMifQ%3D%3D&amp;_nc_ohc=j5TRWMPkn7AQ7kNvwE20_EN&amp;_nc_oc=AdnBKaBcaYf4Mj27i9XoctzoVp9p2mTXetxifl7vccwqjNkc4NzYBpeTxwSJ67Y4J25KUzmiD-orZ1HlFFRG63d1&amp;_nc_ad=z-m&amp;_nc_cid=0&amp;_nc_zt=23&amp;_nc_ht=scontent.cdninstagram.com&amp;_nc_gid=WfP33n1cTOXACReJ9sxH4Q&amp;oh=00_AfmijJ5eB6R7GsPBRgU57rYmzSZSs_C4OFqJUYFFRJKf1w&amp;oe=69415536\" width=\"802\" height=\"771\" \/><\/p>\n<p>\u2013 L\u1edbp socola chip \u0111\u01b0\u1ee3c ph\u00e2n b\u1ed5 \u0111\u1ec1u trong t\u1eebng chi\u1ebfc b\u00e1nh, kh\u00f4ng ch\u1ec9 cung c\u1ea5p v\u1ecb ng\u1ecdt \u0111\u1eafng h\u00e0i h\u00f2a m\u00e0 c\u00f2n l\u00e0 \u0111i\u1ec3m nh\u1ea5n th\u1ea9m m\u1ef9 cho s\u1ea3n ph\u1ea9m. K\u1ebft h\u1ee3p gi\u1eefa socola v\u00e0 b\u1ed9t m\u00ec nguy\u00ean c\u00e1m (Whole Wheat Flour), b\u00e1nh mang l\u1ea1i h\u01b0\u01a1ng v\u1ecb v\u1eeba quen thu\u1ed9c v\u1eeba c\u00f3 chi\u1ec1u s\u00e2u.<\/p>\n<p>\u2013 Quy tr\u00ecnh s\u1ea3n xu\u1ea5t \u0111\u01b0\u1ee3c ki\u1ec3m so\u00e1t nghi\u00eam ng\u1eb7t t\u1eeb kh\u00e2u l\u1ef1a ch\u1ecdn b\u1ed9t m\u00ec, tr\u1ee9ng, s\u1eefa cho \u0111\u1ebfn c\u00f4ng \u0111o\u1ea1n \u0111\u00f3ng g\u00f3i. B\u00e1nh kh\u00f4ng s\u1eed d\u1ee5ng h\u00f3a ch\u1ea5t hay ch\u1ea5t b\u1ea3o qu\u1ea3n \u0111\u1ed9c h\u1ea1i, \u0111\u1ea3m b\u1ea3o an to\u00e0n tuy\u1ec7t \u0111\u1ed1i cho ng\u01b0\u1eddi ti\u00eau d\u00f9ng.<\/p>\n<p><img decoding=\"async\" class=\"aligncenter\" src=\"https:\/\/havamall.com\/wp-content\/uploads\/2025\/12\/4902501625606-1.jpg\" width=\"801\" height=\"801\" \/><\/p>\n<\/div>\n<\/div>\n<\/div>\n<\/div>\n<p data-path-to-node=\"28\">B\u00e1nh Quy Socola Chip kh\u00f4ng ch\u1ec9 l\u00e0 m\u00f3n \u0103n ngon m\u00e0 c\u00f2n l\u00e0 ngu\u1ed3n cung c\u1ea5p n\u0103ng l\u01b0\u1ee3ng ti\u1ec7n l\u1ee3i cho c\u00e1c ho\u1ea1t \u0111\u1ed9ng h\u00e0ng ng\u00e0y. V\u1edbi c\u00e1c th\u00e0nh ph\u1ea7n gi\u00e0u n\u0103ng l\u01b0\u1ee3ng nh\u01b0 b\u1ed9t m\u00ec, \u0111\u01b0\u1eddng, b\u01a1 v\u00e0 socola, m\u1ed9t kh\u1ea9u ph\u1ea7n b\u00e1nh quy nh\u1ecf c\u00f3 th\u1ec3 gi\u00fap c\u01a1 th\u1ec3 ph\u1ee5c h\u1ed3i nhanh ch\u00f3ng.<\/p>\n<p>\u2013 B\u1eefa \u0103n nh\u1eb9: B\u00e1nh \u0111\u01b0\u1ee3c \u0111\u00f3ng g\u00f3i th\u00e0nh t\u1eebng chi\u1ebfc nh\u1ecf ti\u1ec7n l\u1ee3i, d\u1ec5 d\u00e0ng mang theo b\u00ean ng\u01b0\u1eddi \u0111\u1ec3 d\u00f9ng l\u00e0m b\u1eefa \u0103n nh\u1eb9 khi l\u00e0m vi\u1ec7c, h\u1ecdc t\u1eadp ho\u1eb7c d\u00e3 ngo\u1ea1i.<\/p>\n<p>\u2013 K\u1ebft h\u1ee3p c\u00f9ng Tr\u00e0\/C\u00e0 ph\u00ea: H\u01b0\u01a1ng v\u1ecb b\u00e9o ng\u1eady c\u1ee7a b\u01a1 v\u00e0 socola chip c\u1ef1c k\u1ef3 ph\u00f9 h\u1ee3p khi d\u00f9ng k\u00e8m v\u1edbi c\u00e1c lo\u1ea1i \u0111\u1ed3 u\u1ed1ng n\u00f3ng nh\u01b0 tr\u00e0 Earl Grey, c\u00e0 ph\u00ea Americano ho\u1eb7c Latte. Nhi\u1ec7t \u0111\u1ed9 v\u00e0 \u0111\u1ed9 \u0111\u1eadm c\u1ee7a \u0111\u1ed3 u\u1ed1ng s\u1ebd l\u00e0m n\u1ed5i b\u1eadt h\u01b0\u01a1ng th\u01a1m c\u1ee7a b\u01a1 Hokkaido v\u00e0 v\u1ecb ng\u1ecdt c\u1ee7a socola.<\/p>\n<p>\u2013 M\u00f3n tr\u00e1ng mi\u1ec7ng: B\u00e1nh quy c\u00f3 th\u1ec3 \u0111\u01b0\u1ee3c nghi\u1ec1n v\u1ee5n \u0111\u1ec3 l\u00e0m \u0111\u1ebf b\u00e1nh cheesecake ho\u1eb7c d\u00f9ng \u0111\u1ec3 trang tr\u00ed tr\u00ean c\u00e1c m\u00f3n kem t\u01b0\u01a1i, s\u1eefa chua.<\/p>\n<p><img loading=\"lazy\" decoding=\"async\" class=\"aligncenter\" src=\"https:\/\/havamall.com\/wp-content\/uploads\/2025\/12\/10132873_0_original.jpg\" width=\"801\" height=\"801\" \/><\/p>\n<p data-path-to-node=\"34\">B\u00e1nh Quy N\u01b0\u1edbng L\u00f2 Socola Chip B\u01a1 Hokkaido Furuta 80g \u2013 Chocolate Chip Cookies l\u00e0 s\u1ef1 k\u1ebft h\u1ee3p ho\u00e0n h\u1ea3o gi\u1eefa k\u1ef9 thu\u1eadt n\u01b0\u1edbng Kamayaki truy\u1ec1n th\u1ed1ng v\u00e0 nguy\u00ean li\u1ec7u cao c\u1ea5p, v\u1edbi \u0111i\u1ec3m nh\u1ea5n l\u00e0 b\u01a1 ch\u1ea5t l\u01b0\u1ee3ng t\u1eeb Hokkaido. S\u1ea3n ph\u1ea9m hi\u1ec7n \u0111ang \u0111\u01b0\u1ee3c ph\u00e2n ph\u1ed1i t\u1ea1i\u00a0<b>Havamall.<\/b><\/p>","protected":false},"excerpt":{"rendered":"<p>TH\u00d4NG TIN CHI TI\u1ebeT S\u1ea2N PH\u1ea8M Th\u01b0\u01a1ng Hi\u1ec7u Furuta Seika Xu\u1ea5t X\u1ee9 Nh\u1eadt B\u1ea3n Kh\u1ed1i L\u01b0\u1ee3ng T\u1ecbnh 80g (kho\u1ea3ng 10<\/p>","protected":false},"featured_media":43781,"comment_status":"open","ping_status":"closed","template":"","meta":[],"product_brand":[],"product_cat":[675,133],"product_tag":[],"class_list":{"0":"post-43780","1":"product","2":"type-product","3":"status-publish","4":"has-post-thumbnail","6":"product_cat-nhap-khau-nhat-ban","7":"product_cat-banh-keo-chocolate","9":"first","10":"instock","11":"sale","12":"shipping-taxable","13":"purchasable","14":"product-type-simple"},"_links":{"self":[{"href":"https:\/\/havamall.vn\/en\/wp-json\/wp\/v2\/product\/43780"}],"collection":[{"href":"https:\/\/havamall.vn\/en\/wp-json\/wp\/v2\/product"}],"about":[{"href":"https:\/\/havamall.vn\/en\/wp-json\/wp\/v2\/types\/product"}],"replies":[{"embeddable":true,"href":"https:\/\/havamall.vn\/en\/wp-json\/wp\/v2\/comments?post=43780"}],"version-history":[{"count":0,"href":"https:\/\/havamall.vn\/en\/wp-json\/wp\/v2\/product\/43780\/revisions"}],"wp:featuredmedia":[{"embeddable":true,"href":"https:\/\/havamall.vn\/en\/wp-json\/wp\/v2\/media\/43781"}],"wp:attachment":[{"href":"https:\/\/havamall.vn\/en\/wp-json\/wp\/v2\/media?parent=43780"}],"wp:term":[{"taxonomy":"product_brand","embeddable":true,"href":"https:\/\/havamall.vn\/en\/wp-json\/wp\/v2\/product_brand?post=43780"},{"taxonomy":"product_cat","embeddable":true,"href":"https:\/\/havamall.vn\/en\/wp-json\/wp\/v2\/product_cat?post=43780"},{"taxonomy":"product_tag","embeddable":true,"href":"https:\/\/havamall.vn\/en\/wp-json\/wp\/v2\/product_tag?post=43780"}],"curies":[{"name":"wp","href":"https:\/\/api.w.org\/{rel}","templated":true}]}}