{"id":43775,"date":"2025-12-12T15:03:25","date_gmt":"2025-12-12T08:03:25","guid":{"rendered":"https:\/\/havamall.vn\/?post_type=product&#038;p=43775"},"modified":"2025-12-12T15:03:25","modified_gmt":"2025-12-12T08:03:25","slug":"banh-quy-hanh-nhan-kamayaki-furuta-nhat-ban-hop-80g-10-cai-furuta-kamayaki-almond-cookies","status":"publish","type":"product","link":"https:\/\/havamall.vn\/en\/shop\/banh-quy-hanh-nhan-kamayaki-furuta-nhat-ban-hop-80g-10-cai-furuta-kamayaki-almond-cookies\/","title":{"rendered":"B\u00e1nh Quy H\u1ea1nh Nh\u00e2n Kamayaki Furuta Nh\u1eadt B\u1ea3n H\u1ed9p 80g (10 C\u00e1i) \u2013 Furuta Kamayaki Almond Cookies"},"content":{"rendered":"<h2 data-path-to-node=\"5\">TH\u00d4NG TIN CHI TI\u1ebeT S\u1ea2N PH\u1ea8M<\/h2>\n<div class=\"horizontal-scroll-wrapper\">\n<div class=\"table-block-component\">\n<div class=\"table-block has-export-button\">\n<div class=\"table-content not-end-of-paragraph\" data-hveid=\"0\" data-ved=\"0CAAQ3ecQahgKEwi-t6uf6rGRAxUAAAAAHQAAAAAQiQY\">\n<table style=\"width: 89.4085%\" data-path-to-node=\"6\">\n<tbody>\n<tr>\n<td style=\"width: 12.3116%\"><span data-path-to-node=\"6,1,0,0\"><b>Th\u01b0\u01a1ng Hi\u1ec7u<\/b><\/span><\/td>\n<td style=\"width: 88.4398%\"><span data-path-to-node=\"6,1,1,0\">Furuta Seika<\/span><\/td>\n<\/tr>\n<tr>\n<td style=\"width: 12.3116%\"><span data-path-to-node=\"6,2,0,0\"><b>Xu\u1ea5t X\u1ee9<\/b><\/span><\/td>\n<td style=\"width: 88.4398%\"><span data-path-to-node=\"6,2,1,0\">Nh\u1eadt B\u1ea3n (Japan)<\/span><\/td>\n<\/tr>\n<tr>\n<td style=\"width: 12.3116%\"><span data-path-to-node=\"6,3,0,0\"><b>Kh\u1ed1i L\u01b0\u1ee3ng T\u1ecbnh<\/b><\/span><\/td>\n<td style=\"width: 88.4398%\"><span data-path-to-node=\"6,3,1,0\">80g<\/span><\/td>\n<\/tr>\n<tr>\n<td style=\"width: 12.3116%\"><span data-path-to-node=\"6,4,0,0\"><b>Th\u00e0nh Ph\u1ea7n\u00a0<\/b><\/span><\/td>\n<td style=\"width: 88.4398%\"><span data-path-to-node=\"6,4,1,0\">B\u1ed9t m\u00ec, \u0110\u01b0\u1eddng, Shortening, D\u1ea7u th\u1ef1c v\u1eadt, H\u1ea1nh nh\u00e2n, Lactose, B\u01a1 th\u1ef1c v\u1eadt, Mu\u1ed1i, Ch\u1ea5t \u0111i\u1ec1u ch\u1ec9nh \u0111\u1ed9 axit, Ch\u1ea5t t\u1ea1o x\u1ed1p, H\u01b0\u01a1ng li\u1ec7u, Ch\u1ea5t nh\u0169 h\u00f3a<\/span><\/td>\n<\/tr>\n<tr>\n<td style=\"width: 12.3116%\"><span data-path-to-node=\"6,5,0,0\"><b>H\u1ea1n S\u1eed D\u1ee5ng<\/b><\/span><\/td>\n<td style=\"width: 88.4398%\"><span data-path-to-node=\"6,5,1,0\">12 th\u00e1ng k\u1ec3 t\u1eeb Ng\u00e0y S\u1ea3n Xu\u1ea5t<\/span><\/td>\n<\/tr>\n<tr>\n<td style=\"width: 12.3116%\"><span data-path-to-node=\"6,6,0,0\"><b>B\u1ea3o Qu\u1ea3n<\/b><\/span><\/td>\n<td style=\"width: 88.4398%\"><span data-path-to-node=\"6,6,1,0\">N\u01a1i kh\u00f4 r\u00e1o, tho\u00e1ng m\u00e1t, tr\u00e1nh \u00e1nh n\u1eafng tr\u1ef1c ti\u1ebfp, nhi\u1ec7t \u0111\u1ed9 v\u00e0 \u0111\u1ed9 \u1ea9m cao<\/span><\/td>\n<\/tr>\n<\/tbody>\n<\/table>\n<p data-path-to-node=\"11\">V\u1edbi h\u01a1n 70 n\u0103m l\u1ecbch s\u1eed, Furuta kh\u00f4ng ch\u1ec9 chuy\u00ean v\u1ec1 b\u00e1nh quy m\u00e0 c\u00f2n n\u1ed5i ti\u1ebfng v\u1edbi c\u00e1c d\u00f2ng s\u1ea3n ph\u1ea9m s\u00f4 c\u00f4 la \u0111\u1ed9c \u0111\u00e1o, \u0111\u1eb7c bi\u1ec7t l\u00e0 d\u00f2ng Choco Egg c\u00f3 ch\u1ee9a \u0111\u1ed3 ch\u01a1i s\u01b0u t\u1ea7m b\u00ean trong, t\u1ea1o n\u00ean m\u1ed9t n\u00e9t v\u0103n h\u00f3a ri\u00eang trong ng\u00e0nh c\u00f4ng nghi\u1ec7p b\u00e1nh k\u1eb9o x\u1ee9 s\u1edf hoa anh \u0111\u00e0o. Th\u01b0\u01a1ng hi\u1ec7u Furuta lu\u00f4n ho\u1ea1t \u0111\u1ed9ng v\u1edbi tri\u1ebft l\u00fd c\u00e2n b\u1eb1ng gi\u1eefa vi\u1ec7c gi\u1eef g\u00ecn nh\u1eefng c\u00f4ng th\u1ee9c n\u01b0\u1edbng b\u00e1nh truy\u1ec1n th\u1ed1ng v\u00e0 li\u00ean t\u1ee5c \u0111\u1ed5i m\u1edbi, ph\u00e1t tri\u1ec3n s\u1ea3n ph\u1ea9m.<\/p>\n<\/div>\n<p data-path-to-node=\"11\"><img fetchpriority=\"high\" decoding=\"async\" class=\"aligncenter wp-image-43846\" src=\"https:\/\/havamall.com\/wp-content\/uploads\/2025\/12\/a03a885d347940901726c60c3b7e43ca.jpg_720x720q80.jpg_.jpg\" alt=\"\" width=\"801\" height=\"724\" \/><\/p>\n<div class=\"table-content not-end-of-paragraph\" data-hveid=\"0\" data-ved=\"0CAAQ3ecQahgKEwi-t6uf6rGRAxUAAAAAHQAAAAAQiQY\">\n<h3 data-path-to-node=\"13\">\u0110\u1eb6C \u0110I\u1ec2M N\u1ed4I B\u1eacT V\u00c0 PHONG C\u00c1CH N\u01af\u1edaNG L\u00d2 &#8220;KAMAYAKI&#8221;<\/h3>\n<p data-path-to-node=\"14\">B\u00e1nh Quy N\u01b0\u1edbng L\u00f2 V\u1ecb H\u1ea1nh Nh\u00e2n mang trong m\u00ecnh tinh hoa c\u1ee7a k\u1ef9 thu\u1eadt n\u01b0\u1edbng Kamayaki, c\u00f3 ngh\u0129a l\u00e0 n\u01b0\u1edbng b\u1eb1ng l\u00f2 truy\u1ec1n th\u1ed1ng. Ph\u01b0\u01a1ng ph\u00e1p n\u00e0y gi\u00fap b\u00e1nh \u0111\u1ea1t \u0111\u1ebfn \u0111\u1ed9 gi\u00f2n ho\u00e0n h\u1ea3o, nh\u01b0ng v\u1eabn gi\u1eef \u0111\u01b0\u1ee3c s\u1ef1 m\u1ec1m m\u1ea1i nh\u1ea5t \u0111\u1ecbnh v\u00e0 h\u01b0\u01a1ng th\u01a1m b\u01a1 l\u00faa m\u00ec n\u1ed3ng n\u00e0n.<\/p>\n<p data-path-to-node=\"14\">\u2013 B\u00e1nh c\u00f3 k\u00edch th\u01b0\u1edbc v\u1eeba ph\u1ea3i, h\u00ecnh b\u1ea7u d\u1ee5c, m\u00e0u v\u00e0ng n\u00e2u \u00f3ng \u1ea3. Khi th\u01b0\u1edfng th\u1ee9c, c\u1ea3m nh\u1eadn \u0111\u01b0\u1ee3c \u0111\u1ed9 gi\u00f2n tan tinh t\u1ebf ngay t\u1eeb mi\u1ebfng c\u1eafn \u0111\u1ea7u ti\u00ean, sau \u0111\u00f3 l\u00e0 s\u1ef1 b\u00f9i b\u00e9o, th\u01a1m l\u1eebng c\u1ee7a l\u1edbp h\u1ea1nh nh\u00e2n v\u1ee5n \u0111\u01b0\u1ee3c tr\u1ed9n \u0111\u1ec1u trong b\u1ed9t b\u00e1nh.<\/p>\n<p data-path-to-node=\"14\">\u2013 S\u1ef1 k\u1ebft h\u1ee3p h\u00e0i h\u00f2a gi\u1eefa v\u1ecb b\u01a1 b\u00e9o nh\u1eb9, v\u1ecb ng\u1ecdt d\u1ecbu v\u00e0 v\u1ecb b\u00f9i \u0111\u1eb7c tr\u01b0ng c\u1ee7a h\u1ea1nh nh\u00e2n t\u1ea1o n\u00ean m\u1ed9t h\u01b0\u01a1ng v\u1ecb kh\u00f3 qu\u00ean. B\u00e1nh kh\u00f4ng qu\u00e1 ng\u1ecdt, kh\u00f4ng g\u00e2y ng\u1ea5y, th\u1ec3 hi\u1ec7n r\u00f5 n\u00e9t phong c\u00e1ch \u1ea9m th\u1ef1c Nh\u1eadt B\u1ea3n lu\u00f4n \u0111\u1ec1 cao s\u1ef1 c\u00e2n b\u1eb1ng v\u00e0 tinh t\u1ebf trong h\u01b0\u01a1ng v\u1ecb.<\/p>\n<p data-path-to-node=\"14\">\u2013\u00a0<b>Quy tr\u00ecnh Ch\u1ebf bi\u1ebfn Ti\u00eau chu\u1ea9n:\u00a0<\/b>s\u1ea3n xu\u1ea5t tr\u00ean d\u00e2y chuy\u1ec1n c\u00f4ng ngh\u1ec7 hi\u1ec7n \u0111\u1ea1i, m\u1ecdi kh\u00e2u t\u1eeb tuy\u1ec3n ch\u1ecdn nguy\u00ean li\u1ec7u nh\u01b0 b\u1ed9t m\u00ec, \u0111\u01b0\u1eddng, shortening \u0111\u1ebfn ch\u1ebf bi\u1ebfn v\u00e0 \u0111\u00f3ng g\u00f3i \u0111\u1ec1u di\u1ec5n ra kh\u00e9p k\u00edn, d\u01b0\u1edbi s\u1ef1 gi\u00e1m s\u00e1t nghi\u00eam ng\u1eb7t, \u0111\u1ea3m b\u1ea3o kh\u00f4ng ch\u1ee9a h\u00f3a ch\u1ea5t hay ch\u1ea5t b\u1ea3o qu\u1ea3n \u0111\u1ed9c h\u1ea1i.<\/p>\n<p data-path-to-node=\"14\"><img decoding=\"async\" class=\"aligncenter\" src=\"https:\/\/havamall.com\/wp-content\/uploads\/2025\/12\/dry-nuts.jpg\" width=\"801\" height=\"676\" \/><\/p>\n<\/div>\n<\/div>\n<\/div>\n<\/div>\n<h3 data-path-to-node=\"17\">GI\u00c1 TR\u1eca DINH D\u01af\u1ee0NG V\u00c0 C\u00c1CH TH\u01af\u1edeNG TH\u1ee8C TINH T\u1ebe<\/h3>\n<p data-path-to-node=\"18\">B\u00e1nh quy v\u1ecb h\u1ea1nh nh\u00e2n kh\u00f4ng ch\u1ec9 l\u00e0 m\u1ed9t m\u00f3n \u0103n v\u1eb7t th\u00f4ng th\u01b0\u1eddng m\u00e0 c\u00f2n mang l\u1ea1i nh\u1eefng l\u1ee3i \u00edch dinh d\u01b0\u1ee1ng nh\u1ea5t \u0111\u1ecbnh nh\u1edd th\u00e0nh ph\u1ea7n h\u1ea1nh nh\u00e2n t\u1ef1 nhi\u00ean. H\u1ea1nh nh\u00e2n l\u00e0 ngu\u1ed3n cung c\u1ea5p ch\u1ea5t b\u00e9o kh\u00f4ng b\u00e3o h\u00f2a \u0111\u01a1n c\u00f3 l\u1ee3i, ch\u1ea5t x\u01a1 v\u00e0 Vitamin E.<\/p>\n<p data-path-to-node=\"19,0,0\">\u2013 Cung c\u1ea5p n\u0103ng l\u01b0\u1ee3ng nhanh ch\u00f3ng cho c\u01a1 th\u1ec3, l\u00e0 l\u1ef1a ch\u1ecdn tuy\u1ec7t v\u1eddi \u0111\u1ec3 b\u1ed5 sung dinh d\u01b0\u1ee1ng v\u00e0o bu\u1ed5i s\u00e1ng, gi\u1eefa gi\u1edd l\u00e0m vi\u1ec7c ho\u1eb7c sau khi luy\u1ec7n t\u1eadp th\u1ec3 thao.<\/p>\n<p>\u2013 Th\u01b0\u1edfng th\u1ee9c c\u00f9ng m\u1ed9t t\u00e1ch tr\u00e0 xanh n\u00f3ng ho\u1eb7c c\u00e0 ph\u00ea \u0111en kh\u00f4ng \u0111\u01b0\u1eddng, s\u1ef1 thanh m\u00e1t c\u1ee7a th\u1ee9c u\u1ed1ng s\u1ebd l\u00e0m n\u1ed5i b\u1eadt v\u1ecb b\u00f9i c\u1ee7a h\u1ea1nh nh\u00e2n v\u00e0 \u0111\u1ed9 gi\u00f2n c\u1ee7a b\u00e1nh.<\/p>\n<p>\u2013 D\u00f9ng b\u00e1nh quy \u0111\u1ec3 trang tr\u00ed ho\u1eb7c \u0103n k\u00e8m v\u1edbi kem vani ho\u1eb7c s\u1eefa chua Hy L\u1ea1p \u0111\u1ec3 t\u0103ng th\u00eam h\u01b0\u01a1ng v\u1ecb v\u00e0 k\u1ebft c\u1ea5u cho m\u00f3n tr\u00e1ng mi\u1ec7ng.<\/p>\n<p><img decoding=\"async\" class=\"aligncenter\" src=\"https:\/\/havamall.com\/wp-content\/uploads\/2025\/12\/10132224_0_original.jpg\" width=\"800\" height=\"800\" \/><\/p>\n<p data-path-to-node=\"25\">B\u00e1nh Quy N\u01b0\u1edbng L\u00f2 V\u1ecb H\u1ea1nh Nh\u00e2n Nh\u1eadt B\u1ea3n Furuta 80g \u2013 Almond Cookies l\u00e0 l\u1ef1a ch\u1ecdn l\u00fd t\u01b0\u1edfng cho nh\u1eefng ai y\u00eau th\u00edch h\u01b0\u01a1ng v\u1ecb b\u01a1 b\u00e9o, th\u01a1m l\u1eebng c\u1ee7a h\u1ea1t h\u1ea1nh nh\u00e2n, c\u00f9ng \u0111\u1ed9 gi\u00f2n tan tinh t\u1ebf c\u1ee7a b\u00e1nh quy n\u01b0\u1edbng l\u00f2 Kamayaki. S\u1ea3n ph\u1ea9m hi\u1ec7n \u0111ang \u0111\u01b0\u1ee3c b\u00e1n t\u1ea1i\u00a0<b>Havamall<\/b><\/p>","protected":false},"excerpt":{"rendered":"<p>TH\u00d4NG TIN CHI TI\u1ebeT S\u1ea2N PH\u1ea8M Th\u01b0\u01a1ng Hi\u1ec7u Furuta Seika Xu\u1ea5t X\u1ee9 Nh\u1eadt B\u1ea3n (Japan) Kh\u1ed1i L\u01b0\u1ee3ng T\u1ecbnh 80g Th\u00e0nh<\/p>","protected":false},"featured_media":43776,"comment_status":"open","ping_status":"closed","template":"","meta":[],"product_brand":[],"product_cat":[675,133],"product_tag":[],"class_list":{"0":"post-43775","1":"product","2":"type-product","3":"status-publish","4":"has-post-thumbnail","6":"product_cat-nhap-khau-nhat-ban","7":"product_cat-banh-keo-chocolate","9":"first","10":"instock","11":"sale","12":"shipping-taxable","13":"purchasable","14":"product-type-simple"},"_links":{"self":[{"href":"https:\/\/havamall.vn\/en\/wp-json\/wp\/v2\/product\/43775"}],"collection":[{"href":"https:\/\/havamall.vn\/en\/wp-json\/wp\/v2\/product"}],"about":[{"href":"https:\/\/havamall.vn\/en\/wp-json\/wp\/v2\/types\/product"}],"replies":[{"embeddable":true,"href":"https:\/\/havamall.vn\/en\/wp-json\/wp\/v2\/comments?post=43775"}],"version-history":[{"count":0,"href":"https:\/\/havamall.vn\/en\/wp-json\/wp\/v2\/product\/43775\/revisions"}],"wp:featuredmedia":[{"embeddable":true,"href":"https:\/\/havamall.vn\/en\/wp-json\/wp\/v2\/media\/43776"}],"wp:attachment":[{"href":"https:\/\/havamall.vn\/en\/wp-json\/wp\/v2\/media?parent=43775"}],"wp:term":[{"taxonomy":"product_brand","embeddable":true,"href":"https:\/\/havamall.vn\/en\/wp-json\/wp\/v2\/product_brand?post=43775"},{"taxonomy":"product_cat","embeddable":true,"href":"https:\/\/havamall.vn\/en\/wp-json\/wp\/v2\/product_cat?post=43775"},{"taxonomy":"product_tag","embeddable":true,"href":"https:\/\/havamall.vn\/en\/wp-json\/wp\/v2\/product_tag?post=43775"}],"curies":[{"name":"wp","href":"https:\/\/api.w.org\/{rel}","templated":true}]}}