{"id":43764,"date":"2025-12-12T08:58:13","date_gmt":"2025-12-12T01:58:13","guid":{"rendered":"https:\/\/havamall.vn\/?post_type=product&#038;p=43764"},"modified":"2025-12-12T09:11:34","modified_gmt":"2025-12-12T02:11:34","slug":"keo-hon-hop-khu-mui-mieng-chandan-5in1-vi-hat-thi-la-ngot-sweet-fennel-mix-hu-230g-chandan-5-in-1-mix-mouth-fresheners","status":"publish","type":"product","link":"https:\/\/havamall.vn\/en\/shop\/keo-hon-hop-khu-mui-mieng-chandan-5in1-vi-hat-thi-la-ngot-sweet-fennel-mix-hu-230g-chandan-5-in-1-mix-mouth-fresheners\/","title":{"rendered":"K\u1eb9o H\u1ed7n H\u1ee3p Kh\u1eed M\u00f9i Mi\u1ec7ng Chandan 5in1 V\u1ecb H\u1ea1t Th\u00ec L\u00e0 Ng\u1ecdt (Sweet Fennel Mix) H\u0169 230g \u2013 Chandan 5 in 1 Mix Mouth Fresheners"},"content":{"rendered":"<blockquote>\n<h3 data-path-to-node=\"6\"><em>TH\u00d4NG TIN S\u1ea2N PH\u1ea8M<\/em><\/h3>\n<\/blockquote>\n<div class=\"horizontal-scroll-wrapper\">\n<div class=\"table-block-component\">\n<div class=\"table-block has-export-button\">\n<div class=\"table-content not-end-of-paragraph\" data-hveid=\"0\" data-ved=\"0CAAQ3ecQahgKEwi-t6uf6rGRAxUAAAAAHQAAAAAQqgM\">\n<table style=\"width: 79.2924%;height: 168px\" data-path-to-node=\"7\">\n<tbody>\n<tr style=\"height: 24px\">\n<td style=\"height: 24px\"><span data-path-to-node=\"7,1,0,0\"><b>Th\u01b0\u01a1ng Hi\u1ec7u<\/b><\/span><\/td>\n<td style=\"height: 24px\"><span data-path-to-node=\"7,1,1,0\">Chandan Mukhwas<\/span><\/td>\n<\/tr>\n<tr style=\"height: 24px\">\n<td style=\"height: 24px\"><span data-path-to-node=\"7,2,0,0\"><b>Xu\u1ea5t X\u1ee9<\/b><\/span><\/td>\n<td style=\"height: 24px\"><span data-path-to-node=\"7,2,1,0\">\u1ea4n \u0110\u1ed9<\/span><\/td>\n<\/tr>\n<tr style=\"height: 24px\">\n<td style=\"height: 24px\"><span data-path-to-node=\"7,3,0,0\"><b>Th\u00e0nh Ph\u1ea7n\u00a0<\/b><\/span><\/td>\n<td style=\"height: 24px\"><span data-path-to-node=\"7,3,1,0\">H\u1ea1t th\u00ec l\u00e0 (Fennel Seeds &#8211; Saunf), H\u1ea1t rau d\u1ec1n (Amaranth Seeds), C\u00e1c lo\u1ea1i h\u1ea1t v\u00e0 gia v\u1ecb kh\u00e1c, Ch\u1ea5t l\u00e0m ng\u1ecdt (Sugar, Saccharin\/Stevia)<\/span><\/td>\n<\/tr>\n<tr style=\"height: 24px\">\n<td style=\"height: 24px\"><span data-path-to-node=\"7,4,0,0\"><b>\u0110\u1eb7c \u0110i\u1ec3m<\/b><\/span><\/td>\n<td style=\"height: 24px\"><span data-path-to-node=\"7,4,1,0\">Kh\u1eed m\u00f9i mi\u1ec7ng, H\u1ed7 tr\u1ee3 ti\u00eau h\u00f3a, V\u1ecb ng\u1ecdt (Sweet Fennel Mix)<\/span><\/td>\n<\/tr>\n<tr style=\"height: 24px\">\n<td style=\"height: 24px\"><span data-path-to-node=\"7,5,0,0\"><b>H\u1ea1n S\u1eed D\u1ee5ng<\/b><\/span><\/td>\n<td style=\"height: 24px\"><span data-path-to-node=\"7,5,1,0\">18 th\u00e1ng k\u1ec3 t\u1eeb ng\u00e0y s\u1ea3n xu\u1ea5t<\/span><\/td>\n<\/tr>\n<tr style=\"height: 24px\">\n<td style=\"height: 24px\"><span data-path-to-node=\"7,6,0,0\"><b>B\u1ea3o Qu\u1ea3n<\/b><\/span><\/td>\n<td style=\"height: 24px\"><span data-path-to-node=\"7,6,1,0\">\u0110\u00f3ng n\u1eafp k\u00edn sau khi s\u1eed d\u1ee5ng. B\u1ea3o qu\u1ea3n n\u01a1i kh\u00f4 r\u00e1o, tho\u00e1ng m\u00e1t, tr\u00e1nh \u00e1nh n\u1eafng tr\u1ef1c ti\u1ebfp<\/span><\/td>\n<\/tr>\n<tr style=\"height: 24px\">\n<td style=\"height: 24px\"><span data-path-to-node=\"7,7,0,0\"><b>Kh\u1ed1i L\u01b0\u1ee3ng<\/b><\/span><\/td>\n<td style=\"height: 24px\"><span data-path-to-node=\"7,7,1,0\">H\u0169 230g<\/span><\/td>\n<\/tr>\n<\/tbody>\n<\/table>\n<p data-path-to-node=\"11\"><b>Mukhwas<\/b>\u00a0l\u00e0 m\u1ed9t lo\u1ea1i h\u1ed7n h\u1ee3p h\u1ea1t, gia v\u1ecb v\u00e0 th\u1ea3o m\u1ed9c truy\u1ec1n th\u1ed1ng, \u0111\u01b0\u1ee3c s\u1eed d\u1ee5ng r\u1ed9ng r\u00e3i kh\u1eafp \u1ea4n \u0110\u1ed9. Trong ti\u1ebfng Hindi, &#8220;Mukh&#8221; ngh\u0129a l\u00e0 mi\u1ec7ng v\u00e0 &#8220;Was&#8221; ngh\u0129a l\u00e0 m\u00f9i, v\u00ec v\u1eady Mukhwas c\u00f3 ch\u1ee9c n\u0103ng ch\u00ednh l\u00e0\u00a0<b>l\u00e0m th\u01a1m v\u00e0 kh\u1eed m\u00f9i mi\u1ec7ng<\/b>\u00a0sau b\u1eefa \u0103n. Tuy nhi\u00ean, c\u00f4ng d\u1ee5ng c\u1ee7a Mukhwas c\u00f2n v\u01b0\u1ee3t xa m\u1ed9t lo\u1ea1i k\u1eb9o b\u1ea1c h\u00e0 th\u00f4ng th\u01b0\u1eddng; n\u00f3 c\u00f2n l\u00e0 m\u1ed9t lo\u1ea1i th\u1ea3o d\u01b0\u1ee3c\u00a0<b>h\u1ed7 tr\u1ee3 ti\u00eau h\u00f3a<\/b>.<\/p>\n<p data-path-to-node=\"11\"><img fetchpriority=\"high\" decoding=\"async\" class=\"aligncenter\" src=\"https:\/\/havamall.com\/wp-content\/uploads\/2025\/12\/TAR_8754-scaled.jpg\" alt=\"S P Puna Mukhwas \u2013 Shree Satyanarayanmukhwas\" width=\"801\" height=\"530\" \/><\/p>\n<p data-path-to-node=\"12\">V\u0103n h\u00f3a Mukhwas b\u1eaft ngu\u1ed3n t\u1eeb vi\u1ec7c s\u1eed d\u1ee5ng c\u00e1c lo\u1ea1i h\u1ea1t ti\u00eau h\u00f3a v\u00e0 th\u1ea3o d\u01b0\u1ee3c nh\u01b0 h\u1ea1t th\u00ec l\u00e0, h\u1ea1t Anise, v\u00e0 b\u1ea1ch \u0111\u1eadu kh\u1ea5u. Ch\u00fang \u0111\u01b0\u1ee3c ch\u1ebf bi\u1ebfn c\u00f9ng v\u1edbi \u0111\u01b0\u1eddng ho\u1eb7c ch\u1ea5t l\u00e0m ng\u1ecdt, t\u1ea1o n\u00ean h\u01b0\u01a1ng v\u1ecb th\u01a1m ngon v\u00e0 k\u00edch th\u00edch.\u00a0<b>Chandan Mukhwas<\/b>\u00a0l\u00e0 m\u1ed9t th\u01b0\u01a1ng hi\u1ec7u n\u1ed5i ti\u1ebfng, chuy\u00ean v\u1ec1 c\u00e1c lo\u1ea1i h\u1ed7n h\u1ee3p truy\u1ec1n th\u1ed1ng, \u0111\u1ea3m b\u1ea3o ch\u1ea5t l\u01b0\u1ee3ng v\u00e0 h\u01b0\u01a1ng v\u1ecb \u0111\u00edch th\u1ef1c. S\u1ea3n ph\u1ea9m\u00a0<b>Chandan 5 in 1 Mix Mouth Fresheners<\/b>\u00a0l\u00e0 s\u1ef1 k\u1ebft h\u1ee3p c\u1ee7a 5 lo\u1ea1i h\u1ed7n h\u1ee3p Mukhwas kh\u00e1c nhau trong c\u00f9ng m\u1ed9t h\u0169, mang \u0111\u1ebfn s\u1ef1 \u0111a d\u1ea1ng trong tr\u1ea3i nghi\u1ec7m h\u01b0\u01a1ng v\u1ecb.<\/p>\n<p data-path-to-node=\"12\"><img decoding=\"async\" class=\"aligncenter\" src=\"https:\/\/havamall.com\/wp-content\/uploads\/2025\/12\/5-in-1-mix-mouthfreshner-chandan-mukhwas-2.jpg\" width=\"800\" height=\"800\" \/><\/p>\n<blockquote>\n<h4 data-path-to-node=\"13\"><em>\u0110\u1eb6C \u0110I\u1ec2M N\u1ed4I B\u1eacT V\u00c0 L\u1ee2I \u00cdCH TI\u00caU H\u00d3A<\/em><\/h4>\n<\/blockquote>\n<p data-path-to-node=\"15\">Th\u00e0nh ph\u1ea7n bao g\u1ed3m:\u00a0<b>H\u1ea1t Th\u00ec L\u00e0<\/b>,\u00a0<b>K\u1eb9o\/H\u1ed7n h\u1ee3p Ng\u1ecdt<\/b>\u00a0(Th\u00e0nh ph\u1ea7n c\u1ee7a K\u1eb9o\/H\u1ed7n h\u1ee3p Ng\u1ecdt g\u1ed3m: \u0110\u01b0\u1eddng, H\u1ea1t Th\u00ec L\u00e0,\u00a0<b>H\u1ea1t V\u1eebng<\/b>,\u00a0<b>H\u1ea1t Rau D\u1ec1n<\/b>,\u00a0<b>Qu\u1ea3 L\u00fd Gai \u1ea4n \u0110\u1ed9<\/b>),\u00a0<b>Ch\u00e0 L\u00e0 Kh\u00f4<\/b>,\u00a0<b>H\u1ea1t Me<\/b>,\u00a0<b>Tr\u00e1i c\u00e2y Tinh Th\u1ec3<\/b>\u00a0(d\u1ea1ng tr\u00e1i c\u00e2y t\u1ea9m \u0111\u01b0\u1eddng),\u00a0<b>H\u1ea1t Ng\u00f2 (Rau M\u00f9i) T\u00e1ch \u0110\u00f4i<\/b>,\u00a0<b>C\u00e1nh Hoa H\u1ed3ng<\/b>,\u00a0<b>H\u1ea1t Thanh L\u1ecdc<\/b>\u00a0(th\u01b0\u1eddng d\u00f9ng trong Ayurvedic),\u00a0<b>L\u00e1 Cam Th\u1ea3o d\u00e2y<\/b>\u00a0(L\u00e1 Abus),\u00a0<b>Tinh B\u1ed9t<\/b>\u00a0v\u00e0\u00a0<b>Chi\u1ebft Xu\u1ea5t Gia V\u1ecb<\/b>.<\/p>\n<p data-path-to-node=\"15\">\u2212\u00a0<b>CH\u1ee8C N\u0102NG TI\u00caU H\u00d3A V\u01af\u1ee2T TR\u1ed8I:<\/b>\u00a0Th\u00e0nh ph\u1ea7n ch\u00ednh l\u00e0\u00a0<b>H\u1ea1t Th\u00ec L\u00e0 (Fennel Seeds &#8211; Saunf)<\/b>, ch\u1ee9a c\u00e1c lo\u1ea1i d\u1ea7u d\u1ec5 bay h\u01a1i v\u00e0 Anethole. C\u00e1c ch\u1ea5t n\u00e0y c\u00f3 t\u00e1c d\u1ee5ng l\u00e0m d\u1ecbu c\u01a1 ru\u1ed9t, gi\u1ea3m co th\u1eaft, gi\u00fap kh\u00ed gas d\u1ec5 d\u00e0ng tho\u00e1t ra, t\u1eeb \u0111\u00f3\u00a0<b>gi\u1ea3m \u0111\u1ea7y h\u01a1i v\u00e0 kh\u00f3 ti\u00eau<\/b>\u00a0sau khi \u0103n c\u00e1c m\u00f3n n\u1eb7ng d\u1ea7u m\u1ee1.<\/p>\n<p data-path-to-node=\"15\">\u2212\u00a0<b>KH\u1eec M\u00d9I MI\u1ec6NG T\u1ef0 NHI\u00caN:<\/b>\u00a0C\u00e1c lo\u1ea1i h\u1ea1t \u0111\u01b0\u1ee3c t\u1ea9m \u01b0\u1edbp c\u00f9ng v\u1edbi h\u01b0\u01a1ng v\u1ecb b\u1ea1c h\u00e0, \u0111\u01b0\u1eddng v\u00e0 h\u01b0\u01a1ng li\u1ec7u th\u1ea3o m\u1ed9c gi\u00fap trung h\u00f2a c\u00e1c m\u00f9i kh\u00f3 ch\u1ecbu, \u0111\u1eb7c bi\u1ec7t l\u00e0 m\u00f9i h\u00e0nh, t\u1ecfi, v\u00e0 gia v\u1ecb.<\/p>\n<p data-path-to-node=\"15\">\u2212\u00a0<b>GI\u00c0U DINH D\u01af\u1ee0NG TH\u1ef0C V\u1eacT:<\/b>\u00a0C\u00e1c th\u00e0nh ph\u1ea7n nh\u01b0 H\u1ea1t Th\u00ec L\u00e0 v\u00e0 H\u1ea1t Rau D\u1ec1n (Amaranth Seeds) kh\u00f4ng ch\u1ec9 l\u00e0 gia v\u1ecb m\u00e0 c\u00f2n l\u00e0 ngu\u1ed3n cung c\u1ea5p ch\u1ea5t x\u01a1, vitamin v\u00e0 kho\u00e1ng ch\u1ea5t. \u0110\u1eb7c bi\u1ec7t, H\u1ea1t Rau D\u1ec1n l\u00e0 m\u1ed9t lo\u1ea1i si\u00eau ng\u0169 c\u1ed1c (Pseudocereal) gi\u00e0u protein v\u00e0 lysine.<\/p>\n<p data-path-to-node=\"15\">\u2212\u00a0<b>H\u01af\u01a0NG V\u1eca NG\u1eccT H\u00c0I H\u00d2A:<\/b>\u00a0H\u1ed7n h\u1ee3p Mukhwas n\u00e0y c\u00f3 v\u1ecb ng\u1ecdt d\u1ec5 ch\u1ecbu, \u0111\u01b0\u1ee3c c\u00e2n b\u1eb1ng gi\u1eefa v\u1ecb ng\u1ecdt t\u1ef1 nhi\u00ean c\u1ee7a h\u1ea1t v\u00e0 c\u00e1c ch\u1ea5t l\u00e0m ng\u1ecdt th\u00eam v\u00e0o, t\u1ea1o n\u00ean m\u1ed9t m\u00f3n \u0103n nh\u1eb9 th\u00fa v\u1ecb sau b\u1eefa c\u01a1m.<\/p>\n<p data-path-to-node=\"15\"><img decoding=\"async\" class=\"aligncenter\" src=\"https:\/\/havamall.com\/wp-content\/uploads\/2025\/12\/Chandan-Mukhwas.jpg\" width=\"800\" height=\"735\" \/><\/p>\n<h4 data-path-to-node=\"16\">C\u00c1CH D\u00d9NG V\u00c0 L\u1edcI KHUY\u00caN TH\u01af\u1edeNG TH\u1ee8C CHU\u1ea8N MUKHWAS<\/h4>\n<blockquote>\n<p data-path-to-node=\"17\"><strong><em>Mukhwas<\/em>\u00a0<\/strong>l\u00e0 m\u1ed9t th\u00f3i quen \u1ea9m th\u1ef1c th\u00fa v\u1ecb, r\u1ea5t \u0111\u01a1n gi\u1ea3n \u0111\u1ec3 th\u01b0\u1edfng th\u1ee9c v\u00e0 mang l\u1ea1i hi\u1ec7u qu\u1ea3 ngay l\u1eadp t\u1ee9c.<\/p>\n<\/blockquote>\n<p data-path-to-node=\"18\">\u2212\u00a0<b>TH\u1edcI \u0110I\u1ec2M S\u1eec D\u1ee4NG:<\/b>\u00a0Mukhwas th\u01b0\u1eddng \u0111\u01b0\u1ee3c s\u1eed d\u1ee5ng\u00a0<b>ngay sau khi k\u1ebft th\u00fac b\u1eefa \u0103n<\/b>. Ch\u1ec9 c\u1ea7n nhai ch\u1eadm m\u1ed9t nh\u00fam nh\u1ecf (kho\u1ea3ng 1 mu\u1ed7ng c\u00e0 ph\u00ea) \u0111\u1ec3 c\u00e1c ho\u1ea1t ch\u1ea5t v\u00e0 h\u01b0\u01a1ng th\u01a1m \u0111\u01b0\u1ee3c gi\u1ea3i ph\u00f3ng, gi\u00fap l\u00e0m s\u1ea1ch v\u00e0 l\u00e0m d\u1ecbu h\u1ec7 ti\u00eau h\u00f3a.<\/p>\n<p data-path-to-node=\"18\">\u2212\u00a0<b>C\u00c1CH D\u00d9NG TR\u1ef0C TI\u1ebeP:<\/b>\u00a0\u0110\u1ed5 m\u1ed9t l\u01b0\u1ee3ng nh\u1ecf ra l\u00f2ng b\u00e0n tay v\u00e0 nhai tr\u1ef1c ti\u1ebfp. H\u1ea1t th\u00ec l\u00e0 c\u1ea7n \u0111\u01b0\u1ee3c nhai k\u1ef9 \u0111\u1ec3 gi\u1ea3i ph\u00f3ng d\u1ea7u thi\u1ebft y\u1ebfu.<\/p>\n<p data-path-to-node=\"18\">\u2212\u00a0<b>D\u00d9NG TRONG N\u01af\u1edaC U\u1ed0NG:<\/b>\u00a0C\u00f3 th\u1ec3 th\u00eam m\u1ed9t v\u00e0i h\u1ea1t th\u00ec l\u00e0 t\u1eeb h\u1ed7n h\u1ee3p v\u00e0o n\u01b0\u1edbc \u1ea5m ho\u1eb7c tr\u00e0 sau b\u1eefa \u0103n \u0111\u1ec3 t\u0103ng c\u01b0\u1eddng ch\u1ee9c n\u0103ng ti\u00eau h\u00f3a.<\/p>\n<p data-path-to-node=\"19\"><b>L\u01afU \u00dd:<\/b>\u00a0Do ch\u1ee9a \u0111\u01b0\u1eddng v\u00e0 c\u00f3 th\u1ec3 c\u00f3 ch\u1ea5t l\u00e0m ng\u1ecdt nh\u00e2n t\u1ea1o, nh\u1eefng ng\u01b0\u1eddi c\u00f3 ch\u1ebf \u0111\u1ed9 \u0103n ki\u00eang nghi\u00eam ng\u1eb7t ho\u1eb7c m\u1eafc b\u1ec7nh ti\u1ec3u \u0111\u01b0\u1eddng c\u1ea7n s\u1eed d\u1ee5ng s\u1ea3n ph\u1ea9m n\u00e0y m\u1ed9t c\u00e1ch c\u00f3 ki\u1ec3m so\u00e1t.<\/p>\n<h4 data-path-to-node=\"20\"><img loading=\"lazy\" decoding=\"async\" class=\"aligncenter\" src=\"https:\/\/havamall.com\/wp-content\/uploads\/2025\/12\/GvhTEUMB.jpg\" width=\"800\" height=\"800\" \/><\/h4>\n<p data-path-to-node=\"21\">H\u1ed7n H\u1ee3p Kh\u1eed M\u00f9i Mi\u1ec7ng Chandan 5 Trong 1 V\u1ecb H\u1ea1t Th\u00ec L\u00e0 Ng\u1ecdt l\u00e0 c\u00e1ch th\u1ee9c truy\u1ec1n th\u1ed1ng, th\u01a1m ngon v\u00e0 hi\u1ec7u qu\u1ea3 \u0111\u1ec3 duy tr\u00ec h\u01a1i th\u1edf th\u01a1m m\u00e1t v\u00e0 h\u1ed7 tr\u1ee3 s\u1ee9c kh\u1ecfe \u0111\u01b0\u1eddng ru\u1ed9t. S\u1ea3n ph\u1ea9m hi\u1ec7n \u0111ang \u0111\u01b0\u1ee3c b\u00e1n t\u1ea1i\u00a0<b>Havamall<\/b>.<\/p>\n<\/div>\n<\/div>\n<\/div>\n<\/div>","protected":false},"excerpt":{"rendered":"<p>TH\u00d4NG TIN S\u1ea2N PH\u1ea8M Th\u01b0\u01a1ng Hi\u1ec7u Chandan Mukhwas Xu\u1ea5t X\u1ee9 \u1ea4n \u0110\u1ed9 Th\u00e0nh Ph\u1ea7n\u00a0 H\u1ea1t th\u00ec l\u00e0 (Fennel Seeds &#8211;<\/p>","protected":false},"featured_media":43765,"comment_status":"open","ping_status":"closed","template":"","meta":[],"product_brand":[],"product_cat":[681,396,133],"product_tag":[],"class_list":{"0":"post-43764","1":"product","2":"type-product","3":"status-publish","4":"has-post-thumbnail","6":"product_cat-nhap-khau-an-do","7":"product_cat-suc-khoe-lam-dep","8":"product_cat-banh-keo-chocolate","10":"first","11":"instock","12":"sale","13":"shipping-taxable","14":"purchasable","15":"product-type-simple"},"_links":{"self":[{"href":"https:\/\/havamall.vn\/en\/wp-json\/wp\/v2\/product\/43764"}],"collection":[{"href":"https:\/\/havamall.vn\/en\/wp-json\/wp\/v2\/product"}],"about":[{"href":"https:\/\/havamall.vn\/en\/wp-json\/wp\/v2\/types\/product"}],"replies":[{"embeddable":true,"href":"https:\/\/havamall.vn\/en\/wp-json\/wp\/v2\/comments?post=43764"}],"version-history":[{"count":0,"href":"https:\/\/havamall.vn\/en\/wp-json\/wp\/v2\/product\/43764\/revisions"}],"wp:featuredmedia":[{"embeddable":true,"href":"https:\/\/havamall.vn\/en\/wp-json\/wp\/v2\/media\/43765"}],"wp:attachment":[{"href":"https:\/\/havamall.vn\/en\/wp-json\/wp\/v2\/media?parent=43764"}],"wp:term":[{"taxonomy":"product_brand","embeddable":true,"href":"https:\/\/havamall.vn\/en\/wp-json\/wp\/v2\/product_brand?post=43764"},{"taxonomy":"product_cat","embeddable":true,"href":"https:\/\/havamall.vn\/en\/wp-json\/wp\/v2\/product_cat?post=43764"},{"taxonomy":"product_tag","embeddable":true,"href":"https:\/\/havamall.vn\/en\/wp-json\/wp\/v2\/product_tag?post=43764"}],"curies":[{"name":"wp","href":"https:\/\/api.w.org\/{rel}","templated":true}]}}