{"id":43755,"date":"2025-12-11T11:37:00","date_gmt":"2025-12-11T04:37:00","guid":{"rendered":"https:\/\/havamall.vn\/?post_type=product&#038;p=43755"},"modified":"2025-12-11T15:09:04","modified_gmt":"2025-12-11T08:09:04","slug":"bo-sua-tinh-luyen-nguyen-chat-cow-ghee-gowardhan-nhap-khau-an-do-hu-500ml-gowardhan-pure-cow-ghee","status":"publish","type":"product","link":"https:\/\/havamall.vn\/en\/shop\/bo-sua-tinh-luyen-nguyen-chat-cow-ghee-gowardhan-nhap-khau-an-do-hu-500ml-gowardhan-pure-cow-ghee\/","title":{"rendered":"B\u01a1 S\u1eefa Tinh Luy\u1ec7n Nguy\u00ean Ch\u1ea5t Cow Ghee Gowardhan Nh\u1eadp Kh\u1ea9u \u1ea4n \u0110\u1ed9 H\u0169 500ml \u2013 Gowardhan Pure Cow Ghee"},"content":{"rendered":"<blockquote>\n<h3 data-path-to-node=\"6\"><em>TH\u00d4NG TIN S\u1ea2N PH\u1ea8M<\/em><\/h3>\n<\/blockquote>\n<div class=\"horizontal-scroll-wrapper\">\n<div class=\"table-block-component\">\n<div class=\"table-block has-export-button\">\n<div class=\"table-content not-end-of-paragraph\" data-hveid=\"0\" data-ved=\"0CAAQ3ecQahgKEwi-t6uf6rGRAxUAAAAAHQAAAAAQ9AI\">\n<table data-path-to-node=\"7\">\n<tbody>\n<tr>\n<td><span data-path-to-node=\"7,1,0,0\"><b>Th\u01b0\u01a1ng Hi\u1ec7u<\/b><\/span><\/td>\n<td><span data-path-to-node=\"7,1,1,0\">Gowardhan<\/span><\/td>\n<\/tr>\n<tr>\n<td><span data-path-to-node=\"7,2,0,0\"><b>Xu\u1ea5t X\u1ee9<\/b><\/span><\/td>\n<td><span data-path-to-node=\"7,2,1,0\">\u1ea4n \u0110\u1ed9<\/span><\/td>\n<\/tr>\n<tr>\n<td><span data-path-to-node=\"7,3,0,0\"><b>Th\u00e0nh Ph\u1ea7n<\/b><\/span><\/td>\n<td><span data-path-to-node=\"7,3,1,0\">Ch\u1ea5t b\u00e9o s\u1eefa (Milk Fat) 99.7%<\/span><\/td>\n<\/tr>\n<tr>\n<td><span data-path-to-node=\"7,5,0,0\"><b>H\u1ea1n S\u1eed D\u1ee5ng<\/b><\/span><\/td>\n<td><span data-path-to-node=\"7,5,1,0\">12 th\u00e1ng k\u1ec3 t\u1eeb ng\u00e0y s\u1ea3n xu\u1ea5t<\/span><\/td>\n<\/tr>\n<tr>\n<td><span data-path-to-node=\"7,6,0,0\"><b>B\u1ea3o Qu\u1ea3n<\/b><\/span><\/td>\n<td><span data-path-to-node=\"7,6,1,0\">B\u1ea3o qu\u1ea3n n\u01a1i kh\u00f4 r\u00e1o, tho\u00e1ng m\u00e1t, tr\u00e1nh \u00e1nh n\u1eafng tr\u1ef1c ti\u1ebfp. Kh\u00f4ng c\u1ea7n b\u1ea3o qu\u1ea3n l\u1ea1nh<\/span><\/td>\n<\/tr>\n<tr>\n<td><span data-path-to-node=\"7,7,0,0\"><b>Th\u1ec3 T\u00edch<\/b><\/span><\/td>\n<td><span data-path-to-node=\"7,7,1,0\">500ml<\/span><\/td>\n<\/tr>\n<\/tbody>\n<\/table>\n<p data-path-to-node=\"11\">Ghee l\u00e0 m\u1ed9t lo\u1ea1i b\u01a1 s\u1eefa tinh luy\u1ec7n (Clarified Butter) c\u00f3 ngu\u1ed3n g\u1ed1c t\u1eeb ti\u1ec3u l\u1ee5c \u0111\u1ecba \u1ea4n \u0110\u1ed9, \u0111\u01b0\u1ee3c coi l\u00e0 m\u1ed9t trong nh\u1eefng th\u00e0nh ph\u1ea7n quan tr\u1ecdng nh\u1ea5t trong \u1ea9m th\u1ef1c, nghi l\u1ec5 t\u00f4n gi\u00e1o v\u00e0 y h\u1ecdc Ayurvedic. Ghee \u0111\u01b0\u1ee3c t\u1ea1o ra b\u1eb1ng c\u00e1ch \u0111un ch\u1ea3y b\u01a1 t\u01b0\u01a1i, sau \u0111\u00f3 l\u1ecdc b\u1ecf ho\u00e0n to\u00e0n n\u01b0\u1edbc v\u00e0 ch\u1ea5t r\u1eafn s\u1eefa (Protein Casein v\u00e0 \u0111\u01b0\u1eddng Lactose). Qu\u00e1 tr\u00ecnh n\u00e0y gi\u00fap Ghee c\u00f3 \u0111\u1ed9 tinh khi\u1ebft g\u1ea7n nh\u01b0 100% ch\u1ea5t b\u00e9o s\u1eefa, lo\u1ea1i b\u1ecf c\u00e1c th\u00e0nh ph\u1ea7n d\u1ec5 g\u00e2y d\u1ecb \u1ee9ng v\u00e0 h\u01b0 h\u1ecfng.<\/p>\n<p data-path-to-node=\"11\"><img fetchpriority=\"high\" decoding=\"async\" class=\"aligncenter\" src=\"https:\/\/havamall.com\/wp-content\/uploads\/2025\/12\/5_loi_ich_bat_ngo_cua_bo_ghee_trong_viec_giam_can_2_096711a794-1.png\" alt=\"5 l\u1ee3i \u00edch b\u1ea5t ng\u1edd c\u1ee7a b\u01a1 ghee trong vi\u1ec7c gi\u1ea3m c\u00e2n\" width=\"800\" height=\"450\" \/><\/p>\n<p data-path-to-node=\"12\"><b>Gowardhan<\/b>\u00a0l\u00e0 m\u1ed9t th\u01b0\u01a1ng hi\u1ec7u s\u1eefa n\u1ed5i ti\u1ebfng t\u1ea1i \u1ea4n \u0110\u1ed9, cam k\u1ebft mang \u0111\u1ebfn nh\u1eefng s\u1ea3n ph\u1ea9m s\u1eefa ch\u1ea5t l\u01b0\u1ee3ng cao.\u00a0<b>Gowardhan Pure Cow Ghee<\/b>\u00a0\u0111\u01b0\u1ee3c ch\u1ebf bi\u1ebfn t\u1eeb s\u1eefa b\u00f2 nguy\u00ean ch\u1ea5t, \u0111\u1ea3m b\u1ea3o h\u01b0\u01a1ng v\u1ecb b\u00e9o, th\u01a1m, \u0111\u1eadm \u0111\u00e0 \u0111\u1eb7c tr\u01b0ng c\u1ee7a Ghee truy\u1ec1n th\u1ed1ng. Ghee c\u00f3 m\u00e0u v\u00e0ng \u00f3ng \u1ea3 v\u00e0 k\u1ebft c\u1ea5u m\u1ec1m m\u1ecbn, \u0111\u1eb7c qu\u00e1nh khi \u1edf nhi\u1ec7t \u0111\u1ed9 ph\u00f2ng. S\u1ea3n ph\u1ea9m n\u00e0y l\u00e0 tinh hoa c\u1ee7a \u1ea9m th\u1ef1c \u1ea4n \u0110\u1ed9, mang \u0111\u1ebfn m\u1ed9t lo\u1ea1i ch\u1ea5t b\u00e9o l\u00e0nh m\u1ea1nh v\u1edbi nhi\u1ec1u \u01b0u \u0111i\u1ec3m v\u01b0\u1ee3t tr\u1ed9i so v\u1edbi b\u01a1 th\u01b0\u1eddng v\u00e0 d\u1ea7u \u0103n th\u00f4ng th\u01b0\u1eddng.<\/p>\n<p data-path-to-node=\"12\"><img decoding=\"async\" class=\"aligncenter wp-image-43822\" src=\"https:\/\/havamall.com\/wp-content\/uploads\/2025\/12\/1.jpg\" alt=\"\" width=\"802\" height=\"510\" \/><\/p>\n<blockquote>\n<h4 data-path-to-node=\"13\"><em>\u0110\u1eb6C \u0110I\u1ec2M N\u1ed4I B\u1eacT V\u00c0 L\u1ee2I \u00cdCH S\u1ee8C KH\u1eceE<\/em><\/h4>\n<\/blockquote>\n<p data-path-to-node=\"15\">\u2212\u00a0<b>\u0110I\u1ec2M KH\u00d3I CAO (High Smoke Point):<\/b>\u00a0Ghee c\u00f3 \u0111i\u1ec3m kh\u00f3i (Smoke Point) r\u1ea5t cao, kho\u1ea3ng\u00a0<span class=\"math-inline\" data-math=\"250^\\circ \\text{C}\"><span class=\"katex\"><span class=\"katex-html\" aria-hidden=\"true\"><span class=\"base\"><span class=\"mord\">25<\/span><span class=\"mord\">0<span class=\"msupsub\"><span class=\"vlist-t\"><span class=\"vlist-r\"><span class=\"vlist\"><span class=\"\"><span class=\"sizing reset-size6 size3 mtight\"><span class=\"mbin mtight\">\u2218<\/span><\/span><\/span><\/span><\/span><\/span><\/span><\/span><span class=\"mord text\"><span class=\"mord\">C<\/span><\/span><\/span><\/span><\/span><\/span>\u00a0(<span class=\"math-inline\" data-math=\"482^\\circ \\text{F}\"><span class=\"katex\"><span class=\"katex-html\" aria-hidden=\"true\"><span class=\"base\"><span class=\"mord\">48<\/span><span class=\"mord\">2<span class=\"msupsub\"><span class=\"vlist-t\"><span class=\"vlist-r\"><span class=\"vlist\"><span class=\"\"><span class=\"sizing reset-size6 size3 mtight\"><span class=\"mbin mtight\">\u2218<\/span><\/span><\/span><\/span><\/span><\/span><\/span><\/span><span class=\"mord text\"><span class=\"mord\">F<\/span><\/span><\/span><\/span><\/span><\/span>). \u0110i\u1ec1u n\u00e0y khi\u1ebfn Ghee tr\u1edf th\u00e0nh l\u1ef1a ch\u1ecdn l\u00fd t\u01b0\u1edfng cho c\u00e1c ph\u01b0\u01a1ng ph\u00e1p n\u1ea5u n\u01b0\u1edbng \u1edf nhi\u1ec7t \u0111\u1ed9 cao nh\u01b0 chi\u00ean, x\u00e0o, n\u01b0\u1edbng, v\u00ec n\u00f3 \u00edt b\u1ecb oxy h\u00f3a v\u00e0 t\u1ea1o ra c\u00e1c g\u1ed1c t\u1ef1 do c\u00f3 h\u1ea1i h\u01a1n so v\u1edbi nhi\u1ec1u lo\u1ea1i d\u1ea7u th\u1ef1c v\u1eadt kh\u00e1c.<\/p>\n<p data-path-to-node=\"15\">\u2212\u00a0<b>GI\u00c0U CH\u1ea4T B\u00c9O L\u00c0NH M\u1ea0NH:<\/b>\u00a0Ghee ch\u1ee9a m\u1ed9t l\u01b0\u1ee3ng \u0111\u00e1ng k\u1ec3\u00a0<b>Axit Butyric<\/b>. Axit Butyric l\u00e0 m\u1ed9t Axit b\u00e9o chu\u1ed7i ng\u1eafn (SCFA) \u0111\u00e3 \u0111\u01b0\u1ee3c ch\u1ee9ng minh l\u00e0 c\u00f3 l\u1ee3i cho s\u1ee9c kh\u1ecfe ru\u1ed9t k\u1ebft, gi\u1ea3m vi\u00eam v\u00e0 h\u1ed7 tr\u1ee3 h\u1ec7 ti\u00eau h\u00f3a. Ghee c\u0169ng l\u00e0 ngu\u1ed3n cung c\u1ea5p vitamin tan trong ch\u1ea5t b\u00e9o nh\u01b0\u00a0<b>Vitamin A, D, E v\u00e0 K<\/b>.<\/p>\n<p data-path-to-node=\"15\">\u2212\u00a0<b>G\u1ea6N NH\u01af KH\u00d4NG CH\u1ee8A LACTOSE V\u00c0 CASEIN:<\/b>\u00a0Do qu\u00e1 tr\u00ecnh tinh luy\u1ec7n lo\u1ea1i b\u1ecf g\u1ea7n h\u1ebft ch\u1ea5t r\u1eafn s\u1eefa, Ghee Gowardhan l\u00e0 l\u1ef1a ch\u1ecdn t\u1ed1t cho nh\u1eefng ng\u01b0\u1eddi nh\u1ea1y c\u1ea3m v\u1edbi Lactose v\u00e0 Casein (Protein s\u1eefa), gi\u00fap h\u1ecd v\u1eabn c\u00f3 th\u1ec3 th\u01b0\u1edfng th\u1ee9c h\u01b0\u01a1ng v\u1ecb b\u01a1 m\u00e0 kh\u00f4ng g\u1eb7p v\u1ea5n \u0111\u1ec1 v\u1ec1 ti\u00eau h\u00f3a.<\/p>\n<p data-path-to-node=\"15\">\u2212\u00a0<b>H\u01af\u01a0NG V\u1eca B\u00c9O TH\u01a0M \u0110\u1eb6C TR\u01afNG:<\/b>\u00a0Ghee c\u00f3 h\u01b0\u01a1ng v\u1ecb th\u01a1m ngon, b\u00e9o ng\u1eady, \u0111\u1eadm \u0111\u00e0 h\u01a1n b\u01a1 th\u01b0\u1eddng, mang l\u1ea1i chi\u1ec1u s\u00e2u cho m\u00f3n \u0103n. H\u01b0\u01a1ng v\u1ecb n\u00e0y \u0111\u1eb7c bi\u1ec7t quan tr\u1ecdng trong c\u00e1c m\u00f3n \u0103n truy\u1ec1n th\u1ed1ng \u1ea4n \u0110\u1ed9.<\/p>\n<p data-path-to-node=\"15\">\u2212\u00a0<b>KH\u00d4NG C\u1ea6N B\u1ea2O QU\u1ea2N L\u1ea0NH:<\/b>\u00a0V\u00ec \u0111\u00e3 lo\u1ea1i b\u1ecf n\u01b0\u1edbc v\u00e0 ch\u1ea5t r\u1eafn s\u1eefa (nguy\u00ean nh\u00e2n g\u00e2y h\u1ecfng), Ghee c\u00f3 th\u1ec3 \u0111\u01b0\u1ee3c b\u1ea3o qu\u1ea3n \u1edf nhi\u1ec7t \u0111\u1ed9 ph\u00f2ng trong th\u1eddi gian d\u00e0i m\u00e0 kh\u00f4ng c\u1ea7n t\u1ee7 l\u1ea1nh.<\/p>\n<p data-path-to-node=\"15\"><img decoding=\"async\" class=\"aligncenter\" src=\"https:\/\/havamall.com\/wp-content\/uploads\/2025\/12\/Ghee.jpg\" alt=\"Benefits of ghee: Why it should be part of your skin care routine | Vogue India\" width=\"800\" height=\"1200\" \/><\/p>\n<blockquote>\n<h4 data-path-to-node=\"16\"><em>C\u00c1CH D\u00d9NG V\u00c0 \u1ee8NG D\u1ee4NG TRONG \u1ea8M TH\u1ef0C<\/em><\/h4>\n<\/blockquote>\n<p data-path-to-node=\"18\">\u2212\u00a0<b>CHI\u00caN, X\u00c0O, N\u01af\u1edaNG:<\/b>\u00a0D\u00f9ng Ghee \u0111\u1ec3 chi\u00ean r\u00e1n th\u1ee9c \u0103n, nh\u1edd \u0111i\u1ec3m kh\u00f3i cao, gi\u00fap m\u00f3n \u0103n gi\u00f2n ngon m\u00e0 v\u1eabn gi\u1eef \u0111\u01b0\u1ee3c \u0111\u1ed9 \u1ed5n \u0111\u1ecbnh c\u1ee7a d\u1ea7u. R\u01b0\u1edbi Ghee l\u00ean rau c\u1ee7 tr\u01b0\u1edbc khi n\u01b0\u1edbng \u0111\u1ec3 t\u0103ng h\u01b0\u01a1ng v\u1ecb b\u00e9o th\u01a1m.<\/p>\n<p data-path-to-node=\"18\">\u2212\u00a0<b>N\u1ea4U C\u01a0M V\u00c0 C\u00c0 RI:<\/b>\u00a0Th\u00eam m\u1ed9t mu\u1ed7ng nh\u1ecf Ghee v\u00e0o c\u01a1m Basmati ho\u1eb7c c\u00e1c m\u00f3n Pulao\/Biryani \u0111\u1ec3 t\u0103ng c\u01b0\u1eddng h\u01b0\u01a1ng th\u01a1m v\u00e0 \u0111\u1ed9 b\u00e9o. Ghee l\u00e0 ch\u1ea5t b\u00e9o kh\u00f4ng th\u1ec3 thi\u1ebfu \u0111\u1ec3 x\u00e0o c\u00e1c lo\u1ea1i gia v\u1ecb c\u01a1 b\u1ea3n khi n\u1ea5u C\u00e0 ri \u1ea4n \u0110\u1ed9.<\/p>\n<p data-path-to-node=\"18\"><img loading=\"lazy\" decoding=\"async\" class=\"aligncenter\" src=\"https:\/\/havamall.com\/wp-content\/uploads\/2025\/12\/Daal-2.jpg\" width=\"800\" height=\"533\" \/><\/p>\n<p data-path-to-node=\"18\">\u2212\u00a0<b>M\u00d3N NG\u1eccT:<\/b>\u00a0D\u00f9ng Ghee thay th\u1ebf b\u01a1 trong c\u00e1c c\u00f4ng th\u1ee9c l\u00e0m b\u00e1nh k\u1eb9o \u1ea4n \u0110\u1ed9 nh\u01b0 Laddu, Halva, v\u00e0 c\u00e1c m\u00f3n tr\u00e1ng mi\u1ec7ng kh\u00e1c.<\/p>\n<p data-path-to-node=\"18\">\u2212\u00a0<b>S\u1eec D\u1ee4NG TR\u1ef0C TI\u1ebeP:<\/b>\u00a0Ph\u1ebft Ghee l\u00ean b\u00e1nh m\u00ec n\u01b0\u1edbng (Toast) ho\u1eb7c d\u00f9ng \u0111\u1ec3 ch\u1ea5m v\u1edbi b\u00e1nh m\u00ec Naan\/Roti.<\/p>\n<p data-path-to-node=\"18\"><img loading=\"lazy\" decoding=\"async\" class=\"aligncenter\" src=\"https:\/\/havamall.com\/wp-content\/uploads\/2025\/12\/Garlic-ghee-whipped-3.jpg\" alt=\"Whipped garlic infused ghee on fresh baguette (FODMAP friendly, gluten free) - George Eats\" width=\"801\" height=\"1202\" \/><\/p>\n<p data-path-to-node=\"19\"><b>L\u01afU \u00dd DINH D\u01af\u1ee0NG:<\/b>\u00a0M\u1eb7c d\u00f9 Ghee mang l\u1ea1i nhi\u1ec1u l\u1ee3i \u00edch, \u0111\u00e2y v\u1eabn l\u00e0 m\u1ed9t ch\u1ea5t b\u00e9o nguy\u00ean ch\u1ea5t v\u00e0 ch\u1ee9a nhi\u1ec1u ch\u1ea5t b\u00e9o b\u00e3o h\u00f2a. Ng\u01b0\u1eddi ti\u00eau d\u00f9ng c\u1ea7n s\u1eed d\u1ee5ng Ghee m\u1ed9t c\u00e1ch \u0111i\u1ec1u \u0111\u1ed9 nh\u01b0 m\u1ed9t ph\u1ea7n c\u1ee7a ch\u1ebf \u0111\u1ed9 \u0103n u\u1ed1ng c\u00e2n b\u1eb1ng.<\/p>\n<p data-path-to-node=\"21\">B\u01a1 S\u1eefa Tinh Luy\u1ec7n Nguy\u00ean Ch\u1ea5t Cow Ghee Gowardhan H\u0169 500ml l\u00e0 ch\u00eca kh\u00f3a \u0111\u1ec3 kh\u00e1m ph\u00e1 h\u01b0\u01a1ng v\u1ecb \u0111\u00edch th\u1ef1c c\u1ee7a \u1ea9m th\u1ef1c \u1ea4n \u0110\u1ed9, \u0111\u1ed3ng th\u1eddi b\u1ed5 sung c\u00e1c d\u01b0\u1ee1ng ch\u1ea5t c\u00f3 l\u1ee3i cho c\u01a1 th\u1ec3. S\u1ea3n ph\u1ea9m hi\u1ec7n \u0111ang \u0111\u01b0\u1ee3c b\u00e1n t\u1ea1i\u00a0<b>Havamall<\/b>.<\/p>\n<\/div>\n<\/div>\n<\/div>\n<\/div>","protected":false},"excerpt":{"rendered":"<p>TH\u00d4NG TIN S\u1ea2N PH\u1ea8M Th\u01b0\u01a1ng Hi\u1ec7u Gowardhan Xu\u1ea5t X\u1ee9 \u1ea4n \u0110\u1ed9 Th\u00e0nh Ph\u1ea7n Ch\u1ea5t b\u00e9o s\u1eefa (Milk Fat) 99.7% H\u1ea1n<\/p>","protected":false},"featured_media":43762,"comment_status":"open","ping_status":"closed","template":"","meta":[],"product_brand":[],"product_cat":[595,681,154,143],"product_tag":[],"class_list":{"0":"post-43755","1":"product","2":"type-product","3":"status-publish","4":"has-post-thumbnail","6":"product_cat-gia-vi-va-che-bien","7":"product_cat-nhap-khau-an-do","8":"product_cat-gia-vi","9":"product_cat-thuc-pham-dong-hop","11":"first","12":"instock","13":"sale","14":"shipping-taxable","15":"purchasable","16":"product-type-simple"},"_links":{"self":[{"href":"https:\/\/havamall.vn\/en\/wp-json\/wp\/v2\/product\/43755"}],"collection":[{"href":"https:\/\/havamall.vn\/en\/wp-json\/wp\/v2\/product"}],"about":[{"href":"https:\/\/havamall.vn\/en\/wp-json\/wp\/v2\/types\/product"}],"replies":[{"embeddable":true,"href":"https:\/\/havamall.vn\/en\/wp-json\/wp\/v2\/comments?post=43755"}],"version-history":[{"count":0,"href":"https:\/\/havamall.vn\/en\/wp-json\/wp\/v2\/product\/43755\/revisions"}],"wp:featuredmedia":[{"embeddable":true,"href":"https:\/\/havamall.vn\/en\/wp-json\/wp\/v2\/media\/43762"}],"wp:attachment":[{"href":"https:\/\/havamall.vn\/en\/wp-json\/wp\/v2\/media?parent=43755"}],"wp:term":[{"taxonomy":"product_brand","embeddable":true,"href":"https:\/\/havamall.vn\/en\/wp-json\/wp\/v2\/product_brand?post=43755"},{"taxonomy":"product_cat","embeddable":true,"href":"https:\/\/havamall.vn\/en\/wp-json\/wp\/v2\/product_cat?post=43755"},{"taxonomy":"product_tag","embeddable":true,"href":"https:\/\/havamall.vn\/en\/wp-json\/wp\/v2\/product_tag?post=43755"}],"curies":[{"name":"wp","href":"https:\/\/api.w.org\/{rel}","templated":true}]}}