{"id":43714,"date":"2025-12-10T10:01:28","date_gmt":"2025-12-10T03:01:28","guid":{"rendered":"https:\/\/havamall.vn\/?post_type=product&#038;p=43714"},"modified":"2025-12-10T10:01:28","modified_gmt":"2025-12-10T03:01:28","slug":"banh-mochi-kem-nhan-quyt-nguyen-qua-nhat-ban-goi-105g-mochi-cream-mikan-mandarin-orange-daifuku","status":"publish","type":"product","link":"https:\/\/havamall.vn\/en\/shop\/banh-mochi-kem-nhan-quyt-nguyen-qua-nhat-ban-goi-105g-mochi-cream-mikan-mandarin-orange-daifuku\/","title":{"rendered":"B\u00e1nh Mochi Kem Nh\u00e2n Qu\u00fdt Nguy\u00ean Qu\u1ea3 Nh\u1eadt B\u1ea3n G\u00f3i 105g \u2013 Mochi Cream Mikan (Mandarin Orange) Daifuku"},"content":{"rendered":"<blockquote>\n<h3 data-path-to-node=\"6\"><em>TH\u00d4NG TIN S\u1ea2N PH\u1ea8M<\/em><\/h3>\n<\/blockquote>\n<div class=\"horizontal-scroll-wrapper\">\n<div class=\"table-block-component\">\n<div class=\"table-block has-export-button\">\n<div class=\"table-content not-end-of-paragraph\" data-hveid=\"0\" data-ved=\"0CAAQ3ecQahgKEwi-t6uf6rGRAxUAAAAAHQAAAAAQkAE\">\n<table data-path-to-node=\"7\">\n<tbody>\n<tr>\n<td><span data-path-to-node=\"7,1,0,0\"><b>Th\u01b0\u01a1ng Hi\u1ec7u<\/b><\/span><\/td>\n<td><span data-path-to-node=\"7,1,1,0\">Mochi Cream (Nh\u1eadt B\u1ea3n)<\/span><\/td>\n<\/tr>\n<tr>\n<td><span data-path-to-node=\"7,2,0,0\"><b>Xu\u1ea5t X\u1ee9<\/b><\/span><\/td>\n<td><span data-path-to-node=\"7,2,1,0\">Nh\u1eadt B\u1ea3n (S\u1ea3n ph\u1ea9m nh\u1eadp kh\u1ea9u)<\/span><\/td>\n<\/tr>\n<tr>\n<td><span data-path-to-node=\"7,3,0,0\"><b>Th\u00e0nh Ph\u1ea7n Ch\u00ednh<\/b><\/span><\/td>\n<td><span data-path-to-node=\"7,3,1,0\">Qu\u00fdt nguy\u00ean qu\u1ea3 (Mikan), B\u1ed9t g\u1ea1o n\u1ebfp (Mochi), Kem s\u1eefa (Cream), \u0110\u1eadu tr\u1eafng nghi\u1ec1n (Shiro-An), \u0110\u01b0\u1eddng, B\u1ed9t m\u00ec, Ch\u1ea5t t\u1ea1o m\u00e0u, H\u01b0\u01a1ng li\u1ec7u t\u1ef1 nhi\u00ean\/t\u1ed5ng h\u1ee3p<\/span><\/td>\n<\/tr>\n<tr>\n<td><span data-path-to-node=\"7,4,0,0\"><b>H\u1ea1n S\u1eed D\u1ee5ng<\/b><\/span><\/td>\n<td><span data-path-to-node=\"7,4,1,0\">12 th\u00e1ng<\/span><\/td>\n<\/tr>\n<tr>\n<td><span data-path-to-node=\"7,5,0,0\"><b>B\u1ea3o Qu\u1ea3n<\/b><\/span><\/td>\n<td><span data-path-to-node=\"7,5,1,0\"><b>B\u1eaft bu\u1ed9c b\u1ea3o qu\u1ea3n \u0111\u00f4ng l\u1ea1nh<\/b>\u00a0(D\u01b0\u1edbi\u00a0<span class=\"math-inline\" data-math=\"-18^\\circ \\text{C}\"><span class=\"katex\"><span class=\"katex-html\" aria-hidden=\"true\"><span class=\"base\"><span class=\"mord\">\u2212<\/span><span class=\"mord\">1<\/span><span class=\"mord\">8<span class=\"msupsub\"><span class=\"vlist-t\"><span class=\"vlist-r\"><span class=\"vlist\"><span class=\"\"><span class=\"sizing reset-size6 size3 mtight\"><span class=\"mbin mtight\">\u2218<\/span><\/span><\/span><\/span><\/span><\/span><\/span><\/span><span class=\"mord text\"><span class=\"mord\">C<\/span><\/span><\/span><\/span><\/span><\/span>). R\u00e3 \u0111\u00f4ng t\u1ef1 nhi\u00ean tr\u01b0\u1edbc khi d\u00f9ng 15-30 ph\u00fat<\/span><\/td>\n<\/tr>\n<tr>\n<td><span data-path-to-node=\"7,6,0,0\"><b>Kh\u1ed1i L\u01b0\u1ee3ng<\/b><\/span><\/td>\n<td><span data-path-to-node=\"7,6,1,0\">G\u00f3i 105g<\/span><\/td>\n<\/tr>\n<\/tbody>\n<\/table>\n<p>Mochi kh\u00f4ng ch\u1ec9 l\u00e0 m\u1ed9t m\u00f3n \u0103n m\u00e0 c\u00f2n l\u00e0 m\u1ed9t bi\u1ec3u t\u01b0\u1ee3ng v\u0103n h\u00f3a c\u1ee7a Nh\u1eadt B\u1ea3n. Theo truy\u1ec1n th\u1ed1ng, Mochi l\u00e0 b\u00e1nh \u0111\u01b0\u1ee3c l\u00e0m t\u1eeb g\u1ea1o n\u1ebfp gi\u00e3 nhuy\u1ec5n (Mochigome), t\u01b0\u1ee3ng tr\u01b0ng cho s\u1ef1 th\u1ecbnh v\u01b0\u1ee3ng v\u00e0 may m\u1eafn, th\u01b0\u1eddng \u0111\u01b0\u1ee3c d\u00f9ng trong c\u00e1c d\u1ecbp l\u1ec5 t\u1ebft (nh\u01b0 Oshogatsu).\u00a0<b>Daifuku<\/b>\u00a0l\u00e0 m\u1ed9t lo\u1ea1i Mochi \u0111\u1eb7c bi\u1ec7t, th\u01b0\u1eddng c\u00f3 nh\u00e2n ng\u1ecdt b\u00ean trong, trong \u0111\u00f3 phi\u00ean b\u1ea3n Mochi Kem Nh\u00e2n Tr\u00e1i C\u00e2y \u0111\u00e3 tr\u1edf th\u00e0nh m\u1ed9t bi\u1ebfn th\u1ec3 hi\u1ec7n \u0111\u1ea1i, k\u1ebft h\u1ee3p \u0111\u1ed9 d\u1ebbo c\u1ee7a Mochi v\u1edbi v\u1ecb m\u00e1t l\u1ea1nh c\u1ee7a kem v\u00e0 \u0111\u1ed9 t\u01b0\u01a1i m\u1edbi c\u1ee7a tr\u00e1i c\u00e2y. \u0110i\u1ec3m \u0111\u1eb7c bi\u1ec7t v\u00e0 \u0111\u1ed9c \u0111\u00e1o nh\u1ea5t c\u1ee7a s\u1ea3n ph\u1ea9m n\u00e0y ch\u00ednh l\u00e0 l\u1edbp nh\u00e2n\u00a0<b>Qu\u00fdt (Mikan) nguy\u00ean qu\u1ea3,<\/b>\u00a0l\u00e0 lo\u1ea1i tr\u00e1i c\u00e2y n\u1ed5i ti\u1ebfng c\u1ee7a Nh\u1eadt B\u1ea3n, \u0111\u01b0\u1ee3c tr\u1ed3ng theo quy tr\u00ecnh nghi\u00eam ng\u1eb7t, c\u00f3 v\u1ecb ng\u1ecdt \u0111\u1eadm, \u00edt x\u01a1 v\u00e0 r\u1ea5t m\u1ecdng n\u01b0\u1edbc.<\/p>\n<p><img fetchpriority=\"high\" decoding=\"async\" class=\"aligncenter  wp-image-43748\" src=\"https:\/\/havamall.com\/wp-content\/uploads\/2025\/12\/banh-mochi-nhat-ban-nhan-quyt-nguyen-trai-mochi-cream-105g.webp\" alt=\"\" width=\"800\" height=\"533\" \/><\/p>\n<blockquote>\n<h4 data-path-to-node=\"13\"><em>\u0110\u1eb6C \u0110I\u1ec2M N\u1ed4I B\u1eacT\u00a0<\/em><\/h4>\n<\/blockquote>\n<p>\u2013\u00a0<b>NH\u00c2N QU\u00ddT NGUY\u00caN QU\u1ea2 (Mikan):\u00a0<\/b>Qu\u00fdt nguy\u00ean qu\u1ea3 (\u0111\u00e3 \u0111\u01b0\u1ee3c b\u00f3c v\u1ecf) gi\u1eef tr\u1ecdn v\u1eb9n v\u1ecb chua ng\u1ecdt t\u1ef1 nhi\u00ean v\u00e0 \u0111\u1ed9 m\u1ecdng n\u01b0\u1edbc, t\u1ea1o c\u1ea3m gi\u00e1c thanh m\u00e1t v\u00e0 b\u1ea5t ng\u1edd khi c\u1eafn v\u00e0o.<\/p>\n<p>\u2013\u00a0<b>L\u1edaP NH\u00c2N K\u00c9P:<\/b>\u00a0Xung quanh qu\u1ea3 qu\u00fdt l\u00e0 l\u1edbp\u00a0<b>\u0110\u1eadu Tr\u1eafng Nghi\u1ec1n (Shiro-An)<\/b>\u00a0m\u1ecfng v\u00e0 m\u1ec1m, l\u00e0m t\u0103ng \u0111\u1ed9 ng\u1ecdt, \u0111\u1ed9 b\u00e9o v\u00e0 gi\u00fap c\u1ed1 \u0111\u1ecbnh qu\u1ea3 qu\u00fdt, ng\u0103n n\u01b0\u1edbc qu\u00fdt l\u00e0m \u01b0\u1edbt l\u1edbp Mochi b\u00ean ngo\u00e0i.<\/p>\n<p>\u2013\u00a0<b>L\u1edaP V\u1ece MOCHI D\u1ebaO M\u1ecaN:<\/b>\u00a0V\u1ecf b\u00e1nh \u0111\u01b0\u1ee3c l\u00e0m t\u1eeb b\u1ed9t g\u1ea1o n\u1ebfp cao c\u1ea5p, c\u00f3 \u0111\u1ed9 d\u1ebbo, dai ho\u00e0n h\u1ea3o, mang l\u1ea1i c\u1ea3m gi\u00e1c m\u1ec1m m\u1ea1i, tan ch\u1ea3y khi r\u00e3 \u0111\u00f4ng.<\/p>\n<p>\u2013\u00a0<b>H\u01af\u01a0NG V\u1eca C\u00c2N B\u1eb0NG T\u1ed0I \u01afU:<\/b>\u00a0S\u1ef1 k\u1ebft h\u1ee3p c\u1ee7a v\u1ecb ng\u1ecdt d\u1ebbo c\u1ee7a Mochi, v\u1ecb b\u00e9o nh\u1eb9 c\u1ee7a \u0111\u1eadu, c\u00f9ng v\u1ecb chua ng\u1ecdt b\u00f9ng n\u1ed5 c\u1ee7a qu\u00fdt t\u1ea1o n\u00ean m\u1ed9t b\u1ea3n h\u00f2a t\u1ea5u h\u01b0\u01a1ng v\u1ecb tuy\u1ec7t v\u1eddi.<\/p>\n<\/div>\n<\/div>\n<\/div>\n<\/div>\n<p><img decoding=\"async\" class=\"aligncenter  wp-image-43749\" src=\"https:\/\/havamall.com\/wp-content\/uploads\/2025\/12\/img006.avif\" alt=\"\" width=\"800\" height=\"480\" \/><\/p>\n<blockquote>\n<h4 data-path-to-node=\"16\">C\u00c1CH TH\u01af\u1edeNG TH\u1ee8C CHU\u1ea8N NH\u1eacT<\/h4>\n<\/blockquote>\n<div class=\"horizontal-scroll-wrapper\">\n<div class=\"table-block-component\">\n<div class=\"table-block has-export-button\">\n<div class=\"table-content not-end-of-paragraph\" data-hveid=\"0\" data-ved=\"0CAAQ3ecQahgKEwi-t6uf6rGRAxUAAAAAHQAAAAAQkAE\">\n<p>\u2013\u00a0<b>B\u1ea2O QU\u1ea2N B\u1eaeT BU\u1ed8C:<\/b>\u00a0S\u1ea3n ph\u1ea9m ph\u1ea3i \u0111\u01b0\u1ee3c b\u1ea3o qu\u1ea3n \u1edf nhi\u1ec7t \u0111\u1ed9\u00a0<span class=\"math-inline\" data-math=\"-18^\\circ \\text{C}\"><span class=\"katex\"><span class=\"katex-html\" aria-hidden=\"true\"><span class=\"base\"><span class=\"mord\">\u2212<\/span><span class=\"mord\">1<\/span><span class=\"mord\">8<span class=\"msupsub\"><span class=\"vlist-t\"><span class=\"vlist-r\"><span class=\"vlist\"><span class=\"\"><span class=\"sizing reset-size6 size3 mtight\"><span class=\"mbin mtight\">\u2218<\/span><\/span><\/span><\/span><\/span><\/span><\/span><\/span><span class=\"mord text\"><span class=\"mord\">C<\/span><\/span><\/span><\/span><\/span><\/span>\u00a0tr\u1edf xu\u1ed1ng \u0111\u1ec3 duy tr\u00ec ch\u1ea5t l\u01b0\u1ee3ng v\u00e0 \u0111\u1ed9 t\u01b0\u01a1i c\u1ee7a qu\u00fdt b\u00ean trong.<\/p>\n<p>\u2013\u00a0<b>R\u00c3 \u0110\u00d4NG HO\u00c0N H\u1ea2O:\u00a0<\/b>L\u1ea5y b\u00e1nh ra kh\u1ecfi t\u1ee7 \u0111\u00f4ng v\u00e0 \u0111\u1ec3 \u1edf nhi\u1ec7t \u0111\u1ed9 ph\u00f2ng kho\u1ea3ng\u00a015-20 ph\u00fat. B\u00e1nh s\u1ebd \u0111\u1ea1t \u0111\u1ed9 l\u1ea1nh nh\u01b0 kem, v\u1edbi v\u1ecf Mochi v\u1eabn c\u00f2n \u0111\u1ed9 d\u1ebbo nh\u1ea5t \u0111\u1ecbnh.\u00a0R\u00e3 \u0111\u00f4ng kho\u1ea3ng\u00a0<b>30-45 ph\u00fat<\/b>. V\u1ecf Mochi s\u1ebd m\u1ec1m m\u1ea1i t\u1ed1i \u0111a, v\u00e0 qu\u00fdt b\u00ean trong v\u1eabn gi\u1eef \u0111\u01b0\u1ee3c \u0111\u1ed9 m\u00e1t l\u1ea1nh s\u1ea3ng kho\u00e1i.<\/p>\n<p>\u2013\u00a0<b>M\u00d3N \u0102N K\u00c8M:<\/b>\u00a0Mochi Cream Mikan Daifuku l\u00e0 m\u00f3n tr\u00e1ng mi\u1ec7ng ho\u00e0n h\u1ea3o, c\u00f3 th\u1ec3 d\u00f9ng k\u00e8m v\u1edbi tr\u00e0 xanh (Matcha) truy\u1ec1n th\u1ed1ng ho\u1eb7c tr\u00e0 hoa qu\u1ea3 thanh m\u00e1t \u0111\u1ec3 c\u00e2n b\u1eb1ng h\u01b0\u01a1ng v\u1ecb.<\/p>\n<p><img decoding=\"async\" class=\"aligncenter  wp-image-43750\" src=\"https:\/\/havamall.com\/wp-content\/uploads\/2025\/12\/\u307f\u304b\u3093\u5927\u798f\u30a4\u30e1\u30fc\u30b8\u5927_1737959799195_1200.jpg\" alt=\"\" width=\"802\" height=\"816\" \/><\/p>\n<p>B\u00e1nh Mochi Kem Nh\u00e2n Qu\u00fdt Nguy\u00ean Qu\u1ea3 Nh\u1eadt B\u1ea3n Mochi Cream G\u00f3i 105g l\u00e0 m\u1ed9t tr\u1ea3i nghi\u1ec7m \u1ea9m th\u1ef1c cao c\u1ea5p, mang tinh hoa c\u1ee7a Wagashi Nh\u1eadt B\u1ea3n v\u1edbi s\u1ef1 t\u01b0\u01a1i m\u1edbi, \u0111\u1ed9c \u0111\u00e1o. S\u1ea3n ph\u1ea9m hi\u1ec7n \u0111ang \u0111\u01b0\u1ee3c b\u00e1n t\u1ea1i\u00a0<b>Havamall<\/b>.<\/p>\n<\/div>\n<\/div>\n<\/div>\n<\/div>","protected":false},"excerpt":{"rendered":"<p>TH\u00d4NG TIN S\u1ea2N PH\u1ea8M Th\u01b0\u01a1ng Hi\u1ec7u Mochi Cream (Nh\u1eadt B\u1ea3n) Xu\u1ea5t X\u1ee9 Nh\u1eadt B\u1ea3n (S\u1ea3n ph\u1ea9m nh\u1eadp kh\u1ea9u) Th\u00e0nh Ph\u1ea7n<\/p>","protected":false},"featured_media":43715,"comment_status":"open","ping_status":"closed","template":"","meta":[],"product_brand":[],"product_cat":[679,684,675],"product_tag":[],"class_list":{"0":"post-43714","1":"product","2":"type-product","3":"status-publish","4":"has-post-thumbnail","6":"product_cat-banh-dong-lanh","7":"product_cat-kem-lanh","8":"product_cat-nhap-khau-nhat-ban","10":"first","11":"instock","12":"sale","13":"shipping-taxable","14":"purchasable","15":"product-type-simple"},"_links":{"self":[{"href":"https:\/\/havamall.vn\/en\/wp-json\/wp\/v2\/product\/43714"}],"collection":[{"href":"https:\/\/havamall.vn\/en\/wp-json\/wp\/v2\/product"}],"about":[{"href":"https:\/\/havamall.vn\/en\/wp-json\/wp\/v2\/types\/product"}],"replies":[{"embeddable":true,"href":"https:\/\/havamall.vn\/en\/wp-json\/wp\/v2\/comments?post=43714"}],"version-history":[{"count":0,"href":"https:\/\/havamall.vn\/en\/wp-json\/wp\/v2\/product\/43714\/revisions"}],"wp:featuredmedia":[{"embeddable":true,"href":"https:\/\/havamall.vn\/en\/wp-json\/wp\/v2\/media\/43715"}],"wp:attachment":[{"href":"https:\/\/havamall.vn\/en\/wp-json\/wp\/v2\/media?parent=43714"}],"wp:term":[{"taxonomy":"product_brand","embeddable":true,"href":"https:\/\/havamall.vn\/en\/wp-json\/wp\/v2\/product_brand?post=43714"},{"taxonomy":"product_cat","embeddable":true,"href":"https:\/\/havamall.vn\/en\/wp-json\/wp\/v2\/product_cat?post=43714"},{"taxonomy":"product_tag","embeddable":true,"href":"https:\/\/havamall.vn\/en\/wp-json\/wp\/v2\/product_tag?post=43714"}],"curies":[{"name":"wp","href":"https:\/\/api.w.org\/{rel}","templated":true}]}}