{"id":43698,"date":"2025-12-09T13:16:43","date_gmt":"2025-12-09T06:16:43","guid":{"rendered":"https:\/\/havamall.vn\/?post_type=product&#038;p=43698"},"modified":"2025-12-09T14:00:05","modified_gmt":"2025-12-09T07:00:05","slug":"giam-do-truyen-thong-quang-tam-nhap-khau-lon-630ml-guangtong-red-vinegar","status":"publish","type":"product","link":"https:\/\/havamall.vn\/en\/shop\/giam-do-truyen-thong-quang-tam-nhap-khau-lon-630ml-guangtong-red-vinegar\/","title":{"rendered":"Gi\u1ea5m \u0110\u1ecf Truy\u1ec1n Th\u1ed1ng Qu\u1ea3ng Tam Nh\u1eadp Kh\u1ea9u Chai Th\u1ee7y Tinh 630ml \u2013 Guangtong Red Vinegar"},"content":{"rendered":"<h3 data-path-to-node=\"6\">TH\u00d4NG TIN S\u1ea2N PH\u1ea8M<\/h3>\n<div class=\"horizontal-scroll-wrapper\">\n<div class=\"table-block-component\">\n<div class=\"table-block has-export-button\">\n<div class=\"table-content not-end-of-paragraph\" data-hveid=\"0\" data-ved=\"0CAAQ3ecQahcKEwjprY2Kuq2RAxUAAAAAHQAAAAAQXQ\">\n<table style=\"width: 62.9371%\" data-path-to-node=\"7\">\n<tbody>\n<tr>\n<td style=\"width: 20.1811%\"><span data-path-to-node=\"7,1,0,0\"><b>Th\u01b0\u01a1ng Hi\u1ec7u<\/b><\/span><\/td>\n<td style=\"width: 88.9775%\"><span data-path-to-node=\"7,1,1,0\">Qu\u1ea3ng Tam (Guangtong)<\/span><\/td>\n<\/tr>\n<tr>\n<td style=\"width: 20.1811%\"><span data-path-to-node=\"7,2,0,0\"><b>Xu\u1ea5t X\u1ee9<\/b><\/span><\/td>\n<td style=\"width: 88.9775%\"><span data-path-to-node=\"7,2,1,0\">Trung Qu\u1ed1c (S\u1ea3n ph\u1ea9m \u0111\u01b0\u1ee3c nh\u1eadp kh\u1ea9u)<\/span><\/td>\n<\/tr>\n<tr>\n<td style=\"width: 20.1811%\"><span data-path-to-node=\"7,3,0,0\"><b>Th\u00e0nh Ph\u1ea7n\u00a0<\/b><\/span><\/td>\n<td style=\"width: 88.9775%\"><span data-path-to-node=\"7,3,1,0\">N\u01b0\u1edbc, g\u1ea1o n\u1ebfp, l\u00faa m\u00ec, \u0111\u01b0\u1eddng, mu\u1ed1i, ch\u1ea5t t\u1ea1o m\u00e0u (c\u00f3 th\u1ec3 l\u00e0 E129 ho\u1eb7c t\u01b0\u01a1ng \u0111\u01b0\u01a1ng)<\/span><\/td>\n<\/tr>\n<tr>\n<td style=\"width: 20.1811%\"><span data-path-to-node=\"7,4,0,0\"><b>H\u1ea1n S\u1eed D\u1ee5ng<\/b><\/span><\/td>\n<td style=\"width: 88.9775%\"><span data-path-to-node=\"7,4,1,0\">24 th\u00e1ng\u00a0<\/span><\/td>\n<\/tr>\n<tr>\n<td style=\"width: 20.1811%\"><span data-path-to-node=\"7,5,0,0\"><b>B\u1ea3o Qu\u1ea3n<\/b><\/span><\/td>\n<td style=\"width: 88.9775%\"><span data-path-to-node=\"7,5,1,0\">B\u1ea3o qu\u1ea3n n\u01a1i kh\u00f4 r\u00e1o, tho\u00e1ng m\u00e1t, tr\u00e1nh \u00e1nh n\u1eafng tr\u1ef1c ti\u1ebfp. \u0110\u00f3ng ch\u1eb7t n\u1eafp sau khi s\u1eed d\u1ee5ng<\/span><\/td>\n<\/tr>\n<tr>\n<td style=\"width: 20.1811%\"><span data-path-to-node=\"7,6,0,0\"><b>Th\u1ec3 T\u00edch<\/b><\/span><\/td>\n<td style=\"width: 88.9775%\"><span data-path-to-node=\"7,6,1,0\">Chai 630ml<\/span><\/td>\n<\/tr>\n<\/tbody>\n<\/table>\n<p data-path-to-node=\"11\">Gi\u1ea5m \u0110\u1ecf (Red Vinegar), hay c\u00f2n \u0111\u01b0\u1ee3c bi\u1ebft \u0111\u1ebfn v\u1edbi t\u00ean g\u1ecdi\u00a0<b>\u0110\u1ea1i H\u1ed3ng Th\u1ed1 (\u5927\u7d05\u918b)<\/b>, l\u00e0 m\u1ed9t lo\u1ea1i gia v\u1ecb truy\u1ec1n th\u1ed1ng kh\u00f4ng th\u1ec3 thi\u1ebfu trong n\u1ec1n \u1ea9m th\u1ef1c Qu\u1ea3ng \u0110\u00f4ng v\u00e0 nhi\u1ec1u v\u00f9ng kh\u00e1c c\u1ee7a Trung Qu\u1ed1c. Kh\u00e1c bi\u1ec7t ho\u00e0n to\u00e0n v\u1edbi gi\u1ea5m tr\u1eafng (White Vinegar) c\u00f3 v\u1ecb chua g\u1eaft ho\u1eb7c gi\u1ea5m Balsamic (Gi\u1ea5m \u0111en) c\u00f3 v\u1ecb ng\u1ecdt \u0111\u1eadm, Gi\u1ea5m \u0110\u1ecf mang m\u1ed9t m\u00e0u s\u1eafc r\u1ef1c r\u1ee1 v\u00e0 h\u01b0\u01a1ng v\u1ecb \u0111\u1eb7c tr\u01b0ng: chua nh\u1eb9, thanh d\u1ecbu, c\u00f3 m\u1ed9t ch\u00fat ng\u1ecdt h\u1eadu v\u00e0 h\u01b0\u01a1ng th\u01a1m n\u1ed3ng n\u00e0n c\u1ee7a g\u1ea1o l\u00ean men.<\/p>\n<p data-path-to-node=\"11\"><img fetchpriority=\"high\" decoding=\"async\" class=\"aligncenter\" src=\"https:\/\/havamall.com\/wp-content\/uploads\/2025\/12\/Red_Wine_1__33605.1749922489.jpg\" width=\"800\" height=\"800\" \/><\/p>\n<p data-path-to-node=\"12\">Gi\u1ea5m \u0110\u1ecf \u0111\u01b0\u1ee3c t\u1ea1o ra th\u00f4ng qua qu\u00e1 tr\u00ecnh l\u00ean men t\u1eeb\u00a0<b>g\u1ea1o n\u1ebfp (n\u1ebfp c\u00e1i hoa v\u00e0ng)<\/b>\u00a0ho\u1eb7c c\u00e1c lo\u1ea1i ng\u0169 c\u1ed1c kh\u00e1c nh\u01b0 l\u00faa m\u00ec v\u00e0 cao l\u01b0\u01a1ng. Qu\u00e1 tr\u00ecnh \u1ee7 v\u00e0 l\u00ean men k\u00e9o d\u00e0i gi\u00fap gi\u1ea5m \u0111\u1ea1t \u0111\u01b0\u1ee3c \u0111\u1ed9 chua c\u00e2n b\u1eb1ng v\u00e0 m\u00e0u \u0111\u1ecf t\u1ef1 nhi\u00ean (ho\u1eb7c th\u00f4ng qua vi\u1ec7c th\u00eam m\u00e0u th\u1ef1c ph\u1ea9m an to\u00e0n theo quy \u0111\u1ecbnh). Th\u01b0\u01a1ng hi\u1ec7u\u00a0<b>Qu\u1ea3ng Tam (Guangtong)<\/b>\u00a0l\u00e0 m\u1ed9t trong nh\u1eefng nh\u00e0 s\u1ea3n xu\u1ea5t gi\u1ea5m v\u00e0 gia v\u1ecb c\u00f3 uy t\u00edn t\u1ea1i Trung Qu\u1ed1c, t\u1eadp trung v\u00e0o vi\u1ec7c duy tr\u00ec c\u00f4ng th\u1ee9c truy\u1ec1n th\u1ed1ng \u0111\u1ec3 mang \u0111\u1ebfn s\u1ea3n ph\u1ea9m c\u00f3 ch\u1ea5t l\u01b0\u1ee3ng \u1ed5n \u0111\u1ecbnh v\u00e0 h\u01b0\u01a1ng v\u1ecb chu\u1ea9n m\u1ef1c cho ng\u01b0\u1eddi ti\u00eau d\u00f9ng. Gi\u1ea5m \u0110\u1ecf Qu\u1ea3ng Tam l\u00e0 m\u1ed9t gia v\u1ecb tuy\u1ec7t v\u1eddi gi\u00fap n\u00e2ng t\u1ea7m c\u00e1c m\u00f3n \u0103n, \u0111\u1eb7c bi\u1ec7t l\u00e0 c\u00e1c m\u00f3n dim sum v\u00e0 h\u1ea3i s\u1ea3n.<\/p>\n<p data-path-to-node=\"12\"><img decoding=\"async\" class=\"aligncenter wp-image-43725\" src=\"https:\/\/havamall.com\/wp-content\/uploads\/2025\/12\/BHG-vinegar-substitute-09-2240_AwJfIEKAajdBodZsUlgc-3-1b31a14a7ffb440da09498b9abb06cdb.webp\" alt=\"\" width=\"800\" height=\"533\" \/><\/p>\n<blockquote>\n<h4 data-path-to-node=\"13\"><em>\u0110\u1eb6C \u0110I\u1ec2M N\u1ed4I B\u1eacT<\/em><\/h4>\n<\/blockquote>\n<p>\u2013\u00a0<b>H\u01af\u01a0NG V\u1eca C\u00c2N B\u1eb0NG:<\/b>\u00a0S\u1ea3n ph\u1ea9m mang v\u1ecb\u00a0<b>chua thanh<\/b>\u00a0nh\u1eb9 nh\u00e0ng, kh\u00f4ng g\u00e2y c\u1ea3m gi\u00e1c g\u1eaft c\u1ed5, k\u1ebft h\u1ee3p v\u1edbi h\u01b0\u01a1ng th\u01a1m tho\u1ea3ng c\u1ee7a g\u1ea1o n\u1ebfp l\u00ean men v\u00e0 v\u1ecb\u00a0<b>ng\u1ecdt h\u1eadu<\/b>\u00a0t\u1ef1 nhi\u00ean t\u1eeb \u0111\u01b0\u1eddng v\u00e0 g\u1ea1o. \u0110\u00e2y l\u00e0 y\u1ebfu t\u1ed1 quan tr\u1ecdng gi\u00fap Gi\u1ea5m \u0110\u1ecf ph\u00f9 h\u1ee3p \u0111\u1ec3 s\u1eed d\u1ee5ng nh\u01b0 m\u1ed9t lo\u1ea1i n\u01b0\u1edbc ch\u1ea5m tr\u1ef1c ti\u1ebfp m\u00e0 kh\u00f4ng c\u1ea7n pha tr\u1ed9n qu\u00e1 nhi\u1ec1u.<\/p>\n<p>\u2013\u00a0<b>M\u00c0U S\u1eaeC B\u1eaeT M\u1eaeT:<\/b>\u00a0M\u00e0u \u0111\u1ecf r\u1ef1c r\u1ee1 c\u1ee7a gi\u1ea5m kh\u00f4ng ch\u1ec9 h\u1ea5p d\u1eabn m\u00e0 c\u00f2n gi\u00fap m\u00f3n \u0103n c\u00f3 t\u00ednh th\u1ea9m m\u1ef9 cao, \u0111\u1eb7c bi\u1ec7t khi \u0111\u01b0\u1ee3c s\u1eed d\u1ee5ng \u0111\u1ec3 \u01b0\u1edbp, n\u1ea5u ho\u1eb7c tr\u1ed9n salad.<\/p>\n<p>\u2013\u00a0<b>NGUY\u00caN LI\u1ec6U TRUY\u1ec0N TH\u1ed0NG:<\/b>\u00a0Gi\u1ea5m \u0111\u01b0\u1ee3c l\u00ean men t\u1eeb g\u1ea1o n\u1ebfp v\u00e0 l\u00faa m\u00ec, \u0111\u1ea3m b\u1ea3o ch\u1ea5t l\u01b0\u1ee3ng v\u00e0 h\u01b0\u01a1ng v\u1ecb \u0111\u00fang chu\u1ea9n Gi\u1ea5m \u0110\u1ecf truy\u1ec1n th\u1ed1ng c\u1ee7a \u1ea9m th\u1ef1c \u00c1 \u0110\u00f4ng.<\/p>\n<p>\u2013\u00a0<b>\u0110\u1ed8 \u1ea8M TH\u1ef0C H\u00d3A CAO:<\/b>\u00a0Gi\u1ea5m \u0110\u1ecf c\u00f3 th\u1ec3 gi\u00fap c\u00e2n b\u1eb1ng c\u00e1c m\u00f3n \u0103n c\u00f3 h\u00e0m l\u01b0\u1ee3ng ch\u1ea5t b\u00e9o cao ho\u1eb7c c\u00f3 v\u1ecb qu\u00e1 m\u1eb7n, t\u1ea1o ra m\u1ed9t s\u1ef1 h\u00e0i h\u00f2a v\u1ec1 kh\u1ea9u v\u1ecb.<\/p>\n<p><img decoding=\"async\" class=\"aligncenter\" src=\"https:\/\/havamall.com\/wp-content\/uploads\/2025\/12\/maxresdefault.jpg\" width=\"800\" height=\"450\" \/><\/p>\n<blockquote>\n<h4 data-path-to-node=\"16\">C\u00c1CH S\u1eec D\u1ee4NG V\u00c0 G\u1ee2I \u00dd M\u00d3N \u0102N K\u1ebeT H\u1ee2P<\/h4>\n<\/blockquote>\n<p data-path-to-node=\"18,0,0\"><b>\u2013 N\u01af\u1edaC CH\u1ea4M CHUY\u00caN D\u1ee4NG:<\/b>\u00a0Gi\u1ea5m \u0110\u1ecf l\u00e0 lo\u1ea1i n\u01b0\u1edbc ch\u1ea5m\u00a0<b>c\u1ed5 \u0111i\u1ec3n<\/b>\u00a0cho c\u00e1c m\u00f3n\u00a0<b>Dim Sum<\/b>, \u0111\u1eb7c bi\u1ec7t l\u00e0 X\u00edu M\u1ea1i (Shumai), B\u00e1nh Bao Nh\u00e2n Th\u1ecbt, v\u00e0 H\u00e1 C\u1ea3o. Gi\u1ea5m gi\u00fap l\u00e0m t\u0103ng h\u01b0\u01a1ng v\u1ecb c\u1ee7a nh\u00e2n th\u1ecbt v\u00e0 h\u1ea3i s\u1ea3n, \u0111\u1ed3ng th\u1eddi gi\u1ea3m \u0111\u1ed9 ng\u1ea5y c\u1ee7a m\u00f3n \u0103n chi\u00ean\/h\u1ea5p.<\/p>\n<p>\u2013\u00a0<b>K\u1ebeT H\u1ee2P V\u1edaI H\u1ea2I S\u1ea2N:<\/b>\u00a0Gi\u1ea5m \u0110\u1ecf l\u00e0 m\u1ed9t th\u00e0nh ph\u1ea7n quan tr\u1ecdng trong n\u01b0\u1edbc ch\u1ea5m ho\u1eb7c s\u1ed1t \u0103n k\u00e8m c\u00e1c m\u00f3n h\u1ea3i s\u1ea3n nh\u01b0 Cua, T\u00f4m. V\u1ecb chua thanh c\u1ee7a gi\u1ea5m gi\u00fap l\u00e0m n\u1ed5i b\u1eadt v\u1ecb ng\u1ecdt t\u1ef1 nhi\u00ean c\u1ee7a h\u1ea3i s\u1ea3n.<\/p>\n<p>\u2013\u00a0<b>TR\u1ed8N G\u1eceI V\u00c0 SALAD:<\/b>\u00a0C\u00f3 th\u1ec3 d\u00f9ng Gi\u1ea5m \u0110\u1ecf \u0111\u1ec3 tr\u1ed9n c\u00e1c m\u00f3n g\u1ecfi, n\u1ed9m, ho\u1eb7c l\u00e0m n\u01b0\u1edbc s\u1ed1t salad, mang l\u1ea1i h\u01b0\u01a1ng v\u1ecb chua ng\u1ecdt \u0111\u1eb7c tr\u01b0ng c\u1ee7a \u1ea9m th\u1ef1c ch\u00e2u \u00c1.<\/p>\n<p>\u2013\u00a0<b>D\u00d9NG TRONG N\u1ea4U \u0102N:<\/b>\u00a0Gi\u1ea5m \u0110\u1ecf c\u00f3 th\u1ec3 \u0111\u01b0\u1ee3c th\u00eam v\u00e0o c\u00e1c m\u00f3n h\u1ea7m, m\u00f3n kho, ho\u1eb7c s\u00fap chua ng\u1ecdt (nh\u01b0 S\u00fap S\u01b0\u1eddn) \u0111\u1ec3 t\u0103ng \u0111\u1ed9 chua d\u1ecbu, t\u1ea1o m\u00e0u s\u1eafc \u0111\u1eb9p m\u1eaft v\u00e0 l\u00e0m d\u1eady m\u00f9i th\u01a1m cho m\u00f3n \u0103n.<\/p>\n<p><img loading=\"lazy\" decoding=\"async\" class=\"aligncenter\" src=\"https:\/\/havamall.com\/wp-content\/uploads\/2025\/12\/dimsum.png\" alt=\"Baoz Dimsum\" width=\"801\" height=\"393\" \/><\/p>\n<p data-path-to-node=\"19\"><b>L\u01afU \u00dd B\u1ea2O QU\u1ea2N:<\/b>\u00a0N\u00ean b\u1ea3o qu\u1ea3n Gi\u1ea5m \u0110\u1ecf \u1edf n\u01a1i tho\u00e1ng m\u00e1t, tr\u00e1nh \u00e1nh s\u00e1ng m\u1eb7t tr\u1eddi tr\u1ef1c ti\u1ebfp. \u0110\u00f3ng ch\u1eb7t n\u1eafp sau m\u1ed7i l\u1ea7n s\u1eed d\u1ee5ng \u0111\u1ec3 gi\u1eef h\u01b0\u01a1ng th\u01a1m v\u00e0 tr\u00e1nh l\u00e0m gi\u1ea3m \u0111\u1ed9 chua.<\/p>\n<p data-path-to-node=\"19\">Gi\u1ea5m \u0110\u1ecf Truy\u1ec1n Th\u1ed1ng Qu\u1ea3ng Tam Nh\u1eadp Kh\u1ea9u Lon 630ml l\u00e0 gia v\u1ecb kh\u00f4ng th\u1ec3 thi\u1ebfu \u0111\u1ec3 t\u1ea1o n\u00ean nh\u1eefng m\u00f3n \u0103n \u0111\u1eadm \u0111\u00e0, chu\u1ea9n v\u1ecb \u1ea9m th\u1ef1c Trung Hoa. S\u1ea3n ph\u1ea9m hi\u1ec7n \u0111ang \u0111\u01b0\u1ee3c b\u00e1n t\u1ea1i\u00a0<b>Havamall<\/b>.<\/p>\n<\/div>\n<\/div>\n<\/div>\n<\/div>","protected":false},"excerpt":{"rendered":"<p>TH\u00d4NG TIN S\u1ea2N PH\u1ea8M Th\u01b0\u01a1ng Hi\u1ec7u Qu\u1ea3ng Tam (Guangtong) Xu\u1ea5t X\u1ee9 Trung Qu\u1ed1c (S\u1ea3n ph\u1ea9m \u0111\u01b0\u1ee3c nh\u1eadp kh\u1ea9u) Th\u00e0nh Ph\u1ea7n\u00a0<\/p>","protected":false},"featured_media":43699,"comment_status":"open","ping_status":"closed","template":"","meta":[],"product_brand":[],"product_cat":[595,674,154],"product_tag":[],"class_list":{"0":"post-43698","1":"product","2":"type-product","3":"status-publish","4":"has-post-thumbnail","6":"product_cat-gia-vi-va-che-bien","7":"product_cat-nhap-khau-trung-quoc","8":"product_cat-gia-vi","10":"first","11":"instock","12":"shipping-taxable","13":"product-type-simple"},"_links":{"self":[{"href":"https:\/\/havamall.vn\/en\/wp-json\/wp\/v2\/product\/43698"}],"collection":[{"href":"https:\/\/havamall.vn\/en\/wp-json\/wp\/v2\/product"}],"about":[{"href":"https:\/\/havamall.vn\/en\/wp-json\/wp\/v2\/types\/product"}],"replies":[{"embeddable":true,"href":"https:\/\/havamall.vn\/en\/wp-json\/wp\/v2\/comments?post=43698"}],"version-history":[{"count":0,"href":"https:\/\/havamall.vn\/en\/wp-json\/wp\/v2\/product\/43698\/revisions"}],"wp:featuredmedia":[{"embeddable":true,"href":"https:\/\/havamall.vn\/en\/wp-json\/wp\/v2\/media\/43699"}],"wp:attachment":[{"href":"https:\/\/havamall.vn\/en\/wp-json\/wp\/v2\/media?parent=43698"}],"wp:term":[{"taxonomy":"product_brand","embeddable":true,"href":"https:\/\/havamall.vn\/en\/wp-json\/wp\/v2\/product_brand?post=43698"},{"taxonomy":"product_cat","embeddable":true,"href":"https:\/\/havamall.vn\/en\/wp-json\/wp\/v2\/product_cat?post=43698"},{"taxonomy":"product_tag","embeddable":true,"href":"https:\/\/havamall.vn\/en\/wp-json\/wp\/v2\/product_tag?post=43698"}],"curies":[{"name":"wp","href":"https:\/\/api.w.org\/{rel}","templated":true}]}}