{"id":43687,"date":"2025-12-08T09:26:10","date_gmt":"2025-12-08T02:26:10","guid":{"rendered":"https:\/\/havamall.vn\/?post_type=product&#038;p=43687"},"modified":"2025-12-08T10:50:51","modified_gmt":"2025-12-08T03:50:51","slug":"nuoc-cot-dua-dam-dac-thai-coco-nhap-khau-thai-lan-lon-400ml-thai-coco-coconut-cream","status":"publish","type":"product","link":"https:\/\/havamall.vn\/en\/shop\/nuoc-cot-dua-dam-dac-thai-coco-nhap-khau-thai-lan-lon-400ml-thai-coco-coconut-cream\/","title":{"rendered":"N\u01b0\u1edbc C\u1ed1t D\u1eeba \u0110\u1eadm \u0110\u1eb7c Thai Coco Nh\u1eadp Kh\u1ea9u Th\u00e1i Lan Lon 400ml \u2013 Thai Coco Coconut Cream"},"content":{"rendered":"<h3 data-path-to-node=\"6\">TH\u00d4NG TIN S\u1ea2N PH\u1ea8M<\/h3>\n<div class=\"horizontal-scroll-wrapper\">\n<div class=\"table-block-component\">\n<div class=\"table-block has-export-button\">\n<div class=\"table-content not-end-of-paragraph\" data-hveid=\"0\" data-ved=\"0CAAQ3ecQahgKEwj4zIG3gKORAxUAAAAAHQAAAAAQ8gc\">\n<table data-path-to-node=\"7\">\n<tbody>\n<tr>\n<td><span data-path-to-node=\"7,1,0,0\"><b>Th\u01b0\u01a1ng Hi\u1ec7u<\/b><\/span><\/td>\n<td><span data-path-to-node=\"7,1,1,0\">Thai Coco\u00a0<\/span><\/td>\n<\/tr>\n<tr>\n<td><span data-path-to-node=\"7,2,0,0\"><b>Xu\u1ea5t X\u1ee9<\/b><\/span><\/td>\n<td><span data-path-to-node=\"7,2,1,0\">Th\u00e1i Lan<\/span><\/td>\n<\/tr>\n<tr>\n<td><span data-path-to-node=\"7,3,0,0\"><b>Th\u00e0nh Ph\u1ea7n Ch\u00ednh<\/b><\/span><\/td>\n<td><span data-path-to-node=\"7,3,1,0\">N\u01b0\u1edbc c\u1ed1t d\u1eeba, N\u01b0\u1edbc, Ch\u1ea5t \u1ed5n \u0111\u1ecbnh (E412, E415)<\/span><\/td>\n<\/tr>\n<tr>\n<td><span data-path-to-node=\"7,4,0,0\"><b>H\u1ea1n S\u1eed D\u1ee5ng<\/b><\/span><\/td>\n<td><span data-path-to-node=\"7,4,1,0\">24 th\u00e1ng<\/span><\/td>\n<\/tr>\n<tr>\n<td><span data-path-to-node=\"7,5,0,0\"><b>B\u1ea3o Qu\u1ea3n<\/b><\/span><\/td>\n<td><span data-path-to-node=\"7,5,1,0\">B\u1ea3o qu\u1ea3n n\u01a1i kh\u00f4 r\u00e1o, tho\u00e1ng m\u00e1t, tr\u00e1nh \u00e1nh n\u1eafng m\u1eb7t tr\u1eddi tr\u1ef1c ti\u1ebfp. Gi\u1eef l\u1ea1nh sau khi m\u1edf n\u1eafp v\u00e0 d\u00f9ng h\u1ebft trong 2-3 ng\u00e0y<\/span><\/td>\n<\/tr>\n<tr>\n<td><span data-path-to-node=\"7,6,0,0\"><b>Th\u1ec3 T\u00edch<\/b><\/span><\/td>\n<td><span data-path-to-node=\"7,6,1,0\">Lon 400ml (ho\u1eb7c 14 fl.oz)<\/span><\/td>\n<\/tr>\n<\/tbody>\n<\/table>\n<p data-path-to-node=\"11\">N\u01b0\u1edbc C\u1ed1t D\u1eeba (Coconut Cream) l\u00e0 m\u1ed9t trong nh\u1eefng nguy\u00ean li\u1ec7u c\u01a1 b\u1ea3n v\u00e0 kh\u00f4ng th\u1ec3 thi\u1ebfu, l\u00e0 &#8220;linh h\u1ed3n&#8221; c\u1ee7a \u1ea9m th\u1ef1c Th\u00e1i Lan v\u00e0 nhi\u1ec1u qu\u1ed1c gia \u0110\u00f4ng Nam \u00c1 kh\u00e1c. Kh\u00e1c v\u1edbi N\u01b0\u1edbc D\u1eeba (Coconut Water) thanh m\u00e1t d\u00f9ng \u0111\u1ec3 gi\u1ea3i kh\u00e1t, N\u01b0\u1edbc C\u1ed1t D\u1eeba \u0111\u01b0\u1ee3c chi\u1ebft xu\u1ea5t t\u1eeb c\u01a1m d\u1eeba gi\u00e0 n\u1ea1o s\u1ea5y, sau \u0111\u00f3 \u00e9p l\u1ea5y ph\u1ea7n n\u01b0\u1edbc m\u00e0u tr\u1eafng \u0111\u1ee5c, \u0111\u1eadm \u0111\u1eb7c. S\u1ef1 \u0111\u1eadm \u0111\u1eb7c n\u00e0y mang l\u1ea1i \u0111\u1ed9 b\u00e9o ng\u1eady, s\u00e1nh m\u1ecbn, gi\u00fap c\u00e1c m\u00f3n \u0103n c\u00f3 h\u01b0\u01a1ng v\u1ecb phong ph\u00fa v\u00e0 k\u1ebft c\u1ea5u h\u1ea5p d\u1eabn.<\/p>\n<p data-path-to-node=\"11\"><img fetchpriority=\"high\" decoding=\"async\" class=\"aligncenter\" src=\"https:\/\/havamall.com\/wp-content\/uploads\/2025\/12\/l-intro-1753282328.jpg\" width=\"800\" height=\"450\" \/><\/p>\n<p data-path-to-node=\"12\"><b>Thai Coco<\/b>\u00a0l\u00e0 th\u01b0\u01a1ng hi\u1ec7u n\u1ed5i ti\u1ebfng c\u1ee7a Th\u00e1i Coconut Public Company Limited, m\u1ed9t c\u00f4ng ty chuy\u00ean v\u1ec1 c\u00e1c s\u1ea3n ph\u1ea9m t\u1eeb d\u1eeba, c\u00f3 tr\u1ee5 s\u1edf t\u1ea1i Th\u00e1i Lan. Th\u00e1i Lan l\u00e0 m\u1ed9t trong nh\u1eefng qu\u1ed1c gia s\u1ea3n xu\u1ea5t d\u1eeba h\u00e0ng \u0111\u1ea7u th\u1ebf gi\u1edbi, v\u1edbi nh\u1eefng v\u01b0\u1eddn d\u1eeba ch\u1ea5t l\u01b0\u1ee3ng cao, \u0111\u1eb7c bi\u1ec7t l\u00e0 d\u1eeba Xi\u00eam th\u01a1m ngon. N\u01b0\u1edbc C\u1ed1t D\u1eeba Thai Coco \u0111\u01b0\u1ee3c s\u1ea3n xu\u1ea5t t\u1eeb nh\u1eefng tr\u00e1i d\u1eeba t\u01b0\u01a1i ngon, ch\u1ecdn l\u1ecdc, tr\u1ea3i qua quy tr\u00ecnh ch\u1ebf bi\u1ebfn hi\u1ec7n \u0111\u1ea1i, \u0111\u1ea3m b\u1ea3o gi\u1eef tr\u1ecdn v\u1eb9n h\u01b0\u01a1ng v\u1ecb v\u00e0 \u0111\u1ed9 b\u00e9o t\u1ef1 nhi\u00ean c\u1ee7a d\u1eeba.<\/p>\n<p data-path-to-node=\"12\"><img decoding=\"async\" class=\"aligncenter\" src=\"https:\/\/havamall.com\/wp-content\/uploads\/2025\/12\/Sweet-coconut-sauce-1.webp\" width=\"802\" height=\"1069\" \/><\/p>\n<h4 data-path-to-node=\"13\">\u0110\u1eb6C \u0110I\u1ec2M N\u1ed4I B\u1eacT V\u00c0 GI\u00c1 TR\u1eca DINH D\u01af\u1ee0NG C\u1ee6A C\u1ed0T D\u1eeaA<\/h4>\n<p data-path-to-node=\"15,0,0\"><b>\u2013 \u0110\u1ed8 \u0110\u1eacM \u0110\u1eb6C V\u00c0 \u0110\u1ed8 B\u00c9O L\u00dd T\u01af\u1edeNG:<\/b>\u00a0N\u01b0\u1edbc c\u1ed1t d\u1eeba Thai Coco mang l\u1ea1i \u0111\u1ed9 s\u00e1nh m\u1ecbn cao, v\u1edbi h\u00e0m l\u01b0\u1ee3ng ch\u1ea5t b\u00e9o d\u1eeba (Coconut Fat) l\u00fd t\u01b0\u1edfng. Ch\u00ednh \u0111\u1ed9 b\u00e9o n\u00e0y t\u1ea1o n\u00ean s\u1ef1 kh\u00e1c bi\u1ec7t cho c\u00e1c m\u00f3n c\u00e0 ri, ch\u00e8 ho\u1eb7c l\u00e0m kem, mang l\u1ea1i h\u01b0\u01a1ng v\u1ecb th\u01a1m ngon v\u00e0 b\u00e9o ng\u1eady m\u00e0 kh\u00f4ng c\u1ea7n th\u00eam nhi\u1ec1u nguy\u00ean li\u1ec7u kh\u00e1c.<\/p>\n<p data-path-to-node=\"15,1,0\"><b>\u2013 NGUY\u00caN LI\u1ec6U T\u1ef0 NHI\u00caN:<\/b>\u00a0S\u1ea3n ph\u1ea9m \u0111\u01b0\u1ee3c l\u00e0m ch\u1ee7 y\u1ebfu t\u1eeb n\u01b0\u1edbc c\u1ed1t d\u1eeba v\u00e0 n\u01b0\u1edbc. C\u00e1c ch\u1ea5t \u1ed5n \u0111\u1ecbnh (nh\u01b0 E412, E415) ch\u1ec9 \u0111\u01b0\u1ee3c th\u00eam v\u00e0o v\u1edbi h\u00e0m l\u01b0\u1ee3ng an to\u00e0n theo quy \u0111\u1ecbnh, nh\u1eb1m gi\u1eef cho n\u01b0\u1edbc c\u1ed1t d\u1eeba kh\u00f4ng b\u1ecb t\u00e1ch l\u1edbp trong qu\u00e1 tr\u00ecnh b\u1ea3o qu\u1ea3n l\u00e2u d\u00e0i.<\/p>\n<p data-path-to-node=\"15,2,0\"><b>\u2013 GI\u00c0U CH\u1ea4T B\u00c9O L\u00c0NH M\u1ea0NH:<\/b>\u00a0C\u1ed1t d\u1eeba ch\u1ee9a h\u00e0m l\u01b0\u1ee3ng ch\u1ea5t b\u00e9o cao, ch\u1ee7 y\u1ebfu l\u00e0 ch\u1ea5t b\u00e9o b\u00e3o h\u00f2a. Tuy nhi\u00ean, ph\u1ea7n l\u1edbn ch\u1ea5t b\u00e9o n\u00e0y l\u00e0\u00a0<b>Axit Lauric<\/b>, m\u1ed9t lo\u1ea1i Axit b\u00e9o chu\u1ed7i trung b\u00ecnh (MCT). MCT \u0111\u01b0\u1ee3c c\u01a1 th\u1ec3 h\u1ea5p th\u1ee5 v\u00e0 chuy\u1ec3n h\u00f3a th\u00e0nh n\u0103ng l\u01b0\u1ee3ng nhanh ch\u00f3ng h\u01a1n so v\u1edbi c\u00e1c lo\u1ea1i ch\u1ea5t b\u00e9o kh\u00e1c. Ngo\u00e0i ra, c\u1ed1t d\u1eeba c\u00f2n cung c\u1ea5p S\u1eaft, Kali v\u00e0 Magie.<\/p>\n<p data-path-to-node=\"15,3,0\"><b>\u2013 S\u1ef0 TI\u1ec6N L\u1ee2I T\u1ed0I \u0110A:<\/b>\u00a0\u0110\u00f3ng g\u00f3i trong lon kim lo\u1ea1i 400ml, s\u1ea3n ph\u1ea9m gi\u00fap ti\u1ebft ki\u1ec7m th\u1eddi gian ch\u1ebf bi\u1ebfn so v\u1edbi vi\u1ec7c n\u1ea1o v\u00e0 v\u1eaft d\u1eeba t\u01b0\u01a1i. \u0110\u00e2y l\u00e0 gi\u1ea3i ph\u00e1p ho\u00e0n h\u1ea3o cho c\u00e1c nh\u00e0 h\u00e0ng, qu\u00e1n \u0103n, ho\u1eb7c gia \u0111\u00ecnh c\u1ea7n nguy\u00ean li\u1ec7u ch\u1ea5t l\u01b0\u1ee3ng cao, c\u00f3 s\u1eb5n \u0111\u1ec3 n\u1ea5u n\u01b0\u1edbng b\u1ea5t c\u1ee9 l\u00fac n\u00e0o.<\/p>\n<p data-path-to-node=\"15,3,0\"><img decoding=\"async\" class=\"aligncenter wp-image-43708\" src=\"https:\/\/havamall.com\/wp-content\/uploads\/2025\/12\/Sweet-coconut-sauce-3.jpg\" alt=\"\" width=\"800\" height=\"800\" \/><\/p>\n<h4 data-path-to-node=\"16\">C\u00c1CH CH\u1ebe BI\u1ebeN V\u00c0 \u1ee8NG D\u1ee4NG \u0110A D\u1ea0NG<\/h4>\n<p data-path-to-node=\"18,0,0\"><b>\u2013 CH\u1ebe BI\u1ebeN M\u00d3N M\u1eb6N:<\/b>\u00a0L\u00e0 th\u00e0nh ph\u1ea7n c\u1ed1t y\u1ebfu t\u1ea1o n\u00ean h\u01b0\u01a1ng v\u1ecb b\u00e9o ng\u1eady, \u0111\u1eadm \u0111\u00e0 cho c\u00e1c m\u00f3n c\u00e0 ri Th\u00e1i (Green Curry, Red Curry), c\u00e1c m\u00f3n h\u1ea7m, ho\u1eb7c s\u00fap kem h\u1ea3i s\u1ea3n. C\u1ed1t d\u1eeba gi\u00fap l\u00e0m m\u1ec1m th\u1ecbt v\u00e0 t\u0103ng \u0111\u1ed9 b\u00e9o, t\u1ea1o c\u1ea3m gi\u00e1c ngon mi\u1ec7ng h\u01a1n.<\/p>\n<p data-path-to-node=\"18,0,0\"><img loading=\"lazy\" decoding=\"async\" class=\"aligncenter\" src=\"https:\/\/havamall.com\/wp-content\/uploads\/2025\/12\/Pha-Lau.jpg\" width=\"800\" height=\"753\" \/><\/p>\n<p data-path-to-node=\"18,1,0\"><b>\u2013 CH\u1ebe BI\u1ebeN M\u00d3N NG\u1eccT:<\/b>\u00a0C\u1ed1t d\u1eeba \u0111\u01b0\u1ee3c s\u1eed d\u1ee5ng r\u1ed9ng r\u00e3i \u0111\u1ec3 n\u1ea5u c\u00e1c m\u00f3n ch\u00e8 Vi\u1ec7t Nam (ch\u00e8 \u0111\u1eadu, ch\u00e8 chu\u1ed1i), l\u00e0m kem d\u1eeba, ch\u1ebf bi\u1ebfn th\u1ea1ch, ho\u1eb7c l\u00e0m b\u00e1nh ng\u1ecdt (nh\u01b0 b\u00e1nh Flan, b\u00e1nh Da L\u1ee3n). \u0110\u1ed9 b\u00e9o c\u1ee7a Thai Coco \u0111\u1eb7c bi\u1ec7t th\u00edch h\u1ee3p \u0111\u1ec3 l\u00e0m l\u1edbp kem d\u1eeba s\u00e1nh m\u1ecbn cho sinh t\u1ed1 ho\u1eb7c c\u00e0 ph\u00ea.<\/p>\n<p data-path-to-node=\"18,1,0\"><img loading=\"lazy\" decoding=\"async\" class=\"aligncenter\" src=\"https:\/\/havamall.com\/wp-content\/uploads\/2025\/12\/img-2291-1501386600446.jpg\" alt=\"Chu\u1ed1i n\u01b0\u1edbng n\u01b0\u1edbc c\u1ed1t d\u1eeba nh\u00e2m nhi ng\u00e0y m\u01b0a gi\u00f3\" width=\"800\" height=\"600\" \/><\/p>\n<p data-path-to-node=\"18,2,0\"><b>\u2013 KH\u1ea8U PH\u1ea6N \u0110\u1ec0 XU\u1ea4T:<\/b>\u00a0T\u00f9y theo c\u00f4ng th\u1ee9c, c\u00f3 th\u1ec3 d\u00f9ng tr\u1ef1c ti\u1ebfp ho\u1eb7c pha lo\u00e3ng v\u1edbi n\u01b0\u1edbc\/s\u1eefa t\u01b0\u01a1i. \u0110\u1ec3 l\u00e0m c\u00e1c m\u00f3n c\u1ea7n \u0111\u1ed9 b\u00e9o cao (nh\u01b0 kem ho\u1eb7c c\u00e0 ri), khuy\u1ebfn ngh\u1ecb d\u00f9ng nguy\u00ean ch\u1ea5t.<\/p>\n<p data-path-to-node=\"19\"><b>L\u01afU \u00dd:<\/b>\u00a0Tr\u01b0\u1edbc khi m\u1edf n\u1eafp, c\u1ea7n l\u1eafc \u0111\u1ec1u lon \u0111\u1ec3 c\u00e1c th\u00e0nh ph\u1ea7n b\u00ean trong (\u0111\u1eb7c bi\u1ec7t l\u00e0 ph\u1ea7n kem d\u1eeba \u0111\u00f4ng \u0111\u1eb7c) \u0111\u01b0\u1ee3c tr\u1ed9n \u0111\u1ec1u tr\u1edf l\u1ea1i. Sau khi m\u1edf n\u1eafp, n\u00ean chuy\u1ec3n ph\u1ea7n c\u1ed1t d\u1eeba c\u00f2n l\u1ea1i sang h\u1ed9p k\u00edn v\u00e0 b\u1ea3o qu\u1ea3n trong t\u1ee7 l\u1ea1nh \u0111\u1ec3 \u0111\u1ea3m b\u1ea3o ch\u1ea5t l\u01b0\u1ee3ng, d\u00f9ng h\u1ebft trong v\u00f2ng 2-3 ng\u00e0y.<\/p>\n<p data-path-to-node=\"21\">N\u01b0\u1edbc C\u1ed1t D\u1eeba \u0110\u1eadm \u0110\u1eb7c Thai Coco Nh\u1eadp Kh\u1ea9u Th\u00e1i Lan Lon 400ml l\u00e0 s\u1ef1 l\u1ef1a ch\u1ecdn kh\u00f4ng th\u1ec3 thi\u1ebfu \u0111\u1ec3 t\u1ea1o n\u00ean nh\u1eefng m\u00f3n \u0103n th\u01a1m ngon, chu\u1ea9n v\u1ecb Th\u00e1i. S\u1ea3n ph\u1ea9m hi\u1ec7n \u0111ang \u0111\u01b0\u1ee3c b\u00e1n t\u1ea1i\u00a0<b>Havamall<\/b>.<\/p>\n<\/div>\n<\/div>\n<\/div>\n<\/div>","protected":false},"excerpt":{"rendered":"<p>TH\u00d4NG TIN S\u1ea2N PH\u1ea8M Th\u01b0\u01a1ng Hi\u1ec7u Thai Coco\u00a0 Xu\u1ea5t X\u1ee9 Th\u00e1i Lan Th\u00e0nh Ph\u1ea7n Ch\u00ednh N\u01b0\u1edbc c\u1ed1t d\u1eeba, N\u01b0\u1edbc, Ch\u1ea5t<\/p>","protected":false},"featured_media":43689,"comment_status":"open","ping_status":"closed","template":"","meta":[],"product_brand":[],"product_cat":[677,255,131,143],"product_tag":[],"class_list":{"0":"post-43687","1":"product","2":"type-product","3":"status-publish","4":"has-post-thumbnail","6":"product_cat-cac-nuoc-khac","7":"product_cat-nguyen-lieu-lam-banh","8":"product_cat-nguyen-lieu-lam-bep","9":"product_cat-thuc-pham-dong-hop","11":"first","12":"instock","13":"shipping-taxable","14":"product-type-simple"},"_links":{"self":[{"href":"https:\/\/havamall.vn\/en\/wp-json\/wp\/v2\/product\/43687"}],"collection":[{"href":"https:\/\/havamall.vn\/en\/wp-json\/wp\/v2\/product"}],"about":[{"href":"https:\/\/havamall.vn\/en\/wp-json\/wp\/v2\/types\/product"}],"replies":[{"embeddable":true,"href":"https:\/\/havamall.vn\/en\/wp-json\/wp\/v2\/comments?post=43687"}],"version-history":[{"count":0,"href":"https:\/\/havamall.vn\/en\/wp-json\/wp\/v2\/product\/43687\/revisions"}],"wp:featuredmedia":[{"embeddable":true,"href":"https:\/\/havamall.vn\/en\/wp-json\/wp\/v2\/media\/43689"}],"wp:attachment":[{"href":"https:\/\/havamall.vn\/en\/wp-json\/wp\/v2\/media?parent=43687"}],"wp:term":[{"taxonomy":"product_brand","embeddable":true,"href":"https:\/\/havamall.vn\/en\/wp-json\/wp\/v2\/product_brand?post=43687"},{"taxonomy":"product_cat","embeddable":true,"href":"https:\/\/havamall.vn\/en\/wp-json\/wp\/v2\/product_cat?post=43687"},{"taxonomy":"product_tag","embeddable":true,"href":"https:\/\/havamall.vn\/en\/wp-json\/wp\/v2\/product_tag?post=43687"}],"curies":[{"name":"wp","href":"https:\/\/api.w.org\/{rel}","templated":true}]}}