{"id":43679,"date":"2025-12-07T09:17:11","date_gmt":"2025-12-07T02:17:11","guid":{"rendered":"https:\/\/havamall.vn\/?post_type=product&#038;p=43679"},"modified":"2025-12-07T09:17:19","modified_gmt":"2025-12-07T02:17:19","slug":"tra-atiso-cam-thao-mat-ong-vien-nen-vi-a-hop-180g-12-vien-vi-a-hibiscus-licorice-honey-tea","status":"publish","type":"product","link":"https:\/\/havamall.vn\/en\/shop\/tra-atiso-cam-thao-mat-ong-vien-nen-vi-a-hop-180g-12-vien-vi-a-hibiscus-licorice-honey-tea\/","title":{"rendered":"Tr\u00e0 Atiso Cam Th\u1ea3o M\u1eadt Ong Vi\u00ean N\u00e9n V\u1ecb \u00c1 H\u1ed9p 180g (12 Vi\u00ean) \u2013 V\u1ecb \u00c1 Hibiscus Licorice Honey Tea"},"content":{"rendered":"<h3 data-path-to-node=\"6\">TH\u00d4NG TIN S\u1ea2N PH\u1ea8M<\/h3>\n<div class=\"horizontal-scroll-wrapper\">\n<div class=\"table-block-component\">\n<div class=\"table-block has-export-button\">\n<div class=\"table-content not-end-of-paragraph\" data-hveid=\"0\" data-ved=\"0CAAQ3ecQahgKEwj4zIG3gKORAxUAAAAAHQAAAAAQvwY\">\n<table style=\"width: 80.8954%\" data-path-to-node=\"7\">\n<tbody>\n<tr>\n<td style=\"width: 13.6488%\"><span data-path-to-node=\"7,1,0,0\"><b>Th\u01b0\u01a1ng Hi\u1ec7u<\/b><\/span><\/td>\n<td style=\"width: 85.6233%\"><span data-path-to-node=\"7,1,1,0\">V\u1ecb \u00c1<\/span><\/td>\n<\/tr>\n<tr>\n<td style=\"width: 13.6488%\"><span data-path-to-node=\"7,2,0,0\"><b>Xu\u1ea5t X\u1ee9\u00a0<\/b><\/span><\/td>\n<td style=\"width: 85.6233%\"><span data-path-to-node=\"7,2,1,0\">Vi\u1ec7t Nam (S\u1ea3n xu\u1ea5t t\u1ea1i Vi\u1ec7t Nam)<\/span><\/td>\n<\/tr>\n<tr>\n<td style=\"width: 13.6488%\"><span data-path-to-node=\"7,3,0,0\"><b>Th\u00e0nh Ph\u1ea7n\u00a0<\/b><\/span><\/td>\n<td style=\"width: 85.6233%\"><span data-path-to-node=\"7,3,1,0\"><b>\u0110\u01b0\u1eddng ph\u00e8n<\/b>, Cao kh\u00f4 Atiso (Artichoke), Cao kh\u00f4 Cam Th\u1ea3o (Licorice), M\u1eadt ong, Tr\u00e0 xanh, H\u01b0\u01a1ng li\u1ec7u t\u1ed5ng h\u1ee3p (H\u01b0\u01a1ng Atiso\/Cam Th\u1ea3o)<\/span><\/td>\n<\/tr>\n<tr>\n<td style=\"width: 13.6488%\"><span data-path-to-node=\"7,4,0,0\"><b>H\u1ea1n S\u1eed D\u1ee5ng<\/b><\/span><\/td>\n<td style=\"width: 85.6233%\"><span data-path-to-node=\"7,4,1,0\">12 th\u00e1ng k\u1ec3 t\u1eeb ng\u00e0y s\u1ea3n xu\u1ea5t<\/span><\/td>\n<\/tr>\n<tr>\n<td style=\"width: 13.6488%\"><span data-path-to-node=\"7,5,0,0\"><b>B\u1ea3o Qu\u1ea3n<\/b><\/span><\/td>\n<td style=\"width: 85.6233%\"><span data-path-to-node=\"7,5,1,0\">B\u1ea3o qu\u1ea3n n\u01a1i kh\u00f4 r\u00e1o, tho\u00e1ng m\u00e1t, tr\u00e1nh \u00e1nh n\u1eafng m\u1eb7t tr\u1eddi<\/span><\/td>\n<\/tr>\n<tr>\n<td style=\"width: 13.6488%\"><span data-path-to-node=\"7,6,0,0\"><b>Kh\u1ed1i L\u01b0\u1ee3ng<\/b><\/span><\/td>\n<td style=\"width: 85.6233%\"><span data-path-to-node=\"7,6,1,0\">H\u1ed9p 180g (G\u1ed3m 12 vi\u00ean n\u00e9n x 15g)<\/span><\/td>\n<\/tr>\n<\/tbody>\n<\/table>\n<p data-path-to-node=\"12\">Tr\u00e0 Atiso \u0110\u1ecf, hay c\u00f2n \u0111\u01b0\u1ee3c bi\u1ebft \u0111\u1ebfn v\u1edbi t\u00ean g\u1ecdi\u00a0<b>Hibiscus<\/b>\u00a0ho\u1eb7c hoa B\u1ee5p Gi\u1ea5m, l\u00e0 m\u1ed9t lo\u1ea1i th\u1ee9c u\u1ed1ng truy\u1ec1n th\u1ed1ng \u0111\u01b0\u1ee3c y\u00eau th\u00edch tr\u00ean kh\u1eafp th\u1ebf gi\u1edbi, \u0111\u1eb7c bi\u1ec7t l\u00e0 \u1edf nh\u1eefng v\u00f9ng kh\u00ed h\u1eadu nhi\u1ec7t \u0111\u1edbi. Kh\u00e1c v\u1edbi Atiso xanh t\u1eadp trung v\u00e0o ch\u1ee9c n\u0103ng gan, Atiso \u0110\u1ecf n\u1ed5i ti\u1ebfng v\u1edbi h\u01b0\u01a1ng v\u1ecb chua thanh, m\u00e0u \u0111\u1ecf r\u1ef1c r\u1ee1 v\u00e0 c\u00f4ng d\u1ee5ng\u00a0<b>gi\u1ea3i kh\u00e1t, thanh nhi\u1ec7t<\/b>\u00a0v\u01b0\u1ee3t tr\u1ed9i. Hoa Atiso \u0110\u1ecf ch\u1ee9a nhi\u1ec1u\u00a0<b>Vitamin C<\/b>\u00a0v\u00e0 c\u00e1c h\u1ee3p ch\u1ea5t ch\u1ed1ng oxy h\u00f3a m\u1ea1nh (nh\u01b0 Anthocyanins).<\/p>\n<p data-path-to-node=\"13\"><b>Atiso \u0110\u1ecf<\/b>\u00a0c\u00f3 l\u1ecbch s\u1eed l\u00e2u \u0111\u1eddi, \u0111\u01b0\u1ee3c s\u1eed d\u1ee5ng kh\u00f4ng ch\u1ec9 nh\u01b0 m\u1ed9t lo\u1ea1i tr\u00e0 gi\u1ea3i nhi\u1ec7t m\u00e0 c\u00f2n \u0111\u1ec3 h\u1ed7 tr\u1ee3 s\u1ee9c kh\u1ecfe tim m\u1ea1ch v\u00e0 \u0111i\u1ec1u ch\u1ec9nh huy\u1ebft \u00e1p. Trong s\u1ea3n ph\u1ea9m n\u00e0y,\u00a0<b>Cam Th\u1ea3o<\/b>\u00a0\u0111\u01b0\u1ee3c th\u00eam v\u00e0o \u0111\u1ec3 c\u00e2n b\u1eb1ng v\u1ecb chua g\u1eaft t\u1ef1 nhi\u00ean c\u1ee7a Hibiscus, mang l\u1ea1i v\u1ecb ng\u1ecdt d\u1ecbu nh\u1eb9, \u0111\u1ed3ng th\u1eddi cung c\u1ea5p c\u00e1c l\u1ee3i \u00edch c\u1ee7a n\u00f3 nh\u01b0 h\u1ed7 tr\u1ee3 h\u00f4 h\u1ea5p v\u00e0 ti\u00eau h\u00f3a.\u00a0<b>M\u1eadt Ong<\/b>\u00a0\u0111\u00f3ng vai tr\u00f2 l\u00e0 ch\u1ea5t t\u1ea1o ng\u1ecdt t\u1ef1 nhi\u00ean v\u00e0 t\u0103ng c\u01b0\u1eddng kh\u1ea3 n\u0103ng mi\u1ec5n d\u1ecbch.<\/p>\n<p data-path-to-node=\"13\"><img fetchpriority=\"high\" decoding=\"async\" class=\"aligncenter\" src=\"https:\/\/havamall.com\/wp-content\/uploads\/2025\/12\/contact_form_bg.jpg\" alt=\"Nh\u1eefng c\u00e2u h\u1ecfi th\u01b0\u1eddng g\u1eb7p v\u1ec1 Trao v\u00e0 Hibiscus - Trao Group - Cho \u0111i v\u1edbi l\u00f2ng  t\u00f4n tr\u1ecdng \u2013 Give with respect\" width=\"802\" height=\"478\" \/><\/p>\n<p data-path-to-node=\"14\">Th\u01b0\u01a1ng hi\u1ec7u V\u1ecb \u00c1 (Asia Taste) \u0111\u00e3 \u1ee9ng d\u1ee5ng s\u1ef1 k\u1ebft h\u1ee3p n\u00e0y v\u00e0o vi\u00ean tr\u00e0 n\u00e9n ti\u1ec7n l\u1ee3i. Qu\u00e1 tr\u00ecnh s\u1ea3n xu\u1ea5t cao kh\u00f4 t\u1eeb Atiso \u0110\u1ecf v\u00e0 Cam Th\u1ea3o, k\u1ebft h\u1ee3p v\u1edbi \u0110\u01b0\u1eddng ph\u00e8n, gi\u00fap c\u00f4 \u0111\u1eb7c d\u01b0\u1ee1ng ch\u1ea5t m\u00e0 v\u1eabn gi\u1eef \u0111\u01b0\u1ee3c h\u01b0\u01a1ng v\u1ecb t\u1ef1 nhi\u00ean, \u0111\u1eb7c tr\u01b0ng. V\u1ecb \u00c1 cam k\u1ebft s\u1ea3n ph\u1ea9m \u0111\u1ea1t ti\u00eau chu\u1ea9n\u00a0<b>ISO 22000<\/b>\u00a0v\u00e0\u00a0<b>KH\u00d4NG<\/b>\u00a0s\u1eed d\u1ee5ng \u0111\u01b0\u1eddng h\u00f3a h\u1ecdc, ch\u1ea5t b\u1ea3o qu\u1ea3n hay m\u00e0u nh\u00e2n t\u1ea1o, \u0111\u1ea3m b\u1ea3o m\u1ed9t th\u1ee9c u\u1ed1ng an to\u00e0n, ch\u1ea5t l\u01b0\u1ee3ng v\u00e0 ho\u00e0n to\u00e0n t\u1eeb thi\u00ean nhi\u00ean.<\/p>\n<p data-path-to-node=\"14\"><img decoding=\"async\" class=\"aligncenter\" src=\"https:\/\/havamall.com\/wp-content\/uploads\/2025\/12\/hibiscus.jpg\" alt=\"Tr\u00e0 Hibiscus l\u00e0 tr\u00e0 g\u00ec? c\u00e1ch pha tr\u00e0 hibiscus \u0111\u00fang c\u00e1ch - Qu\u00e2n tr\u00e0\" width=\"800\" height=\"533\" \/><\/p>\n<blockquote>\n<h4 data-path-to-node=\"15\"><em>\u0110\u1eb6C \u0110I\u1ec2M N\u1ed4I B\u1eacT V\u00c0 L\u1ee2I \u00cdCH S\u1ee8C KH\u1eceE T\u1eea ATISO<\/em><\/h4>\n<\/blockquote>\n<p data-path-to-node=\"17,0,0\"><b>\u2013 GI\u1ea2I \u0110\u1ed8C V\u00c0 M\u00c1T GAN CHUY\u00caN S\u00c2U:<\/b>\u00a0Atiso trong tr\u00e0 c\u00f3 t\u00e1c d\u1ee5ng h\u1ed7 tr\u1ee3 ch\u1ee9c n\u0103ng gan, gi\u00fap\u00a0<b>thanh nhi\u1ec7t c\u01a1 th\u1ec3<\/b>, l\u00e0m m\u00e1t t\u1eeb b\u00ean trong, r\u1ea5t th\u00edch h\u1ee3p cho nh\u1eefng ng\u01b0\u1eddi c\u00f3 th\u00f3i quen th\u1ee9c khuya, d\u00f9ng nhi\u1ec1u bia r\u01b0\u1ee3u ho\u1eb7c th\u01b0\u1eddng xuy\u00ean \u0103n \u0111\u1ed3 cay n\u00f3ng.<\/p>\n<p data-path-to-node=\"17,1,0\"><b>\u2013 H\u01af\u01a0NG V\u1eca V\u00c0NG, D\u1ec4 TH\u01af\u1edeNG TH\u1ee8C:<\/b>\u00a0S\u1ea3n ph\u1ea9m c\u00f3 s\u1ef1 pha tr\u1ed9n gi\u1eefa v\u1ecb ng\u1ecdt thanh c\u1ee7a \u0110\u01b0\u1eddng ph\u00e8n v\u00e0 M\u1eadt Ong, v\u1ecb th\u01a1m nh\u1eb9 c\u1ee7a Tr\u00e0 xanh, c\u00f9ng v\u1edbi v\u1ecb ng\u1ecdt \u0111\u1eb7c tr\u01b0ng c\u1ee7a Cam Th\u1ea3o. S\u1ef1 k\u1ebft h\u1ee3p n\u00e0y trung h\u00f2a v\u1ecb ch\u00e1t ho\u1eb7c \u0111\u1eafng nh\u1eb9 c\u1ee7a Atiso, t\u1ea1o n\u00ean m\u1ed9t th\u1ee9c u\u1ed1ng th\u01a1m ngon, d\u1ec5 d\u00e0ng \u0111\u01b0a v\u00e0o th\u00f3i quen h\u00e0ng ng\u00e0y.<\/p>\n<p data-path-to-node=\"17,2,0\"><b>\u2013 TI\u1ec6N L\u1ee2I T\u1ed0I \u0110A V\u1edaI D\u1ea0NG VI\u00caN N\u00c9N:<\/b>\u00a0M\u1ed7i vi\u00ean tr\u00e0\u00a0<b>15g<\/b>\u00a0\u0111\u01b0\u1ee3c \u0111\u00f3ng g\u00f3i ri\u00eang bi\u1ec7t, gi\u00fap vi\u1ec7c pha ch\u1ebf tr\u1edf n\u00ean nhanh ch\u00f3ng, ch\u00ednh x\u00e1c. Vi\u00ean n\u00e9n tan nhanh trong n\u01b0\u1edbc n\u00f3ng, cho ph\u00e9p ng\u01b0\u1eddi d\u00f9ng c\u00f3 ngay m\u1ed9t t\u00e1ch tr\u00e0 ch\u1ea5t l\u01b0\u1ee3ng ch\u1ec9 trong v\u00e0i ph\u00fat. H\u1ed9p 180g g\u1ed3m\u00a0<b>12 vi\u00ean<\/b>\u00a0r\u1ea5t ti\u1ec7n l\u1ee3i \u0111\u1ec3 mang theo ho\u1eb7c s\u1eed d\u1ee5ng t\u1ea1i v\u0103n ph\u00f2ng.<\/p>\n<p data-path-to-node=\"17,3,0\"><b>\u2013 CAM K\u1ebeT S\u1ea0CH:<\/b>\u00a0Ch\u1ee9ng nh\u1eadn ISO 22000 c\u00f9ng l\u1eddi cam k\u1ebft\u00a0<b>KH\u00d4NG<\/b>\u00a0s\u1eed d\u1ee5ng ph\u1ee5 gia h\u00f3a h\u1ecdc \u0111\u1ed9c h\u1ea1i l\u00e0 b\u1ea3o ch\u1ee9ng cho ch\u1ea5t l\u01b0\u1ee3ng v\u00e0 s\u1ef1 an to\u00e0n c\u1ee7a s\u1ea3n ph\u1ea9m.<\/p>\n<p data-path-to-node=\"17,3,0\"><img decoding=\"async\" class=\"aligncenter\" src=\"https:\/\/havamall.com\/wp-content\/uploads\/2025\/12\/hibiscus-la-gi.thumb_.800.480.png\" alt=\"B\u1ea5t ng\u1edd v\u1edbi 5 l\u1ee3i \u00edch tuy\u1ec7t v\u1eddi c\u1ee7a hoa Hibiscus cho s\u1ee9c kh\u1ecfe | AIA Vietnam\" width=\"802\" height=\"451\" \/><\/p>\n<blockquote>\n<h4 data-path-to-node=\"18\">C\u00c1CH D\u00d9NG V\u00c0 G\u1ee2I \u00dd M\u00d3N U\u1ed0NG \u0110A D\u1ea0NG<\/h4>\n<\/blockquote>\n<p data-path-to-node=\"20,0,0\"><em><b>PHA CH\u1ebe N\u00d3NG (TH\u01af GI\u00c3N):<\/b><\/em><\/p>\n<p data-path-to-node=\"20,0,1,0,0\">\u2013 Cho\u00a0<b>m\u1ed9t vi\u00ean tr\u00e0<\/b>\u00a0v\u00e0o t\u00e1ch.<\/p>\n<p data-path-to-node=\"20,0,1,1,0\">\u2013 R\u00f3t kho\u1ea3ng\u00a0<b>150 &#8211; 200 ml n\u01b0\u1edbc n\u00f3ng<\/b>\u00a0(<span class=\"math-inline\" data-math=\"80^\\circ \\text{C} - 90^\\circ \\text{C}\"><span class=\"katex\"><span class=\"katex-html\" aria-hidden=\"true\"><span class=\"base\"><span class=\"mord\">8<\/span><span class=\"mord\">0<span class=\"msupsub\"><span class=\"vlist-t\"><span class=\"vlist-r\"><span class=\"vlist\"><span class=\"\"><span class=\"sizing reset-size6 size3 mtight\"><span class=\"mbin mtight\">\u2218<\/span><\/span><\/span><\/span><\/span><\/span><\/span><\/span><span class=\"mord text\"><span class=\"mord\">C<\/span><\/span><span class=\"mbin\">\u2212<\/span><\/span><span class=\"base\"><span class=\"mord\">9<\/span><span class=\"mord\">0<span class=\"msupsub\"><span class=\"vlist-t\"><span class=\"vlist-r\"><span class=\"vlist\"><span class=\"\"><span class=\"sizing reset-size6 size3 mtight\"><span class=\"mbin mtight\">\u2218<\/span><\/span><\/span><\/span><\/span><\/span><\/span><\/span><span class=\"mord text\"><span class=\"mord\">C<\/span><\/span><\/span><\/span><\/span><\/span>).<\/p>\n<p data-path-to-node=\"20,0,1,2,0\">\u2013 Khu\u1ea5y \u0111\u1ec1u cho \u0111\u1ebfn khi vi\u00ean tr\u00e0 tan ho\u00e0n to\u00e0n v\u00e0 th\u01b0\u1edfng th\u1ee9c.<\/p>\n<p data-path-to-node=\"20,1,0\"><em><b>PHA CH\u1ebe L\u1ea0NH (GI\u1ea2I NHI\u1ec6T):<\/b><\/em>\u00a0Pha tr\u00e0 v\u1edbi kho\u1ea3ng 100 ml n\u01b0\u1edbc n\u00f3ng \u0111\u1ec3 h\u00f2a tan ho\u00e0n to\u00e0n, sau \u0111\u00f3 th\u00eam \u0111\u00e1 vi\u00ean ho\u1eb7c \u0111\u1ec3 l\u1ea1nh trong t\u1ee7 l\u1ea1nh. Th\u1ee9c u\u1ed1ng n\u00e0y c\u1ef1c k\u1ef3 hi\u1ec7u qu\u1ea3 trong vi\u1ec7c gi\u1ea3i nhi\u1ec7t nh\u1eefng ng\u00e0y n\u1eafng n\u00f3ng.<\/p>\n<p data-path-to-node=\"20,2,0\"><em><b>KH\u1ea8U PH\u1ea6N \u0110\u1ec0 XU\u1ea4T:<\/b><\/em>\u00a0C\u00f3 th\u1ec3 d\u00f9ng\u00a0<b>1 &#8211; 2 t\u00e1ch tr\u00e0\/ng\u00e0y<\/b>\u00a0v\u00e0o b\u1ea5t c\u1ee9 th\u1eddi \u0111i\u1ec3m n\u00e0o, \u0111\u1eb7c bi\u1ec7t l\u00e0 sau b\u1eefa \u0103n ho\u1eb7c khi c\u01a1 th\u1ec3 c\u1ea3m th\u1ea5y n\u00f3ng b\u1ee9c.<\/p>\n<p data-path-to-node=\"20,2,0\"><img loading=\"lazy\" decoding=\"async\" class=\"aligncenter\" src=\"https:\/\/havamall.com\/wp-content\/uploads\/2025\/12\/Hibiscus-Lemonade-Evergreen-Kitchen-1.jpg\" alt=\"Hibiscus Lemonade\" width=\"801\" height=\"1068\" \/><\/p>\n<p data-path-to-node=\"21\"><b>L\u01afU \u00dd D\u01af\u1ee2C LI\u1ec6U:<\/b>\u00a0Cam Th\u1ea3o c\u00f3 th\u1ec3 kh\u00f4ng ph\u00f9 h\u1ee3p v\u1edbi nh\u1eefng ng\u01b0\u1eddi c\u00f3 v\u1ea5n \u0111\u1ec1 v\u1ec1 huy\u1ebft \u00e1p. M\u1eb7c d\u00f9 s\u1ea3n ph\u1ea9m l\u00e0 th\u1ef1c ph\u1ea9m b\u1ed5 sung c\u00f3 li\u1ec1u l\u01b0\u1ee3ng an to\u00e0n, nh\u1eefng ng\u01b0\u1eddi c\u00f3 b\u1ec7nh l\u00fd n\u1ec1n c\u1ea7n tham kh\u1ea3o \u00fd ki\u1ebfn b\u00e1c s\u0129 ho\u1eb7c chuy\u00ean gia dinh d\u01b0\u1ee1ng tr\u01b0\u1edbc khi s\u1eed d\u1ee5ng th\u01b0\u1eddng xuy\u00ean.<\/p>\n<p data-path-to-node=\"23\">Tr\u00e0 Atiso Cam Th\u1ea3o M\u1eadt Ong Vi\u00ean N\u00e9n V\u1ecb \u00c1 H\u1ed9p 180g (12 Vi\u00ean) l\u00e0 l\u1ef1a ch\u1ecdn th\u00f4ng minh \u0111\u1ec3 ch\u0103m s\u00f3c s\u1ee9c kh\u1ecfe ch\u1ee7 \u0111\u1ed9ng. S\u1ea3n ph\u1ea9m hi\u1ec7n \u0111ang \u0111\u01b0\u1ee3c b\u00e1n t\u1ea1i\u00a0<b>Havamall<\/b>.<\/p>\n<\/div>\n<\/div>\n<\/div>\n<\/div>","protected":false},"excerpt":{"rendered":"<p>TH\u00d4NG TIN S\u1ea2N PH\u1ea8M Th\u01b0\u01a1ng Hi\u1ec7u V\u1ecb \u00c1 Xu\u1ea5t X\u1ee9\u00a0 Vi\u1ec7t Nam (S\u1ea3n xu\u1ea5t t\u1ea1i Vi\u1ec7t Nam) Th\u00e0nh Ph\u1ea7n\u00a0 \u0110\u01b0\u1eddng<\/p>","protected":false},"featured_media":43680,"comment_status":"open","ping_status":"closed","template":"","meta":[],"product_brand":[],"product_cat":[677,131,135],"product_tag":[],"class_list":{"0":"post-43679","1":"product","2":"type-product","3":"status-publish","4":"has-post-thumbnail","6":"product_cat-cac-nuoc-khac","7":"product_cat-nguyen-lieu-lam-bep","8":"product_cat-sua-do-uong","10":"first","11":"instock","12":"sale","13":"shipping-taxable","14":"purchasable","15":"product-type-simple"},"_links":{"self":[{"href":"https:\/\/havamall.vn\/en\/wp-json\/wp\/v2\/product\/43679"}],"collection":[{"href":"https:\/\/havamall.vn\/en\/wp-json\/wp\/v2\/product"}],"about":[{"href":"https:\/\/havamall.vn\/en\/wp-json\/wp\/v2\/types\/product"}],"replies":[{"embeddable":true,"href":"https:\/\/havamall.vn\/en\/wp-json\/wp\/v2\/comments?post=43679"}],"version-history":[{"count":0,"href":"https:\/\/havamall.vn\/en\/wp-json\/wp\/v2\/product\/43679\/revisions"}],"wp:featuredmedia":[{"embeddable":true,"href":"https:\/\/havamall.vn\/en\/wp-json\/wp\/v2\/media\/43680"}],"wp:attachment":[{"href":"https:\/\/havamall.vn\/en\/wp-json\/wp\/v2\/media?parent=43679"}],"wp:term":[{"taxonomy":"product_brand","embeddable":true,"href":"https:\/\/havamall.vn\/en\/wp-json\/wp\/v2\/product_brand?post=43679"},{"taxonomy":"product_cat","embeddable":true,"href":"https:\/\/havamall.vn\/en\/wp-json\/wp\/v2\/product_cat?post=43679"},{"taxonomy":"product_tag","embeddable":true,"href":"https:\/\/havamall.vn\/en\/wp-json\/wp\/v2\/product_tag?post=43679"}],"curies":[{"name":"wp","href":"https:\/\/api.w.org\/{rel}","templated":true}]}}