{"id":43672,"date":"2025-12-07T08:52:12","date_gmt":"2025-12-07T01:52:12","guid":{"rendered":"https:\/\/havamall.vn\/?post_type=product&#038;p=43672"},"modified":"2025-12-07T08:52:14","modified_gmt":"2025-12-07T01:52:14","slug":"tra-sam-mat-ong-vien-nen-vi-a-hop-180g-12-vien-vi-a-ginseng-honey-tea","status":"publish","type":"product","link":"https:\/\/havamall.vn\/en\/shop\/tra-sam-mat-ong-vien-nen-vi-a-hop-180g-12-vien-vi-a-ginseng-honey-tea\/","title":{"rendered":"Tr\u00e0 S\u00e2m M\u1eadt Ong Vi\u00ean N\u00e9n V\u1ecb \u00c1 H\u1ed9p 180g (12 Vi\u00ean) \u2013 V\u1ecb \u00c1 Ginseng Honey Tea"},"content":{"rendered":"<h3 data-path-to-node=\"6\">TH\u00d4NG TIN S\u1ea2N PH\u1ea8M<\/h3>\n<div class=\"horizontal-scroll-wrapper\">\n<div class=\"table-block-component\">\n<div class=\"table-block has-export-button\">\n<div class=\"table-content not-end-of-paragraph\" data-hveid=\"0\" data-ved=\"0CAAQ3ecQahgKEwj4zIG3gKORAxUAAAAAHQAAAAAQiQY\">\n<table data-path-to-node=\"7\">\n<tbody>\n<tr>\n<td><span data-path-to-node=\"7,1,0,0\"><b>Th\u01b0\u01a1ng Hi\u1ec7u<\/b><\/span><\/td>\n<td><span data-path-to-node=\"7,1,1,0\">V\u1ecb \u00c1<\/span><\/td>\n<\/tr>\n<tr>\n<td><span data-path-to-node=\"7,2,0,0\"><b>Xu\u1ea5t X\u1ee9\u00a0<\/b><\/span><\/td>\n<td><span data-path-to-node=\"7,2,1,0\">Vi\u1ec7t Nam\u00a0<\/span><\/td>\n<\/tr>\n<tr>\n<td><span data-path-to-node=\"7,3,0,0\"><b>Th\u00e0nh Ph\u1ea7n Ch\u00ednh<\/b><\/span><\/td>\n<td><span data-path-to-node=\"7,3,1,0\"><b>\u0110\u01b0\u1eddng ph\u00e8n<\/b>, Cao kh\u00f4 H\u1ed3ng s\u00e2m\/Nh\u00e2n s\u00e2m, M\u1eadt ong, Tr\u00e0 xanh, H\u01b0\u01a1ng li\u1ec7u t\u1ed5ng h\u1ee3p (H\u01b0\u01a1ng S\u00e2m)<\/span><\/td>\n<\/tr>\n<tr>\n<td><span data-path-to-node=\"7,4,0,0\"><b>H\u1ea1n S\u1eed D\u1ee5ng<\/b><\/span><\/td>\n<td><span data-path-to-node=\"7,4,1,0\">12 th\u00e1ng k\u1ec3 t\u1eeb ng\u00e0y s\u1ea3n xu\u1ea5t<\/span><\/td>\n<\/tr>\n<tr>\n<td><span data-path-to-node=\"7,5,0,0\"><b>B\u1ea3o Qu\u1ea3n<\/b><\/span><\/td>\n<td><span data-path-to-node=\"7,5,1,0\">B\u1ea3o qu\u1ea3n n\u01a1i kh\u00f4 r\u00e1o, tho\u00e1ng m\u00e1t, tr\u00e1nh \u00e1nh n\u1eafng m\u1eb7t tr\u1eddi<\/span><\/td>\n<\/tr>\n<tr>\n<td><span data-path-to-node=\"7,6,0,0\"><b>Kh\u1ed1i L\u01b0\u1ee3ng<\/b><\/span><\/td>\n<td><span data-path-to-node=\"7,6,1,0\">H\u1ed9p 180g (G\u1ed3m 12 vi\u00ean n\u00e9n x 15g)<\/span><\/td>\n<\/tr>\n<\/tbody>\n<\/table>\n<p data-path-to-node=\"11\">Nh\u00e2n S\u00e2m \u0111\u01b0\u1ee3c m\u1ec7nh danh l\u00e0 &#8220;vua c\u1ee7a c\u00e1c lo\u1ea1i th\u1ea3o d\u01b0\u1ee3c&#8221;, c\u00f3 l\u1ecbch s\u1eed s\u1eed d\u1ee5ng h\u00e0ng ng\u00e0n n\u0103m t\u1ea1i c\u00e1c n\u01b0\u1edbc ch\u00e2u \u00c1 nh\u01b0 H\u00e0n Qu\u1ed1c, Trung Qu\u1ed1c, v\u00e0 Vi\u1ec7t Nam. C\u00e2y Nh\u00e2n S\u00e2m ch\u1ee9a c\u00e1c ho\u1ea1t ch\u1ea5t sinh h\u1ecdc quan tr\u1ecdng, \u0111\u1eb7c bi\u1ec7t l\u00e0\u00a0<b>Ginsenosides<\/b>, \u0111\u01b0\u1ee3c khoa h\u1ecdc hi\u1ec7n \u0111\u1ea1i ch\u1ee9ng minh c\u00f3 kh\u1ea3 n\u0103ng h\u1ed7 tr\u1ee3 t\u0103ng c\u01b0\u1eddng s\u1ee9c \u0111\u1ec1 kh\u00e1ng, gi\u1ea3m c\u0103ng th\u1eb3ng, t\u0103ng c\u01b0\u1eddng tr\u00ed nh\u1edb v\u00e0 ph\u1ee5c h\u1ed3i th\u1ec3 l\u1ef1c.<\/p>\n<p data-path-to-node=\"11\"><img fetchpriority=\"high\" decoding=\"async\" class=\"aligncenter\" src=\"https:\/\/havamall.com\/wp-content\/uploads\/2025\/12\/nuoc_hong_sam_mat_ong_co_cong_dung_gi_doi_voi_suc_khoe_RQJWB_1672303463_b904c3c079.jpg\" alt=\"N\u01b0\u1edbc h\u1ed3ng s\u00e2m m\u1eadt ong c\u00f3 c\u00f4ng d\u1ee5ng g\u00ec \u0111\u1ed1i v\u1edbi s\u1ee9c kh\u1ecfe? - Nh\u00e0 thu\u1ed1c FPT  Long Ch\u00e2u\" width=\"800\" height=\"450\" \/><\/p>\n<p data-path-to-node=\"12\"><b>M\u1eadt Ong<\/b>\u00a0l\u00e0 m\u1ed9t m\u00f3n qu\u00e0 t\u1eeb thi\u00ean nhi\u00ean, kh\u00f4ng ch\u1ec9 l\u00e0 ch\u1ea5t t\u1ea1o ng\u1ecdt t\u1ef1 nhi\u00ean m\u00e0 c\u00f2n c\u00f3 t\u00ednh kh\u00e1ng khu\u1ea9n, ch\u1ed1ng oxy h\u00f3a, v\u00e0 ch\u1ee9a nhi\u1ec1u vitamin c\u00f9ng kho\u00e1ng ch\u1ea5t. S\u1ef1 k\u1ebft h\u1ee3p c\u1ee7a Nh\u00e2n S\u00e2m v\u00e0 M\u1eadt Ong t\u1ea1o n\u00ean m\u1ed9t c\u00f4ng th\u1ee9c ho\u00e0n h\u1ea3o: S\u00e2m gi\u00fap b\u1ed3i b\u1ed5 n\u1ed9i l\u1ef1c, c\u00f2n M\u1eadt Ong v\u1eeba l\u00e0m d\u1ecbu v\u1ecb \u0111\u1eafng c\u1ee7a S\u00e2m, v\u1eeba t\u0103ng c\u01b0\u1eddng kh\u1ea3 n\u0103ng h\u1ea5p th\u1ee5 v\u00e0 cung c\u1ea5p n\u0103ng l\u01b0\u1ee3ng nhanh ch\u00f3ng cho c\u01a1 th\u1ec3.<\/p>\n<p data-path-to-node=\"12\"><img decoding=\"async\" class=\"aligncenter\" src=\"https:\/\/havamall.com\/wp-content\/uploads\/2025\/12\/mag-1200x672-what-are-the-virtues-of-honey-and-other-treasures-of-the-hive-1.jpg\" alt=\"The Benefits of Honey and Beehive Ingredients for Skin | NUXE\" width=\"800\" height=\"448\" \/><\/p>\n<\/div>\n<\/div>\n<div class=\"table-footer hide-from-message-actions ng-star-inserted\">\n<blockquote>\n<h4 data-path-to-node=\"15\">\u0110\u1eb6C \u0110I\u1ec2M N\u1ed4I B\u1eacT V\u00c0 C\u00d4NG D\u1ee4NG V\u01af\u1ee2T TR\u1ed8I<\/h4>\n<\/blockquote>\n<p><b>\u2013\u00a0<\/b><b>T\u00c1C D\u1ee4NG B\u1ed2I B\u1ed4 S\u1ee8C KH\u1eceE:<\/b>\u00a0S\u1ea3n ph\u1ea9m t\u1eadp trung v\u00e0o kh\u1ea3 n\u0103ng h\u1ed7 tr\u1ee3 s\u1ee9c kh\u1ecfe to\u00e0n di\u1ec7n c\u1ee7a Nh\u00e2n S\u00e2m:\u00a0<b>T\u0103ng C\u01b0\u1eddng Sinh L\u1ef1c:<\/b>\u00a0Gi\u00fap gi\u1ea3m m\u1ec7t m\u1ecfi, t\u0103ng kh\u1ea3 n\u0103ng ch\u1ecbu \u0111\u1ef1ng v\u00e0 ph\u1ee5c h\u1ed3i s\u1ee9c kh\u1ecfe nhanh ch\u00f3ng sau khi v\u1eadn \u0111\u1ed9ng m\u1ea1nh ho\u1eb7c l\u00e0m vi\u1ec7c qu\u00e1 s\u1ee9c.\u00a0<b>H\u1ed7 Tr\u1ee3 Mi\u1ec5n D\u1ecbch:<\/b>\u00a0Ginsenosides c\u00f3 trong S\u00e2m gi\u00fap k\u00edch th\u00edch h\u1ec7 th\u1ed1ng mi\u1ec5n d\u1ecbch, t\u0103ng c\u01b0\u1eddng s\u1ee9c \u0111\u1ec1 kh\u00e1ng c\u1ee7a c\u01a1 th\u1ec3.\u00a0<b>C\u1ea3i Thi\u1ec7n Tr\u00ed Nh\u1edb:<\/b>\u00a0S\u00e2m c\u00f3 th\u1ec3 h\u1ed7 tr\u1ee3 ch\u1ee9c n\u0103ng nh\u1eadn th\u1ee9c v\u00e0 t\u0103ng c\u01b0\u1eddng s\u1ef1 t\u1eadp trung.<\/p>\n<p><b>\u2013\u00a0<\/b><b>H\u01af\u01a0NG V\u1eca THANH CAO, D\u1ec4 U\u1ed0NG:<\/b>\u00a0Vi\u00ean tr\u00e0 c\u00f3 h\u01b0\u01a1ng th\u01a1m \u0111\u1eb7c tr\u01b0ng, thanh m\u00e1t c\u1ee7a S\u00e2m, \u0111\u01b0\u1ee3c l\u00e0m d\u1ecbu b\u1eb1ng v\u1ecb ng\u1ecdt t\u1ef1 nhi\u00ean c\u1ee7a M\u1eadt Ong v\u00e0 \u0110\u01b0\u1eddng ph\u00e8n, r\u1ea5t d\u1ec5 th\u01b0\u1edfng th\u1ee9c, kh\u00f4ng b\u1ecb qu\u00e1 \u0111\u1eafng hay g\u1eaft.<\/p>\n<p><b>\u2013\u00a0<\/b><b>TI\u00caU CHU\u1ea8N ISO 22000:<\/b>\u00a0Vi\u1ec7c s\u1ea3n ph\u1ea9m \u0111\u1ea1t ch\u1ee9ng nh\u1eadn ISO 22000 l\u00e0 minh ch\u1ee9ng r\u00f5 r\u00e0ng cho quy tr\u00ecnh s\u1ea3n xu\u1ea5t nghi\u00eam ng\u1eb7t v\u00e0 cam k\u1ebft v\u1ec1 ch\u1ea5t l\u01b0\u1ee3ng, an to\u00e0n th\u1ef1c ph\u1ea9m.<\/p>\n<p><img decoding=\"async\" class=\"aligncenter\" src=\"https:\/\/havamall.com\/wp-content\/uploads\/2025\/12\/bat-mi-cong-dung-tuyet-voi-cua-tr-sam-han-quoc-1.jpg\" alt=\"Nh\u00e2n S\u00e2m t\u01b0\u01a1i v\u00e0 Kh\u00f4 lo\u1ea1i n\u00e0o T\u1ed1t v\u00e0 gi\u00e1 cao h\u01a1n ? - S\u00e2m Y\u1ebfn Linh Chi\" width=\"801\" height=\"534\" \/><\/p>\n<\/div>\n<blockquote>\n<h4 data-path-to-node=\"18\">C\u00c1CH D\u00d9NG V\u00c0 G\u1ee2I \u00dd TH\u01af\u1edeNG TH\u1ee8C T\u1ed0I \u01afU<\/h4>\n<\/blockquote>\n<p data-path-to-node=\"20,0,0\"><em><b>C\u00c1CH PHA CHU\u1ea8N:<\/b><\/em><\/p>\n<p data-path-to-node=\"20,0,1,0,0\">\u2013 Cho\u00a0<b>m\u1ed9t vi\u00ean tr\u00e0 15g<\/b>\u00a0v\u00e0o t\u00e1ch.<\/p>\n<p data-path-to-node=\"20,0,1,1,0\">\u2013 R\u00f3t kho\u1ea3ng\u00a0<b>150 \u2013 200 ml n\u01b0\u1edbc n\u00f3ng<\/b>\u00a0(kho\u1ea3ng\u00a0<span class=\"math-inline\" data-math=\"80^\\circ \\text{C} - 90^\\circ \\text{C}\"><span class=\"katex\"><span class=\"katex-html\" aria-hidden=\"true\"><span class=\"base\"><span class=\"mord\">8<\/span><span class=\"mord\">0<span class=\"msupsub\"><span class=\"vlist-t\"><span class=\"vlist-r\"><span class=\"vlist\"><span class=\"\"><span class=\"sizing reset-size6 size3 mtight\"><span class=\"mbin mtight\">\u2218<\/span><\/span><\/span><\/span><\/span><\/span><\/span><\/span><span class=\"mord text\"><span class=\"mord\">C<\/span><\/span><span class=\"mbin\">\u2212<\/span><\/span><span class=\"base\"><span class=\"mord\">9<\/span><span class=\"mord\">0<span class=\"msupsub\"><span class=\"vlist-t\"><span class=\"vlist-r\"><span class=\"vlist\"><span class=\"\"><span class=\"sizing reset-size6 size3 mtight\"><span class=\"mbin mtight\">\u2218<\/span><\/span><\/span><\/span><\/span><\/span><\/span><\/span><span class=\"mord text\"><span class=\"mord\">C<\/span><\/span><\/span><\/span><\/span><\/span>).<\/p>\n<p data-path-to-node=\"20,0,1,2,0\">\u2013 Khu\u1ea5y \u0111\u1ec1u cho vi\u00ean tr\u00e0 tan ho\u00e0n to\u00e0n.<\/p>\n<p data-path-to-node=\"20,1,0\"><em><b>KH\u1ea8U PH\u1ea6N V\u00c0 TH\u1edcI \u0110I\u1ec2M S\u1eec D\u1ee4NG:<\/b><\/em><\/p>\n<p data-path-to-node=\"20,1,1,0,0\">\u2013 Khuy\u1ebfn ngh\u1ecb d\u00f9ng\u00a0<b>1 t\u00e1ch tr\u00e0\/ng\u00e0y<\/b>.<\/p>\n<p data-path-to-node=\"20,1,1,1,0\">\u2013 Tr\u00e1nh d\u00f9ng tr\u00e0 v\u00e0o bu\u1ed5i t\u1ed1i qu\u00e1 mu\u1ed9n do S\u00e2m c\u00f3 t\u00ednh k\u00edch th\u00edch nh\u1eb9, c\u00f3 th\u1ec3 \u1ea3nh h\u01b0\u1edfng \u0111\u1ebfn gi\u1ea5c ng\u1ee7.<\/p>\n<p data-path-to-node=\"20,1,1,2,0\">\u2013 Trong nh\u1eefng ng\u00e0y n\u00f3ng b\u1ee9c, c\u00f3 th\u1ec3 d\u00f9ng tr\u00e0 \u0111\u00e1: pha tr\u00e0 v\u1edbi l\u01b0\u1ee3ng n\u01b0\u1edbc n\u00f3ng \u00edt h\u01a1n, sau \u0111\u00f3 th\u00eam \u0111\u00e1 vi\u00ean v\u00e0 th\u01b0\u1edfng th\u1ee9c.<\/p>\n<p data-path-to-node=\"20,1,1,2,0\"><img loading=\"lazy\" decoding=\"async\" class=\"aligncenter  wp-image-43679\" src=\"https:\/\/havamall.com\/wp-content\/uploads\/2025\/12\/at_tra-sam-dua-da-nang_923e0da32f83ec0819ddc3fba149116e.jpg\" alt=\"\" width=\"800\" height=\"800\" \/><\/p>\n<p data-path-to-node=\"20\"><b>L\u01afU \u00dd:<\/b>\u00a0Do S\u00e2m c\u00f3 t\u00e1c d\u1ee5ng t\u0103ng c\u01b0\u1eddng tu\u1ea7n ho\u00e0n v\u00e0 k\u00edch th\u00edch nh\u1eb9, nh\u1eefng ng\u01b0\u1eddi b\u1ecb huy\u1ebft \u00e1p cao ho\u1eb7c \u0111ang d\u00f9ng thu\u1ed1c \u0111i\u1ec1u tr\u1ecb n\u00ean tham kh\u1ea3o \u00fd ki\u1ebfn b\u00e1c s\u0129 tr\u01b0\u1edbc khi s\u1eed d\u1ee5ng.<\/p>\n<p data-path-to-node=\"20\">Tr\u00e0 S\u00e2m M\u1eadt Ong B\u1ed3i B\u1ed5 S\u1ee9c Kh\u1ecfe Vi\u00ean N\u00e9n V\u1ecb \u00c1 H\u1ed9p 180g (12 Vi\u00ean) l\u00e0 s\u1ef1 \u0111\u1ea7u t\u01b0 x\u1ee9ng \u0111\u00e1ng cho s\u1ee9c kh\u1ecfe v\u00e0 tinh th\u1ea7n. S\u1ea3n ph\u1ea9m hi\u1ec7n \u0111ang \u0111\u01b0\u1ee3c b\u00e1n t\u1ea1i\u00a0<b>Havamall<\/b>.<\/p>\n<\/div>\n<\/div>","protected":false},"excerpt":{"rendered":"<p>TH\u00d4NG TIN S\u1ea2N PH\u1ea8M Th\u01b0\u01a1ng Hi\u1ec7u V\u1ecb \u00c1 Xu\u1ea5t X\u1ee9\u00a0 Vi\u1ec7t Nam\u00a0 Th\u00e0nh Ph\u1ea7n Ch\u00ednh \u0110\u01b0\u1eddng ph\u00e8n, Cao kh\u00f4 H\u1ed3ng<\/p>","protected":false},"featured_media":43673,"comment_status":"open","ping_status":"closed","template":"","meta":[],"product_brand":[],"product_cat":[677,131,135],"product_tag":[],"class_list":{"0":"post-43672","1":"product","2":"type-product","3":"status-publish","4":"has-post-thumbnail","6":"product_cat-cac-nuoc-khac","7":"product_cat-nguyen-lieu-lam-bep","8":"product_cat-sua-do-uong","10":"first","11":"instock","12":"sale","13":"shipping-taxable","14":"purchasable","15":"product-type-simple"},"_links":{"self":[{"href":"https:\/\/havamall.vn\/en\/wp-json\/wp\/v2\/product\/43672"}],"collection":[{"href":"https:\/\/havamall.vn\/en\/wp-json\/wp\/v2\/product"}],"about":[{"href":"https:\/\/havamall.vn\/en\/wp-json\/wp\/v2\/types\/product"}],"replies":[{"embeddable":true,"href":"https:\/\/havamall.vn\/en\/wp-json\/wp\/v2\/comments?post=43672"}],"version-history":[{"count":0,"href":"https:\/\/havamall.vn\/en\/wp-json\/wp\/v2\/product\/43672\/revisions"}],"wp:featuredmedia":[{"embeddable":true,"href":"https:\/\/havamall.vn\/en\/wp-json\/wp\/v2\/media\/43673"}],"wp:attachment":[{"href":"https:\/\/havamall.vn\/en\/wp-json\/wp\/v2\/media?parent=43672"}],"wp:term":[{"taxonomy":"product_brand","embeddable":true,"href":"https:\/\/havamall.vn\/en\/wp-json\/wp\/v2\/product_brand?post=43672"},{"taxonomy":"product_cat","embeddable":true,"href":"https:\/\/havamall.vn\/en\/wp-json\/wp\/v2\/product_cat?post=43672"},{"taxonomy":"product_tag","embeddable":true,"href":"https:\/\/havamall.vn\/en\/wp-json\/wp\/v2\/product_tag?post=43672"}],"curies":[{"name":"wp","href":"https:\/\/api.w.org\/{rel}","templated":true}]}}