{"id":43665,"date":"2025-12-06T15:40:08","date_gmt":"2025-12-06T08:40:08","guid":{"rendered":"https:\/\/havamall.vn\/?post_type=product&#038;p=43665"},"modified":"2025-12-06T15:40:10","modified_gmt":"2025-12-06T08:40:10","slug":"tra-sen-binh-voi-mat-ong-vien-nen-vi-a-hop-180g-12-vien-vi-a-lotus-stephania-honey-tea","status":"publish","type":"product","link":"https:\/\/havamall.vn\/en\/shop\/tra-sen-binh-voi-mat-ong-vien-nen-vi-a-hop-180g-12-vien-vi-a-lotus-stephania-honey-tea\/","title":{"rendered":"Tr\u00e0 Sen B\u00ecnh V\u00f4i M\u1eadt Ong Vi\u00ean N\u00e9n V\u1ecb \u00c1 H\u1ed9p 180g (12 Vi\u00ean) \u2013 V\u1ecb \u00c1 Lotus Stephania Honey Tea"},"content":{"rendered":"<h3 data-path-to-node=\"6\">TH\u00d4NG TIN S\u1ea2N PH\u1ea8M<\/h3>\n<div class=\"horizontal-scroll-wrapper\">\n<div class=\"table-block-component\">\n<div class=\"table-block has-export-button\">\n<div class=\"table-content not-end-of-paragraph\" data-hveid=\"0\" data-ved=\"0CAAQ3ecQahgKEwj4zIG3gKORAxUAAAAAHQAAAAAQ1AU\">\n<table style=\"width: 75.0996%;height: 144px\" data-path-to-node=\"7\">\n<tbody>\n<tr style=\"height: 24px\">\n<td style=\"width: 15.0905%;height: 24px\"><span data-path-to-node=\"7,1,0,0\"><b>Th\u01b0\u01a1ng Hi\u1ec7u<\/b><\/span><\/td>\n<td style=\"width: 89.0148%;height: 24px\"><span data-path-to-node=\"7,1,1,0\">V\u1ecb \u00c1 (Asia Taste)<\/span><\/td>\n<\/tr>\n<tr style=\"height: 24px\">\n<td style=\"width: 15.0905%;height: 24px\"><span data-path-to-node=\"7,2,0,0\"><b>Xu\u1ea5t X\u1ee9<\/b><\/span><\/td>\n<td style=\"width: 89.0148%;height: 24px\"><span data-path-to-node=\"7,2,1,0\">Vi\u1ec7t Nam<\/span><\/td>\n<\/tr>\n<tr style=\"height: 24px\">\n<td style=\"width: 15.0905%;height: 24px\"><span data-path-to-node=\"7,3,0,0\"><b>Th\u00e0nh Ph\u1ea7n<\/b><\/span><\/td>\n<td style=\"width: 89.0148%;height: 24px\"><span data-path-to-node=\"7,3,1,0\"><b>\u0110\u01b0\u1eddng ph\u00e8n<\/b>, Cao kh\u00f4 C\u1ee7 B\u00ecnh V\u00f4i (Tuber Stephania glabra), M\u1eadt ong, Tr\u00e0 xanh, H\u01b0\u01a1ng li\u1ec7u t\u1ed5ng h\u1ee3p (H\u01b0\u01a1ng sen)<\/span><\/td>\n<\/tr>\n<tr style=\"height: 24px\">\n<td style=\"width: 15.0905%;height: 24px\"><span data-path-to-node=\"7,4,0,0\"><b>H\u1ea1n S\u1eed D\u1ee5ng<\/b><\/span><\/td>\n<td style=\"width: 89.0148%;height: 24px\"><span data-path-to-node=\"7,4,1,0\">12 th\u00e1ng k\u1ec3 t\u1eeb ng\u00e0y s\u1ea3n xu\u1ea5t<\/span><\/td>\n<\/tr>\n<tr style=\"height: 24px\">\n<td style=\"width: 15.0905%;height: 24px\"><span data-path-to-node=\"7,5,0,0\"><b>B\u1ea3o Qu\u1ea3n<\/b><\/span><\/td>\n<td style=\"width: 89.0148%;height: 24px\"><span data-path-to-node=\"7,5,1,0\">B\u1ea3o qu\u1ea3n n\u01a1i kh\u00f4 r\u00e1o, tho\u00e1ng m\u00e1t, tr\u00e1nh \u00e1nh n\u1eafng m\u1eb7t tr\u1eddi.<\/span><\/td>\n<\/tr>\n<tr style=\"height: 24px\">\n<td style=\"width: 15.0905%;height: 24px\"><span data-path-to-node=\"7,6,0,0\"><b>Kh\u1ed1i L\u01b0\u1ee3ng<\/b><\/span><\/td>\n<td style=\"width: 89.0148%;height: 24px\"><span data-path-to-node=\"7,6,1,0\">H\u1ed9p 180g (G\u1ed3m 12 vi\u00ean n\u00e9n x 15g)<\/span><\/td>\n<\/tr>\n<\/tbody>\n<\/table>\n<p data-path-to-node=\"12\"><b>Sen (Lotus)<\/b>\u00a0kh\u00f4ng ch\u1ec9 l\u00e0 qu\u1ed1c hoa c\u1ee7a Vi\u1ec7t Nam m\u00e0 c\u00f2n l\u00e0 m\u1ed9t lo\u1ea1i th\u1ea3o d\u01b0\u1ee3c qu\u00fd, \u0111\u01b0\u1ee3c s\u1eed d\u1ee5ng r\u1ed9ng r\u00e3i trong y h\u1ecdc c\u1ed5 truy\u1ec1n. L\u00e1 sen, t\u00e2m sen, v\u00e0 h\u1ea1t sen t\u1eeb l\u00e2u \u0111\u00e3 \u0111\u01b0\u1ee3c bi\u1ebft \u0111\u1ebfn v\u1edbi c\u00f4ng d\u1ee5ng an th\u1ea7n, gi\u00fap ng\u1ee7 ngon, thanh nhi\u1ec7t v\u00e0 h\u1ed7 tr\u1ee3 gi\u1ea3m c\u00e2n. S\u1ef1 thanh khi\u1ebft, tao nh\u00e3 c\u1ee7a Sen \u0111\u00e3 \u0111i s\u00e2u v\u00e0o v\u0103n h\u00f3a tr\u00e0 Vi\u1ec7t, t\u1ea1o n\u00ean lo\u1ea1i tr\u00e0 sen n\u1ed5i ti\u1ebfng v\u1edbi h\u01b0\u01a1ng th\u01a1m d\u1ecbu nh\u1eb9, s\u00e2u l\u1eafng.<\/p>\n<p data-path-to-node=\"12\"><img fetchpriority=\"high\" decoding=\"async\" class=\"aligncenter\" src=\"https:\/\/havamall.com\/wp-content\/uploads\/2025\/12\/1-Pics-for-Tam-Cuisine-blog-4.jpg\" alt=\"Lotus season: Treasure of Hanoi subtle delicacy - Tam Cuisine\" width=\"800\" height=\"533\" \/><\/p>\n<p data-path-to-node=\"13\"><b>C\u1ee7 B\u00ecnh V\u00f4i (Tuber Stephania glabra)<\/b>, hay c\u00f2n g\u1ecdi l\u00e0 c\u1ee7 m\u1ed1i tr\u01a1n, l\u00e0 m\u1ed9t lo\u1ea1i d\u01b0\u1ee3c li\u1ec7u qu\u00fd thu\u1ed9c h\u1ecd Ti\u1ebft d\u00ea (Menispermaceae). C\u1ee7 B\u00ecnh V\u00f4i ch\u1ee9a ho\u1ea1t ch\u1ea5t\u00a0<b>Rotundin<\/b>, m\u1ed9t ch\u1ea5t c\u00f3 t\u00e1c d\u1ee5ng an th\u1ea7n, g\u00e2y ng\u1ee7, gi\u1ea3m \u0111au v\u00e0 gi\u00e3n c\u01a1. D\u01b0\u1ee3c li\u1ec7u n\u00e0y \u0111\u00e3 \u0111\u01b0\u1ee3c s\u1eed d\u1ee5ng t\u1eeb l\u00e2u \u0111\u1eddi \u0111\u1ec3 \u0111i\u1ec1u tr\u1ecb ch\u1ee9ng m\u1ea5t ng\u1ee7, lo \u00e2u, v\u00e0 \u0111au \u0111\u1ea7u.<\/p>\n<p data-path-to-node=\"13\"><img decoding=\"async\" class=\"aligncenter\" src=\"https:\/\/havamall.com\/wp-content\/uploads\/2025\/12\/eae2e0e0-0102-4af4-9011-f523e40137c5_cb9fa4fae5bb459ab20084357e7b039b_master.jpg\" alt=\"B\u00ecnh v\u00f4i \u2013 Anagarden\" width=\"802\" height=\"802\" \/><\/p>\n<p data-path-to-node=\"14\">Th\u01b0\u01a1ng hi\u1ec7u V\u1ecb \u00c1 (Asia Taste) \u0111\u00e3 k\u1ebf th\u1eeba v\u00e0 ph\u00e1t tri\u1ec3n nh\u1eefng gi\u00e1 tr\u1ecb n\u00e0y b\u1eb1ng c\u00e1ch \u0111\u01b0a C\u1ee7 B\u00ecnh V\u00f4i v\u00e0 Sen v\u00e0o s\u1ea3n ph\u1ea9m tr\u00e0 d\u01b0\u1edbi d\u1ea1ng vi\u00ean n\u00e9n ti\u1ec7n l\u1ee3i. Qu\u00e1 tr\u00ecnh h\u00ecnh th\u00e0nh c\u1ee7a vi\u00ean tr\u00e0 l\u00e0 m\u1ed9t c\u00f4ng ngh\u1ec7 tinh ch\u1ebf hi\u1ec7n \u0111\u1ea1i, gi\u00fap c\u00f4 \u0111\u1eb7c tinh ch\u1ea5t c\u1ee7a c\u00e1c th\u00e0nh ph\u1ea7n t\u1ef1 nhi\u00ean (Cao kh\u00f4 C\u1ee7 B\u00ecnh V\u00f4i, Tr\u00e0 xanh, M\u1eadt ong) v\u1edbi \u0110\u01b0\u1eddng ph\u00e8n, t\u1ea1o ra m\u1ed9t th\u1ee9c u\u1ed1ng kh\u00f4ng ch\u1ec9 th\u01a1m ngon m\u00e0 c\u00f2n mang l\u1ea1i gi\u00e1 tr\u1ecb th\u01b0 gi\u00e3n, c\u1ea3i thi\u1ec7n gi\u1ea5c ng\u1ee7. V\u1ecb \u00c1 cam k\u1ebft s\u1ea3n ph\u1ea9m \u0111\u01b0\u1ee3c s\u1ea3n xu\u1ea5t theo quy tr\u00ecnh \u0111\u1ea1t chu\u1ea9n\u00a0<b>ISO 22000<\/b>\u00a0v\u1ec1 an to\u00e0n th\u1ef1c ph\u1ea9m v\u00e0\u00a0<b>KH\u00d4NG<\/b>\u00a0s\u1eed d\u1ee5ng \u0111\u01b0\u1eddng h\u00f3a h\u1ecdc, ch\u1ea5t b\u1ea3o qu\u1ea3n hay m\u00e0u nh\u00e2n t\u1ea1o.<\/p>\n<p data-path-to-node=\"14\"><img decoding=\"async\" class=\"aligncenter size-full wp-image-43670\" src=\"https:\/\/havamall.com\/wp-content\/uploads\/2025\/12\/tra-sen-1.png\" alt=\"\" width=\"800\" height=\"800\" \/><\/p>\n<blockquote>\n<h4 data-path-to-node=\"15\">\u0110\u1eb6C \u0110I\u1ec2M N\u1ed4I B\u1eacT V\u00c0 C\u00d4NG D\u1ee4NG V\u01af\u1ee2T TR\u1ed8I<\/h4>\n<\/blockquote>\n<p data-path-to-node=\"17,0,0\"><b>\u2013 D\u01af\u1ee0NG CH\u1ea4T V\u00c0NG T\u1eea THI\u00caN NHI\u00caN:\u00a0<\/b><b>C\u1ee7 B\u00ecnh V\u00f4i:<\/b>\u00a0L\u00e0 th\u00e0nh ph\u1ea7n d\u01b0\u1ee3c li\u1ec7u ch\u1ee7 \u0111\u1ea1o, gi\u00fap\u00a0<b>an th\u1ea7n, h\u1ed7 tr\u1ee3 ng\u1ee7 ngon v\u00e0 s\u00e2u gi\u1ea5c<\/b>\u00a0m\u1ed9t c\u00e1ch t\u1ef1 nhi\u00ean. R\u1ea5t th\u00edch h\u1ee3p cho ng\u01b0\u1eddi gi\u00e0 ho\u1eb7c ng\u01b0\u1eddi th\u01b0\u1eddng xuy\u00ean b\u1ecb c\u0103ng th\u1eb3ng, m\u1ea5t ng\u1ee7.\u00a0<b>Sen v\u00e0 Tr\u00e0 Xanh:<\/b>\u00a0L\u00e1 sen v\u00e0 tr\u00e0 xanh gi\u00fap\u00a0<b>thanh nhi\u1ec7t, gi\u1ea3i \u0111\u1ed9c<\/b>, v\u00e0 mang l\u1ea1i h\u01b0\u01a1ng v\u1ecb th\u01a1m m\u00e1t, d\u1ecbu nh\u1eb9.\u00a0<b>M\u1eadt Ong v\u00e0 \u0110\u01b0\u1eddng Ph\u00e8n:<\/b>\u00a0Cung c\u1ea5p v\u1ecb ng\u1ecdt t\u1ef1 nhi\u00ean, gi\u00fap vi\u00ean tr\u00e0 d\u1ec5 u\u1ed1ng h\u01a1n, \u0111\u1ed3ng th\u1eddi m\u1eadt ong c\u00f2n ch\u1ee9a nhi\u1ec1u vitamin v\u00e0 kho\u00e1ng ch\u1ea5t, c\u00f3 t\u00e1c d\u1ee5ng t\u0103ng c\u01b0\u1eddng s\u1ee9c \u0111\u1ec1 kh\u00e1ng.<\/p>\n<p data-path-to-node=\"17,1,0\"><b>\u2013 H\u01af\u01a0NG V\u1eca H\u00c0I H\u00d2A:<\/b>\u00a0Vi\u00ean tr\u00e0 mang h\u01b0\u01a1ng th\u01a1m tinh t\u1ebf c\u1ee7a hoa sen, k\u1ebft h\u1ee3p v\u1ecb ng\u1ecdt d\u1ecbu c\u1ee7a m\u1eadt ong v\u00e0 \u0111\u01b0\u1eddng ph\u00e8n, t\u1ea1o n\u00ean m\u1ed9t th\u1ee9c u\u1ed1ng th\u01a1m ngon, d\u1ec5 d\u00e0ng l\u00e0m d\u1ecbu t\u00e2m tr\u00ed.<\/p>\n<p data-path-to-node=\"17,2,0\"><b>\u2013 H\u00ccNH TH\u00c1I VI\u00caN N\u00c9N TI\u1ec6N D\u1ee4NG:<\/b>\u00a0S\u1ea3n ph\u1ea9m \u0111\u01b0\u1ee3c \u0111\u00f3ng g\u00f3i d\u01b0\u1edbi d\u1ea1ng vi\u00ean n\u00e9n\u00a0<b>15g<\/b>, m\u1ed7i h\u1ed9p c\u00f3 12 vi\u00ean. \u0110\u1ecbnh l\u01b0\u1ee3ng ch\u00ednh x\u00e1c n\u00e0y gi\u00fap ng\u01b0\u1eddi d\u00f9ng d\u1ec5 d\u00e0ng pha ch\u1ebf m\u00e0 kh\u00f4ng c\u1ea7n c\u00e2n \u0111ong, \u0111\u1ea3m b\u1ea3o h\u01b0\u01a1ng v\u1ecb v\u00e0 \u0111\u1ed9 \u0111\u1eadm \u0111\u1eb7c chu\u1ea9n x\u00e1c cho m\u1ed7i l\u1ea7n d\u00f9ng.<\/p>\n<p data-path-to-node=\"17,3,0\"><b>\u2013 CAM K\u1ebeT CH\u1ea4T L\u01af\u1ee2NG:<\/b>\u00a0S\u1ea3n ph\u1ea9m \u0111\u1ea1t ch\u1ee9ng nh\u1eadn ISO 22000, kh\u1eb3ng \u0111\u1ecbnh quy tr\u00ecnh s\u1ea3n xu\u1ea5t an to\u00e0n v\u00e0 ch\u1ea5t l\u01b0\u1ee3ng cao. \u0110\u1ed3ng th\u1eddi, vi\u1ec7c\u00a0<b>KH\u00d4NG<\/b>\u00a0s\u1eed d\u1ee5ng \u0111\u01b0\u1eddng h\u00f3a h\u1ecdc, ch\u1ea5t b\u1ea3o qu\u1ea3n hay m\u00e0u nh\u00e2n t\u1ea1o \u0111\u1ea3m b\u1ea3o t\u00ednh t\u1ef1 nhi\u00ean v\u00e0 l\u00e0nh m\u1ea1nh c\u1ee7a s\u1ea3n ph\u1ea9m.<\/p>\n<p data-path-to-node=\"17,3,0\"><img loading=\"lazy\" decoding=\"async\" class=\"aligncenter\" src=\"https:\/\/havamall.com\/wp-content\/uploads\/2025\/12\/Lotus_Tea.jpg\" alt=\"Discovering the Secrets of Lotus Tea \u2013 In Nature Teas\" width=\"805\" height=\"536\" \/><\/p>\n<blockquote>\n<h4 data-path-to-node=\"18\">C\u00c1CH D\u00d9NG V\u00c0 G\u1ee2I \u00dd TH\u01af\u1edeNG TH\u1ee8C T\u1ed0I \u01afU<\/h4>\n<\/blockquote>\n<p data-path-to-node=\"20,0,0\"><em><b>C\u00c1CH PHA CHU\u1ea8N:<\/b><\/em><\/p>\n<p data-path-to-node=\"20,0,1,0,0\">\u2013 Cho\u00a0<b>m\u1ed9t vi\u00ean tr\u00e0 15g<\/b>\u00a0v\u00e0o t\u00e1ch.<\/p>\n<p data-path-to-node=\"20,0,1,1,0\">\u2013 R\u00f3t kho\u1ea3ng\u00a0<b>150 &#8211; 200 ml n\u01b0\u1edbc n\u00f3ng<\/b>\u00a0(kho\u1ea3ng\u00a0<span class=\"math-inline\" data-math=\"80^\\circ \\text{C} - 90^\\circ \\text{C}\"><span class=\"katex\"><span class=\"katex-html\" aria-hidden=\"true\"><span class=\"base\"><span class=\"mord\">8<\/span><span class=\"mord\">0<span class=\"msupsub\"><span class=\"vlist-t\"><span class=\"vlist-r\"><span class=\"vlist\"><span class=\"\"><span class=\"sizing reset-size6 size3 mtight\"><span class=\"mbin mtight\">\u2218<\/span><\/span><\/span><\/span><\/span><\/span><\/span><\/span><span class=\"mord text\"><span class=\"mord\">C<\/span><\/span><span class=\"mbin\">\u2212<\/span><\/span><span class=\"base\"><span class=\"mord\">9<\/span><span class=\"mord\">0<span class=\"msupsub\"><span class=\"vlist-t\"><span class=\"vlist-r\"><span class=\"vlist\"><span class=\"\"><span class=\"sizing reset-size6 size3 mtight\"><span class=\"mbin mtight\">\u2218<\/span><\/span><\/span><\/span><\/span><\/span><\/span><\/span><span class=\"mord text\"><span class=\"mord\">C<\/span><\/span><\/span><\/span><\/span><\/span>).<\/p>\n<p data-path-to-node=\"20,0,1,2,0\">\u2013 Khu\u1ea5y \u0111\u1ec1u cho vi\u00ean tr\u00e0 tan ho\u00e0n to\u00e0n.<\/p>\n<p data-path-to-node=\"20,0,1,3,0\">\u2013 Th\u01b0\u1edfng th\u1ee9c khi c\u00f2n \u1ea5m \u0111\u1ec3 c\u1ea3m nh\u1eadn tr\u1ecdn v\u1eb9n h\u01b0\u01a1ng th\u01a1m Sen v\u00e0 t\u00e1c d\u1ee5ng an th\u1ea7n c\u1ee7a B\u00ecnh V\u00f4i.<\/p>\n<p data-path-to-node=\"20,1,0\"><em><b>KH\u1ea8U PH\u1ea6N V\u00c0 TH\u1edcI \u0110I\u1ec2M S\u1eec D\u1ee4NG:<\/b><\/em><\/p>\n<p data-path-to-node=\"20,1,1,0,0\">\u2013 Khuy\u1ebfn ngh\u1ecb d\u00f9ng\u00a0<b>1 t\u00e1ch tr\u00e0\/ng\u00e0y<\/b>.<\/p>\n<p data-path-to-node=\"20,1,1,1,0\">\u2013 Th\u1eddi \u0111i\u1ec3m l\u00fd t\u01b0\u1edfng nh\u1ea5t \u0111\u1ec3 d\u00f9ng l\u00e0\u00a0<b>kho\u1ea3ng 30 ph\u00fat \u0111\u1ebfn 1 gi\u1edd tr\u01b0\u1edbc khi \u0111i ng\u1ee7<\/b>, gi\u00fap c\u01a1 th\u1ec3 v\u00e0 t\u00e2m tr\u00ed \u0111\u01b0\u1ee3c th\u01b0 gi\u00e3n t\u1ed1i \u0111a.<\/p>\n<p data-path-to-node=\"20,1,1,2,0\">\u2013 Trong nh\u1eefng ng\u00e0y n\u00f3ng b\u1ee9c, c\u00f3 th\u1ec3 d\u00f9ng tr\u00e0 \u0111\u00e1: pha tr\u00e0 v\u1edbi l\u01b0\u1ee3ng n\u01b0\u1edbc n\u00f3ng \u00edt h\u01a1n, sau \u0111\u00f3 th\u00eam \u0111\u00e1 vi\u00ean v\u00e0 th\u01b0\u1edfng th\u1ee9c.<\/p>\n<p data-path-to-node=\"21\"><b>L\u01afU \u00dd:<\/b>\u00a0Do c\u00f3 th\u00e0nh ph\u1ea7n t\u1eeb d\u01b0\u1ee3c li\u1ec7u, ph\u1ee5 n\u1eef mang thai v\u00e0 tr\u1ebb em d\u01b0\u1edbi 3 tu\u1ed5i n\u00ean tham kh\u1ea3o \u00fd ki\u1ebfn b\u00e1c s\u0129 tr\u01b0\u1edbc khi s\u1eed d\u1ee5ng.<\/p>\n<h4 data-path-to-node=\"22\"><img loading=\"lazy\" decoding=\"async\" class=\"aligncenter\" src=\"https:\/\/havamall.com\/wp-content\/uploads\/2025\/12\/9c4d85ddbacc46799ab12b88823fc5a7.jpg\" alt=\"Tr\u00e0 Sen | Local Tea From Hanoi, Vietnam\" width=\"802\" height=\"558\" \/><\/h4>\n<p data-path-to-node=\"23\">Tr\u00e0 Sen B\u00ecnh V\u00f4i M\u1eadt Ong Vi\u00ean N\u00e9n V\u1ecb \u00c1 H\u1ed9p 180g (12 Vi\u00ean) l\u00e0 gi\u1ea3i ph\u00e1p ho\u00e0n h\u1ea3o cho nh\u1eefng ai \u0111ang t\u00ecm ki\u1ebfm s\u1ef1 c\u00e2n b\u1eb1ng gi\u1eefa h\u01b0\u01a1ng v\u1ecb v\u00e0 s\u1ee9c kh\u1ecfe, \u0111\u1eb7c bi\u1ec7t l\u00e0 h\u1ed7 tr\u1ee3 gi\u1ea5c ng\u1ee7. S\u1ea3n ph\u1ea9m hi\u1ec7n \u0111ang \u0111\u01b0\u1ee3c b\u00e1n t\u1ea1i\u00a0<b>Havamall<\/b>.<\/p>\n<\/div>\n<\/div>\n<\/div>\n<\/div>","protected":false},"excerpt":{"rendered":"<p>TH\u00d4NG TIN S\u1ea2N PH\u1ea8M Th\u01b0\u01a1ng Hi\u1ec7u V\u1ecb \u00c1 (Asia Taste) Xu\u1ea5t X\u1ee9 Vi\u1ec7t Nam Th\u00e0nh Ph\u1ea7n \u0110\u01b0\u1eddng ph\u00e8n, Cao kh\u00f4<\/p>","protected":false},"featured_media":43666,"comment_status":"open","ping_status":"closed","template":"","meta":[],"product_brand":[],"product_cat":[677,131,135],"product_tag":[],"class_list":{"0":"post-43665","1":"product","2":"type-product","3":"status-publish","4":"has-post-thumbnail","6":"product_cat-cac-nuoc-khac","7":"product_cat-nguyen-lieu-lam-bep","8":"product_cat-sua-do-uong","10":"first","11":"instock","12":"sale","13":"shipping-taxable","14":"purchasable","15":"product-type-simple"},"_links":{"self":[{"href":"https:\/\/havamall.vn\/en\/wp-json\/wp\/v2\/product\/43665"}],"collection":[{"href":"https:\/\/havamall.vn\/en\/wp-json\/wp\/v2\/product"}],"about":[{"href":"https:\/\/havamall.vn\/en\/wp-json\/wp\/v2\/types\/product"}],"replies":[{"embeddable":true,"href":"https:\/\/havamall.vn\/en\/wp-json\/wp\/v2\/comments?post=43665"}],"version-history":[{"count":0,"href":"https:\/\/havamall.vn\/en\/wp-json\/wp\/v2\/product\/43665\/revisions"}],"wp:featuredmedia":[{"embeddable":true,"href":"https:\/\/havamall.vn\/en\/wp-json\/wp\/v2\/media\/43666"}],"wp:attachment":[{"href":"https:\/\/havamall.vn\/en\/wp-json\/wp\/v2\/media?parent=43665"}],"wp:term":[{"taxonomy":"product_brand","embeddable":true,"href":"https:\/\/havamall.vn\/en\/wp-json\/wp\/v2\/product_brand?post=43665"},{"taxonomy":"product_cat","embeddable":true,"href":"https:\/\/havamall.vn\/en\/wp-json\/wp\/v2\/product_cat?post=43665"},{"taxonomy":"product_tag","embeddable":true,"href":"https:\/\/havamall.vn\/en\/wp-json\/wp\/v2\/product_tag?post=43665"}],"curies":[{"name":"wp","href":"https:\/\/api.w.org\/{rel}","templated":true}]}}