{"id":43647,"date":"2025-12-06T09:42:01","date_gmt":"2025-12-06T02:42:01","guid":{"rendered":"https:\/\/havamall.vn\/?post_type=product&#038;p=43647"},"modified":"2025-12-06T09:42:03","modified_gmt":"2025-12-06T02:42:03","slug":"banh-quy-gion-me-den-limo-pham-nguyen-hop-240g-12-goi-limo-sesame-cracker","status":"publish","type":"product","link":"https:\/\/havamall.vn\/en\/shop\/banh-quy-gion-me-den-limo-pham-nguyen-hop-240g-12-goi-limo-sesame-cracker\/","title":{"rendered":"B\u00e1nh Quy Gi\u00f2n M\u00e8 \u0110en Limo Ph\u1ea1m Nguy\u00ean H\u1ed9p 240g (12 G\u00f3i) \u2013 Limo Sesame Cracker"},"content":{"rendered":"<h3 data-path-to-node=\"6\">TH\u00d4NG TIN S\u1ea2N PH\u1ea8M<\/h3>\n<table data-path-to-node=\"7\">\n<tbody>\n<tr>\n<td><span data-path-to-node=\"7,1,0,0\"><b>Th\u01b0\u01a1ng Hi\u1ec7u<\/b><\/span><\/td>\n<td><span data-path-to-node=\"7,1,1,0\">Limo\u00a0<\/span><\/td>\n<\/tr>\n<tr>\n<td><span data-path-to-node=\"7,2,0,0\"><b>Xu\u1ea5t X\u1ee9<\/b><\/span><\/td>\n<td><span data-path-to-node=\"7,2,1,0\">Vi\u1ec7t Nam<\/span><\/td>\n<\/tr>\n<tr>\n<td><span data-path-to-node=\"7,3,0,0\"><b>Th\u00e0nh Ph\u1ea7n<\/b><\/span><\/td>\n<td><span data-path-to-node=\"7,3,1,0\">B\u1ed9t m\u00ec, \u0110\u01b0\u1eddng, D\u1ea7u c\u1ecd,\u00a0<b>M\u00e8 \u0110en (c\u00f3 \u0111\u1ebfn 7%)<\/b>, S\u1eefa b\u1ed9t, M\u1ea1ch nha, N\u01b0\u1edbc, Mu\u1ed1i i-\u1ed1t, Ch\u1ea5t t\u1ea1o x\u1ed1p, H\u01b0\u01a1ng li\u1ec7u t\u1ed5ng h\u1ee3p,&#8230;<\/span><\/td>\n<\/tr>\n<tr>\n<td><span data-path-to-node=\"7,4,0,0\"><b>H\u1ea1n S\u1eed D\u1ee5ng<\/b><\/span><\/td>\n<td><span data-path-to-node=\"7,4,1,0\">12 th\u00e1ng k\u1ec3 t\u1eeb ng\u00e0y s\u1ea3n xu\u1ea5t<\/span><\/td>\n<\/tr>\n<tr>\n<td><span data-path-to-node=\"7,5,0,0\"><b>B\u1ea3o Qu\u1ea3n<\/b><\/span><\/td>\n<td><span data-path-to-node=\"7,5,1,0\">B\u1ea3o qu\u1ea3n n\u01a1i kh\u00f4 r\u00e1o, tho\u00e1ng m\u00e1t, tr\u00e1nh \u00e1nh n\u1eafng m\u1eb7t tr\u1eddi. \u0110\u00f3ng k\u00edn bao b\u00ec sau khi s\u1eed d\u1ee5ng<\/span><\/td>\n<\/tr>\n<tr>\n<td><span data-path-to-node=\"7,6,0,0\"><b>Kh\u1ed1i L\u01b0\u1ee3ng<\/b><\/span><\/td>\n<td><span data-path-to-node=\"7,6,1,0\">H\u1ed9p 240g (G\u1ed3m 12 g\u00f3i nh\u1ecf x 20g)<\/span><\/td>\n<\/tr>\n<\/tbody>\n<\/table>\n<p data-path-to-node=\"11\">B\u00e1nh Gi\u00f2n M\u00e8 \u0110en Limo l\u00e0 s\u1ea3n ph\u1ea9m ti\u00eau bi\u1ec3u c\u1ee7a th\u01b0\u01a1ng hi\u1ec7u Limo thu\u1ed9c Ph\u1ea1m Nguy\u00ean, k\u1ebft h\u1ee3p c\u00f4ng th\u1ee9c b\u00e1nh gi\u00f2n (cracker) quen thu\u1ed9c v\u1edbi gi\u00e1 tr\u1ecb dinh d\u01b0\u1ee1ng v\u01b0\u1ee3t tr\u1ed9i t\u1eeb h\u1ea1t m\u00e8 \u0111en. \u0110\u1ec3 hi\u1ec3u h\u1ebft t\u1ea7m quan tr\u1ecdng c\u1ee7a s\u1ea3n ph\u1ea9m n\u00e0y, c\u1ea7n nh\u00ecn nh\u1eadn v\u1ec1 l\u1ecbch s\u1eed v\u00e0 c\u00f4ng d\u1ee5ng c\u1ee7a M\u00e8 \u0110en (Black Sesame) \u2013 m\u1ed9t lo\u1ea1i h\u1ea1t \u0111\u00e3 \u0111\u01b0\u1ee3c s\u1eed d\u1ee5ng h\u00e0ng ng\u00e0n n\u0103m trong y h\u1ecdc c\u1ed5 truy\u1ec1n v\u00e0 \u1ea9m th\u1ef1c ch\u00e2u \u00c1, \u0111\u1eb7c bi\u1ec7t l\u00e0 \u1edf Vi\u1ec7t Nam, Trung Qu\u1ed1c v\u00e0 \u1ea4n \u0110\u1ed9.<\/p>\n<p data-path-to-node=\"11\"><img fetchpriority=\"high\" decoding=\"async\" class=\"aligncenter\" src=\"https:\/\/havamall.com\/wp-content\/uploads\/2025\/12\/banh.png\" width=\"801\" height=\"801\" \/><\/p>\n<p data-path-to-node=\"12\">M\u00e8 \u0111en kh\u00f4ng ch\u1ec9 l\u00e0 gia v\u1ecb m\u00e0 c\u00f2n \u0111\u01b0\u1ee3c xem l\u00e0 m\u1ed9t lo\u1ea1i si\u00eau th\u1ef1c ph\u1ea9m (Superfood). Trong y h\u1ecdc c\u1ed5 truy\u1ec1n, m\u00e8 \u0111en \u0111\u01b0\u1ee3c d\u00f9ng \u0111\u1ec3 b\u1ed3i b\u1ed5 s\u1ee9c kh\u1ecfe, h\u1ed7 tr\u1ee3 ti\u00eau h\u00f3a, l\u00e0m \u0111\u1eb9p t\u00f3c v\u00e0 da. Qu\u00e1 tr\u00ecnh h\u00ecnh th\u00e0nh c\u1ee7a chi\u1ebfc b\u00e1nh gi\u00f2n m\u00e8 \u0111en Limo l\u00e0 s\u1ef1 chuy\u1ec3n giao tinh t\u1ebf, t\u1eeb vi\u1ec7c nghi\u00ean c\u1ee9u c\u00e1c l\u1ee3i \u00edch c\u1ee7a m\u00e8 \u0111en th\u00e0nh m\u1ed9t m\u00f3n \u0103n v\u1eb7t ti\u1ec7n l\u1ee3i, d\u1ec5 ti\u1ebfp c\u1eadn. Th\u01b0\u01a1ng hi\u1ec7u Limo t\u1eadp trung v\u00e0o vi\u1ec7c t\u1ea1o ra nh\u1eefng s\u1ea3n ph\u1ea9m b\u00e1nh k\u1eb9o c\u00f3 h\u01b0\u01a1ng v\u1ecb t\u1ef1 nhi\u00ean, th\u01a1m ngon, \u0111\u1ed3ng th\u1eddi t\u0103ng c\u01b0\u1eddng y\u1ebfu t\u1ed1 s\u1ee9c kh\u1ecfe, gi\u00fap ng\u01b0\u1eddi ti\u00eau d\u00f9ng Vi\u1ec7t Nam c\u00f3 th\u00eam l\u1ef1a ch\u1ecdn \u0103n nh\u1eb9 &#8220;th\u00eam m\u00e8, th\u00eam kh\u1ecfe&#8221;.<\/p>\n<p data-path-to-node=\"12\"><img decoding=\"async\" class=\"aligncenter\" src=\"https:\/\/havamall.com\/wp-content\/uploads\/2025\/12\/c0472978e52e6e2e74fbe493de2f3c17.jpg\" \/><\/p>\n<h4 data-path-to-node=\"13\">\u0110\u1eb6C \u0110I\u1ec2M N\u1ed4I B\u1eacT<\/h4>\n<p data-path-to-node=\"15,0,0\"><b>S\u1ef1 Hi\u1ec7n Di\u1ec7n C\u1ee7a M\u00e8 \u0110en:<\/b>\u00a0\u0110i\u1ec3m m\u1ea1nh l\u1edbn nh\u1ea5t c\u1ee7a b\u00e1nh l\u00e0 ch\u1ee9a m\u1ed9t l\u01b0\u1ee3ng m\u00e8 \u0111en \u0111\u00e1ng k\u1ec3, l\u00ean \u0111\u1ebfn\u00a0<b>7%<\/b>\u00a0t\u1ed5ng th\u00e0nh ph\u1ea7n. M\u00e8 \u0111en l\u00e0 ngu\u1ed3n cung c\u1ea5p d\u1ed3i d\u00e0o c\u00e1c ch\u1ea5t dinh d\u01b0\u1ee1ng thi\u1ebft y\u1ebfu:<\/p>\n<p data-path-to-node=\"15,0,1,0,0\"><b>\u2013 Ch\u1ea5t Ch\u1ed1ng Oxy H\u00f3a:<\/b>\u00a0M\u00e8 \u0111en r\u1ea5t gi\u00e0u Lignan (Sesamin v\u00e0 Sesamolin) \u2013 l\u00e0 ch\u1ea5t ch\u1ed1ng oxy h\u00f3a m\u1ea1nh m\u1ebd, gi\u00fap ch\u1ed1ng l\u1ea1i c\u00e1c g\u1ed1c t\u1ef1 do v\u00e0 h\u1ed7 tr\u1ee3 s\u1ee9c kh\u1ecfe tim m\u1ea1ch.<\/p>\n<p data-path-to-node=\"15,0,1,1,0\"><b>\u2013 Ch\u1ea5t B\u00e9o L\u00e0nh M\u1ea1nh:<\/b>\u00a0Ch\u1ee9a nhi\u1ec1u ch\u1ea5t b\u00e9o kh\u00f4ng b\u00e3o h\u00f2a \u0111a v\u00e0 kh\u00f4ng b\u00e3o h\u00f2a \u0111\u01a1n, l\u00e0 ch\u1ea5t b\u00e9o t\u1ed1t cho c\u01a1 th\u1ec3.<\/p>\n<p data-path-to-node=\"15,0,1,2,0\"><b>\u2013 Kho\u00e1ng Ch\u1ea5t:<\/b>\u00a0M\u00e8 \u0111en l\u00e0 ngu\u1ed3n tuy\u1ec7t v\u1eddi c\u1ee7a Canxi, S\u1eaft, K\u1ebdm v\u00e0 Magi\u00ea, c\u1ea7n thi\u1ebft cho h\u1ec7 x\u01b0\u01a1ng, m\u00e1u v\u00e0 mi\u1ec5n d\u1ecbch.<\/p>\n<p data-path-to-node=\"15,1,0\"><b>\u2013 K\u1ebft C\u1ea5u Gi\u00f2n Tan Ho\u00e0n H\u1ea3o:<\/b>\u00a0B\u00e1nh \u0111\u01b0\u1ee3c n\u01b0\u1edbng v\u1edbi \u0111\u1ed9 gi\u00f2n l\u00fd t\u01b0\u1edfng, t\u1ea1o c\u1ea3m gi\u00e1c th\u00edch th\u00fa khi th\u01b0\u1edfng th\u1ee9c. T\u1eebng mi\u1ebfng b\u00e1nh vu\u00f4ng v\u1eafn, \u0111\u01b0\u1ee3c r\u1eafc h\u1ea1t m\u00e8 \u0111en \u0111\u1eadm \u0111\u1eb7c tr\u00ean b\u1ec1 m\u1eb7t, mang l\u1ea1i h\u01b0\u01a1ng v\u1ecb b\u00e9o b\u00f9i, th\u01a1m \u0111\u1eb7c tr\u01b0ng c\u1ee7a h\u1ea1t m\u00e8 khi c\u1eafn v\u00e0o.<\/p>\n<p data-path-to-node=\"15,1,0\"><img decoding=\"async\" class=\"aligncenter\" src=\"https:\/\/havamall.com\/wp-content\/uploads\/2025\/12\/banh-limo-hon-hop-3-vi-hop-300g-202102051538132135.jpg\" width=\"801\" height=\"601\" \/><\/p>\n<h4 data-path-to-node=\"16\">TH\u01af\u1edeNG TH\u1ee8C \u0110A D\u1ea0NG<\/h4>\n<p data-path-to-node=\"17\">B\u00e1nh Gi\u00f2n M\u00e8 \u0110en Limo kh\u00f4ng ch\u1ec9 l\u00e0 m\u1ed9t m\u00f3n \u0103n v\u1eb7t, m\u00e0 c\u00f2n c\u00f3 th\u1ec3 \u0111\u01b0\u1ee3c s\u1eed d\u1ee5ng linh ho\u1ea1t trong nhi\u1ec1u b\u1eefa \u0103n kh\u00e1c nhau, \u0111\u1eb7c bi\u1ec7t h\u1eefu \u00edch cho nh\u1eefng ng\u01b0\u1eddi t\u00ecm ki\u1ebfm m\u1ed9t l\u1ef1a ch\u1ecdn \u00edt \u0111\u01b0\u1eddng h\u01a1n v\u00e0 gi\u00e0u dinh d\u01b0\u1ee1ng.<\/p>\n<p>\u2013\u00a0<b>D\u00d9NG L\u00c0M B\u1eeeA PH\u1ee4\/B\u1eeeA S\u00c1NG:<\/b>\u00a0B\u00e1nh l\u00e0 ngu\u1ed3n Carbohydrate nhanh, cung c\u1ea5p n\u0103ng l\u01b0\u1ee3ng c\u1ea7n thi\u1ebft \u0111\u1ec3 duy tr\u00ec ho\u1ea1t \u0111\u1ed9ng trong ng\u00e0y. Th\u00edch h\u1ee3p l\u00e0m b\u1eefa \u0103n s\u00e1ng nhanh g\u1ecdn khi k\u1ebft h\u1ee3p v\u1edbi s\u1eefa ho\u1eb7c tr\u1ee9ng \u1ed1p la.<\/p>\n<p>\u2013\u00a0<b>M\u00d3N \u0102N K\u00c8M C\u00c1C M\u00d3N CH\u00cdNH:<\/b>\u00a0B\u00e1nh cracker r\u1ea5t h\u1ee3p \u0111\u1ec3 d\u00f9ng k\u00e8m v\u1edbi c\u00e1c m\u00f3n s\u00fap, salad ho\u1eb7c d\u00f9ng \u0111\u1ec3 ch\u1ea5m v\u1edbi c\u00e1c lo\u1ea1i ph\u00f4 mai m\u1ec1m (nh\u01b0 Cream Cheese), ho\u1eb7c c\u00e1c lo\u1ea1i s\u1ed1t ch\u1ea5m (Hummus, Guacamole). V\u1ecb m\u1eb7n nh\u1eb9 v\u00e0 b\u00e9o b\u00f9i c\u1ee7a m\u00e8 \u0111en s\u1ebd l\u00e0m t\u0103ng h\u01b0\u01a1ng v\u1ecb cho c\u00e1c m\u00f3n \u0103n k\u00e8m.<\/p>\n<p>\u2013\u00a0<b>S\u1eec D\u1ee4NG TRONG CH\u1ebe \u0110\u1ed8 \u0102N KI\u00caNG\/CHAY:<\/b>\u00a0Do th\u00e0nh ph\u1ea7n ch\u1ee7 y\u1ebfu l\u00e0 th\u1ef1c v\u1eadt v\u00e0 kh\u00f4ng ch\u1ee9a th\u1ecbt, b\u00e1nh l\u00e0 m\u1ed9t l\u1ef1a ch\u1ecdn ph\u00f9 h\u1ee3p cho ng\u01b0\u1eddi \u0103n chay (c\u1ea7n ki\u1ec3m tra k\u1ef9 tem ph\u1ee5 v\u1ec1 c\u00e1c th\u00e0nh ph\u1ea7n ph\u1ee5 kh\u00e1c). H\u1ea1t m\u00e8 \u0111en c\u00f2n h\u1ed7 tr\u1ee3 ng\u01b0\u1eddi \u0103n ki\u00eang b\u1ed5 sung ch\u1ea5t x\u01a1 v\u00e0 ch\u1ea5t b\u00e9o l\u00e0nh m\u1ea1nh m\u1ed9t c\u00e1ch d\u1ec5 d\u00e0ng.<\/p>\n<p><img decoding=\"async\" class=\"aligncenter\" src=\"https:\/\/havamall.com\/wp-content\/uploads\/2025\/12\/a19644d3-78be-41d9-a5fb-470bc385cc91.jpg\" width=\"800\" height=\"420\" \/><\/p>\n<p><b>L\u01afU \u00dd B\u1ea2O QU\u1ea2N:<\/b>\u00a0\u0110\u1ec3 \u0111\u1ea3m b\u1ea3o b\u00e1nh lu\u00f4n gi\u1eef \u0111\u01b0\u1ee3c \u0111\u1ed9 gi\u00f2n ngon t\u1ed1i \u0111a trong su\u1ed1t th\u1eddi h\u1ea1n s\u1eed d\u1ee5ng 12 th\u00e1ng, c\u1ea7n tu\u00e2n th\u1ee7 nghi\u00eam ng\u1eb7t quy t\u1eafc b\u1ea3o qu\u1ea3n n\u01a1i kh\u00f4 r\u00e1o, tho\u00e1ng m\u00e1t. Sau khi m\u1edf h\u1ed9p l\u1edbn, c\u1ea7n gi\u1eef k\u00edn g\u00f3i nh\u1ecf \u0111\u1ec3 tr\u00e1nh kh\u00f4ng kh\u00ed \u1ea9m l\u00e0m m\u1ec1m b\u00e1nh.\u00a0S\u1ea3n ph\u1ea9m hi\u1ec7n \u0111ang c\u00f3 m\u1eb7t t\u1ea1i\u00a0<b>Havamall<\/b>.<\/p>","protected":false},"excerpt":{"rendered":"<p>TH\u00d4NG TIN S\u1ea2N PH\u1ea8M Th\u01b0\u01a1ng Hi\u1ec7u Limo\u00a0 Xu\u1ea5t X\u1ee9 Vi\u1ec7t Nam Th\u00e0nh Ph\u1ea7n B\u1ed9t m\u00ec, \u0110\u01b0\u1eddng, D\u1ea7u c\u1ecd,\u00a0M\u00e8 \u0110en (c\u00f3<\/p>","protected":false},"featured_media":43648,"comment_status":"open","ping_status":"closed","template":"","meta":[],"product_brand":[],"product_cat":[677,133],"product_tag":[],"class_list":{"0":"post-43647","1":"product","2":"type-product","3":"status-publish","4":"has-post-thumbnail","6":"product_cat-cac-nuoc-khac","7":"product_cat-banh-keo-chocolate","9":"first","10":"instock","11":"sale","12":"shipping-taxable","13":"purchasable","14":"product-type-simple"},"_links":{"self":[{"href":"https:\/\/havamall.vn\/en\/wp-json\/wp\/v2\/product\/43647"}],"collection":[{"href":"https:\/\/havamall.vn\/en\/wp-json\/wp\/v2\/product"}],"about":[{"href":"https:\/\/havamall.vn\/en\/wp-json\/wp\/v2\/types\/product"}],"replies":[{"embeddable":true,"href":"https:\/\/havamall.vn\/en\/wp-json\/wp\/v2\/comments?post=43647"}],"version-history":[{"count":0,"href":"https:\/\/havamall.vn\/en\/wp-json\/wp\/v2\/product\/43647\/revisions"}],"wp:featuredmedia":[{"embeddable":true,"href":"https:\/\/havamall.vn\/en\/wp-json\/wp\/v2\/media\/43648"}],"wp:attachment":[{"href":"https:\/\/havamall.vn\/en\/wp-json\/wp\/v2\/media?parent=43647"}],"wp:term":[{"taxonomy":"product_brand","embeddable":true,"href":"https:\/\/havamall.vn\/en\/wp-json\/wp\/v2\/product_brand?post=43647"},{"taxonomy":"product_cat","embeddable":true,"href":"https:\/\/havamall.vn\/en\/wp-json\/wp\/v2\/product_cat?post=43647"},{"taxonomy":"product_tag","embeddable":true,"href":"https:\/\/havamall.vn\/en\/wp-json\/wp\/v2\/product_tag?post=43647"}],"curies":[{"name":"wp","href":"https:\/\/api.w.org\/{rel}","templated":true}]}}