{"id":43642,"date":"2025-12-05T15:00:40","date_gmt":"2025-12-05T08:00:40","guid":{"rendered":"https:\/\/havamall.vn\/?post_type=product&#038;p=43642"},"modified":"2025-12-05T15:22:12","modified_gmt":"2025-12-05T08:22:12","slug":"banh-mi-hoa-cuc-socola-chip-mem-min-chuan-vi-phap-otto-pham-nguyen-goi-290g-otto-brioche-tressee-chocolate-chip","status":"publish","type":"product","link":"https:\/\/havamall.vn\/en\/shop\/banh-mi-hoa-cuc-socola-chip-mem-min-chuan-vi-phap-otto-pham-nguyen-goi-290g-otto-brioche-tressee-chocolate-chip\/","title":{"rendered":"B\u00e1nh M\u00ec Hoa C\u00fac S\u00f4c\u00f4la Chip M\u1ec1m M\u1ecbn Chu\u1ea9n V\u1ecb Ph\u00e1p Otto Ph\u1ea1m Nguy\u00ean G\u00f3i 290g \u2013 Otto Brioche Tress\u00e9e Chocolate Chip"},"content":{"rendered":"<h3 data-path-to-node=\"6\">TH\u00d4NG TIN S\u1ea2N PH\u1ea8M<\/h3>\n<div class=\"table-block has-export-button\">\n<div class=\"table-content not-end-of-paragraph\" data-hveid=\"0\" data-ved=\"0CAAQ3ecQahgKEwj4zIG3gKORAxUAAAAAHQAAAAAQnwQ\">\n<table data-path-to-node=\"7\">\n<tbody>\n<tr>\n<td><span data-path-to-node=\"7,1,0,0\"><b>Th\u01b0\u01a1ng Hi\u1ec7u<\/b><\/span><\/td>\n<td><span data-path-to-node=\"7,1,1,0\">Otto<\/span><\/td>\n<\/tr>\n<tr>\n<td><span data-path-to-node=\"7,2,0,0\"><b>Xu\u1ea5t X\u1ee9<\/b><\/span><\/td>\n<td><span data-path-to-node=\"7,2,1,0\">Vi\u1ec7t Nam\u00a0<\/span><\/td>\n<\/tr>\n<tr>\n<td><span data-path-to-node=\"7,3,0,0\"><b>Th\u00e0nh Ph\u1ea7n Ch\u00ednh<\/b><\/span><\/td>\n<td><span data-path-to-node=\"7,3,1,0\">B\u1ed9t m\u00ec, \u0110\u01b0\u1eddng, B\u01a1 t\u01b0\u01a1i, Tr\u1ee9ng,\u00a0<b>H\u1ea1t S\u00f4c\u00f4la (kho\u1ea3ng 6%)<\/b>, S\u1eefa b\u00e9o, B\u1ed9t Cacao, Men, N\u01b0\u1edbc \u0111\u01b0\u1eddng m\u1eadt ng\u00f4, Ch\u1ea5t nh\u0169 h\u00f3a, H\u01b0\u01a1ng li\u1ec7u t\u1ed5ng h\u1ee3p,&#8230;<\/span><\/td>\n<\/tr>\n<tr>\n<td><span data-path-to-node=\"7,4,0,0\"><b>H\u1ea1n S\u1eed D\u1ee5ng<\/b><\/span><\/td>\n<td><span data-path-to-node=\"7,4,1,0\">45 ng\u00e0y k\u1ec3 t\u1eeb ng\u00e0y s\u1ea3n xu\u1ea5t<\/span><\/td>\n<\/tr>\n<tr>\n<td><span data-path-to-node=\"7,5,0,0\"><b>B\u1ea3o Qu\u1ea3n<\/b><\/span><\/td>\n<td><span data-path-to-node=\"7,5,1,0\">B\u1ea3o qu\u1ea3n n\u01a1i kh\u00f4 r\u00e1o, tho\u00e1ng m\u00e1t, tr\u00e1nh \u00e1nh n\u1eafng m\u1eb7t tr\u1eddi tr\u1ef1c ti\u1ebfp<\/span><\/td>\n<\/tr>\n<tr>\n<td><span data-path-to-node=\"7,6,0,0\"><b>Kh\u1ed1i L\u01b0\u1ee3ng<\/b><\/span><\/td>\n<td><span data-path-to-node=\"7,6,1,0\">G\u00f3i 290g<\/span><\/td>\n<\/tr>\n<\/tbody>\n<\/table>\n<p data-path-to-node=\"11\">Brioche, hay c\u00f2n g\u1ecdi l\u00e0 B\u00e1nh M\u00ec Hoa C\u00fac, v\u1ed1n l\u00e0 m\u1ed9t tuy\u1ec7t t\u00e1c \u1ea9m th\u1ef1c \u0111\u1ebfn t\u1eeb n\u01b0\u1edbc Ph\u00e1p, ra \u0111\u1eddi t\u1eeb kho\u1ea3ng n\u0103m 1404. B\u00e1nh m\u00ec Brioche kh\u00f4ng ch\u1ec9 l\u00e0 m\u1ed9t m\u00f3n \u0103n, \u0111\u00f3 c\u00f2n l\u00e0 bi\u1ec3u t\u01b0\u1ee3ng c\u1ee7a s\u1ef1 sang tr\u1ecdng, b\u1edfi l\u1ebd th\u00e0nh ph\u1ea7n c\u01a1 b\u1ea3n c\u1ee7a n\u00f3 bao g\u1ed3m m\u1ed9t l\u01b0\u1ee3ng l\u1edbn b\u01a1 v\u00e0 tr\u1ee9ng, hai nguy\u00ean li\u1ec7u t\u1eebng \u0111\u01b0\u1ee3c xem l\u00e0 xa x\u1ec9. C\u00e1c \u0111\u1ea7u b\u1ebfp Ph\u00e1p \u0111\u00e3 m\u00f4 t\u1ea3 Brioche l\u00e0 lo\u1ea1i b\u00e1nh m\u00ec &#8220;nh\u1eb9 v\u00e0 h\u01a1i x\u1ed1p, \u0111\u1ed9 m\u1ecbn t\u00f9y theo t\u1ec9 l\u1ec7 b\u01a1 v\u00e0 tr\u1ee9ng&#8221;.<\/p>\n<p data-path-to-node=\"11\"><img fetchpriority=\"high\" decoding=\"async\" class=\"aligncenter\" src=\"https:\/\/havamall.com\/wp-content\/uploads\/2025\/12\/Brioche-Loaf-7089.jpg\" width=\"800\" height=\"1199\" \/><\/p>\n<p data-path-to-node=\"12\">T\u1eeb c\u00f4ng th\u1ee9c truy\u1ec1n th\u1ed1ng, Brioche \u0111\u00e3 \u0111\u01b0\u1ee3c bi\u1ebfn t\u1ea5u qua nhi\u1ec1u phi\u00ean b\u1ea3n \u0111\u1ec3 ph\u00f9 h\u1ee3p v\u1edbi kh\u1ea9u v\u1ecb to\u00e0n c\u1ea7u, v\u00e0 B\u00e1nh M\u00ec Hoa C\u00fac S\u00f4c\u00f4la Chip l\u00e0 m\u1ed9t trong nh\u1eefng s\u1ef1 k\u1ebft h\u1ee3p th\u00e0nh c\u00f4ng nh\u1ea5t. N\u1ebfu nh\u01b0 Brioche nguy\u00ean b\u1ea3n mang h\u01b0\u01a1ng th\u01a1m d\u1ecbu nh\u1eb9 c\u1ee7a hoa c\u00fac v\u00e0 v\u1ecb b\u00e9o t\u1eeb b\u01a1, th\u00ec s\u1ef1 b\u1ed5 sung c\u1ee7a S\u00f4c\u00f4la Chip \u0111\u00e3 n\u00e2ng t\u1ea7m h\u01b0\u01a1ng v\u1ecb, t\u1ea1o n\u00ean tr\u1ea3i nghi\u1ec7m v\u1eeba c\u1ed5 \u0111i\u1ec3n, v\u1eeba hi\u1ec7n \u0111\u1ea1i, \u0111\u1eb7c bi\u1ec7t thu h\u00fat nh\u1eefng ng\u01b0\u1eddi y\u00eau th\u00edch v\u1ecb ng\u1ecdt \u0111\u1eafng h\u00e0i h\u00f2a c\u1ee7a Cacao.\u00a0<b>Otto Brioche Tress\u00e9e Chocolate Chip<\/b>\u00a0l\u00e0 s\u1ef1 ti\u1ebfp n\u1ed1i ho\u00e0n h\u1ea3o c\u1ee7a truy\u1ec1n th\u1ed1ng Brioche, \u0111\u01b0\u1ee3c s\u1ea3n xu\u1ea5t b\u1edfi Ph\u1ea1m Nguy\u00ean v\u1edbi c\u00f4ng ngh\u1ec7 hi\u1ec7n \u0111\u1ea1i, \u0111\u1ea3m b\u1ea3o ch\u1ea5t l\u01b0\u1ee3ng b\u00e1nh t\u01b0\u01a1i, m\u1ec1m x\u1ed1p v\u00e0 gi\u1eef tr\u1ecdn h\u01b0\u01a1ng v\u1ecb Ph\u00e1p ngay t\u1ea1i Vi\u1ec7t Nam.<\/p>\n<p data-path-to-node=\"12\"><img decoding=\"async\" class=\"aligncenter wp-image-43644\" src=\"https:\/\/havamall.com\/wp-content\/uploads\/2025\/12\/z7295089240317_51928ba465487596cb424707e99d8ea3.jpg\" alt=\"\" width=\"800\" height=\"800\" \/><\/p>\n<h4 data-path-to-node=\"13\">\u0110\u1eb6C \u0110I\u1ec2M N\u1ed4I B\u1eacT V\u00c0 L\u1ee2I \u00cdCH DINH D\u01af\u1ee0NG<\/h4>\n<p data-path-to-node=\"14\">B\u00e1nh M\u00ec Hoa C\u00fac S\u00f4c\u00f4la Chip Otto kh\u00f4ng ch\u1ec9 k\u1ebf th\u1eeba k\u1ebft c\u1ea5u m\u1ec1m m\u1ea1i, dai nh\u1eb9 \u0111\u1eb7c tr\u01b0ng c\u1ee7a d\u00f2ng Brioche b\u00edm t\u00f3c m\u00e0 c\u00f2n \u0111\u01b0\u1ee3c l\u00e0m phong ph\u00fa h\u01a1n b\u1edfi c\u00e1c h\u1ea1t S\u00f4c\u00f4la Chip l\u1ea5p l\u00e1nh, ph\u00e2n b\u1ed5 \u0111\u1ec1u trong t\u1eebng th\u1edb b\u00e1nh.<\/p>\n<p>\u2013\u00a0<b>H\u01b0\u01a1ng V\u1ecb L\u00f4i Cu\u1ed1n:<\/b>\u00a0T\u1eebng mi\u1ebfng b\u00e1nh l\u00e0 s\u1ef1 h\u00f2a quy\u1ec7n gi\u1eefa \u0111\u1ed9 m\u1ec1m c\u1ee7a th\u1edb b\u00e1nh m\u00ec t\u01b0\u01a1i, v\u1ecb b\u00e9o ng\u1eady c\u1ee7a b\u01a1 v\u00e0 s\u1ef1 b\u00f9ng n\u1ed5 ng\u1ecdt ng\u00e0o c\u1ee7a c\u00e1c h\u1ea1t S\u00f4c\u00f4la Chip. H\u1ea1t S\u00f4c\u00f4la th\u01b0\u1eddng chi\u1ebfm kho\u1ea3ng 6% t\u1ed5ng th\u00e0nh ph\u1ea7n, t\u1ea1o n\u00ean m\u1eadt \u0111\u1ed9 h\u1ea1t v\u1eeba ph\u1ea3i, \u0111\u1ee7 \u0111\u1ec3 h\u1ea5p d\u1eabn v\u1ecb gi\u00e1c.<\/p>\n<p>\u2013\u00a0<b>Cung C\u1ea5p N\u0103ng L\u01b0\u1ee3ng T\u1ed1i \u01afu:<\/b>\u00a0Th\u00edch h\u1ee3p cho b\u1eefa s\u00e1ng nhanh g\u1ecdn ho\u1eb7c b\u1eefa \u0103n nh\u1eb9 gi\u1eefa bu\u1ed5i. V\u1edbi h\u00e0m l\u01b0\u1ee3ng Calo trung b\u00ecnh kho\u1ea3ng 260 Calo\/100g, b\u00e1nh gi\u00fap kh\u1edfi \u0111\u1ed9ng ng\u00e0y m\u1edbi tr\u00e0n \u0111\u1ea7y s\u1ee9c s\u1ed1ng.<\/p>\n<p><b>\u2013 Th\u00e0nh Ph\u1ea7n B\u01a1 T\u01b0\u01a1i, Tr\u1ee9ng:<\/b>\u00a0B\u01a1 t\u01b0\u01a1i v\u00e0 tr\u1ee9ng l\u00e0 nh\u1eefng nguy\u00ean li\u1ec7u cao c\u1ea5p, kh\u00f4ng ch\u1ec9 c\u1ea3i thi\u1ec7n k\u1ebft c\u1ea5u c\u1ee7a b\u00e1nh m\u00e0 c\u00f2n mang l\u1ea1i ch\u1ea5t b\u00e9o l\u00e0nh m\u1ea1nh, gi\u00fap c\u01a1 th\u1ec3 h\u1ea5p th\u1ee5 t\u1ed1t h\u01a1n c\u00e1c vitamin tan trong d\u1ea7u.<\/p>\n<\/div>\n<h4 data-path-to-node=\"16\"><img decoding=\"async\" class=\"aligncenter wp-image-43645\" src=\"https:\/\/havamall.com\/wp-content\/uploads\/2025\/12\/z7295089219540_286217596bed1b7d2a5b0c73841d2872.jpg\" alt=\"\" width=\"800\" height=\"800\" \/><\/h4>\n<h4 data-path-to-node=\"16\">G\u1ee2I \u00dd TH\u01af\u1edeNG TH\u1ee8C TI\u1ec6N L\u1ee2I<\/h4>\n<p data-path-to-node=\"18,0,0\"><b>\u2013 D\u00d9NG TR\u1ef0C TI\u1ebeP:<\/b>\u00a0C\u00e1ch th\u01b0\u1edfng th\u1ee9c \u0111\u01a1n gi\u1ea3n v\u00e0 ph\u1ed5 bi\u1ebfn nh\u1ea5t l\u00e0 \u0103n tr\u1ef1c ti\u1ebfp sau khi m\u1edf bao b\u00ec, \u0111\u1ec3 c\u1ea3m nh\u1eadn ngay h\u01b0\u01a1ng th\u01a1m v\u00e0 \u0111\u1ed9 m\u1ec1m t\u01b0\u01a1i c\u1ee7a b\u00e1nh.<\/p>\n<p data-path-to-node=\"18,1,0\"><b>\u2013 S\u1eec D\u1ee4NG L\u00c0M M\u00d3N TR\u00c1NG MI\u1ec6NG:<\/b>\u00a0B\u00e1nh Brioche S\u00f4c\u00f4la Chip c\u00f3 th\u1ec3 \u0111\u01b0\u1ee3c c\u1eaft l\u00e1t, n\u01b0\u1edbng s\u01a1 qua (Toast) \u0111\u1ec3 l\u1edbp v\u1ecf ngo\u00e0i gi\u00f2n nh\u1eb9, sau \u0111\u00f3 d\u00f9ng k\u00e8m m\u1ed9t vi\u00ean kem vani ho\u1eb7c m\u1ed9t ch\u00fat kem t\u01b0\u01a1i \u0111\u00e1nh b\u00f4ng (whipped cream) \u0111\u1ec3 t\u1ea1o th\u00e0nh m\u00f3n tr\u00e1ng mi\u1ec7ng tuy\u1ec7t v\u1eddi.<\/p>\n<p data-path-to-node=\"18,2,0\"><b>\u2013 K\u1ebeT H\u1ee2P C\u00d9NG \u0110\u1ed2 U\u1ed0NG:<\/b>\u00a0H\u01b0\u01a1ng v\u1ecb S\u00f4c\u00f4la r\u1ea5t h\u1ee3p v\u1edbi c\u00e1c lo\u1ea1i \u0111\u1ed3 u\u1ed1ng \u1ea5m n\u00f3ng:\u00a0Th\u01b0\u1edfng th\u1ee9c c\u00f9ng m\u1ed9t ly s\u1eefa t\u01b0\u01a1i n\u00f3ng ho\u1eb7c s\u1eefa h\u1ea1t (Milk, Nut Milk) \u0111\u1ec3 t\u0103ng c\u01b0\u1eddng dinh d\u01b0\u1ee1ng.\u00a0D\u00f9ng k\u00e8m m\u1ed9t t\u00e1ch tr\u00e0 Earl Grey ho\u1eb7c c\u00e0 ph\u00ea \u0111en \u0111\u1ec3 c\u00e2n b\u1eb1ng v\u1ecb ng\u1ecdt c\u1ee7a s\u00f4c\u00f4la v\u00e0 hoa c\u00fac.<\/p>\n<p data-path-to-node=\"18,3,0\"><b>\u2013 KH\u1ea8U PH\u1ea6N C\u00c2N B\u1eb0NG:<\/b>\u00a0Do b\u00e1nh c\u00f3 h\u00e0m l\u01b0\u1ee3ng \u0111\u01b0\u1eddng v\u00e0 ch\u1ea5t b\u00e9o cao h\u01a1n b\u00e1nh m\u00ec th\u01b0\u1eddng, nh\u1eefng ng\u01b0\u1eddi \u0111ang ki\u1ec3m so\u00e1t Calo n\u00ean k\u1ebft h\u1ee3p \u0103n c\u00f9ng c\u00e1c ngu\u1ed3n Protein v\u00e0 Ch\u1ea5t x\u01a1 kh\u00e1c nh\u01b0 s\u1eefa chua Hy L\u1ea1p (Greek Yogurt) ho\u1eb7c c\u00e1c lo\u1ea1i tr\u00e1i c\u00e2y t\u01b0\u01a1i \u0111\u1ec3 c\u00f3 m\u1ed9t b\u1eefa \u0103n c\u00e2n \u0111\u1ed1i h\u01a1n.<\/p>\n<p data-path-to-node=\"18,3,0\"><img loading=\"lazy\" decoding=\"async\" class=\"aligncenter wp-image-43646\" src=\"https:\/\/havamall.com\/wp-content\/uploads\/2025\/12\/z7295089250158_219baab3a7373e5d1f02f58b7d50d216.jpg\" alt=\"\" width=\"801\" height=\"801\" \/><\/p>\n<p data-path-to-node=\"19\"><b>L\u01afU \u00dd:<\/b>\u00a0B\u00e1nh c\u00f3 ch\u1ee9a b\u1ed9t m\u00ec, tr\u1ee9ng, s\u1eefa, gluten, b\u1ed9t \u0111\u1eadu n\u00e0nh v\u00e0 c\u00f3 th\u1ec3 c\u00f3 nguy c\u01a1 ch\u1ee9a \u0111\u1eadu ph\u1ed9ng, h\u1ea1t \u0111i\u1ec1u, m\u00e8. Nh\u1eefng ng\u01b0\u1eddi c\u00f3 ti\u1ec1n s\u1eed d\u1ecb \u1ee9ng c\u1ea7n xem x\u00e9t k\u1ef9 c\u00e1c th\u00f4ng tin n\u00e0y tr\u01b0\u1edbc khi d\u00f9ng.\u00a0B\u00e1nh M\u00ec Hoa C\u00fac S\u00f4c\u00f4la Chip M\u1ec1m M\u1ecbn Chu\u1ea9n V\u1ecb Ph\u00e1p Otto Ph\u1ea1m Nguy\u00ean G\u00f3i 290g hi\u1ec7n \u0111ang \u0111\u01b0\u1ee3c b\u00e1n t\u1ea1i\u00a0<b>Havamall<\/b>.<\/p>\n<\/div>","protected":false},"excerpt":{"rendered":"<p>TH\u00d4NG TIN S\u1ea2N PH\u1ea8M Th\u01b0\u01a1ng Hi\u1ec7u Otto Xu\u1ea5t X\u1ee9 Vi\u1ec7t Nam\u00a0 Th\u00e0nh Ph\u1ea7n Ch\u00ednh B\u1ed9t m\u00ec, \u0110\u01b0\u1eddng, B\u01a1 t\u01b0\u01a1i, Tr\u1ee9ng,\u00a0H\u1ea1t<\/p>","protected":false},"featured_media":43643,"comment_status":"open","ping_status":"closed","template":"","meta":[],"product_brand":[],"product_cat":[677,133],"product_tag":[],"class_list":{"0":"post-43642","1":"product","2":"type-product","3":"status-publish","4":"has-post-thumbnail","6":"product_cat-cac-nuoc-khac","7":"product_cat-banh-keo-chocolate","9":"first","10":"instock","11":"sale","12":"shipping-taxable","13":"purchasable","14":"product-type-simple"},"_links":{"self":[{"href":"https:\/\/havamall.vn\/en\/wp-json\/wp\/v2\/product\/43642"}],"collection":[{"href":"https:\/\/havamall.vn\/en\/wp-json\/wp\/v2\/product"}],"about":[{"href":"https:\/\/havamall.vn\/en\/wp-json\/wp\/v2\/types\/product"}],"replies":[{"embeddable":true,"href":"https:\/\/havamall.vn\/en\/wp-json\/wp\/v2\/comments?post=43642"}],"version-history":[{"count":0,"href":"https:\/\/havamall.vn\/en\/wp-json\/wp\/v2\/product\/43642\/revisions"}],"wp:featuredmedia":[{"embeddable":true,"href":"https:\/\/havamall.vn\/en\/wp-json\/wp\/v2\/media\/43643"}],"wp:attachment":[{"href":"https:\/\/havamall.vn\/en\/wp-json\/wp\/v2\/media?parent=43642"}],"wp:term":[{"taxonomy":"product_brand","embeddable":true,"href":"https:\/\/havamall.vn\/en\/wp-json\/wp\/v2\/product_brand?post=43642"},{"taxonomy":"product_cat","embeddable":true,"href":"https:\/\/havamall.vn\/en\/wp-json\/wp\/v2\/product_cat?post=43642"},{"taxonomy":"product_tag","embeddable":true,"href":"https:\/\/havamall.vn\/en\/wp-json\/wp\/v2\/product_tag?post=43642"}],"curies":[{"name":"wp","href":"https:\/\/api.w.org\/{rel}","templated":true}]}}