{"id":43638,"date":"2025-12-05T11:00:33","date_gmt":"2025-12-05T04:00:33","guid":{"rendered":"https:\/\/havamall.vn\/?post_type=product&#038;p=43638"},"modified":"2025-12-05T11:00:33","modified_gmt":"2025-12-05T04:00:33","slug":"banh-mi-hoa-cuc-mem-xop-otto-pham-nguyen-80g-otto-brioche-tressee","status":"publish","type":"product","link":"https:\/\/havamall.vn\/en\/shop\/banh-mi-hoa-cuc-mem-xop-otto-pham-nguyen-80g-otto-brioche-tressee\/","title":{"rendered":"B\u00e1nh M\u00ec Hoa C\u00fac M\u1ec1m X\u1ed1p Otto Ph\u1ea1m Nguy\u00ean 80g \u2013 Otto Brioche Tress\u00e9e"},"content":{"rendered":"<h3 data-path-to-node=\"6\">TH\u00d4NG TIN S\u1ea2N PH\u1ea8M<\/h3>\n<table data-path-to-node=\"7\">\n<tbody>\n<tr>\n<td><span data-path-to-node=\"7,1,0,0\"><b>Th\u01b0\u01a1ng Hi\u1ec7u<\/b><\/span><\/td>\n<td><span data-path-to-node=\"7,1,1,0\">Otto<\/span><\/td>\n<\/tr>\n<tr>\n<td><span data-path-to-node=\"7,2,0,0\"><b>Xu\u1ea5t X\u1ee9<\/b><\/span><\/td>\n<td><span data-path-to-node=\"7,2,1,0\">Vi\u1ec7t Nam<\/span><\/td>\n<\/tr>\n<tr>\n<td><span data-path-to-node=\"7,3,0,0\"><b>Th\u00e0nh Ph\u1ea7n Ch\u00ednh<\/b><\/span><\/td>\n<td><span data-path-to-node=\"7,3,1,0\">B\u1ed9t m\u00ec, \u0110\u01b0\u1eddng, B\u01a1 t\u01b0\u01a1i, Tr\u1ee9ng, Men, N\u01b0\u1edbc \u0111\u01b0\u1eddng m\u1eadt ng\u00f4, S\u1eefa b\u00e9o, B\u1ed9t c\u1ed1t d\u1eeba, Ch\u1ea5t nh\u0169 h\u00f3a, H\u01b0\u01a1ng li\u1ec7u t\u1ed5ng h\u1ee3p (hoa c\u00fac),&#8230;<\/span><\/td>\n<\/tr>\n<tr>\n<td><span data-path-to-node=\"7,4,0,0\"><b>H\u1ea1n S\u1eed D\u1ee5ng<\/b><\/span><\/td>\n<td><span data-path-to-node=\"7,4,1,0\">45 ng\u00e0y k\u1ec3 t\u1eeb ng\u00e0y s\u1ea3n xu\u1ea5t<\/span><\/td>\n<\/tr>\n<tr>\n<td><span data-path-to-node=\"7,5,0,0\"><b>B\u1ea3o Qu\u1ea3n<\/b><\/span><\/td>\n<td><span data-path-to-node=\"7,5,1,0\">B\u1ea3o qu\u1ea3n n\u01a1i kh\u00f4 r\u00e1o, tho\u00e1ng m\u00e1t, tr\u00e1nh \u00e1nh n\u1eafng m\u1eb7t tr\u1eddi tr\u1ef1c ti\u1ebfp<\/span><\/td>\n<\/tr>\n<tr>\n<td><span data-path-to-node=\"7,6,0,0\"><b>Kh\u1ed1i L\u01b0\u1ee3ng<\/b><\/span><\/td>\n<td><span data-path-to-node=\"7,6,1,0\">G\u00f3i 80g<\/span><\/td>\n<\/tr>\n<\/tbody>\n<\/table>\n<p data-path-to-node=\"11\">B\u00e1nh m\u00ec Hoa C\u00fac, hay c\u00f2n \u0111\u01b0\u1ee3c bi\u1ebft \u0111\u1ebfn v\u1edbi t\u00ean g\u1ecdi nguy\u00ean b\u1ea3n ti\u1ebfng Ph\u00e1p l\u00e0\u00a0<b>Brioche<\/b>, l\u00e0 m\u1ed9t trong nh\u1eefng ni\u1ec1m t\u1ef1 h\u00e0o l\u1edbn c\u1ee7a n\u1ec1n \u1ea9m th\u1ef1c Ph\u00e1p. Kh\u00e1c bi\u1ec7t ho\u00e0n to\u00e0n so v\u1edbi c\u00e1c lo\u1ea1i b\u00e1nh m\u00ec th\u00f4ng th\u01b0\u1eddng ch\u1ec9 l\u00e0m t\u1eeb b\u1ed9t, n\u01b0\u1edbc v\u00e0 men, Brioche thu\u1ed9c nh\u00f3m\u00a0<b>Viennoiserie<\/b>\u00a0\u2013 l\u00e0 c\u00e1c lo\u1ea1i b\u00e1nh m\u00ec \u0111\u01b0\u1ee3c l\u00e0m gi\u00e0u th\u00eam b\u1edfi tr\u1ee9ng, b\u01a1 v\u00e0 s\u1eefa. Ch\u00ednh nh\u1eefng nguy\u00ean li\u1ec7u n\u00e0y \u0111\u00e3 t\u1ea1o n\u00ean k\u1ebft c\u1ea5u \u0111\u1eb7c tr\u01b0ng: m\u1ec1m, x\u1ed1p, nh\u1eb9 nh\u01b0 b\u00f4ng v\u00e0 \u0111\u1eadm v\u1ecb b\u00e9o th\u01a1m.<\/p>\n<p data-path-to-node=\"11\"><img fetchpriority=\"high\" decoding=\"async\" class=\"aligncenter\" src=\"https:\/\/scontent.fsgn19-1.fna.fbcdn.net\/v\/t39.30808-6\/539465133_1073914658231806_8393020438933357705_n.jpg?_nc_cat=107&amp;ccb=1-7&amp;_nc_sid=127cfc&amp;_nc_ohc=csgWq4BUxOgQ7kNvwGp9FQe&amp;_nc_oc=Adm0L46VeMIKEgAJWsxkDnutp6HjXHmUAsOG8HbUR-A-PDNbI-rjwODlBmiv0Ldhp5UL3M427hwNvT5l-yFwgQ0-&amp;_nc_zt=23&amp;_nc_ht=scontent.fsgn19-1.fna&amp;_nc_gid=lLVFLojRgCFPjE4XNa46FA&amp;oh=00_AflYGY9Z0k7YwnbIypemFSqDJr1McX2r7ueEWBCZVo_9Xw&amp;oe=69382D45\" alt=\"Kh\u00f4ng c\u00f3 m\u00f4 t\u1ea3 \u1ea3nh.\" width=\"800\" height=\"800\" \/><\/p>\n<p data-path-to-node=\"12\">L\u1ecbch s\u1eed c\u1ee7a Brioche \u0111\u00e3 c\u00f3 t\u1eeb r\u1ea5t l\u00e2u \u0111\u1eddi, \u0111\u01b0\u1ee3c cho l\u00e0 xu\u1ea5t hi\u1ec7n \u1edf v\u00f9ng Normandy t\u1eeb th\u1eddi k\u1ef3 Trung c\u1ed5. Ban \u0111\u1ea7u, \u0111\u00e2y l\u00e0 m\u1ed9t lo\u1ea1i b\u00e1nh m\u00ec th\u01b0\u1ee3ng h\u1ea1ng, th\u01b0\u1eddng ch\u1ec9 c\u00f3 m\u1eb7t trong c\u00e1c b\u1eefa ti\u1ec7c c\u1ee7a gi\u1edbi qu\u00fd t\u1ed9c v\u00e0 ho\u00e0ng gia. Theo th\u1eddi gian, Brioche tr\u1edf n\u00ean ph\u1ed5 bi\u1ebfn h\u01a1n v\u00e0 tr\u1edf th\u00e0nh m\u1ed9t ph\u1ea7n kh\u00f4ng th\u1ec3 thi\u1ebfu trong b\u1eefa s\u00e1ng ho\u1eb7c b\u1eefa \u0103n nh\u1eb9 c\u1ee7a ng\u01b0\u1eddi d\u00e2n Ph\u00e1p. T\u00ean g\u1ecdi &#8220;B\u00e1nh m\u00ec Hoa C\u00fac&#8221; (Pain de fleur de souci) ph\u1ed5 bi\u1ebfn t\u1ea1i Vi\u1ec7t Nam xu\u1ea5t ph\u00e1t t\u1eeb h\u01b0\u01a1ng th\u01a1m d\u1ecbu nh\u1eb9, ng\u1ecdt ng\u00e0o c\u1ee7a tinh ch\u1ea5t hoa c\u00fac (ho\u1eb7c h\u01b0\u01a1ng li\u1ec7u m\u00f4 ph\u1ecfng m\u00f9i hoa c\u00fac) \u0111\u01b0\u1ee3c th\u00eam v\u00e0o b\u00e1nh, mang l\u1ea1i c\u1ea3m gi\u00e1c th\u01b0 gi\u00e3n, d\u1ec5 ch\u1ecbu.<\/p>\n<p data-path-to-node=\"12\"><img decoding=\"async\" class=\"aligncenter  wp-image-43639\" src=\"https:\/\/havamall.com\/wp-content\/uploads\/2025\/12\/539810774_1073914778231794_2836472897860319457_n.jpg\" alt=\"\" width=\"800\" height=\"624\" \/><\/p>\n<h4 data-path-to-node=\"13\">\u0110\u1eb6C \u0110I\u1ec2M N\u1ed4I B\u1eacT V\u00c0 GI\u00c1 TR\u1eca DINH D\u01af\u1ee0NG<\/h4>\n<p>\u2013 B\u00e1nh s\u1edf h\u1eefu v\u1ecb ng\u1ecdt thanh d\u1ecbu, kh\u00f4ng g\u1eaft, k\u1ebft h\u1ee3p ho\u00e0n h\u1ea3o v\u1edbi h\u01b0\u01a1ng b\u01a1 t\u01b0\u01a1i b\u00e9o ng\u1eady v\u00e0 m\u00f9i hoa c\u00fac \u0111\u1eb7c tr\u01b0ng, tinh t\u1ebf. Ph\u1ea7n m\u1eb7t b\u00e1nh th\u01b0\u1eddng \u0111\u01b0\u1ee3c ph\u1ee7 m\u1ed9t l\u1edbp \u0111\u01b0\u1eddng h\u1ea1t li ti, t\u1ea1o th\u00eam \u0111\u1ed9 gi\u00f2n nh\u1eb9 v\u00e0 t\u0103ng c\u1ea3m gi\u00e1c ngon mi\u1ec7ng.<\/p>\n<p>\u2013 B\u00e1nh \u0111\u01b0\u1ee3c l\u00e0m t\u1eeb c\u00e1c &#8220;nguy\u00ean li\u1ec7u v\u00e0ng&#8221; bao g\u1ed3m b\u1ed9t m\u00ec, b\u01a1 t\u01b0\u01a1i (kho\u1ea3ng 7.2%), tr\u1ee9ng (kho\u1ea3ng 5.4%), s\u1eefa b\u00e9o, v\u00e0 men. \u0110\u1eb7c bi\u1ec7t, vi\u1ec7c s\u1eed d\u1ee5ng tr\u1ee9ng g\u00e0 t\u01b0\u01a1i v\u00e0 s\u1eefa ch\u1ea5t l\u01b0\u1ee3ng cao g\u00f3p ph\u1ea7n t\u1ea1o n\u00ean m\u00e0u s\u1eafc v\u00e0ng \u0111\u1eb9p m\u1eaft v\u00e0 gi\u00e1 tr\u1ecb dinh d\u01b0\u1ee1ng cao cho b\u00e1nh.<\/p>\n<p><img decoding=\"async\" class=\"aligncenter\" src=\"https:\/\/havamall.com\/wp-content\/uploads\/2025\/12\/S7A1625.jpg\" alt=\"B\u00e1nh m\u00ec hoa c\u00fac 300g\" width=\"800\" height=\"533\" \/><\/p>\n<p><b>L\u01afU \u00dd QUAN TR\u1eccNG V\u1ec0 D\u1eca \u1ee8NG:<\/b>\u00a0Th\u00e0nh ph\u1ea7n c\u1ee7a B\u00e1nh M\u00ec Hoa C\u00fac Otto c\u00f3 ch\u1ee9a b\u1ed9t m\u00ec, tr\u1ee9ng, s\u1eefa, gluten, b\u1ed9t \u0111\u1eadu n\u00e0nh v\u00e0 c\u00f3 th\u1ec3 ch\u1ee9a c\u00e1c th\u00e0nh ph\u1ea7n g\u00e2y d\u1ecb \u1ee9ng kh\u00e1c nh\u01b0 \u0111\u1eadu ph\u1ed9ng, h\u1ea1t \u0111i\u1ec1u ho\u1eb7c m\u00e8.\u00a0B\u00e1nh M\u00ec Hoa C\u00fac M\u1ec1m M\u1ecbn Chu\u1ea9n V\u1ecb Ph\u00e1p Otto Ph\u1ea1m Nguy\u00ean G\u00f3i 80g hi\u1ec7n \u0111ang \u0111\u01b0\u1ee3c b\u00e1n t\u1ea1i\u00a0<b>Havamall<\/b>.<\/p>","protected":false},"excerpt":{"rendered":"<p>TH\u00d4NG TIN S\u1ea2N PH\u1ea8M Th\u01b0\u01a1ng Hi\u1ec7u Otto Xu\u1ea5t X\u1ee9 Vi\u1ec7t Nam Th\u00e0nh Ph\u1ea7n Ch\u00ednh B\u1ed9t m\u00ec, \u0110\u01b0\u1eddng, B\u01a1 t\u01b0\u01a1i, Tr\u1ee9ng,<\/p>","protected":false},"featured_media":43639,"comment_status":"open","ping_status":"closed","template":"","meta":[],"product_brand":[],"product_cat":[677,133],"product_tag":[],"class_list":{"0":"post-43638","1":"product","2":"type-product","3":"status-publish","4":"has-post-thumbnail","6":"product_cat-cac-nuoc-khac","7":"product_cat-banh-keo-chocolate","9":"first","10":"instock","11":"sale","12":"shipping-taxable","13":"purchasable","14":"product-type-simple"},"_links":{"self":[{"href":"https:\/\/havamall.vn\/en\/wp-json\/wp\/v2\/product\/43638"}],"collection":[{"href":"https:\/\/havamall.vn\/en\/wp-json\/wp\/v2\/product"}],"about":[{"href":"https:\/\/havamall.vn\/en\/wp-json\/wp\/v2\/types\/product"}],"replies":[{"embeddable":true,"href":"https:\/\/havamall.vn\/en\/wp-json\/wp\/v2\/comments?post=43638"}],"version-history":[{"count":0,"href":"https:\/\/havamall.vn\/en\/wp-json\/wp\/v2\/product\/43638\/revisions"}],"wp:featuredmedia":[{"embeddable":true,"href":"https:\/\/havamall.vn\/en\/wp-json\/wp\/v2\/media\/43639"}],"wp:attachment":[{"href":"https:\/\/havamall.vn\/en\/wp-json\/wp\/v2\/media?parent=43638"}],"wp:term":[{"taxonomy":"product_brand","embeddable":true,"href":"https:\/\/havamall.vn\/en\/wp-json\/wp\/v2\/product_brand?post=43638"},{"taxonomy":"product_cat","embeddable":true,"href":"https:\/\/havamall.vn\/en\/wp-json\/wp\/v2\/product_cat?post=43638"},{"taxonomy":"product_tag","embeddable":true,"href":"https:\/\/havamall.vn\/en\/wp-json\/wp\/v2\/product_tag?post=43638"}],"curies":[{"name":"wp","href":"https:\/\/api.w.org\/{rel}","templated":true}]}}