{"id":43616,"date":"2025-12-03T15:17:29","date_gmt":"2025-12-03T08:17:29","guid":{"rendered":"https:\/\/havamall.vn\/?post_type=product&#038;p=43616"},"modified":"2025-12-03T15:18:30","modified_gmt":"2025-12-03T08:18:30","slug":"thach-no-cu-nang-trang-tinh-khiet-heston-500g-white-popping-boba-with-water-chestnut","status":"publish","type":"product","link":"https:\/\/havamall.vn\/en\/shop\/thach-no-cu-nang-trang-tinh-khiet-heston-500g-white-popping-boba-with-water-chestnut\/","title":{"rendered":"Th\u1ea1ch N\u1ed5 C\u1ee7 N\u0103ng Tr\u1eafng Tinh Khi\u1ebft Heston 500g \u2013 White Popping Boba with Water Chestnut"},"content":{"rendered":"<h3>TH\u00d4NG TIN S\u1ea2N PH\u1ea8M<\/h3>\n<table data-path-to-node=\"10\">\n<tbody>\n<tr>\n<td><span data-path-to-node=\"10,1,0,0\"><b>Th\u01b0\u01a1ng Hi\u1ec7u<\/b><\/span><\/td>\n<td><span data-path-to-node=\"10,1,1,0\">Heston \u2013 Home Trust Quality<\/span><\/td>\n<\/tr>\n<tr>\n<td><span data-path-to-node=\"10,2,0,0\"><b>Xu\u1ea5t X\u1ee9<\/b><\/span><\/td>\n<td><span data-path-to-node=\"10,2,1,0\">Vi\u1ec7t Nam (Theo th\u00f4ng tin chung c\u1ee7a th\u01b0\u01a1ng hi\u1ec7u)<\/span><\/td>\n<\/tr>\n<tr>\n<td><span data-path-to-node=\"10,3,0,0\"><b>Th\u00e0nh Ph\u1ea7n Ch\u00ednh<\/b><\/span><\/td>\n<td><span data-path-to-node=\"10,3,1,0\">C\u1ee7 N\u0103ng (25%), N\u01b0\u1edbc, \u0110\u01b0\u1eddng, Ch\u1ea5t \u0111i\u1ec1u ch\u1ec9nh \u0111\u1ed9 acid (E330, E331), Ch\u1ea5t l\u00e0m d\u00e0y (E415, E418, E401), H\u01b0\u01a1ng c\u1ee7 n\u0103ng t\u1ed5ng h\u1ee3p, Ch\u1ea5t b\u1ea3o qu\u1ea3n (E211).<\/span><\/td>\n<\/tr>\n<tr>\n<td><span data-path-to-node=\"10,4,0,0\"><b>Gi\u00e1 Tr\u1ecb Dinh D\u01b0\u1ee1ng<\/b><\/span><\/td>\n<td><span data-path-to-node=\"10,4,1,0\">Calo:\u00a0<span class=\"math-inline\" data-math=\"\\approx 180 \\text{ kcal\/100g}\"><span class=\"katex\"><span class=\"katex-html\" aria-hidden=\"true\"><span class=\"base\"><span class=\"mrel\">\u2248<\/span><\/span><span class=\"base\"><span class=\"mord\">180<\/span><span class=\"mord text\"><span class=\"mord\">\u00a0kcal\/100g<\/span><\/span><\/span><\/span><\/span><\/span>; Carbohydrate:\u00a0<span class=\"math-inline\" data-math=\"44\\text{g}\/100\\text{g}\"><span class=\"katex\"><span class=\"katex-html\" aria-hidden=\"true\"><span class=\"base\"><span class=\"mord\">44<\/span><span class=\"mord text\"><span class=\"mord\">g<\/span><\/span><span class=\"mord\">\/100<\/span><span class=\"mord text\"><span class=\"mord\">g<\/span><\/span><\/span><\/span><\/span><\/span>; Ch\u1ea5t \u0111\u1ea1m, Ch\u1ea5t b\u00e9o:\u00a0<span class=\"math-inline\" data-math=\"\\approx 0\\text{g}\/100\\text{g}\"><span class=\"katex\"><span class=\"katex-html\" aria-hidden=\"true\"><span class=\"base\"><span class=\"mrel\">\u2248<\/span><\/span><span class=\"base\"><span class=\"mord\">0<\/span><span class=\"mord text\"><span class=\"mord\">g<\/span><\/span><span class=\"mord\">\/100<\/span><span class=\"mord text\"><span class=\"mord\">g<\/span><\/span><\/span><\/span><\/span><\/span>\u00a0(Theo B\u1ea3ng dinh d\u01b0\u1ee1ng tr\u00ean bao b\u00ec)<\/span><\/td>\n<\/tr>\n<tr>\n<td><span data-path-to-node=\"10,5,0,0\"><b>H\u1ea1n S\u1eed D\u1ee5ng<\/b><\/span><\/td>\n<td><span data-path-to-node=\"10,5,1,0\">12 th\u00e1ng k\u1ec3 t\u1eeb ng\u00e0y s\u1ea3n xu\u1ea5t<\/span><\/td>\n<\/tr>\n<tr>\n<td><span data-path-to-node=\"10,6,0,0\"><b>B\u1ea3o Qu\u1ea3n<\/b><\/span><\/td>\n<td><span data-path-to-node=\"10,6,1,0\">N\u01a1i kh\u00f4 r\u00e1o, tho\u00e1ng m\u00e1t, tr\u00e1nh \u00e1nh n\u1eafng tr\u1ef1c ti\u1ebfp. Sau khi m\u1edf t\u00fai, b\u1ea3o qu\u1ea3n l\u1ea1nh trong ng\u0103n m\u00e1t t\u1ee7 l\u1ea1nh (<span class=\"math-inline\" data-math=\"\\approx 2-8^\\circ\\text{C}\"><span class=\"katex\"><span class=\"katex-html\" aria-hidden=\"true\"><span class=\"base\"><span class=\"mrel\">\u2248<\/span><\/span><span class=\"base\"><span class=\"mord\">2<\/span><span class=\"mbin\">\u2212<\/span><\/span><span class=\"base\"><span class=\"mord\">8<span class=\"msupsub\"><span class=\"vlist-t\"><span class=\"vlist-r\"><span class=\"vlist\"><span class=\"\"><span class=\"sizing reset-size6 size3 mtight\"><span class=\"mbin mtight\">\u2218<\/span><\/span><\/span><\/span><\/span><\/span><\/span><\/span><span class=\"mord text\"><span class=\"mord\">C<\/span><\/span><\/span><\/span><\/span><\/span>) v\u00e0 d\u00f9ng h\u1ebft trong v\u00f2ng 3-5 ng\u00e0y.<\/span><\/td>\n<\/tr>\n<tr>\n<td><span data-path-to-node=\"10,7,0,0\"><b>Kh\u1ed1i L\u01b0\u1ee3ng<\/b><\/span><\/td>\n<td><span data-path-to-node=\"10,7,1,0\">Kh\u1ed1i l\u01b0\u1ee3ng t\u1ecbnh 500g<\/span><\/td>\n<\/tr>\n<\/tbody>\n<\/table>\n<p data-path-to-node=\"14\"><b>Th\u1ea1ch N\u1ed5 C\u1ee7 N\u0103ng Tr\u1eafng Tinh Khi\u1ebft Heston<\/b>\u00a0l\u00e0 m\u1ed9t s\u00e1ng t\u1ea1o \u0111\u1ed9c \u0111\u00e1o trong d\u00f2ng topping pha ch\u1ebf, k\u1ebft h\u1ee3p s\u1ef1 m\u1ec1m d\u1ebbo c\u1ee7a l\u1edbp v\u1ecf th\u1ea1ch v\u00e0 \u0111\u1ed9 gi\u00f2n s\u1ea7n s\u1eadt tuy\u1ec7t v\u1eddi c\u1ee7a nh\u00e2n c\u1ee7 n\u0103ng t\u01b0\u01a1i. N\u1ebfu nh\u01b0 phi\u00ean b\u1ea3n Ho\u00e0ng Kim (m\u00e0u v\u00e0ng) mang l\u1ea1i s\u1ef1 r\u1ef1c r\u1ee1, th\u00ec phi\u00ean b\u1ea3n m\u00e0u tr\u1eafng tinh khi\u1ebft n\u00e0y l\u1ea1i \u0111\u1ea1i di\u1ec7n cho s\u1ef1 tinh t\u1ebf, linh ho\u1ea1t, d\u1ec5 d\u00e0ng h\u00f2a quy\u1ec7n v\u00e0o m\u1ecdi s\u1eafc th\u00e1i c\u1ee7a \u0111\u1ed3 u\u1ed1ng v\u00e0 m\u00f3n tr\u00e1ng mi\u1ec7ng.<\/p>\n<p data-path-to-node=\"15\"><img fetchpriority=\"high\" decoding=\"async\" class=\"aligncenter wp-image-43618\" src=\"https:\/\/havamall.com\/wp-content\/uploads\/2025\/12\/PL-01-Popping-Boba-WaterChestnut.jpg\" alt=\"\" width=\"802\" height=\"451\" \/><\/p>\n<h3><span style=\"font-size: 14pt\">S\u1ef0 TINH T\u1ebe C\u1ee6A M\u00c0U S\u1eaeC V\u00c0 K\u1ebeT C\u1ea4U K\u00c9P<\/span><\/h3>\n<p>\u2013 V\u1edbi m\u00e0u tr\u1eafng trong su\u1ed1t, g\u1ea7n nh\u01b0 kh\u00f4ng m\u00e0u, th\u1ea1ch n\u1ed5 Heston t\u1ea1o n\u00ean hi\u1ec7u \u1ee9ng th\u1ecb gi\u00e1c tinh t\u1ebf, \u0111\u1eb7c bi\u1ec7t khi k\u1ebft h\u1ee3p v\u1edbi c\u00e1c lo\u1ea1i tr\u00e0 tr\u00e1i c\u00e2y c\u00f3 m\u00e0u s\u1eafc n\u1ed5i b\u1eadt nh\u01b0 tr\u00e0 d\u00e2u, tr\u00e0 vi\u1ec7t qu\u1ea5t hay tr\u00e0 hibiscus.<\/p>\n<p>\u2013 S\u1ea3n ph\u1ea9m duy tr\u00ec \u01b0u \u0111i\u1ec3m n\u1ed5i b\u1eadt c\u1ee7a d\u00f2ng Th\u1ea1ch N\u1ed5 C\u1ee7 N\u0103ng Heston: l\u1edbp v\u1ecf th\u1ea1ch b\u00ean ngo\u00e0i \u0111\u01b0\u1ee3c t\u1ea1o ra b\u1eb1ng k\u1ef9 thu\u1eadt\u00a0<b>T\u1ea1o H\u00ecnh H\u1ea1t (Spherification)<\/b>\u00a0t\u1eeb c\u00e1c ch\u1ea5t l\u00e0m d\u00e0y chi\u1ebft xu\u1ea5t t\u1eeb rong bi\u1ec3n nh\u01b0 Alginate (E401) v\u00e0 Gellan Gum (E418). K\u1ef9 thu\u1eadt n\u00e0y s\u1eed d\u1ee5ng ph\u1ea3n \u1ee9ng ion h\u00f3a gi\u1eefa Alginate v\u00e0 Canxi \u0111\u1ec3 t\u1ea1o th\u00e0nh m\u00e0ng th\u1ea1ch m\u1ecfng ngay l\u1eadp t\u1ee9c.<\/p>\n<p><img decoding=\"async\" class=\"aligncenter\" src=\"https:\/\/havamall.com\/wp-content\/uploads\/2025\/12\/Highland-Barley-Water-Chestnut-Red-bean-popping-boba-juice-ball-6.jpg\" alt=\"Wholesale Mixue OEM pink water chestnuts highland barley red bean juice popping boba ball Manufacturer and Supplier | Dunheng\" width=\"800\" height=\"788\" \/><\/p>\n<p data-path-to-node=\"19\"><b>C\u1ee7 N\u0103ng<\/b>\u00a0(Water Chestnut) l\u00e0 nguy\u00ean li\u1ec7u c\u1ed1t l\u00f5i t\u1ea1o n\u00ean gi\u00e1 tr\u1ecb c\u1ee7a s\u1ea3n ph\u1ea9m. C\u1ee7 n\u0103ng kh\u00f4ng ch\u1ec9 cung c\u1ea5p \u0111\u1ed9 gi\u00f2n t\u1ef1 nhi\u00ean m\u00e0 c\u00f2n c\u00f3 gi\u00e1 tr\u1ecb dinh d\u01b0\u1ee1ng cao. C\u1ee7 n\u0103ng gi\u00e0u n\u01b0\u1edbc, ch\u1ea5t x\u01a1, kali v\u00e0 c\u00e1c h\u1ee3p ch\u1ea5t ch\u1ed1ng oxy h\u00f3a, mang l\u1ea1i v\u1ecb ng\u1ecdt thanh, m\u00e1t l\u00e0nh. Vi\u1ec7c s\u1eed d\u1ee5ng c\u1ee7 n\u0103ng l\u00e0m nh\u00e2n thay th\u1ebf cho siro th\u00f4ng th\u01b0\u1eddng l\u00e0 m\u1ed9t s\u1ef1 n\u00e2ng c\u1ea5p \u0111\u00e1ng gi\u00e1, mang l\u1ea1i tr\u1ea3i nghi\u1ec7m t\u01b0\u01a1i m\u1edbi v\u00e0 t\u1ef1 nhi\u00ean h\u01a1n.<\/p>\n<p data-path-to-node=\"19\"><img decoding=\"async\" class=\"aligncenter\" src=\"https:\/\/thechinesesouplady.com\/wp-content\/uploads\/2022\/11\/waterchestnuts-scaled.jpg\" alt=\"Water Chestnuts - The Chinese Soup Lady\" width=\"800\" height=\"600\" \/><\/p>\n<h3><span style=\"font-size: 14pt\">\u1ee8NG D\u1ee4NG LINH HO\u1ea0T<\/span><\/h3>\n<p>\u2013 \u0110\u00e2y l\u00e0 topping ho\u00e0n h\u1ea3o cho m\u1ecdi lo\u1ea1i \u0111\u1ed3 u\u1ed1ng t\u1eeb tr\u00e0 s\u1eefa, tr\u00e0 tr\u00e1i c\u00e2y, \u0111\u00e1 xay, \u0111\u1ebfn n\u01b0\u1edbc \u00e9p detox. M\u00e0u tr\u1eafng gi\u00fap n\u00f3 d\u1ec5 d\u00e0ng k\u1ebft h\u1ee3p v\u1edbi nhi\u1ec1u m\u00e0u s\u1eafc kh\u00e1c nhau m\u00e0 kh\u00f4ng l\u00e0m lo\u00e3ng t\u00f4ng m\u00e0u ch\u1ee7 \u0111\u1ea1o c\u1ee7a ly n\u01b0\u1edbc.<\/p>\n<p>\u2013 Th\u1ea1ch n\u1ed5 tr\u1eafng t\u1ea1o \u0111i\u1ec3m nh\u1ea5n th\u1ea9m m\u1ef9 tuy\u1ec7t v\u1eddi khi trang tr\u00ed tr\u00ean c\u00e1c m\u00f3n kem (Ice Cream), s\u1eefa chua Hy L\u1ea1p, panna cotta, ho\u1eb7c c\u00e1c lo\u1ea1i ch\u00e8 truy\u1ec1n th\u1ed1ng (nh\u01b0 ch\u00e8 kh\u00fac b\u1ea1ch, ch\u00e8 b\u01b0\u1edfi).<\/p>\n<p><img loading=\"lazy\" decoding=\"async\" class=\"aligncenter\" src=\"https:\/\/havamall.com\/wp-content\/uploads\/2025\/12\/c7785b3e4150dd45d52211711e82127d.png\" alt=\"Water Chestnut Popping Boba | Ready-to-Use Mochi Q | DIY Desserts &amp; Be \u2013 Axquisite Pte Ltd\" width=\"800\" height=\"800\" \/><\/p>\n<p><span style=\"font-size: 14pt\"><b>C\u00c1CH D\u00d9NG V\u00c0 L\u01afU \u00dd B\u1ea2O QU\u1ea2N<\/b><\/span><\/p>\n<p>\u2013 S\u1ea3n ph\u1ea9m \u0111\u00e3 \u0111\u01b0\u1ee3c ch\u1ebf bi\u1ebfn s\u1eb5n v\u00e0 \u0111\u00f3ng g\u00f3i trong dung d\u1ecbch ng\u00e2m, ch\u1ec9 c\u1ea7n v\u1edbt ra v\u00e0 s\u1eed d\u1ee5ng tr\u1ef1c ti\u1ebfp. Khuy\u1ebfn ngh\u1ecb n\u00ean s\u1eed d\u1ee5ng trong v\u00f2ng\u00a0<span class=\"math-inline\" data-math=\"30\\text{g}\"><span class=\"katex\"><span class=\"katex-html\" aria-hidden=\"true\"><span class=\"base\"><span class=\"mord\">30<\/span><span class=\"mord text\"><span class=\"mord\">g<\/span><\/span><\/span><\/span><\/span><\/span>\u00a0\u0111\u1ebfn\u00a0<span class=\"math-inline\" data-math=\"50\\text{g}\"><span class=\"katex\"><span class=\"katex-html\" aria-hidden=\"true\"><span class=\"base\"><span class=\"mord\">50<\/span><span class=\"mord text\"><span class=\"mord\">g<\/span><\/span><\/span><\/span><\/span><\/span>\u00a0m\u1ed7i kh\u1ea9u ph\u1ea7n. V\u00ec s\u1ea3n ph\u1ea9m \u0111\u00e3 m\u1edf d\u1ec5 b\u1ecb nhi\u1ec5m khu\u1ea9n v\u00e0 gi\u1ea3m \u0111\u1ed9 gi\u00f2n, vi\u1ec7c\u00a0<b>b\u1ea3o qu\u1ea3n l\u1ea1nh trong ng\u0103n m\u00e1t<\/b>\u00a0v\u00e0 s\u1eed d\u1ee5ng h\u1ebft trong v\u00f2ng 3-5 ng\u00e0y l\u00e0 b\u1eaft bu\u1ed9c.<\/p>\n<p>Th\u1ea1ch N\u1ed5 C\u1ee7 N\u0103ng Tr\u1eafng Tinh Khi\u1ebft Heston 500g \u2013 White Popping Boba with Water Chestnut hi\u1ec7n \u0111ang \u0111\u01b0\u1ee3c b\u00e1n t\u1ea1i Havamall.<\/p>","protected":false},"excerpt":{"rendered":"<p>TH\u00d4NG TIN S\u1ea2N PH\u1ea8M Th\u01b0\u01a1ng Hi\u1ec7u Heston \u2013 Home Trust Quality Xu\u1ea5t X\u1ee9 Vi\u1ec7t Nam (Theo th\u00f4ng tin chung c\u1ee7a<\/p>","protected":false},"featured_media":43617,"comment_status":"open","ping_status":"closed","template":"","meta":[],"product_brand":[],"product_cat":[677,131],"product_tag":[],"class_list":{"0":"post-43616","1":"product","2":"type-product","3":"status-publish","4":"has-post-thumbnail","6":"product_cat-cac-nuoc-khac","7":"product_cat-nguyen-lieu-lam-bep","9":"first","10":"instock","11":"sale","12":"shipping-taxable","13":"purchasable","14":"product-type-simple"},"_links":{"self":[{"href":"https:\/\/havamall.vn\/en\/wp-json\/wp\/v2\/product\/43616"}],"collection":[{"href":"https:\/\/havamall.vn\/en\/wp-json\/wp\/v2\/product"}],"about":[{"href":"https:\/\/havamall.vn\/en\/wp-json\/wp\/v2\/types\/product"}],"replies":[{"embeddable":true,"href":"https:\/\/havamall.vn\/en\/wp-json\/wp\/v2\/comments?post=43616"}],"version-history":[{"count":0,"href":"https:\/\/havamall.vn\/en\/wp-json\/wp\/v2\/product\/43616\/revisions"}],"wp:featuredmedia":[{"embeddable":true,"href":"https:\/\/havamall.vn\/en\/wp-json\/wp\/v2\/media\/43617"}],"wp:attachment":[{"href":"https:\/\/havamall.vn\/en\/wp-json\/wp\/v2\/media?parent=43616"}],"wp:term":[{"taxonomy":"product_brand","embeddable":true,"href":"https:\/\/havamall.vn\/en\/wp-json\/wp\/v2\/product_brand?post=43616"},{"taxonomy":"product_cat","embeddable":true,"href":"https:\/\/havamall.vn\/en\/wp-json\/wp\/v2\/product_cat?post=43616"},{"taxonomy":"product_tag","embeddable":true,"href":"https:\/\/havamall.vn\/en\/wp-json\/wp\/v2\/product_tag?post=43616"}],"curies":[{"name":"wp","href":"https:\/\/api.w.org\/{rel}","templated":true}]}}