{"id":43612,"date":"2025-12-03T14:30:24","date_gmt":"2025-12-03T07:30:24","guid":{"rendered":"https:\/\/havamall.vn\/?post_type=product&#038;p=43612"},"modified":"2025-12-03T14:31:19","modified_gmt":"2025-12-03T07:31:19","slug":"thach-no-cu-nang-hoang-kim-heston-500g-popping-boba-with-water-chestnut","status":"publish","type":"product","link":"https:\/\/havamall.vn\/en\/shop\/thach-no-cu-nang-hoang-kim-heston-500g-popping-boba-with-water-chestnut\/","title":{"rendered":"Th\u1ea1ch N\u1ed5 C\u1ee7 N\u0103ng Ho\u00e0ng Kim Heston 500g \u2013 Popping Boba with Water Chestnut"},"content":{"rendered":"<h3>TH\u00d4NG TIN S\u1ea2N PH\u1ea8M<\/h3>\n<table data-path-to-node=\"14\">\n<tbody>\n<tr>\n<td><span data-path-to-node=\"14,1,0,0\"><b>Th\u01b0\u01a1ng Hi\u1ec7u<\/b><\/span><\/td>\n<td><span data-path-to-node=\"14,1,1,0\">Heston \u2013 Home Trust Quality<\/span><\/td>\n<\/tr>\n<tr>\n<td><span data-path-to-node=\"14,2,0,0\"><b>Xu\u1ea5t X\u1ee9<\/b><\/span><\/td>\n<td><span data-path-to-node=\"14,2,1,0\">Vi\u1ec7t Nam (S\u1ea3n xu\u1ea5t t\u1ea1i Vi\u1ec7t Nam theo h\u00ecnh \u1ea3nh tr\u00ean bao b\u00ec)<\/span><\/td>\n<\/tr>\n<tr>\n<td><span data-path-to-node=\"14,3,0,0\"><b>Th\u00e0nh Ph\u1ea7n Ch\u00ednh<\/b><\/span><\/td>\n<td><span data-path-to-node=\"14,3,1,0\">C\u1ee7 N\u0103ng (25%), N\u01b0\u1edbc, \u0110\u01b0\u1eddng, Ch\u1ea5t \u0111i\u1ec1u ch\u1ec9nh \u0111\u1ed9 acid (E330, E331), Ch\u1ea5t l\u00e0m d\u00e0y (E415, E418, E401), M\u00e0u th\u1ef1c ph\u1ea9m (E102, E110), H\u01b0\u01a1ng c\u1ee7 n\u0103ng t\u1ed5ng h\u1ee3p.<\/span><\/td>\n<\/tr>\n<tr>\n<td><span data-path-to-node=\"14,4,0,0\"><b>Gi\u00e1 Tr\u1ecb Dinh D\u01b0\u1ee1ng<\/b><\/span><\/td>\n<td><span data-path-to-node=\"14,4,1,0\">Calo:\u00a0<span class=\"math-inline\" data-math=\"\\approx 180 \\text{ kcal\/100g}\"><span class=\"katex\"><span class=\"katex-html\" aria-hidden=\"true\"><span class=\"base\"><span class=\"mrel\">\u2248<\/span><\/span><span class=\"base\"><span class=\"mord\">180<\/span><span class=\"mord text\"><span class=\"mord\">\u00a0kcal\/100g<\/span><\/span><\/span><\/span><\/span><\/span>; Carbohydrate:\u00a0<span class=\"math-inline\" data-math=\"44\\text{g}\/100\\text{g}\"><span class=\"katex\"><span class=\"katex-html\" aria-hidden=\"true\"><span class=\"base\"><span class=\"mord\">44<\/span><span class=\"mord text\"><span class=\"mord\">g<\/span><\/span><span class=\"mord\">\/100<\/span><span class=\"mord text\"><span class=\"mord\">g<\/span><\/span><\/span><\/span><\/span><\/span>; Ch\u1ea5t \u0111\u1ea1m, Ch\u1ea5t b\u00e9o:\u00a0<span class=\"math-inline\" data-math=\"\\approx 0\\text{g}\/100\\text{g}\"><span class=\"katex\"><span class=\"katex-html\" aria-hidden=\"true\"><span class=\"base\"><span class=\"mrel\">\u2248<\/span><\/span><span class=\"base\"><span class=\"mord\">0<\/span><span class=\"mord text\"><span class=\"mord\">g<\/span><\/span><span class=\"mord\">\/100<\/span><span class=\"mord text\"><span class=\"mord\">g<\/span><\/span><\/span><\/span><\/span><\/span>\u00a0(Theo B\u1ea3ng dinh d\u01b0\u1ee1ng tr\u00ean bao b\u00ec)<\/span><\/td>\n<\/tr>\n<tr>\n<td><span data-path-to-node=\"14,5,0,0\"><b>H\u1ea1n S\u1eed D\u1ee5ng<\/b><\/span><\/td>\n<td><span data-path-to-node=\"14,5,1,0\">12 th\u00e1ng k\u1ec3 t\u1eeb ng\u00e0y s\u1ea3n xu\u1ea5t<\/span><\/td>\n<\/tr>\n<tr>\n<td><span data-path-to-node=\"14,6,0,0\"><b>B\u1ea3o Qu\u1ea3n<\/b><\/span><\/td>\n<td><span data-path-to-node=\"14,6,1,0\">N\u01a1i kh\u00f4 r\u00e1o, tho\u00e1ng m\u00e1t, tr\u00e1nh \u00e1nh n\u1eafng tr\u1ef1c ti\u1ebfp. Sau khi m\u1edf t\u00fai, b\u1ea3o qu\u1ea3n l\u1ea1nh trong ng\u0103n m\u00e1t t\u1ee7 l\u1ea1nh (<span class=\"math-inline\" data-math=\"\\approx 2-8^\\circ\\text{C}\"><span class=\"katex\"><span class=\"katex-html\" aria-hidden=\"true\"><span class=\"base\"><span class=\"mrel\">\u2248<\/span><\/span><span class=\"base\"><span class=\"mord\">2<\/span><span class=\"mbin\">\u2212<\/span><\/span><span class=\"base\"><span class=\"mord\">8<span class=\"msupsub\"><span class=\"vlist-t\"><span class=\"vlist-r\"><span class=\"vlist\"><span class=\"\"><span class=\"sizing reset-size6 size3 mtight\"><span class=\"mbin mtight\">\u2218<\/span><\/span><\/span><\/span><\/span><\/span><\/span><\/span><span class=\"mord text\"><span class=\"mord\">C<\/span><\/span><\/span><\/span><\/span><\/span>) v\u00e0 d\u00f9ng h\u1ebft trong v\u00f2ng 3-5 ng\u00e0y.<\/span><\/td>\n<\/tr>\n<tr>\n<td><span data-path-to-node=\"14,7,0,0\"><b>Kh\u1ed1i L\u01b0\u1ee3ng<\/b><\/span><\/td>\n<td><span data-path-to-node=\"14,7,1,0\">Kh\u1ed1i l\u01b0\u1ee3ng t\u1ecbnh 500g<\/span><\/td>\n<\/tr>\n<\/tbody>\n<\/table>\n<p>Th\u1ea1ch n\u1ed5, hay c\u00f2n g\u1ecdi l\u00e0\u00a0<b>Popping Boba<\/b>, l\u00e0 m\u1ed9t s\u00e1ng t\u1ea1o \u0111\u1ed9c \u0111\u00e1o trong ng\u00e0nh c\u00f4ng nghi\u1ec7p topping, ph\u1ed5 bi\u1ebfn r\u1ed9ng r\u00e3i t\u1eeb cu\u1ed1i th\u1ebf k\u1ef7 XX trong c\u00e1c m\u00f3n tr\u00e0 s\u1eefa \u0110\u00e0i Loan v\u00e0 \u0111\u1ed3 u\u1ed1ng gi\u1ea3i kh\u00e1t kh\u00e1c. Trong khi Popping Boba truy\u1ec1n th\u1ed1ng ch\u1ee9a ch\u1ea5t l\u1ecfng h\u01b0\u01a1ng tr\u00e1i c\u00e2y b\u00ean trong l\u1edbp v\u1ecf th\u1ea1ch m\u1ecfng,\u00a0<b>Th\u1ea1ch N\u1ed5 C\u1ee7 N\u0103ng Ho\u00e0ng Kim Heston<\/b>\u00a0mang m\u1ed9t b\u01b0\u1edbc \u0111\u1ed9t ph\u00e1 m\u1edbi: thay th\u1ebf ph\u1ea7n ch\u1ea5t l\u1ecfng b\u1eb1ng nh\u00e2n c\u1ee7 n\u0103ng t\u01b0\u01a1i ngon, \u0111\u00e3 qua ch\u1ebf bi\u1ebfn.<\/p>\n<p><img fetchpriority=\"high\" decoding=\"async\" class=\"aligncenter wp-image-43609\" src=\"https:\/\/havamall.com\/wp-content\/uploads\/2025\/12\/il_fullxfull.5990057916_3w33.webp\" alt=\"\" width=\"801\" height=\"801\" \/><\/p>\n<p>\u2013 \u0110\u1eb7c \u0111i\u1ec3m n\u1ed5i b\u1eadt nh\u1ea5t c\u1ee7a s\u1ea3n ph\u1ea9m n\u1eb1m \u1edf s\u1ef1 k\u1ebft h\u1ee3p k\u00e9p: l\u1edbp v\u1ecf b\u00ean ngo\u00e0i l\u00e0 th\u1ea1ch d\u1ebbo, m\u1ec1m m\u1ea1i \u0111\u01b0\u1ee3c t\u1ea1o h\u00ecnh c\u1ea7u, nh\u01b0ng b\u00ean trong l\u1ea1i l\u00e0 nh\u1eefng mi\u1ebfng\u00a0<b>c\u1ee7 n\u0103ng<\/b>\u00a0\u0111\u01b0\u1ee3c c\u1eaft nh\u1ecf. Khi nhai, th\u1ef1c kh\u00e1ch s\u1ebd c\u1ea3m nh\u1eadn \u0111\u01b0\u1ee3c s\u1ef1 &#8220;n\u1ed5&#8221; nh\u1eb9 t\u1eeb l\u1edbp th\u1ea1ch, sau \u0111\u00f3 l\u00e0 \u0111\u1ed9 gi\u00f2n tan, s\u1ea7n s\u1eadt \u0111\u1ea7y th\u00fa v\u1ecb c\u1ee7a c\u1ee7 n\u0103ng. S\u1ef1 t\u01b0\u01a1ng ph\u1ea3n k\u1ebft c\u1ea5u n\u00e0y t\u1ea1o n\u00ean m\u1ed9t tr\u1ea3i nghi\u1ec7m v\u1ecb gi\u00e1c \u0111\u1ed9c \u0111\u00e1o v\u00e0 kh\u00f3 qu\u00ean.<\/p>\n<p>\u2013 S\u1ea3n ph\u1ea9m c\u00f3 m\u00e0u v\u00e0ng r\u1ef1c r\u1ee1, h\u1ea5p d\u1eabn, gi\u00fap trang tr\u00ed \u0111\u1ed3 u\u1ed1ng tr\u1edf n\u00ean b\u1eaft m\u1eaft v\u00e0 sang tr\u1ecdng. M\u00e0u v\u00e0ng t\u01b0\u01a1i s\u00e1ng n\u00e0y kh\u00f4ng ch\u1ec9 g\u1ee3i l\u00ean c\u1ea3m gi\u00e1c th\u1ecbnh v\u01b0\u1ee3ng m\u00e0 c\u00f2n l\u00e0m t\u0103ng t\u00ednh th\u1ea9m m\u1ef9, thu h\u00fat gi\u1edbi tr\u1ebb v\u00e0 ng\u01b0\u1eddi y\u00eau th\u00edch s\u1ef1 c\u1ea7u k\u1ef3 trong \u1ea9m th\u1ef1c.<\/p>\n<p><img decoding=\"async\" class=\"aligncenter wp-image-43610\" src=\"https:\/\/havamall.com\/wp-content\/uploads\/2025\/12\/Hda3bf0014eb14fccb688b882cf800fdff.jpg\" alt=\"\" width=\"800\" height=\"800\" \/><\/p>\n<p data-path-to-node=\"23\">Qu\u00e1 tr\u00ecnh s\u1ea3n xu\u1ea5t th\u1ea1ch n\u1ed5, hay c\u00f2n g\u1ecdi l\u00e0 qu\u00e1 tr\u00ecnh\u00a0<b>t\u1ea1o h\u00ecnh h\u1ea1t (Spherification)<\/b>, l\u00e0 m\u1ed9t k\u1ef9 thu\u1eadt thu\u1ed9c l\u0129nh v\u1ef1c \u1ea9m th\u1ef1c ph\u00e2n t\u1eed (Molecular Gastronomy), nh\u01b0ng \u0111\u00e3 \u0111\u01b0\u1ee3c \u00e1p d\u1ee5ng r\u1ed9ng r\u00e3i trong s\u1ea3n xu\u1ea5t c\u00f4ng nghi\u1ec7p. V\u1ec1 c\u01a1 b\u1ea3n, k\u1ef9 thu\u1eadt n\u00e0y s\u1eed d\u1ee5ng ph\u1ea3n \u1ee9ng gi\u1eefa hai th\u00e0nh ph\u1ea7n ch\u00ednh:\u00a0<b>Alginate<\/b>\u00a0(th\u01b0\u1eddng l\u00e0 Natri Alginate, k\u00fd hi\u1ec7u E401), m\u1ed9t ch\u1ea5t l\u00e0m d\u00e0y chi\u1ebft xu\u1ea5t t\u1eeb rong bi\u1ec3n, v\u00e0\u00a0<b>Canxi<\/b>\u00a0(th\u01b0\u1eddng l\u00e0 Canxi Clorua). Khi dung d\u1ecbch Alginate bao b\u1ecdc nh\u00e2n c\u1ee7 n\u0103ng \u0111\u01b0\u1ee3c nh\u1ecf gi\u1ecdt v\u00e0o dung d\u1ecbch Canxi, m\u1ed9t l\u1edbp m\u00e0ng th\u1ea1ch m\u1ecfng s\u1ebd ngay l\u1eadp t\u1ee9c \u0111\u01b0\u1ee3c t\u1ea1o th\u00e0nh xung quanh nh\u00e2n, gi\u1eef nguy\u00ean h\u00ecnh d\u1ea1ng h\u1ea1t c\u1ea7u v\u00e0 t\u1ea1o n\u00ean c\u1ea3m gi\u00e1c &#8220;n\u1ed5&#8221; \u0111\u1eb7c tr\u01b0ng khi t\u00e1c \u0111\u1ed9ng l\u1ef1c.<\/p>\n<p data-path-to-node=\"25\"><b>Th\u1ea1ch N\u1ed5 C\u1ee7 N\u0103ng Ho\u00e0ng Kim Heston<\/b>\u00a0s\u1eed d\u1ee5ng c\u00e1c ch\u1ea5t l\u00e0m d\u00e0y an to\u00e0n nh\u01b0\u00a0<b>E415 (Xanthan Gum)<\/b>,\u00a0<b>E418 (Gellan Gum)<\/b>\u00a0v\u00e0\u00a0<b>E401 (Natri Alginate)<\/b>. Nh\u1eefng ch\u1ea5t n\u00e0y \u0111\u1ec1u c\u00f3 ngu\u1ed3n g\u1ed1c t\u1ef1 nhi\u00ean ho\u1eb7c \u0111\u01b0\u1ee3c t\u1ed5ng h\u1ee3p t\u1eeb thi\u00ean nhi\u00ean, \u0111\u01b0\u1ee3c C\u1ee5c Qu\u1ea3n l\u00fd Th\u1ef1c ph\u1ea9m v\u00e0 D\u01b0\u1ee3c ph\u1ea9m Hoa K\u1ef3 (FDA) v\u00e0 c\u00e1c t\u1ed5 ch\u1ee9c y t\u1ebf qu\u1ed1c t\u1ebf cho ph\u00e9p s\u1eed d\u1ee5ng trong th\u1ef1c ph\u1ea9m v\u1edbi li\u1ec1u l\u01b0\u1ee3ng an to\u00e0n, nh\u1eb1m t\u1ea1o \u0111\u1ed9 d\u1ebbo, \u0111\u00e0n h\u1ed3i cho l\u1edbp v\u1ecf th\u1ea1ch v\u00e0 \u0111\u1ed9 s\u00e1nh cho h\u1ed7n h\u1ee3p.<\/p>\n<p data-path-to-node=\"25\"><img decoding=\"async\" class=\"aligncenter wp-image-43611\" src=\"https:\/\/havamall.com\/wp-content\/uploads\/2025\/12\/Doking-Gold-Water-Chestnut-Bursting-Ball-Popping-Boba-Pearl-Bubble-Tea-Topping-for-Beverage-and-Dessert.jpg\" alt=\"\" width=\"800\" height=\"800\" \/><\/p>\n<h3><span style=\"font-size: 14pt\">C\u00d4NG D\u1ee4NG, \u1ee8NG D\u1ee4NG R\u1ed8NG R\u00c3I<\/span><\/h3>\n<p>\u2013\u00a0<b>S\u1eed d\u1ee5ng trong Tr\u00e0 S\u1eefa v\u00e0 Tr\u00e0 Tr\u00e1i C\u00e2y: t<\/b>h\u1ea1ch N\u1ed5 C\u1ee7 N\u0103ng b\u1ed5 sung v\u1ecb ng\u1ecdt thanh v\u00e0 \u0111\u1ed9 gi\u00f2n s\u1ea7n s\u1eadt, t\u0103ng t\u00ednh gi\u1ea3i kh\u00e1t v\u00e0 th\u00fa v\u1ecb cho tr\u00e0 s\u1eefa truy\u1ec1n th\u1ed1ng, tr\u00e0 \u0111\u00e0o cam s\u1ea3, hay c\u00e1c lo\u1ea1i tr\u00e0 tr\u00e1i c\u00e2y nhi\u1ec7t \u0111\u1edbi.<\/p>\n<p>\u2013\u00a0<b>Topping cho Kem v\u00e0 S\u1eefa Chua:<\/b>\u00a0Khi \u0111\u01b0\u1ee3c th\u00eam v\u00e0o kem ho\u1eb7c s\u1eefa chua \u0111\u00f4ng l\u1ea1nh, \u0111\u1ed9 gi\u00f2n v\u00e0 m\u00e1t l\u1ea1nh c\u1ee7a c\u1ee7 n\u0103ng c\u00f9ng v\u1edbi l\u1edbp th\u1ea1ch n\u1ed5 s\u1ebd l\u00e0m c\u00e2n b\u1eb1ng \u0111\u1ed9 b\u00e9o v\u00e0 chua c\u1ee7a m\u00f3n tr\u00e1ng mi\u1ec7ng.<\/p>\n<p>\u2013\u00a0<b>Ch\u00e8 v\u00e0 B\u00e1nh Ng\u1ecdt:<\/b>\u00a0Th\u1ea1ch C\u1ee7 N\u0103ng c\u00f3 th\u1ec3 d\u00f9ng thay th\u1ebf tr\u00e2n ch\u00e2u ho\u1eb7c c\u00e1c lo\u1ea1i th\u1ea1ch truy\u1ec1n th\u1ed1ng trong ch\u00e8 Th\u00e1i, ch\u00e8 kh\u00fac b\u1ea1ch, ho\u1eb7c trang tr\u00ed c\u00e1c m\u00f3n b\u00e1nh ng\u1ecdt kh\u00e1c.<\/p>\n<p data-path-to-node=\"29\"><img loading=\"lazy\" decoding=\"async\" class=\"aligncenter size-full wp-image-43612\" src=\"https:\/\/havamall.com\/wp-content\/uploads\/2025\/12\/545410176_1910142323184192_8442308453015923120_n.jpg\" alt=\"\" width=\"800\" height=\"800\" \/><\/p>\n<p data-path-to-node=\"29\"><span style=\"font-size: 14pt\"><b>C\u00c1CH S\u1eec D\u1ee4NG V\u00c0 B\u1ea2O QU\u1ea2N<\/b>\u00a0<\/span><\/p>\n<p data-path-to-node=\"29\">\u2013S\u1ea3n ph\u1ea9m \u0111\u00e3 \u0111\u01b0\u1ee3c ch\u1ebf bi\u1ebfn s\u1eb5n, c\u00f3 th\u1ec3 s\u1eed d\u1ee5ng tr\u1ef1c ti\u1ebfp m\u00e0 kh\u00f4ng c\u1ea7n n\u1ea5u hay ch\u1ebf bi\u1ebfn th\u00eam. Vi\u1ec7c n\u00e0y ti\u1ebft ki\u1ec7m \u0111\u00e1ng k\u1ec3 th\u1eddi gian chu\u1ea9n b\u1ecb cho c\u00e1c c\u1eeda h\u00e0ng d\u1ecbch v\u1ee5 \u0103n u\u1ed1ng v\u00e0 c\u1ea3 gia \u0111\u00ecnh. Kh\u1ea9u ph\u1ea7n s\u1eed d\u1ee5ng t\u00f9y thu\u1ed9c v\u00e0o s\u1edf th\u00edch, th\u01b0\u1eddng t\u1eeb\u00a0<span class=\"math-inline\" data-math=\"30\\text{g}\"><span class=\"katex\"><span class=\"katex-html\" aria-hidden=\"true\"><span class=\"base\"><span class=\"mord\">30<\/span><span class=\"mord text\"><span class=\"mord\">g<\/span><\/span><\/span><\/span><\/span><\/span>\u00a0\u0111\u1ebfn\u00a0<span class=\"math-inline\" data-math=\"50\\text{g}\"><span class=\"katex\"><span class=\"katex-html\" aria-hidden=\"true\"><span class=\"base\"><span class=\"mord\">50<\/span><span class=\"mord text\"><span class=\"mord\">g<\/span><\/span><\/span><\/span><\/span><\/span>\u00a0cho m\u1ed9t ly tr\u00e0 s\u1eefa.\u00a0<b>L\u01b0u \u00fd \u0111\u1eb7c bi\u1ec7t<\/b>\u00a0l\u00e0 s\u1ea3n ph\u1ea9m c\u1ea7n \u0111\u01b0\u1ee3c b\u1ea3o qu\u1ea3n \u1edf n\u01a1i kh\u00f4 r\u00e1o, tho\u00e1ng m\u00e1t khi c\u00f2n nguy\u00ean bao b\u00ec; nh\u01b0ng sau khi m\u1edf, ph\u1ea3i \u0111\u01b0\u1ee3c gi\u1eef l\u1ea1nh trong ng\u0103n m\u00e1t t\u1ee7 l\u1ea1nh v\u00e0 d\u00f9ng h\u1ebft trong th\u1eddi gian ng\u1eafn \u0111\u1ec3 \u0111\u1ea3m b\u1ea3o ch\u1ea5t l\u01b0\u1ee3ng v\u00e0 \u0111\u1ed9 gi\u00f2n c\u1ee7a c\u1ee7 n\u0103ng.<\/p>\n<p data-path-to-node=\"30\">Th\u1ea1ch N\u1ed5 C\u1ee7 N\u0103ng Ho\u00e0ng Kim Heston 500g \u2013 Popping Boba with Water Chestnut hi\u1ec7n \u0111ang \u0111\u01b0\u1ee3c b\u00e1n t\u1ea1i Havamall.<\/p>","protected":false},"excerpt":{"rendered":"<p>TH\u00d4NG TIN S\u1ea2N PH\u1ea8M Th\u01b0\u01a1ng Hi\u1ec7u Heston \u2013 Home Trust Quality Xu\u1ea5t X\u1ee9 Vi\u1ec7t Nam (S\u1ea3n xu\u1ea5t t\u1ea1i Vi\u1ec7t Nam<\/p>","protected":false},"featured_media":43613,"comment_status":"open","ping_status":"closed","template":"","meta":[],"product_brand":[],"product_cat":[677,131],"product_tag":[],"class_list":{"0":"post-43612","1":"product","2":"type-product","3":"status-publish","4":"has-post-thumbnail","6":"product_cat-cac-nuoc-khac","7":"product_cat-nguyen-lieu-lam-bep","9":"first","10":"instock","11":"sale","12":"shipping-taxable","13":"purchasable","14":"product-type-simple"},"_links":{"self":[{"href":"https:\/\/havamall.vn\/en\/wp-json\/wp\/v2\/product\/43612"}],"collection":[{"href":"https:\/\/havamall.vn\/en\/wp-json\/wp\/v2\/product"}],"about":[{"href":"https:\/\/havamall.vn\/en\/wp-json\/wp\/v2\/types\/product"}],"replies":[{"embeddable":true,"href":"https:\/\/havamall.vn\/en\/wp-json\/wp\/v2\/comments?post=43612"}],"version-history":[{"count":0,"href":"https:\/\/havamall.vn\/en\/wp-json\/wp\/v2\/product\/43612\/revisions"}],"wp:featuredmedia":[{"embeddable":true,"href":"https:\/\/havamall.vn\/en\/wp-json\/wp\/v2\/media\/43613"}],"wp:attachment":[{"href":"https:\/\/havamall.vn\/en\/wp-json\/wp\/v2\/media?parent=43612"}],"wp:term":[{"taxonomy":"product_brand","embeddable":true,"href":"https:\/\/havamall.vn\/en\/wp-json\/wp\/v2\/product_brand?post=43612"},{"taxonomy":"product_cat","embeddable":true,"href":"https:\/\/havamall.vn\/en\/wp-json\/wp\/v2\/product_cat?post=43612"},{"taxonomy":"product_tag","embeddable":true,"href":"https:\/\/havamall.vn\/en\/wp-json\/wp\/v2\/product_tag?post=43612"}],"curies":[{"name":"wp","href":"https:\/\/api.w.org\/{rel}","templated":true}]}}