{"id":43595,"date":"2025-12-01T10:38:44","date_gmt":"2025-12-01T03:38:44","guid":{"rendered":"https:\/\/havamall.vn\/?post_type=product&#038;p=43595"},"modified":"2025-12-01T10:38:44","modified_gmt":"2025-12-01T03:38:44","slug":"keo-mut-chong-sau-rang-4-vi-trai-cay-nhat-ban-fujiya-20-que-122g-pop-candy-mixed-fruits-and-melon-soda","status":"publish","type":"product","link":"https:\/\/havamall.vn\/en\/shop\/keo-mut-chong-sau-rang-4-vi-trai-cay-nhat-ban-fujiya-20-que-122g-pop-candy-mixed-fruits-and-melon-soda\/","title":{"rendered":"K\u1eb9o M\u00fat Ch\u1ed1ng S\u00e2u R\u0103ng 4 V\u1ecb Tr\u00e1i C\u00e2y Nh\u1eadt B\u1ea3n Fujiya 20 Que\/122g \u2013 Pop Candy Mixed Fruits and Melon Soda"},"content":{"rendered":"<h3>TH\u00d4NG TIN S\u1ea2N PH\u1ea8M<\/h3>\n<table style=\"width: 90.9359%;height: 192px\" data-path-to-node=\"8\">\n<tbody>\n<tr>\n<td style=\"width: 10.859%\"><span data-path-to-node=\"8,1,0,0\"><b>Th\u01b0\u01a1ng Hi\u1ec7u<\/b><\/span><\/td>\n<td style=\"width: 88.4927%\"><span data-path-to-node=\"8,1,1,0\">Fujiya (\u4e0d\u4e8c\u5bb6)<\/span><\/td>\n<\/tr>\n<tr>\n<td style=\"width: 10.859%\"><span data-path-to-node=\"8,2,0,0\"><b>Xu\u1ea5t X\u1ee9<\/b><\/span><\/td>\n<td style=\"width: 88.4927%\"><span data-path-to-node=\"8,2,1,0\">Nh\u1eadt B\u1ea3n<\/span><\/td>\n<\/tr>\n<tr>\n<td style=\"width: 10.859%\"><span data-path-to-node=\"8,3,0,0\"><b>Th\u00e0nh Ph\u1ea7n<\/b><\/span><\/td>\n<td style=\"width: 88.4927%\"><span data-path-to-node=\"8,3,1,0\">\u0110\u01b0\u1eddng, Siro tinh b\u1ed9t, Oligosaccharide, N\u01b0\u1edbc \u00e9p tr\u00e1i c\u00e2y c\u00f4 \u0111\u1eb7c (D\u00e2u t\u00e2y, Nho, Cam, D\u01b0a l\u01b0\u1edbi), Ch\u1ea5t \u0111i\u1ec1u ch\u1ec9nh \u0111\u1ed9 chua (Acidulant), H\u01b0\u01a1ng li\u1ec7u t\u1ef1 nhi\u00ean v\u00e0 t\u1ed5ng h\u1ee3p, Ph\u1ea9m m\u00e0u t\u1ef1 nhi\u00ean (Anthocyanin, Carotenoid, Gardenia, C\u00e2y s\u01a1n), Chi\u1ebft xu\u1ea5t Tr\u00e0 xanh.<\/span><\/td>\n<\/tr>\n<tr>\n<td style=\"width: 10.859%\"><span data-path-to-node=\"8,4,0,0\"><b>H\u1ea1n S\u1eed D\u1ee5ng<\/b><\/span><\/td>\n<td style=\"width: 88.4927%\"><span data-path-to-node=\"8,4,1,0\">Xem chi ti\u1ebft tr\u00ean bao b\u00ec s\u1ea3n ph\u1ea9m<\/span><\/td>\n<\/tr>\n<tr>\n<td style=\"width: 10.859%\"><span data-path-to-node=\"8,5,0,0\"><b>B\u1ea3o Qu\u1ea3n<\/b><\/span><\/td>\n<td style=\"width: 88.4927%\"><span data-path-to-node=\"8,5,1,0\">\u0110\u1ec3 n\u01a1i kh\u00f4 r\u00e1o, tho\u00e1ng m\u00e1t, tr\u00e1nh \u00e1nh n\u1eafng tr\u1ef1c ti\u1ebfp v\u00e0 nhi\u1ec7t \u0111\u1ed9 cao. Sau khi m\u1edf g\u00f3i, n\u00ean d\u00f9ng ngay \u0111\u1ec3 k\u1eb9o kh\u00f4ng b\u1ecb \u1ea9m v\u00e0 gi\u1eef tr\u1ecdn h\u01b0\u01a1ng v\u1ecb.<\/span><\/td>\n<\/tr>\n<tr>\n<td style=\"width: 10.859%\"><span data-path-to-node=\"8,6,0,0\"><b>Kh\u1ed1i L\u01b0\u1ee3ng<\/b><\/span><\/td>\n<td style=\"width: 88.4927%\"><span data-path-to-node=\"8,6,1,0\">122g (Kho\u1ea3ng 20 Que)<\/span><\/td>\n<\/tr>\n<\/tbody>\n<\/table>\n<p>Th\u01b0\u01a1ng hi\u1ec7u Fujiya, \u0111\u01b0\u1ee3c th\u00e0nh l\u1eadp t\u1eeb n\u0103m 1910 t\u1ea1i Yokohama b\u1edfi Rin\u2019emon Fujii, gi\u1eef m\u1ed9t vai tr\u00f2 quan tr\u1ecdng trong vi\u1ec7c \u0111\u1ecbnh h\u00ecnh ng\u00e0nh b\u00e1nh k\u1eb9o hi\u1ec7n \u0111\u1ea1i c\u1ee7a Nh\u1eadt B\u1ea3n. Nh\u1eafc \u0111\u1ebfn Fujiya kh\u00f4ng th\u1ec3 kh\u00f4ng nh\u1eafc \u0111\u1ebfn Peko-chan, linh v\u1eadt \u0111\u00e1ng y\u00eau ra \u0111\u1eddi v\u00e0o n\u0103m 1950. C\u00f4 b\u00e9 s\u00e1u tu\u1ed5i v\u1edbi m\u00e1i t\u00f3c t\u1ebft v\u00e0 h\u00e0nh \u0111\u1ed9ng th\u00e8 l\u01b0\u1ee1i tinh ngh\u1ecbch \u0111\u00e3 nhanh ch\u00f3ng tr\u1edf th\u00e0nh bi\u1ec3u t\u01b0\u1ee3ng qu\u1ed1c d\u00e2n, xu\u1ea5t hi\u1ec7n tr\u00ean h\u1ea7u h\u1ebft c\u00e1c s\u1ea3n ph\u1ea9m c\u1ee7a h\u00e3ng, bao g\u1ed3m c\u1ea3 K\u1eb9o M\u00fat Pop Candy. Peko-chan kh\u00f4ng \u0111\u01a1n thu\u1ea7n l\u00e0 m\u1ed9t nh\u00e2n v\u1eadt ho\u1ea1t h\u00ecnh m\u00e0 l\u00e0 \u0111\u1ea1i di\u1ec7n cho tinh th\u1ea7n vui v\u1ebb, ng\u00e2y th\u01a1, v\u00e0 ni\u1ec1m \u0111am m\u00ea b\u1ea5t t\u1eadn v\u1edbi \u0111\u1ed3 ng\u1ecdt, c\u1ee7ng c\u1ed1 h\u00ecnh \u1ea3nh m\u1ed9t th\u01b0\u01a1ng hi\u1ec7u th\u00e2n thi\u1ec7n v\u00e0 \u0111\u00e1ng tin c\u1eady.<\/p>\n<p><img fetchpriority=\"high\" decoding=\"async\" class=\"aligncenter  wp-image-43585\" src=\"https:\/\/havamall.com\/wp-content\/uploads\/2025\/12\/492568666_1429555861826003_763777679091178730_n.jpg\" alt=\"\" width=\"801\" height=\"1113\" \/><\/p>\n<h3>\u0110\u1eb6C \u0110I\u1ec2M N\u1ed4I B\u1eacT<\/h3>\n<p data-path-to-node=\"18\">K\u1eb9o c\u00f3 \u0111\u1ed9 c\u1ee9ng v\u1eeba ph\u1ea3i, tan d\u1ea7n trong mi\u1ec7ng, k\u00e9o d\u00e0i tr\u1ea3i nghi\u1ec7m th\u01b0\u1edfng th\u1ee9c. M\u1ed7i chi\u1ebfc k\u1eb9o \u0111\u01b0\u1ee3c \u0111\u00f3ng g\u00f3i ri\u00eang l\u1ebb, ti\u1ec7n l\u1ee3i \u0111\u1ec3 mang theo b\u00ean m\u00ecnh v\u00e0 th\u01b0\u1edfng th\u1ee9c b\u1ea5t c\u1ee9 l\u00fac n\u00e0o, \u0111\u1ed3ng th\u1eddi gi\u00fap b\u1ea3o qu\u1ea3n h\u01b0\u01a1ng v\u1ecb t\u1ed1t h\u01a1n. G\u00f3i K\u1eb9o M\u00fat Pop Candy Fujiya l\u00e0 m\u1ed9t tuy\u1ec3n t\u1eadp b\u1ed1n h\u01b0\u01a1ng v\u1ecb ph\u1ed5 bi\u1ebfn, mang \u0111\u1ebfn s\u1ef1 l\u1ef1a ch\u1ecdn phong ph\u00fa, kh\u00f4ng g\u00e2y nh\u00e0m ch\u00e1n cho ng\u01b0\u1eddi th\u01b0\u1edfng th\u1ee9c:<\/p>\n<p>\u2013\u00a0<b>V\u1ecb D\u00e2u T\u00e2y:<\/b>\u00a0Ng\u1ecdt ng\u00e0o, th\u01a1m l\u1eebng v\u00e0 quen thu\u1ed9c.<\/p>\n<p>\u2013\u00a0<b>V\u1ecb Nho:<\/b>\u00a0H\u01b0\u01a1ng th\u01a1m \u0111\u1eb7c tr\u01b0ng, chua nh\u1eb9, t\u01b0\u01a1i m\u1edbi.<\/p>\n<p>\u2013\u00a0<b>V\u1ecb Cam:<\/b>\u00a0V\u1ecb chua ng\u1ecdt c\u00e2n b\u1eb1ng, s\u1ea3ng kho\u00e1i, gi\u00e0u s\u1ee9c s\u1ed1ng.<\/p>\n<p>\u2013\u00a0<b>V\u1ecb Soda D\u01b0a L\u01b0\u1edbi (Melon Soda):<\/b>\u00a0\u0110\u1ed9c \u0111\u00e1o, the m\u00e1t, mang l\u1ea1i c\u1ea3m gi\u00e1c gi\u1ea3i kh\u00e1t th\u00fa v\u1ecb nh\u01b0 \u0111ang th\u01b0\u1edfng th\u1ee9c m\u1ed9t ly soda d\u01b0a l\u01b0\u1edbi.<\/p>\n<p><img decoding=\"async\" class=\"aligncenter  wp-image-43586\" src=\"https:\/\/havamall.com\/wp-content\/uploads\/2025\/12\/128409093_3485789228201679_8296946607624125487_n.jpg\" alt=\"\" width=\"801\" height=\"802\" \/><\/p>\n<h3>C\u00d4NG D\u1ee4NG B\u1ea2O V\u1ec6 R\u0102NG MI\u1ec6NG V\u00c0 DINH D\u01af\u1ee0NG<\/h3>\n<p data-path-to-node=\"21\">\u0110i\u1ec3m l\u00e0m n\u00ean s\u1ef1 kh\u00e1c bi\u1ec7t v\u01b0\u1ee3t tr\u1ed9i c\u1ee7a K\u1eb9o M\u00fat Fujiya Pop Candy so v\u1edbi c\u00e1c lo\u1ea1i k\u1eb9o m\u00fat th\u00f4ng th\u01b0\u1eddng n\u1eb1m \u1edf y\u1ebfu t\u1ed1 ch\u0103m s\u00f3c s\u1ee9c kh\u1ecfe r\u0103ng mi\u1ec7ng, m\u1ed9t m\u1ed1i quan t\u00e2m h\u00e0ng \u0111\u1ea7u c\u1ee7a c\u00e1c b\u1eadc cha m\u1eb9.<\/p>\n<p data-path-to-node=\"22,0,0\">\u2013 S\u1ea3n ph\u1ea9m \u0111\u01b0\u1ee3c b\u1ed5 sung Polyphenol chi\u1ebft xu\u1ea5t t\u1eeb Tr\u00e0 xanh. \u0110\u00e2y l\u00e0 m\u1ed9t nh\u00f3m ho\u1ea1t ch\u1ea5t t\u1ef1 nhi\u00ean n\u1ed5i ti\u1ebfng v\u1edbi kh\u1ea3 n\u0103ng ch\u1ed1ng oxy h\u00f3a m\u1ea1nh m\u1ebd. Trong l\u0129nh v\u1ef1c r\u0103ng mi\u1ec7ng, Polyphenol c\u00f3 t\u00e1c d\u1ee5ng \u1ee9c ch\u1ebf s\u1ef1 ph\u00e1t tri\u1ec3n c\u1ee7a vi khu\u1ea9n\u00a0<i>Streptococcus mutans<\/i>, lo\u1ea1i vi khu\u1ea9n ch\u00ednh g\u00e2y ra m\u1ea3ng b\u00e1m v\u00e0 s\u00e2u r\u0103ng. C\u01a1 ch\u1ebf ho\u1ea1t \u0111\u1ed9ng n\u00e0y gi\u00fap b\u1ea3o v\u1ec7 men r\u0103ng, l\u00e0m gi\u1ea3m nguy c\u01a1 h\u00ecnh th\u00e0nh axit g\u00e2y h\u1ea1i, gi\u1eef cho khoang mi\u1ec7ng lu\u00f4n s\u1ea1ch s\u1ebd v\u00e0 h\u01a1i th\u1edf th\u01a1m m\u00e1t.<\/p>\n<p data-path-to-node=\"22,1,0\">\u2013 Vi\u1ec7c k\u1ebft h\u1ee3p \u0110\u01b0\u1eddng Oligo (Oligosaccharide) trong th\u00e0nh ph\u1ea7n gi\u00fap gi\u1ea3m l\u01b0\u1ee3ng \u0111\u01b0\u1eddng th\u00f4ng th\u01b0\u1eddng m\u00e0 v\u1eabn \u0111\u1ea3m b\u1ea3o \u0111\u1ed9 ng\u1ecdt h\u1ea5p d\u1eabn. \u0110\u01b0\u1eddng Oligo l\u00e0 lo\u1ea1i \u0111\u01b0\u1eddng ti\u00eau h\u00f3a ch\u1eadm, kh\u00f4ng ph\u1ea3i l\u00e0 th\u1ee9c \u0103n l\u00fd t\u01b0\u1edfng cho vi khu\u1ea9n c\u00f3 h\u1ea1i trong mi\u1ec7ng, qua \u0111\u00f3 t\u0103ng c\u01b0\u1eddng kh\u1ea3 n\u0103ng th\u00e2n thi\u1ec7n v\u1edbi r\u0103ng c\u1ee7a s\u1ea3n ph\u1ea9m.<\/p>\n<p data-path-to-node=\"22,2,0\">\u2013 K\u1eb9o s\u1eed d\u1ee5ng n\u01b0\u1edbc \u00e9p tr\u00e1i c\u00e2y c\u00f4 \u0111\u1eb7c t\u1ef1 nhi\u00ean v\u00e0 m\u00e0u t\u1ef1 nhi\u00ean chi\u1ebft xu\u1ea5t t\u1eeb th\u1ef1c v\u1eadt (nh\u01b0 Anthocyanin, Gardenia, Carotenoid), kh\u00f4ng s\u1eed d\u1ee5ng h\u00f3a ch\u1ea5t hay ph\u1ea9m m\u00e0u t\u1ed5ng h\u1ee3p, \u0111\u1ea3m b\u1ea3o ti\u00eau chu\u1ea9n an to\u00e0n th\u1ef1c ph\u1ea9m nghi\u00eam ng\u1eb7t c\u1ee7a Nh\u1eadt B\u1ea3n.<\/p>\n<p data-path-to-node=\"22,2,0\"><img decoding=\"async\" class=\"aligncenter  wp-image-43587\" src=\"https:\/\/havamall.com\/wp-content\/uploads\/2025\/12\/20241007_o1O5TBCcq3.jpg\" alt=\"\" width=\"801\" height=\"793\" \/><\/p>\n<p data-path-to-node=\"22,2,0\">K\u1eb9o M\u00fat H\u1ed7n H\u1ee3p 4 V\u1ecb Chi\u1ebft Xu\u1ea5t Tr\u00e0 Xanh Nh\u1eadt B\u1ea3n Fujiya 20 Que\/122g \u2013 Pop Candy Mixed Fruits and Melon Soda hi\u1ec7n \u0111ang \u0111\u01b0\u1ee3c b\u00e1n t\u1ea1i Havamall<\/p>","protected":false},"excerpt":{"rendered":"<p>TH\u00d4NG TIN S\u1ea2N PH\u1ea8M Th\u01b0\u01a1ng Hi\u1ec7u Fujiya (\u4e0d\u4e8c\u5bb6) Xu\u1ea5t X\u1ee9 Nh\u1eadt B\u1ea3n Th\u00e0nh Ph\u1ea7n \u0110\u01b0\u1eddng, Siro tinh b\u1ed9t, Oligosaccharide, N\u01b0\u1edbc<\/p>","protected":false},"featured_media":43596,"comment_status":"open","ping_status":"closed","template":"","meta":[],"product_brand":[],"product_cat":[675,133],"product_tag":[],"class_list":{"0":"post-43595","1":"product","2":"type-product","3":"status-publish","4":"has-post-thumbnail","6":"product_cat-nhap-khau-nhat-ban","7":"product_cat-banh-keo-chocolate","9":"first","10":"instock","11":"sale","12":"shipping-taxable","13":"purchasable","14":"product-type-simple"},"_links":{"self":[{"href":"https:\/\/havamall.vn\/en\/wp-json\/wp\/v2\/product\/43595"}],"collection":[{"href":"https:\/\/havamall.vn\/en\/wp-json\/wp\/v2\/product"}],"about":[{"href":"https:\/\/havamall.vn\/en\/wp-json\/wp\/v2\/types\/product"}],"replies":[{"embeddable":true,"href":"https:\/\/havamall.vn\/en\/wp-json\/wp\/v2\/comments?post=43595"}],"version-history":[{"count":0,"href":"https:\/\/havamall.vn\/en\/wp-json\/wp\/v2\/product\/43595\/revisions"}],"wp:featuredmedia":[{"embeddable":true,"href":"https:\/\/havamall.vn\/en\/wp-json\/wp\/v2\/media\/43596"}],"wp:attachment":[{"href":"https:\/\/havamall.vn\/en\/wp-json\/wp\/v2\/media?parent=43595"}],"wp:term":[{"taxonomy":"product_brand","embeddable":true,"href":"https:\/\/havamall.vn\/en\/wp-json\/wp\/v2\/product_brand?post=43595"},{"taxonomy":"product_cat","embeddable":true,"href":"https:\/\/havamall.vn\/en\/wp-json\/wp\/v2\/product_cat?post=43595"},{"taxonomy":"product_tag","embeddable":true,"href":"https:\/\/havamall.vn\/en\/wp-json\/wp\/v2\/product_tag?post=43595"}],"curies":[{"name":"wp","href":"https:\/\/api.w.org\/{rel}","templated":true}]}}