{"id":43562,"date":"2025-11-28T09:13:53","date_gmt":"2025-11-28T02:13:53","guid":{"rendered":"https:\/\/havamall.vn\/?post_type=product&#038;p=43562"},"modified":"2025-11-28T09:13:54","modified_gmt":"2025-11-28T02:13:54","slug":"nui-khoai-tay-gnocchi-di-patate-nhap-khau-y-de-cecco-500g-potato-gnocchi-traditional","status":"publish","type":"product","link":"https:\/\/havamall.vn\/en\/shop\/nui-khoai-tay-gnocchi-di-patate-nhap-khau-y-de-cecco-500g-potato-gnocchi-traditional\/","title":{"rendered":"Nui Khoai T\u00e2y Gnocchi Di Patate Nh\u1eadp Kh\u1ea9u \u00dd De Cecco 500g \u2013 Potato Gnocchi Traditional"},"content":{"rendered":"<blockquote>\n<h3><em>TH\u00d4NG TIN S\u1ea2N PH\u1ea8M<\/em><\/h3>\n<\/blockquote>\n<div class=\"horizontal-scroll-wrapper\">\n<div class=\"table-block-component\">\n<div class=\"table-block has-export-button\">\n<div class=\"table-content not-end-of-paragraph\" data-hveid=\"0\" data-ved=\"0CAAQ3ecQahgKEwil6tzZ8YmRAxUAAAAAHQAAAAAQ-gQ\">\n<table style=\"width: 86.2933%;height: 237px\" data-path-to-node=\"12\">\n<tbody>\n<tr>\n<td data-path-to-node=\"12,1,0,0\"><b>Th\u01b0\u01a1ng Hi\u1ec7u<\/b><\/td>\n<td data-path-to-node=\"12,1,1,0\">De Cecco<\/td>\n<\/tr>\n<tr>\n<td data-path-to-node=\"12,2,0,0\"><b>Xu\u1ea5t X\u1ee9 (Tr\u00ean Tem Ph\u1ee5)<\/b><\/td>\n<td data-path-to-node=\"12,2,1,0\">\u00dd (Italy)<\/td>\n<\/tr>\n<tr>\n<td data-path-to-node=\"12,3,0,0\"><b>Th\u00e0nh Ph\u1ea7n<\/b><\/td>\n<td data-path-to-node=\"12,3,1,0\">Khoai T\u00e2y Nghi\u1ec1n (Khoai t\u00e2y, N\u01b0\u1edbc), B\u1ed9t M\u00ec Semolina ho\u1eb7c B\u1ed9t M\u00ec M\u1ec1m (Wheat Flour), Mu\u1ed1i, Ch\u1ea5t \u0111i\u1ec1u ch\u1ec9nh \u0111\u1ed9 acid (E330 &#8211; Citric Acid), Ch\u1ea5t b\u1ea3o qu\u1ea3n (E200 &#8211; Sorbic Acid).<\/td>\n<\/tr>\n<tr>\n<td data-path-to-node=\"12,4,0,0\"><b>H\u1ea1n S\u1eed D\u1ee5ng<\/b><\/td>\n<td data-path-to-node=\"12,4,1,0\">Chi ti\u1ebft theo NSX\/HSD in tr\u00ean bao b\u00ec<\/td>\n<\/tr>\n<tr>\n<td data-path-to-node=\"12,5,0,0\"><b>B\u1ea3o Qu\u1ea3n<\/b><\/td>\n<td data-path-to-node=\"12,5,1,0\">N\u01a1i kh\u00f4 r\u00e1o, tho\u00e1ng m\u00e1t (tr\u01b0\u1edbc khi m\u1edf). Sau khi m\u1edf, b\u1ea3o qu\u1ea3n l\u1ea1nh \u1edf\u00a0<span class=\"math-inline\" data-math=\"4^\\circ\\text{C}\"><span class=\"katex\"><span class=\"katex-html\" aria-hidden=\"true\"><span class=\"base\"><span class=\"mord\">4<span class=\"msupsub\"><span class=\"vlist-t\"><span class=\"vlist-r\"><span class=\"vlist\"><span class=\"\"><span class=\"sizing reset-size6 size3 mtight\"><span class=\"mbin mtight\">\u2218<\/span><\/span><\/span><\/span><\/span><\/span><\/span><\/span><span class=\"mord text\"><span class=\"mord\">C<\/span><\/span><\/span><\/span><\/span><\/span>\u00a0v\u00e0 s\u1eed d\u1ee5ng h\u1ebft trong v\u00f2ng 3 ng\u00e0y.<\/td>\n<\/tr>\n<tr>\n<td data-path-to-node=\"12,6,0,0\"><b>Kh\u1ed1i L\u01b0\u1ee3ng T\u1ecbnh<\/b><\/td>\n<td data-path-to-node=\"12,6,1,0\">500g<\/td>\n<\/tr>\n<\/tbody>\n<\/table>\n<p><b>Gnocchi<\/b>\u00a0(ph\u00e1t \u00e2m l\u00e0\u00a0<i>Nhi-\u00f4-ki<\/i>) l\u00e0 m\u1ed9t trong nh\u1eefng m\u00f3n \u0103n truy\u1ec1n th\u1ed1ng, l\u00e2u \u0111\u1eddi v\u00e0 \u0111\u01b0\u1ee3c y\u00eau th\u00edch nh\u1ea5t c\u1ee7a n\u1ec1n \u1ea9m th\u1ef1c \u00dd, \u0111\u1eb7c bi\u1ec7t ph\u1ed5 bi\u1ebfn t\u1ea1i c\u00e1c v\u00f9ng mi\u1ec1n B\u1eafc. Kh\u00f4ng ch\u1ec9 l\u00e0 m\u1ed9t lo\u1ea1i pasta, Gnocchi l\u00e0 nh\u1eefng vi\u00ean\u00a0<i>dumpling<\/i>\u00a0(b\u00e1nh b\u1ed9t vi\u00ean) nh\u1ecf, m\u1ec1m, \u0111\u01b0\u1ee3c ch\u1ebf bi\u1ebfn ch\u1ee7 y\u1ebfu t\u1eeb khoai t\u00e2y nghi\u1ec1n v\u00e0 b\u1ed9t m\u00ec. L\u1ecbch s\u1eed c\u1ee7a Gnocchi b\u1eaft ngu\u1ed3n t\u1eeb th\u1eddi k\u1ef3 m\u00e0 khoai t\u00e2y \u0111\u01b0\u1ee3c \u0111\u01b0a v\u00e0o ch\u00e2u \u00c2u, nhanh ch\u00f3ng tr\u1edf th\u00e0nh th\u1ef1c ph\u1ea9m ch\u1ee7 l\u1ef1c v\u00e0 \u0111\u01b0\u1ee3c ng\u01b0\u1eddi d\u00e2n \u00dd bi\u1ebfn t\u1ea5u th\u00e0nh m\u1ed9t m\u00f3n \u0103n tinh t\u1ebf, mang \u0111\u1eadm t\u00ednh d\u00e2n d\u00e3 nh\u01b0ng v\u00f4 c\u00f9ng quy\u1ebfn r\u0169.<\/p>\n<p><img fetchpriority=\"high\" decoding=\"async\" class=\"aligncenter  wp-image-43539\" src=\"https:\/\/havamall.com\/wp-content\/uploads\/2025\/11\/shutterstock_380467537.webp\" alt=\"\" width=\"801\" height=\"801\" \/><\/p>\n<\/div>\n<div class=\"table-footer hide-from-message-actions ng-star-inserted\">\n<p data-path-to-node=\"17\">Th\u01b0\u01a1ng hi\u1ec7u\u00a0<b>De Cecco<\/b>, v\u1edbi l\u1ecbch s\u1eed &#8220;Mugnai dal 1831&#8221; (Nh\u00e0 m\u00e1y xay t\u1eeb n\u0103m 1831), l\u00e0 m\u1ed9t trong nh\u1eefng t\u00ean tu\u1ed5i v\u0129 \u0111\u1ea1i nh\u1ea5t c\u1ee7a ng\u00e0nh c\u00f4ng nghi\u1ec7p m\u00ec \u1ed1ng \u00dd. De Cecco lu\u00f4n n\u1ed5i ti\u1ebfng v\u1edbi cam k\u1ebft s\u1eed d\u1ee5ng nguy\u00ean li\u1ec7u ch\u1ea5t l\u01b0\u1ee3ng cao, bao g\u1ed3m l\u00faa m\u00ec Semolina ch\u1ea5t l\u01b0\u1ee3ng v\u00e0 quy tr\u00ecnh s\u1ea3n xu\u1ea5t \u0111\u01b0\u1ee3c ki\u1ec3m so\u00e1t ch\u1eb7t ch\u1ebd. Vi\u1ec7c s\u1ea3n xu\u1ea5t Gnocchi di Patate c\u1ee7a De Cecco kh\u00f4ng ch\u1ec9 l\u00e0 ch\u1ebf bi\u1ebfn m\u00e0 c\u00f2n l\u00e0 s\u1ef1 b\u1ea3o t\u1ed3n c\u00f4ng th\u1ee9c truy\u1ec1n th\u1ed1ng, mang \u0111\u1ebfn cho ng\u01b0\u1eddi ti\u00eau d\u00f9ng tr\u00ean to\u00e0n th\u1ebf gi\u1edbi h\u01b0\u01a1ng v\u1ecb Gnocchi chu\u1ea9n m\u1ef1c, nh\u01b0 \u0111\u01b0\u1ee3c l\u00e0m th\u1ee7 c\u00f4ng t\u1ea1i c\u0103n b\u1ebfp \u00dd.<\/p>\n<p data-path-to-node=\"17\"><img decoding=\"async\" class=\"aligncenter\" src=\"https:\/\/havamall.com\/wp-content\/uploads\/2025\/11\/41899_MicrosoftTeams-image-12.jpg\" alt=\"De Cecco Italian Pasta since 1831 | Official Site De Cecco United Kingdom\" width=\"800\" height=\"420\" \/><\/p>\n<blockquote>\n<p data-path-to-node=\"17\"><span style=\"font-size: 14pt\"><em><b>\u0110\u1eb6C \u0110I\u1ec2M N\u1ed4I B\u1eacT<\/b><\/em><\/span><\/p>\n<\/blockquote>\n<p data-path-to-node=\"20,0,0\"><b>\u2013\u00a0NGUY\u00caN LI\u1ec6U CH\u00cdNH T\u1eea KHOAI T\u00c2Y CH\u1ea4T L\u01af\u1ee2NG:<\/b>\u00a0De Cecco s\u1eed d\u1ee5ng t\u1ef7 l\u1ec7 khoai t\u00e2y nghi\u1ec1n cao, mang l\u1ea1i h\u01b0\u01a1ng v\u1ecb th\u01a1m t\u1ef1 nhi\u00ean, b\u00e9o nh\u1eb9 v\u00e0 k\u1ebft c\u1ea5u m\u1ec1m m\u1ecbn \u0111\u1eb7c tr\u01b0ng c\u1ee7a Gnocchi truy\u1ec1n th\u1ed1ng. Nh\u1eefng vi\u00ean Gnocchi \u0111\u01b0\u1ee3c n\u1eb7n tr\u00f2n, c\u00f3 h\u00ecnh d\u00e1ng t\u1ef1a nh\u01b0 nh\u1eefng chi\u1ebfc g\u1ed1i nh\u1ecf xinh x\u1eafn.<\/p>\n<p data-path-to-node=\"20,1,0\"><b>\u2013\u00a0S\u1ef0 KH\u00c1C BI\u1ec6T TRONG K\u1ebeT C\u1ea4U:<\/b>\u00a0Kh\u00e1c bi\u1ec7t ho\u00e0n to\u00e0n so v\u1edbi m\u00ec \u1ed1ng kh\u00f4, Gnocchi De Cecco m\u1ec1m, d\u1ebbo v\u00e0 c\u00f3 \u0111\u1ed9 x\u1ed1p nh\u1eb9 khi \u0103n, tan ch\u1ea3y tinh t\u1ebf trong mi\u1ec7ng. B\u1ec1 m\u1eb7t c\u1ee7a Gnocchi th\u01b0\u1eddng c\u00f3 c\u00e1c \u0111\u01b0\u1eddng r\u00e3nh nh\u1eb9 (<i>rigate<\/i>) ho\u1eb7c v\u00e2n nh\u1ecf, \u0111\u01b0\u1ee3c thi\u1ebft k\u1ebf \u0111\u1ec3 t\u1ed1i \u01b0u h\u00f3a kh\u1ea3 n\u0103ng b\u00e1m d\u00ednh c\u1ee7a n\u01b0\u1edbc s\u1ed1t, gi\u00fap m\u00f3n \u0103n tr\u1ecdn v\u1eb9n h\u01b0\u01a1ng v\u1ecb.<\/p>\n<p data-path-to-node=\"20,2,0\"><b>\u2013\u00a0T\u1ed0C \u0110\u1ed8 CH\u1ebe BI\u1ebeN K\u1ef6 L\u1ee4C:<\/b>\u00a0\u0110i\u1ec3m m\u1ea1nh v\u01b0\u1ee3t tr\u1ed9i c\u1ee7a s\u1ea3n ph\u1ea9m l\u00e0 s\u1ef1 ti\u1ec7n l\u1ee3i t\u1ed1i \u0111a. V\u1edbi c\u00f4ng ngh\u1ec7 \u0111\u00f3ng g\u00f3i hi\u1ec7n \u0111\u1ea1i (Modified Atmosphere Packaging), Gnocchi \u0111\u00e3 \u0111\u01b0\u1ee3c l\u00e0m ch\u00edn s\u01a1 v\u00e0 \u0111\u00f3ng g\u00f3i k\u00edn kh\u00ed, cho ph\u00e9p ng\u01b0\u1eddi d\u00f9ng chu\u1ea9n b\u1ecb m\u00f3n \u0103n ch\u1ec9 trong\u00a0<b>2 PH\u00daT<\/b>. Khi cho v\u00e0o n\u01b0\u1edbc s\u00f4i, Gnocchi s\u1ebd ch\u00edn ho\u00e0n to\u00e0n v\u00e0 n\u1ed5i l\u00ean m\u1eb7t n\u01b0\u1edbc, b\u00e1o hi\u1ec7u s\u1eb5n s\u00e0ng \u0111\u1ec3 th\u01b0\u1edfng th\u1ee9c.<\/p>\n<p data-path-to-node=\"20,3,0\"><b>\u2013\u00a0S\u1ea2N PH\u1ea8M KH\u00d4NG CH\u1ee8A TR\u1ee8NG:<\/b>\u00a0H\u1ea7u h\u1ebft Gnocchi c\u1ee7a De Cecco kh\u00f4ng s\u1eed d\u1ee5ng tr\u1ee9ng, l\u00e0m t\u0103ng t\u00ednh linh ho\u1ea1t v\u00e0 ph\u00f9 h\u1ee3p v\u1edbi nhi\u1ec1u \u0111\u1ed1i t\u01b0\u1ee3ng ng\u01b0\u1eddi d\u00f9ng, bao g\u1ed3m c\u1ea3 nh\u1eefng ng\u01b0\u1eddi theo ch\u1ebf \u0111\u1ed9 \u0103n ki\u00eang c\u00f3 h\u1ea1n ch\u1ebf v\u1ec1 tr\u1ee9ng.<\/p>\n<p data-path-to-node=\"20,3,0\"><img decoding=\"async\" class=\"aligncenter  wp-image-43540\" src=\"https:\/\/havamall.com\/wp-content\/uploads\/2025\/11\/Ricotta-Potato-Gnocchi-_-Recipe-Detailed-Page.webp\" alt=\"\" width=\"800\" height=\"572\" \/><\/p>\n<blockquote><p><span style=\"font-size: 14pt\"><em><b>GI\u00c1 TR\u1eca DINH D\u01af\u1ee0NG<\/b><\/em><\/span><\/p><\/blockquote>\n<p data-path-to-node=\"23,0,0\"><b>\u2013\u00a0NGU\u1ed2N TINH B\u1ed8T PH\u1ee8C H\u1ee2P V\u00c0 D\u1ec4 TI\u00caU H\u00d3A:<\/b>\u00a0Khoai t\u00e2y cung c\u1ea5p tinh b\u1ed9t ph\u1ee9c h\u1ee3p, l\u00e0 ngu\u1ed3n n\u0103ng l\u01b0\u1ee3ng b\u1ec1n v\u1eefng cho c\u01a1 th\u1ec3. Gnocchi \u0111\u01b0\u1ee3c xem l\u00e0 m\u00f3n \u0103n d\u1ec5 ti\u00eau h\u00f3a h\u01a1n, l\u00fd t\u01b0\u1edfng cho nh\u1eefng ng\u01b0\u1eddi c\u00f3 h\u1ec7 ti\u00eau h\u00f3a nh\u1ea1y c\u1ea3m.<\/p>\n<p data-path-to-node=\"23,1,0\"><b>\u2013\u00a0GI\u00c0U KALI V\u00c0 VITAMIN C:<\/b>\u00a0Khoai t\u00e2y l\u00e0 ngu\u1ed3n cung c\u1ea5p Kali tuy\u1ec7t v\u1eddi, m\u1ed9t kho\u00e1ng ch\u1ea5t quan tr\u1ecdng gi\u00fap \u0111i\u1ec1u h\u00f2a huy\u1ebft \u00e1p v\u00e0 h\u1ed7 tr\u1ee3 ch\u1ee9c n\u0103ng tim m\u1ea1ch. \u0110\u1ed3ng th\u1eddi, Gnocchi c\u0169ng mang l\u1ea1i m\u1ed9t l\u01b0\u1ee3ng nh\u1ea5t \u0111\u1ecbnh Vitamin C, m\u1eb7c d\u00f9 \u0111\u00e3 qua ch\u1ebf bi\u1ebfn, v\u1eabn h\u1ed7 tr\u1ee3 mi\u1ec5n d\u1ecbch.<\/p>\n<p data-path-to-node=\"23,2,0\"><b>\u2013\u00a0C\u1ea2M GI\u00c1C NO L\u00c2U V\u00c0 KI\u1ec2M SO\u00c1T KH\u1ea8U PH\u1ea6N:<\/b>\u00a0Nh\u1edd th\u00e0nh ph\u1ea7n khoai t\u00e2y, Gnocchi mang l\u1ea1i c\u1ea3m gi\u00e1c no l\u00e2u h\u01a1n, gi\u00fap ki\u1ec3m so\u00e1t kh\u1ea9u ph\u1ea7n \u0103n hi\u1ec7u qu\u1ea3. Kh\u1ed1i l\u01b0\u1ee3ng 500g \u0111\u00e3 \u0111\u01b0\u1ee3c chia th\u00e0nh 4 ph\u1ea7n \u0103n (4 Porzioni) tr\u00ean bao b\u00ec, gi\u00fap ng\u01b0\u1eddi d\u00f9ng d\u1ec5 d\u00e0ng \u0111\u1ecbnh l\u01b0\u1ee3ng.<\/p>\n<p data-path-to-node=\"23,2,0\"><img loading=\"lazy\" decoding=\"async\" class=\"aligncenter  wp-image-43541\" src=\"https:\/\/havamall.com\/wp-content\/uploads\/2025\/11\/Potato-Gnocchi_2025_Lifestyle_ALT_H_045.avif\" alt=\"\" width=\"800\" height=\"533\" \/><\/p>\n<blockquote>\n<p data-path-to-node=\"24\"><span style=\"font-size: 14pt\"><em><b>C\u00c1CH TH\u01af\u1edeNG TH\u1ee8C V\u00c0 K\u1ebeT H\u1ee2P TRUY\u1ec0N TH\u1ed0NG \u00dd<\/b><\/em><\/span><\/p>\n<\/blockquote>\n<p data-path-to-node=\"26\">\u2013\u00a0<b>S\u1ed0T PESTO V\u00c0 B\u01a0\/X\u00d4 TH\u01a0M:<\/b>\u00a0\u0110\u00e2y l\u00e0 hai c\u00e1ch k\u1ebft h\u1ee3p kinh \u0111i\u1ec3n. S\u1ed1t Pesto Genovese t\u01b0\u01a1i m\u00e1t (t\u1eeb h\u00fang qu\u1ebf, h\u1ea1t th\u00f4ng, pho m\u00e1t Parmesan) ho\u1eb7c s\u1ed1t B\u01a1 S\u00f4 Th\u01a1m (Butter and Sage) b\u00e9o ng\u1eady, th\u01a1m l\u1eebng l\u00e0 l\u1ef1a ch\u1ecdn ho\u00e0n h\u1ea3o, th\u01b0\u1eddng \u0111\u01b0\u1ee3c d\u00f9ng \u1edf mi\u1ec1n B\u1eafc n\u01b0\u1edbc \u00dd.<\/p>\n<p data-path-to-node=\"27\">\u2013\u00a0<b>S\u1ed0T C\u00c0 CHUA C\u01a0 B\u1ea2N (POMODORO):<\/b>\u00a0N\u01b0\u1edbc s\u1ed1t c\u00e0 chua t\u01b0\u01a1i v\u1edbi h\u00fang qu\u1ebf v\u00e0 m\u1ed9t ch\u00fat pho m\u00e1t Mozzarella t\u01b0\u01a1i l\u00e0 c\u00e1ch \u0111\u01a1n gi\u1ea3n nh\u1ea5t \u0111\u1ec3 th\u01b0\u1edfng th\u1ee9c tr\u1ecdn v\u1eb9n h\u01b0\u01a1ng v\u1ecb t\u1ef1 nhi\u00ean c\u1ee7a Gnocchi.<\/p>\n<p data-path-to-node=\"28\">\u2013\u00a0<b>C\u00c1CH N\u1ea4U \u0110\u01a0N GI\u1ea2N NH\u1ea4T:<\/b>\u00a0* \u0110un s\u00f4i n\u01b0\u1edbc v\u1edbi m\u1ed9t ch\u00fat mu\u1ed1i. * Cho Gnocchi v\u00e0o v\u00e0 khu\u1ea5y nh\u1eb9. * Khi Gnocchi n\u1ed5i l\u00ean m\u1eb7t n\u01b0\u1edbc (ch\u1ec9 sau 2 ph\u00fat), v\u1edbt ra. * Tr\u1ed9n ngay l\u1eadp t\u1ee9c v\u1edbi n\u01b0\u1edbc s\u1ed1t n\u00f3ng \u0111\u00e3 chu\u1ea9n b\u1ecb.<\/p>\n<p data-path-to-node=\"28\"><img loading=\"lazy\" decoding=\"async\" class=\"aligncenter  wp-image-43542\" src=\"https:\/\/havamall.com\/wp-content\/uploads\/2025\/11\/gnocchi-with-roasted-pumpkin-and-goats-curd-83378-1-scaled.webp\" alt=\"\" width=\"801\" height=\"534\" \/><\/p>\n<p data-path-to-node=\"28\"><em><strong>S\u1ea3n ph\u1ea9m Nui Khoai T\u00e2y Gnocchi Di Patate De Cecco ch\u00ednh h\u00e3ng \u0111ang \u0111\u01b0\u1ee3c b\u00e1n t\u1ea1i Havamall.<\/strong><\/em><\/p>\n<\/div>\n<\/div>\n<\/div>\n<\/div>","protected":false},"excerpt":{"rendered":"<p>TH\u00d4NG TIN S\u1ea2N PH\u1ea8M Th\u01b0\u01a1ng Hi\u1ec7u De Cecco Xu\u1ea5t X\u1ee9 (Tr\u00ean Tem Ph\u1ee5) \u00dd (Italy) Th\u00e0nh Ph\u1ea7n Khoai T\u00e2y Nghi\u1ec1n<\/p>","protected":false},"featured_media":43563,"comment_status":"open","ping_status":"closed","template":"","meta":[],"product_brand":[],"product_cat":[672,134],"product_tag":[],"class_list":{"0":"post-43562","1":"product","2":"type-product","3":"status-publish","4":"has-post-thumbnail","6":"product_cat-nhap-khau-y","7":"product_cat-thucpham-saykho","9":"first","10":"instock","11":"sale","12":"shipping-taxable","13":"purchasable","14":"product-type-simple"},"_links":{"self":[{"href":"https:\/\/havamall.vn\/en\/wp-json\/wp\/v2\/product\/43562"}],"collection":[{"href":"https:\/\/havamall.vn\/en\/wp-json\/wp\/v2\/product"}],"about":[{"href":"https:\/\/havamall.vn\/en\/wp-json\/wp\/v2\/types\/product"}],"replies":[{"embeddable":true,"href":"https:\/\/havamall.vn\/en\/wp-json\/wp\/v2\/comments?post=43562"}],"version-history":[{"count":0,"href":"https:\/\/havamall.vn\/en\/wp-json\/wp\/v2\/product\/43562\/revisions"}],"wp:featuredmedia":[{"embeddable":true,"href":"https:\/\/havamall.vn\/en\/wp-json\/wp\/v2\/media\/43563"}],"wp:attachment":[{"href":"https:\/\/havamall.vn\/en\/wp-json\/wp\/v2\/media?parent=43562"}],"wp:term":[{"taxonomy":"product_brand","embeddable":true,"href":"https:\/\/havamall.vn\/en\/wp-json\/wp\/v2\/product_brand?post=43562"},{"taxonomy":"product_cat","embeddable":true,"href":"https:\/\/havamall.vn\/en\/wp-json\/wp\/v2\/product_cat?post=43562"},{"taxonomy":"product_tag","embeddable":true,"href":"https:\/\/havamall.vn\/en\/wp-json\/wp\/v2\/product_tag?post=43562"}],"curies":[{"name":"wp","href":"https:\/\/api.w.org\/{rel}","templated":true}]}}