{"id":43534,"date":"2025-11-25T14:13:14","date_gmt":"2025-11-25T07:13:14","guid":{"rendered":"https:\/\/havamall.vn\/?post_type=product&#038;p=43534"},"modified":"2025-11-25T14:13:14","modified_gmt":"2025-11-25T07:13:14","slug":"man-den-say-kho-loai-nguyen-chat-nhap-khau-nga-dary-prirody-150g-prunes-dried-natural-russian","status":"publish","type":"product","link":"https:\/\/havamall.vn\/en\/shop\/man-den-say-kho-loai-nguyen-chat-nhap-khau-nga-dary-prirody-150g-prunes-dried-natural-russian\/","title":{"rendered":"M\u1eadn \u0110en S\u1ea5y Kh\u00f4 Lo\u1ea1i Nguy\u00ean Ch\u1ea5t Nh\u1eadp Kh\u1ea9u Nga Dary Prirody 150g \u2013 Prunes Dried Natural Russian"},"content":{"rendered":"<blockquote>\n<h3><em>TH\u00d4NG TIN S\u1ea2N PH\u1ea8M<\/em><\/h3>\n<\/blockquote>\n<table style=\"width: 65.3333%;height: 173px\" data-path-to-node=\"11\">\n<tbody>\n<tr>\n<td data-path-to-node=\"11,1,0,0\"><b>Th\u01b0\u01a1ng Hi\u1ec7u<\/b><\/td>\n<td data-path-to-node=\"11,1,1,0\">Dary Prirody (\u0414\u0430\u0440\u044b \u043f\u0440\u0438\u0440\u043e\u0434\u044b \u2013 Qu\u00e0 T\u1eb7ng C\u1ee7a T\u1ef1 Nhi\u00ean)<\/td>\n<\/tr>\n<tr>\n<td data-path-to-node=\"11,2,0,0\"><b>Xu\u1ea5t X\u1ee9<\/b><\/td>\n<td data-path-to-node=\"11,2,1,0\">Li\u00ean Bang Nga<\/td>\n<\/tr>\n<tr>\n<td data-path-to-node=\"11,3,0,0\"><b>Th\u00e0nh Ph\u1ea7n<\/b><\/td>\n<td data-path-to-node=\"11,3,1,0\">100% Qu\u1ea3 M\u1eadn \u0110en T\u1ef1 Nhi\u00ean, \u0110\u00e3 B\u1ecf H\u1ea1t, S\u1ea5y Kh\u00f4<\/td>\n<\/tr>\n<tr>\n<td data-path-to-node=\"11,4,0,0\"><b>H\u1ea1n S\u1eed D\u1ee5ng<\/b><\/td>\n<td data-path-to-node=\"11,4,1,0\">12 th\u00e1ng (K\u1ec3 t\u1eeb ng\u00e0y s\u1ea3n xu\u1ea5t)<\/td>\n<\/tr>\n<tr>\n<td data-path-to-node=\"11,5,0,0\"><b>B\u1ea3o Qu\u1ea3n<\/b><\/td>\n<td data-path-to-node=\"11,5,1,0\">B\u1ea3o qu\u1ea3n n\u01a1i kh\u00f4 r\u00e1o, tho\u00e1ng m\u00e1t (Nhi\u1ec7t \u0111\u1ed9 ph\u00f2ng). \u0110\u00f3ng k\u00edn bao b\u00ec ngay sau khi m\u1edf.<\/td>\n<\/tr>\n<tr>\n<td data-path-to-node=\"11,6,0,0\"><b>Kh\u1ed1i L\u01b0\u1ee3ng T\u1ecbnh<\/b><\/td>\n<td data-path-to-node=\"11,6,1,0\">150g<\/td>\n<\/tr>\n<\/tbody>\n<\/table>\n<p data-path-to-node=\"15\">Th\u01b0\u01a1ng hi\u1ec7u\u00a0<b>Dary Prirody<\/b>\u00a0ti\u1ebfp t\u1ee5c kh\u1eb3ng \u0111\u1ecbnh tri\u1ebft l\u00fd &#8220;Qu\u00e0 T\u1eb7ng C\u1ee7a T\u1ef1 Nhi\u00ean&#8221; v\u1edbi s\u1ea3n ph\u1ea9m M\u1eadn \u0110en S\u1ea5y Kh\u00f4. \u0110i\u1ec3m \u0111\u1eb7c bi\u1ec7t l\u00e0m n\u00ean gi\u00e1 tr\u1ecb c\u1ee7a s\u1ea3n ph\u1ea9m n\u00e0y ch\u00ednh l\u00e0 cam k\u1ebft\u00a0<b>&#8220;\u0412\u044b\u0440\u0430\u0449\u0435\u043d\u043e \u0438 \u0438\u0437\u0433\u043e\u0442\u043e\u0432\u043b\u0435\u043d\u043e \u0432 \u0420\u043e\u0441\u0441\u0438\u0438&#8221;<\/b>\u00a0(\u0110\u01b0\u1ee3c tr\u1ed3ng v\u00e0 s\u1ea3n xu\u1ea5t t\u1ea1i Nga). \u0110i\u1ec1u n\u00e0y ch\u1ee9ng minh ngu\u1ed3n g\u1ed1c nguy\u00ean li\u1ec7u s\u1ea1ch, \u0111\u01b0\u1ee3c ch\u0103m s\u00f3c tr\u00ean nh\u1eefng c\u00e1nh \u0111\u1ed3ng m\u00e0u m\u1ee1 c\u1ee7a x\u1ee9 s\u1edf B\u1ea1ch D\u01b0\u01a1ng, tu\u00e2n th\u1ee7 c\u00e1c ti\u00eau chu\u1ea9n nghi\u00eam ng\u1eb7t c\u1ee7a n\u00f4ng nghi\u1ec7p Nga.<\/p>\n<p data-path-to-node=\"15\"><img fetchpriority=\"high\" decoding=\"async\" class=\"aligncenter  wp-image-43499\" src=\"https:\/\/havamall.com\/wp-content\/uploads\/2025\/11\/\u0447\u0435\u0440\u043d\u043e\u0441\u043b\u0438\u0432_\u0433\u043e\u0440\u043d\u044b\u0439_\u0441_\u043a\u043e\u0441\u0442\u043e\u0447\u043a\u043e\u0439_\u043c\u0430\u043a\u0440\u043e.jpg\" alt=\"\" width=\"801\" height=\"801\" \/><\/p>\n<p data-path-to-node=\"16\">M\u1eadn kh\u00f4, hay\u00a0<i>Chernosliv<\/i>\u00a0trong ti\u1ebfng Nga, kh\u00f4ng ch\u1ec9 l\u00e0 m\u00f3n tr\u00e1ng mi\u1ec7ng m\u00e0 c\u00f2n l\u00e0 m\u1ed9t nguy\u00ean li\u1ec7u truy\u1ec1n th\u1ed1ng trong \u1ea9m th\u1ef1c \u0110\u00f4ng \u00c2u, \u0111\u01b0\u1ee3c s\u1eed d\u1ee5ng trong c\u00e1c m\u00f3n h\u1ea7m, m\u00f3n n\u01b0\u1edbng v\u00e0 c\u00e1c lo\u1ea1i b\u00e1nh ng\u1ecdt t\u1eeb nhi\u1ec1u th\u1ebf k\u1ef7. Vi\u1ec7c s\u1ea3n xu\u1ea5t m\u1eadn s\u1ea5y kh\u00f4 t\u1ea1i Nga, d\u01b0\u1edbi s\u1ef1 ki\u1ec3m so\u00e1t c\u1ee7a Dary Prirody, \u0111\u1ea3m b\u1ea3o quy tr\u00ecnh ch\u1ebf bi\u1ebfn \u0111\u01b0\u1ee3c th\u1ef1c hi\u1ec7n m\u1ed9t c\u00e1ch t\u1ef1 nhi\u00ean nh\u1ea5t, t\u1eeb kh\u00e2u thu ho\u1ea1ch \u0111\u1ebfn s\u1ea5y kh\u00f4, gi\u00fap gi\u1eef tr\u1ecdn v\u1eb9n h\u01b0\u01a1ng v\u1ecb t\u1ef1 nhi\u00ean v\u00e0 c\u00e1c d\u01b0\u1ee1ng ch\u1ea5t qu\u00fd gi\u00e1 c\u1ee7a qu\u1ea3 m\u1eadn t\u01b0\u01a1i.<\/p>\n<p data-path-to-node=\"16\"><img decoding=\"async\" class=\"aligncenter  wp-image-43500\" src=\"https:\/\/havamall.com\/wp-content\/uploads\/2025\/11\/4886369952_w640_h640_4886369952.webp\" alt=\"\" width=\"803\" height=\"701\" \/><\/p>\n<blockquote>\n<p data-path-to-node=\"16\"><em><span style=\"font-size: 14pt\"><b>TI\u00caU CHU\u1ea8N CH\u1eccN L\u1eccC CHU\u1ea8N M\u1ef0C<\/b><\/span><\/em><\/p>\n<\/blockquote>\n<p data-path-to-node=\"19,0,0\"><b>\u2013 CH\u1ea4T L\u01af\u1ee2NG N\u00d4NG S\u1ea2N N\u1ed8I \u0110\u1ecaA:<\/b>\u00a0Vi\u1ec7c m\u1eadn \u0111\u01b0\u1ee3c tr\u1ed3ng v\u00e0 ch\u1ebf bi\u1ebfn ngay t\u1ea1i Nga cho ph\u00e9p th\u01b0\u01a1ng hi\u1ec7u ki\u1ec3m so\u00e1t ch\u1ea5t l\u01b0\u1ee3ng t\u1eeb kh\u00e2u gieo tr\u1ed3ng, \u0111\u1ea3m b\u1ea3o m\u1eadn \u0111\u01b0\u1ee3c thu ho\u1ea1ch \u1edf \u0111\u1ed9 ch\u00edn ho\u00e0n h\u1ea3o, khi h\u00e0m l\u01b0\u1ee3ng \u0111\u01b0\u1eddng v\u00e0 ch\u1ea5t ch\u1ed1ng oxy h\u00f3a \u0111\u1ea1t m\u1ee9c cao nh\u1ea5t.<\/p>\n<p data-path-to-node=\"19,1,0\"><b>\u2013 M\u1ec0M D\u1ebaO T\u1ef0 NHI\u00caN V\u00c0 \u0110\u1eacM \u0110\u00c0 H\u01af\u01a0NG V\u1eca:<\/b>\u00a0S\u1ea3n ph\u1ea9m \u0111\u01b0\u1ee3c s\u1ea5y kh\u00f4 b\u1eb1ng k\u1ef9 thu\u1eadt ti\u00ean ti\u1ebfn, gi\u00fap lo\u1ea1i b\u1ecf \u0111\u1ed9 \u1ea9m m\u00e0 v\u1eabn gi\u1eef \u0111\u01b0\u1ee3c \u0111\u1ed9 m\u1ec1m d\u1ebbo \u0111\u1eb7c tr\u01b0ng c\u1ee7a th\u1ecbt qu\u1ea3. M\u1eadn c\u00f3 m\u00e0u \u0111en \u00e1nh t\u00edm, b\u1ec1 m\u1eb7t b\u00f3ng m\u01b0\u1ee3t, mang v\u1ecb ng\u1ecdt t\u1ef1 nhi\u00ean s\u00e2u l\u1eafng c\u00f9ng h\u01b0\u01a1ng th\u01a1m nh\u1eb9, ho\u00e0n to\u00e0n kh\u00f4ng c\u00f3 v\u1ecb ch\u00e1t.<\/p>\n<p data-path-to-node=\"19,2,0\"><b>\u2013 CAM K\u1ebeT B\u1ea2O T\u1ed2N S\u1ef0 TINH KHI\u1ebeT:<\/b>\u00a0Gi\u1ed1ng nh\u01b0 c\u00e1c s\u1ea3n ph\u1ea9m kh\u00e1c c\u1ee7a Dary Prirody, M\u1eadn S\u1ea5y Kh\u00f4 tu\u00e2n th\u1ee7 ti\u00eau chu\u1ea9n &#8220;Ba Kh\u00f4ng&#8221; kh\u1eafc khe: \u2013\u00a0<b>Kh\u00f4ng GMO:<\/b>\u00a0\u0110\u1ea3m b\u1ea3o ngu\u1ed3n gen s\u1ea1ch, an to\u00e0n. \u2013\u00a0<b>Kh\u00f4ng ch\u1ea5t t\u0103ng c\u01b0\u1eddng h\u01b0\u01a1ng v\u1ecb:<\/b>\u00a0H\u01b0\u01a1ng v\u1ecb ho\u00e0n to\u00e0n t\u1ef1 nhi\u00ean c\u1ee7a tr\u00e1i m\u1eadn. \u2013\u00a0<b>Kh\u00f4ng ch\u1ea5t t\u1ea1o m\u00e0u nh\u00e2n t\u1ea1o:<\/b>\u00a0Gi\u1eef m\u00e0u \u0111en s\u1eabm t\u1ef1 nhi\u00ean c\u1ee7a v\u1ecf qu\u1ea3.<\/p>\n<p data-path-to-node=\"19,3,0\"><b>\u2013 S\u1ea2N PH\u1ea8M \u0110\u00c3 \u0110\u01af\u1ee2C B\u1ece H\u1ea0T:<\/b>\u00a0Vi\u1ec7c lo\u1ea1i b\u1ecf h\u1ea1t gi\u00fap qu\u00e1 tr\u00ecnh th\u01b0\u1edfng th\u1ee9c tr\u1edf n\u00ean d\u1ec5 d\u00e0ng v\u00e0 ti\u1ec7n l\u1ee3i h\u01a1n, \u0111\u1eb7c bi\u1ec7t ph\u00f9 h\u1ee3p \u0111\u1ec3 \u0103n tr\u1ef1c ti\u1ebfp ho\u1eb7c s\u1eed d\u1ee5ng trong ch\u1ebf bi\u1ebfn c\u00e1c m\u00f3n \u0103n, b\u00e1nh k\u1eb9o.<\/p>\n<p data-path-to-node=\"19,3,0\"><img decoding=\"async\" class=\"aligncenter  wp-image-43501\" src=\"https:\/\/havamall.com\/wp-content\/uploads\/2025\/11\/orig.webp\" alt=\"\" width=\"801\" height=\"801\" \/><\/p>\n<blockquote>\n<p data-path-to-node=\"19,3,0\"><span style=\"font-size: 14pt\"><em><b>C\u00d4NG D\u1ee4NG H\u1ed6 TR\u1ee2 S\u1ee8C KH\u1eceE TI\u00caU H\u00d3A<\/b><\/em><\/span><\/p>\n<\/blockquote>\n<p data-path-to-node=\"22,0,0\"><b>\u2013 &#8220;V\u1eca THU\u1ed0C&#8221; T\u1ef0 NHI\u00caN CHO H\u1ec6 TI\u00caU H\u00d3A:<\/b>\u00a0M\u1eadn kh\u00f4 n\u1ed5i ti\u1ebfng l\u00e0 ngu\u1ed3n cung c\u1ea5p d\u1ed3i d\u00e0o\u00a0<b>Ch\u1ea5t X\u01a1<\/b>\u00a0(c\u1ea3 h\u00f2a tan v\u00e0 kh\u00f4ng h\u00f2a tan) v\u00e0\u00a0<b>Sorbitol<\/b>. Sorbitol l\u00e0 m\u1ed9t lo\u1ea1i c\u1ed3n \u0111\u01b0\u1eddng ho\u1ea1t \u0111\u1ed9ng nh\u01b0 thu\u1ed1c nhu\u1eadn tr\u00e0ng t\u1ef1 nhi\u00ean, gi\u00fap k\u00e9o n\u01b0\u1edbc v\u00e0o ru\u1ed9t gi\u00e0, l\u00e0m m\u1ec1m ph\u00e2n, t\u1eeb \u0111\u00f3 h\u1ed7 tr\u1ee3 \u0111i\u1ec1u tr\u1ecb v\u00e0 ph\u00f2ng ng\u1eeba t\u00e1o b\u00f3n hi\u1ec7u qu\u1ea3.<\/p>\n<p data-path-to-node=\"22,1,0\"><b>\u2013 H\u1ed6 TR\u1ee2 X\u01af\u01a0NG KH\u1edaP CH\u1eaeC KH\u1eceE:<\/b>\u00a0M\u1eadn kh\u00f4 l\u00e0 m\u1ed9t trong nh\u1eefng lo\u1ea1i tr\u00e1i c\u00e2y hi\u1ebfm hoi ch\u1ee9a h\u00e0m l\u01b0\u1ee3ng cao c\u00e1c kho\u00e1ng ch\u1ea5t quan tr\u1ecdng cho x\u01b0\u01a1ng, bao g\u1ed3m\u00a0<b>Vitamin K<\/b>,\u00a0<b>Kali<\/b>\u00a0v\u00e0\u00a0<b>Mangan<\/b>. C\u00e1c nghi\u00ean c\u1ee9u khoa h\u1ecdc \u0111\u00e3 ch\u1ec9 ra r\u1eb1ng vi\u1ec7c ti\u00eau th\u1ee5 m\u1eadn kh\u00f4 th\u01b0\u1eddng xuy\u00ean c\u00f3 th\u1ec3 gi\u00fap ng\u0103n ng\u1eeba lo\u00e3ng x\u01b0\u01a1ng, \u0111\u1eb7c bi\u1ec7t l\u00e0 \u1edf ph\u1ee5 n\u1eef sau m\u00e3n kinh, b\u1eb1ng c\u00e1ch c\u1ea3i thi\u1ec7n m\u1eadt \u0111\u1ed9 x\u01b0\u01a1ng.<\/p>\n<p data-path-to-node=\"22,2,0\"><b>\u2013 GI\u00c0U CH\u1ea4T CH\u1ed0NG OXY H\u00d3A C\u1ef0C CAO:<\/b>\u00a0M\u1eadn s\u1ea5y kh\u00f4 c\u00f3 ch\u1ec9 s\u1ed1 ORAC (kh\u1ea3 n\u0103ng h\u1ea5p th\u1ee5 g\u1ed1c t\u1ef1 do) r\u1ea5t cao, v\u01b0\u1ee3t tr\u1ed9i h\u01a1n nhi\u1ec1u lo\u1ea1i tr\u00e1i c\u00e2y kh\u00e1c. C\u00e1c ch\u1ea5t ch\u1ed1ng oxy h\u00f3a n\u00e0y gi\u00fap b\u1ea3o v\u1ec7 t\u1ebf b\u00e0o th\u1ea7n kinh, gi\u1ea3m c\u0103ng th\u1eb3ng oxy h\u00f3a trong c\u01a1 th\u1ec3, v\u00e0 c\u00f3 ti\u1ec1m n\u0103ng h\u1ed7 tr\u1ee3 gi\u1ea3m nguy c\u01a1 m\u1eafc c\u00e1c b\u1ec7nh m\u00e3n t\u00ednh.<\/p>\n<p data-path-to-node=\"22,3,0\"><b>\u2013 KI\u1ec2M SO\u00c1T \u0110\u01af\u1edcNG HUY\u1ebeT V\u00c0 H\u1ed6 TR\u1ee2 TIM M\u1ea0CH:<\/b>\u00a0M\u1eb7c d\u00f9 ng\u1ecdt, m\u1eadn kh\u00f4 c\u00f3 ch\u1ec9 s\u1ed1 \u0111\u01b0\u1eddng huy\u1ebft (GI) t\u01b0\u01a1ng \u0111\u1ed1i th\u1ea5p. H\u00e0m l\u01b0\u1ee3ng ch\u1ea5t x\u01a1 trong m\u1eadn gi\u00fap l\u00e0m ch\u1eadm qu\u00e1 tr\u00ecnh h\u1ea5p th\u1ee5 \u0111\u01b0\u1eddng v\u00e0o m\u00e1u. Ngo\u00e0i ra, Kali v\u00e0 ch\u1ea5t ch\u1ed1ng oxy h\u00f3a trong m\u1eadn c\u0169ng h\u1ed7 tr\u1ee3 \u0111i\u1ec1u h\u00f2a huy\u1ebft \u00e1p v\u00e0 gi\u1ea3m Cholesterol LDL.<\/p>\n<p data-path-to-node=\"22,3,0\"><img loading=\"lazy\" decoding=\"async\" class=\"aligncenter  wp-image-43502\" src=\"https:\/\/havamall.com\/wp-content\/uploads\/2025\/11\/473234047_1208955003930094_7289944855587738610_n.jpg\" alt=\"\" width=\"800\" height=\"600\" \/><\/p>\n<p data-path-to-node=\"24\"><em><span style=\"font-size: 14pt\">M\u1eadn \u0110en S\u1ea5y Kh\u00f4 Dary Prirody l\u00e0 nguy\u00ean li\u1ec7u linh ho\u1ea1t, d\u1ec5 d\u00e0ng k\u1ebft h\u1ee3p trong nhi\u1ec1u m\u00f3n \u0103n, mang l\u1ea1i c\u1ea3 h\u01b0\u01a1ng v\u1ecb v\u00e0 l\u1ee3i \u00edch s\u1ee9c kh\u1ecfe:<\/span><\/em><\/p>\n<p data-path-to-node=\"25\">\u2013\u00a0<b>\u0102N TR\u1ef0C TI\u1ebeP:<\/b>\u00a0\u0110\u00e2y l\u00e0 c\u00e1ch \u0111\u01a1n gi\u1ea3n nh\u1ea5t \u0111\u1ec3 t\u1eadn d\u1ee5ng c\u00f4ng d\u1ee5ng nhu\u1eadn tr\u00e0ng v\u00e0 b\u1ed5 sung n\u0103ng l\u01b0\u1ee3ng t\u1ef1 nhi\u00ean.<\/p>\n<p data-path-to-node=\"26\">\u2013\u00a0<b>TR\u1ed8N SALAD V\u00c0 Y\u1ebeN M\u1ea0CH:<\/b>\u00a0C\u1eaft nh\u1ecf m\u1eadn kh\u00f4 v\u00e0 tr\u1ed9n v\u00e0o c\u00e1c lo\u1ea1i salad, s\u1eefa chua Hy L\u1ea1p, ho\u1eb7c y\u1ebfn m\u1ea1ch n\u00f3ng cho b\u1eefa s\u00e1ng \u0111\u1ec3 t\u0103ng th\u00eam v\u1ecb ng\u1ecdt t\u1ef1 nhi\u00ean v\u00e0 ch\u1ea5t x\u01a1.<\/p>\n<p data-path-to-node=\"27\">\u2013\u00a0<b>S\u1eec D\u1ee4NG TRONG M\u00d3N H\u1ea6M V\u00c0 TH\u1ecaT N\u01af\u1edaNG:<\/b>\u00a0M\u1eadn kh\u00f4 l\u00e0 b\u00ed quy\u1ebft t\u0103ng th\u00eam v\u1ecb ng\u1ecdt d\u1ecbu v\u00e0 \u0111\u1ed9 s\u00e1nh cho c\u00e1c m\u00f3n h\u1ea7m th\u1ecbt b\u00f2, th\u1ecbt c\u1eebu, ho\u1eb7c c\u00e1c lo\u1ea1i n\u01b0\u1edbc s\u1ed1t d\u00f9ng cho m\u00f3n th\u1ecbt n\u01b0\u1edbng theo phong c\u00e1ch \u1ea9m th\u1ef1c Nga v\u00e0 \u0110\u00f4ng \u00c2u.<\/p>\n<p data-path-to-node=\"28\">\u2013\u00a0<b>L\u00c0M M\u00d3N TR\u00c1NG MI\u1ec6NG L\u00c0NH M\u1ea0NH:<\/b>\u00a0Ng\u00e2m m\u1eadn kh\u00f4 trong tr\u00e0 ho\u1eb7c n\u01b0\u1edbc \u1ea5m r\u1ed3i ch\u1ebf bi\u1ebfn th\u00e0nh m\u1ee9t, ho\u1eb7c d\u00f9ng l\u00e0m nh\u00e2n b\u00e1nh Tiramisu, b\u00e1nh cu\u1ed9n \u0111\u1ec3 thay th\u1ebf cho \u0111\u01b0\u1eddng tinh luy\u1ec7n.<\/p>\n<p data-path-to-node=\"28\"><img loading=\"lazy\" decoding=\"async\" class=\"aligncenter  wp-image-43503\" src=\"https:\/\/havamall.com\/wp-content\/uploads\/2025\/11\/473772732_1208955040596757_330567253359279328_n.jpg\" alt=\"\" width=\"800\" height=\"583\" \/><\/p>","protected":false},"excerpt":{"rendered":"<p>TH\u00d4NG TIN S\u1ea2N PH\u1ea8M Th\u01b0\u01a1ng Hi\u1ec7u Dary Prirody (\u0414\u0430\u0440\u044b \u043f\u0440\u0438\u0440\u043e\u0434\u044b \u2013 Qu\u00e0 T\u1eb7ng C\u1ee7a T\u1ef1 Nhi\u00ean) Xu\u1ea5t X\u1ee9 Li\u00ean Bang<\/p>","protected":false},"featured_media":43535,"comment_status":"open","ping_status":"closed","template":"","meta":[],"product_brand":[],"product_cat":[673,133],"product_tag":[],"class_list":{"0":"post-43534","1":"product","2":"type-product","3":"status-publish","4":"has-post-thumbnail","6":"product_cat-nhap-khau-nga","7":"product_cat-banh-keo-chocolate","9":"first","10":"instock","11":"sale","12":"shipping-taxable","13":"purchasable","14":"product-type-simple"},"_links":{"self":[{"href":"https:\/\/havamall.vn\/en\/wp-json\/wp\/v2\/product\/43534"}],"collection":[{"href":"https:\/\/havamall.vn\/en\/wp-json\/wp\/v2\/product"}],"about":[{"href":"https:\/\/havamall.vn\/en\/wp-json\/wp\/v2\/types\/product"}],"replies":[{"embeddable":true,"href":"https:\/\/havamall.vn\/en\/wp-json\/wp\/v2\/comments?post=43534"}],"version-history":[{"count":0,"href":"https:\/\/havamall.vn\/en\/wp-json\/wp\/v2\/product\/43534\/revisions"}],"wp:featuredmedia":[{"embeddable":true,"href":"https:\/\/havamall.vn\/en\/wp-json\/wp\/v2\/media\/43535"}],"wp:attachment":[{"href":"https:\/\/havamall.vn\/en\/wp-json\/wp\/v2\/media?parent=43534"}],"wp:term":[{"taxonomy":"product_brand","embeddable":true,"href":"https:\/\/havamall.vn\/en\/wp-json\/wp\/v2\/product_brand?post=43534"},{"taxonomy":"product_cat","embeddable":true,"href":"https:\/\/havamall.vn\/en\/wp-json\/wp\/v2\/product_cat?post=43534"},{"taxonomy":"product_tag","embeddable":true,"href":"https:\/\/havamall.vn\/en\/wp-json\/wp\/v2\/product_tag?post=43534"}],"curies":[{"name":"wp","href":"https:\/\/api.w.org\/{rel}","templated":true}]}}