{"id":43530,"date":"2025-11-25T10:51:46","date_gmt":"2025-11-25T03:51:46","guid":{"rendered":"https:\/\/havamall.vn\/?post_type=product&#038;p=43530"},"modified":"2025-11-25T10:51:48","modified_gmt":"2025-11-25T03:51:48","slug":"nho-den-say-kho-loai-nguyen-chat-nhap-khau-nga-dary-prirody-150g-black-raisins-natural","status":"publish","type":"product","link":"https:\/\/havamall.vn\/en\/shop\/nho-den-say-kho-loai-nguyen-chat-nhap-khau-nga-dary-prirody-150g-black-raisins-natural\/","title":{"rendered":"Nho \u0110en S\u1ea5y Kh\u00f4 Lo\u1ea1i Nguy\u00ean Ch\u1ea5t Nh\u1eadp Kh\u1ea9u Nga Dary Prirody 150g \u2013 Black Raisins Natural"},"content":{"rendered":"<blockquote>\n<h3><em>TH\u00d4NG TIN S\u1ea2N PH\u1ea8M<\/em><\/h3>\n<\/blockquote>\n<table style=\"width: 76.3749%;height: 195px\" data-path-to-node=\"12\">\n<tbody>\n<tr>\n<td data-path-to-node=\"12,1,0,0\"><b>Th\u01b0\u01a1ng Hi\u1ec7u<\/b><\/td>\n<td data-path-to-node=\"12,1,1,0\">Dary Prirody (\u0414\u0430\u0440\u044b \u043f\u0440\u0438\u0440\u043e\u0434\u044b \u2013 Qu\u00e0 T\u1eb7ng C\u1ee7a T\u1ef1 Nhi\u00ean)<\/td>\n<\/tr>\n<tr>\n<td data-path-to-node=\"12,2,0,0\"><b>Xu\u1ea5t X\u1ee9<\/b><\/td>\n<td data-path-to-node=\"12,2,1,0\">Li\u00ean Bang Nga<\/td>\n<\/tr>\n<tr>\n<td data-path-to-node=\"12,3,0,0\"><b>Th\u00e0nh Ph\u1ea7n<\/b><\/td>\n<td data-path-to-node=\"12,3,1,0\">100% Nho \u0110en S\u1ea5y Kh\u00f4 (Kh\u00f4ng h\u1ea1t, kh\u00f4ng t\u1ea9m \u0111\u01b0\u1eddng, kh\u00f4ng ch\u1ea5t b\u1ea3o qu\u1ea3n)<\/td>\n<\/tr>\n<tr>\n<td data-path-to-node=\"12,4,0,0\"><b>H\u1ea1n S\u1eed D\u1ee5ng<\/b><\/td>\n<td data-path-to-node=\"12,4,1,0\">12 th\u00e1ng (K\u1ec3 t\u1eeb ng\u00e0y s\u1ea3n xu\u1ea5t)<\/td>\n<\/tr>\n<tr>\n<td data-path-to-node=\"12,5,0,0\"><b>B\u1ea3o Qu\u1ea3n<\/b><\/td>\n<td data-path-to-node=\"12,5,1,0\">B\u1ea3o qu\u1ea3n n\u01a1i kh\u00f4 r\u00e1o, tho\u00e1ng m\u00e1t, tr\u00e1nh \u00e1nh n\u1eafng tr\u1ef1c ti\u1ebfp. Sau khi m\u1edf t\u00fai, n\u00ean \u0111\u00f3ng k\u00edn ho\u1eb7c b\u1ea3o qu\u1ea3n trong h\u1ed9p k\u00edn.<\/td>\n<\/tr>\n<tr>\n<td data-path-to-node=\"12,6,0,0\"><b>Kh\u1ed1i L\u01b0\u1ee3ng T\u1ecbnh<\/b><\/td>\n<td data-path-to-node=\"12,6,1,0\">150g<\/td>\n<\/tr>\n<\/tbody>\n<\/table>\n<p data-path-to-node=\"16\">Th\u01b0\u01a1ng hi\u1ec7u\u00a0<b>Dary Prirody<\/b>\u00a0mang \u00fd ngh\u0129a l\u00e0 &#8220;Qu\u00e0 T\u1eb7ng C\u1ee7a T\u1ef1 Nhi\u00ean&#8221; \u2013 m\u1ed9t c\u00e1i t\u00ean n\u00f3i l\u00ean tri\u1ebft l\u00fd kinh doanh c\u1ed1t l\u00f5i c\u1ee7a h\u1ecd: cam k\u1ebft mang \u0111\u1ebfn nh\u1eefng s\u1ea3n ph\u1ea9m th\u1ef1c ph\u1ea9m s\u1ea5y kh\u00f4 v\u00e0 h\u1ea1t dinh d\u01b0\u1ee1ng thu\u1ea7n khi\u1ebft, \u0111\u01b0\u1ee3c tuy\u1ec3n ch\u1ecdn t\u1eeb nh\u1eefng ngu\u1ed3n nguy\u00ean li\u1ec7u t\u1ed1t nh\u1ea5t. Ra \u0111\u1eddi t\u1ea1i Nga, Dary Prirody nhanh ch\u00f3ng tr\u1edf th\u00e0nh m\u1ed9t th\u01b0\u01a1ng hi\u1ec7u \u0111\u00e1ng tin c\u1eady trong b\u1ed1i c\u1ea3nh ng\u01b0\u1eddi ti\u00eau d\u00f9ng to\u00e0n c\u1ea7u ng\u00e0y c\u00e0ng ch\u00fa tr\u1ecdng \u0111\u1ebfn s\u1ee9c kh\u1ecfe v\u00e0 t\u00ecm ki\u1ebfm c\u00e1c s\u1ea3n ph\u1ea9m h\u1eefu c\u01a1, t\u1ef1 nhi\u00ean.<\/p>\n<p data-path-to-node=\"16\"><img fetchpriority=\"high\" decoding=\"async\" class=\"aligncenter\" src=\"https:\/\/havamall.com\/wp-content\/uploads\/2025\/11\/61b8cf55-85ef-4890-8686-211cde20e160.jpg\" alt=\"\u0422\u043e\u0440\u0433\u043e\u0432\u0430\u044f \u043c\u0430\u0440\u043a\u0430 \u2116431200 \u2014 \u0414\u0410\u0420\u042b \u041f\u0420\u0418\u0420\u041e\u0414\u042b: \u0432\u043b\u0430\u0434\u0435\u043b\u0435\u0446 \u0442\u043e\u0440\u0433\u043e\u0432\u043e\u0433\u043e \u0437\u043d\u0430\u043a\u0430 \u0438 \u0434\u0440\u0443\u0433\u0438\u0435  \u0434\u0430\u043d\u043d\u044b\u0435 | \u0420\u0411\u041a \u041a\u043e\u043c\u043f\u0430\u043d\u0438\u0438\" width=\"800\" height=\"528\" \/><\/p>\n<p data-path-to-node=\"17\">M\u1eb7c d\u00f9 nho l\u00e0 lo\u1ea1i c\u00e2y tr\u1ed3ng ph\u1ed5 bi\u1ebfn \u1edf nhi\u1ec1u qu\u1ed1c gia, c\u00e1c lo\u1ea1i nho \u0111en s\u1ea5y kh\u00f4 cao c\u1ea5p th\u01b0\u1eddng \u0111\u01b0\u1ee3c thu ho\u1ea1ch t\u1eeb c\u00e1c v\u00f9ng Trung \u00c1 ho\u1eb7c Trung \u0110\u00f4ng, n\u01a1i c\u00f3 kh\u00ed h\u1eadu l\u00fd t\u01b0\u1edfng \u0111\u1ec3 nho \u0111\u1ea1t \u0111\u1ed9 ng\u1ecdt t\u1ef1 nhi\u00ean v\u00e0 \u0111\u01b0\u1ee3c ph\u01a1i kh\u00f4 ho\u00e0n to\u00e0n d\u01b0\u1edbi \u00e1nh n\u1eafng m\u1eb7t tr\u1eddi. Dary Prirody \u0111\u00e3 \u00e1p d\u1ee5ng c\u00f4ng ngh\u1ec7 \u0111\u00f3ng g\u00f3i v\u00e0 quy tr\u00ecnh ki\u1ec3m so\u00e1t ch\u1ea5t l\u01b0\u1ee3ng ti\u00ean ti\u1ebfn c\u1ee7a Nga \u0111\u1ec3 \u0111\u1ea3m b\u1ea3o nh\u1eefng ch\u00f9m nho \u0111en sau khi s\u1ea5y kh\u00f4 v\u1eabn gi\u1eef tr\u1ecdn v\u1eb9n h\u01b0\u01a1ng v\u1ecb v\u00e0 d\u01b0\u1ee1ng ch\u1ea5t.<\/p>\n<p data-path-to-node=\"17\"><img decoding=\"async\" class=\"aligncenter\" src=\"https:\/\/scontent.cdninstagram.com\/v\/t51.75761-15\/472822377_18370664335190895_6252221267456333539_n.jpg?stp=dst-jpg_e35_tt6&amp;_nc_cat=110&amp;ig_cache_key=MzU0MDQ5MTA0NjUzNTY0MzQwOA%3D%3D.3-ccb7-5&amp;ccb=7-5&amp;_nc_sid=58cdad&amp;efg=eyJ2ZW5jb2RlX3RhZyI6InhwaWRzLjE0NDB4MTQ0MC5zZHIuQzMifQ%3D%3D&amp;_nc_ohc=YQNh_TzgW-MQ7kNvwG05onA&amp;_nc_oc=Admkp2xiqDIhku7qXnuCTgIfg9R4ip0ZQ4Gn22IvVJbKz9HAYUTSHOwFoQ4mF0J1dldZC9VhhELjeJDgAC0PYdEJ&amp;_nc_ad=z-m&amp;_nc_cid=0&amp;_nc_zt=23&amp;_nc_ht=scontent.cdninstagram.com&amp;_nc_gid=9iGV5P4eKeF5EvosiKvY1Q&amp;oh=00_Afj1POEhAje7hrES1FGHbbxM8M1FRNo2U1mwPTrgdEU2PA&amp;oe=692AFBD8\" width=\"801\" height=\"801\" \/><\/p>\n<blockquote>\n<p data-path-to-node=\"18\"><span style=\"font-size: 14pt\"><em><b>TI\u00caU CHU\u1ea8N CH\u1eccN L\u1eccC CHU\u1ea8N M\u1ef0C<\/b><\/em><\/span><\/p>\n<\/blockquote>\n<p data-path-to-node=\"20,0,0\"><b>\u2013\u00a0TI\u00caU CHU\u1ea8N BA KH\u00d4NG TUY\u1ec6T \u0110\u1ed0I:<\/b>\u00a0S\u1ea3n ph\u1ea9m tu\u00e2n th\u1ee7 nghi\u00eam ng\u1eb7t ti\u00eau chu\u1ea9n &#8220;Kh\u00f4ng GMO, Kh\u00f4ng ch\u1ea5t t\u0103ng c\u01b0\u1eddng h\u01b0\u01a1ng v\u1ecb, Kh\u00f4ng ch\u1ea5t t\u1ea1o m\u00e0u nh\u00e2n t\u1ea1o&#8221;. \u0110i\u1ec1u n\u00e0y kh\u1eb3ng \u0111\u1ecbnh \u0111\u1ed9 an to\u00e0n v\u00e0 s\u1ef1 thu\u1ea7n khi\u1ebft, gi\u00fap qu\u00fd kh\u00e1ch ho\u00e0n to\u00e0n y\u00ean t\u00e2m khi s\u1eed d\u1ee5ng s\u1ea3n ph\u1ea9m cho c\u1ea3 gia \u0111\u00ecnh, \u0111\u1eb7c bi\u1ec7t l\u00e0 tr\u1ebb em.<\/p>\n<p data-path-to-node=\"20,1,0\"><b>\u2013\u00a0CH\u1ea4T L\u01af\u1ee2NG &#8220;CH\u1eccN L\u1eccC&#8221; (\u041e\u0422\u0411\u041e\u0420\u041d\u042b\u0415):<\/b>\u00a0Th\u01b0\u01a1ng hi\u1ec7u Dary Prirody ch\u1ec9 l\u1ef1a ch\u1ecdn nh\u1eefng ch\u00f9m nho \u0111en m\u1ecdng n\u01b0\u1edbc, ch\u00edn t\u1ef1 nhi\u00ean, \u0111\u01b0\u1ee3c s\u1ea5y kh\u00f4 \u0111\u1ec3 \u0111\u1ea1t \u0111\u1ed9 \u1ea9m l\u00fd t\u01b0\u1edfng. Nh\u1edd quy tr\u00ecnh ch\u1ecdn l\u1ecdc k\u1ef9 l\u01b0\u1ee1ng, h\u1ea1t nho c\u00f3 m\u00e0u \u0111en s\u1eabm \u0111\u1eb7c tr\u01b0ng, nh\u00e2n m\u1ea9y, m\u1ec1m d\u1ebbo v\u00e0 gi\u1eef \u0111\u01b0\u1ee3c v\u1ecb ng\u1ecdt thanh \u0111\u1eadm \u0111\u00e0 c\u1ee7a nho t\u01b0\u01a1i, kh\u00f4ng h\u1ec1 c\u00f3 v\u1ecb ch\u00e1t ho\u1eb7c chua g\u1eaft.<\/p>\n<p data-path-to-node=\"20,2,0\"><b>\u2013\u00a0V\u1eca NG\u1eccT T\u1ef0 NHI\u00caN HO\u00c0N TO\u00c0N:<\/b>\u00a0Lo\u1ea1i nho \u0111en \u0111\u01b0\u1ee3c s\u1eed d\u1ee5ng th\u01b0\u1eddng l\u00e0 lo\u1ea1i nho kh\u00f4ng h\u1ea1t (gi\u1ed1ng Kishmish), n\u1ed5i ti\u1ebfng v\u1edbi v\u1ecb ng\u1ecdt t\u1ef1 nhi\u00ean cao. Vi\u1ec7c nho \u0111\u01b0\u1ee3c s\u1ea5y kh\u00f4 m\u00e0 kh\u00f4ng c\u1ea7n t\u1ea9m th\u00eam \u0111\u01b0\u1eddng \u0111\u00e3 l\u00e0m n\u1ed5i b\u1eadt v\u1ecb ng\u1ecdt v\u1ed1n c\u00f3 c\u1ee7a tr\u00e1i c\u00e2y, \u0111\u1ed3ng th\u1eddi gi\u00fap ki\u1ec3m so\u00e1t l\u01b0\u1ee3ng \u0111\u01b0\u1eddng ti\u00eau th\u1ee5 t\u1ed1t h\u01a1n so v\u1edbi c\u00e1c lo\u1ea1i nho kh\u00f4 t\u1ea9m \u0111\u01b0\u1eddng tr\u00ean th\u1ecb tr\u01b0\u1eddng.<\/p>\n<p data-path-to-node=\"20,2,0\"><img decoding=\"async\" class=\"aligncenter  wp-image-43490\" src=\"https:\/\/havamall.com\/wp-content\/uploads\/2025\/11\/472629109_18370664326190895_7116950119983821829_n.jpg\" alt=\"\" width=\"801\" height=\"801\" \/><\/p>\n<blockquote>\n<p data-path-to-node=\"21\"><span style=\"font-size: 14pt\"><em><b>GI\u00c1 TR\u1eca DINH D\u01af\u1ee0NG V\u00c0 C\u00d4NG D\u1ee4NG V\u01af\u1ee2T TR\u1ed8I C\u1ee6A NHO \u0110EN<\/b><\/em><\/span><\/p>\n<\/blockquote>\n<p data-path-to-node=\"23,0,0\"><b>\u2013\u00a0CH\u1ed0NG OXY H\u00d3A M\u1ea0NH M\u1ebc V\u00c0 T\u0102NG C\u01af\u1edcNG S\u1ee8C KH\u1eceE M\u1eaeT:<\/b>\u00a0M\u00e0u \u0111en s\u1eabm c\u1ee7a nho kh\u00f4 l\u00e0 do Anthocyanin, m\u1ed9t lo\u1ea1i ch\u1ea5t ch\u1ed1ng oxy h\u00f3a c\u1ef1c m\u1ea1nh, gi\u00fap b\u1ea3o v\u1ec7 t\u1ebf b\u00e0o kh\u1ecfi s\u1ef1 ph\u00e1 h\u1ee7y c\u1ee7a c\u00e1c g\u1ed1c t\u1ef1 do. Anthocyanin c\u0169ng \u0111\u01b0\u1ee3c nghi\u00ean c\u1ee9u v\u1ec1 kh\u1ea3 n\u0103ng h\u1ed7 tr\u1ee3 th\u1ecb l\u1ef1c v\u00e0 b\u1ea3o v\u1ec7 m\u1eaft kh\u1ecfi c\u00e1c b\u1ec7nh tho\u00e1i h\u00f3a li\u00ean quan \u0111\u1ebfn tu\u1ed5i t\u00e1c.<\/p>\n<p data-path-to-node=\"23,1,0\"><b>\u2013\u00a0H\u1ed6 TR\u1ee2 H\u1ec6 TI\u00caU H\u00d3A KH\u1eceE M\u1ea0NH:<\/b>\u00a0Nho kh\u00f4 l\u00e0 ngu\u1ed3n cung c\u1ea5p ch\u1ea5t x\u01a1 h\u00f2a tan v\u00e0 kh\u00f4ng h\u00f2a tan tuy\u1ec7t v\u1eddi, \u0111\u00f3ng vai tr\u00f2 quan tr\u1ecdng trong vi\u1ec7c duy tr\u00ec nhu \u0111\u1ed9ng ru\u1ed9t \u0111\u1ec1u \u0111\u1eb7n v\u00e0 ph\u00f2ng ng\u1eeba t\u00e1o b\u00f3n. H\u00e0m l\u01b0\u1ee3ng ch\u1ea5t x\u01a1 d\u1ed3i d\u00e0o c\u0169ng gi\u00fap t\u1ea1o c\u1ea3m gi\u00e1c no l\u00e2u, h\u1ed7 tr\u1ee3 hi\u1ec7u qu\u1ea3 cho nh\u1eefng ng\u01b0\u1eddi \u0111ang \u0103n ki\u00eang ho\u1eb7c ki\u1ec3m so\u00e1t c\u00e2n n\u1eb7ng.<\/p>\n<p data-path-to-node=\"23,2,0\"><b>\u2013\u00a0NGU\u1ed2N KALI V\u00c0 S\u1eaeT THI\u1ebeT Y\u1ebeU:<\/b>\u00a0Nho kh\u00f4 r\u1ea5t gi\u00e0u Kali, m\u1ed9t kho\u00e1ng ch\u1ea5t quan tr\u1ecdng gi\u00fap c\u00e2n b\u1eb1ng ch\u1ea5t l\u1ecfng v\u00e0 huy\u1ebft \u00e1p, t\u1eeb \u0111\u00f3 b\u1ea3o v\u1ec7 s\u1ee9c kh\u1ecfe tim m\u1ea1ch. \u0110\u1ed3ng th\u1eddi, h\u00e0m l\u01b0\u1ee3ng S\u1eaft t\u1ef1 nhi\u00ean trong nho \u0111en gi\u00fap k\u00edch th\u00edch s\u1ea3n sinh h\u1ed3ng c\u1ea7u, h\u1ed7 tr\u1ee3 ph\u00f2ng ng\u1eeba v\u00e0 c\u1ea3i thi\u1ec7n t\u00ecnh tr\u1ea1ng thi\u1ebfu m\u00e1u.<\/p>\n<p data-path-to-node=\"23,3,0\"><b>\u2013\u00a0T\u0102NG C\u01af\u1edcNG N\u0102NG L\u01af\u1ee2NG L\u00c0NH M\u1ea0NH:<\/b>\u00a0Nho kh\u00f4 cung c\u1ea5p Glucose v\u00e0 Fructose t\u1ef1 nhi\u00ean, l\u00e0 ngu\u1ed3n n\u0103ng l\u01b0\u1ee3ng c\u00f4 \u0111\u1eb7c l\u00fd t\u01b0\u1edfng. \u0110\u00e2y l\u00e0 m\u00f3n \u0103n nh\u1eb9 tuy\u1ec7t v\u1eddi cho h\u1ecdc sinh tr\u01b0\u1edbc k\u1ef3 thi, cho v\u1eadn \u0111\u1ed9ng vi\u00ean tr\u01b0\u1edbc ho\u1eb7c sau khi t\u1eadp luy\u1ec7n, gi\u00fap ph\u1ee5c h\u1ed3i th\u1ec3 l\u1ef1c m\u1ed9t c\u00e1ch nhanh ch\u00f3ng v\u00e0 b\u1ec1n b\u1ec9 m\u00e0 kh\u00f4ng c\u1ea7n \u0111\u1ebfn c\u00e1c lo\u1ea1i \u0111\u01b0\u1eddng tinh luy\u1ec7n.<\/p>\n<p data-path-to-node=\"23,3,0\"><img loading=\"lazy\" decoding=\"async\" class=\"aligncenter  wp-image-43491\" src=\"https:\/\/havamall.com\/wp-content\/uploads\/2025\/11\/OUak3Uo2Vr8jtV6IYklOgA.jpg\" alt=\"\" width=\"800\" height=\"800\" \/><\/p>\n<blockquote>\n<p data-path-to-node=\"24\"><span style=\"font-size: 14pt\"><em><b>C\u00c1CH CH\u1ebe BI\u1ebeN \u0110A D\u1ea0NG<\/b><\/em><\/span><\/p>\n<\/blockquote>\n<p data-path-to-node=\"26\">\u2013\u00a0<b>\u0102N V\u1eb6T V\u00c0 B\u1ed4 SUNG N\u0102NG L\u01af\u1ee2NG:<\/b>\u00a0Th\u01b0\u1edfng th\u1ee9c tr\u1ef1c ti\u1ebfp nh\u01b0 m\u1ed9t m\u00f3n \u0103n nh\u1eb9 gi\u1eefa c\u00e1c b\u1eefa \u0103n. Ch\u1ec9 c\u1ea7n m\u1ed9t n\u1eafm nh\u1ecf \u0111\u00e3 c\u00f3 th\u1ec3 cung c\u1ea5p \u0111\u1ea7y \u0111\u1ee7 n\u0103ng l\u01b0\u1ee3ng cho m\u1ed9t bu\u1ed5i l\u00e0m vi\u1ec7c ho\u1eb7c h\u1ecdc t\u1eadp hi\u1ec7u qu\u1ea3.<\/p>\n<p data-path-to-node=\"27\">\u2013\u00a0<b>NGUY\u00caN LI\u1ec6U TRONG L\u00c0M B\u00c1NH:<\/b>\u00a0Nho kh\u00f4 l\u00e0 th\u00e0nh ph\u1ea7n kh\u00f4ng th\u1ec3 thi\u1ebfu trong nhi\u1ec1u c\u00f4ng th\u1ee9c b\u00e1nh n\u01b0\u1edbng nh\u01b0 b\u00e1nh m\u00ec ng\u0169 c\u1ed1c, b\u00e1nh quy, ho\u1eb7c b\u00e1nh Pudding. Khi \u0111\u01b0\u1ee3c n\u01b0\u1edbng, nho kh\u00f4 tr\u1edf n\u00ean m\u1ec1m v\u00e0 th\u01a1m h\u01a1n, gi\u00fap t\u0103ng th\u00eam v\u1ecb ng\u1ecdt t\u1ef1 nhi\u00ean cho m\u00f3n b\u00e1nh.<\/p>\n<p data-path-to-node=\"28\">\u2013\u00a0<b>K\u1ebeT H\u1ee2P V\u1edaI M\u00d3N NG\u1eccT KH\u00c1C:<\/b>\u00a0R\u1eafc nho kh\u00f4 l\u00ean s\u1eefa chua, kem, y\u1ebfn m\u1ea1ch n\u00f3ng, ho\u1eb7c tr\u1ed9n c\u00f9ng c\u00e1c lo\u1ea1i h\u1ea1t v\u00e0 ng\u0169 c\u1ed1c kh\u00e1c \u0111\u1ec3 t\u1ea1o th\u00e0nh h\u1ed7n h\u1ee3p Granola\/Mix h\u1ea1t dinh d\u01b0\u1ee1ng, l\u00fd t\u01b0\u1edfng cho b\u1eefa s\u00e1ng ho\u1eb7c b\u1eefa \u0103n nh\u1eb9.<\/p>\n<p data-path-to-node=\"29\">\u2013\u00a0<b>S\u1eec D\u1ee4NG TRONG C\u00c1C M\u00d3N M\u1eb6N:<\/b>\u00a0Theo truy\u1ec1n th\u1ed1ng \u1ea9m th\u1ef1c Trung \u0110\u00f4ng v\u00e0 \u1ea4n \u0110\u1ed9, nho kh\u00f4 th\u01b0\u1eddng \u0111\u01b0\u1ee3c th\u00eam v\u00e0o c\u00e1c m\u00f3n c\u01a1m th\u1eadp c\u1ea9m (Pilaf), m\u00f3n h\u1ea7m ho\u1eb7c c\u00e1c lo\u1ea1i n\u01b0\u1edbc s\u1ed1t, t\u1ea1o n\u00ean v\u1ecb ng\u1ecdt d\u1ecbu v\u00e0 c\u00e2n b\u1eb1ng h\u01b0\u01a1ng v\u1ecb cho m\u00f3n \u0103n.<\/p>\n<p data-path-to-node=\"29\"><img loading=\"lazy\" decoding=\"async\" class=\"aligncenter  wp-image-43492\" src=\"https:\/\/havamall.com\/wp-content\/uploads\/2025\/11\/1e3f8475f4a66955a9d77a9376cf3.jpg\" alt=\"\" width=\"801\" height=\"801\" \/><\/p>","protected":false},"excerpt":{"rendered":"<p>TH\u00d4NG TIN S\u1ea2N PH\u1ea8M Th\u01b0\u01a1ng Hi\u1ec7u Dary Prirody (\u0414\u0430\u0440\u044b \u043f\u0440\u0438\u0440\u043e\u0434\u044b \u2013 Qu\u00e0 T\u1eb7ng C\u1ee7a T\u1ef1 Nhi\u00ean) Xu\u1ea5t X\u1ee9 Li\u00ean Bang<\/p>","protected":false},"featured_media":43531,"comment_status":"open","ping_status":"closed","template":"","meta":[],"product_brand":[],"product_cat":[673,133],"product_tag":[],"class_list":{"0":"post-43530","1":"product","2":"type-product","3":"status-publish","4":"has-post-thumbnail","6":"product_cat-nhap-khau-nga","7":"product_cat-banh-keo-chocolate","9":"first","10":"instock","11":"sale","12":"shipping-taxable","13":"purchasable","14":"product-type-simple"},"_links":{"self":[{"href":"https:\/\/havamall.vn\/en\/wp-json\/wp\/v2\/product\/43530"}],"collection":[{"href":"https:\/\/havamall.vn\/en\/wp-json\/wp\/v2\/product"}],"about":[{"href":"https:\/\/havamall.vn\/en\/wp-json\/wp\/v2\/types\/product"}],"replies":[{"embeddable":true,"href":"https:\/\/havamall.vn\/en\/wp-json\/wp\/v2\/comments?post=43530"}],"version-history":[{"count":0,"href":"https:\/\/havamall.vn\/en\/wp-json\/wp\/v2\/product\/43530\/revisions"}],"wp:featuredmedia":[{"embeddable":true,"href":"https:\/\/havamall.vn\/en\/wp-json\/wp\/v2\/media\/43531"}],"wp:attachment":[{"href":"https:\/\/havamall.vn\/en\/wp-json\/wp\/v2\/media?parent=43530"}],"wp:term":[{"taxonomy":"product_brand","embeddable":true,"href":"https:\/\/havamall.vn\/en\/wp-json\/wp\/v2\/product_brand?post=43530"},{"taxonomy":"product_cat","embeddable":true,"href":"https:\/\/havamall.vn\/en\/wp-json\/wp\/v2\/product_cat?post=43530"},{"taxonomy":"product_tag","embeddable":true,"href":"https:\/\/havamall.vn\/en\/wp-json\/wp\/v2\/product_tag?post=43530"}],"curies":[{"name":"wp","href":"https:\/\/api.w.org\/{rel}","templated":true}]}}