{"id":43491,"date":"2025-11-21T16:53:04","date_gmt":"2025-11-21T09:53:04","guid":{"rendered":"https:\/\/havamall.vn\/?post_type=product&#038;p=43491"},"modified":"2025-11-22T09:53:31","modified_gmt":"2025-11-22T02:53:31","slug":"keo-so-co-la-mini-tong-hop-petits-merci-nhap-khau-duc-hop-thiec-cao-cap-150g-petits-chocolate-collection","status":"publish","type":"product","link":"https:\/\/havamall.vn\/en\/shop\/keo-so-co-la-mini-tong-hop-petits-merci-nhap-khau-duc-hop-thiec-cao-cap-150g-petits-chocolate-collection\/","title":{"rendered":"K\u1eb9o S\u00f4-c\u00f4-la Mini T\u1ed5ng H\u1ee3p Petits Merci Nh\u1eadp Kh\u1ea9u \u0110\u1ee9c H\u1ed9p Thi\u1ebfc Cao C\u1ea5p 125g \u2013 Petits Chocolate Collection"},"content":{"rendered":"<h2>TH\u00d4NG TIN S\u1ea2N PH\u1ea8M<\/h2>\n<table data-path-to-node=\"6\">\n<tbody>\n<tr>\n<td data-path-to-node=\"6,1,0,0\"><b>Th\u01b0\u01a1ng Hi\u1ec7u<\/b><\/td>\n<td data-path-to-node=\"6,1,1,0\">merci (Storck)<\/td>\n<\/tr>\n<tr>\n<td data-path-to-node=\"6,2,0,0\"><b>Xu\u1ea5t X\u1ee9\u00a0<\/b><\/td>\n<td data-path-to-node=\"6,2,1,0\">\u0110\u1ee9c (Germany)<\/td>\n<\/tr>\n<tr>\n<td data-path-to-node=\"6,3,0,0\"><b>Th\u00e0nh Ph\u1ea7n<\/b><\/td>\n<td data-path-to-node=\"6,3,1,0\">B\u01a1 Cacao \u2013 Kh\u1ed1i Cacao \u2013 B\u1ed9t S\u1eefa Nguy\u00ean Kem \u2013 H\u1ea1t D\u1ebb \u2013 H\u1ea1nh Nh\u00e2n \u2013 Kem \u2013 \u0110\u01b0\u1eddng \u2013 Ch\u1ea5t Nh\u0169 H\u00f3a (S\u1ea3n ph\u1ea9m l\u00e0 h\u1ed7n h\u1ee3p nhi\u1ec1u lo\u1ea1i s\u00f4-c\u00f4-la cao c\u1ea5p).<\/td>\n<\/tr>\n<tr>\n<td data-path-to-node=\"6,4,0,0\"><b>H\u1ea1n S\u1eed D\u1ee5ng<\/b><\/td>\n<td data-path-to-node=\"6,4,1,0\">12 th\u00e1ng k\u1ec3 t\u1eeb ng\u00e0y s\u1ea3n xu\u1ea5t<\/td>\n<\/tr>\n<tr>\n<td data-path-to-node=\"6,5,0,0\"><b>Kh\u1ed1i L\u01b0\u1ee3ng<\/b><\/td>\n<td data-path-to-node=\"6,5,1,0\"><span class=\"math-inline\" data-math=\"150\\text{g}\"><span class=\"katex\"><span class=\"katex-html\" aria-hidden=\"true\"><span class=\"base\"><span class=\"mord\">125<\/span><span class=\"mord text\"><span class=\"mord\">g<\/span><\/span><\/span><\/span><\/span><\/span>\u00a0(trong h\u1ed9p thi\u1ebfc)<\/td>\n<\/tr>\n<\/tbody>\n<\/table>\n<p data-path-to-node=\"10\">Th\u01b0\u01a1ng hi\u1ec7u\u00a0<b>merci<\/b>\u00a0(c\u00f3 ngh\u0129a l\u00e0 &#8220;c\u1ea3m \u01a1n&#8221; trong ti\u1ebfng Ph\u00e1p) \u0111\u01b0\u1ee3c gi\u1edbi thi\u1ec7u l\u1ea7n \u0111\u1ea7u ti\u00ean t\u1ea1i \u0110\u1ee9c v\u00e0o n\u0103m\u00a0<span class=\"math-inline\" data-math=\"1965\"><span class=\"katex\"><span class=\"katex-html\" aria-hidden=\"true\"><span class=\"base\"><span class=\"mord\">1965<\/span><\/span><\/span><\/span><\/span>\u00a0b\u1edfi c\u00f4ng ty Storck. Tri\u1ebft l\u00fd c\u1ed1t l\u00f5i c\u1ee7a merci l\u00e0 t\u1ea1o ra nh\u1eefng th\u1ecfi s\u00f4-c\u00f4-la cao c\u1ea5p, ho\u00e0n h\u1ea3o \u0111\u1ec3 g\u1eedi g\u1eafm l\u1eddi tri \u00e2n ch\u00e2n th\u00e0nh \u0111\u1ebfn nh\u1eefng ng\u01b0\u1eddi th\u00e2n y\u00eau.<\/p>\n<p data-path-to-node=\"11\">Trong khi d\u00f2ng merci truy\u1ec1n th\u1ed1ng l\u00e0 nh\u1eefng th\u1ecfi s\u00f4-c\u00f4-la thanh d\u00e0i,\u00a0<b>merci Petits<\/b>\u00a0(Petits ngh\u0129a l\u00e0 &#8220;nh\u1ecf&#8221; trong ti\u1ebfng Ph\u00e1p) l\u00e0 b\u1ed9 s\u01b0u t\u1eadp c\u00e1c th\u1ecfi s\u00f4-c\u00f4-la nh\u1ecf g\u1ecdn, tinh t\u1ebf v\u00e0 \u0111a d\u1ea1ng v\u1ec1 h\u01b0\u01a1ng v\u1ecb. S\u1ea3n ph\u1ea9m \u0111\u01b0\u1ee3c \u0111\u00f3ng g\u00f3i trong\u00a0<b>H\u1ed9p Thi\u1ebfc Cao C\u1ea5p (Premium Tin)<\/b>\u00a0v\u1edbi thi\u1ebft k\u1ebf hoa v\u0103n trang nh\u00e3, ng\u1ecdt ng\u00e0o, bi\u1ebfn n\u00f3 th\u00e0nh m\u00f3n qu\u00e0 t\u1eb7ng l\u00fd t\u01b0\u1edfng cho m\u1ecdi d\u1ecbp l\u1ec5, T\u1ebft, ho\u1eb7c \u0111\u01a1n gi\u1ea3n l\u00e0 m\u1ed9t l\u1eddi c\u1ea3m \u01a1n ng\u1ecdt ng\u00e0o h\u00e0ng ng\u00e0y. H\u1ed9p thi\u1ebfc n\u00e0y kh\u00f4ng ch\u1ec9 \u0111\u1ea3m b\u1ea3o ch\u1ea5t l\u01b0\u1ee3ng s\u00f4-c\u00f4-la m\u00e0 c\u00f2n mang gi\u00e1 tr\u1ecb th\u1ea9m m\u1ef9 cao.<img fetchpriority=\"high\" decoding=\"async\" class=\"aligncenter wp-image-43403\" src=\"https:\/\/havamall.com\/wp-content\/uploads\/2025\/11\/575980540_1239419658218180_5088743555548697836_n.jpg\" alt=\"\" width=\"800\" height=\"910\" \/><\/p>\n<p data-path-to-node=\"13\">B\u1ed9 s\u01b0u t\u1eadp\u00a0<b>merci Petits<\/b>\u00a0n\u1ed5i ti\u1ebfng v\u00ec s\u1ef1 \u0111a d\u1ea1ng phong ph\u00fa, mang \u0111\u1ebfn nhi\u1ec1u tr\u1ea3i nghi\u1ec7m h\u01b0\u01a1ng v\u1ecb kh\u00e1c nhau ch\u1ec9 trong m\u1ed9t h\u1ed9p. M\u1ed7i vi\u00ean s\u00f4-c\u00f4-la nh\u1ecf \u0111\u01b0\u1ee3c g\u00f3i ri\u00eang l\u1ebb, \u0111\u1ea3m b\u1ea3o v\u1ec7 sinh v\u00e0 gi\u1eef \u0111\u01b0\u1ee3c h\u01b0\u01a1ng v\u1ecb t\u01b0\u01a1i m\u1edbi.<\/p>\n<p data-path-to-node=\"14\">\u2013\u00a0<b>NGUY\u00caN LI\u1ec6U CAO C\u1ea4P:<\/b>\u00a0merci s\u1eed d\u1ee5ng c\u00e1c nguy\u00ean li\u1ec7u h\u00e0ng \u0111\u1ea7u nh\u01b0\u00a0<b>B\u01a1 Cacao (Cocoa Butter)<\/b>\u00a0nguy\u00ean ch\u1ea5t v\u00e0\u00a0<b>Kh\u1ed1i Cacao (Cocoa Mass)<\/b>\u00a0\u0111\u01b0\u1ee3c ch\u1ecdn l\u1ecdc, k\u1ebft h\u1ee3p v\u1edbi s\u1eefa nguy\u00ean kem, h\u1ea1t d\u1ebb v\u00e0 h\u1ea1nh nh\u00e2n ch\u1ea5t l\u01b0\u1ee3ng cao. \u0110i\u1ec1u n\u00e0y t\u1ea1o ra \u0111\u1ed9 m\u1ecbn, \u0111\u1ed9 tan ch\u1ea3y ho\u00e0n h\u1ea3o (melt-in-your-mouth) v\u00e0 h\u01b0\u01a1ng v\u1ecb \u0111\u1eadm \u0111\u00e0 \u0111\u1eb7c tr\u01b0ng c\u1ee7a s\u00f4-c\u00f4-la \u0110\u1ee9c.<\/p>\n<p data-path-to-node=\"14\">\u2013\u00a0<b>H\u01af\u01a0NG V\u1eca T\u1ed4NG H\u1ee2P:<\/b>\u00a0B\u1ed9 s\u01b0u t\u1eadp Petits th\u01b0\u1eddng bao g\u1ed3m 7 \u0111\u1ebfn 8 lo\u1ea1i h\u01b0\u01a1ng v\u1ecb \u0111a d\u1ea1ng, ph\u1ed5 bi\u1ebfn nh\u1ea5t l\u00e0: *\u00a0<b>Milk Chocolate:<\/b>\u00a0S\u00f4-c\u00f4-la s\u1eefa c\u1ed5 \u0111i\u1ec3n, m\u1ecbn m\u00e0ng. *\u00a0<b>Dark Mousse\/Mousse S\u00f4-c\u00f4-la \u0110en:<\/b>\u00a0V\u1ecb \u0111\u1eafng nh\u1eb9, nh\u00e2n m\u1ec1m m\u1ea1i. *\u00a0<b>Coffee &amp; Cream:<\/b>\u00a0S\u00f4-c\u00f4-la mang h\u01b0\u01a1ng c\u00e0 ph\u00ea tinh t\u1ebf. *\u00a0<b>Hazelnut-Almond\/H\u1ea1t D\u1ebb &amp; H\u1ea1nh Nh\u00e2n:<\/b>\u00a0S\u00f4-c\u00f4-la s\u1eefa v\u1edbi c\u00e1c h\u1ea1t nghi\u1ec1n b\u00f9i b\u00e9o. *\u00a0<b>Praline-Cr\u00e8me:<\/b>\u00a0Nh\u00e2n kem Praline ng\u1ecdt ng\u00e0o, th\u01a1m b\u00e9o.<\/p>\n<p data-path-to-node=\"14\"><img decoding=\"async\" class=\"aligncenter wp-image-43404\" src=\"https:\/\/havamall.com\/wp-content\/uploads\/2025\/11\/541165858_18354362365095566_7054167491669450562_n.jpg\" alt=\"\" width=\"800\" height=\"802\" \/><\/p>\n<p data-path-to-node=\"14\">S\u00f4-c\u00f4-la merci Petits kh\u00f4ng ch\u1ec9 d\u00f9ng \u0111\u1ec3 th\u01b0\u1edfng th\u1ee9c m\u00e0 c\u00f2n c\u00f3 vai tr\u00f2 quan tr\u1ecdng trong vi\u1ec7c th\u1ec3 hi\u1ec7n t\u00ecnh c\u1ea3m v\u00e0 s\u1ef1 quan t\u00e2m.<\/p>\n<p data-path-to-node=\"20\">\u2013\u00a0<b>QU\u00c0 T\u1eb6NG L\u1ecaCH S\u1ef0:<\/b>\u00a0Nh\u1edd bao b\u00ec h\u1ed9p thi\u1ebfc sang tr\u1ecdng v\u00e0 \u00fd ngh\u0129a &#8220;c\u1ea3m \u01a1n&#8221; c\u1ee7a th\u01b0\u01a1ng hi\u1ec7u, s\u1ea3n ph\u1ea9m n\u00e0y l\u00e0 m\u00f3n qu\u00e0 t\u1eb7ng l\u00fd t\u01b0\u1edfng, ph\u00f9 h\u1ee3p cho nhi\u1ec1u \u0111\u1ed1i t\u01b0\u1ee3ng t\u1eeb \u0111\u1ed3ng nghi\u1ec7p, b\u1ea1n b\u00e8 \u0111\u1ebfn ng\u01b0\u1eddi th\u00e2n.<\/p>\n<p data-path-to-node=\"20\">\u2013\u00a0<b>M\u00d3N \u0102N K\u00c8M C\u00c0 PH\u00ca:<\/b>\u00a0K\u00edch th\u01b0\u1edbc nh\u1ecf g\u1ecdn c\u1ee7a vi\u00ean Petits r\u1ea5t ph\u00f9 h\u1ee3p \u0111\u1ec3 d\u00f9ng k\u00e8m m\u1ed9t t\u00e1ch c\u00e0 ph\u00ea bu\u1ed5i s\u00e1ng ho\u1eb7c sau b\u1eefa t\u1ed1i, cung c\u1ea5p m\u1ed9t ch\u00fat n\u0103ng l\u01b0\u1ee3ng v\u00e0 v\u1ecb ng\u1ecdt tr\u00e1ng mi\u1ec7ng tinh t\u1ebf.<\/p>\n<p data-path-to-node=\"20\">\u2013\u00a0<b>\u0110\u1ed2 \u0102N V\u1eb6T KI\u1ec2M SO\u00c1T:<\/b>\u00a0K\u1eb9o \u0111\u01b0\u1ee3c g\u00f3i ri\u00eang l\u1ebb gi\u00fap ng\u01b0\u1eddi d\u00f9ng d\u1ec5 d\u00e0ng ki\u1ec3m so\u00e1t kh\u1ea9u ph\u1ea7n, tr\u00e1nh vi\u1ec7c ti\u00eau th\u1ee5 qu\u00e1 m\u1ee9c.<\/p>\n<p data-path-to-node=\"20\"><img decoding=\"async\" class=\"aligncenter wp-image-43405\" src=\"https:\/\/havamall.com\/wp-content\/uploads\/2025\/11\/486839615_663312963231040_8690480441016353634_n.jpg\" alt=\"\" width=\"803\" height=\"602\" \/><\/p>\n<p data-path-to-node=\"20\"><img loading=\"lazy\" decoding=\"async\" class=\"aligncenter wp-image-43406\" src=\"https:\/\/havamall.com\/wp-content\/uploads\/2025\/11\/socola-hon-hop-merci-petits-goi-125g-202303111532152932.jpg\" alt=\"\" width=\"800\" height=\"600\" \/><\/p>\n<p data-path-to-node=\"20\"><b>L\u01afU \u00dd:<\/b>\u00a0Do l\u00e0 s\u1ea3n ph\u1ea9m t\u1ed5ng h\u1ee3p, ng\u01b0\u1eddi d\u00f9ng c\u1ea7n l\u01b0u \u00fd ki\u1ec3m tra th\u00e0nh ph\u1ea7n (h\u1ea1t d\u1ebb, h\u1ea1nh nh\u00e2n, s\u1eefa) n\u1ebfu c\u00f3 ti\u1ec1n s\u1eed d\u1ecb \u1ee9ng th\u1ef1c ph\u1ea9m.\u00a0S\u1ea3n ph\u1ea9m ch\u00ednh h\u00e3ng\u00a0<b>merci Petits Chocolate Collection<\/b>\u00a0hi\u1ec7n \u0111ang \u0111\u01b0\u1ee3c ph\u00e2n ph\u1ed1i t\u1ea1i\u00a0<b>Havamall<\/b>.<\/p>","protected":false},"excerpt":{"rendered":"<p>TH\u00d4NG TIN S\u1ea2N PH\u1ea8M Th\u01b0\u01a1ng Hi\u1ec7u merci (Storck) Xu\u1ea5t X\u1ee9\u00a0 \u0110\u1ee9c (Germany) Th\u00e0nh Ph\u1ea7n B\u01a1 Cacao \u2013 Kh\u1ed1i Cacao \u2013<\/p>","protected":false},"featured_media":43492,"comment_status":"open","ping_status":"closed","template":"","meta":[],"product_brand":[],"product_cat":[682,133],"product_tag":[],"class_list":{"0":"post-43491","1":"product","2":"type-product","3":"status-publish","4":"has-post-thumbnail","6":"product_cat-nhap-khau-duc","7":"product_cat-banh-keo-chocolate","9":"first","10":"instock","11":"sale","12":"shipping-taxable","13":"purchasable","14":"product-type-simple"},"_links":{"self":[{"href":"https:\/\/havamall.vn\/en\/wp-json\/wp\/v2\/product\/43491"}],"collection":[{"href":"https:\/\/havamall.vn\/en\/wp-json\/wp\/v2\/product"}],"about":[{"href":"https:\/\/havamall.vn\/en\/wp-json\/wp\/v2\/types\/product"}],"replies":[{"embeddable":true,"href":"https:\/\/havamall.vn\/en\/wp-json\/wp\/v2\/comments?post=43491"}],"version-history":[{"count":0,"href":"https:\/\/havamall.vn\/en\/wp-json\/wp\/v2\/product\/43491\/revisions"}],"wp:featuredmedia":[{"embeddable":true,"href":"https:\/\/havamall.vn\/en\/wp-json\/wp\/v2\/media\/43492"}],"wp:attachment":[{"href":"https:\/\/havamall.vn\/en\/wp-json\/wp\/v2\/media?parent=43491"}],"wp:term":[{"taxonomy":"product_brand","embeddable":true,"href":"https:\/\/havamall.vn\/en\/wp-json\/wp\/v2\/product_brand?post=43491"},{"taxonomy":"product_cat","embeddable":true,"href":"https:\/\/havamall.vn\/en\/wp-json\/wp\/v2\/product_cat?post=43491"},{"taxonomy":"product_tag","embeddable":true,"href":"https:\/\/havamall.vn\/en\/wp-json\/wp\/v2\/product_tag?post=43491"}],"curies":[{"name":"wp","href":"https:\/\/api.w.org\/{rel}","templated":true}]}}