{"id":43487,"date":"2025-11-21T14:42:30","date_gmt":"2025-11-21T07:42:30","guid":{"rendered":"https:\/\/havamall.vn\/?post_type=product&#038;p=43487"},"modified":"2025-11-21T14:42:30","modified_gmt":"2025-11-21T07:42:30","slug":"banh-quy-hat-dieu-gion-mcvities-hop-thiec-315-6g-cashew-cookies","status":"publish","type":"product","link":"https:\/\/havamall.vn\/en\/shop\/banh-quy-hat-dieu-gion-mcvities-hop-thiec-315-6g-cashew-cookies\/","title":{"rendered":"B\u00e1nh Quy H\u1ea1t \u0110i\u1ec1u Gi\u00f2n McVitie&#8217;s H\u1ed9p Thi\u1ebfc 315.6g \u2013 Cashew Cookies"},"content":{"rendered":"<h2>TH\u00d4NG TIN S\u1ea2N PH\u1ea8M<\/h2>\n<table data-path-to-node=\"6\">\n<tbody>\n<tr>\n<td data-path-to-node=\"6,1,0,0\"><b>Th\u01b0\u01a1ng Hi\u1ec7u<\/b><\/td>\n<td data-path-to-node=\"6,1,1,0\">McVitie&#8217;s<\/td>\n<\/tr>\n<tr>\n<td data-path-to-node=\"6,2,0,0\"><b>Xu\u1ea5t X\u1ee9<\/b><\/td>\n<td data-path-to-node=\"6,2,1,0\">V\u01b0\u01a1ng Qu\u1ed1c Anh (United Kingdom \u2013 UK)<\/td>\n<\/tr>\n<tr>\n<td data-path-to-node=\"6,3,0,0\"><b>Th\u00e0nh Ph\u1ea7n<\/b><\/td>\n<td data-path-to-node=\"6,3,1,0\">B\u1ed9t M\u00ec, H\u1ea1t \u0110i\u1ec1u (Cashew), D\u1ea7u Th\u1ef1c V\u1eadt, \u0110\u01b0\u1eddng, B\u01a1\/Ch\u1ea5t B\u00e9o S\u1eefa, Ch\u1ea5t T\u1ea1o X\u1ed1p, Mu\u1ed1i, H\u01b0\u01a1ng Li\u1ec7u.<\/td>\n<\/tr>\n<tr>\n<td data-path-to-node=\"6,4,0,0\"><b>H\u1ea1n S\u1eed D\u1ee5ng<\/b><\/td>\n<td data-path-to-node=\"6,4,1,0\">9\u201312 th\u00e1ng k\u1ec3 t\u1eeb ng\u00e0y s\u1ea3n xu\u1ea5t<\/td>\n<\/tr>\n<tr>\n<td data-path-to-node=\"6,5,0,0\"><b>Kh\u1ed1i L\u01b0\u1ee3ng<\/b><\/td>\n<td data-path-to-node=\"6,5,1,0\">315.6g (trong h\u1ed9p thi\u1ebfc)<\/td>\n<\/tr>\n<\/tbody>\n<\/table>\n<p style=\"text-align: justify\" data-path-to-node=\"10\">B\u00e1nh Quy H\u1ea1t \u0110i\u1ec1u Gi\u00f2n H\u1ed9p Thi\u1ebfc Di S\u1ea3n London Kh\u00f4ng Ch\u1ea5t B\u00e9o Trans McVitie&#8217;s 315.6g l\u00e0 m\u1ed9t s\u1ea3n ph\u1ea9m cao c\u1ea5p, ti\u1ebfp n\u1ed1i truy\u1ec1n th\u1ed1ng l\u00e0m b\u00e1nh l\u00e2u \u0111\u1eddi v\u00e0 uy t\u00edn c\u1ee7a th\u01b0\u01a1ng hi\u1ec7u\u00a0<b>McVitie&#8217;s<\/b>, \u0111\u01b0\u1ee3c th\u00e0nh l\u1eadp t\u1eeb n\u0103m\u00a0<span class=\"math-inline\" data-math=\"1839\"><span class=\"katex\"><span class=\"katex-html\" aria-hidden=\"true\"><span class=\"base\"><span class=\"mord\">1839<\/span><\/span><\/span><\/span><\/span>\u00a0t\u1ea1i Scotland. McVitie&#8217;s kh\u00f4ng ch\u1ec9 l\u00e0 m\u1ed9t trong nh\u1eefng nh\u00e0 s\u1ea3n xu\u1ea5t b\u00e1nh quy l\u1edbn nh\u1ea5t th\u1ebf gi\u1edbi m\u00e0 c\u00f2n l\u00e0 bi\u1ec3u t\u01b0\u1ee3ng c\u1ee7a s\u1ef1 sang tr\u1ecdng, g\u1eafn li\u1ec1n v\u1edbi v\u0103n h\u00f3a tr\u00e0 \u0111\u1ea1o v\u00e0 ti\u1ec7c b\u00e1nh ng\u1ecdt c\u1ee7a Anh Qu\u1ed1c.<\/p>\n<p style=\"text-align: justify\" data-path-to-node=\"11\">S\u1ea3n ph\u1ea9m B\u00e1nh Quy H\u1ea1t \u0110i\u1ec1u n\u00e0y \u0111\u01b0\u1ee3c \u0111\u00f3ng g\u00f3i trong m\u1ed9t\u00a0<b>H\u1ed9p Thi\u1ebfc \u0110\u1eb7c Bi\u1ec7t<\/b>, thi\u1ebft k\u1ebf theo phong c\u00e1ch\u00a0<b>Di S\u1ea3n London<\/b>, v\u1edbi c\u00e1c h\u1ecda ti\u1ebft n\u1ed5i b\u1eadt nh\u01b0 l\u00e1 c\u1edd Union Jack, Th\u00e1p \u0110\u1ed3ng H\u1ed3 Big Ben v\u00e0 tem th\u01b0 c\u1ed5 \u0111i\u1ec3n, t\u1ea1o n\u00ean m\u1ed9t m\u00f3n qu\u00e0 t\u1eb7ng mang \u0111\u1eadm d\u1ea5u \u1ea5n v\u0103n h\u00f3a Anh Qu\u1ed1c.<\/p>\n<p data-path-to-node=\"11\"><img fetchpriority=\"high\" decoding=\"async\" class=\"aligncenter\" src=\"https:\/\/scontent.fsgn19-1.fna.fbcdn.net\/v\/t39.30808-6\/484098557_958286419813665_4896698807990926247_n.jpg?_nc_cat=104&amp;ccb=1-7&amp;_nc_sid=127cfc&amp;_nc_eui2=AeHeDGSh4RG06xgE8WCewK6eHtmHibrPNZ0e2YeJus81nQwvPTFkbwPE62MRZ9YPs3_CsGKRTXijcvvXY4QrRwRZ&amp;_nc_ohc=kLKf7qi5iCcQ7kNvwFjHgWU&amp;_nc_oc=AdlgAaJ_G8sNYi_P-3-jppUgS7OL90rgAZJNXpVBMqbj6wKbJbDNVp6EXNqVCKORaVOd9qw-y5fX6B0E0oYiMKpe&amp;_nc_zt=23&amp;_nc_ht=scontent.fsgn19-1.fna&amp;_nc_gid=MtDKnOJW8W8Occz4aVz3Tw&amp;oh=00_Afga5zvT0wQOJMFKFsnnKI6S3O9tA6P2RmpT7LomjPGDDQ&amp;oe=6925DA1E\" alt=\"Kh\u00f4ng c\u00f3 m\u00f4 t\u1ea3 \u1ea3nh.\" width=\"801\" height=\"764\" \/><\/p>\n<blockquote>\n<h5><span style=\"font-size: 14pt\"><em>K\u1ebeT C\u1ea4U V\u00c0 H\u01af\u01a0NG V\u1eca CAO C\u1ea4P<\/em><\/span><\/h5>\n<\/blockquote>\n<p data-path-to-node=\"13\">B\u00e1nh Quy H\u1ea1t \u0110i\u1ec1u McVitie&#8217;s n\u1ed5i b\u1eadt nh\u1edd s\u1ef1 k\u1ebft h\u1ee3p h\u00e0i h\u00f2a gi\u1eefa h\u01b0\u01a1ng v\u1ecb b\u00e9o ng\u1eady truy\u1ec1n th\u1ed1ng c\u1ee7a b\u00e1nh quy b\u01a1 (ho\u1eb7c shortbread) v\u00e0 \u0111\u1ed9 b\u00f9i, gi\u00f2n c\u1ee7a h\u1ea1t \u0111i\u1ec1u.<\/p>\n<p data-path-to-node=\"15\">\u2013\u00a0<b>K\u1ebeT C\u1ea4U:<\/b>\u00a0B\u00e1nh c\u00f3 \u0111\u1ed9 gi\u00f2n x\u1ed1p l\u00fd t\u01b0\u1edfng, tan nh\u1eb9 nh\u00e0ng trong mi\u1ec7ng, \u0111\u01b0\u1ee3c l\u00e0m theo c\u00f4ng th\u1ee9c b\u00e1nh quy l\u1ea1t (shortbread) truy\u1ec1n th\u1ed1ng, n\u1ed5i ti\u1ebfng v\u1edbi k\u1ebft c\u1ea5u m\u1ec1m v\u00e0 gi\u00e0u h\u01b0\u01a1ng v\u1ecb b\u01a1.<\/p>\n<p data-path-to-node=\"15\">\u2013\u00a0<b>H\u1ea0T \u0110I\u1ec0U:<\/b>\u00a0C\u00e1c v\u1ee5n h\u1ea1t \u0111i\u1ec1u \u0111\u01b0\u1ee3c tr\u1ed9n \u0111\u1ec1u trong b\u1ed9t b\u00e1nh, mang l\u1ea1i v\u1ecb b\u00f9i th\u01a1m \u0111\u1eb7c tr\u01b0ng v\u00e0 cung c\u1ea5p m\u1ed9t k\u1ebft c\u1ea5u th\u00fa v\u1ecb khi nhai. H\u1ea1t \u0111i\u1ec1u kh\u00f4ng ch\u1ec9 t\u0103ng h\u01b0\u01a1ng v\u1ecb m\u00e0 c\u00f2n b\u1ed5 sung ch\u1ea5t b\u00e9o kh\u00f4ng b\u00e3o h\u00f2a \u0111\u01a1n c\u00f3 l\u1ee3i.<\/p>\n<p data-path-to-node=\"15\">\u2013\u00a0<b>H\u00ccNH D\u00c1NG:<\/b>\u00a0B\u00e1nh \u0111\u01b0\u1ee3c t\u1ea1o h\u00ecnh s\u00f3ng n\u01b0\u1edbc \u0111\u1ed9c \u0111\u00e1o v\u00e0 h\u1ea5p d\u1eabn, th\u1ec3 hi\u1ec7n s\u1ef1 t\u1ec9 m\u1ec9 trong quy tr\u00ecnh s\u1ea3n xu\u1ea5t.<\/p>\n<p data-path-to-node=\"15\"><img decoding=\"async\" class=\"aligncenter  wp-image-43395\" src=\"https:\/\/havamall.com\/wp-content\/uploads\/2025\/11\/cashew-cookies-white-background-with-new-angles_37502-9.avif\" alt=\"\" width=\"802\" height=\"556\" \/><\/p>\n<p style=\"text-align: justify\" data-path-to-node=\"16\">\u0110i\u1ec3m c\u1ed9ng l\u1edbn v\u1ec1 s\u1ee9c kh\u1ecfe c\u1ee7a s\u1ea3n ph\u1ea9m l\u00e0 cam k\u1ebft\u00a0<b>Kh\u00f4ng Ch\u1ee9a Ch\u1ea5t B\u00e9o Trans (Trans Fat Free)<\/b>. Ch\u1ea5t b\u00e9o Trans l\u00e0 lo\u1ea1i ch\u1ea5t b\u00e9o g\u00e2y h\u1ea1i, th\u01b0\u1eddng c\u00f3 trong c\u00e1c s\u1ea3n ph\u1ea9m b\u00e1nh k\u1eb9o c\u00f4ng nghi\u1ec7p, c\u00f3 th\u1ec3 l\u00e0m t\u0103ng cholesterol x\u1ea5u (LDL) v\u00e0 t\u0103ng nguy c\u01a1 m\u1eafc b\u1ec7nh tim m\u1ea1ch. B\u1eb1ng c\u00e1ch lo\u1ea1i b\u1ecf ho\u00e0n to\u00e0n ch\u1ea5t b\u00e9o n\u00e0y, McVitie&#8217;s mang \u0111\u1ebfn m\u1ed9t l\u1ef1a ch\u1ecdn \u0103n u\u1ed1ng l\u00e0nh m\u1ea1nh h\u01a1n, \u0111\u1eb7c bi\u1ec7t quan tr\u1ecdng \u0111\u1ed1i v\u1edbi nh\u1eefng ng\u01b0\u1eddi ti\u00eau d\u00f9ng quan t\u00e2m \u0111\u1ebfn s\u1ee9c kh\u1ecfe tim m\u1ea1ch v\u00e0 ch\u1ebf \u0111\u1ed9 dinh d\u01b0\u1ee1ng h\u00e0ng ng\u00e0y.<\/p>\n<p data-path-to-node=\"16\"><img decoding=\"async\" class=\"aligncenter  wp-image-43396\" src=\"https:\/\/havamall.com\/wp-content\/uploads\/2025\/11\/cashew-cookies-white-background-with-new-angles_37502-7.avif\" alt=\"\" width=\"802\" height=\"534\" \/><\/p>\n<blockquote>\n<h4><em><span style=\"font-size: 14pt\">V\u0102N H\u00d3A TR\u00c0 \u0110\u1ea0O ANH QU\u1ed0C<\/span><\/em><\/h4>\n<\/blockquote>\n<p>\u2013\u00a0<b>B\u1eeeA S\u00c1NG V\u00c0 TR\u00c0 CHI\u1ec0U:<\/b>\u00a0B\u00e1nh quy l\u00e0 m\u00f3n \u0103n k\u00e8m ho\u00e0n h\u1ea3o cho c\u00e1c bu\u1ed5i tr\u00e0 n\u00f3ng ho\u1eb7c c\u00e0 ph\u00ea, gi\u00fap c\u00e2n b\u1eb1ng v\u1ecb ch\u00e1t c\u1ee7a tr\u00e0 v\u00e0 mang l\u1ea1i ngu\u1ed3n n\u0103ng l\u01b0\u1ee3ng ng\u1ecdt ng\u00e0o.<\/p>\n<p>\u2013\u00a0<b>M\u00d3N \u0102N V\u1eb6T DINH D\u01af\u1ee0NG:<\/b>\u00a0Nh\u1edd c\u00f3 h\u1ea1t \u0111i\u1ec1u, b\u00e1nh b\u1ed5 sung th\u00eam protein th\u1ef1c v\u1eadt v\u00e0 ch\u1ea5t x\u01a1, gi\u00fap cung c\u1ea5p n\u0103ng l\u01b0\u1ee3ng v\u00e0 duy tr\u00ec c\u1ea3m gi\u00e1c no l\u00e2u h\u01a1n so v\u1edbi b\u00e1nh quy th\u00f4ng th\u01b0\u1eddng.<\/p>\n<p>\u2013\u00a0<b>QU\u00c0 T\u1eb6NG:<\/b>\u00a0H\u1ed9p thi\u1ebfc sang tr\u1ecdng, tinh t\u1ebf l\u00e0 l\u1ef1a ch\u1ecdn l\u00fd t\u01b0\u1edfng \u0111\u1ec3 l\u00e0m qu\u00e0 bi\u1ebfu, th\u1ec3 hi\u1ec7n s\u1ef1 tr\u00e2n tr\u1ecdng \u0111\u1ed1i v\u1edbi ng\u01b0\u1eddi nh\u1eadn trong c\u00e1c d\u1ecbp l\u1ec5, T\u1ebft ho\u1eb7c khai tr\u01b0\u01a1ng.<\/p>\n<p><b>B\u1ea2O QU\u1ea2N:<\/b>\u00a0\u0110\u00f3ng n\u1eafp h\u1ed9p thi\u1ebfc ngay sau khi l\u1ea5y b\u00e1nh \u0111\u1ec3 ng\u0103n kh\u00f4ng kh\u00ed v\u00e0 h\u01a1i \u1ea9m l\u00e0m m\u1ec1m b\u00e1nh. B\u1ea3o qu\u1ea3n \u1edf n\u01a1i kh\u00f4 r\u00e1o, tho\u00e1ng m\u00e1t, tr\u00e1nh \u00e1nh n\u1eafng tr\u1ef1c ti\u1ebfp v\u00e0 nhi\u1ec7t \u0111\u1ed9 cao.\u00a0<b>L\u01afU \u00dd:<\/b>\u00a0Do ch\u1ee9a h\u1ea1t \u0111i\u1ec1u, ng\u01b0\u1eddi c\u00f3 ti\u1ec1n s\u1eed d\u1ecb \u1ee9ng v\u1edbi c\u00e1c lo\u1ea1i h\u1ea1t n\u00ean c\u1ea9n tr\u1ecdng khi s\u1eed d\u1ee5ng.<\/p>\n<p><img loading=\"lazy\" decoding=\"async\" class=\"aligncenter  wp-image-43397\" src=\"https:\/\/havamall.com\/wp-content\/uploads\/2025\/11\/360_F_441973013_F8nom1SyJ1YJ1hw55zzuJoMVcv0dtrBY.jpg\" alt=\"\" width=\"801\" height=\"534\" \/><\/p>\n<p data-path-to-node=\"25\">B\u00e1nh Quy H\u1ea1t \u0110i\u1ec1u Gi\u00f2n H\u1ed9p Thi\u1ebfc Di S\u1ea3n London Kh\u00f4ng Ch\u1ea5t B\u00e9o Trans McVitie&#8217;s 315.6g l\u00e0 s\u1ef1 k\u1ebft h\u1ee3p tinh t\u1ebf gi\u1eefa h\u01b0\u01a1ng v\u1ecb truy\u1ec1n th\u1ed1ng Anh Qu\u1ed1c v\u00e0 xu h\u01b0\u1edbng dinh d\u01b0\u1ee1ng hi\u1ec7n \u0111\u1ea1i, l\u00e0 l\u1ef1a ch\u1ecdn kh\u00f4ng th\u1ec3 thi\u1ebfu trong t\u1ee7 b\u1ebfp c\u1ee7a nh\u1eefng ng\u01b0\u1eddi y\u00eau th\u00edch b\u00e1nh quy cao c\u1ea5p,\u00a0hi\u1ec7n \u0111ang \u0111\u01b0\u1ee3c ph\u00e2n ph\u1ed1i t\u1ea1i\u00a0<b>Havamall<\/b>.<\/p>","protected":false},"excerpt":{"rendered":"<p>TH\u00d4NG TIN S\u1ea2N PH\u1ea8M Th\u01b0\u01a1ng Hi\u1ec7u McVitie&#8217;s Xu\u1ea5t X\u1ee9 V\u01b0\u01a1ng Qu\u1ed1c Anh (United Kingdom \u2013 UK) Th\u00e0nh Ph\u1ea7n B\u1ed9t M\u00ec,<\/p>","protected":false},"featured_media":43488,"comment_status":"open","ping_status":"closed","template":"","meta":[],"product_brand":[],"product_cat":[677,133],"product_tag":[],"class_list":{"0":"post-43487","1":"product","2":"type-product","3":"status-publish","4":"has-post-thumbnail","6":"product_cat-cac-nuoc-khac","7":"product_cat-banh-keo-chocolate","9":"first","10":"instock","11":"sale","12":"shipping-taxable","13":"purchasable","14":"product-type-simple"},"_links":{"self":[{"href":"https:\/\/havamall.vn\/en\/wp-json\/wp\/v2\/product\/43487"}],"collection":[{"href":"https:\/\/havamall.vn\/en\/wp-json\/wp\/v2\/product"}],"about":[{"href":"https:\/\/havamall.vn\/en\/wp-json\/wp\/v2\/types\/product"}],"replies":[{"embeddable":true,"href":"https:\/\/havamall.vn\/en\/wp-json\/wp\/v2\/comments?post=43487"}],"version-history":[{"count":0,"href":"https:\/\/havamall.vn\/en\/wp-json\/wp\/v2\/product\/43487\/revisions"}],"wp:featuredmedia":[{"embeddable":true,"href":"https:\/\/havamall.vn\/en\/wp-json\/wp\/v2\/media\/43488"}],"wp:attachment":[{"href":"https:\/\/havamall.vn\/en\/wp-json\/wp\/v2\/media?parent=43487"}],"wp:term":[{"taxonomy":"product_brand","embeddable":true,"href":"https:\/\/havamall.vn\/en\/wp-json\/wp\/v2\/product_brand?post=43487"},{"taxonomy":"product_cat","embeddable":true,"href":"https:\/\/havamall.vn\/en\/wp-json\/wp\/v2\/product_cat?post=43487"},{"taxonomy":"product_tag","embeddable":true,"href":"https:\/\/havamall.vn\/en\/wp-json\/wp\/v2\/product_tag?post=43487"}],"curies":[{"name":"wp","href":"https:\/\/api.w.org\/{rel}","templated":true}]}}