{"id":43481,"date":"2025-11-21T10:09:40","date_gmt":"2025-11-21T03:09:40","guid":{"rendered":"https:\/\/havamall.vn\/?post_type=product&#038;p=43481"},"modified":"2025-11-21T10:09:44","modified_gmt":"2025-11-21T03:09:44","slug":"banh-pain-au-nhan-socola-dong-lanh-nhap-khau-phap-tui-350g-10-banh-x-35g-frozen-france-pain-au-chocolat","status":"publish","type":"product","link":"https:\/\/havamall.vn\/en\/shop\/banh-pain-au-nhan-socola-dong-lanh-nhap-khau-phap-tui-350g-10-banh-x-35g-frozen-france-pain-au-chocolat\/","title":{"rendered":"B\u00e1nh Pain Au Nh\u00e2n Socola \u0110\u00f4ng L\u1ea1nh Nh\u1eadp Kh\u1ea9u Ph\u00e1p T\u00fai 350g (10 B\u00e1nh x 35g) \u2013 Frozen France Pain Au Chocolat"},"content":{"rendered":"<h2><strong>TH\u00d4NG TIN CHUNG<\/strong><\/h2>\n<table style=\"width: 40.2012%;height: 171px\">\n<tbody>\n<tr>\n<td>Xu\u1ea5t x\u1ee9<\/td>\n<td>Ph\u00e1p<\/td>\n<\/tr>\n<tr>\n<td>Th\u00e0nh ph\u1ea7n<\/td>\n<td>B\u1ed9t m\u00ec, socola, b\u01a1, s\u1eefa, \u0111\u01b0\u1eddng, mu\u1ed1i, men, tinh b\u1ed9t,\u2026<\/td>\n<\/tr>\n<tr>\n<td>H\u1ea1n s\u1eed d\u1ee5ng<\/td>\n<td>3 th\u00e1ng k\u1ec3 t\u1eeb ng\u00e0y s\u1ea3n xu\u1ea5t.<\/td>\n<\/tr>\n<tr>\n<td>B\u1ea3o qu\u1ea3n<\/td>\n<td>B\u1ea3o qu\u1ea3n \u0110\u00f4ng L\u1ea1nh \u1edf nhi\u1ec7t \u0111\u1ed9 d\u01b0\u1edbi\u00a0<span class=\"math-inline\" data-math=\"-18^\\circ\\text{C}\">18 \u0111\u1ed9 C<\/span><\/td>\n<\/tr>\n<tr>\n<td>\u00a0Kh\u1ed1i l\u01b0\u1ee3ng<\/td>\n<td>350g<\/td>\n<\/tr>\n<\/tbody>\n<\/table>\n<p>M\u1eb7c d\u00f9 Croissant c\u00f3 ngu\u1ed3n g\u1ed1c t\u1eeb \u00c1o, nh\u01b0ng ch\u00ednh ng\u01b0\u1eddi Ph\u00e1p \u0111\u00e3 ho\u00e0n thi\u1ec7n c\u00f4ng th\u1ee9c v\u00e0 bi\u1ebfn n\u00f3 th\u00e0nh bi\u1ec3u t\u01b0\u1ee3ng qu\u1ed1c gia, \u0111\u1eb7c bi\u1ec7t l\u00e0 s\u1ef1 k\u1ebft h\u1ee3p v\u1edbi s\u00f4-c\u00f4-la \u0111\u1ec3 t\u1ea1o ra\u00a0<b>Pain au Chocolat<\/b>\u00a0(t\u00ean g\u1ecdi ti\u1ebfng Ph\u00e1p c\u1ee7a b\u00e1nh s\u1eebng b\u00f2 nh\u00e2n s\u00f4-c\u00f4-la). Ch\u1ea5t l\u01b0\u1ee3ng c\u1ee7a B\u00e1nh S\u1eebng B\u00f2 Ph\u00e1p \u0111\u01b0\u1ee3c quy\u1ebft \u0111\u1ecbnh b\u1edfi hai y\u1ebfu t\u1ed1 ch\u00ednh: k\u1ef9 thu\u1eadt\u00a0<b>C\u00e1n L\u1edbp (Lamination)<\/b>\u00a0v\u00e0 nguy\u00ean li\u1ec7u\u00a0<b>B\u01a1 Nguy\u00ean Ch\u1ea5t<\/b>.<\/p>\n<p><img fetchpriority=\"high\" decoding=\"async\" class=\"aligncenter\" src=\"https:\/\/havamall.com\/wp-content\/uploads\/2025\/11\/PainAuChocolat03.jpg\" alt=\"Pain au Chocolat \u2013 Enchante\" width=\"800\" height=\"1000\" \/><\/p>\n<p>C\u00e1n L\u1edbp l\u00e0 m\u1ed9t k\u1ef9 thu\u1eadt l\u00e0m b\u00e1nh k\u1ef3 c\u00f4ng, trong \u0111\u00f3 b\u1ed9t nh\u00e0o \u0111\u01b0\u1ee3c g\u1ea5p l\u1ea1i nhi\u1ec1u l\u1ea7n v\u1edbi m\u1ed9t l\u1edbp b\u01a1 d\u00e0y \u1edf gi\u1eefa. Qu\u00e1 tr\u00ecnh n\u00e0y t\u1ea1o ra h\u00e0ng tr\u0103m l\u1edbp b\u1ed9t v\u00e0 b\u01a1 xen k\u1ebd. Khi n\u01b0\u1edbng, b\u01a1 tan ch\u1ea3y v\u00e0 bi\u1ebfn th\u00e0nh h\u01a1i n\u01b0\u1edbc, \u0111\u1ea9y c\u00e1c l\u1edbp b\u1ed9t ph\u1ed3ng l\u00ean, t\u1ea1o ra k\u1ebft c\u1ea5u\u00a0<b>Ng\u00e0n L\u1edbp (Flaky)<\/b>\u00a0\u0111\u1eb7c tr\u01b0ng c\u1ee7a Croissant: v\u1ecf ngo\u00e0i gi\u00f2n tan, v\u1ee1 v\u1ee5n, b\u00ean trong m\u1ec1m x\u1ed1p v\u00e0 r\u1ed7ng. S\u1ea3n ph\u1ea9m n\u00e0y, d\u00f9 \u1edf d\u1ea1ng \u0111\u00f4ng l\u1ea1nh, v\u1eabn tu\u00e2n th\u1ee7 nghi\u00eam ng\u1eb7t quy tr\u00ecnh c\u00e1n l\u1edbp truy\u1ec1n th\u1ed1ng \u0111\u1ec3 \u0111\u1ea3m b\u1ea3o khi n\u01b0\u1edbng, b\u00e1nh n\u1edf \u0111\u00fang chu\u1ea9n.<\/p>\n<p>\u2013\u00a0<b>B\u01a0:<\/b>\u00a0C\u00f4ng th\u1ee9c chu\u1ea9n Ph\u00e1p y\u00eau c\u1ea7u s\u1eed d\u1ee5ng\u00a0<b>B\u01a1 Nguy\u00ean Ch\u1ea5t (Beurre Fin)<\/b>\u00a0thay v\u00ec b\u01a1 th\u1ef1c v\u1eadt. B\u01a1 nguy\u00ean ch\u1ea5t kh\u00f4ng ch\u1ec9 mang l\u1ea1i h\u01b0\u01a1ng th\u01a1m b\u00e9o ng\u1eady, t\u1ef1 nhi\u00ean, s\u00e2u l\u1eafng m\u00e0 c\u00f2n l\u00e0 ch\u00eca kh\u00f3a cho \u0111\u1ed9 gi\u00f2n v\u00e0 m\u1ec1m c\u1ee7a b\u00e1nh. B\u01a1 th\u1eadt c\u00f3 nhi\u1ec7t \u0111\u1ed9 n\u00f3ng ch\u1ea3y l\u00fd t\u01b0\u1edfng, gi\u00fap qu\u00e1 tr\u00ecnh c\u00e1n l\u1edbp di\u1ec5n ra th\u00e0nh c\u00f4ng.<\/p>\n<p>\u2013\u00a0<b>NH\u00c2N S\u00d4-C\u00d4-LA:<\/b>\u00a0S\u00f4-c\u00f4-la \u0111\u01b0\u1ee3c s\u1eed d\u1ee5ng th\u01b0\u1eddng l\u00e0 lo\u1ea1i s\u00f4-c\u00f4-la \u0111en ch\u1ea5t l\u01b0\u1ee3ng cao (th\u01b0\u1eddng l\u00e0 thanh s\u00f4-c\u00f4-la Barres de Chocolat) c\u00f3 v\u1ecb \u0111\u1eafng nh\u1eb9, gi\u00fap c\u00e2n b\u1eb1ng \u0111\u1ed9 ng\u1ecdt v\u00e0 \u0111\u1ed9 b\u00e9o c\u1ee7a v\u1ecf b\u00e1nh. Nh\u00e2n s\u00f4-c\u00f4-la tan ch\u1ea3y khi n\u01b0\u1edbng t\u1ea1o n\u00ean d\u00f2ng ch\u1ea3y m\u1ec1m m\u1ea1i, n\u00f3ng \u1ea5m, l\u00e0 \u0111i\u1ec3m nh\u1ea5n kh\u00f4ng th\u1ec3 thi\u1ebfu c\u1ee7a\u00a0<b>Pain au Chocolat<\/b>.<\/p>\n<p><img decoding=\"async\" class=\"aligncenter  wp-image-43386\" src=\"https:\/\/havamall.com\/wp-content\/uploads\/2025\/11\/img_7541-scaled.jpg\" alt=\"\" width=\"800\" height=\"800\" \/><\/p>\n<p data-path-to-node=\"26\">H\u01b0\u01a1ng v\u1ecb b\u01a1 b\u00e9o ng\u1eady, k\u1ebft h\u1ee3p v\u1edbi v\u1ecb ng\u1ecdt \u0111\u1eafng h\u00e0i h\u00f2a c\u1ee7a s\u00f4-c\u00f4-la, t\u1ea1o n\u00ean m\u1ed9t s\u1ef1 h\u00f2a quy\u1ec7n tuy\u1ec7t v\u1eddi. B\u00e1nh th\u01b0\u1eddng \u0111\u01b0\u1ee3c th\u01b0\u1edfng th\u1ee9c k\u00e8m v\u1edbi c\u00e0 ph\u00ea Latte, Cappuccino, ho\u1eb7c m\u1ed9t t\u00e1ch tr\u00e0 Earl Grey \u0111\u1ec3 c\u00e2n b\u1eb1ng v\u1ecb b\u00e9o.<\/p>\n<p data-path-to-node=\"26\"><img decoding=\"async\" class=\"aligncenter\" src=\"https:\/\/havamall.com\/wp-content\/uploads\/2025\/11\/laubry-mini-choco.jpg\" alt=\"Mini Chocolat Croissant Premium AOC French Butter - pack of 20 - Le Petit  Epicurien\" width=\"800\" height=\"800\" \/><\/p>\n<blockquote>\n<h4><em>C\u00c1CH S\u1eec D\u1ee4NG V\u00c0 KH\u1ea8U PH\u1ea6N N\u01af\u1edaNG CHU\u1ea8N<\/em><\/h4>\n<\/blockquote>\n<p data-path-to-node=\"29\">\u2013\u00a0<b>B\u01af\u1edaC 1: R\u00c3 \u0110\u00d4NG (TH\u1edcI GIAN NG\u1ee6):<\/b>\u00a0\u0110\u1eb7t b\u00e1nh \u0111\u00e3 \u0111\u00f4ng l\u1ea1nh l\u00ean khay n\u01b0\u1edbng c\u00f3 l\u00f3t gi\u1ea5y n\u1ebfn. \u0110\u1ec3 b\u00e1nh r\u00e3 \u0111\u00f4ng t\u1ef1 nhi\u00ean \u1edf nhi\u1ec7t \u0111\u1ed9 ph\u00f2ng (kho\u1ea3ng\u00a0<span class=\"math-inline\" data-math=\"20^\\circ\\text{C}\"><span class=\"katex\"><span class=\"katex-html\" aria-hidden=\"true\"><span class=\"base\"><span class=\"mord\">2<\/span><span class=\"mord\">0<span class=\"msupsub\"><span class=\"vlist-t\"><span class=\"vlist-r\"><span class=\"vlist\"><span class=\"\"><span class=\"sizing reset-size6 size3 mtight\"><span class=\"mbin mtight\">\u2218<\/span><\/span><\/span><\/span><\/span><\/span><\/span><\/span><span class=\"mord text\"><span class=\"mord\">C<\/span><\/span><\/span><\/span><\/span><\/span>\u00a0\u2013\u00a0<span class=\"math-inline\" data-math=\"25^\\circ\\text{C}\"><span class=\"katex\"><span class=\"katex-html\" aria-hidden=\"true\"><span class=\"base\"><span class=\"mord\">2<\/span><span class=\"mord\">5<span class=\"msupsub\"><span class=\"vlist-t\"><span class=\"vlist-r\"><span class=\"vlist\"><span class=\"\"><span class=\"sizing reset-size6 size3 mtight\"><span class=\"mbin mtight\">\u2218<\/span><\/span><\/span><\/span><\/span><\/span><\/span><\/span><span class=\"mord text\"><span class=\"mord\">C<\/span><\/span><\/span><\/span><\/span><\/span>) trong kho\u1ea3ng\u00a0<span class=\"math-inline\" data-math=\"60\"><span class=\"katex\"><span class=\"katex-html\" aria-hidden=\"true\"><span class=\"base\"><span class=\"mord\">60<\/span><\/span><\/span><\/span><\/span>\u00a0\u0111\u1ebfn\u00a0<span class=\"math-inline\" data-math=\"90\"><span class=\"katex\"><span class=\"katex-html\" aria-hidden=\"true\"><span class=\"base\"><span class=\"mord\">90<\/span><\/span><\/span><\/span><\/span>\u00a0ph\u00fat. Giai \u0111o\u1ea1n n\u00e0y r\u1ea5t quan tr\u1ecdng \u0111\u1ec3 men ho\u1ea1t \u0111\u1ed9ng, gi\u00fap b\u00e1nh n\u1edf t\u1ed1t h\u01a1n.<\/p>\n<p data-path-to-node=\"29\">\u2013\u00a0<b>B\u01af\u1edaC 2: QU\u00c9T TR\u1ee8NG (T\u00d9Y CH\u1eccN):<\/b>\u00a0\u0110\u1ec3 c\u00f3 m\u00e0u v\u00e0ng n\u00e2u \u00f3ng \u1ea3, b\u1ea1n c\u00f3 th\u1ec3 qu\u00e9t m\u1ed9t l\u1edbp m\u1ecfng l\u00f2ng \u0111\u1ecf tr\u1ee9ng \u0111\u00e3 \u0111\u00e1nh tan l\u00ean b\u1ec1 m\u1eb7t b\u00e1nh tr\u01b0\u1edbc khi n\u01b0\u1edbng.<\/p>\n<p data-path-to-node=\"29\">\u2013\u00a0<b>B\u01af\u1edaC 3: N\u01af\u1edaNG:<\/b>\u00a0L\u00e0m n\u00f3ng l\u00f2 n\u01b0\u1edbng \u0111\u1ebfn nhi\u1ec7t \u0111\u1ed9 kho\u1ea3ng\u00a0<span class=\"math-inline\" data-math=\"170^\\circ\\text{C}\"><span class=\"katex\"><span class=\"katex-html\" aria-hidden=\"true\"><span class=\"base\"><span class=\"mord\">17<\/span><span class=\"mord\">0<span class=\"msupsub\"><span class=\"vlist-t\"><span class=\"vlist-r\"><span class=\"vlist\"><span class=\"\"><span class=\"sizing reset-size6 size3 mtight\"><span class=\"mbin mtight\">\u2218<\/span><\/span><\/span><\/span><\/span><\/span><\/span><\/span><span class=\"mord text\"><span class=\"mord\">C<\/span><\/span><\/span><\/span><\/span><\/span>\u00a0\u2013\u00a0<span class=\"math-inline\" data-math=\"180^\\circ\\text{C}\"><span class=\"katex\"><span class=\"katex-html\" aria-hidden=\"true\"><span class=\"base\"><span class=\"mord\">18<\/span><span class=\"mord\">0<span class=\"msupsub\"><span class=\"vlist-t\"><span class=\"vlist-r\"><span class=\"vlist\"><span class=\"\"><span class=\"sizing reset-size6 size3 mtight\"><span class=\"mbin mtight\">\u2218<\/span><\/span><\/span><\/span><\/span><\/span><\/span><\/span><span class=\"mord text\"><span class=\"mord\">C<\/span><\/span><\/span><\/span><\/span><\/span>. N\u01b0\u1edbng b\u00e1nh trong kho\u1ea3ng\u00a0<span class=\"math-inline\" data-math=\"15\"><span class=\"katex\"><span class=\"katex-html\" aria-hidden=\"true\"><span class=\"base\"><span class=\"mord\">15<\/span><\/span><\/span><\/span><\/span>\u00a0\u0111\u1ebfn\u00a0<span class=\"math-inline\" data-math=\"20\"><span class=\"katex\"><span class=\"katex-html\" aria-hidden=\"true\"><span class=\"base\"><span class=\"mord\">20<\/span><\/span><\/span><\/span><\/span>\u00a0ph\u00fat, ho\u1eb7c cho \u0111\u1ebfn khi b\u00e1nh chuy\u1ec3n sang m\u00e0u v\u00e0ng n\u00e2u \u0111\u1eadm v\u00e0 n\u1edf ph\u1ed3ng ho\u00e0n to\u00e0n.<\/p>\n<p data-path-to-node=\"29\">\u2013\u00a0<b>B\u01af\u1edaC 4: TH\u01af\u1edeNG TH\u1ee8C:<\/b>\u00a0\u0102n b\u00e1nh ngay khi v\u1eeba l\u1ea5y ra kh\u1ecfi l\u00f2 \u0111\u1ec3 c\u1ea3m nh\u1eadn \u0111\u1ed9 gi\u00f2n c\u1ee7a v\u1ecf v\u00e0 nh\u00e2n s\u00f4-c\u00f4-la n\u00f3ng ch\u1ea3y.<\/p>\n<p data-path-to-node=\"29\"><img loading=\"lazy\" decoding=\"async\" class=\"aligncenter\" src=\"https:\/\/havamall.com\/wp-content\/uploads\/2025\/11\/eggrv3bem3k61.jpg\" alt=\"Pain au chocolat perfectly proofed. Need I say more? : r\/FoodPorn\" width=\"800\" height=\"1066\" \/><\/p>\n<p data-path-to-node=\"30\">B\u00e1nh S\u1eebng B\u00f2 Mini (Croissant) Nh\u00e2n S\u00f4-c\u00f4-la D\u1ea1ng \u0110\u00f4ng L\u1ea1nh B\u01a1 Nguy\u00ean Ch\u1ea5t Ph\u00e1p\u00a0<span class=\"math-inline\" data-math=\"350\\text{g}\"><span class=\"katex\"><span class=\"katex-html\" aria-hidden=\"true\"><span class=\"base\"><span class=\"mord\">350<\/span><span class=\"mord text\"><span class=\"mord\">g<\/span><\/span><\/span><\/span><\/span><\/span>\u00a0(10 B\u00e1nh) l\u00e0 s\u1ef1 l\u1ef1a ch\u1ecdn l\u00fd t\u01b0\u1edfng cho nh\u1eefng ai tr\u00e2n tr\u1ecdng ch\u1ea5t l\u01b0\u1ee3ng v\u00e0 mu\u1ed1n mang tr\u1ea3i nghi\u1ec7m \u1ea9m th\u1ef1c Paris v\u1ec1 v\u1edbi c\u0103n b\u1ebfp c\u1ee7a m\u00ecnh.\u00a0S\u1ea3n ph\u1ea9m ch\u00ednh h\u00e3ng\u00a0<b>Mini Chocolate Croissant<\/b>\u00a0hi\u1ec7n \u0111ang \u0111\u01b0\u1ee3c ph\u00e2n ph\u1ed1i t\u1ea1i\u00a0<b>Havamall<\/b>.<\/p>","protected":false},"excerpt":{"rendered":"<p>TH\u00d4NG TIN CHUNG Xu\u1ea5t x\u1ee9 Ph\u00e1p Th\u00e0nh ph\u1ea7n B\u1ed9t m\u00ec, socola, b\u01a1, s\u1eefa, \u0111\u01b0\u1eddng, mu\u1ed1i, men, tinh b\u1ed9t,\u2026 H\u1ea1n s\u1eed<\/p>","protected":false},"featured_media":43482,"comment_status":"open","ping_status":"closed","template":"","meta":[],"product_brand":[],"product_cat":[679,671],"product_tag":[],"class_list":{"0":"post-43481","1":"product","2":"type-product","3":"status-publish","4":"has-post-thumbnail","6":"product_cat-banh-dong-lanh","7":"product_cat-nhap-khau-phap","9":"first","10":"instock","11":"sale","12":"shipping-taxable","13":"purchasable","14":"product-type-simple"},"_links":{"self":[{"href":"https:\/\/havamall.vn\/en\/wp-json\/wp\/v2\/product\/43481"}],"collection":[{"href":"https:\/\/havamall.vn\/en\/wp-json\/wp\/v2\/product"}],"about":[{"href":"https:\/\/havamall.vn\/en\/wp-json\/wp\/v2\/types\/product"}],"replies":[{"embeddable":true,"href":"https:\/\/havamall.vn\/en\/wp-json\/wp\/v2\/comments?post=43481"}],"version-history":[{"count":0,"href":"https:\/\/havamall.vn\/en\/wp-json\/wp\/v2\/product\/43481\/revisions"}],"wp:featuredmedia":[{"embeddable":true,"href":"https:\/\/havamall.vn\/en\/wp-json\/wp\/v2\/media\/43482"}],"wp:attachment":[{"href":"https:\/\/havamall.vn\/en\/wp-json\/wp\/v2\/media?parent=43481"}],"wp:term":[{"taxonomy":"product_brand","embeddable":true,"href":"https:\/\/havamall.vn\/en\/wp-json\/wp\/v2\/product_brand?post=43481"},{"taxonomy":"product_cat","embeddable":true,"href":"https:\/\/havamall.vn\/en\/wp-json\/wp\/v2\/product_cat?post=43481"},{"taxonomy":"product_tag","embeddable":true,"href":"https:\/\/havamall.vn\/en\/wp-json\/wp\/v2\/product_tag?post=43481"}],"curies":[{"name":"wp","href":"https:\/\/api.w.org\/{rel}","templated":true}]}}