{"id":43477,"date":"2025-11-20T16:56:53","date_gmt":"2025-11-20T09:56:53","guid":{"rendered":"https:\/\/havamall.vn\/?post_type=product&#038;p=43477"},"modified":"2026-01-27T13:09:48","modified_gmt":"2026-01-27T06:09:48","slug":"keo-caramel-cung-truyen-thong-hop-thiec-cao-cap-werthers-original-325g-original-cream-candies","status":"publish","type":"product","link":"https:\/\/havamall.vn\/en\/shop\/keo-caramel-cung-truyen-thong-hop-thiec-cao-cap-werthers-original-325g-original-cream-candies\/","title":{"rendered":"K\u1eb9o Caramel C\u1ee9ng Truy\u1ec1n Th\u1ed1ng H\u1ed9p Thi\u1ebfc Cao C\u1ea5p Werther&#8217;s Original 90g \u2013 Original Cream Candies"},"content":{"rendered":"<h2>TH\u00d4NG TIN S\u1ea2N PH\u1ea8M<\/h2>\n<table style=\"width: 89.978%; height: 174px;\" data-path-to-node=\"6\">\n<tbody>\n<tr>\n<td data-path-to-node=\"6,1,0,0\"><b>Th\u01b0\u01a1ng Hi\u1ec7u<\/b><\/td>\n<td data-path-to-node=\"6,1,1,0\">Werther&#8217;s Original<\/td>\n<\/tr>\n<tr>\n<td data-path-to-node=\"6,2,0,0\"><b>Xu\u1ea5t X\u1ee9<\/b><\/td>\n<td data-path-to-node=\"6,2,1,0\">\u0110\u1ee9c (Germany)<\/td>\n<\/tr>\n<tr>\n<td data-path-to-node=\"6,3,0,0\"><b>Th\u00e0nh Ph\u1ea7n<\/b><\/td>\n<td data-path-to-node=\"6,3,1,0\">\u0110\u01b0\u1eddng \u2013 Si-r\u00f4 Glucose \u2013 Kem (Kho\u1ea3ng 7%) \u2013 B\u01a1 \u2013 Whey C\u00f4 \u0110\u1eb7c \u2013 Mu\u1ed1i \u2013 Si-r\u00f4 \u0110\u01b0\u1eddng M\u00eda \u2013 Ch\u1ea5t Nh\u0169 H\u00f3a \u2013 H\u01b0\u01a1ng Li\u1ec7u T\u1ef1 Nhi\u00ean (\u0110i\u1ec3m nh\u1ea5n l\u00e0 s\u1eed d\u1ee5ng Kem v\u00e0 B\u01a1 th\u1eadt).<\/td>\n<\/tr>\n<tr>\n<td data-path-to-node=\"6,4,0,0\"><b>H\u1ea1n S\u1eed D\u1ee5ng<\/b><\/td>\n<td data-path-to-node=\"6,4,1,0\">24\u201336 th\u00e1ng k\u1ec3 t\u1eeb ng\u00e0y s\u1ea3n xu\u1ea5t<\/td>\n<\/tr>\n<tr>\n<td data-path-to-node=\"6,5,0,0\"><b>Kh\u1ed1i L\u01b0\u1ee3ng<\/b><\/td>\n<td data-path-to-node=\"6,5,1,0\">90g (trong h\u1ed9p thi\u1ebfc)<\/td>\n<\/tr>\n<\/tbody>\n<\/table>\n<p data-path-to-node=\"10\">Theo truy\u1ec1n thuy\u1ebft, v\u00e0o n\u0103m\u00a0<span class=\"math-inline\" data-math=\"1903\"><span class=\"katex\"><span class=\"katex-html\" aria-hidden=\"true\"><span class=\"base\"><span class=\"mord\">1903<\/span><\/span><\/span><\/span><\/span>, m\u1ed9t th\u1ee3 l\u00e0m b\u00e1nh k\u1eb9o t\u00ean l\u00e0\u00a0<b>Gustav Nebel<\/b>\u00a0\u0111\u00e3 t\u1ea1o ra c\u00f4ng th\u1ee9c k\u1eb9o \u0111\u1eb7c bi\u1ec7t n\u00e0y, s\u1eed d\u1ee5ng nh\u1eefng nguy\u00ean li\u1ec7u t\u1ed1t nh\u1ea5t \u00f4ng c\u00f3: b\u01a1 t\u01b0\u01a1i, kem t\u01b0\u01a1i, \u0111\u01b0\u1eddng tr\u1eafng, \u0111\u01b0\u1eddng n\u00e2u v\u00e0 m\u1ed9t ch\u00fat mu\u1ed1i. C\u00f4ng th\u1ee9c n\u00e0y \u0111\u00e3 tr\u1edf th\u00e0nh n\u1ec1n t\u1ea3ng cho s\u1ef1 ra \u0111\u1eddi c\u1ee7a\u00a0<b>Werther&#8217;s Original<\/b>. Th\u01b0\u01a1ng hi\u1ec7u n\u00e0y, hi\u1ec7n thu\u1ed9c s\u1edf h\u1eefu c\u1ee7a c\u00f4ng ty Storck, \u0111\u00e3 lan t\u1ecfa h\u01b0\u01a1ng v\u1ecb caramel truy\u1ec1n th\u1ed1ng c\u1ee7a \u0110\u1ee9c ra kh\u1eafp th\u1ebf gi\u1edbi. Werther&#8217;s Original kh\u00f4ng ch\u1ec9 l\u00e0 m\u1ed9t vi\u00ean k\u1eb9o m\u00e0 c\u00f2n l\u00e0 bi\u1ec3u t\u01b0\u1ee3ng c\u1ee7a s\u1ef1 \u1ea5m \u00e1p, ho\u00e0i ni\u1ec7m v\u00e0 nh\u1eefng k\u00fd \u1ee9c ng\u1ecdt ng\u00e0o.<\/p>\n<p data-path-to-node=\"10\"><img fetchpriority=\"high\" decoding=\"async\" class=\"aligncenter wp-image-43377\" src=\"https:\/\/havamall.com\/wp-content\/uploads\/2025\/11\/576885216_1151791710426667_533591526285312002_n.jpg\" alt=\"\" width=\"800\" height=\"800\" \/><\/p>\n<blockquote>\n<h4><strong><em><span style=\"font-size: 14pt;\">B\u00cd M\u1eacT C\u1ee6A C\u00d4NG TH\u1ee8C TRUY\u1ec0N TH\u1ed0NG<\/span><\/em><\/strong><\/h4>\n<\/blockquote>\n<p>\u2013\u00a0<b>KEM V\u00c0 B\u01a0 TH\u1eacT:<\/b>\u00a0Vi\u1ec7c s\u1eed d\u1ee5ng h\u00e0m l\u01b0\u1ee3ng kem v\u00e0 b\u01a1 th\u1eadt (kho\u1ea3ng\u00a0<span class=\"math-inline\" data-math=\"7\\%\"><span class=\"katex\"><span class=\"katex-html\" aria-hidden=\"true\"><span class=\"base\"><span class=\"mord\">7%<\/span><\/span><\/span><\/span><\/span>\u00a0kem t\u01b0\u01a1i) trong qu\u00e1 tr\u00ecnh ch\u1ebf bi\u1ebfn caramel gi\u00fap l\u00e0m m\u1ec1m k\u1ebft c\u1ea5u k\u1eb9o v\u00e0 l\u00e0m phong ph\u00fa th\u00eam h\u01b0\u01a1ng v\u1ecb. C\u00e1c ch\u1ea5t b\u00e9o n\u00e0y h\u00f2a quy\u1ec7n v\u1edbi \u0111\u01b0\u1eddng, t\u1ea1o ra ph\u1ea3n \u1ee9ng Maillard trong qu\u00e1 tr\u00ecnh c\u00f4 \u0111\u1eb7c, cho ra m\u00e0u v\u00e0ng \u00f3ng \u1ea3 v\u00e0 h\u01b0\u01a1ng th\u01a1m caramel \u0111\u1eadm \u0111\u00e0, s\u00e2u l\u1eafng, kh\u00f4ng b\u1ecb g\u1eaft.<\/p>\n<p>\u2013\u00a0<b>K\u1ebeT C\u1ea4U K\u1eb8O C\u1ee8NG (HARD CANDIES):<\/b>\u00a0K\u1eb9o c\u00f3 k\u1ebft c\u1ea5u c\u1ee9ng nh\u01b0ng m\u1ecbn m\u00e0ng, tan ch\u1ea3y t\u1eeb t\u1eeb trong mi\u1ec7ng, cho ph\u00e9p ng\u01b0\u1eddi th\u01b0\u1edfng th\u1ee9c c\u1ea3m nh\u1eadn \u0111\u01b0\u1ee3c t\u1eebng t\u1ea7ng h\u01b0\u01a1ng v\u1ecb, t\u1eeb ng\u1ecdt ng\u00e0o c\u1ee7a \u0111\u01b0\u1eddng \u0111\u1ebfn v\u1ecb b\u00e9o ng\u1eady c\u1ee7a kem v\u00e0 v\u1ecb m\u1eb7n nh\u1eb9 c\u1ee7a mu\u1ed1i. Tr\u1ea3i nghi\u1ec7m ng\u1eadm k\u1eb9o k\u00e9o d\u00e0i, mang l\u1ea1i s\u1ef1 th\u1ecfa m\u00e3n k\u00e9o d\u00e0i.<\/p>\n<p>\u2013\u00a0<b>PH\u1ee4 GIA C\u00c2N B\u1eb0NG:<\/b>\u00a0C\u00f4ng th\u1ee9c s\u1eed d\u1ee5ng c\u00e1c th\u00e0nh ph\u1ea7n nh\u01b0 si-r\u00f4 glucose v\u00e0 whey c\u00f4 \u0111\u1eb7c \u0111\u1ec3 \u1ed5n \u0111\u1ecbnh c\u1ea5u tr\u00fac v\u00e0 \u0111\u1ed9 \u1ea9m c\u1ee7a k\u1eb9o, \u0111\u1ea3m b\u1ea3o m\u1ed7i vi\u00ean k\u1eb9o \u0111\u1ec1u gi\u1eef \u0111\u01b0\u1ee3c ch\u1ea5t l\u01b0\u1ee3ng ho\u00e0n h\u1ea3o v\u00e0 kh\u00f4ng b\u1ecb d\u00ednh.<\/p>\n<p><img decoding=\"async\" class=\"aligncenter wp-image-43378\" src=\"https:\/\/havamall.com\/wp-content\/uploads\/2025\/11\/glas-voll-gold-5-stueck4.jpg\" alt=\"\" width=\"801\" height=\"801\" \/><\/p>\n<p><img decoding=\"async\" class=\"aligncenter wp-image-43380\" src=\"https:\/\/havamall.com\/wp-content\/uploads\/2025\/11\/1fa78f0d52e29f5aa2c889c43ad7a170.jpg\" alt=\"\" width=\"801\" height=\"801\" \/><\/p>\n<p data-path-to-node=\"17\">K\u1eb9o Kem Caramel C\u1ee9ng Werther&#8217;s Original \u0111\u00e3 v\u01b0\u1ee3t qua vai tr\u00f2 c\u1ee7a m\u1ed9t m\u00f3n \u0103n v\u1eb7t, tr\u1edf th\u00e0nh m\u1ed9t ph\u1ea7n c\u1ee7a v\u0103n h\u00f3a t\u1eb7ng qu\u00e0 v\u00e0 c\u00e1c bu\u1ed5i g\u1eb7p g\u1ee1 gia \u0111\u00ecnh.<\/p>\n<p data-path-to-node=\"22\">\u2013\u00a0<b>TH\u01af\u1edeNG TH\u1ee8C:<\/b>\u00a0K\u1eb9o \u0111\u01b0\u1ee3c thi\u1ebft k\u1ebf \u0111\u1ec3 ng\u1eadm, kh\u00f4ng n\u00ean c\u1eafn v\u1ed9i v\u00e0ng. H\u00e3y \u0111\u1ec3 k\u1eb9o tan ch\u1ea3y t\u1eeb t\u1eeb trong mi\u1ec7ng \u0111\u1ec3 c\u1ea3m nh\u1eadn h\u1ebft \u0111\u1ed9 b\u00e9o c\u1ee7a kem v\u00e0 b\u01a1 th\u1eadt.<\/p>\n<p data-path-to-node=\"22\">\u2013\u00a0<b>B\u1ea2O QU\u1ea2N:<\/b>\u00a0Sau khi m\u1edf, n\u00ean \u0111\u00f3ng k\u00edn n\u1eafp h\u1ed9p thi\u1ebfc ho\u1eb7c gi\u1eef k\u1eb9o trong bao b\u00ec g\u00f3i ri\u00eang \u0111\u1ec3 tr\u00e1nh ti\u1ebfp x\u00fac v\u1edbi kh\u00f4ng kh\u00ed v\u00e0 \u0111\u1ed9 \u1ea9m. K\u1eb9o Werther&#8217;s Original \u0111\u01b0\u1ee3c g\u00f3i ri\u00eang l\u1ebb, \u0111i\u1ec1u n\u00e0y c\u0169ng gi\u00fap k\u00e9o d\u00e0i th\u1eddi gian b\u1ea3o qu\u1ea3n v\u00e0 \u0111\u1ea3m b\u1ea3o v\u1ec7 sinh.<\/p>\n<p data-path-to-node=\"22\"><img loading=\"lazy\" decoding=\"async\" class=\"aligncenter size-full wp-image-43379\" src=\"https:\/\/havamall.com\/wp-content\/uploads\/2025\/11\/image_01-4.jpg\" alt=\"\" width=\"800\" height=\"1000\" \/><\/p>\n<p data-path-to-node=\"23\">K\u1eb9o Kem Caramel C\u1ee9ng Truy\u1ec1n Th\u1ed1ng H\u1ed9p Thi\u1ebfc Cao C\u1ea5p B\u01a1 V\u00e0 Kem Th\u1eadt \u0110\u1ee9c Werther&#8217;s Original 90g \u2013 Original Cream Candies l\u00e0 s\u1ef1 l\u1ef1a ch\u1ecdn kh\u00f4ng th\u1ec3 thi\u1ebfu cho nh\u1eefng ai y\u00eau th\u00edch h\u01b0\u01a1ng v\u1ecb caramel c\u1ed5 \u0111i\u1ec3n, \u0111\u01b0\u1ee3c l\u00e0m t\u1eeb nh\u1eefng nguy\u00ean li\u1ec7u t\u1ed1t nh\u1ea5t, hi\u1ec7n \u0111ang \u0111\u01b0\u1ee3c ph\u00e2n ph\u1ed1i t\u1ea1i <b>Havamall<\/b>.<\/p>","protected":false},"excerpt":{"rendered":"<p>TH\u00d4NG TIN S\u1ea2N PH\u1ea8M Th\u01b0\u01a1ng Hi\u1ec7u Werther&#8217;s Original Xu\u1ea5t X\u1ee9 \u0110\u1ee9c (Germany) Th\u00e0nh Ph\u1ea7n \u0110\u01b0\u1eddng \u2013 Si-r\u00f4 Glucose \u2013 Kem<\/p>","protected":false},"featured_media":43478,"comment_status":"open","ping_status":"closed","template":"","meta":[],"product_brand":[],"product_cat":[682,133],"product_tag":[],"class_list":{"0":"post-43477","1":"product","2":"type-product","3":"status-publish","4":"has-post-thumbnail","6":"product_cat-nhap-khau-duc","7":"product_cat-banh-keo-chocolate","9":"first","10":"outofstock","11":"sale","12":"shipping-taxable","13":"purchasable","14":"product-type-simple"},"_links":{"self":[{"href":"https:\/\/havamall.vn\/en\/wp-json\/wp\/v2\/product\/43477"}],"collection":[{"href":"https:\/\/havamall.vn\/en\/wp-json\/wp\/v2\/product"}],"about":[{"href":"https:\/\/havamall.vn\/en\/wp-json\/wp\/v2\/types\/product"}],"replies":[{"embeddable":true,"href":"https:\/\/havamall.vn\/en\/wp-json\/wp\/v2\/comments?post=43477"}],"version-history":[{"count":0,"href":"https:\/\/havamall.vn\/en\/wp-json\/wp\/v2\/product\/43477\/revisions"}],"wp:featuredmedia":[{"embeddable":true,"href":"https:\/\/havamall.vn\/en\/wp-json\/wp\/v2\/media\/43478"}],"wp:attachment":[{"href":"https:\/\/havamall.vn\/en\/wp-json\/wp\/v2\/media?parent=43477"}],"wp:term":[{"taxonomy":"product_brand","embeddable":true,"href":"https:\/\/havamall.vn\/en\/wp-json\/wp\/v2\/product_brand?post=43477"},{"taxonomy":"product_cat","embeddable":true,"href":"https:\/\/havamall.vn\/en\/wp-json\/wp\/v2\/product_cat?post=43477"},{"taxonomy":"product_tag","embeddable":true,"href":"https:\/\/havamall.vn\/en\/wp-json\/wp\/v2\/product_tag?post=43477"}],"curies":[{"name":"wp","href":"https:\/\/api.w.org\/{rel}","templated":true}]}}