{"id":43474,"date":"2025-11-20T14:08:12","date_gmt":"2025-11-20T07:08:12","guid":{"rendered":"https:\/\/havamall.vn\/?post_type=product&#038;p=43474"},"modified":"2025-11-20T14:08:12","modified_gmt":"2025-11-20T07:08:12","slug":"banh-quy-bo-my-chessmen-pepperidge-farm-hop-thiec-206g-american-butter-cookies-chessmen","status":"publish","type":"product","link":"https:\/\/havamall.vn\/en\/shop\/banh-quy-bo-my-chessmen-pepperidge-farm-hop-thiec-206g-american-butter-cookies-chessmen\/","title":{"rendered":"B\u00e1nh Quy B\u01a1 M\u1ef9 Chessmen Pepperidge Farm H\u1ed9p Thi\u1ebfc 206g \u2013 American Butter Cookies Chessmen"},"content":{"rendered":"<div id=\"model-response-message-contentr_b0e1761b387a3ae4\" class=\"markdown markdown-main-panel enable-updated-hr-color\" dir=\"ltr\" aria-live=\"polite\">\n<h2>TH\u00d4NG TIN S\u1ea2N PH\u1ea8M<\/h2>\n<table style=\"width: 73.913%;height: 244px\" data-path-to-node=\"6\">\n<tbody>\n<tr>\n<td style=\"width: 16.9492%\" data-path-to-node=\"6,1,0,0\"><b>Th\u01b0\u01a1ng Hi\u1ec7u<\/b><\/td>\n<td style=\"width: 82.2532%\" data-path-to-node=\"6,1,1,0\">Pepperidge Farm<\/td>\n<\/tr>\n<tr>\n<td style=\"width: 16.9492%\" data-path-to-node=\"6,2,0,0\"><b>Xu\u1ea5t X\u1ee9<\/b><\/td>\n<td style=\"width: 82.2532%\" data-path-to-node=\"6,2,1,0\">Hoa K\u1ef3 (Made In USA)<\/td>\n<\/tr>\n<tr>\n<td style=\"width: 16.9492%\" data-path-to-node=\"6,3,0,0\"><b>Th\u00e0nh Ph\u1ea7n<\/b><\/td>\n<td style=\"width: 82.2532%\" data-path-to-node=\"6,3,1,0\">B\u1ed9t M\u00ec Cao C\u1ea5p \u2013\u00a0<b>B\u01a1 Th\u1eadt (Real Butter)<\/b>\u00a0\u2013 \u0110\u01b0\u1eddng \u2013 Tr\u1ee9ng \u2013 Mu\u1ed1i \u2013 H\u01b0\u01a1ng V\u1ecb T\u1ef1 Nhi\u00ean<\/td>\n<\/tr>\n<tr>\n<td style=\"width: 16.9492%\" data-path-to-node=\"6,4,0,0\"><b>H\u1ea1n S\u1eed D\u1ee5ng<\/b><\/td>\n<td style=\"width: 82.2532%\" data-path-to-node=\"6,4,1,0\">9\u201312 th\u00e1ng k\u1ec3 t\u1eeb ng\u00e0y s\u1ea3n xu\u1ea5t<\/td>\n<\/tr>\n<tr>\n<td style=\"width: 16.9492%\" data-path-to-node=\"6,5,0,0\"><b>Kh\u1ed1i L\u01b0\u1ee3ng<\/b><\/td>\n<td style=\"width: 82.2532%\" data-path-to-node=\"6,5,1,0\">206g (trong h\u1ed9p thi\u1ebfc)<\/td>\n<\/tr>\n<\/tbody>\n<\/table>\n<p data-path-to-node=\"10\">\u0110\u01b0\u1ee3c th\u00e0nh l\u1eadp b\u1edfi Margaret Rudkin v\u00e0o n\u0103m\u00a0<span class=\"math-inline\" data-math=\"1937\"><span class=\"katex\"><span class=\"katex-html\" aria-hidden=\"true\"><span class=\"base\"><span class=\"mord\">1937<\/span><\/span><\/span><\/span><\/span>, Pepperidge Farm x\u00e2y d\u1ef1ng danh ti\u1ebfng c\u1ee7a m\u00ecnh d\u1ef1a tr\u00ean tri\u1ebft l\u00fd c\u1ed1t l\u00f5i\u00a0<b>&#8220;Good Is In The Details&#8221;<\/b>\u00a0(S\u1ef1 tinh t\u00fay n\u1eb1m trong t\u1eebng chi ti\u1ebft). Th\u01b0\u01a1ng hi\u1ec7u cam k\u1ebft ch\u1ec9 s\u1eed d\u1ee5ng c\u00e1c nguy\u00ean li\u1ec7u t\u1ed1t nh\u1ea5t, quy tr\u00ecnh n\u01b0\u1edbng b\u00e1nh th\u1ee7 c\u00f4ng v\u00e0 c\u00f4ng th\u1ee9c truy\u1ec1n th\u1ed1ng \u0111\u1ec3 t\u1ea1o ra nh\u1eefng chi\u1ebfc b\u00e1nh kh\u00f4ng ch\u1ec9 ngon mi\u1ec7ng m\u00e0 c\u00f2n mang l\u1ea1i tr\u1ea3i nghi\u1ec7m \u1ea9m th\u1ef1c \u0111\u00e1ng nh\u1edb.<\/p>\n<p data-path-to-node=\"11\">D\u00f2ng b\u00e1nh quy b\u01a1 Chessmen l\u00e0 m\u1ed9t trong nh\u1eefng s\u1ea3n ph\u1ea9m \u0111\u01b0\u1ee3c y\u00eau th\u00edch v\u00e0 l\u00e2u \u0111\u1eddi nh\u1ea5t c\u1ee7a Pepperidge Farm. H\u1ed9p thi\u1ebfc \u0111\u01b0\u1ee3c thi\u1ebft k\u1ebf \u0111\u1eb7c bi\u1ec7t v\u1edbi c\u00e1c bi\u1ec3u t\u01b0\u1ee3ng\u00a0<b>Di S\u1ea3n Hoa K\u1ef3 (American Heritage)<\/b>\u00a0nh\u01b0 c\u1edd M\u1ef9, T\u01b0\u1ee3ng N\u1eef Th\u1ea7n T\u1ef1 Do, c\u1ea7u Brooklyn v\u00e0 b\u1ea7u tr\u1eddi sao, bi\u1ebfn s\u1ea3n ph\u1ea9m th\u00e0nh m\u1ed9t m\u00f3n qu\u00e0 t\u1eb7ng sang tr\u1ecdng, \u00fd ngh\u0129a v\u00e0 mang \u0111\u1eadm b\u1ea3n s\u1eafc v\u0103n h\u00f3a M\u1ef9.<\/p>\n<p data-path-to-node=\"11\"><img fetchpriority=\"high\" decoding=\"async\" class=\"aligncenter  wp-image-43369\" src=\"https:\/\/havamall.com\/wp-content\/uploads\/2025\/11\/8_b05d1aaf-d452-40ce-84bb-177e4b6aaf31.jpg\" alt=\"\" width=\"801\" height=\"801\" \/><\/p>\n<p data-path-to-node=\"11\">S\u1ef1 kh\u00e1c bi\u1ec7t v\u01b0\u1ee3t tr\u1ed9i c\u1ee7a B\u00e1nh Quy B\u01a1 Chessmen n\u1eb1m \u1edf th\u00e0nh ph\u1ea7n c\u1ed1t l\u00f5i:\u00a0<b>B\u01a1 Th\u1eadt (Real Butter)<\/b>. Kh\u00f4ng gi\u1ed1ng nh\u01b0 nhi\u1ec1u lo\u1ea1i b\u00e1nh quy th\u01b0\u01a1ng m\u1ea1i s\u1eed d\u1ee5ng ch\u1ea5t b\u00e9o th\u1ef1c v\u1eadt ho\u1eb7c b\u01a1 nh\u00e2n t\u1ea1o, Pepperidge Farm ki\u00ean \u0111\u1ecbnh s\u1eed d\u1ee5ng b\u01a1 th\u1eadt trong c\u00f4ng th\u1ee9c c\u1ee7a m\u00ecnh.<\/p>\n<p data-path-to-node=\"11\">\u2013\u00a0<b>H\u01af\u01a0NG V\u1eca V\u00c0 \u0110\u1ed8 TH\u01a0M:<\/b>\u00a0B\u01a1 th\u1eadt mang l\u1ea1i h\u01b0\u01a1ng th\u01a1m b\u00e9o ng\u1eady, t\u1ef1 nhi\u00ean v\u00e0 phong ph\u00fa h\u01a1n r\u1ea5t nhi\u1ec1u. Khi n\u01b0\u1edbng \u1edf nhi\u1ec7t \u0111\u1ed9 cao, c\u00e1c h\u1ee3p ch\u1ea5t trong b\u01a1 caramel h\u00f3a, t\u1ea1o ra m\u00f9i th\u01a1m ph\u1ee9c h\u1ee3p \u0111\u1eb7c tr\u01b0ng v\u00e0 kh\u00f4ng th\u1ec3 thay th\u1ebf.<\/p>\n<p data-path-to-node=\"11\">\u2013\u00a0<b>K\u1ebeT C\u1ea4U &#8220;TAN CH\u1ea2Y&#8221;:<\/b>\u00a0B\u01a1 th\u1eadt c\u00f3 nhi\u1ec7t \u0111\u1ed9 n\u00f3ng ch\u1ea3y th\u1ea5p h\u01a1n so v\u1edbi c\u00e1c lo\u1ea1i ch\u1ea5t b\u00e9o kh\u00e1c. Khi chi\u1ebfc b\u00e1nh ch\u1ea1m v\u00e0o mi\u1ec7ng, b\u01a1 s\u1ebd tan ch\u1ea3y nhanh ch\u00f3ng, t\u1ea1o n\u00ean c\u1ea3m gi\u00e1c\u00a0<b>M\u1ec1m M\u1ecbn<\/b>\u00a0v\u00e0\u00a0<b>Tan Trong Mi\u1ec7ng (Melt-in-your-mouth)<\/b>, l\u00e0 \u0111i\u1ec3m nh\u1ea5n khi\u1ebfn b\u00e1nh Chessmen \u0111\u01b0\u1ee3c y\u00eau th\u00edch.<\/p>\n<p data-path-to-node=\"11\">\u2013\u00a0<b>\u0110\u1ed8 GI\u00d2N HO\u00c0N H\u1ea2O:<\/b>\u00a0C\u00f4ng th\u1ee9c t\u1ed1i \u01b0u h\u00f3a h\u00e0m l\u01b0\u1ee3ng b\u01a1 gi\u00fap chi\u1ebfc b\u00e1nh gi\u1eef \u0111\u01b0\u1ee3c \u0111\u1ed9 gi\u00f2n nh\u1ea5t \u0111\u1ecbnh khi c\u1eafn, sau \u0111\u00f3 nhanh ch\u00f3ng tan ch\u1ea3y, mang l\u1ea1i tr\u1ea3i nghi\u1ec7m th\u00fa v\u1ecb cho ng\u01b0\u1eddi th\u01b0\u1edfng th\u1ee9c.<\/p>\n<p data-path-to-node=\"11\"><img decoding=\"async\" class=\"aligncenter  wp-image-43371\" src=\"https:\/\/havamall.com\/wp-content\/uploads\/2025\/11\/Not-Yo-Mama-Banana-Pudding-1-1-scaled-1.webp\" alt=\"\" width=\"801\" height=\"534\" \/><\/p>\n<\/div>\n<p data-path-to-node=\"11\">T\u00ean g\u1ecdi\u00a0<b>Chessmen<\/b>\u00a0(Qu\u00e2n C\u1edd) xu\u1ea5t ph\u00e1t t\u1eeb thi\u1ebft k\u1ebf \u0111\u1ed9c \u0111\u00e1o c\u1ee7a t\u1eebng chi\u1ebfc b\u00e1nh. M\u1ed7i chi\u1ebfc b\u00e1nh quy b\u01a1 \u0111\u01b0\u1ee3c t\u1ea1o h\u00ecnh tinh x\u1ea3o v\u1edbi c\u00e1c h\u1ecda ti\u1ebft l\u1ea5y c\u1ea3m h\u1ee9ng t\u1eeb c\u00e1c qu\u00e2n c\u1edd vua nh\u01b0 Vua, H\u1eadu, T\u01b0\u1ee3ng, Xe, M\u00e3 v\u00e0 T\u1ed1t. Chi ti\u1ebft n\u00e0y th\u1ec3 hi\u1ec7n s\u1ef1 t\u1ec9 m\u1ec9, nh\u1ea5n m\u1ea1nh tri\u1ebft l\u00fd &#8220;Good Is In The Details&#8221; c\u1ee7a Pepperidge Farm, bi\u1ebfn chi\u1ebfc b\u00e1nh quy \u0111\u01a1n gi\u1ea3n th\u00e0nh m\u1ed9t t\u00e1c ph\u1ea9m ngh\u1ec7 thu\u1eadt nh\u1ecf, ho\u00e0n h\u1ea3o cho vi\u1ec7c trang tr\u00ed ho\u1eb7c t\u1eb7ng qu\u00e0.<\/p>\n<p data-path-to-node=\"21\">\u2013\u00a0<b>TH\u01af\u1edeNG TH\u1ee8C C\u00d9NG \u0110\u1ed2 U\u1ed0NG N\u00d3NG:<\/b>\u00a0H\u01b0\u01a1ng v\u1ecb b\u01a1 \u0111\u1eadm \u0111\u00e0 c\u1ee7a b\u00e1nh quy Chessmen k\u1ebft h\u1ee3p ho\u00e0n h\u1ea3o v\u1edbi m\u1ed9t t\u00e1ch tr\u00e0 \u0111en, tr\u00e0 th\u1ea3o m\u1ed9c, ho\u1eb7c c\u00e0 ph\u00ea n\u00f3ng. V\u1ecb b\u00e9o c\u1ee7a b\u00e1nh s\u1ebd c\u00e2n b\u1eb1ng v\u1ecb ch\u00e1t v\u00e0 \u0111\u1eafng c\u1ee7a \u0111\u1ed3 u\u1ed1ng.<\/p>\n<p data-path-to-node=\"21\">\u2013\u00a0<b>TR\u00c1NG MI\u1ec6NG HO\u1eb6C \u0102N K\u00c8M:<\/b>\u00a0B\u00e1nh c\u00f3 th\u1ec3 \u0111\u01b0\u1ee3c d\u00f9ng \u0111\u1ec3 trang tr\u00ed tr\u00ean kem, s\u1eefa chua, ho\u1eb7c l\u00e0m l\u1edbp n\u1ec1n gi\u00f2n tan cho c\u00e1c m\u00f3n tr\u00e1ng mi\u1ec7ng nh\u01b0 Cheesecake.<\/p>\n<p data-path-to-node=\"21\">\u2013\u00a0<b>QU\u00c0 T\u1eb6NG CAO C\u1ea4P:<\/b>\u00a0H\u1ed9p thi\u1ebfc h\u00ecnh Di S\u1ea3n Hoa K\u1ef3 l\u00e0 m\u00f3n qu\u00e0 l\u00fd t\u01b0\u1edfng \u0111\u1ec3 t\u1eb7ng \u0111\u1ed1i t\u00e1c, b\u1ea1n b\u00e8, ho\u1eb7c ng\u01b0\u1eddi th\u00e2n trong c\u00e1c d\u1ecbp \u0111\u1eb7c bi\u1ec7t, th\u1ec3 hi\u1ec7n s\u1ef1 tr\u00e2n tr\u1ecdng v\u00e0 gu th\u1ea9m m\u1ef9 cao c\u1ea5p.<\/p>\n<p><img decoding=\"async\" class=\"aligncenter  wp-image-43370\" src=\"https:\/\/havamall.com\/wp-content\/uploads\/2025\/11\/574343317_1284826763680103_8339668083075529835_n.jpg\" alt=\"\" width=\"800\" height=\"800\" \/><\/p>\n<p data-path-to-node=\"23\">B\u00e1nh Quy B\u01a1 M\u1ef9 Chessmen H\u1ed9p Thi\u1ebfc Di S\u1ea3n Hoa K\u1ef3 Pepperidge Farm 206g \u2013 American Butter Cookies Chessmen l\u00e0 s\u1ef1 l\u1ef1a ch\u1ecdn ho\u00e0n h\u1ea3o cho nh\u1eefng ng\u01b0\u1eddi t\u00ecm ki\u1ebfm m\u1ed9t lo\u1ea1i b\u00e1nh quy cao c\u1ea5p, c\u00f3 h\u01b0\u01a1ng v\u1ecb b\u01a1 th\u1eadt \u0111\u1eadm \u0111\u00e0, v\u00e0 s\u1edf h\u1eefu thi\u1ebft k\u1ebf h\u1ed9p thi\u1ebfc mang t\u00ednh bi\u1ec3u t\u01b0\u1ee3ng, hi\u1ec7n \u0111ang \u0111\u01b0\u1ee3c ph\u00e2n ph\u1ed1i t\u1ea1i\u00a0<b>Havamall<\/b>.<\/p>","protected":false},"excerpt":{"rendered":"<p>TH\u00d4NG TIN S\u1ea2N PH\u1ea8M Th\u01b0\u01a1ng Hi\u1ec7u Pepperidge Farm Xu\u1ea5t X\u1ee9 Hoa K\u1ef3 (Made In USA) Th\u00e0nh Ph\u1ea7n B\u1ed9t M\u00ec Cao<\/p>","protected":false},"featured_media":43475,"comment_status":"open","ping_status":"closed","template":"","meta":[],"product_brand":[],"product_cat":[669,133],"product_tag":[],"class_list":{"0":"post-43474","1":"product","2":"type-product","3":"status-publish","4":"has-post-thumbnail","6":"product_cat-nhap-khau-my","7":"product_cat-banh-keo-chocolate","9":"first","10":"instock","11":"sale","12":"shipping-taxable","13":"purchasable","14":"product-type-simple"},"_links":{"self":[{"href":"https:\/\/havamall.vn\/en\/wp-json\/wp\/v2\/product\/43474"}],"collection":[{"href":"https:\/\/havamall.vn\/en\/wp-json\/wp\/v2\/product"}],"about":[{"href":"https:\/\/havamall.vn\/en\/wp-json\/wp\/v2\/types\/product"}],"replies":[{"embeddable":true,"href":"https:\/\/havamall.vn\/en\/wp-json\/wp\/v2\/comments?post=43474"}],"version-history":[{"count":0,"href":"https:\/\/havamall.vn\/en\/wp-json\/wp\/v2\/product\/43474\/revisions"}],"wp:featuredmedia":[{"embeddable":true,"href":"https:\/\/havamall.vn\/en\/wp-json\/wp\/v2\/media\/43475"}],"wp:attachment":[{"href":"https:\/\/havamall.vn\/en\/wp-json\/wp\/v2\/media?parent=43474"}],"wp:term":[{"taxonomy":"product_brand","embeddable":true,"href":"https:\/\/havamall.vn\/en\/wp-json\/wp\/v2\/product_brand?post=43474"},{"taxonomy":"product_cat","embeddable":true,"href":"https:\/\/havamall.vn\/en\/wp-json\/wp\/v2\/product_cat?post=43474"},{"taxonomy":"product_tag","embeddable":true,"href":"https:\/\/havamall.vn\/en\/wp-json\/wp\/v2\/product_tag?post=43474"}],"curies":[{"name":"wp","href":"https:\/\/api.w.org\/{rel}","templated":true}]}}