{"id":43450,"date":"2025-11-19T10:08:07","date_gmt":"2025-11-19T03:08:07","guid":{"rendered":"https:\/\/havamall.vn\/?post_type=product&#038;p=43450"},"modified":"2025-11-19T10:08:07","modified_gmt":"2025-11-19T03:08:07","slug":"giay-loc-dau-an-khong-chat-huynh-quang-nhat-ban-kyowa-20-to-oil-filter-paper","status":"publish","type":"product","link":"https:\/\/havamall.vn\/en\/shop\/giay-loc-dau-an-khong-chat-huynh-quang-nhat-ban-kyowa-20-to-oil-filter-paper\/","title":{"rendered":"Gi\u1ea5y L\u1ecdc D\u1ea7u \u0102n Kh\u00f4ng Ch\u1ea5t Hu\u1ef3nh Quang Nh\u1eadt B\u1ea3n Kyowa 20 T\u1edd \u2013 Oil Filter Paper"},"content":{"rendered":"<blockquote><p><em><strong><span style=\"font-size: 18pt\">TH\u00d4NG TIN S\u1ea2N PH\u1ea8M<\/span><\/strong><\/em><\/p><\/blockquote>\n<table style=\"width: 81.1427%\" data-path-to-node=\"6\">\n<tbody>\n<tr>\n<td data-path-to-node=\"6,1,0,0\"><b>Th\u01b0\u01a1ng Hi\u1ec7u<\/b><\/td>\n<td data-path-to-node=\"6,1,1,0\">Kyowa (Kyowa Corporation)<\/td>\n<\/tr>\n<tr>\n<td data-path-to-node=\"6,2,0,0\"><b>Xu\u1ea5t X\u1ee9<\/b><\/td>\n<td data-path-to-node=\"6,2,1,0\">Nh\u1eadt B\u1ea3n (Made In Japan)<\/td>\n<\/tr>\n<tr>\n<td data-path-to-node=\"6,3,0,0\"><b>Th\u00e0nh Ph\u1ea7n<\/b><\/td>\n<td data-path-to-node=\"6,3,1,0\"><b>100% Nguy\u00ean Li\u1ec7u Thi\u00ean Nhi\u00ean<\/b>\u00a0T\u1eeb B\u00e3 B\u00f4ng V\u00e0 B\u00e3 G\u1ed7 (D\u1eabn Xu\u1ea5t Cellulose D\u1ea1ng\u00a0<b>&#8216;T\u1ebftron&#8217; Penrise<\/b>\u00a0\u2013 T\u00ean th\u01b0\u01a1ng m\u1ea1i c\u1ee7a Cupra Cellulose)<\/td>\n<\/tr>\n<tr>\n<td data-path-to-node=\"6,4,0,0\"><b>H\u1ea1n S\u1eed D\u1ee5ng<\/b><\/td>\n<td data-path-to-node=\"6,4,1,0\">36 th\u00e1ng k\u1ec3 t\u1eeb ng\u00e0y s\u1ea3n xu\u1ea5t<\/td>\n<\/tr>\n<tr>\n<td data-path-to-node=\"6,5,0,0\"><b>Kh\u1ed1i L\u01b0\u1ee3ng<\/b><\/td>\n<td data-path-to-node=\"6,5,1,0\">G\u00f3i 20 T\u1edd (\u0110\u01b0\u1eddng k\u00ednh kho\u1ea3ng\u00a0<span class=\"math-inline\" data-math=\"15.5\\text{cm}\"><span class=\"katex\"><span class=\"katex-html\" aria-hidden=\"true\"><span class=\"base\"><span class=\"mord\">15.5<\/span><span class=\"mord text\"><span class=\"mord\">cm<\/span><\/span><\/span><\/span><\/span><\/span>)<\/td>\n<\/tr>\n<\/tbody>\n<\/table>\n<p>T\u1ea1i Nh\u1eadt B\u1ea3n, vi\u1ec7c qu\u1ea3n l\u00fd v\u00e0 x\u1eed l\u00fd d\u1ea7u \u0103n \u0111\u00e3 qua s\u1eed d\u1ee5ng l\u00e0 m\u1ed9t v\u1ea5n \u0111\u1ec1 m\u00f4i tr\u01b0\u1eddng quan tr\u1ecdng, d\u1ea7u th\u1ea3i n\u1ebfu \u0111\u1ed5 tr\u1ef1c ti\u1ebfp ra m\u00f4i tr\u01b0\u1eddng s\u1ebd g\u00e2y \u00f4 nhi\u1ec5m ngu\u1ed3n n\u01b0\u1edbc v\u00e0 t\u1eafc ngh\u1ebdn \u0111\u01b0\u1eddng \u1ed1ng.\u00a0Kyowa l\u00e0 m\u1ed9t c\u00f4ng ty Nh\u1eadt B\u1ea3n chuy\u00ean cung c\u1ea5p c\u00e1c m\u1eb7t h\u00e0ng gia d\u1ee5ng, t\u1eeb d\u1ee5ng c\u1ee5 nh\u00e0 b\u1ebfp \u0111\u1ebfn v\u0103n ph\u00f2ng ph\u1ea9m, lu\u00f4n \u0111\u1eb7t y\u1ebfu t\u1ed1 ch\u1ea5t l\u01b0\u1ee3ng, s\u1ef1 ti\u1ec7n l\u1ee3i v\u00e0 th\u00e2n thi\u1ec7n v\u1edbi m\u00f4i tr\u01b0\u1eddng l\u00ean h\u00e0ng \u0111\u1ea7u.Gi\u1ea5y L\u1ecdc D\u1ea7u \u0102n Kyowa ra \u0111\u1eddi nh\u1eb1m gi\u1ea3i quy\u1ebft v\u1ea5n \u0111\u1ec1 n\u00e0y m\u1ed9t c\u00e1ch hi\u1ec7u qu\u1ea3 v\u00e0 th\u00e2n thi\u1ec7n v\u1edbi sinh th\u00e1i. N\u00f3 cho ph\u00e9p ng\u01b0\u1eddi d\u00f9ng l\u1ecdc s\u1ea1ch d\u1ea7u \u0103n \u0111\u1ec3\u00a0<b>T\u00e1i S\u1eed D\u1ee5ng (Reuse)<\/b>\u00a0ho\u1eb7c x\u1eed l\u00fd d\u1ea7u th\u1ea3i m\u1ed9t c\u00e1ch g\u1ecdn g\u00e0ng, ph\u00f9 h\u1ee3p v\u1edbi tinh th\u1ea7n\u00a0<b>B\u1ea3o T\u1ed3n T\u00e0i Nguy\u00ean R\u1eebng (\u68ee\u8cc7\u6e90\u3092\u5927\u5207\u306b)<\/b>\u00a0v\u00e0 t\u00f4n tr\u1ecdng thi\u00ean nhi\u00ean m\u00e0 Kyowa lu\u00f4n cam k\u1ebft.<\/p>\n<p><img fetchpriority=\"high\" decoding=\"async\" class=\"aligncenter size-full wp-image-43344\" src=\"https:\/\/havamall.com\/wp-content\/uploads\/2025\/11\/4969757100202-4.jpg\" alt=\"\" width=\"800\" height=\"800\" \/><\/p>\n<p data-path-to-node=\"13\">Gi\u1ea5y L\u1ecdc D\u1ea7u \u0102n Kyowa n\u1ed5i b\u1eadt nh\u1edd c\u00f4ng ngh\u1ec7 ch\u1ea5t li\u1ec7u \u0111\u1ed9c \u0111\u00e1o v\u00e0 c\u1ea5u tr\u00fac \u0111\u1eb7c bi\u1ec7t, cho ph\u00e9p th\u1ef1c hi\u1ec7n ch\u1ee9c n\u0103ng l\u1ecdc d\u1ea7u m\u1ed9t c\u00e1ch v\u01b0\u1ee3t tr\u1ed9i so v\u1edbi gi\u1ea5y l\u1ecdc th\u00f4ng th\u01b0\u1eddng, \u0111\u1ed3ng th\u1eddi\u00a0\u0111\u01b0\u1ee3c l\u00e0m t\u1eeb\u00a0<b>100% Nguy\u00ean Li\u1ec7u D\u1eabn Xu\u1ea5t T\u1eeb Cellulose T\u1ef1 Nhi\u00ean<\/b>, bao g\u1ed3m b\u00e3 g\u1ed7 v\u00e0 b\u00e3 b\u00f4ng. Ch\u1ea5t li\u1ec7u ch\u00ednh l\u00e0\u00a0<b>&#8216;T\u1ebftron&#8217; Penrise<\/b>, m\u1ed9t lo\u1ea1i s\u1ee3i Cupra Cellulose \u0111\u01b0\u1ee3c s\u1ea3n xu\u1ea5t b\u1eb1ng c\u00f4ng ngh\u1ec7 \u0111\u1ed9c quy\u1ec1n t\u1ea1i Nh\u1eadt B\u1ea3n. \u0110\u1eb7c t\u00ednh c\u1ee7a ch\u1ea5t li\u1ec7u n\u00e0y l\u00e0 kh\u1ea3 n\u0103ng th\u1ea5m h\u00fat m\u1ea1nh m\u1ebd v\u00e0 b\u1ec1n b\u1ec9 trong m\u00f4i tr\u01b0\u1eddng nhi\u1ec7t \u0111\u1ed9 cao c\u1ee7a d\u1ea7u \u0103n n\u00f3ng.<\/p>\n<p data-path-to-node=\"13\"><img decoding=\"async\" class=\"aligncenter size-full wp-image-43345\" src=\"https:\/\/havamall.com\/wp-content\/uploads\/2025\/11\/fd458a8ad7371d0d2ae2e91e3cc52bb4.webp\" alt=\"\" width=\"800\" height=\"800\" \/><\/p>\n<h4>C\u00d4NG D\u1ee4NG V\u00c0 \u1ee8NG D\u1ee4NG TH\u1ef0C TI\u1ec4N<\/h4>\n<p data-path-to-node=\"21\">\u2013\u00a0<b>L\u1eccC D\u1ea6U \u0102N \u0110\u00c3 QUA S\u1eec D\u1ee4NG:<\/b>\u00a0\u0110\u00e2y l\u00e0 c\u00f4ng d\u1ee5ng ch\u00ednh, gi\u00fap lo\u1ea1i b\u1ecf c\u00e1c m\u1ea3nh v\u1ee5n th\u1ee9c \u0103n, l\u00e0m s\u1ea1ch d\u1ea7u \u0111\u1ec3 c\u00f3 th\u1ec3 t\u00e1i s\u1eed d\u1ee5ng cho l\u1ea7n chi\u00ean r\u00e1n ti\u1ebfp theo, \u0111\u1ea3m b\u1ea3o h\u01b0\u01a1ng v\u1ecb c\u1ee7a m\u00f3n \u0103n kh\u00f4ng b\u1ecb \u1ea3nh h\u01b0\u1edfng b\u1edfi c\u1eb7n ch\u00e1y.<\/p>\n<p data-path-to-node=\"21\">\u2013\u00a0<b>X\u1eec L\u00dd D\u1ea6U TH\u1ea2I G\u1eccN G\u00c0NG:<\/b>\u00a0Khi kh\u00f4ng c\u00f2n nhu c\u1ea7u t\u00e1i s\u1eed d\u1ee5ng, gi\u1ea5y l\u1ecdc c\u00f3 th\u1ec3 d\u00f9ng \u0111\u1ec3 th\u1ea5m h\u00fat l\u01b0\u1ee3ng d\u1ea7u th\u1ea3i c\u00f2n l\u1ea1i trong ch\u1ea3o ho\u1eb7c n\u1ed3i, sau \u0111\u00f3 g\u00f3i g\u1ecdn v\u00e0 v\u1ee9t b\u1ecf c\u00f9ng r\u00e1c th\u1ea3i kh\u00f4, ng\u0103n ng\u1eeba \u00f4 nhi\u1ec5m m\u00f4i tr\u01b0\u1eddng v\u00e0 t\u1eafc ngh\u1ebdn c\u1ed1ng.<\/p>\n<p data-path-to-node=\"21\">\u2013\u00a0<b>S\u1eec D\u1ee4NG NH\u01af GI\u1ea4Y TH\u1ea4M D\u1ea6U:<\/b>\u00a0V\u1edbi c\u1ea5u tr\u00fac th\u1ea5m h\u00fat cao, c\u00f3 th\u1ec3 d\u00f9ng tr\u1ef1c ti\u1ebfp \u0111\u1ec3 th\u1ea5m b\u1edbt d\u1ea7u tr\u00ean c\u00e1c m\u00f3n \u0103n \u0111\u00e3 chi\u00ean r\u00e1n, gi\u1ea3m l\u01b0\u1ee3ng ch\u1ea5t b\u00e9o h\u1ea5p th\u1ee5.<\/p>\n<p data-path-to-node=\"22\"><img decoding=\"async\" class=\"aligncenter size-full wp-image-43343\" src=\"https:\/\/havamall.com\/wp-content\/uploads\/2025\/11\/Sf8c9e51a0b9047b5bb58cf3155263875Q.webp\" alt=\"\" width=\"800\" height=\"800\" \/><\/p>\n<h4>C\u00c1CH S\u1eec D\u1ee4NG V\u00c0 B\u1ea2O QU\u1ea2N<\/h4>\n<p data-path-to-node=\"24\">\u2013\u00a0<b>B\u01af\u1edaC 1: CHU\u1ea8N B\u1eca:<\/b>\u00a0\u0110\u1eb7t t\u1edd gi\u1ea5y l\u1ecdc v\u00e0o ph\u1ec5u ho\u1eb7c d\u1ee5ng c\u1ee5 l\u1ecdc chuy\u00ean d\u1ee5ng.<\/p>\n<p data-path-to-node=\"24\">\u2013\u00a0<b>B\u01af\u1edaC 2: TI\u1ebeN H\u00c0NH L\u1eccC:<\/b>\u00a0\u0110\u1ed5 d\u1ea7u \u0103n \u0111\u00e3 qua s\u1eed d\u1ee5ng v\u00e0o ph\u1ec5u\/gi\u1ea5y l\u1ecdc.\u00a0<b>L\u01afU \u00dd QUAN TR\u1eccNG:<\/b>\u00a0D\u1ea7u c\u1ea7n \u0111\u01b0\u1ee3c \u0111\u1ec3 ngu\u1ed9i b\u1edbt, kh\u00f4ng c\u00f2n qu\u00e1 n\u00f3ng (tr\u00e1nh \u0111\u1ed5 khi d\u1ea7u \u0111ang s\u00f4i) \u0111\u1ec3 \u0111\u1ea3m b\u1ea3o an to\u00e0n v\u00e0 gi\u1eef \u0111\u1ed9 b\u1ec1n c\u1ee7a gi\u1ea5y l\u1ecdc.<\/p>\n<p data-path-to-node=\"24\">\u2013\u00a0<b>B\u01af\u1edaC 3: X\u1eec L\u00dd:<\/b>\u00a0Sau khi l\u1ecdc xong, b\u1ecf gi\u1ea5y l\u1ecdc \u0111\u00e3 th\u1ea5m c\u1eb7n v\u00e0o th\u00f9ng r\u00e1c ho\u1eb7c, n\u1ebfu t\u00e1i s\u1eed d\u1ee5ng d\u1ea7u, b\u1ea3o qu\u1ea3n d\u1ea7u \u0111\u00e3 l\u1ecdc trong h\u1ed9p k\u00edn.<\/p>\n<p data-path-to-node=\"24\"><img loading=\"lazy\" decoding=\"async\" class=\"aligncenter size-full wp-image-43346\" src=\"https:\/\/havamall.com\/wp-content\/uploads\/2025\/11\/4969757100202-2-1.jpg\" alt=\"\" width=\"800\" height=\"800\" \/><\/p>\n<p data-path-to-node=\"25\">Gi\u1ea5y L\u1ecdc D\u1ea7u \u0102n T\u00e1i S\u1eed D\u1ee5ng 100% Nguy\u00ean Li\u1ec7u Thi\u00ean Nhi\u00ean Kyowa l\u00e0 m\u1ed9t gi\u1ea3i ph\u00e1p thi\u1ebft th\u1ef1c, mang l\u1ea1i s\u1ef1 s\u1ea1ch s\u1ebd, ti\u1ec7n l\u1ee3i v\u00e0 g\u00f3p ph\u1ea7n b\u1ea3o v\u1ec7 m\u00f4i tr\u01b0\u1eddng trong c\u00f4ng vi\u1ec7c b\u1ebfp n\u00fac h\u00e0ng ng\u00e0y.\u00a0S\u1ea3n ph\u1ea9m ch\u00ednh h\u00e3ng\u00a0<b>Kyowa Oil Filter Paper<\/b>\u00a0hi\u1ec7n \u0111ang \u0111\u01b0\u1ee3c ph\u00e2n ph\u1ed1i t\u1ea1i\u00a0<b>Havamall<\/b>.<\/p>","protected":false},"excerpt":{"rendered":"<p>TH\u00d4NG TIN S\u1ea2N PH\u1ea8M Th\u01b0\u01a1ng Hi\u1ec7u Kyowa (Kyowa Corporation) Xu\u1ea5t X\u1ee9 Nh\u1eadt B\u1ea3n (Made In Japan) Th\u00e0nh Ph\u1ea7n 100% Nguy\u00ean<\/p>","protected":false},"featured_media":43452,"comment_status":"open","ping_status":"closed","template":"","meta":[],"product_brand":[],"product_cat":[393,675],"product_tag":[],"class_list":{"0":"post-43450","1":"product","2":"type-product","3":"status-publish","4":"has-post-thumbnail","6":"product_cat-bep-phong-an","7":"product_cat-nhap-khau-nhat-ban","9":"first","10":"instock","11":"sale","12":"shipping-taxable","13":"purchasable","14":"product-type-simple"},"_links":{"self":[{"href":"https:\/\/havamall.vn\/en\/wp-json\/wp\/v2\/product\/43450"}],"collection":[{"href":"https:\/\/havamall.vn\/en\/wp-json\/wp\/v2\/product"}],"about":[{"href":"https:\/\/havamall.vn\/en\/wp-json\/wp\/v2\/types\/product"}],"replies":[{"embeddable":true,"href":"https:\/\/havamall.vn\/en\/wp-json\/wp\/v2\/comments?post=43450"}],"version-history":[{"count":0,"href":"https:\/\/havamall.vn\/en\/wp-json\/wp\/v2\/product\/43450\/revisions"}],"wp:featuredmedia":[{"embeddable":true,"href":"https:\/\/havamall.vn\/en\/wp-json\/wp\/v2\/media\/43452"}],"wp:attachment":[{"href":"https:\/\/havamall.vn\/en\/wp-json\/wp\/v2\/media?parent=43450"}],"wp:term":[{"taxonomy":"product_brand","embeddable":true,"href":"https:\/\/havamall.vn\/en\/wp-json\/wp\/v2\/product_brand?post=43450"},{"taxonomy":"product_cat","embeddable":true,"href":"https:\/\/havamall.vn\/en\/wp-json\/wp\/v2\/product_cat?post=43450"},{"taxonomy":"product_tag","embeddable":true,"href":"https:\/\/havamall.vn\/en\/wp-json\/wp\/v2\/product_tag?post=43450"}],"curies":[{"name":"wp","href":"https:\/\/api.w.org\/{rel}","templated":true}]}}