{"id":43447,"date":"2025-11-18T15:48:32","date_gmt":"2025-11-18T08:48:32","guid":{"rendered":"https:\/\/havamall.vn\/?post_type=product&#038;p=43447"},"modified":"2025-11-18T15:48:32","modified_gmt":"2025-11-18T08:48:32","slug":"tra-den-nguyen-chat-ceylon-dang-tui-loc-50g-25-tui-ceylon-tea-tea-bags","status":"publish","type":"product","link":"https:\/\/havamall.vn\/en\/shop\/tra-den-nguyen-chat-ceylon-dang-tui-loc-50g-25-tui-ceylon-tea-tea-bags\/","title":{"rendered":"Tr\u00e0 \u0110en Nguy\u00ean Ch\u1ea5t Ceylon D\u1ea1ng T\u00fai L\u1ecdc 50g (25 T\u00fai) \u2013 Ceylon Tea Tea Bags"},"content":{"rendered":"<blockquote><p><span style=\"font-size: 18pt\"><strong><em>TH\u00d4NG TIN S\u1ea2N PH\u1ea8M<\/em><\/strong><\/span><\/p><\/blockquote>\n<table style=\"width: 78.2319%;height: 213px\" data-path-to-node=\"6\">\n<tbody>\n<tr>\n<td data-path-to-node=\"6,1,0,0\"><b>Th\u01b0\u01a1ng Hi\u1ec7u<\/b><\/td>\n<td data-path-to-node=\"6,1,1,0\">Ceylon Tea (Ch\u1ee9ng Nh\u1eadn Sri Lanka Tea Board)<\/td>\n<\/tr>\n<tr>\n<td data-path-to-node=\"6,2,0,0\"><b>Xu\u1ea5t X\u1ee9\u00a0<\/b><\/td>\n<td data-path-to-node=\"6,2,1,0\">Sri Lanka (Packed In Sri Lanka)<\/td>\n<\/tr>\n<tr>\n<td data-path-to-node=\"6,3,0,0\"><b>Th\u00e0nh Ph\u1ea7n<\/b><\/td>\n<td data-path-to-node=\"6,3,1,0\">100% Tr\u00e0 \u0110en Nguy\u00ean Ch\u1ea5t Cao C\u1ea5p T\u1eeb Ceylon (Sri Lanka)<\/td>\n<\/tr>\n<tr>\n<td data-path-to-node=\"6,4,0,0\"><b>H\u1ea1n S\u1eed D\u1ee5ng<\/b><\/td>\n<td data-path-to-node=\"6,4,1,0\">24 th\u00e1ng k\u1ec3 t\u1eeb ng\u00e0y s\u1ea3n xu\u1ea5t<\/td>\n<\/tr>\n<tr>\n<td data-path-to-node=\"6,5,0,0\"><b>Kh\u1ed1i L\u01b0\u1ee3ng<\/b><\/td>\n<td data-path-to-node=\"6,5,1,0\">50g (25 T\u00fai L\u1ecdc x 2g)<\/td>\n<\/tr>\n<\/tbody>\n<\/table>\n<p data-path-to-node=\"10\">C\u00e1i t\u00ean\u00a0<b>Ceylon<\/b>\u00a0\u0111\u01b0\u1ee3c d\u00f9ng \u0111\u1ec3 ch\u1ec9 v\u00f9ng \u0111\u1ea5t n\u00e0y d\u01b0\u1edbi th\u1eddi k\u1ef3 thu\u1ed9c \u0111\u1ecba, v\u00e0 cho \u0111\u1ebfn nay, n\u00f3 v\u1eabn l\u00e0 th\u01b0\u01a1ng hi\u1ec7u to\u00e0n c\u1ea7u n\u1ed5i ti\u1ebfng nh\u1ea5t cho lo\u1ea1i tr\u00e0 \u0111en \u0111\u1eb7c tr\u01b0ng. L\u1ecbch s\u1eed c\u1ee7a Tr\u00e0 Ceylon b\u1eaft \u0111\u1ea7u v\u00e0o nh\u1eefng n\u0103m\u00a0<span class=\"math-inline\" data-math=\"1867\"><span class=\"katex\"><span class=\"katex-html\" aria-hidden=\"true\"><span class=\"base\"><span class=\"mord\">1867<\/span><\/span><\/span><\/span><\/span>, khi nh\u00e0 ti\u00ean phong James Taylor th\u00e0nh l\u1eadp \u0111\u1ed3n \u0111i\u1ec1n tr\u00e0 th\u01b0\u01a1ng m\u1ea1i \u0111\u1ea7u ti\u00ean, m\u1edf ra m\u1ed9t k\u1ef7 nguy\u00ean m\u1edbi sau khi b\u1ec7nh d\u1ecbch t\u00e0n ph\u00e1 c\u00e1c \u0111\u1ed3n \u0111i\u1ec1n c\u00e0 ph\u00ea tr\u01b0\u1edbc \u0111\u00f3.<\/p>\n<p data-path-to-node=\"10\"><img fetchpriority=\"high\" decoding=\"async\" class=\"aligncenter  wp-image-43333\" src=\"https:\/\/havamall.com\/wp-content\/uploads\/2025\/11\/0f9UVi5M99cLGePXV1Kx0Hs8QmiPR0Hx0cX2ykr7.jpg\" alt=\"\" width=\"800\" height=\"480\" \/><\/p>\n<p data-path-to-node=\"11\">Tr\u00e0 Ceylon nhanh ch\u00f3ng n\u1ed5i ti\u1ebfng tr\u00ean to\u00e0n th\u1ebf gi\u1edbi nh\u1edd h\u01b0\u01a1ng v\u1ecb \u0111\u1ed9c \u0111\u00e1o v\u00e0 ch\u1ea5t l\u01b0\u1ee3ng \u1ed5n \u0111\u1ecbnh. Ng\u00e0y nay, Sri Lanka l\u00e0 m\u1ed9t trong nh\u1eefng n\u01b0\u1edbc xu\u1ea5t kh\u1ea9u tr\u00e0 l\u1edbn nh\u1ea5t, v\u00e0\u00a0<b>Bi\u1ec3u T\u01b0\u1ee3ng S\u01b0 T\u1eed (Lion Logo)<\/b>\u00a0\u0111\u01b0\u1ee3c \u0111\u00f3ng d\u1ea5u tr\u00ean bao b\u00ec l\u00e0 m\u1ed9t l\u1eddi cam k\u1ebft kh\u00f4ng th\u1ec3 ch\u1ed1i c\u00e3i: s\u1ea3n ph\u1ea9m b\u00ean trong l\u00e0\u00a0<b>100% Tr\u00e0 Ceylon<\/b>\u00a0\u0111\u01b0\u1ee3c \u0111\u00f3ng g\u00f3i t\u1ea1i Sri Lanka, tu\u00e2n th\u1ee7 c\u00e1c ti\u00eau chu\u1ea9n ch\u1ea5t l\u01b0\u1ee3ng nghi\u00eam ng\u1eb7t c\u1ee7a\u00a0<b>Hi\u1ec7p H\u1ed9i Tr\u00e0 Sri Lanka (Sri Lanka Tea Board)<\/b>.<\/p>\n<p data-path-to-node=\"11\"><img decoding=\"async\" class=\"aligncenter  wp-image-43331\" src=\"https:\/\/havamall.com\/wp-content\/uploads\/2025\/11\/\u696d\u52d9\u30b9\u30fc\u30d1\u30fc.00_02_56_17.\u9759\u6b62\u753b027-1024x576-1.webp\" alt=\"\" width=\"800\" height=\"450\" \/><\/p>\n<p data-path-to-node=\"13\">Tr\u00e0 \u0110en Ceylon \u0111\u01b0\u1ee3c ch\u1ebf bi\u1ebfn t\u1eeb nh\u1eefng l\u00e1 tr\u00e0 non thu\u1ed9c gi\u1ed1ng\u00a0<i>Camellia Sinensis<\/i>, tr\u1ea3i qua quy tr\u00ecnh Oxy h\u00f3a ho\u00e0n to\u00e0n (l\u00ean men) \u0111\u1ec3 t\u1ea1o ra m\u00e0u s\u1eafc v\u00e0 h\u01b0\u01a1ng v\u1ecb \u0111\u1eadm \u0111\u00e0 \u0111\u1eb7c tr\u01b0ng. \u0110\u1eb7c \u0111i\u1ec3m n\u1ed5i b\u1eadt c\u1ee7a Tr\u00e0 Ceylon l\u00e0 h\u01b0\u01a1ng v\u1ecb t\u01b0\u01a1i m\u1edbi, thanh tho\u00e1t, c\u00f3 ch\u00fat cay nh\u1eb9 v\u00e0 kh\u00f4ng qu\u00e1 \u0111\u1eafng ch\u00e1t. M\u00e0u n\u01b0\u1edbc tr\u00e0 khi pha c\u00f3 s\u1eafc\u00a0<b>\u0110\u1ecf H\u1ed5 Ph\u00e1ch (Amber Red)<\/b>\u00a0s\u00e1ng \u0111\u1eb9p, quy\u1ebfn r\u0169. Ch\u1ea5t l\u01b0\u1ee3ng v\u00e0 t\u00ednh ch\u1ea5t c\u1ee7a Tr\u00e0 Ceylon ph\u1ee5 thu\u1ed9c r\u1ea5t l\u1edbn v\u00e0o \u0111\u1ed9 cao c\u1ee7a v\u00f9ng tr\u1ed3ng, \u0111i\u1ec1u n\u00e0y t\u1ea1o n\u00ean s\u1ef1 \u0111a d\u1ea1ng hi\u1ebfm c\u00f3:<\/p>\n<p data-path-to-node=\"15\">\u2013\u00a0<b>TR\u00c0 V\u00d9NG CAO (HIGH GROWN):<\/b>\u00a0Tr\u1ed3ng \u1edf \u0111\u1ed9 cao tr\u00ean 1,200 m\u00e9t, cho ra lo\u1ea1i tr\u00e0 c\u00f3 h\u01b0\u01a1ng th\u01a1m nh\u1eb9 nh\u00e0ng, tinh t\u1ebf v\u00e0 m\u00e0u v\u00e0ng nh\u1ea1t.<\/p>\n<p data-path-to-node=\"15\">\u2013\u00a0<b>TR\u00c0 V\u00d9NG TRUNG (MID GROWN):<\/b>\u00a0Tr\u1ed3ng \u1edf \u0111\u1ed9 cao 600\u20131,200 m\u00e9t, t\u1ea1o ra lo\u1ea1i tr\u00e0 c\u00f3 m\u00e0u n\u01b0\u1edbc \u0111\u1eadm h\u01a1n, h\u01b0\u01a1ng v\u1ecb m\u1ea1nh m\u1ebd v\u00e0 c\u00e2n b\u1eb1ng.<\/p>\n<p data-path-to-node=\"15\">\u2013\u00a0<b>TR\u00c0 V\u00d9NG TH\u1ea4P (LOW GROWN):<\/b>\u00a0Tr\u1ed3ng \u1edf \u0111\u1ed9 cao d\u01b0\u1edbi 600 m\u00e9t, cho ra lo\u1ea1i tr\u00e0 c\u00f3 h\u01b0\u01a1ng v\u1ecb \u0111\u1eadm nh\u1ea5t v\u00e0 m\u00e0u n\u01b0\u1edbc s\u1eabm, th\u01b0\u1eddng \u0111\u01b0\u1ee3c d\u00f9ng \u0111\u1ec3 pha c\u00e1c lo\u1ea1i tr\u00e0 s\u1eefa.<\/p>\n<p data-path-to-node=\"15\"><img decoding=\"async\" class=\"aligncenter  wp-image-43330\" src=\"https:\/\/havamall.com\/wp-content\/uploads\/2025\/11\/4902220354313_0007_l-e1763455208523.jpg\" alt=\"\" width=\"800\" height=\"532\" \/><\/p>\n<blockquote>\n<h5><span style=\"font-size: 14pt\"><em><strong>TH\u00c0NH PH\u1ea6N DINH D\u01af\u1ee0NG V\u00c0 L\u1ee2I \u00cdCH S\u1ee8C KH\u1eceE<\/strong><\/em><\/span><\/h5>\n<\/blockquote>\n<p data-path-to-node=\"20\">\u2013\u00a0<b>CH\u1ea4T CH\u1ed0NG OXY H\u00d3A (POLYPHENOLS):<\/b>\u00a0Tr\u00e0 \u0110en Ceylon r\u1ea5t gi\u00e0u\u00a0<b>Theaflavins<\/b>\u00a0v\u00e0\u00a0<b>Thearubigins<\/b>, c\u00e1c Polyphenols \u0111\u01b0\u1ee3c t\u1ea1o ra trong qu\u00e1 tr\u00ecnh Oxy h\u00f3a. Nh\u1eefng h\u1ee3p ch\u1ea5t n\u00e0y ho\u1ea1t \u0111\u1ed9ng nh\u01b0 ch\u1ea5t ch\u1ed1ng Oxy h\u00f3a m\u1ea1nh, gi\u00fap b\u1ea3o v\u1ec7 t\u1ebf b\u00e0o kh\u1ecfi t\u1ed5n th\u01b0\u01a1ng g\u1ed1c t\u1ef1 do, h\u1ed7 tr\u1ee3 s\u1ee9c kh\u1ecfe tim m\u1ea1ch v\u00e0 gi\u1ea3m nguy c\u01a1 m\u1eafc c\u00e1c b\u1ec7nh m\u00e3n t\u00ednh.<\/p>\n<p data-path-to-node=\"20\">\u2013\u00a0<b>C\u1ea2I THI\u1ec6N S\u1ef0 T\u1ec8NH T\u00c1O:<\/b>\u00a0Tr\u00e0 \u0111en ch\u1ee9a m\u1ed9t l\u01b0\u1ee3ng\u00a0<b>Caffeine<\/b>\u00a0v\u1eeba ph\u1ea3i (th\u01b0\u1eddng \u00edt h\u01a1n c\u00e0 ph\u00ea), k\u1ebft h\u1ee3p v\u1edbi\u00a0<b>L-Theanine<\/b>, gi\u00fap t\u0103ng c\u01b0\u1eddng s\u1ef1 t\u1eadp trung, c\u1ea3i thi\u1ec7n ch\u1ee9c n\u0103ng nh\u1eadn th\u1ee9c m\u00e0 kh\u00f4ng g\u00e2y c\u1ea3m gi\u00e1c b\u1ed3n ch\u1ed3n qu\u00e1 m\u1ee9c.<\/p>\n<p data-path-to-node=\"20\">\u2013\u00a0<b>H\u1ed6 TR\u1ee2 TI\u00caU H\u00d3A:<\/b>\u00a0C\u00e1c h\u1ee3p ch\u1ea5t trong tr\u00e0 \u0111en c\u00f3 t\u00e1c d\u1ee5ng prebiotic, th\u00fac \u0111\u1ea9y s\u1ef1 ph\u00e1t tri\u1ec3n c\u1ee7a vi khu\u1ea9n \u0111\u01b0\u1eddng ru\u1ed9t c\u00f3 l\u1ee3i, t\u1eeb \u0111\u00f3 h\u1ed7 tr\u1ee3 h\u1ec7 ti\u00eau h\u00f3a kh\u1ecfe m\u1ea1nh.<\/p>\n<p data-path-to-node=\"20\">\u2013\u00a0<b>T\u0102NG C\u01af\u1edcNG H\u1ec6 MI\u1ec4N D\u1ecaCH:<\/b>\u00a0U\u1ed1ng tr\u00e0 \u0111en th\u01b0\u1eddng xuy\u00ean c\u00f3 th\u1ec3 gi\u00fap t\u0103ng c\u01b0\u1eddng h\u1ec7 th\u1ed1ng mi\u1ec5n d\u1ecbch nh\u1edd v\u00e0o c\u00e1c \u0111\u1eb7c t\u00ednh ch\u1ed1ng khu\u1ea9n v\u00e0 kh\u00e1ng virus t\u1ef1 nhi\u00ean.<\/p>\n<p data-path-to-node=\"20\"><img loading=\"lazy\" decoding=\"async\" class=\"aligncenter  wp-image-43332\" src=\"https:\/\/havamall.com\/wp-content\/uploads\/2025\/11\/120838565_625231241497606_1627690734482555192_n.jpg\" alt=\"\" width=\"800\" height=\"800\" \/><\/p>\n<blockquote>\n<h4><span style=\"font-size: 14pt\"><em><strong>C\u00c1CH PHA CHU\u1ea8N<\/strong><\/em><\/span><\/h4>\n<\/blockquote>\n<p data-path-to-node=\"23\">\u2013\u00a0<b>PHA N\u00d3NG (PH\u01af\u01a0NG PH\u00c1P TRUY\u1ec0N TH\u1ed0NG):<\/b>\u00a0\u0110\u1eb7t m\u1ed9t t\u00fai tr\u00e0 v\u00e0o t\u00e1ch. R\u00f3t kho\u1ea3ng 200ml n\u01b0\u1edbc s\u00f4i (<span class=\"math-inline\" data-math=\"95^\\circ\\text{C}\"><span class=\"katex\"><span class=\"katex-html\" aria-hidden=\"true\"><span class=\"base\"><span class=\"mord\">9<\/span><span class=\"mord\">5<span class=\"msupsub\"><span class=\"vlist-t\"><span class=\"vlist-r\"><span class=\"vlist\"><span class=\"\"><span class=\"sizing reset-size6 size3 mtight\"><span class=\"mbin mtight\">\u2218<\/span><\/span><\/span><\/span><\/span><\/span><\/span><\/span><span class=\"mord text\"><span class=\"mord\">C<\/span><\/span><\/span><\/span><\/span><\/span>\u00a0\u2013\u00a0<span class=\"math-inline\" data-math=\"100^\\circ\\text{C}\"><span class=\"katex\"><span class=\"katex-html\" aria-hidden=\"true\"><span class=\"base\"><span class=\"mord\">10<\/span><span class=\"mord\">0<span class=\"msupsub\"><span class=\"vlist-t\"><span class=\"vlist-r\"><span class=\"vlist\"><span class=\"\"><span class=\"sizing reset-size6 size3 mtight\"><span class=\"mbin mtight\">\u2218<\/span><\/span><\/span><\/span><\/span><\/span><\/span><\/span><span class=\"mord text\"><span class=\"mord\">C<\/span><\/span><\/span><\/span><\/span><\/span>). Ng\u00e2m tr\u00e0 trong 3\u20135 ph\u00fat. Th\u1eddi gian ng\u00e2m ng\u1eafn h\u01a1n cho h\u01b0\u01a1ng v\u1ecb nh\u1eb9 nh\u00e0ng v\u00e0 th\u1eddi gian d\u00e0i h\u01a1n cho v\u1ecb \u0111\u1eadm \u0111\u00e0 h\u01a1n.<\/p>\n<p data-path-to-node=\"23\">\u2013\u00a0<b>PHA K\u00c8M S\u1eeeA HO\u1eb6C CHANH:<\/b>\u00a0Tr\u00e0 Ceylon l\u00e0 l\u1ef1a ch\u1ecdn ho\u00e0n h\u1ea3o cho\u00a0<b>Tr\u00e0 S\u1eefa (Milk Tea)<\/b>. Sau khi pha \u0111\u1eadm, th\u00eam s\u1eefa t\u01b0\u01a1i ho\u1eb7c s\u1eefa \u0111\u1eb7c t\u00f9y kh\u1ea9u v\u1ecb. Ho\u1eb7c th\u00eam m\u1ed9t l\u00e1t chanh v\u00e0 m\u1ed9t ch\u00fat \u0111\u01b0\u1eddng \u0111\u1ec3 c\u00f3 m\u00f3n tr\u00e0 gi\u1ea3i kh\u00e1t c\u1ed5 \u0111i\u1ec3n.<\/p>\n<p data-path-to-node=\"23\">\u2013\u00a0<b>PHA L\u1ea0NH (ICED TEA):<\/b>\u00a0Pha tr\u00e0 \u0111\u1eadm \u0111\u1eb7c g\u1ea5p \u0111\u00f4i (ng\u00e2m 2 t\u00fai\/c\u00f9ng l\u01b0\u1ee3ng n\u01b0\u1edbc) ho\u1eb7c \u1ee7 l\u1ea1nh qua \u0111\u00eam, sau \u0111\u00f3 th\u00eam \u0111\u00e1, \u0111\u01b0\u1eddng\/m\u1eadt ong v\u00e0 chanh.<\/p>\n<p data-path-to-node=\"23\"><img loading=\"lazy\" decoding=\"async\" class=\"aligncenter  wp-image-43334\" src=\"https:\/\/havamall.com\/wp-content\/uploads\/2025\/11\/4902220354313_0005_l.jpg\" alt=\"\" width=\"800\" height=\"600\" \/><\/p>\n<p data-path-to-node=\"23\">Tr\u00e0 \u0110en Nguy\u00ean Ch\u1ea5t Ceylon D\u1ea1ng T\u00fai L\u1ecdc 100% Ch\u1ee9ng Nh\u1eadn Hi\u1ec7p H\u1ed9i Tr\u00e0 Sri Lanka Ceylon Tea 50g (25 T\u00fai) \u2013 Ceylon Tea Tea Bags l\u00e0 l\u1ef1a ch\u1ecdn l\u00fd t\u01b0\u1edfng cho nh\u1eefng ng\u01b0\u1eddi y\u00eau th\u00edch h\u01b0\u01a1ng v\u1ecb tr\u00e0 \u0111en tinh t\u1ebf v\u00e0 mu\u1ed1n t\u00ecm ki\u1ebfm ngu\u1ed3n n\u0103ng l\u01b0\u1ee3ng t\u1ef1 nhi\u00ean,\u00a0hi\u1ec7n \u0111ang \u0111\u01b0\u1ee3c ph\u00e2n ph\u1ed1i t\u1ea1i\u00a0<b>Havamall<\/b>.<\/p>","protected":false},"excerpt":{"rendered":"<p>TH\u00d4NG TIN S\u1ea2N PH\u1ea8M Th\u01b0\u01a1ng Hi\u1ec7u Ceylon Tea (Ch\u1ee9ng Nh\u1eadn Sri Lanka Tea Board) Xu\u1ea5t X\u1ee9\u00a0 Sri Lanka (Packed In<\/p>","protected":false},"featured_media":43448,"comment_status":"open","ping_status":"closed","template":"","meta":[],"product_brand":[],"product_cat":[677,255,131],"product_tag":[],"class_list":{"0":"post-43447","1":"product","2":"type-product","3":"status-publish","4":"has-post-thumbnail","6":"product_cat-cac-nuoc-khac","7":"product_cat-nguyen-lieu-lam-banh","8":"product_cat-nguyen-lieu-lam-bep","10":"first","11":"instock","12":"sale","13":"shipping-taxable","14":"purchasable","15":"product-type-simple"},"_links":{"self":[{"href":"https:\/\/havamall.vn\/en\/wp-json\/wp\/v2\/product\/43447"}],"collection":[{"href":"https:\/\/havamall.vn\/en\/wp-json\/wp\/v2\/product"}],"about":[{"href":"https:\/\/havamall.vn\/en\/wp-json\/wp\/v2\/types\/product"}],"replies":[{"embeddable":true,"href":"https:\/\/havamall.vn\/en\/wp-json\/wp\/v2\/comments?post=43447"}],"version-history":[{"count":0,"href":"https:\/\/havamall.vn\/en\/wp-json\/wp\/v2\/product\/43447\/revisions"}],"wp:featuredmedia":[{"embeddable":true,"href":"https:\/\/havamall.vn\/en\/wp-json\/wp\/v2\/media\/43448"}],"wp:attachment":[{"href":"https:\/\/havamall.vn\/en\/wp-json\/wp\/v2\/media?parent=43447"}],"wp:term":[{"taxonomy":"product_brand","embeddable":true,"href":"https:\/\/havamall.vn\/en\/wp-json\/wp\/v2\/product_brand?post=43447"},{"taxonomy":"product_cat","embeddable":true,"href":"https:\/\/havamall.vn\/en\/wp-json\/wp\/v2\/product_cat?post=43447"},{"taxonomy":"product_tag","embeddable":true,"href":"https:\/\/havamall.vn\/en\/wp-json\/wp\/v2\/product_tag?post=43447"}],"curies":[{"name":"wp","href":"https:\/\/api.w.org\/{rel}","templated":true}]}}