{"id":43441,"date":"2025-11-17T16:41:29","date_gmt":"2025-11-17T09:41:29","guid":{"rendered":"https:\/\/havamall.vn\/?post_type=product&#038;p=43441"},"modified":"2025-11-17T16:41:29","modified_gmt":"2025-11-17T09:41:29","slug":"gel-rua-tay-huong-cam-diu-nhe-nhat-ban-animo-200ml-orange-gel-hand-soap","status":"publish","type":"product","link":"https:\/\/havamall.vn\/en\/shop\/gel-rua-tay-huong-cam-diu-nhe-nhat-ban-animo-200ml-orange-gel-hand-soap\/","title":{"rendered":"Gel R\u1eeda Tay H\u01b0\u01a1ng Cam D\u1ecbu Nh\u1eb9 Nh\u1eadt B\u1ea3n Animo 200ml \u2013 Orange Gel Hand Soap"},"content":{"rendered":"<blockquote><p><span style=\"font-size: 18pt\"><em><strong>TH\u00d4NG TIN S\u1ea2N PH\u1ea8M<\/strong><\/em><\/span><\/p><\/blockquote>\n<table style=\"width: 86.9914%;height: 198px\" data-path-to-node=\"6\">\n<tbody>\n<tr>\n<td style=\"width: 13.3051%\" data-path-to-node=\"6,1,0,0\"><b>Th\u01b0\u01a1ng Hi\u1ec7u<\/b><\/td>\n<td style=\"width: 86.0169%\" data-path-to-node=\"6,1,1,0\">Animo<\/td>\n<\/tr>\n<tr>\n<td style=\"width: 13.3051%\" data-path-to-node=\"6,2,0,0\"><b>Xu\u1ea5t X\u1ee9\u00a0<\/b><\/td>\n<td style=\"width: 86.0169%\" data-path-to-node=\"6,2,1,0\">Nh\u1eadt B\u1ea3n (Japan)<\/td>\n<\/tr>\n<tr>\n<td style=\"width: 13.3051%\" data-path-to-node=\"6,3,0,0\"><b>Th\u00e0nh Ph\u1ea7n<\/b><\/td>\n<td style=\"width: 86.0169%\" data-path-to-node=\"6,3,1,0\">Ch\u1ea5t Ho\u1ea1t \u0110\u1ed9ng B\u1ec1 M\u1eb7t D\u1ecbu Nh\u1eb9 G\u1ed1c Th\u1ef1c V\u1eadt \u2013 N\u01b0\u1edbc \u2013 Glycerin (D\u01b0\u1ee1ng \u1ea8m) \u2013 Chi\u1ebft Xu\u1ea5t Cam T\u1ef1 Nhi\u00ean \u2013 Ch\u1ea5t T\u1ea1o Gel \u2013 pH Axit Y\u1ebfu (Weakly Acidic)<\/td>\n<\/tr>\n<tr>\n<td style=\"width: 13.3051%\" data-path-to-node=\"6,4,0,0\"><b>H\u1ea1n S\u1eed D\u1ee5ng<\/b><\/td>\n<td style=\"width: 86.0169%\" data-path-to-node=\"6,4,1,0\">36 th\u00e1ng k\u1ec3 t\u1eeb ng\u00e0y s\u1ea3n xu\u1ea5t<\/td>\n<\/tr>\n<tr>\n<td style=\"width: 13.3051%\" data-path-to-node=\"6,5,0,0\"><b>Th\u1ec3 T\u00edch<\/b><\/td>\n<td style=\"width: 86.0169%\" data-path-to-node=\"6,5,1,0\">300ml<\/td>\n<\/tr>\n<\/tbody>\n<\/table>\n<p>T\u1ea1i Nh\u1eadt B\u1ea3n, v\u0103n h\u00f3a v\u1ec7 sinh tay \u0111\u01b0\u1ee3c xem l\u00e0 m\u1ed9t nghi th\u1ee9c s\u1ee9c kh\u1ecfe quan tr\u1ecdng, \u0111\u1eb7c bi\u1ec7t l\u00e0 tr\u01b0\u1edbc v\u00e0 sau khi \u0103n, c\u0169ng nh\u01b0 sau khi ti\u1ebfp x\u00fac v\u1edbi m\u00f4i tr\u01b0\u1eddng b\u00ean ngo\u00e0i. S\u1ef1 ra \u0111\u1eddi c\u1ee7a c\u00e1c s\u1ea3n ph\u1ea9m r\u1eeda tay chuy\u00ean bi\u1ec7t nh\u01b0 Gel R\u1eeda Tay Animo th\u1ec3 hi\u1ec7n s\u1ef1 n\u00e2ng c\u1ea5p trong th\u00f3i quen n\u00e0y, n\u01a1i ng\u01b0\u1eddi ti\u00eau d\u00f9ng kh\u00f4ng ch\u1ec9 t\u00ecm ki\u1ebfm kh\u1ea3 n\u0103ng lo\u1ea1i b\u1ecf vi khu\u1ea9n m\u00e0 c\u00f2n \u0111\u00f2i h\u1ecfi s\u1ea3n ph\u1ea9m ph\u1ea3i ch\u0103m s\u00f3c v\u00e0 b\u1ea3o v\u1ec7 l\u00e0n da tay. Animo \u0111\u00e3 \u0111\u00e1p \u1ee9ng nhu c\u1ea7u n\u00e0y b\u1eb1ng c\u00e1ch t\u1ea1o ra m\u1ed9t c\u00f4ng th\u1ee9c\u00a0<b>Axit Y\u1ebfu (Weakly Acidic)<\/b>, kh\u00e1c bi\u1ec7t ho\u00e0n to\u00e0n so v\u1edbi c\u00e1c lo\u1ea1i x\u00e0 ph\u00f2ng ki\u1ec1m truy\u1ec1n th\u1ed1ng th\u01b0\u1eddng g\u00e2y kh\u00f4 c\u0103ng da.<\/p>\n<p><img fetchpriority=\"high\" decoding=\"async\" class=\"aligncenter  wp-image-43315\" src=\"https:\/\/havamall.com\/wp-content\/uploads\/2025\/11\/gel_xa_phong_rua_tay_rocket_-_huong_cam_-_200ml__3b48435d73294fda8839b891a2c9a128_master.png\" alt=\"\" width=\"800\" height=\"800\" \/><\/p>\n<p data-path-to-node=\"13\">\u0110i\u1ec3m \u01b0u vi\u1ec7t nh\u1ea5t c\u1ee7a Gel R\u1eeda Tay Animo ch\u00ednh l\u00e0 \u0111\u1eb7c t\u00ednh\u00a0<b>pH Axit Y\u1ebfu<\/b>, t\u01b0\u01a1ng th\u00edch v\u1edbi \u0111\u1ed9 pH t\u1ef1 nhi\u00ean c\u1ee7a da ng\u01b0\u1eddi. Da ng\u01b0\u1eddi c\u00f3 m\u1ed9t l\u1edbp m\u00e0ng b\u1ea3o v\u1ec7 t\u1ef1 nhi\u00ean g\u1ecdi l\u00e0\u00a0<b>M\u00e0ng Axit (Acid Mantle)<\/b>, c\u00f3 \u0111\u1ed9 pH dao \u0111\u1ed9ng kho\u1ea3ng\u00a0<span class=\"math-inline\" data-math=\"4.5\"><span class=\"katex\"><span class=\"katex-html\" aria-hidden=\"true\"><span class=\"base\"><span class=\"mord\">4.5<\/span><\/span><\/span><\/span><\/span>\u00a0\u0111\u1ebfn\u00a0<span class=\"math-inline\" data-math=\"5.5\"><span class=\"katex\"><span class=\"katex-html\" aria-hidden=\"true\"><span class=\"base\"><span class=\"mord\">5.5<\/span><\/span><\/span><\/span><\/span>. L\u1edbp m\u00e0ng n\u00e0y c\u00f3 vai tr\u00f2 then ch\u1ed1t trong vi\u1ec7c b\u1ea3o v\u1ec7 da kh\u1ecfi vi khu\u1ea9n, n\u1ea5m m\u1ed1c v\u00e0 m\u1ea5t \u0111\u1ed9 \u1ea9m. Khi s\u1eed d\u1ee5ng x\u00e0 ph\u00f2ng c\u00f3 t\u00ednh ki\u1ec1m cao (pH &gt; 7), l\u1edbp m\u00e0ng axit n\u00e0y s\u1ebd b\u1ecb ph\u00e1 v\u1ee1, khi\u1ebfn da d\u1ec5 b\u1ecb kh\u00f4, c\u0103ng r\u00e1t v\u00e0 t\u0103ng nguy c\u01a1 nhi\u1ec5m tr\u00f9ng.<\/p>\n<p data-path-to-node=\"14\">Gel R\u1eeda Tay Animo \u0111\u01b0\u1ee3c \u0111i\u1ec1u ch\u1ebf \u0111\u1ec3 c\u00f3 \u0111\u1ed9 pH n\u1eb1m trong kho\u1ea3ng\u00a0<span class=\"math-inline\" data-math=\"4.5\"><span class=\"katex\"><span class=\"katex-html\" aria-hidden=\"true\"><span class=\"base\"><span class=\"mord\">4.5<\/span><\/span><\/span><\/span><\/span>\u00a0\u0111\u1ebfn\u00a0<span class=\"math-inline\" data-math=\"5.5\"><span class=\"katex\"><span class=\"katex-html\" aria-hidden=\"true\"><span class=\"base\"><span class=\"mord\">5.5<\/span><\/span><\/span><\/span><\/span>, gi\u00fap l\u00e0m s\u1ea1ch hi\u1ec7u qu\u1ea3 m\u00e0 kh\u00f4ng l\u00e0m t\u1ed5n h\u1ea1i \u0111\u1ebfn l\u1edbp m\u00e0ng axit b\u1ea3o v\u1ec7 da. Nh\u1edd \u0111\u00f3, ngay c\u1ea3 khi s\u1eed d\u1ee5ng nhi\u1ec1u l\u1ea7n trong ng\u00e0y, da tay v\u1eabn gi\u1eef \u0111\u01b0\u1ee3c \u0111\u1ed9 \u1ea9m c\u1ea7n thi\u1ebft, kh\u00f4ng b\u1ecb b\u00e0o m\u00f2n hay k\u00edch \u1ee9ng. S\u1ea3n ph\u1ea9m \u1edf d\u1ea1ng\u00a0<b>Gel Trong (Gel Hand Soap)<\/b>, t\u1ea1o b\u1ecdt v\u1eeba ph\u1ea3i v\u00e0 d\u1ec5 d\u00e0ng x\u1ea3 s\u1ea1ch, kh\u00f4ng \u0111\u1ec3 l\u1ea1i c\u1ea3m gi\u00e1c nh\u1eddn d\u00ednh.<\/p>\n<p data-path-to-node=\"15\"><img decoding=\"async\" class=\"aligncenter  wp-image-43316\" src=\"https:\/\/havamall.com\/wp-content\/uploads\/2025\/11\/upload_3d9aa1ebdf614907b0d1d9d0db130f68_master.jpg\" alt=\"\" width=\"802\" height=\"802\" \/><\/p>\n<blockquote>\n<h5><strong><em><span style=\"font-size: 14pt\">TH\u00c0NH PH\u1ea6N V\u00c0 H\u01af\u01a0NG LI\u1ec6U TINH T\u1ebe<\/span><\/em><\/strong><\/h5>\n<\/blockquote>\n<p data-path-to-node=\"16\">\u2013\u00a0<b>CHI\u1ebeT XU\u1ea4T CAM T\u1ef0 NHI\u00caN (ORANGE):<\/b>\u00a0Cung c\u1ea5p h\u01b0\u01a1ng th\u01a1m t\u01b0\u01a1i m\u00e1t, s\u1ea3ng kho\u00e1i t\u1eeb cam, gi\u00fap kh\u1eed m\u00f9i v\u00e0 mang l\u1ea1i c\u1ea3m gi\u00e1c s\u1ea1ch s\u1ebd t\u1ee9c th\u00ec. H\u01b0\u01a1ng cam t\u1ef1 nhi\u00ean c\u0169ng ch\u1ee9a Vitamin C v\u00e0 c\u00e1c ch\u1ea5t ch\u1ed1ng oxy h\u00f3a, h\u1ed7 tr\u1ee3 s\u1ee9c kh\u1ecfe da tay.<\/p>\n<p data-path-to-node=\"16\">\u2013\u00a0<b>GLYCERIN:<\/b>\u00a0M\u1ed9t th\u00e0nh ph\u1ea7n d\u01b0\u1ee1ng \u1ea9m quan tr\u1ecdng, gi\u00fap gi\u1eef n\u01b0\u1edbc cho da, ng\u0103n ng\u1eeba t\u00ecnh tr\u1ea1ng da tay b\u1ecb m\u1ea5t n\u01b0\u1edbc v\u00e0 tr\u1edf n\u00ean kh\u00f4 r\u00e1p sau khi ti\u1ebfp x\u00fac v\u1edbi ch\u1ea5t t\u1ea9y r\u1eeda.<\/p>\n<p data-path-to-node=\"16\">\u2013\u00a0<b>CH\u1ea4T HO\u1ea0T \u0110\u1ed8NG B\u1ec0 M\u1eb6T D\u1ecaU NH\u1eb8:<\/b>\u00a0\u0110\u1ea3m b\u1ea3o kh\u1ea3 n\u0103ng l\u00e0m s\u1ea1ch cao \u0111\u1ed1i v\u1edbi b\u1ee5i b\u1ea9n, d\u1ea7u m\u1ee1 v\u00e0 vi khu\u1ea9n m\u00e0 v\u1eabn th\u00e2n thi\u1ec7n v\u1edbi da tay.<\/p>\n<p data-path-to-node=\"17\"><img decoding=\"async\" class=\"aligncenter  wp-image-43318\" src=\"https:\/\/havamall.com\/wp-content\/uploads\/2025\/11\/upload_99fea80fe43349c39cd6ebd8e7fbfd83_master.jpg\" alt=\"\" width=\"800\" height=\"800\" \/><\/p>\n<blockquote>\n<h4><em>C\u00d4NG D\u1ee4NG V\u00c0 \u1ee8NG D\u1ee4NG TH\u1ef0C TI\u1ec4N<\/em><\/h4>\n<\/blockquote>\n<p data-path-to-node=\"20\">\u2013\u00a0<b>B\u1ea2O V\u1ec6 M\u00c0NG AXIT:<\/b>\u00a0Duy tr\u00ec \u0111\u1ed9 pH t\u1ef1 nhi\u00ean c\u1ee7a da, gi\u00fap da tay lu\u00f4n kh\u1ecfe m\u1ea1nh v\u00e0 c\u00f3 kh\u1ea3 n\u0103ng t\u1ef1 v\u1ec7 cao h\u01a1n.<\/p>\n<p data-path-to-node=\"20\">\u2013\u00a0<b>L\u00c0M S\u1ea0CH V\u00c0 KH\u1eec KHU\u1ea8N:<\/b>\u00a0Lo\u1ea1i b\u1ecf hi\u1ec7u qu\u1ea3 c\u00e1c vi khu\u1ea9n, virus v\u00e0 b\u1ee5i b\u1ea9n b\u00e1m tr\u00ean da tay, g\u00f3p ph\u1ea7n quan tr\u1ecdng v\u00e0o vi\u1ec7c ng\u0103n ng\u1eeba s\u1ef1 l\u00e2y lan c\u1ee7a c\u00e1c b\u1ec7nh truy\u1ec1n nhi\u1ec5m.<\/p>\n<p data-path-to-node=\"20\">\u2013\u00a0<b>D\u01af\u1ee0NG \u1ea8M S\u00c2U:<\/b>\u00a0Ng\u0103n ng\u1eeba t\u00ecnh tr\u1ea1ng da tay n\u1ee9t n\u1ebb, kh\u00f4 r\u00e1p th\u01b0\u1eddng g\u1eb7p khi s\u1eed d\u1ee5ng x\u00e0 ph\u00f2ng ki\u1ec1m, gi\u1eef cho da tay lu\u00f4n m\u1ec1m m\u1ea1i v\u00e0 m\u1ecbn m\u00e0ng.<\/p>\n<p data-path-to-node=\"20\">\u2013\u00a0<b>PH\u00d9 H\u1ee2P CHO DA NH\u1ea0Y C\u1ea2M:<\/b>\u00a0C\u00f4ng th\u1ee9c d\u1ecbu nh\u1eb9 v\u00e0 pH c\u00e2n b\u1eb1ng gi\u00fap s\u1ea3n ph\u1ea9m tr\u1edf th\u00e0nh l\u1ef1a ch\u1ecdn l\u00fd t\u01b0\u1edfng cho tr\u1ebb em v\u00e0 nh\u1eefng ng\u01b0\u1eddi c\u00f3 l\u00e0n da tay nh\u1ea1y c\u1ea3m, d\u1ec5 b\u1ecb ch\u00e0m ho\u1eb7c d\u1ecb \u1ee9ng.<\/p>\n<p data-path-to-node=\"21\"><img loading=\"lazy\" decoding=\"async\" class=\"aligncenter  wp-image-43319\" src=\"https:\/\/havamall.com\/wp-content\/uploads\/2025\/11\/571351405_825763390216774_8574754190935478666_n-1.jpg\" alt=\"\" width=\"801\" height=\"801\" \/><\/p>\n<blockquote>\n<h4><em>C\u00c1CH V\u1ec6 SINH TAY CHU\u1ea8N<\/em><\/h4>\n<\/blockquote>\n<p data-path-to-node=\"23\">\u2013\u00a0<b>L\u00c0M \u01af\u1edaT TAY:<\/b>\u00a0L\u00e0m \u01b0\u1edbt tay b\u1eb1ng n\u01b0\u1edbc s\u1ea1ch.<\/p>\n<p data-path-to-node=\"23\">\u2013\u00a0<b>L\u1ea4Y S\u1ea2N PH\u1ea8M:<\/b>\u00a0Nh\u1ea5n v\u00f2i b\u01a1m m\u1ed9t l\u01b0\u1ee3ng gel v\u1eeba \u0111\u1ee7 (kho\u1ea3ng 1\u20132 l\u1ea7n b\u01a1m) v\u00e0o l\u00f2ng b\u00e0n tay.<\/p>\n<p data-path-to-node=\"23\">\u2013\u00a0<b>T\u1ea0O B\u1eccT V\u00c0 CH\u00c0 X\u00c1T:<\/b>\u00a0Xoa hai l\u00f2ng b\u00e0n tay v\u00e0o nhau, sau \u0111\u00f3 ch\u00e0 x\u00e1t k\u1ef9 t\u1ea5t c\u1ea3 c\u00e1c b\u1ec1 m\u1eb7t c\u1ee7a b\u00e0n tay, bao g\u1ed3m mu b\u00e0n tay, c\u00e1c k\u1ebd ng\u00f3n tay v\u00e0 d\u01b0\u1edbi m\u00f3ng tay, trong \u00edt nh\u1ea5t 20 gi\u00e2y. \u0110\u1ea3m b\u1ea3o Gel R\u1eeda Tay ti\u1ebfp x\u00fac v\u1edbi m\u1ecdi ng\u00f3c ng\u00e1ch.<\/p>\n<p data-path-to-node=\"23\">\u2013\u00a0<b>X\u1ea2 S\u1ea0CH:<\/b>\u00a0R\u1eeda s\u1ea1ch tay d\u01b0\u1edbi v\u00f2i n\u01b0\u1edbc ch\u1ea3y.<\/p>\n<p data-path-to-node=\"23\">\u2013\u00a0<b>LAU KH\u00d4:<\/b>\u00a0Lau kh\u00f4 tay b\u1eb1ng kh\u0103n s\u1ea1ch ho\u1eb7c gi\u1ea5y lau d\u00f9ng m\u1ed9t l\u1ea7n.<\/p>\n<p data-path-to-node=\"23\"><img loading=\"lazy\" decoding=\"async\" class=\"aligncenter size-full wp-image-43320\" src=\"https:\/\/havamall.com\/wp-content\/uploads\/2025\/11\/upload_8031c48d158e4a17a9d88a463149bddd.jpg\" alt=\"\" width=\"800\" height=\"800\" \/><\/p>\n<p data-path-to-node=\"24\">Gel R\u1eeda Tay H\u01b0\u01a1ng Cam pH Axit Y\u1ebfu D\u1ecbu Nh\u1eb9 Nh\u1eadt B\u1ea3n Animo 300ml \u2013 Orange Gel Hand Soap l\u00e0 s\u1ef1 k\u1ebft h\u1ee3p ho\u00e0n h\u1ea3o gi\u1eefa t\u00ednh v\u1ec7 sinh cao v\u00e0 s\u1ef1 d\u1ecbu nh\u1eb9 tuy\u1ec7t \u0111\u1ed1i cho da tay. \u0110\u00e2y l\u00e0 s\u1ea3n ph\u1ea9m thi\u1ebft y\u1ebfu cho m\u1ecdi gia \u0111\u00ecnh,\u00a0hi\u1ec7n \u0111ang \u0111\u01b0\u1ee3c ph\u00e2n ph\u1ed1i t\u1ea1i\u00a0<b>Havamall<\/b>.<\/p>","protected":false},"excerpt":{"rendered":"<p>TH\u00d4NG TIN S\u1ea2N PH\u1ea8M Th\u01b0\u01a1ng Hi\u1ec7u Animo Xu\u1ea5t X\u1ee9\u00a0 Nh\u1eadt B\u1ea3n (Japan) Th\u00e0nh Ph\u1ea7n Ch\u1ea5t Ho\u1ea1t \u0110\u1ed9ng B\u1ec1 M\u1eb7t D\u1ecbu<\/p>","protected":false},"featured_media":43442,"comment_status":"open","ping_status":"closed","template":"","meta":[],"product_brand":[],"product_cat":[393,397,675,396,35],"product_tag":[],"class_list":{"0":"post-43441","1":"product","2":"type-product","3":"status-publish","4":"has-post-thumbnail","6":"product_cat-bep-phong-an","7":"product_cat-hang-me-be-do-choi","8":"product_cat-nhap-khau-nhat-ban","9":"product_cat-suc-khoe-lam-dep","10":"product_cat-nha-cua-doi-song","12":"first","13":"instock","14":"sale","15":"shipping-taxable","16":"purchasable","17":"product-type-simple"},"_links":{"self":[{"href":"https:\/\/havamall.vn\/en\/wp-json\/wp\/v2\/product\/43441"}],"collection":[{"href":"https:\/\/havamall.vn\/en\/wp-json\/wp\/v2\/product"}],"about":[{"href":"https:\/\/havamall.vn\/en\/wp-json\/wp\/v2\/types\/product"}],"replies":[{"embeddable":true,"href":"https:\/\/havamall.vn\/en\/wp-json\/wp\/v2\/comments?post=43441"}],"version-history":[{"count":0,"href":"https:\/\/havamall.vn\/en\/wp-json\/wp\/v2\/product\/43441\/revisions"}],"wp:featuredmedia":[{"embeddable":true,"href":"https:\/\/havamall.vn\/en\/wp-json\/wp\/v2\/media\/43442"}],"wp:attachment":[{"href":"https:\/\/havamall.vn\/en\/wp-json\/wp\/v2\/media?parent=43441"}],"wp:term":[{"taxonomy":"product_brand","embeddable":true,"href":"https:\/\/havamall.vn\/en\/wp-json\/wp\/v2\/product_brand?post=43441"},{"taxonomy":"product_cat","embeddable":true,"href":"https:\/\/havamall.vn\/en\/wp-json\/wp\/v2\/product_cat?post=43441"},{"taxonomy":"product_tag","embeddable":true,"href":"https:\/\/havamall.vn\/en\/wp-json\/wp\/v2\/product_tag?post=43441"}],"curies":[{"name":"wp","href":"https:\/\/api.w.org\/{rel}","templated":true}]}}