{"id":43438,"date":"2025-11-17T15:04:11","date_gmt":"2025-11-17T08:04:11","guid":{"rendered":"https:\/\/havamall.vn\/?post_type=product&#038;p=43438"},"modified":"2025-11-17T15:04:12","modified_gmt":"2025-11-17T08:04:12","slug":"nuoc-giat-do-em-be-tinh-khiet-100-thuc-vat-khong-huong-lieu-nhat-ban-pigeon-800ml-pure-baby-laundry-detergent","status":"publish","type":"product","link":"https:\/\/havamall.vn\/en\/shop\/nuoc-giat-do-em-be-tinh-khiet-100-thuc-vat-khong-huong-lieu-nhat-ban-pigeon-800ml-pure-baby-laundry-detergent\/","title":{"rendered":"N\u01b0\u1edbc Gi\u1eb7t \u0110\u1ed3 Em B\u00e9 Tinh Khi\u1ebft 100% Th\u1ef1c V\u1eadt Kh\u00f4ng H\u01b0\u01a1ng Li\u1ec7u Nh\u1eadt B\u1ea3n Pigeon 800ml \u2013 Pure Baby Laundry Detergent"},"content":{"rendered":"<blockquote>\n<h1 data-start=\"445\" data-end=\"474\"><span style=\"font-size: 18pt\"><em>TH\u00d4NG TIN S\u1ea2N PH\u1ea8M<\/em><\/span><\/h1>\n<\/blockquote>\n<table style=\"width: 79.0715%;height: 201px\" data-path-to-node=\"6\">\n<tbody>\n<tr>\n<td style=\"width: 13.5135%\" data-path-to-node=\"6,1,0,0\"><b>Th\u01b0\u01a1ng Hi\u1ec7u<\/b><\/td>\n<td style=\"width: 85.7409%\" data-path-to-node=\"6,1,1,0\">Pigeon<\/td>\n<\/tr>\n<tr>\n<td style=\"width: 13.5135%\" data-path-to-node=\"6,2,0,0\"><b>Xu\u1ea5t X\u1ee9\u00a0<\/b><\/td>\n<td style=\"width: 85.7409%\" data-path-to-node=\"6,2,1,0\">Nh\u1eadt B\u1ea3n (Japan)<\/td>\n<\/tr>\n<tr>\n<td style=\"width: 13.5135%\" data-path-to-node=\"6,3,0,0\"><b>Th\u00e0nh Ph\u1ea7n<\/b><\/td>\n<td style=\"width: 85.7409%\" data-path-to-node=\"6,3,1,0\"><b>100% Th\u00e0nh Ph\u1ea7n L\u00e0m S\u1ea1ch G\u1ed1c Th\u1ef1c V\u1eadt<\/b>\u00a0\u2013 N\u01b0\u1edbc \u2013 Ch\u1ea5t \u1ed4n \u0110\u1ecbnh \u2013 Kh\u00f4ng H\u01b0\u01a1ng Li\u1ec7u (Fragrance-free) \u2013 Kh\u00f4ng Ch\u1ea5t T\u1ea1o M\u00e0u \u2013 Kh\u00f4ng Ch\u1ea5t Hu\u1ef3nh Quang \u2013 Kh\u00f4ng Paraben<\/td>\n<\/tr>\n<tr>\n<td style=\"width: 13.5135%\" data-path-to-node=\"6,4,0,0\"><b>H\u1ea1n S\u1eed D\u1ee5ng<\/b><\/td>\n<td style=\"width: 85.7409%\" data-path-to-node=\"6,4,1,0\">36 th\u00e1ng k\u1ec3 t\u1eeb ng\u00e0y s\u1ea3n xu\u1ea5t<\/td>\n<\/tr>\n<tr>\n<td style=\"width: 13.5135%\" data-path-to-node=\"6,5,0,0\"><b>Th\u1ec3 T\u00edch<\/b><\/td>\n<td style=\"width: 85.7409%\" data-path-to-node=\"6,5,1,0\">800ml<\/td>\n<\/tr>\n<\/tbody>\n<\/table>\n<p>\u0110\u01b0\u1ee3c th\u00e0nh l\u1eadp t\u1ea1i Nh\u1eadt B\u1ea3n v\u00e0o n\u0103m 1957, Pigeon \u0111\u00e3 kh\u1eb3ng \u0111\u1ecbnh v\u1ecb th\u1ebf l\u00e0 m\u1ed9t trong nh\u1eefng th\u01b0\u01a1ng hi\u1ec7u h\u00e0ng \u0111\u1ea7u th\u1ebf gi\u1edbi v\u1ec1 c\u00e1c s\u1ea3n ph\u1ea9m ch\u0103m s\u00f3c m\u1eb9 v\u00e0 b\u00e9. Tri\u1ebft l\u00fd c\u1ee7a Pigeon xoay quanh s\u1ef1 d\u1ecbu d\u00e0ng, an to\u00e0n v\u00e0 h\u1ed7 tr\u1ee3 t\u1ef1 nhi\u00ean, \u0111\u1eb7c bi\u1ec7t ch\u00fa tr\u1ecdng \u0111\u1ebfn l\u00e0n da nh\u1ea1y c\u1ea3m c\u1ee7a tr\u1ebb s\u01a1 sinh v\u00e0 tr\u1ebb nh\u1ecf. N\u01b0\u1edbc Gi\u1eb7t Pigeon Pure ra \u0111\u1eddi nh\u1eb1m \u0111\u00e1p \u1ee9ng m\u1ed1i quan t\u00e2m h\u00e0ng \u0111\u1ea7u c\u1ee7a c\u00e1c b\u1eadc cha m\u1eb9: l\u00e0m s\u1ea1ch qu\u1ea7n \u00e1o hi\u1ec7u qu\u1ea3 m\u00e0 v\u1eabn gi\u1eef \u0111\u01b0\u1ee3c s\u1ef1 tinh khi\u1ebft v\u00e0 m\u1ec1m m\u1ea1i, kh\u00f4ng g\u00e2y b\u1ea5t k\u1ef3 k\u00edch \u1ee9ng n\u00e0o cho l\u00e0n da m\u1ecfng manh, y\u1ebfu \u1edbt c\u1ee7a b\u00e9.<\/p>\n<p><img fetchpriority=\"high\" decoding=\"async\" class=\"aligncenter  wp-image-43307\" src=\"https:\/\/havamall.com\/wp-content\/uploads\/2025\/11\/ogp.jpg\" alt=\"\" width=\"800\" height=\"420\" \/><\/p>\n<blockquote>\n<h4><em><span style=\"font-size: 14pt\">\u0110\u1eb6C \u0110I\u1ec2M T\u00cdNH CH\u1ea4T V\u00c0 C\u00d4NG TH\u1ee8C 100% TH\u1ef0C V\u1eacT<\/span><\/em><\/h4>\n<\/blockquote>\n<p data-path-to-node=\"13\">N\u01b0\u1edbc Gi\u1eb7t Pigeon Pure s\u1eed d\u1ee5ng\u00a0<b>100% Th\u00e0nh Ph\u1ea7n L\u00e0m S\u1ea1ch G\u1ed1c Th\u1ef1c V\u1eadt<\/b>, c\u00e1c ch\u1ea5t ho\u1ea1t \u0111\u1ed9ng b\u1ec1 m\u1eb7t (Surfactants) c\u00f3 ngu\u1ed3n g\u1ed1c th\u1ef1c v\u1eadt th\u01b0\u1eddng c\u00f3 kh\u1ea3 n\u0103ng ph\u00e2n h\u1ee7y sinh h\u1ecdc cao v\u00e0 d\u1ecbu nh\u1eb9 h\u01a1n r\u1ea5t nhi\u1ec1u so v\u1edbi c\u00e1c ch\u1ea5t ho\u1ea1t \u0111\u1ed9ng b\u1ec1 m\u1eb7t h\u00f3a h\u1ecdc t\u1ed5ng h\u1ee3p, \u0111\u1ea3m b\u1ea3o qu\u00e1 tr\u00ecnh gi\u1eb7t kh\u00f4ng \u0111\u1ec3 l\u1ea1i c\u1eb7n h\u00f3a ch\u1ea5t kh\u00f3 tan tr\u00ean s\u1ee3i v\u1ea3i. C\u00e1c cam k\u1ebft\u00a0<b>Kh\u00f4ng Ph\u1ee5 Gia<\/b>\u00a0c\u1ee7a n\u01b0\u1edbc gi\u1eb7t n\u00e0y \u0111\u01b0\u1ee3c th\u1ef1c hi\u1ec7n tri\u1ec7t \u0111\u1ec3:<\/p>\n<p data-path-to-node=\"15\">\u2013\u00a0<b>KH\u00d4NG H\u01af\u01a0NG LI\u1ec6U (FRAGRANCE-FREE):<\/b>\u00a0Lo\u1ea1i b\u1ecf ho\u00e0n to\u00e0n c\u00e1c ch\u1ea5t t\u1ea1o m\u00f9i th\u01a1m t\u1ed5ng h\u1ee3p, v\u1ed1n l\u00e0 nguy\u00ean nh\u00e2n ph\u1ed5 bi\u1ebfn g\u00e2y d\u1ecb \u1ee9ng da v\u00e0 \u0111\u01b0\u1eddng h\u00f4 h\u1ea5p \u1edf tr\u1ebb s\u01a1 sinh.<\/p>\n<p data-path-to-node=\"15\">\u2013\u00a0<b>KH\u00d4NG CH\u1ea4T T\u1ea0O M\u00c0U V\u00c0 CH\u1ea4T HU\u1ef2NH QUANG:<\/b>\u00a0Tr\u00e1nh xa c\u00e1c ch\u1ea5t ph\u1ee5 gia n\u00e0y gi\u00fap \u0111\u1ea3m b\u1ea3o qu\u1ea7n \u00e1o tr\u1ebb em kh\u00f4ng b\u1ecb ph\u01a1i nhi\u1ec5m c\u00e1c h\u00f3a ch\u1ea5t c\u00f3 kh\u1ea3 n\u0103ng l\u00e0m t\u0103ng \u0111\u1ed9 nh\u1ea1y c\u1ea3m c\u1ee7a da. Ch\u1ea5t hu\u1ef3nh quang \u0111\u1eb7c bi\u1ec7t c\u1ea7n tr\u00e1nh v\u00ec ch\u00fang b\u00e1m l\u1ea1i tr\u00ean v\u1ea3i v\u00e0 c\u00f3 th\u1ec3 g\u00e2y k\u00edch \u1ee9ng khi da ti\u1ebfp x\u00fac.<\/p>\n<p data-path-to-node=\"15\">\u2013\u00a0<b>\u0110\u00c3 \u0110\u01af\u1ee2C KI\u1ec2M NGHI\u1ec6M DA LI\u1ec4U:<\/b>\u00a0S\u1ea3n ph\u1ea9m \u0111\u00e3 \u0111\u01b0\u1ee3c c\u00e1c b\u00e1c s\u0129 da li\u1ec5u ki\u1ec3m nghi\u1ec7m v\u1ec1 m\u1ee9c \u0111\u1ed9 g\u00e2y k\u00edch \u1ee9ng da, mang l\u1ea1i s\u1ef1 y\u00ean t\u00e2m tuy\u1ec7t \u0111\u1ed1i khi s\u1eed d\u1ee5ng cho qu\u1ea7n \u00e1o, t\u00e3 v\u1ea3i v\u00e0 \u0111\u1ed3 l\u00f3t c\u1ee7a b\u00e9.<\/p>\n<p data-path-to-node=\"16\">C\u00f4ng th\u1ee9c Tinh Khi\u1ebft Pigeon kh\u00f4ng ch\u1ec9 l\u00e0m s\u1ea1ch hi\u1ec7u qu\u1ea3 c\u00e1c v\u1ebft b\u1ea9n th\u01b0\u1eddng g\u1eb7p c\u1ee7a tr\u1ebb nh\u01b0 s\u1eefa, th\u1ee9c \u0103n d\u1eb7m, v\u00e0 ch\u1ea5t th\u1ea3i, m\u00e0 c\u00f2n d\u1ec5 d\u00e0ng x\u1ea3 s\u1ea1ch, kh\u00f4ng \u0111\u1ec3 l\u1ea1i c\u1eb7n, gi\u00fap s\u1ee3i v\u1ea3i m\u1ec1m m\u1ea1i t\u1ef1 nhi\u00ean m\u00e0 kh\u00f4ng c\u1ea7n \u0111\u1ebfn n\u01b0\u1edbc x\u1ea3 v\u1ea3i.<\/p>\n<p data-path-to-node=\"16\"><img decoding=\"async\" class=\"aligncenter  wp-image-43309\" src=\"https:\/\/havamall.com\/wp-content\/uploads\/2025\/11\/1035394q-1.jpg\" alt=\"\" width=\"801\" height=\"801\" \/><\/p>\n<blockquote>\n<h5><span style=\"font-size: 14pt\"><strong><em>L\u1ee2I \u00cdCH CHUY\u00caN S\u00c2U \u0110\u1ed0I V\u1edaI V\u1ea2I V\u00d3C V\u00c0 DA B\u00c9<\/em><\/strong><\/span><\/h5>\n<\/blockquote>\n<p data-path-to-node=\"20\">\u2013\u00a0<b>GI\u1ea2M THI\u1ec2U K\u00cdCH \u1ee8NG DA T\u1ed0I \u0110A:<\/b>\u00a0Nh\u1edd v\u00e0o th\u00e0nh ph\u1ea7n 100% g\u1ed1c th\u1ef1c v\u1eadt v\u00e0 kh\u00f4ng h\u01b0\u01a1ng li\u1ec7u, s\u1ea3n ph\u1ea9m gi\u00fap gi\u1ea3m thi\u1ec3u nguy c\u01a1 ph\u00e1t ban, m\u1ea9n \u0111\u1ecf, v\u00e0 d\u1ecb \u1ee9ng ti\u1ebfp x\u00fac, b\u1ea3o v\u1ec7 h\u00e0ng r\u00e0o da t\u1ef1 nhi\u00ean c\u1ee7a b\u00e9.<\/p>\n<p data-path-to-node=\"20\">\u2013\u00a0<b>L\u00c0M S\u1ea0CH D\u1ecaU NH\u1eb8:<\/b>\u00a0Ch\u1ea5t t\u1ea9y r\u1eeda ho\u1ea1t \u0111\u1ed9ng nh\u1eb9 nh\u00e0ng tr\u00ean s\u1ee3i v\u1ea3i, gi\u00fap lo\u1ea1i b\u1ecf v\u1ebft b\u1ea9n m\u1ed9t c\u00e1ch hi\u1ec7u qu\u1ea3 m\u00e0 kh\u00f4ng l\u00e0m phai m\u00e0u, gi\u00e3n s\u1ee3i hay l\u00e0m c\u1ee9ng v\u1ea3i v\u00f3c sau nhi\u1ec1u l\u1ea7n gi\u1eb7t. \u0110i\u1ec1u n\u00e0y gi\u00fap k\u00e9o d\u00e0i tu\u1ed5i th\u1ecd c\u1ee7a qu\u1ea7n \u00e1o tr\u1ebb em.<\/p>\n<p data-path-to-node=\"20\">\u2013\u00a0<b>AN TO\u00c0N CHO \u0110\u1ed2 L\u00d3T V\u00c0 \u0110\u1ed2 TI\u1ebeP X\u00daC DA:<\/b>\u00a0S\u1ea3n ph\u1ea9m l\u00fd t\u01b0\u1edfng \u0111\u1ec3 gi\u1eb7t \u0111\u1ed3 l\u00f3t, ch\u0103n m\u1ec1n, v\u00e0 c\u00e1c v\u1eadt d\u1ee5ng ti\u1ebfp x\u00fac tr\u1ef1c ti\u1ebfp v\u1edbi da b\u00e9, \u0111\u1ea3m b\u1ea3o s\u1ef1 m\u1ec1m m\u1ea1i v\u00e0 tinh khi\u1ebft tuy\u1ec7t \u0111\u1ed1i.<\/p>\n<p data-path-to-node=\"20\">\u2013\u00a0<b>T\u01af\u01a0NG TH\u00cdCH V\u1edaI M\u1eccI LO\u1ea0I M\u00c1Y GI\u1eb6T:<\/b>\u00a0N\u01b0\u1edbc gi\u1eb7t c\u00f3 th\u1ec3 s\u1eed d\u1ee5ng cho c\u1ea3 gi\u1eb7t m\u00e1y v\u00e0 gi\u1eb7t tay, d\u1ec5 d\u00e0ng h\u00f2a tan trong n\u01b0\u1edbc v\u00e0 kh\u00f4ng g\u00e2y \u0111\u00f3ng c\u1eb7n trong m\u00e1y gi\u1eb7t.<\/p>\n<p data-path-to-node=\"20\"><img decoding=\"async\" class=\"aligncenter  wp-image-43310\" src=\"https:\/\/havamall.com\/wp-content\/uploads\/2025\/11\/01892f8e37d2415e89c5fb2e61e140c6_master.png\" alt=\"\" width=\"802\" height=\"534\" \/><\/p>\n<blockquote>\n<h4><em>C\u00c1CH S\u1eec D\u1ee4NG HI\u1ec6U QU\u1ea2<\/em><\/h4>\n<\/blockquote>\n<p data-path-to-node=\"23\">\u2013\u00a0<b>GI\u1eb6T M\u00c1Y:<\/b>\u00a0S\u1eed d\u1ee5ng theo li\u1ec1u l\u01b0\u1ee3ng khuy\u1ebfn ngh\u1ecb tr\u00ean bao b\u00ec, th\u01b0\u1eddng l\u00e0 50ml n\u01b0\u1edbc gi\u1eb7t cho 30 l\u00edt n\u01b0\u1edbc ho\u1eb7c 4kg qu\u1ea7n \u00e1o.<\/p>\n<p data-path-to-node=\"23\">\u2013\u00a0<b>GI\u1eb6T TAY:<\/b>\u00a0H\u00f2a tan 10ml n\u01b0\u1edbc gi\u1eb7t v\u00e0o 5 l\u00edt n\u01b0\u1edbc, ng\u00e2m qu\u1ea7n \u00e1o kho\u1ea3ng 5 ph\u00fat tr\u01b0\u1edbc khi v\u00f2 nh\u1eb9 v\u00e0 x\u1ea3 s\u1ea1ch.<\/p>\n<p data-path-to-node=\"23\">\u2013\u00a0<b>X\u1eec L\u00dd V\u1ebeT B\u1ea8N C\u1ee8NG \u0110\u1ea6U:<\/b>\u00a0\u0110\u1ed1i v\u1edbi c\u00e1c v\u1ebft b\u1ea9n kh\u00f3 gi\u1eb7t nh\u01b0 v\u1ebft s\u1eefa hay th\u1ee9c \u0103n d\u1eb7m \u0111\u00e3 kh\u00f4, n\u00ean ch\u1ea5m tr\u1ef1c ti\u1ebfp m\u1ed9t l\u01b0\u1ee3ng nh\u1ecf n\u01b0\u1edbc gi\u1eb7t l\u00ean v\u1ebft b\u1ea9n, v\u00f2 nh\u1eb9 tr\u01b0\u1edbc khi \u0111\u01b0a v\u00e0o gi\u1eb7t chung.<\/p>\n<p data-path-to-node=\"23\">\u2013\u00a0<b>L\u01afU \u00dd:<\/b>\u00a0Lu\u00f4n x\u1ea3 k\u1ef9 qu\u1ea7n \u00e1o v\u1edbi n\u01b0\u1edbc \u0111\u1ec3 \u0111\u1ea3m b\u1ea3o kh\u00f4ng c\u00f2n s\u00f3t l\u1ea1i c\u1eb7n gi\u1eb7t, d\u00f9 l\u00e0 c\u1eb7n c\u1ee7a th\u00e0nh ph\u1ea7n th\u1ef1c v\u1eadt.<\/p>\n<p data-path-to-node=\"23\"><img loading=\"lazy\" decoding=\"async\" class=\"aligncenter  wp-image-43311\" src=\"https:\/\/havamall.com\/wp-content\/uploads\/2025\/11\/pigeon_baby-additive-free-pure-baby-wash-detergent_x1920_860e7a64-0c39-496e-80f5-507383bc0f68.webp\" alt=\"\" width=\"801\" height=\"801\" \/><\/p>\n<p data-path-to-node=\"24\">N\u01b0\u1edbc Gi\u1eb7t \u0110\u1ed3 Em B\u00e9 Tinh Khi\u1ebft 100% Th\u1ef1c V\u1eadt Kh\u00f4ng H\u01b0\u01a1ng Li\u1ec7u Nh\u1eadt B\u1ea3n Pigeon 800ml \u2013 Pure Baby Laundry Detergent l\u00e0 gi\u1ea3i ph\u00e1p gi\u1eb7t gi\u0169 ho\u00e0n h\u1ea3o, mang \u0111\u1ebfn s\u1ef1 an t\u00e2m tuy\u1ec7t \u0111\u1ed1i cho c\u00e1c b\u1eadc cha m\u1eb9 trong vi\u1ec7c ch\u0103m s\u00f3c l\u00e0n da v\u00e0 s\u1ee9c kh\u1ecfe c\u1ee7a tr\u1ebb.<\/p>\n<p data-path-to-node=\"25\">S\u1ea3n ph\u1ea9m ch\u00ednh h\u00e3ng\u00a0<b>Pigeon Pure Baby Laundry Detergent<\/b>\u00a0hi\u1ec7n \u0111ang \u0111\u01b0\u1ee3c ph\u00e2n ph\u1ed1i t\u1ea1i\u00a0<b>Havamall<\/b>.<\/p>","protected":false},"excerpt":{"rendered":"<p>TH\u00d4NG TIN S\u1ea2N PH\u1ea8M Th\u01b0\u01a1ng Hi\u1ec7u Pigeon Xu\u1ea5t X\u1ee9\u00a0 Nh\u1eadt B\u1ea3n (Japan) Th\u00e0nh Ph\u1ea7n 100% Th\u00e0nh Ph\u1ea7n L\u00e0m S\u1ea1ch G\u1ed1c<\/p>","protected":false},"featured_media":43439,"comment_status":"open","ping_status":"closed","template":"","meta":[],"product_brand":[],"product_cat":[397,675,35],"product_tag":[],"class_list":{"0":"post-43438","1":"product","2":"type-product","3":"status-publish","4":"has-post-thumbnail","6":"product_cat-hang-me-be-do-choi","7":"product_cat-nhap-khau-nhat-ban","8":"product_cat-nha-cua-doi-song","10":"first","11":"instock","12":"sale","13":"shipping-taxable","14":"purchasable","15":"product-type-simple"},"_links":{"self":[{"href":"https:\/\/havamall.vn\/en\/wp-json\/wp\/v2\/product\/43438"}],"collection":[{"href":"https:\/\/havamall.vn\/en\/wp-json\/wp\/v2\/product"}],"about":[{"href":"https:\/\/havamall.vn\/en\/wp-json\/wp\/v2\/types\/product"}],"replies":[{"embeddable":true,"href":"https:\/\/havamall.vn\/en\/wp-json\/wp\/v2\/comments?post=43438"}],"version-history":[{"count":0,"href":"https:\/\/havamall.vn\/en\/wp-json\/wp\/v2\/product\/43438\/revisions"}],"wp:featuredmedia":[{"embeddable":true,"href":"https:\/\/havamall.vn\/en\/wp-json\/wp\/v2\/media\/43439"}],"wp:attachment":[{"href":"https:\/\/havamall.vn\/en\/wp-json\/wp\/v2\/media?parent=43438"}],"wp:term":[{"taxonomy":"product_brand","embeddable":true,"href":"https:\/\/havamall.vn\/en\/wp-json\/wp\/v2\/product_brand?post=43438"},{"taxonomy":"product_cat","embeddable":true,"href":"https:\/\/havamall.vn\/en\/wp-json\/wp\/v2\/product_cat?post=43438"},{"taxonomy":"product_tag","embeddable":true,"href":"https:\/\/havamall.vn\/en\/wp-json\/wp\/v2\/product_tag?post=43438"}],"curies":[{"name":"wp","href":"https:\/\/api.w.org\/{rel}","templated":true}]}}