{"id":43433,"date":"2025-11-17T10:52:08","date_gmt":"2025-11-17T03:52:08","guid":{"rendered":"https:\/\/havamall.vn\/?post_type=product&#038;p=43433"},"modified":"2025-11-17T10:52:10","modified_gmt":"2025-11-17T03:52:10","slug":"bot-tra-xanh-nguyen-chat-uji-100-la-tra-kyoto-hang-cao-cap-nhat-ban-morihan-30g-uji-matcha","status":"publish","type":"product","link":"https:\/\/havamall.vn\/en\/shop\/bot-tra-xanh-nguyen-chat-uji-100-la-tra-kyoto-hang-cao-cap-nhat-ban-morihan-30g-uji-matcha\/","title":{"rendered":"B\u1ed9t Tr\u00e0 Xanh Nguy\u00ean Ch\u1ea5t Uji 100% L\u00e1 Tr\u00e0 Kyoto H\u00e0ng Cao C\u1ea5p Nh\u1eadt B\u1ea3n Morihan 30g \u2013 Uji Matcha"},"content":{"rendered":"<blockquote>\n<h1 data-start=\"445\" data-end=\"474\"><span style=\"font-size: 18pt\"><em>TH\u00d4NG TIN S\u1ea2N PH\u1ea8M<\/em><\/span><\/h1>\n<\/blockquote>\n<table style=\"width: 54.2703%;height: 158px\" data-path-to-node=\"6\">\n<tbody>\n<tr>\n<td data-path-to-node=\"6,1,0,0\"><b>Th\u01b0\u01a1ng Hi\u1ec7u<\/b><\/td>\n<td data-path-to-node=\"6,1,1,0\">Morihan (\u68ee\u534a)<\/td>\n<\/tr>\n<tr>\n<td data-path-to-node=\"6,2,0,0\"><b>Xu\u1ea5t X\u1ee9<\/b><\/td>\n<td data-path-to-node=\"6,2,1,0\">Nh\u1eadt B\u1ea3n (Japan)<\/td>\n<\/tr>\n<tr>\n<td data-path-to-node=\"6,3,0,0\"><b>Th\u00e0nh Ph\u1ea7n<\/b><\/td>\n<td data-path-to-node=\"6,3,1,0\">100% B\u1ed9t Tr\u00e0 Xanh Nguy\u00ean Ch\u1ea5t T\u1eeb L\u00e1 Tr\u00e0 Kyoto (100% Uji Tea Leaves)<\/td>\n<\/tr>\n<tr>\n<td data-path-to-node=\"6,4,0,0\"><b>H\u1ea1n S\u1eed D\u1ee5ng<\/b><\/td>\n<td data-path-to-node=\"6,4,1,0\">6\u201312 th\u00e1ng k\u1ec3 t\u1eeb ng\u00e0y s\u1ea3n xu\u1ea5t<\/td>\n<\/tr>\n<tr>\n<td data-path-to-node=\"6,5,0,0\"><b>Kh\u1ed1i L\u01b0\u1ee3ng<\/b><\/td>\n<td data-path-to-node=\"6,5,1,0\">30g<\/td>\n<\/tr>\n<\/tbody>\n<\/table>\n<p><b>Uji<\/b>, thu\u1ed9c t\u1ec9nh Kyoto, \u0111\u01b0\u1ee3c xem l\u00e0 th\u00e1nh \u0111\u1ecba c\u1ee7a tr\u00e0 xanh, ch\u00ednh t\u1ea1i v\u00f9ng \u0111\u1ea5t n\u00e0y, c\u00e1c nh\u00e0 s\u01b0 Nh\u1eadt B\u1ea3n \u0111\u00e3 mang h\u1ea1t gi\u1ed1ng tr\u00e0 t\u1eeb Trung Qu\u1ed1c v\u1ec1 gieo tr\u1ed3ng v\u00e0 ph\u00e1t tri\u1ec3n n\u00ean k\u1ef9 thu\u1eadt \u0111\u1ed9c \u0111\u00e1o \u0111\u1ec3 t\u1ea1o ra Matcha. V\u00f9ng \u0111\u1ea5t Uji s\u1edf h\u1eefu th\u1ed5 nh\u01b0\u1ee1ng gi\u00e0u dinh d\u01b0\u1ee1ng, kh\u00ed h\u1eadu \u00f4n h\u00f2a v\u00e0 ngu\u1ed3n n\u01b0\u1edbc trong l\u00e0nh t\u1eeb s\u00f4ng Uji, t\u1ea1o \u0111i\u1ec1u ki\u1ec7n l\u00fd t\u01b0\u1edfng \u0111\u1ec3 c\u00e2y tr\u00e0 ph\u00e1t tri\u1ec3n ch\u1eadm r\u00e3i v\u00e0 t\u00edch l\u0169y h\u00e0m l\u01b0\u1ee3ng dinh d\u01b0\u1ee1ng cao nh\u1ea5t.<\/p>\n<p><img fetchpriority=\"high\" decoding=\"async\" class=\"aligncenter\" src=\"https:\/\/havamall.com\/wp-content\/uploads\/2025\/11\/28.jpg\" alt=\"What is Uji Matcha? \u2013 MATCHA DIRECT\" width=\"802\" height=\"534\" \/><\/p>\n<p>S\u1ea3n ph\u1ea9m \u0111\u1ebfn t\u1eeb th\u01b0\u01a1ng hi\u1ec7u\u00a0<b>Morihan (\u68ee\u534a)<\/b>, m\u1ed9t c\u00e1i t\u00ean \u0111\u00e3 g\u1eafn li\u1ec1n v\u1edbi ch\u1ea5t l\u01b0\u1ee3ng tr\u00e0 Uji t\u1eeb th\u1eddi k\u1ef3\u00a0<b>Tenp\u014d (kho\u1ea3ng 1830\u20131844),\u00a0<\/b>cam k\u1ebft ch\u1ec9 s\u1eed d\u1ee5ng\u00a0100% L\u00e1 Tr\u00e0 T\u1ec9nh Kyoto\u00a0\u0111\u01b0\u1ee3c thu ho\u1ea1ch v\u00e0 ch\u1ebf bi\u1ebfn t\u1ea1i Uji. S\u1ef1 t\u1eadn t\u00e2m n\u00e0y gi\u00fap Morihan gi\u1eef v\u1eefng danh ti\u1ebfng l\u00e0 m\u1ed9t trong nh\u1eefng th\u01b0\u01a1ng hi\u1ec7u tr\u00e0 \u0111\u1ea1o \u0111\u00e1ng k\u00ednh nh\u1ea5t, n\u01a1i ch\u1ea5t l\u01b0\u1ee3ng lu\u00f4n l\u00e0 \u01b0u ti\u00ean h\u00e0ng \u0111\u1ea7u.<\/p>\n<p><img decoding=\"async\" class=\"aligncenter  wp-image-43297\" src=\"https:\/\/havamall.com\/wp-content\/uploads\/2025\/11\/o1080144015378772444.jpg\" alt=\"\" width=\"800\" height=\"1067\" \/><\/p>\n<blockquote>\n<h4><span style=\"font-size: 14pt\"><em>\u0110\u1eb6C \u0110I\u1ec2M T\u00cdNH CH\u1ea4T V\u00c0 QUY TR\u00ccNH H\u00ccNH TH\u00c0NH<\/em><\/span><\/h4>\n<\/blockquote>\n<p data-path-to-node=\"13\">S\u1ef1 kh\u00e1c bi\u1ec7t v\u01b0\u1ee3t tr\u1ed9i c\u1ee7a B\u1ed9t Tr\u00e0 Xanh Uji Morihan n\u1eb1m \u1edf quy tr\u00ecnh h\u00ecnh th\u00e0nh t\u1ec9 m\u1ec9, \u0111\u00f2i h\u1ecfi s\u1ef1 ki\u00ean nh\u1eabn v\u00e0 k\u1ef9 thu\u1eadt cao.<\/p>\n<p data-path-to-node=\"14\">\u2013\u00a0<b>K\u1ef8 THU\u1eacT CHE PH\u1ee6 (SHADING):<\/b>\u00a0Kho\u1ea3ng 20\u201330 ng\u00e0y tr\u01b0\u1edbc khi thu ho\u1ea1ch, c\u00e1c lu\u1ed1ng tr\u00e0 \u0111\u01b0\u1ee3c che ph\u1ee7 ho\u00e0n to\u00e0n kh\u1ecfi \u00e1nh n\u1eafng m\u1eb7t tr\u1eddi. Vi\u1ec7c n\u00e0y bu\u1ed9c c\u00e2y tr\u00e0 ph\u1ea3i t\u1ef1 s\u1ea3n sinh ra nhi\u1ec1u\u00a0<b>Chlorophyll<\/b>\u00a0(di\u1ec7p l\u1ee5c) \u0111\u1ec3 t\u1ed1i \u0111a h\u00f3a qu\u00e1 tr\u00ecnh quang h\u1ee3p trong \u0111i\u1ec1u ki\u1ec7n thi\u1ebfu s\u00e1ng. \u0110\u00e2y l\u00e0 l\u00fd do khi\u1ebfn l\u00e1 tr\u00e0 c\u00f3 m\u00e0u xanh l\u1ee5c t\u01b0\u01a1i s\u00e1ng v\u00e0 t\u0103ng c\u01b0\u1eddng h\u00e0m l\u01b0\u1ee3ng\u00a0<b>L-Theanine<\/b>, Axit Amin t\u1ea1o ra h\u01b0\u01a1ng v\u1ecb\u00a0<b>Umami (v\u1ecb ng\u1ecdt th\u1ecbt)<\/b>\u00a0\u0111\u1eb7c tr\u01b0ng v\u00e0 l\u00e0m gi\u1ea3m v\u1ecb ch\u00e1t.<\/p>\n<p data-path-to-node=\"15\">\u2013\u00a0<b>CH\u1ebe BI\u1ebeN TRUY\u1ec0N TH\u1ed0NG:<\/b>\u00a0Sau khi thu ho\u1ea1ch th\u1ee7 c\u00f4ng, l\u00e1 tr\u00e0 \u0111\u01b0\u1ee3c h\u1ea5p nhanh \u0111\u1ec3 ng\u0103n ch\u1eb7n qu\u00e1 tr\u00ecnh Oxy h\u00f3a, sau \u0111\u00f3 \u0111\u01b0\u1ee3c s\u1ea5y kh\u00f4 v\u00e0 lo\u1ea1i b\u1ecf g\u00e2n l\u00e1 c\u00f9ng cu\u1ed1ng l\u00e1 \u0111\u1ec3 ch\u1ec9 gi\u1eef l\u1ea1i ph\u1ea7n th\u1ecbt l\u00e1 tinh khi\u1ebft g\u1ecdi l\u00e0\u00a0<b>Tencha<\/b>.<\/p>\n<p data-path-to-node=\"16\">\u2013\u00a0<b>XAY B\u1eb0NG C\u1ed0I \u0110\u00c1:<\/b>\u00a0Tencha sau \u0111\u00f3 \u0111\u01b0\u1ee3c xay ch\u1eadm r\u00e3i b\u1eb1ng c\u1ed1i \u0111\u00e1 granite truy\u1ec1n th\u1ed1ng. Qu\u00e1 tr\u00ecnh xay n\u00e0y c\u1ef1c k\u1ef3 ch\u1eadm, ch\u1ec9 kho\u1ea3ng 30\u201340 gram m\u1ed7i gi\u1edd, nh\u1eb1m gi\u1eef nhi\u1ec7t \u0111\u1ed9 th\u1ea5p nh\u1ea5t, b\u1ea3o to\u00e0n h\u01b0\u01a1ng th\u01a1m, m\u00e0u s\u1eafc v\u00e0 h\u00e0m l\u01b0\u1ee3ng dinh d\u01b0\u1ee1ng. \u0110\u1ed9 m\u1ecbn c\u1ee7a h\u1ea1t b\u1ed9t (th\u01b0\u1eddng ch\u1ec9 v\u00e0i micron) gi\u00fap Matcha d\u1ec5 d\u00e0ng h\u00f2a tan trong n\u01b0\u1edbc, t\u1ea1o n\u00ean m\u1ed9t k\u1ebft c\u1ea5u kem m\u01b0\u1ee3t m\u00e0, kh\u00e1c bi\u1ec7t ho\u00e0n to\u00e0n v\u1edbi tr\u00e0 xanh th\u00f4ng th\u01b0\u1eddng.<\/p>\n<p data-path-to-node=\"16\"><img decoding=\"async\" class=\"aligncenter\" src=\"https:\/\/havamall.com\/wp-content\/uploads\/2025\/11\/osasda_shade_sq.jpg\" width=\"801\" height=\"801\" \/><\/p>\n<blockquote>\n<h5><em><strong><span style=\"font-size: 14pt\">C\u00d4NG D\u1ee4NG V\u00c0 KH\u1ea8U PH\u1ea6N S\u1eec D\u1ee4NG<\/span><\/strong><\/em><\/h5>\n<\/blockquote>\n<p>\u2013\u00a0<strong>PHA TR\u00c0 \u0110\u1ea0O (USUCHA)<\/strong>: S\u1eed d\u1ee5ng\u00a0<strong>1\u20132 gram<\/strong>\u00a0Matcha (kho\u1ea3ng\u00a0<strong>n\u1eeda th\u00eca c\u00e0 ph\u00ea<\/strong>) v\u1edbi\u00a0<strong>70\u2013100 ml n\u01b0\u1edbc n\u00f3ng<\/strong>\u00a0(kho\u1ea3ng\u00a0<strong>70 &#8211; 80<\/strong>\u00a0\u0111\u1ed9 C). D\u00f9ng ch\u1ed5i\u00a0<strong>Chasen<\/strong>\u00a0(ch\u1ed5i \u0111\u00e1nh tr\u00e0)<strong>\u00a0\u0111\u00e1nh nhanh<\/strong>\u00a0theo h\u00ecnh ch\u1eef &#8220;<strong>M<\/strong>&#8221; ho\u1eb7c &#8220;<strong>W<\/strong>&#8221; cho \u0111\u1ebfn khi t\u1ea1o b\u1ecdt m\u1ecbn. Kh\u1ea9u ph\u1ea7n n\u00e0y gi\u00fap th\u01b0\u1edfng th\u1ee9c tr\u1ecdn v\u1eb9n h\u01b0\u01a1ng v\u1ecb tinh khi\u1ebft c\u1ee7a tr\u00e0.<\/p>\n<p>\u2013\u00a0<strong>CH\u1ebe BI\u1ebeN \u0110\u1ed2 U\u1ed0NG HI\u1ec6N \u0110\u1ea0I<\/strong>: Matcha l\u00e0 nguy\u00ean li\u1ec7u kh\u00f4ng th\u1ec3 thi\u1ebfu \u0111\u1ec3 t\u1ea1o ra c\u00e1c m\u00f3n nh\u01b0\u00a0<strong>Matcha Latte, Smoothie Matcha hay Kem Matcha<\/strong>. H\u01b0\u01a1ng v\u1ecb Umami v\u00e0 m\u00e0u xanh t\u01b0\u01a1i t\u1eafn c\u1ee7a Matcha Morihan n\u00e2ng t\u1ea7m m\u1ecdi c\u00f4ng th\u1ee9c, \u0111\u1eb7c bi\u1ec7t ph\u00f9 h\u1ee3p cho nh\u1eefng ng\u01b0\u1eddi mu\u1ed1n k\u1ebft h\u1ee3p l\u1ee3i \u00edch s\u1ee9c kh\u1ecfe v\u00e0o \u0111\u1ed3 u\u1ed1ng h\u00e0ng ng\u00e0y.<\/p>\n<p>\u2013\u00a0<strong>S\u1eec D\u1ee4NG TRONG \u1ea8M TH\u1ef0C:<\/strong>\u00a0B\u1ed9t Matcha c\u00f2n \u0111\u01b0\u1ee3c d\u00f9ng \u0111\u1ec3 l\u00e0m b\u00e1nh (B\u00e1nh Cu\u1ed9n, Cheesecake, Cookies), s\u00f4 c\u00f4 la hay c\u00e1c m\u00f3n tr\u00e1ng mi\u1ec7ng kh\u00e1c, mang l\u1ea1i h\u01b0\u01a1ng v\u1ecb th\u01a1m ngon v\u00e0 m\u00e0u s\u1eafc t\u1ef1 nhi\u00ean.<\/p>\n<p><img loading=\"lazy\" decoding=\"async\" class=\"aligncenter  wp-image-43298\" src=\"https:\/\/havamall.com\/wp-content\/uploads\/2025\/11\/496167060_17893394436228955_8923733793086880634_n.jpg\" alt=\"\" width=\"800\" height=\"800\" \/><\/p>\n<p>B\u1ed9t Tr\u00e0 Xanh Nguy\u00ean Ch\u1ea5t Uji 100% L\u00e1 Tr\u00e0 Kyoto H\u00e0ng Cao C\u1ea5p Nh\u1eadt B\u1ea3n Morihan 30g \u2013 Uji Matcha l\u00e0 m\u1ed9t s\u1ef1 \u0111\u1ea7u t\u01b0 v\u00e0o h\u01b0\u01a1ng v\u1ecb tinh t\u1ebf v\u00e0 s\u1ee9c kh\u1ecfe.\u00a0S\u1ea3n ph\u1ea9m ch\u00ednh h\u00e3ng\u00a0<b>Morihan Uji Matcha<\/b>\u00a0hi\u1ec7n \u0111ang \u0111\u01b0\u1ee3c ph\u00e2n ph\u1ed1i t\u1ea1i\u00a0<b>Havamall.<\/b><\/p>","protected":false},"excerpt":{"rendered":"<p>TH\u00d4NG TIN S\u1ea2N PH\u1ea8M Th\u01b0\u01a1ng Hi\u1ec7u Morihan (\u68ee\u534a) Xu\u1ea5t X\u1ee9 Nh\u1eadt B\u1ea3n (Japan) Th\u00e0nh Ph\u1ea7n 100% B\u1ed9t Tr\u00e0 Xanh Nguy\u00ean<\/p>","protected":false},"featured_media":43434,"comment_status":"open","ping_status":"closed","template":"","meta":[],"product_brand":[],"product_cat":[255,675,131],"product_tag":[],"class_list":{"0":"post-43433","1":"product","2":"type-product","3":"status-publish","4":"has-post-thumbnail","6":"product_cat-nguyen-lieu-lam-banh","7":"product_cat-nhap-khau-nhat-ban","8":"product_cat-nguyen-lieu-lam-bep","10":"first","11":"instock","12":"sale","13":"shipping-taxable","14":"purchasable","15":"product-type-simple"},"_links":{"self":[{"href":"https:\/\/havamall.vn\/en\/wp-json\/wp\/v2\/product\/43433"}],"collection":[{"href":"https:\/\/havamall.vn\/en\/wp-json\/wp\/v2\/product"}],"about":[{"href":"https:\/\/havamall.vn\/en\/wp-json\/wp\/v2\/types\/product"}],"replies":[{"embeddable":true,"href":"https:\/\/havamall.vn\/en\/wp-json\/wp\/v2\/comments?post=43433"}],"version-history":[{"count":0,"href":"https:\/\/havamall.vn\/en\/wp-json\/wp\/v2\/product\/43433\/revisions"}],"wp:featuredmedia":[{"embeddable":true,"href":"https:\/\/havamall.vn\/en\/wp-json\/wp\/v2\/media\/43434"}],"wp:attachment":[{"href":"https:\/\/havamall.vn\/en\/wp-json\/wp\/v2\/media?parent=43433"}],"wp:term":[{"taxonomy":"product_brand","embeddable":true,"href":"https:\/\/havamall.vn\/en\/wp-json\/wp\/v2\/product_brand?post=43433"},{"taxonomy":"product_cat","embeddable":true,"href":"https:\/\/havamall.vn\/en\/wp-json\/wp\/v2\/product_cat?post=43433"},{"taxonomy":"product_tag","embeddable":true,"href":"https:\/\/havamall.vn\/en\/wp-json\/wp\/v2\/product_tag?post=43433"}],"curies":[{"name":"wp","href":"https:\/\/api.w.org\/{rel}","templated":true}]}}