{"id":43429,"date":"2025-11-16T15:01:15","date_gmt":"2025-11-16T08:01:15","guid":{"rendered":"https:\/\/havamall.vn\/?post_type=product&#038;p=43429"},"modified":"2025-11-16T15:48:16","modified_gmt":"2025-11-16T08:48:16","slug":"dau-xa-tinh-chat-thao-moc-khong-silicone-mem-muot-nhat-ban-biorica-400ml-botanical-natural-conditioner","status":"publish","type":"product","link":"https:\/\/havamall.vn\/en\/shop\/dau-xa-tinh-chat-thao-moc-khong-silicone-mem-muot-nhat-ban-biorica-400ml-botanical-natural-conditioner\/","title":{"rendered":"D\u1ea7u X\u1ea3 Tinh Ch\u1ea5t Th\u1ea3o M\u1ed9c Kh\u00f4ng Silicone M\u1ec1m M\u01b0\u1ee3t Nh\u1eadt B\u1ea3n Biorica 400ml \u2013 Botanical Natural Conditioner"},"content":{"rendered":"<blockquote>\n<h1 data-start=\"445\" data-end=\"474\"><span style=\"font-size: 18pt\"><em>TH\u00d4NG TIN S\u1ea2N PH\u1ea8M<\/em><\/span><\/h1>\n<\/blockquote>\n<table style=\"width: 83.5667%;height: 220px\" data-path-to-node=\"6\">\n<tbody>\n<tr>\n<td data-path-to-node=\"6,1,0,0\"><b>Th\u01b0\u01a1ng Hi\u1ec7u<\/b><\/td>\n<td data-path-to-node=\"6,1,1,0\">Biorica<\/td>\n<\/tr>\n<tr>\n<td data-path-to-node=\"6,2,0,0\"><b>Xu\u1ea5t X\u1ee9<\/b><\/td>\n<td data-path-to-node=\"6,2,1,0\">Nh\u1eadt B\u1ea3n<\/td>\n<\/tr>\n<tr>\n<td data-path-to-node=\"6,3,0,0\"><b>Th\u00e0nh Ph\u1ea7n<\/b><\/td>\n<td data-path-to-node=\"6,3,1,0\"><b>Ph\u1ee9c H\u1ee3p 12 Lo\u1ea1i D\u1ea7u V\u00e0 Chi\u1ebft Xu\u1ea5t Th\u1ef1c V\u1eadt<\/b>\u00a0(B\u1ed5 sung D\u1ea7u Hoa Tr\u00e0 Tsubaki, D\u1ea7u Argan, D\u1ea7u Olive, D\u1ea7u Jojoba,&#8230;) \u2013\u00a0<b>Kh\u00f4ng Silicone<\/b>\u00a0\u2013\u00a0<b>Kh\u00f4ng M\u00e0u T\u1ed5ng H\u1ee3p<\/b>\u00a0(Non-Silicone, Color-free).<\/td>\n<\/tr>\n<tr>\n<td data-path-to-node=\"6,4,0,0\"><b>H\u1ea1n S\u1eed D\u1ee5ng<\/b><\/td>\n<td data-path-to-node=\"6,4,1,0\">36 th\u00e1ng k\u1ec3 t\u1eeb ng\u00e0y s\u1ea3n xu\u1ea5t<\/td>\n<\/tr>\n<tr>\n<td data-path-to-node=\"6,5,0,0\"><b>Th\u1ec3 T\u00edch<\/b><\/td>\n<td data-path-to-node=\"6,5,1,0\">400ml (D\u1ea1ng t\u00fai refill)<\/td>\n<\/tr>\n<\/tbody>\n<\/table>\n<p>D\u1ea7u X\u1ea3 Tinh Ch\u1ea5t Th\u1ea3o M\u1ed9c Kh\u00f4ng Silicone M\u1ec1m M\u01b0\u1ee3t Nh\u1eadt B\u1ea3n Biorica 400ml \u2013 Botanical Natural Conditioner l\u00e0 m\u1ed9t ph\u1ea7n kh\u00f4ng th\u1ec3 thi\u1ebfu trong chu tr\u00ecnh ch\u0103m s\u00f3c t\u00f3c to\u00e0n di\u1ec7n c\u1ee7a Biorica. Th\u01b0\u01a1ng hi\u1ec7u n\u00e0y xu\u1ea5t ph\u00e1t t\u1eeb Nh\u1eadt B\u1ea3n, n\u01a1i c\u00e1c ti\u00eau chu\u1ea9n v\u1ec1 s\u1ef1 tinh khi\u1ebft v\u00e0 hi\u1ec7u qu\u1ea3 trong m\u1ef9 ph\u1ea9m lu\u00f4n \u0111\u01b0\u1ee3c \u0111\u1ec1 cao. Biorica cam k\u1ebft v\u1ec1 m\u1ed9t c\u00f4ng th\u1ee9c\u00a0<b>Kh\u00f4ng Silicone (Non-Silicone)<\/b>, \u0111i\u1ec1u n\u00e0y \u0111\u1eb7c bi\u1ec7t quan tr\u1ecdng \u0111\u1ed1i v\u1edbi d\u1ea7u x\u1ea3, s\u1ea3n ph\u1ea9m th\u01b0\u1eddng ch\u1ee9a h\u00e0m l\u01b0\u1ee3ng Silicone cao \u0111\u1ec3 t\u1ea1o c\u1ea3m gi\u00e1c m\u01b0\u1ee3t \u1ea3o.<\/p>\n<p><img fetchpriority=\"high\" decoding=\"async\" class=\"aligncenter\" src=\"https:\/\/havamall.com\/wp-content\/uploads\/2025\/11\/Bo-Dau-Goi-Xa-Khong-Silicon-Biorica-Botanical-Natural-Nonsilicone-1.webp\" width=\"801\" height=\"801\" \/><\/p>\n<p data-path-to-node=\"13\">\u0110\u1eb7c \u0111i\u1ec3m n\u1ed5i b\u1eadt nh\u1ea5t c\u1ee7a D\u1ea7u X\u1ea3 Biorica ch\u00ednh l\u00e0 ph\u1ee9c h\u1ee3p d\u01b0\u1ee1ng ch\u1ea5t \u0111\u1ed9c \u0111\u00e1o, bao g\u1ed3m\u00a0<b>12 Lo\u1ea1i D\u1ea7u V\u00e0 Chi\u1ebft Xu\u1ea5t Th\u1ef1c V\u1eadt<\/b>\u00a0\u0111\u01b0\u1ee3c h\u00f2a quy\u1ec7n tinh t\u1ebf. S\u1ed1 l\u01b0\u1ee3ng chi\u1ebft xu\u1ea5t \u0111\u01b0\u1ee3c n\u00e2ng c\u1ea5p so v\u1edbi d\u1ea7u g\u1ed9i c\u00f9ng d\u00f2ng, gi\u00fap t\u0103ng c\u01b0\u1eddng kh\u1ea3 n\u0103ng ph\u1ee5c h\u1ed3i v\u00e0 l\u00e0m m\u1ec1m s\u1ee3i t\u00f3c t\u1ed1i \u0111a.<\/p>\n<p data-path-to-node=\"14\">Trong s\u1ed1 12 lo\u1ea1i d\u1ea7u, \u0111\u00e1ng ch\u00fa \u00fd nh\u1ea5t l\u00e0 s\u1ef1 hi\u1ec7n di\u1ec7n c\u1ee7a\u00a0<b>D\u1ea7u Hoa Tr\u00e0 (Tsubaki Oil)<\/b>. \u0110\u00e2y l\u00e0 m\u1ed9t b\u00ed quy\u1ebft l\u00e0m \u0111\u1eb9p truy\u1ec1n th\u1ed1ng c\u1ee7a Nh\u1eadt B\u1ea3n, \u0111\u01b0\u1ee3c s\u1eed d\u1ee5ng qua nhi\u1ec1u th\u1ebf k\u1ef7 \u0111\u1ec3 d\u01b0\u1ee1ng t\u00f3c v\u00e0 da. D\u1ea7u Hoa Tr\u00e0 n\u1ed5i ti\u1ebfng gi\u00e0u Axit Oleic, m\u1ed9t lo\u1ea1i ch\u1ea5t b\u00e9o \u0111\u01a1n kh\u00f4ng b\u00e3o h\u00f2a, c\u00f3 c\u1ea5u tr\u00fac t\u01b0\u01a1ng \u0111\u1ed3ng v\u1edbi b\u00e3 nh\u1eddn t\u1ef1 nhi\u00ean c\u1ee7a t\u00f3c v\u00e0 da \u0111\u1ea7u. \u0110i\u1ec1u n\u00e0y cho ph\u00e9p d\u1ea7u d\u1ec5 d\u00e0ng th\u1ea9m th\u1ea5u s\u00e2u, l\u00e0m d\u1ecbu l\u1edbp bi\u1ec3u b\u00ec t\u00f3c b\u1ecb t\u1ed5n th\u01b0\u01a1ng v\u00e0 kh\u00f3a \u1ea9m hi\u1ec7u qu\u1ea3.<\/p>\n<p data-path-to-node=\"16\">\u2013\u00a0<b>D\u1ea7u Argan v\u00e0 D\u1ea7u Jojoba:<\/b>\u00a0Hai lo\u1ea1i d\u1ea7u kh\u00f3a \u1ea9m m\u1ea1nh m\u1ebd, gi\u00fap ng\u0103n ng\u1eeba s\u1ef1 m\u1ea5t n\u01b0\u1edbc sau khi g\u1ed9i, l\u1ea5p \u0111\u1ea7y c\u00e1c kho\u1ea3ng tr\u1ed1ng tr\u00ean b\u1ec1 m\u1eb7t t\u00f3c, gi\u1ea3m g\u00e3y r\u1ee5ng v\u00e0 ch\u1ebb ng\u1ecdn.<\/p>\n<p data-path-to-node=\"16\">\u2013\u00a0<b>Chi\u1ebft Xu\u1ea5t Olive v\u00e0 H\u1ea1nh Nh\u00e2n:<\/b>\u00a0Cung c\u1ea5p Vitamin A, E d\u1ed3i d\u00e0o, t\u0103ng c\u01b0\u1eddng \u0111\u1ed9 b\u00f3ng t\u1ef1 nhi\u00ean, \u0111\u1ed3ng th\u1eddi b\u1ea3o v\u1ec7 t\u00f3c kh\u1ecfi c\u00e1c t\u00e1c nh\u00e2n g\u00e2y h\u1ea1i t\u1eeb m\u00f4i tr\u01b0\u1eddng nh\u01b0 \u00e1nh n\u1eafng m\u1eb7t tr\u1eddi v\u00e0 \u00f4 nhi\u1ec5m.<\/p>\n<p data-path-to-node=\"16\">\u2013\u00a0<b>Chi\u1ebft Xu\u1ea5t L\u00f4 H\u1ed9i (Aloe Vera) v\u00e0 H\u01b0\u01a1ng Th\u1ea3o (Rosemary):<\/b>\u00a0C\u00e1c chi\u1ebft xu\u1ea5t n\u00e0y c\u00f3 vai tr\u00f2 l\u00e0m d\u1ecbu v\u00e0 c\u00e2n b\u1eb1ng \u0111\u1ed9 pH c\u1ee7a da \u0111\u1ea7u, gi\u00fap t\u00f3c tr\u1edf n\u00ean su\u00f4n m\u01b0\u1ee3t, kh\u00f4ng c\u00f2n kh\u00f4 c\u1ee9ng.<\/p>\n<p data-path-to-node=\"17\">H\u01b0\u01a1ng th\u01a1m\u00a0<b>T\u00e1o V\u00e0 Hoa (Apple Floral Scent)<\/b>\u00a0thanh l\u1ecbch, d\u1ecbu m\u00e1t t\u1ea1o n\u00ean tr\u1ea3i nghi\u1ec7m th\u01b0 gi\u00e3n, sang tr\u1ecdng nh\u01b0 \u0111ang ch\u0103m s\u00f3c t\u00f3c t\u1ea1i spa.<\/p>\n<p data-path-to-node=\"17\"><img decoding=\"async\" class=\"aligncenter\" src=\"https:\/\/havamall.com\/wp-content\/uploads\/2025\/11\/goi-xa-botanical-2.jpg\" width=\"800\" height=\"800\" \/><\/p>\n<blockquote>\n<h4><em>C\u00d4NG D\u1ee4NG CHUY\u00caN S\u00c2U V\u00c0 L\u1ee2I \u00cdCH D\u01af\u1ee0NG T\u00d3C B\u1ec0N V\u1eeeNG<\/em><\/h4>\n<\/blockquote>\n<p data-path-to-node=\"19\">Vai tr\u00f2 c\u1ee7a d\u1ea7u x\u1ea3 l\u00e0 b\u1ed5 sung \u0111\u1ed9 \u1ea9m v\u00e0 l\u00e0m ph\u1eb3ng c\u00e1c l\u1edbp bi\u1ec3u b\u00ec t\u00f3c sau khi d\u1ea7u g\u1ed9i \u0111\u00e3 m\u1edf c\u00e1c l\u1edbp n\u00e0y ra \u0111\u1ec3 l\u00e0m s\u1ea1ch. D\u1ea7u X\u1ea3 Tinh Ch\u1ea5t Th\u1ea3o M\u1ed9c Biorica th\u1ef1c hi\u1ec7n ch\u1ee9c n\u0103ng n\u00e0y m\u1ed9t c\u00e1ch xu\u1ea5t s\u1eafc nh\u1edd v\u00e0o c\u00f4ng th\u1ee9c gi\u00e0u d\u01b0\u1ee1ng ch\u1ea5t, nh\u01b0ng l\u1ea1i kh\u00f4ng g\u00e2y b\u00edt t\u1eafc nh\u1edd c\u01a1 ch\u1ebf\u00a0<b>Non-Silicone<\/b>.<\/p>\n<p data-path-to-node=\"21\">\u2013\u00a0<b>G\u1ee1 R\u1ed1i Tuy\u1ec7t \u0110\u1ed1i:<\/b>\u00a0Th\u00e0nh ph\u1ea7n gi\u00e0u d\u01b0\u1ee1ng ch\u1ea5t gi\u00fap l\u00e0m m\u1ec1m s\u1ee3i t\u00f3c ngay l\u1eadp t\u1ee9c, c\u1ea3i thi\u1ec7n t\u00ecnh tr\u1ea1ng t\u00f3c r\u1ed1i v\u00e0 kh\u00f3 ch\u1ea3i sau khi g\u1ed9i, gi\u1ea3m thi\u1ec3u h\u01b0 t\u1ed5n do l\u1ef1c k\u00e9o.<\/p>\n<p data-path-to-node=\"21\">\u2013\u00a0<b>Kh\u00f3a \u1ea8m T\u1ed1i \u01afu:<\/b>\u00a0Ph\u1ee9c h\u1ee3p 12 tinh d\u1ea7u t\u1ea1o ra m\u1ed9t l\u1edbp m\u00e0ng d\u01b0\u1ee1ng \u1ea9m t\u1ef1 nhi\u00ean, kh\u00f4ng ph\u1ea3i l\u1edbp m\u00e0ng silicone d\u00e0y, gi\u00fap gi\u1eef n\u01b0\u1edbc trong l\u00f5i t\u00f3c, duy tr\u00ec \u0111\u1ed9 m\u1ec1m m\u01b0\u1ee3t k\u00e9o d\u00e0i.<\/p>\n<p data-path-to-node=\"21\">\u2013\u00a0<b>T\u0103ng C\u01b0\u1eddng \u0110\u1ed9 \u0110\u00e0n H\u1ed3i:<\/b>\u00a0Vi\u1ec7c nu\u00f4i d\u01b0\u1ee1ng s\u00e2u b\u1eb1ng c\u00e1c Axit B\u00e9o thi\u1ebft y\u1ebfu t\u1eeb D\u1ea7u Hoa Tr\u00e0 v\u00e0 Argan gi\u00fap t\u00f3c t\u0103ng c\u01b0\u1eddng s\u1ee9c \u0111\u1ec1 kh\u00e1ng, tr\u1edf n\u00ean d\u1ebbo dai v\u00e0 \u00edt b\u1ecb g\u00e3y r\u1ee5ng h\u01a1n.<\/p>\n<p data-path-to-node=\"21\">\u2013\u00a0<b>Ph\u1ee5c H\u1ed3i T\u00f3c H\u01b0 T\u1ed5n:<\/b>\u00a0\u0110\u1eb7c bi\u1ec7t hi\u1ec7u qu\u1ea3 v\u1edbi t\u00f3c \u0111\u00e3 qua x\u1eed l\u00fd h\u00f3a ch\u1ea5t ho\u1eb7c t\u00f3c kh\u00f4 x\u01a1 do t\u00e1c \u0111\u1ed9ng nhi\u1ec7t, gi\u00fap l\u00e0m \u0111\u1ea7y v\u00e0 l\u00e0m m\u1ecbn c\u00e1c v\u00f9ng t\u00f3c b\u1ecb h\u01b0 h\u1ecfng.<\/p>\n<p data-path-to-node=\"22\">D\u1ea7u X\u1ea3 Biorica kh\u00f4ng ch\u1ec9 l\u00e0m m\u01b0\u1ee3t m\u00e0 c\u00f2n gi\u00fap t\u00f3c tr\u1edf n\u00ean b\u1ed3ng b\u1ec1nh h\u01a1n, kh\u1eafc ph\u1ee5c ho\u00e0n to\u00e0n t\u00ecnh tr\u1ea1ng n\u1eb7ng \u0111\u1ea7u, b\u1ebft t\u00f3c th\u01b0\u1eddng g\u1eb7p \u1edf c\u00e1c s\u1ea3n ph\u1ea9m d\u1ea7u x\u1ea3 truy\u1ec1n th\u1ed1ng.<\/p>\n<p data-path-to-node=\"22\"><img decoding=\"async\" class=\"aligncenter\" src=\"https:\/\/havamall.com\/wp-content\/uploads\/2025\/11\/49d22e143afd34ee46025205c3ccd567.jpg\" \/><\/p>\n<blockquote>\n<h4>C\u00c1CH S\u1eec D\u1ee4NG V\u00c0 KH\u1ea8U PH\u1ea6N CH\u0102M S\u00d3C CHU\u1ea8N<\/h4>\n<\/blockquote>\n<p data-path-to-node=\"25\">\u2013\u00a0<b>SAU KHI G\u1ed8I:<\/b>\u00a0Sau khi g\u1ed9i s\u1ea1ch b\u1eb1ng D\u1ea7u G\u1ed9i Biorica, v\u1eaft nh\u1eb9 nh\u00e0ng \u0111\u1ec3 lo\u1ea1i b\u1ecf n\u01b0\u1edbc d\u01b0 th\u1eeba kh\u1ecfi t\u00f3c.<\/p>\n<p data-path-to-node=\"25\">\u2013\u00a0<b>S\u1eec D\u1ee4NG S\u1ea2N PH\u1ea8M:<\/b>\u00a0L\u1ea5y m\u1ed9t l\u01b0\u1ee3ng d\u1ea7u x\u1ea3 v\u1eeba \u0111\u1ee7 ra l\u00f2ng b\u00e0n tay.<\/p>\n<p data-path-to-node=\"25\">\u2013\u00a0<b>PH\u1ea0M VI \u00c1P D\u1ee4NG:<\/b>\u00a0Thoa \u0111\u1ec1u s\u1ea3n ph\u1ea9m t\u1eeb ph\u1ea7n th\u00e2n t\u00f3c \u0111\u1ebfn ng\u1ecdn t\u00f3c. Tr\u00e1nh thoa tr\u1ef1c ti\u1ebfp l\u00ean da \u0111\u1ea7u \u0111\u1ec3 \u0111\u1ea3m b\u1ea3o nang t\u00f3c kh\u00f4ng b\u1ecb b\u00edt t\u1eafc, ngay c\u1ea3 khi \u0111\u00e2y l\u00e0 s\u1ea3n ph\u1ea9m Non-Silicone.<\/p>\n<p data-path-to-node=\"25\">\u2013\u00a0<b>TH\u1edcI GIAN L\u01afU TR\u00caN T\u00d3C:<\/b>\u00a0Gi\u1eef d\u1ea7u x\u1ea3 tr\u00ean t\u00f3c kho\u1ea3ng 2\u20133 ph\u00fat \u0111\u1ec3 c\u00e1c d\u01b0\u1ee1ng ch\u1ea5t t\u1eeb 12 lo\u1ea1i d\u1ea7u th\u1ef1c v\u1eadt c\u00f3 \u0111\u1ee7 th\u1eddi gian th\u1ea9m th\u1ea5u s\u00e2u v\u00e0o s\u1ee3i t\u00f3c.<\/p>\n<p data-path-to-node=\"25\">\u2013\u00a0<b>X\u1ea2 S\u1ea0CH:<\/b>\u00a0X\u1ea3 l\u1ea1i t\u00f3c b\u1eb1ng n\u01b0\u1edbc m\u00e1t \u0111\u1ec3 \u0111\u00f3ng l\u1edbp bi\u1ec3u b\u00ec t\u00f3c, gi\u00fap kh\u00f3a d\u01b0\u1ee1ng ch\u1ea5t v\u00e0 \u0111\u1ed9 b\u00f3ng.<\/p>\n<p data-path-to-node=\"25\"><img decoding=\"async\" class=\"aligncenter wp-image-43290\" src=\"https:\/\/havamall.com\/wp-content\/uploads\/2025\/11\/z7212109948852_ede4590d8335964c4cb079403905fc89-scaled.jpg\" alt=\"\" width=\"800\" height=\"1066\" \/><\/p>\n<p data-path-to-node=\"27\">D\u1ea7u X\u1ea3 Tinh Ch\u1ea5t Th\u1ea3o M\u1ed9c Kh\u00f4ng Silicone M\u1ec1m M\u01b0\u1ee3t Nh\u1eadt B\u1ea3n Biorica 400ml \u2013 Botanical Natural Conditioner l\u00e0 s\u1ef1 b\u1ed5 sung ho\u00e0n h\u1ea3o cho chu tr\u00ecnh g\u1ed9i \u0111\u1ea7u, mang \u0111\u1ebfn s\u1ef1 m\u1ec1m m\u01b0\u1ee3t, su\u00f4n th\u1eb3ng m\u00e0 v\u1eabn gi\u1eef \u0111\u01b0\u1ee3c \u0111\u1ed9 b\u1ed3ng b\u1ec1nh t\u1ef1 nhi\u00ean. S\u1ea3n ph\u1ea9m \u0111\u1ea1i di\u1ec7n cho ch\u1ea5t l\u01b0\u1ee3ng v\u00e0 s\u1ef1 an to\u00e0n theo ti\u00eau chu\u1ea9n m\u1ef9 ph\u1ea9m Nh\u1eadt B\u1ea3n.\u00a0S\u1ea3n ph\u1ea9m ch\u00ednh h\u00e3ng\u00a0<b>Biorica Botanical Natural Conditioner<\/b>\u00a0hi\u1ec7n \u0111ang \u0111\u01b0\u1ee3c ph\u00e2n ph\u1ed1i t\u1ea1i\u00a0<b>Havamall<\/b>. Ch\u00fang t\u00f4i l\u00e0 \u0111\u01a1n v\u1ecb chuy\u00ean nh\u1eadp kh\u1ea9u c\u00e1c s\u1ea3n ph\u1ea9m ch\u0103m s\u00f3c s\u1eafc \u0111\u1eb9p cao c\u1ea5p. Havamall cam k\u1ebft m\u1ecdi m\u1eb7t h\u00e0ng \u0111\u01b0\u1ee3c cung c\u1ea5p \u0111\u1ec1u l\u00e0\u00a0<b>h\u00e0ng ch\u00ednh h\u00e3ng<\/b>, c\u00f3 ngu\u1ed3n g\u1ed1c xu\u1ea5t x\u1ee9 r\u00f5 r\u00e0ng, \u0111\u1ea3m b\u1ea3o ch\u1ea5t l\u01b0\u1ee3ng v\u00e0 uy t\u00edn tuy\u1ec7t \u0111\u1ed1i v\u1edbi ng\u01b0\u1eddi ti\u00eau d\u00f9ng.<\/p>","protected":false},"excerpt":{"rendered":"<p>TH\u00d4NG TIN S\u1ea2N PH\u1ea8M Th\u01b0\u01a1ng Hi\u1ec7u Biorica Xu\u1ea5t X\u1ee9 Nh\u1eadt B\u1ea3n Th\u00e0nh Ph\u1ea7n Ph\u1ee9c H\u1ee3p 12 Lo\u1ea1i D\u1ea7u V\u00e0 Chi\u1ebft<\/p>","protected":false},"featured_media":43430,"comment_status":"open","ping_status":"closed","template":"","meta":[],"product_brand":[],"product_cat":[626],"product_tag":[],"class_list":{"0":"post-43429","1":"product","2":"type-product","3":"status-publish","4":"has-post-thumbnail","6":"product_cat-het-hang","8":"first","9":"instock","10":"sale","11":"shipping-taxable","12":"purchasable","13":"product-type-simple"},"_links":{"self":[{"href":"https:\/\/havamall.vn\/en\/wp-json\/wp\/v2\/product\/43429"}],"collection":[{"href":"https:\/\/havamall.vn\/en\/wp-json\/wp\/v2\/product"}],"about":[{"href":"https:\/\/havamall.vn\/en\/wp-json\/wp\/v2\/types\/product"}],"replies":[{"embeddable":true,"href":"https:\/\/havamall.vn\/en\/wp-json\/wp\/v2\/comments?post=43429"}],"version-history":[{"count":0,"href":"https:\/\/havamall.vn\/en\/wp-json\/wp\/v2\/product\/43429\/revisions"}],"wp:featuredmedia":[{"embeddable":true,"href":"https:\/\/havamall.vn\/en\/wp-json\/wp\/v2\/media\/43430"}],"wp:attachment":[{"href":"https:\/\/havamall.vn\/en\/wp-json\/wp\/v2\/media?parent=43429"}],"wp:term":[{"taxonomy":"product_brand","embeddable":true,"href":"https:\/\/havamall.vn\/en\/wp-json\/wp\/v2\/product_brand?post=43429"},{"taxonomy":"product_cat","embeddable":true,"href":"https:\/\/havamall.vn\/en\/wp-json\/wp\/v2\/product_cat?post=43429"},{"taxonomy":"product_tag","embeddable":true,"href":"https:\/\/havamall.vn\/en\/wp-json\/wp\/v2\/product_tag?post=43429"}],"curies":[{"name":"wp","href":"https:\/\/api.w.org\/{rel}","templated":true}]}}