{"id":43426,"date":"2025-11-16T14:11:30","date_gmt":"2025-11-16T07:11:30","guid":{"rendered":"https:\/\/havamall.vn\/?post_type=product&#038;p=43426"},"modified":"2025-11-16T14:11:30","modified_gmt":"2025-11-16T07:11:30","slug":"dau-goi-tinh-chat-thao-moc-khong-silicone-mem-muot-nhat-ban-biorica-400ml-botanical-natural-shampoo","status":"publish","type":"product","link":"https:\/\/havamall.vn\/en\/shop\/dau-goi-tinh-chat-thao-moc-khong-silicone-mem-muot-nhat-ban-biorica-400ml-botanical-natural-shampoo\/","title":{"rendered":"D\u1ea7u G\u1ed9i Tinh Ch\u1ea5t Th\u1ea3o M\u1ed9c Kh\u00f4ng Silicone M\u1ec1m M\u01b0\u1ee3t Nh\u1eadt B\u1ea3n Biorica 400ml \u2013 Botanical Natural Shampoo"},"content":{"rendered":"<blockquote>\n<h1 data-start=\"445\" data-end=\"474\"><span style=\"font-size: 18pt\"><em>TH\u00d4NG TIN S\u1ea2N PH\u1ea8M<\/em><\/span><\/h1>\n<\/blockquote>\n<table style=\"width: 83.3445%\" data-path-to-node=\"6\">\n<tbody>\n<tr>\n<td style=\"width: 9.90274%\" data-path-to-node=\"6,1,0,0\"><b>Th\u01b0\u01a1ng Hi\u1ec7u<\/b><\/td>\n<td style=\"width: 89.3899%\" data-path-to-node=\"6,1,1,0\">Biorica<\/td>\n<\/tr>\n<tr>\n<td style=\"width: 9.90274%\" data-path-to-node=\"6,2,0,0\"><b>Xu\u1ea5t X\u1ee9\u00a0<\/b><\/td>\n<td style=\"width: 89.3899%\" data-path-to-node=\"6,2,1,0\">Nh\u1eadt B\u1ea3n (Made In Japan)<\/td>\n<\/tr>\n<tr>\n<td style=\"width: 9.90274%\" data-path-to-node=\"6,3,0,0\"><b>Th\u00e0nh Ph\u1ea7n<\/b><\/td>\n<td style=\"width: 89.3899%\" data-path-to-node=\"6,3,1,0\"><b>10 Lo\u1ea1i D\u1ea7u V\u00e0 Chi\u1ebft Xu\u1ea5t Th\u1ef1c V\u1eadt:<\/b>\u00a0D\u1ea7u Argan, D\u1ea7u H\u01b0\u1edbng D\u01b0\u01a1ng, D\u1ea7u Olive, D\u1ea7u Jojoba, D\u1ea7u H\u1ea1nh Nh\u00e2n, Chi\u1ebft Xu\u1ea5t T\u1ea7m Xu\u00e2n, Chi\u1ebft Xu\u1ea5t C\u00fac La M\u00e3 (Camomile), Chi\u1ebft Xu\u1ea5t H\u01b0\u01a1ng Th\u1ea3o (Rosemary), Chi\u1ebft Xu\u1ea5t L\u00f4 H\u1ed9i (Aloe Vera), Chi\u1ebft Xu\u1ea5t Qu\u1ea3 M\u01a1 \u2013\u00a0<b>Kh\u00f4ng Silicone<\/b>\u00a0\u2013\u00a0<b>Kh\u00f4ng M\u00e0u T\u1ed5ng H\u1ee3p<\/b>\u00a0(Non-Silicone, Color-free).<\/td>\n<\/tr>\n<tr>\n<td style=\"width: 9.90274%\" data-path-to-node=\"6,4,0,0\"><b>H\u1ea1n S\u1eed D\u1ee5ng<\/b><\/td>\n<td style=\"width: 89.3899%\" data-path-to-node=\"6,4,1,0\">36 th\u00e1ng k\u1ec3 t\u1eeb ng\u00e0y s\u1ea3n xu\u1ea5t (Th\u00f4ng th\u01b0\u1eddng \u0111\u1ed1i v\u1edbi s\u1ea3n ph\u1ea9m ch\u01b0a m\u1edf n\u1eafp)<\/td>\n<\/tr>\n<tr>\n<td style=\"width: 9.90274%\" data-path-to-node=\"6,5,0,0\"><b>Th\u1ec3 T\u00edch<\/b><\/td>\n<td style=\"width: 89.3899%\" data-path-to-node=\"6,5,1,0\">400ml (D\u1ea1ng t\u00fai refill)<\/td>\n<\/tr>\n<\/tbody>\n<\/table>\n<p data-path-to-node=\"10\">D\u1ea7u G\u1ed9i Tinh Ch\u1ea5t Th\u1ea3o M\u1ed9c Kh\u00f4ng Silicone M\u1ec1m M\u01b0\u1ee3t Nh\u1eadt B\u1ea3n Biorica 400ml \u2013 Botanical Natural Shampoo l\u00e0 k\u1ebft qu\u1ea3 c\u1ee7a s\u1ef1 giao thoa ho\u00e0n h\u1ea3o gi\u1eefa khoa h\u1ecdc hi\u1ec7n \u0111\u1ea1i v\u00e0 tri\u1ebft l\u00fd l\u00e0m \u0111\u1eb9p truy\u1ec1n th\u1ed1ng t\u1eeb thi\u00ean nhi\u00ean c\u1ee7a Nh\u1eadt B\u1ea3n.\u00a0<b>Biorica<\/b>\u00a0l\u00e0 m\u1ed9t th\u01b0\u01a1ng hi\u1ec7u ch\u0103m s\u00f3c t\u00f3c chuy\u00ean nghi\u1ec7p \u0111\u1ebfn t\u1eeb x\u1ee9 s\u1edf m\u1eb7t tr\u1eddi m\u1ecdc, n\u1ed5i ti\u1ebfng v\u1edbi cam k\u1ebft s\u1eed d\u1ee5ng c\u00e1c th\u00e0nh ph\u1ea7n th\u1ef1c v\u1eadt gi\u00e0u d\u01b0\u1ee1ng ch\u1ea5t. Th\u01b0\u01a1ng hi\u1ec7u n\u00e0y kh\u00f4ng ch\u1ec9 t\u1eadp trung v\u00e0o vi\u1ec7c l\u00e0m s\u1ea1ch b\u1ec1 m\u1eb7t, m\u00e0 c\u00f2n \u0111i s\u00e2u v\u00e0o nu\u00f4i d\u01b0\u1ee1ng t\u00f3c v\u00e0 da \u0111\u1ea7u t\u1eeb b\u00ean trong, h\u01b0\u1edbng t\u1edbi m\u1ed9t m\u00e1i t\u00f3c kh\u1ecfe m\u1ea1nh to\u00e0n di\u1ec7n v\u00e0 b\u1ec1n v\u1eefng.<\/p>\n<p data-path-to-node=\"10\"><img fetchpriority=\"high\" decoding=\"async\" class=\"aligncenter  wp-image-43282\" src=\"https:\/\/havamall.com\/wp-content\/uploads\/2025\/11\/Bo-Dau-Goi-Xa-Khong-Silicon-Biorica-Botanical-Natural-Nonsilicone-1.webp\" alt=\"\" width=\"800\" height=\"800\" \/><\/p>\n<p data-path-to-node=\"11\">Tri\u1ebft l\u00fd c\u1ee7a Biorica \u0111\u1eb7t n\u1ec1n m\u00f3ng tr\u00ean s\u1ef1 tinh khi\u1ebft v\u00e0 an to\u00e0n, th\u01b0\u01a1ng hi\u1ec7u tu\u00e2n th\u1ee7 nghi\u00eam ng\u1eb7t ti\u00eau chu\u1ea9n s\u1ea3n xu\u1ea5t t\u1ea1i Nh\u1eadt B\u1ea3n, \u0111\u1eb7c bi\u1ec7t l\u00e0 vi\u1ec7c lo\u1ea1i b\u1ecf c\u00e1c h\u00f3a ch\u1ea5t ti\u1ec1m \u1ea9n g\u00e2y h\u1ea1i trong c\u00f4ng th\u1ee9c. \u0110\u00e1ng ch\u00fa \u00fd nh\u1ea5t l\u00e0 cam k\u1ebft\u00a0<b>Kh\u00f4ng Silicone (Non-Silicone)<\/b>, m\u1ed9t \u0111\u1eb7c \u0111i\u1ec3m \u0111ang tr\u1edf th\u00e0nh xu h\u01b0\u1edbng v\u00e0 ti\u00eau chu\u1ea9n v\u00e0ng trong ng\u00e0nh ch\u0103m s\u00f3c t\u00f3c cao c\u1ea5p. Vi\u1ec7c lo\u1ea1i b\u1ecf Silicone gi\u00fap Biorica kh\u00f4ng ch\u1ec9 t\u1ea1o ra m\u1ed9t s\u1ea3n ph\u1ea9m l\u00e0m s\u1ea1ch m\u00e0 c\u00f2n l\u00e0 m\u1ed9t gi\u1ea3i ph\u00e1p ch\u0103m s\u00f3c da \u0111\u1ea7u l\u00e2u d\u00e0i, \u0111\u1ea3m b\u1ea3o nang t\u00f3c v\u00e0 da \u0111\u1ea7u lu\u00f4n \u0111\u01b0\u1ee3c th\u00f4ng tho\u00e1ng.<\/p>\n<p data-path-to-node=\"12\"><img decoding=\"async\" class=\"aligncenter size-full wp-image-43283\" src=\"https:\/\/havamall.com\/wp-content\/uploads\/2025\/11\/49d22e143afd34ee46025205c3ccd567.jpg\" alt=\"\" width=\"800\" height=\"800\" \/><\/p>\n<blockquote>\n<h4><span style=\"font-size: 14pt\"><strong><em>\u0110\u1eb6C \u0110I\u1ec2M T\u00cdNH CH\u1ea4T V\u00c0 NGUY\u00caN LI\u1ec6U TINH TU\u00dd<\/em><\/strong><\/span><\/h4>\n<\/blockquote>\n<p data-path-to-node=\"13\">S\u1ea3n ph\u1ea9m D\u1ea7u G\u1ed9i Tinh Ch\u1ea5t Th\u1ea3o M\u1ed9c Kh\u00f4ng Silicone M\u1ec1m M\u01b0\u1ee3t thu\u1ed9c d\u00f2ng Botanical Natural c\u1ee7a Biorica \u0111\u01b0\u1ee3c thi\u1ebft k\u1ebf chuy\u00ean bi\u1ec7t \u0111\u1ec3 mang l\u1ea1i \u0111\u1ed9\u00a0<b>M\u1ec1m M\u01b0\u1ee3t (Smooth Type)<\/b>\u00a0l\u00fd t\u01b0\u1edfng cho m\u00e1i t\u00f3c. T\u00ednh ch\u1ea5t n\u1ed5i b\u1eadt c\u1ee7a d\u1ea7u g\u1ed9i n\u00e0y n\u1eb1m \u1edf c\u00f4ng th\u1ee9c \u0111\u1ed9c \u0111\u00e1o ch\u1ee9a \u0111\u1ef1ng ph\u1ee9c h\u1ee3p\u00a0<b>10 Lo\u1ea1i D\u1ea7u V\u00e0 Chi\u1ebft Xu\u1ea5t Th\u1ef1c V\u1eadt<\/b>\u00a0\u0111\u01b0\u1ee3c tuy\u1ec3n ch\u1ecdn k\u1ef9 l\u01b0\u1ee1ng, mang \u0111\u1ebfn kh\u1ea3 n\u0103ng ph\u1ee5c h\u1ed3i v\u00e0 d\u01b0\u1ee1ng \u1ea9m s\u00e2u m\u00e0 kh\u00f4ng g\u00e2y b\u1ebft d\u00ednh hay n\u1eb7ng t\u00f3c.<\/p>\n<p data-path-to-node=\"15\">\u2013\u00a0<b>D\u1ea7u Argan:<\/b>\u00a0M\u1ed9t lo\u1ea1i d\u1ea7u qu\u00fd hi\u1ebfm gi\u00e0u Axit B\u00e9o v\u00e0 Vitamin E, c\u00f3 kh\u1ea3 n\u0103ng ph\u1ee5c h\u1ed3i c\u1ea5u tr\u00fac t\u00f3c h\u01b0 t\u1ed5n, t\u0103ng c\u01b0\u1eddng \u0111\u1ed9 \u0111\u00e0n h\u1ed3i v\u00e0 t\u1ea1o \u0111\u1ed9 b\u00f3ng t\u1ef1 nhi\u00ean cho t\u00f3c.<\/p>\n<p data-path-to-node=\"15\">\u2013\u00a0<b>D\u1ea7u Jojoba v\u00e0 D\u1ea7u Olive:<\/b>\u00a0Cung c\u1ea5p \u0111\u1ed9 \u1ea9m s\u00e2u, gi\u00fap c\u00e2n b\u1eb1ng l\u01b0\u1ee3ng d\u1ea7u t\u1ef1 nhi\u00ean tr\u00ean da \u0111\u1ea7u, \u0111\u1ed3ng th\u1eddi l\u00e0m m\u1ec1m v\u00e0 b\u1ea3o v\u1ec7 s\u1ee3i t\u00f3c kh\u1ecfi t\u00e1c \u0111\u1ed9ng nhi\u1ec7t v\u00e0 m\u00f4i tr\u01b0\u1eddng.<\/p>\n<p data-path-to-node=\"15\">\u2013\u00a0<b>Chi\u1ebft Xu\u1ea5t T\u1ea7m Xu\u00e2n (Rosehip) v\u00e0 H\u1ea1nh Nh\u00e2n:<\/b>\u00a0Gi\u00e0u ch\u1ea5t ch\u1ed1ng oxy h\u00f3a, gi\u00fap b\u1ea3o v\u1ec7 t\u00f3c kh\u1ecfi c\u00e1c g\u1ed1c t\u1ef1 do, ng\u0103n ng\u1eeba t\u00ecnh tr\u1ea1ng t\u00f3c ch\u1ebb ng\u1ecdn v\u00e0 kh\u00f4 x\u01a1.<\/p>\n<p data-path-to-node=\"15\">\u2013\u00a0<b>Chi\u1ebft Xu\u1ea5t C\u00fac La M\u00e3 v\u00e0 H\u01b0\u01a1ng Th\u1ea3o:<\/b>\u00a0C\u00e1c th\u00e0nh ph\u1ea7n n\u00e0y n\u1ed5i ti\u1ebfng v\u1edbi \u0111\u1eb7c t\u00ednh l\u00e0m d\u1ecbu da \u0111\u1ea7u, gi\u1ea3m k\u00edch \u1ee9ng v\u00e0 th\u00fac \u0111\u1ea9y m\u00f4i tr\u01b0\u1eddng da \u0111\u1ea7u kh\u1ecfe m\u1ea1nh, t\u1eeb \u0111\u00f3 h\u1ed7 tr\u1ee3 t\u00f3c ph\u00e1t tri\u1ec3n t\u1ed1t h\u01a1n.<\/p>\n<p data-path-to-node=\"16\">S\u1ef1 k\u1ebft h\u1ee3p n\u00e0y t\u1ea1o n\u00ean m\u1ed9t c\u00f4ng th\u1ee9c ho\u00e0n ch\u1ec9nh, ho\u1ea1t \u0111\u1ed9ng nh\u01b0 m\u1ed9t l\u1edbp m\u00e0ng b\u1ea3o v\u1ec7 v\u00f4 h\u00ecnh, th\u1ea9m th\u1ea5u s\u00e2u v\u00e0o l\u00f5i t\u00f3c \u0111\u1ec3 nu\u00f4i d\u01b0\u1ee1ng, thay v\u00ec ch\u1ec9 t\u1ea1o ra l\u1edbp m\u00e0ng bao b\u1ecdc b\u00ean ngo\u00e0i nh\u01b0 c\u00e1c s\u1ea3n ph\u1ea9m c\u00f3 Silicone. \u0110\u1eb7c bi\u1ec7t, s\u1ea3n ph\u1ea9m mang h\u01b0\u01a1ng th\u01a1m\u00a0<b>T\u00e1o V\u00e0 Hoa (Apple Floral Scent)<\/b>\u00a0d\u1ecbu nh\u1eb9, tinh t\u1ebf, mang l\u1ea1i c\u1ea3m gi\u00e1c th\u01b0 gi\u00e3n v\u00e0 t\u01b0\u01a1i m\u1edbi trong su\u1ed1t qu\u00e1 tr\u00ecnh s\u1eed d\u1ee5ng.<\/p>\n<p data-path-to-node=\"16\"><img decoding=\"async\" class=\"aligncenter  wp-image-43284\" src=\"https:\/\/havamall.com\/wp-content\/uploads\/2025\/11\/goi-xa-botanical-2.jpg\" alt=\"\" width=\"799\" height=\"799\" \/><\/p>\n<p data-path-to-node=\"18\">C\u00f4ng th\u1ee9c\u00a0<b>Non-Silicone<\/b>\u00a0l\u00e0 \u0111i\u1ec3m kh\u00e1c bi\u1ec7t c\u1ed1t l\u00f5i c\u1ee7a D\u1ea7u G\u1ed9i Tinh Ch\u1ea5t Th\u1ea3o M\u1ed9c Biorica. Silicone (th\u01b0\u1eddng xu\u1ea5t hi\u1ec7n d\u01b0\u1edbi d\u1ea1ng Dimethicone, Cyclopentasiloxane,&#8230;) c\u00f3 ch\u1ee9c n\u0103ng t\u1ea1o \u0111\u1ed9 b\u00f3ng m\u01b0\u1ee3t t\u1ee9c th\u00ec b\u1eb1ng c\u00e1ch b\u1ecdc s\u1ee3i t\u00f3c. Tuy nhi\u00ean, theo th\u1eddi gian, ch\u1ea5t n\u00e0y c\u00f3 th\u1ec3 t\u00edch t\u1ee5 tr\u00ean da \u0111\u1ea7u v\u00e0 ch\u00e2n t\u00f3c, g\u00e2y b\u00edt t\u1eafc nang t\u00f3c, d\u1eabn \u0111\u1ebfn t\u00ecnh tr\u1ea1ng da \u0111\u1ea7u nh\u1eddn, t\u00f3c nhanh b\u1ebft, th\u1eadm ch\u00ed l\u00e0 r\u1ee5ng t\u00f3c.<\/p>\n<p data-path-to-node=\"19\">D\u1ea7u G\u1ed9i Biorica \u0111\u01b0\u1ee3c ph\u00e1t tri\u1ec3n \u0111\u1ec3 kh\u1eafc ph\u1ee5c nh\u01b0\u1ee3c \u0111i\u1ec3m n\u00e0y. S\u1ea3n ph\u1ea9m s\u1eed d\u1ee5ng c\u00e1c ch\u1ea5t ho\u1ea1t \u0111\u1ed9ng b\u1ec1 m\u1eb7t d\u1ecbu nh\u1eb9 c\u00f3 ngu\u1ed3n g\u1ed1c th\u1ef1c v\u1eadt \u0111\u1ec3 l\u00e0m s\u1ea1ch, \u0111\u1ed3ng th\u1eddi t\u1eadn d\u1ee5ng c\u00e1c lo\u1ea1i d\u1ea7u t\u1ef1 nhi\u00ean \u0111\u1ec3 d\u01b0\u1ee1ng \u1ea9m, \u0111\u1ea3m b\u1ea3o da \u0111\u1ea7u \u0111\u01b0\u1ee3c l\u00e0m s\u1ea1ch s\u00e2u, lo\u1ea1i b\u1ecf b\u1ee5i b\u1ea9n v\u00e0 b\u00e3 nh\u1eddn d\u01b0 th\u1eeba, gi\u00fap da \u0111\u1ea7u &#8220;th\u1edf&#8221; v\u00e0 duy tr\u00ec s\u1ef1 c\u00e2n b\u1eb1ng t\u1ef1 nhi\u00ean.<\/p>\n<blockquote>\n<h5><em><span style=\"font-size: 14pt\">C\u00d4NG D\u1ee4NG CH\u00cdNH<\/span><\/em><\/h5>\n<\/blockquote>\n<p data-path-to-node=\"21\">\u2013\u00a0<b>C\u1ea3i Thi\u1ec7n \u0110\u1ed9 B\u1ed3ng B\u1ec1nh:<\/b>\u00a0C\u00f4ng th\u1ee9c kh\u00f4ng Silicone gi\u00fap t\u00f3c nh\u1eb9 nh\u00e0ng h\u01a1n, gi\u1ea3m hi\u1ec7n t\u01b0\u1ee3ng t\u00f3c b\u1ecb \u0111\u00e8 n\u1eb7ng, t\u1eeb \u0111\u00f3 t\u1ea1o \u0111\u1ed9 ph\u1ed3ng t\u1ef1 nhi\u00ean, \u0111\u1eb7c bi\u1ec7t ph\u00f9 h\u1ee3p v\u1edbi nh\u1eefng ng\u01b0\u1eddi c\u00f3 m\u00e1i t\u00f3c m\u1ecfng, x\u1eb9p.<\/p>\n<p data-path-to-node=\"21\">\u2013\u00a0<b>D\u01b0\u1ee1ng \u1ea8m Chuy\u00ean S\u00e2u:<\/b>\u00a0Chi\u1ebft xu\u1ea5t t\u1eeb 10 lo\u1ea1i d\u1ea7u th\u1ef1c v\u1eadt gi\u00fap cung c\u1ea5p \u0111\u1ed9 \u1ea9m c\u1ea7n thi\u1ebft, ng\u0103n ng\u1eeba t\u00ecnh tr\u1ea1ng t\u00f3c kh\u00f4 x\u01a1, ch\u1ebb ng\u1ecdn, mang l\u1ea1i c\u1ea3m gi\u00e1c m\u1ec1m m\u01b0\u1ee3t v\u00e0 su\u00f4n th\u1eb3ng.<\/p>\n<p data-path-to-node=\"21\">\u2013\u00a0<b>Ch\u0103m S\u00f3c Da \u0110\u1ea7u Kh\u1ecfe M\u1ea1nh:<\/b>\u00a0L\u00e0m s\u1ea1ch nh\u1eb9 nh\u00e0ng, kh\u00f4ng g\u00e2y k\u00edch \u1ee9ng da \u0111\u1ea7u nh\u1ea1y c\u1ea3m v\u00e0 duy tr\u00ec m\u00f4i tr\u01b0\u1eddng l\u00fd t\u01b0\u1edfng cho s\u1ef1 ph\u00e1t tri\u1ec3n c\u1ee7a t\u00f3c.<\/p>\n<p data-path-to-node=\"21\">\u2013\u00a0<b>H\u01b0\u01a1ng Th\u01a1m Th\u01b0 Gi\u00e3n:<\/b>\u00a0H\u01b0\u01a1ng T\u00e1o v\u00e0 Hoa tinh t\u1ebf l\u01b0u l\u1ea1i tr\u00ean t\u00f3c, mang \u0111\u1ebfn c\u1ea3m gi\u00e1c th\u01b0 th\u00e1i su\u1ed1t c\u1ea3 ng\u00e0y.<\/p>\n<p data-path-to-node=\"22\"><img loading=\"lazy\" decoding=\"async\" class=\"aligncenter  wp-image-43285\" src=\"https:\/\/havamall.com\/wp-content\/uploads\/2025\/11\/445351335_2766950793462677_4476117834612640592_n.jpg\" alt=\"\" width=\"800\" height=\"1067\" \/><\/p>\n<blockquote>\n<h4><strong><em>C\u00c1CH S\u1eec D\u1ee4NG<\/em><\/strong><\/h4>\n<\/blockquote>\n<p data-path-to-node=\"24\">\u2013\u00a0<b>L\u00c0M \u01af\u1edaT T\u00d3C:<\/b>\u00a0L\u00e0m \u01b0\u1edbt to\u00e0n b\u1ed9 t\u00f3c v\u00e0 da \u0111\u1ea7u b\u1eb1ng n\u01b0\u1edbc \u1ea5m.<\/p>\n<p data-path-to-node=\"24\">\u2013\u00a0<b>T\u1ea0O B\u1eccT:<\/b>\u00a0L\u1ea5y m\u1ed9t l\u01b0\u1ee3ng d\u1ea7u g\u1ed9i v\u1eeba \u0111\u1ee7 (kho\u1ea3ng 2-3 l\u1ea7n b\u01a1m, t\u00f9y \u0111\u1ed9 d\u00e0y t\u00f3c) ra l\u00f2ng b\u00e0n tay v\u00e0 t\u1ea1o b\u1ecdt k\u1ef9 v\u1edbi m\u1ed9t ch\u00fat n\u01b0\u1edbc tr\u01b0\u1edbc khi thoa l\u00ean t\u00f3c. Tuy\u1ec7t \u0111\u1ed1i kh\u00f4ng \u0111\u1ed5 tr\u1ef1c ti\u1ebfp d\u1ea7u g\u1ed9i l\u00ean da \u0111\u1ea7u.<\/p>\n<p data-path-to-node=\"24\">\u2013\u00a0<b>MASSAGE:<\/b>\u00a0Massage nh\u1eb9 nh\u00e0ng da \u0111\u1ea7u b\u1eb1ng \u0111\u1ea7u ng\u00f3n tay trong kho\u1ea3ng 2-3 ph\u00fat \u0111\u1ec3 l\u00e0m s\u1ea1ch s\u00e2u v\u00e0 k\u00edch th\u00edch tu\u1ea7n ho\u00e0n m\u00e1u. L\u1ea7n g\u1ed9i \u0111\u1ea7u ti\u00ean gi\u00fap lo\u1ea1i b\u1ecf b\u1ee5i b\u1ea9n th\u00f4, l\u1ea7n g\u1ed9i th\u1ee9 hai gi\u00fap l\u00e0m s\u1ea1ch s\u00e2u h\u01a1n.<\/p>\n<p data-path-to-node=\"24\">\u2013\u00a0<b>X\u1ea2 S\u1ea0CH:<\/b>\u00a0X\u1ea3 s\u1ea1ch b\u1ecdt v\u1edbi n\u01b0\u1edbc. N\u00ean d\u00f9ng k\u00e8m D\u1ea7u X\u1ea3 c\u00f9ng b\u1ed9 Biorica Botanical Natural \u0111\u1ec3 kh\u00f3a \u1ea9m v\u00e0 t\u1ed1i \u0111a h\u00f3a \u0111\u1ed9 m\u1ec1m m\u01b0\u1ee3t.<\/p>\n<p data-path-to-node=\"25\">S\u1ea3n ph\u1ea9m n\u00e0y \u0111\u1eb7c bi\u1ec7t ph\u00f9 h\u1ee3p v\u1edbi nh\u1eefng ng\u01b0\u1eddi c\u00f3 m\u00e1i t\u00f3c th\u01b0\u1eddng xuy\u00ean ti\u1ebfp x\u00fac v\u1edbi h\u00f3a ch\u1ea5t u\u1ed1n, nhu\u1ed9m, nhi\u1ec7t \u0111\u1ed9 cao, ho\u1eb7c nh\u1eefng ng\u01b0\u1eddi \u0111ang g\u1eb7p t\u00ecnh tr\u1ea1ng t\u00f3c m\u1ecfng, r\u1ee5ng v\u00e0 mong mu\u1ed1n m\u1ed9t gi\u1ea3i ph\u00e1p ch\u0103m s\u00f3c t\u00f3c l\u00e0nh t\u00ednh, c\u00f3 ngu\u1ed3n g\u1ed1c t\u1eeb thi\u00ean nhi\u00ean.\u00a0<b>Biorica Botanical Natural Shampoo<\/b>\u00a0hi\u1ec7n \u0111ang \u0111\u01b0\u1ee3c ph\u00e2n ph\u1ed1i t\u1ea1i\u00a0<b>Havamall<\/b>.<\/p>","protected":false},"excerpt":{"rendered":"<p>TH\u00d4NG TIN S\u1ea2N PH\u1ea8M Th\u01b0\u01a1ng Hi\u1ec7u Biorica Xu\u1ea5t X\u1ee9\u00a0 Nh\u1eadt B\u1ea3n (Made In Japan) Th\u00e0nh Ph\u1ea7n 10 Lo\u1ea1i D\u1ea7u V\u00e0<\/p>","protected":false},"featured_media":43427,"comment_status":"open","ping_status":"closed","template":"","meta":[],"product_brand":[],"product_cat":[675,396,35],"product_tag":[],"class_list":{"0":"post-43426","1":"product","2":"type-product","3":"status-publish","4":"has-post-thumbnail","6":"product_cat-nhap-khau-nhat-ban","7":"product_cat-suc-khoe-lam-dep","8":"product_cat-nha-cua-doi-song","10":"first","11":"instock","12":"sale","13":"shipping-taxable","14":"purchasable","15":"product-type-simple"},"_links":{"self":[{"href":"https:\/\/havamall.vn\/en\/wp-json\/wp\/v2\/product\/43426"}],"collection":[{"href":"https:\/\/havamall.vn\/en\/wp-json\/wp\/v2\/product"}],"about":[{"href":"https:\/\/havamall.vn\/en\/wp-json\/wp\/v2\/types\/product"}],"replies":[{"embeddable":true,"href":"https:\/\/havamall.vn\/en\/wp-json\/wp\/v2\/comments?post=43426"}],"version-history":[{"count":0,"href":"https:\/\/havamall.vn\/en\/wp-json\/wp\/v2\/product\/43426\/revisions"}],"wp:featuredmedia":[{"embeddable":true,"href":"https:\/\/havamall.vn\/en\/wp-json\/wp\/v2\/media\/43427"}],"wp:attachment":[{"href":"https:\/\/havamall.vn\/en\/wp-json\/wp\/v2\/media?parent=43426"}],"wp:term":[{"taxonomy":"product_brand","embeddable":true,"href":"https:\/\/havamall.vn\/en\/wp-json\/wp\/v2\/product_brand?post=43426"},{"taxonomy":"product_cat","embeddable":true,"href":"https:\/\/havamall.vn\/en\/wp-json\/wp\/v2\/product_cat?post=43426"},{"taxonomy":"product_tag","embeddable":true,"href":"https:\/\/havamall.vn\/en\/wp-json\/wp\/v2\/product_tag?post=43426"}],"curies":[{"name":"wp","href":"https:\/\/api.w.org\/{rel}","templated":true}]}}