{"id":43396,"date":"2025-11-08T14:29:55","date_gmt":"2025-11-08T07:29:55","guid":{"rendered":"https:\/\/havamall.vn\/?post_type=product&#038;p=43396"},"modified":"2025-11-08T14:37:21","modified_gmt":"2025-11-08T07:37:21","slug":"qua-acai-xay-nhuyen-dong-lanh-1kg-acai-berries-puree","status":"publish","type":"product","link":"https:\/\/havamall.vn\/en\/shop\/qua-acai-xay-nhuyen-dong-lanh-1kg-acai-berries-puree\/","title":{"rendered":"Qu\u1ea3 Acai Xay Nhuy\u1ec5n \u0110\u00f4ng L\u1ea1nh 1KG \u2013 Acai Berries Puree"},"content":{"rendered":"<blockquote>\n<h2><em><strong>TH\u00d4NG TIN CHUNG<\/strong><\/em><\/h2>\n<\/blockquote>\n<table style=\"width: 55.486%;height: 213px\">\n<tbody>\n<tr>\n<td><b>Th\u01b0\u01a1ng hi\u1ec7u<\/b><\/td>\n<td>Ponthier<\/td>\n<\/tr>\n<tr>\n<td><b>Xu\u1ea5t x\u1ee9<\/b><\/td>\n<td>Ph\u00e1p<\/td>\n<\/tr>\n<tr>\n<td><b>Th\u00e0nh ph\u1ea7n<\/b><\/td>\n<td>Xem tr\u1ef1c ti\u1ebfp tr\u00ean bao b\u00ec<\/td>\n<\/tr>\n<tr>\n<td><b>H\u1ea1n s\u1eed d\u1ee5ng<\/b><\/td>\n<td>Xem tr\u1ef1c ti\u1ebfp tr\u00ean bao b\u00ec<\/td>\n<\/tr>\n<tr>\n<td><b>B\u1ea3o qu\u1ea3n<\/b><\/td>\n<td>B\u1ea3o qu\u1ea3n n\u01a1i kh\u00f4 r\u00e1o, tho\u00e1ng m\u00e1t<\/td>\n<\/tr>\n<tr>\n<td><b>Kh\u1ed1i l\u01b0\u1ee3ng<\/b><\/td>\n<td>1 kg<\/td>\n<\/tr>\n<\/tbody>\n<\/table>\n<p data-start=\"366\" data-end=\"770\">Puree Acai Berry H\u1eefu C\u01a1 Ponthier l\u00e0 d\u00f2ng nguy\u00ean li\u1ec7u l\u1ea1nh cao c\u1ea5p \u0111\u01b0\u1ee3c ch\u1ebf bi\u1ebfn t\u1eeb qu\u1ea3 acai t\u01b0\u01a1i \u0111\u1ea1t ti\u00eau chu\u1ea9n h\u1eefu c\u01a1, thu ho\u1ea1ch t\u1ea1i nh\u1eefng v\u00f9ng tr\u1ed3ng \u0111\u01b0\u1ee3c b\u1ea3o t\u1ed3n sinh th\u00e1i. Ponthier \u2013 th\u01b0\u01a1ng hi\u1ec7u n\u1ed5i ti\u1ebfng t\u1eeb n\u0103m 1946 \u2013 lu\u00f4n theo \u0111u\u1ed5i vi\u1ec7c gi\u1eef nguy\u00ean gi\u00e1 tr\u1ecb t\u1ef1 nhi\u00ean c\u1ee7a tr\u00e1i c\u00e2y th\u00f4ng qua quy tr\u00ecnh x\u1eed l\u00fd l\u1ea1nh tinh vi, nh\u1eb1m b\u1ea3o to\u00e0n m\u00e0u s\u1eafc, h\u01b0\u01a1ng v\u1ecb v\u00e0 d\u01b0\u1ee1ng ch\u1ea5t nh\u01b0 tr\u00e1i v\u1eeba \u0111\u01b0\u1ee3c nghi\u1ec1n tr\u1ef1c ti\u1ebfp.<\/p>\n<p data-start=\"366\" data-end=\"770\"><img fetchpriority=\"high\" decoding=\"async\" class=\"aligncenter wp-image-43178\" src=\"https:\/\/havamall.com\/wp-content\/uploads\/2025\/11\/FR9JJ4-scaled.avif\" alt=\"\" width=\"801\" height=\"535\" \/><\/p>\n<p data-start=\"772\" data-end=\"1294\">Kh\u1ed1i puree a\u00e7a\u00ed s\u1edf h\u1eefu m\u00e0u t\u00edm \u0111\u1eadm \u0111\u1eb7c tr\u01b0ng, mang \u0111\u1ed9 s\u00e1nh m\u1ecbn t\u1ef1 nhi\u00ean m\u00e0 kh\u00f4ng c\u1ea7n th\u00eam ch\u1ea5t l\u00e0m \u0111\u1eb7c. M\u00f9i th\u01a1m c\u1ee7a a\u00e7a\u00ed c\u00f3 chi\u1ec1u s\u00e2u: h\u00f2a gi\u1eefa h\u01b0\u01a1ng m\u1ecdng n\u01b0\u1edbc c\u1ee7a qu\u1ea3 r\u1eebng, ch\u00fat b\u00e9o nh\u1eb9 nh\u01b0 cacao v\u00e0 m\u1ed9t l\u1edbp m\u00f9i ph\u1ea3ng ph\u1ea5t c\u1ee7a berry ch\u00edn k\u1ef9. Khi n\u1ebfm th\u1eed, c\u1ea3m gi\u00e1c \u0111\u1ea7u ti\u00ean l\u00e0 s\u1ef1 m\u1ec1m m\u01b0\u1ee3t khi puree tan tr\u00ean l\u01b0\u1ee1i, theo sau l\u00e0 d\u01b0 v\u1ecb tr\u00e1i c\u00e2y \u0111\u1eadm \u0111\u00e0 nh\u01b0ng kh\u00f4ng g\u1eaft, kh\u00f4ng chua s\u1eafc, t\u1ea5t c\u1ea3 \u0111\u01b0\u1ee3c gi\u1eef tr\u1ecdn v\u1eb9n nh\u1edd k\u1ef9 thu\u1eadt c\u1ea5p \u0111\u00f4ng nhanh c\u1ee7a Ponthier, gi\u00fap h\u1ea1n ch\u1ebf qu\u00e1 tr\u00ecnh oxy h\u00f3a v\u00e0 b\u1ea3o to\u00e0n c\u1ea5u tr\u00fac t\u1ef1 nhi\u00ean c\u1ee7a th\u1ecbt qu\u1ea3.<\/p>\n<p data-start=\"772\" data-end=\"1294\"><img decoding=\"async\" class=\"aligncenter wp-image-43179\" src=\"https:\/\/havamall.com\/wp-content\/uploads\/2025\/11\/pour2323-min.webp\" alt=\"\" width=\"800\" height=\"800\" \/><\/p>\n<p data-start=\"1296\" data-end=\"1776\">Ngu\u1ed3n nguy\u00ean li\u1ec7u \u0111\u01b0\u1ee3c l\u1ef1a ch\u1ecdn t\u1eeb nh\u1eefng l\u00f4 tr\u00e1i \u0111\u1ea1t chu\u1ea9n h\u1eefu c\u01a1 ch\u00e2u \u00c2u v\u00e0 USDA, kh\u00f4ng s\u1eed d\u1ee5ng thu\u1ed1c tr\u1eeb s\u00e2u t\u1ed5ng h\u1ee3p, kh\u00f4ng ph\u00e2n b\u00f3n h\u00f3a h\u1ecdc v\u00e0 kh\u00f4ng ch\u1ea5t b\u1ea3o qu\u1ea3n. Sau khi thu ho\u1ea1ch, qu\u1ea3 acai \u0111\u01b0\u1ee3c s\u01a1 ch\u1ebf trong khung th\u1eddi gian r\u1ea5t ng\u1eafn \u0111\u1ec3 \u0111\u1ea3m b\u1ea3o \u0111\u1ed9 t\u01b0\u01a1i t\u1ed1i \u0111a, r\u1ed3i \u0111\u01b0\u1ee3c nghi\u1ec1n m\u1ecbn v\u00e0 \u0111\u01b0a v\u00e0o h\u1ec7 th\u1ed1ng \u0111\u00f4ng l\u1ea1nh chuy\u00ean d\u1ee5ng. M\u1ed7i m\u1ebb puree ch\u1ec9 g\u1ed3m 100% th\u1ecbt qu\u1ea3, kh\u00f4ng th\u00eam \u0111\u01b0\u1eddng, kh\u00f4ng ph\u1ee5 gia, gi\u00fap c\u00e1c \u0111\u1ea7u b\u1ebfp ho\u1eb7c ng\u01b0\u1eddi d\u00f9ng ch\u1ee7 \u0111\u1ed9ng \u0111i\u1ec1u ch\u1ec9nh \u0111\u1ed9 ng\u1ecdt theo c\u00f4ng th\u1ee9c ri\u00eang.<\/p>\n<p data-start=\"1778\" data-end=\"2064\"><img decoding=\"async\" class=\"aligncenter wp-image-43180\" src=\"https:\/\/havamall.com\/wp-content\/uploads\/2025\/11\/b8ec85dd1b7476864cff725ba7694076-1759669653268753003213-1759724651684-17597246519651207693818.jpg\" alt=\"\" width=\"800\" height=\"640\" \/><\/p>\n<p data-start=\"2066\" data-end=\"2154\">Puree Acai Berry H\u1eefu C\u01a1 Ponthier ph\u00f9 h\u1ee3p trong nhi\u1ec1u \u1ee9ng d\u1ee5ng t\u1ea1o m\u00e0u \u2013 t\u1ea1o v\u1ecb t\u1ef1 nhi\u00ean:<\/p>\n<p data-start=\"2156\" data-end=\"2557\">\u2013 L\u00e0m a\u00e7a\u00ed bowl c\u00f9ng chu\u1ed1i, d\u00e2u, granola ho\u1eb7c c\u00e1c lo\u1ea1i h\u1ea1t.<br data-start=\"2215\" data-end=\"2218\" \/>\u2013 D\u00f9ng cho sinh t\u1ed1 l\u1ea1nh, smoothie t\u0103ng n\u0103ng l\u01b0\u1ee3ng bu\u1ed5i s\u00e1ng.<br data-start=\"2278\" data-end=\"2281\" \/>\u2013 K\u1ebft h\u1ee3p trong n\u01b0\u1edbc \u00e9p mix t\u1ea1o chi\u1ec1u s\u00e2u h\u01b0\u01a1ng v\u1ecb cho c\u00e1c lo\u1ea1i tropical juice.<\/p>\n<p data-start=\"2156\" data-end=\"2557\"><img loading=\"lazy\" decoding=\"async\" class=\"aligncenter wp-image-43181\" src=\"https:\/\/havamall.com\/wp-content\/uploads\/2025\/11\/acai-bowl-5.jpg\" alt=\"\" width=\"800\" height=\"595\" \/>\u2013 L\u00e0m nguy\u00ean li\u1ec7u cho kem tr\u00e1i c\u00e2y, gelato ho\u1eb7c sorbet.<br data-start=\"2418\" data-end=\"2421\" \/>\u2013 \u1ee8ng d\u1ee5ng trong b\u00e1nh l\u1ea1nh, mousse, cheesecake ho\u1eb7c pudding.<br data-start=\"2481\" data-end=\"2484\" \/>\u2013 D\u00f9ng trong qu\u1ea7y bar pha ch\u1ebf cocktail\/ mocktail gi\u00e0u h\u01b0\u01a1ng v\u1ecb tr\u00e1i r\u1eebng.<\/p>\n<p data-start=\"2156\" data-end=\"2557\"><img loading=\"lazy\" decoding=\"async\" class=\"aligncenter wp-image-43182\" src=\"https:\/\/havamall.com\/wp-content\/uploads\/2025\/11\/Acai-Berry-Smoothie-Bowl-healthy-breakfast-lowsugar-plantbased-protein-nutritionstripped-recipe-8-1346x701@2x-scaled.jpg\" alt=\"\" width=\"800\" height=\"417\" \/><\/p>\n<p data-start=\"2559\" data-end=\"2944\">T\u1ef7 l\u1ec7 ch\u1ea5t x\u01a1 t\u1ef1 nhi\u00ean trong qu\u1ea3 a\u00e7a\u00ed gi\u00fap t\u1ea1o \u0111\u1ed9 s\u00e1nh khi xay, l\u00e0m h\u1ed7n h\u1ee3p c\u00f3 c\u1ea5u tr\u00fac m\u01b0\u1ee3t v\u00e0 t\u01b0\u01a1i s\u00e1ng, \u0111\u1ed3ng th\u1eddi, s\u1eafc t\u00edm \u0111\u1eadm mang l\u1ea1i hi\u1ec7u \u1ee9ng m\u00e0u t\u1ef1 nhi\u00ean \u0111\u1eb9p m\u1eaft cho m\u00f3n \u0103n m\u00e0 kh\u00f4ng c\u1ea7n ph\u1ea9m m\u00e0u, \u0111i\u1ec1u n\u00e0y gi\u00fap puree h\u1eefu c\u01a1 Ponthier tr\u1edf th\u00e0nh l\u1ef1a ch\u1ecdn y\u00eau th\u00edch c\u1ee7a nhi\u1ec1u \u0111\u1ea7u b\u1ebfp, nh\u00e0 h\u00e0ng v\u00e0 c\u00e1c th\u01b0\u01a1ng hi\u1ec7u \u0111\u1ed3 u\u1ed1ng mu\u1ed1n gi\u1eef ti\u00eau chu\u1ea9n s\u1ea1ch \u2013 tinh khi\u1ebft \u2013 gi\u00e0u gi\u00e1 tr\u1ecb t\u1ef1 nhi\u00ean,\u00a0hi\u1ec7n \u0111ang \u0111\u01b0\u1ee3c b\u00e1n t\u1ea1i Havamall.<\/p>","protected":false},"excerpt":{"rendered":"<p><b>L\u01afU \u00dd QUAN TR\u1eccNG:\u00a0\u0110\u00c2Y L\u00c0 S\u1ea2N PH\u1ea8M \u0110\u00d4NG L\u1ea0NH<\/b><\/p>\n<ul>\n<li>\u0110\u1ec3 \u0111\u1ea3m b\u1ea3o ch\u1ea5t l\u01b0\u1ee3ng, c\u00e1c s\u1ea3n ph\u1ea9m tr\u00e1i c\u00e2y \u0111\u00f4ng l\u1ea1nh\u00a0<b>ch\u1ec9 \u0111\u01b0\u1ee3c giao h\u1ecfa t\u1ed1c<\/b>\u00a0trong khu v\u1ef1c\u00a0<strong>TP.HCM<\/strong>.<\/li>\n<li><b>Ph\u00ed ship:<\/b>\n<ul>\n<li>D\u01b0\u1edbi 5km: 30.000\u20ab<\/li>\n<li>Tr\u00ean 5km: Ph\u00ed giao h\u00e0ng s\u1ebd t\u00ednh theo gi\u00e1 c\u1ee7a \u1ee9ng d\u1ee5ng d\u1ecbch v\u1ee5 v\u1eadn chuy\u1ec3n.<\/li>\n<\/ul>\n<\/li>\n<li><b>\u0110\u1ecba ch\u1ec9 c\u1eeda h\u00e0ng:<\/b>\u00a0H\u1ebbm 112, s\u1ed1 114A B\u1ea1ch \u0110\u1eb1ng, Ph\u01b0\u1eddng 2, Qu\u1eadn T\u00e2n B\u00ecnh. B\u1ea1n c\u00f3 th\u1ec3 ki\u1ec3m tra kho\u1ea3ng c\u00e1ch tr\u01b0\u1edbc khi \u0111\u1eb7t h\u00e0ng.<\/li>\n<li><b>Mi\u1ec5n ph\u00ed ship<\/b>\u00a0cho \u0111\u01a1n t\u1eeb 4kg ho\u1eb7c 1.500.000\u20ab.\u00a0<strong><em>RI\u00caNG:<\/em><\/strong>\u00a0H\u1ed7 tr\u1ee3\u00a0<strong><em>t\u1ed1i \u0111a<\/em><\/strong>\u00a0<b>30.000\u20ab<\/b>\u00a0ph\u00ed ship cho \u0111\u01a1n \u0111i c\u00e1c\u00a0<em><strong>khu v\u1ef1c xa nh\u01b0 H\u00f3c M\u00f4n, C\u1ee7 Chi, Qu\u1eadn 9<\/strong><\/em>. Qu\u00fd kh\u00e1ch\u00a0<strong>vui l\u00f2ng chuy\u1ec3n kho\u1ea3n tr\u01b0\u1edbc ti\u1ec1n ship ho\u1eb7c ti\u1ec1n h\u00e0ng.<\/strong><\/li>\n<\/ul>","protected":false},"featured_media":43386,"comment_status":"open","ping_status":"closed","template":"","meta":[],"product_brand":[],"product_cat":[671,678],"product_tag":[],"class_list":{"0":"post-43396","1":"product","2":"type-product","3":"status-publish","4":"has-post-thumbnail","6":"product_cat-nhap-khau-phap","7":"product_cat-trai-cay-dong-lanh","9":"first","10":"instock","11":"sale","12":"shipping-taxable","13":"purchasable","14":"product-type-simple"},"_links":{"self":[{"href":"https:\/\/havamall.vn\/en\/wp-json\/wp\/v2\/product\/43396"}],"collection":[{"href":"https:\/\/havamall.vn\/en\/wp-json\/wp\/v2\/product"}],"about":[{"href":"https:\/\/havamall.vn\/en\/wp-json\/wp\/v2\/types\/product"}],"replies":[{"embeddable":true,"href":"https:\/\/havamall.vn\/en\/wp-json\/wp\/v2\/comments?post=43396"}],"version-history":[{"count":0,"href":"https:\/\/havamall.vn\/en\/wp-json\/wp\/v2\/product\/43396\/revisions"}],"wp:featuredmedia":[{"embeddable":true,"href":"https:\/\/havamall.vn\/en\/wp-json\/wp\/v2\/media\/43386"}],"wp:attachment":[{"href":"https:\/\/havamall.vn\/en\/wp-json\/wp\/v2\/media?parent=43396"}],"wp:term":[{"taxonomy":"product_brand","embeddable":true,"href":"https:\/\/havamall.vn\/en\/wp-json\/wp\/v2\/product_brand?post=43396"},{"taxonomy":"product_cat","embeddable":true,"href":"https:\/\/havamall.vn\/en\/wp-json\/wp\/v2\/product_cat?post=43396"},{"taxonomy":"product_tag","embeddable":true,"href":"https:\/\/havamall.vn\/en\/wp-json\/wp\/v2\/product_tag?post=43396"}],"curies":[{"name":"wp","href":"https:\/\/api.w.org\/{rel}","templated":true}]}}