{"id":43337,"date":"2025-11-01T11:55:32","date_gmt":"2025-11-01T04:55:32","guid":{"rendered":"https:\/\/havamall.vn\/?post_type=product&#038;p=43337"},"modified":"2025-11-01T11:55:32","modified_gmt":"2025-11-01T04:55:32","slug":"banh-panettone-socola-nhap-khau-y-chiostro-di-saronno-100g-chiostro-di-saronno-chocolate-panettone","status":"publish","type":"product","link":"https:\/\/havamall.vn\/en\/shop\/banh-panettone-socola-nhap-khau-y-chiostro-di-saronno-100g-chiostro-di-saronno-chocolate-panettone\/","title":{"rendered":"B\u00e1nh Panettone Socola Nh\u1eadp Kh\u1ea9u \u00dd Chiostro di Saronno 100g \u2013 Chiostro di Saronno Chocolate Panettone"},"content":{"rendered":"<blockquote>\n<h2><em><strong>TH\u00d4NG TIN CHUNG<\/strong><\/em><\/h2>\n<\/blockquote>\n<table style=\"width: 55.7519%;height: 180px\">\n<tbody>\n<tr>\n<td><b>Th\u01b0\u01a1ng hi\u1ec7u<\/b><\/td>\n<td>Chiostro Di Saronno<\/td>\n<\/tr>\n<tr>\n<td><b>Xu\u1ea5t x\u1ee9<\/b><\/td>\n<td>\u00dd (Italy)<\/td>\n<\/tr>\n<tr>\n<td><b>Th\u00e0nh ph\u1ea7n<\/b><\/td>\n<td>Xem tr\u1ef1c ti\u1ebfp tr\u00ean bao b\u00ec<\/td>\n<\/tr>\n<tr>\n<td><b>H\u1ea1n s\u1eed d\u1ee5ng<\/b><\/td>\n<td>Xem tr\u1ef1c ti\u1ebfp tr\u00ean bao b\u00ec<\/td>\n<\/tr>\n<tr>\n<td><b>B\u1ea3o qu\u1ea3n<\/b><\/td>\n<td>B\u1ea3o qu\u1ea3n \u0111\u00f4ng ho\u1eb7c ng\u0103n m\u00e1t t\u1ee7 l\u1ea1nh<\/td>\n<\/tr>\n<tr>\n<td><b>Kh\u1ed1i l\u01b0\u1ee3ng<\/b><\/td>\n<td>100g<\/td>\n<\/tr>\n<\/tbody>\n<\/table>\n<p data-start=\"451\" data-end=\"938\"><strong><em>Panettone<\/em>\u00a0<\/strong>v\u1eabn lu\u00f4n \u0111\u01b0\u1ee3c xem l\u00e0 linh h\u1ed3n c\u1ee7a m\u00f9a l\u1ec5 h\u1ed9i \u00dd, v\u00e0 d\u00f2ng Panettone c\u1ee7a\u00a0<strong data-start=\"531\" data-end=\"554\">Chiostro di Saronno<\/strong>\u00a0l\u00e0 m\u1ed9t trong nh\u1eefng \u0111\u1ea1i di\u1ec7n l\u00e2u \u0111\u1eddi nh\u1ea5t c\u00f2n g\u00ecn gi\u1eef c\u00f4ng th\u1ee9c c\u1ed5 \u0111i\u1ec3n truy\u1ec1n th\u1ed1ng. T\u1eeb quy tr\u00ecnh \u1ee7 b\u1ed9t men t\u1ef1 nhi\u00ean \u0111\u1ebfn c\u00e1ch n\u01b0\u1edbng ch\u1eadm, m\u1ed7i chi\u1ebfc b\u00e1nh \u0111\u1ec1u ph\u1ea3n \u00e1nh s\u1ef1 t\u1ec9 m\u1ec9 c\u1ee7a ng\u01b0\u1eddi th\u1ee3 l\u00e0m b\u00e1nh \u00dd. Phi\u00ean b\u1ea3n Panettone Socola 100g mang tr\u1ecdn tinh th\u1ea7n \u1ea5y trong m\u1ed9t k\u00edch th\u01b0\u1edbc nh\u1ecf g\u1ecdn, gi\u00fap ng\u01b0\u1eddi th\u01b0\u1edfng th\u1ee9c d\u1ec5 d\u00e0ng tr\u1ea3i nghi\u1ec7m h\u01b0\u01a1ng v\u1ecb \u0111\u1eb7c tr\u01b0ng m\u00e0 kh\u00f4ng c\u1ea7n m\u1edf m\u1ed9t chi\u1ebfc b\u00e1nh l\u1edbn.<\/p>\n<p data-start=\"451\" data-end=\"938\"><img fetchpriority=\"high\" decoding=\"async\" class=\"aligncenter  wp-image-43091\" src=\"https:\/\/havamall.com\/wp-content\/uploads\/2025\/11\/Showing-the-inside-texture-of-a-mini-chocolate-panettone.jpg\" alt=\"\" width=\"800\" height=\"1200\" \/><\/p>\n<p data-start=\"940\" data-end=\"1404\">\u0110i\u1ec3m t\u1ea1o n\u00ean s\u1ee9c h\u1ea5p d\u1eabn c\u1ee7a Panettone Chiostro di Saronno v\u1eabn n\u1eb1m \u1edf c\u1ea5u tr\u00fac b\u1ed9t \u1ee7 t\u1ef1 nhi\u00ean. Kh\u1ed1i b\u1ed9t \u0111\u01b0\u1ee3c nh\u00e0o t\u1eeb b\u1ed9t m\u00ec ch\u1ea5t l\u01b0\u1ee3ng cao, tr\u1ee9ng, b\u01a1 ch\u00e2u \u00c2u v\u00e0 men t\u1ef1 nhi\u00ean, sau \u0111\u00f3 \u0111\u01b0\u1ee3c \u1ee7 nhi\u1ec1u gi\u1edd \u0111\u1ec3 h\u00ecnh th\u00e0nh nh\u1eefng th\u1edb b\u00e1nh k\u00e9o s\u1ee3i m\u1ec1m m\u1ea1i. Khi b\u1ebb b\u00e1nh, l\u1edbp ru\u1ed9t n\u1edf x\u1ed1p, nh\u1eb9 v\u00e0 c\u00f3 \u0111\u1ed9 \u0111\u00e0n h\u1ed3i t\u1ef1 nhi\u00ean \u2013 \u0111i\u1ec1u \u0111\u1eb7c tr\u01b0ng m\u00e0 ch\u1ec9 Panettone th\u1ee7 c\u00f4ng m\u1edbi c\u00f3. Ngay khi m\u1edf h\u1ed9p, m\u00f9i th\u01a1m c\u1ee7a b\u01a1, vani v\u00e0 socola h\u00f2a quy\u1ec7n nh\u1eb9 nh\u00e0ng, t\u1ea1o n\u00ean c\u1ea3m gi\u00e1c \u1ea5m \u00e1p \u0111\u1eadm ch\u1ea5t m\u00f9a l\u1ec5.<\/p>\n<p data-start=\"940\" data-end=\"1404\"><img decoding=\"async\" class=\"aligncenter  wp-image-43092\" src=\"https:\/\/havamall.com\/wp-content\/uploads\/2025\/11\/panetone-1.webp\" alt=\"\" width=\"801\" height=\"534\" \/><\/p>\n<p data-start=\"1406\" data-end=\"1996\">V\u1edbi phi\u00ean b\u1ea3n\u00a0<strong data-start=\"1420\" data-end=\"1440\">Panettone Socola<\/strong>, Chiostro di Saronno thay th\u1ebf tr\u00e1i c\u00e2y truy\u1ec1n th\u1ed1ng b\u1eb1ng\u00a0<strong data-start=\"1498\" data-end=\"1530\">nh\u1eefng chip chocolate cao c\u1ea5p<\/strong>, gi\u00fap h\u01b0\u01a1ng v\u1ecb tr\u1edf n\u00ean phong ph\u00fa v\u00e0 hi\u1ec7n \u0111\u1ea1i h\u01a1n. Nh\u1eefng m\u1ea9u socola \u0111\u01b0\u1ee3c tr\u1ed9n tr\u1ef1c ti\u1ebfp v\u00e0o b\u1ed9t b\u00e1nh tr\u01b0\u1edbc khi \u1ee7, nh\u1edd v\u1eady socola ph\u00e2n b\u1ed1 \u0111\u1ec1u v\u00e0 h\u00f2a quy\u1ec7n v\u00e0o t\u1eebng l\u1edbp b\u00e1nh. Khi c\u1eafn v\u00e0o, socola m\u1ec1m nh\u1eb9, tan d\u1ea7n, t\u1ea1o \u0111i\u1ec3m nh\u1ea5n ng\u1ecdt \u0111\u1eafng tinh t\u1ebf. S\u1ef1 k\u1ebft h\u1ee3p gi\u1eefa ru\u1ed9t b\u00e1nh m\u1ec1m x\u1ed1p, th\u01a1m m\u00f9i b\u01a1 v\u00e0 nh\u1eefng h\u1ea1t socola nh\u1ecf mang \u0111\u1ebfn c\u1ea3m gi\u00e1c c\u00e2n b\u1eb1ng: kh\u00f4ng qu\u00e1 ng\u1ecdt, kh\u00f4ng qu\u00e1 b\u00e9o, ph\u00f9 h\u1ee3p cho c\u1ea3 nh\u1eefng ai y\u00eau th\u00edch b\u00e1nh truy\u1ec1n th\u1ed1ng l\u1eabn nh\u1eefng ng\u01b0\u1eddi th\u00edch h\u01b0\u01a1ng v\u1ecb hi\u1ec7n \u0111\u1ea1i.<\/p>\n<p data-start=\"1406\" data-end=\"1996\"><img decoding=\"async\" class=\"aligncenter  wp-image-43093\" src=\"https:\/\/havamall.com\/wp-content\/uploads\/2025\/11\/chocolate_panettone2__17064.jpg\" alt=\"\" width=\"800\" height=\"800\" \/><\/p>\n<p data-start=\"1998\" data-end=\"2426\">Panettone Socola gi\u1eef nguy\u00ean k\u1ebft c\u1ea5u \u201cm\u1edd \u1ea3o\u201d \u0111\u1eb7c tr\u01b0ng c\u1ee7a d\u00f2ng b\u00e1nh Panettone: nh\u1eb9, m\u1ec1m, x\u1ed1p v\u00e0 c\u00f3 \u0111\u1ed9 \u1ea9m t\u1ef1 nhi\u00ean. Khi th\u01b0\u1edfng th\u1ee9c, b\u00e1nh g\u1ea7n nh\u01b0 tan ra, \u0111\u1ec3 l\u1ea1i d\u01b0 v\u1ecb socola d\u1ecbu nh\u1eb9 ch\u1ee9 kh\u00f4ng g\u1eaft.\u00a0D\u00f9ng tr\u1ef1c ti\u1ebfp \u0111\u1ec3 c\u1ea3m nh\u1eadn r\u00f5 h\u01b0\u01a1ng socola v\u00e0 c\u1ea5u tr\u00fac m\u1ec1m x\u1ed1p; ho\u1eb7c k\u1ebft h\u1ee3p c\u00f9ng tr\u00e0 n\u00f3ng, c\u00e0 ph\u00ea, cacao ho\u1eb7c s\u1eefa t\u01b0\u01a1i \u0111\u1ec3 t\u0103ng \u0111\u1ed9 h\u00e0i h\u00f2a. N\u1ebfu mu\u1ed1n m\u00f3n b\u00e1nh phong ph\u00fa h\u01a1n, c\u00f3 th\u1ec3 c\u1eaft l\u00e1t v\u00e0 n\u01b0\u1edbng l\u1ea1i nh\u1eb9, b\u00e1nh s\u1ebd d\u1eady th\u01a1m h\u01a1n v\u00e0 socola m\u1ec1m tan r\u00f5 h\u01a1n. Ngo\u00e0i ra, Panettone Socola c\u0169ng c\u00f3 th\u1ec3 d\u00f9ng l\u00e0m nguy\u00ean li\u1ec7u cho m\u00f3n tr\u00e1ng mi\u1ec7ng nh\u01b0 b\u00e1nh pudding, tiramisu socola ho\u1eb7c \u0103n k\u00e8m kem vani.<\/p>\n<p data-start=\"2867\" data-end=\"3278\"><img loading=\"lazy\" decoding=\"async\" class=\"aligncenter  wp-image-43094\" src=\"https:\/\/havamall.com\/wp-content\/uploads\/2025\/11\/nwsrudio_d_625_01011500x1500-1.webp\" alt=\"\" width=\"800\" height=\"800\" \/><\/p>\n<p data-start=\"3280\" data-end=\"3619\">V\u1edbi Panettone Socola 100g, ng\u01b0\u1eddi th\u01b0\u1edfng th\u1ee9c kh\u00f4ng ch\u1ec9 tr\u1ea3i nghi\u1ec7m m\u1ed9t h\u01b0\u01a1ng v\u1ecb m\u1edbi m\u1ebb m\u00e0 c\u00f2n c\u1ea3m nh\u1eadn \u0111\u01b0\u1ee3c chi\u1ec1u s\u00e2u c\u1ee7a v\u0103n h\u00f3a \u1ea9m th\u1ef1c \u00dd, n\u01a1i m\u1ed7i chi ti\u1ebft \u0111\u1ec1u \u0111\u01b0\u1ee3c c\u00e2n nh\u1eafc \u0111\u1ec3 gi\u1eef tr\u1ecdn tinh th\u1ea7n th\u1ee7 c\u00f4ng. M\u1ed7i chi\u1ebfc b\u00e1nh nh\u01b0 m\u1ed9t phi\u00ean b\u1ea3n thu nh\u1ecf c\u1ee7a ng\u00e0y l\u1ec5 \u2013 nh\u1eb9 nh\u00e0ng, ng\u1ecdt d\u1ecbu, mang theo s\u1ef1 \u1ea5m \u00e1p r\u1ea5t ri\u00eang m\u00e0 Panettone lu\u00f4n \u0111em l\u1ea1i.<\/p>\n<p data-start=\"3621\" data-end=\"3758\"><strong data-start=\"3621\" data-end=\"3758\">B\u00e1nh Panettone Socola Nh\u1eadp Kh\u1ea9u \u00dd Chiostro di Saronno 100g \u2013 Chiostro di Saronno Chocolate Panettone hi\u1ec7n \u0111ang \u0111\u01b0\u1ee3c b\u00e1n t\u1ea1i Havamall.<\/strong><\/p>","protected":false},"excerpt":{"rendered":"<p>TH\u00d4NG TIN CHUNG Th\u01b0\u01a1ng hi\u1ec7u Chiostro Di Saronno Xu\u1ea5t x\u1ee9 \u00dd (Italy) Th\u00e0nh ph\u1ea7n Xem tr\u1ef1c ti\u1ebfp tr\u00ean bao b\u00ec<\/p>","protected":false},"featured_media":43338,"comment_status":"open","ping_status":"closed","template":"","meta":[],"product_brand":[],"product_cat":[672,133],"product_tag":[],"class_list":{"0":"post-43337","1":"product","2":"type-product","3":"status-publish","4":"has-post-thumbnail","6":"product_cat-nhap-khau-y","7":"product_cat-banh-keo-chocolate","9":"first","10":"instock","11":"sale","12":"shipping-taxable","13":"purchasable","14":"product-type-simple"},"_links":{"self":[{"href":"https:\/\/havamall.vn\/en\/wp-json\/wp\/v2\/product\/43337"}],"collection":[{"href":"https:\/\/havamall.vn\/en\/wp-json\/wp\/v2\/product"}],"about":[{"href":"https:\/\/havamall.vn\/en\/wp-json\/wp\/v2\/types\/product"}],"replies":[{"embeddable":true,"href":"https:\/\/havamall.vn\/en\/wp-json\/wp\/v2\/comments?post=43337"}],"version-history":[{"count":0,"href":"https:\/\/havamall.vn\/en\/wp-json\/wp\/v2\/product\/43337\/revisions"}],"wp:featuredmedia":[{"embeddable":true,"href":"https:\/\/havamall.vn\/en\/wp-json\/wp\/v2\/media\/43338"}],"wp:attachment":[{"href":"https:\/\/havamall.vn\/en\/wp-json\/wp\/v2\/media?parent=43337"}],"wp:term":[{"taxonomy":"product_brand","embeddable":true,"href":"https:\/\/havamall.vn\/en\/wp-json\/wp\/v2\/product_brand?post=43337"},{"taxonomy":"product_cat","embeddable":true,"href":"https:\/\/havamall.vn\/en\/wp-json\/wp\/v2\/product_cat?post=43337"},{"taxonomy":"product_tag","embeddable":true,"href":"https:\/\/havamall.vn\/en\/wp-json\/wp\/v2\/product_tag?post=43337"}],"curies":[{"name":"wp","href":"https:\/\/api.w.org\/{rel}","templated":true}]}}