{"id":43334,"date":"2025-11-01T11:16:53","date_gmt":"2025-11-01T04:16:53","guid":{"rendered":"https:\/\/havamall.vn\/?post_type=product&#038;p=43334"},"modified":"2025-11-01T11:16:53","modified_gmt":"2025-11-01T04:16:53","slug":"banh-panettone-mini-nhap-khau-y-chiostro-di-saronno-100g-chiostro-di-saronno-panettone","status":"publish","type":"product","link":"https:\/\/havamall.vn\/en\/shop\/banh-panettone-mini-nhap-khau-y-chiostro-di-saronno-100g-chiostro-di-saronno-panettone\/","title":{"rendered":"B\u00e1nh Panettone Mini Nh\u1eadp Kh\u1ea9u \u00dd Chiostro di Saronno 100g \u2013 Chiostro di Saronno Panettone"},"content":{"rendered":"<blockquote>\n<h2><em><strong>TH\u00d4NG TIN CHUNG<\/strong><\/em><\/h2>\n<\/blockquote>\n<table style=\"width: 60.4729%;height: 161px\">\n<tbody>\n<tr>\n<td><b>Th\u01b0\u01a1ng hi\u1ec7u<\/b><\/td>\n<td>Chiostro Di Saronno<\/td>\n<\/tr>\n<tr>\n<td><b>Xu\u1ea5t x\u1ee9<\/b><\/td>\n<td>\u00dd (Italy)<\/td>\n<\/tr>\n<tr>\n<td><b>Th\u00e0nh ph\u1ea7n<\/b><\/td>\n<td>Xem tr\u1ef1c ti\u1ebfp tr\u00ean bao b\u00ec<\/td>\n<\/tr>\n<tr>\n<td><b>H\u1ea1n s\u1eed d\u1ee5ng<\/b><\/td>\n<td>Xem tr\u1ef1c ti\u1ebfp tr\u00ean bao b\u00ec<\/td>\n<\/tr>\n<tr>\n<td><b>B\u1ea3o qu\u1ea3n<\/b><\/td>\n<td>B\u1ea3o qu\u1ea3n \u0111\u00f4ng ho\u1eb7c ng\u0103n m\u00e1t t\u1ee7 l\u1ea1nh<\/td>\n<\/tr>\n<tr>\n<td><b>Kh\u1ed1i l\u01b0\u1ee3ng<\/b><\/td>\n<td>100g<\/td>\n<\/tr>\n<\/tbody>\n<\/table>\n<p style=\"text-align: justify\" data-start=\"487\" data-end=\"1125\"><strong><em>Panettone<\/em>\u00a0<\/strong>t\u1eeb l\u00e2u \u0111\u00e3 \u0111\u01b0\u1ee3c xem nh\u01b0 bi\u1ec3u t\u01b0\u1ee3ng ng\u1ecdt ng\u00e0o c\u1ee7a m\u00f9a l\u1ec5 h\u1ed9i \u00dd, \u0111\u1eb7c bi\u1ec7t l\u00e0 Gi\u00e1ng Sinh v\u00e0 N\u0103m M\u1edbi. D\u00f2ng b\u00e1nh Panettone c\u1ee7a\u00a0<strong data-start=\"618\" data-end=\"641\">Chiostro di Saronno<\/strong>\u00a0l\u1ea1i c\u00e0ng mang \u0111\u1eadm t\u00ednh truy\u1ec1n th\u1ed1ng h\u01a1n, b\u1edfi th\u01b0\u01a1ng hi\u1ec7u n\u00e0y n\u1ed5i ti\u1ebfng v\u1edbi c\u00e1ch gi\u1eef nguy\u00ean c\u00f4ng th\u1ee9c c\u1ed5 \u0111i\u1ec3n theo \u0111\u00fang ph\u01b0\u01a1ng ph\u00e1p th\u1ee7 c\u00f4ng \u00dd: b\u1ed9t \u0111\u01b0\u1ee3c \u1ee7 men t\u1ef1 nhi\u00ean trong nhi\u1ec1u gi\u1edd, cho ph\u00e9p b\u00e1nh n\u1edf t\u1ef1 nhi\u00ean v\u00e0 t\u1ea1o ra c\u1ea5u tr\u00fac s\u1ee3i m\u1ec1m m\u1ecbn \u0111\u1eb7c tr\u01b0ng m\u00e0 kh\u00f4ng d\u00f2ng b\u00e1nh c\u00f4ng nghi\u1ec7p n\u00e0o c\u00f3 th\u1ec3 thay th\u1ebf. Phi\u00ean b\u1ea3n Panettone mini 100g mang \u0111\u1ebfn tr\u1ea3i nghi\u1ec7m tr\u1ecdn v\u1eb9n c\u1ee7a m\u1ed9t chi\u1ebfc b\u00e1nh Panettone ho\u00e0n ch\u1ec9nh nh\u01b0ng g\u1ecdn g\u00e0ng, ph\u00f9 h\u1ee3p l\u00e0m qu\u00e0 t\u1eb7ng hay th\u01b0\u1edfng th\u1ee9c nh\u01b0 m\u00f3n ng\u1ecdt nh\u1eb9 cu\u1ed1i ng\u00e0y.<\/p>\n<p data-start=\"487\" data-end=\"1125\"><img fetchpriority=\"high\" decoding=\"async\" class=\"aligncenter  wp-image-43083\" src=\"https:\/\/havamall.com\/wp-content\/uploads\/2025\/11\/468572695_1607589263499048_2120865856658316528_n.jpg\" alt=\"\" width=\"801\" height=\"801\" \/><\/p>\n<p style=\"text-align: justify\" data-start=\"1127\" data-end=\"1688\">\u0110i\u1ec3m t\u1ea1o n\u00ean s\u1ef1 kh\u00e1c bi\u1ec7t c\u1ee7a Panettone Chiostro di Saronno n\u1eb1m \u1edf nguy\u00ean li\u1ec7u \u0111\u01b0\u1ee3c ch\u1ecdn c\u1ea9n th\u1eadn v\u00e0 quy tr\u00ecnh \u1ee7 ch\u1eadm. Kh\u1ed1i b\u1ed9t \u0111\u01b0\u1ee3c ph\u1ed1i t\u1eeb b\u1ed9t m\u00ec gi\u00e0u gluten, b\u01a1 ch\u00e2u \u00c2u, tr\u1ee9ng v\u00e0 men t\u1ef1 nhi\u00ean; sau khi nh\u00e0o, b\u1ed9t \u0111\u01b0\u1ee3c \u1ee7 nhi\u1ec1u l\u1ea7n \u0111\u1ec3 t\u1ea1o n\u00ean th\u1edb b\u00e1nh k\u00e9o s\u1ee3i, m\u1ec1m, x\u1ed1p v\u00e0 c\u00f3 \u0111\u1ed9 \u0111\u00e0n h\u1ed3i t\u1ef1 nhi\u00ean. Khi b\u1ebb nh\u1eb9, b\u00e1nh t\u00e1ch l\u1edbp th\u00e0nh t\u1eebng m\u00fai m\u1ec1m, l\u1ed9 ra m\u00e0u v\u00e0ng d\u1ecbu c\u1ee7a tr\u1ee9ng v\u00e0 b\u01a1 \u2013 d\u1ea5u hi\u1ec7u c\u1ee7a m\u1ed9t chi\u1ebfc Panettone chu\u1ea9n \u00dd. M\u00f9i th\u01a1m lan t\u1ecfa khi v\u1eeba b\u00f3c l\u1edbp gi\u1ea5y g\u00f3i \u0111\u00e3 \u0111\u1ee7 \u0111\u1ec3 c\u1ea3m nh\u1eadn s\u1ef1 tinh t\u1ebf c\u1ee7a chi\u1ebfc b\u00e1nh n\u00e0y: d\u1ecbu, kh\u00f4ng g\u1eaft, h\u00e0i h\u00f2a gi\u1eefa b\u01a1, vani v\u00e0 tr\u00e1i c\u00e2y.<\/p>\n<p data-start=\"1127\" data-end=\"1688\"><img decoding=\"async\" class=\"aligncenter  wp-image-43084\" src=\"https:\/\/havamall.com\/wp-content\/uploads\/2025\/11\/internal_1671896414471.jpg\" alt=\"\" width=\"802\" height=\"802\" \/><\/p>\n<p style=\"text-align: justify\" data-start=\"1690\" data-end=\"2244\">Panettone Mini 100g c\u1ee7a Chiostro di Saronno k\u1ebft h\u1ee3p nho kh\u00f4 v\u00e0 v\u1ecf cam candied \u2013 hai th\u00e0nh ph\u1ea7n truy\u1ec1n th\u1ed1ng t\u1ea1o n\u00ean h\u01b0\u01a1ng v\u1ecb kh\u00f3 nh\u1ea7m l\u1eabn. Nho kh\u00f4 \u0111\u01b0\u1ee3c ng\u00e2m m\u1ec1m \u0111\u1ec3 gi\u1eef \u0111\u1ed9 \u1ea9m, khi \u0103n cho c\u1ea3m gi\u00e1c ng\u1ecdt t\u1ef1 nhi\u00ean, h\u00f2a v\u00e0o t\u1eebng th\u1edb b\u00e1nh kh\u00f4ng b\u1ecb t\u00e1ch r\u1eddi. V\u1ecf cam \u0111\u01b0\u1ee3c c\u1eaft nh\u1ecf, \u01b0\u1edbp theo ph\u01b0\u01a1ng ph\u00e1p c\u1ed5 \u0111i\u1ec3n \u0111\u1ec3 gi\u1eef l\u1ea1i tinh d\u1ea7u t\u1ef1 nhi\u00ean, mang l\u1ea1i m\u00f9i th\u01a1m citrus nh\u1eb9, gi\u00fap t\u1ed5ng th\u1ec3 m\u00f3n b\u00e1nh tr\u1edf n\u00ean s\u00e1ng v\u1ecb v\u00e0 thanh h\u01a1n. S\u1ef1 k\u1ebft h\u1ee3p n\u00e0y t\u1ea1o ra h\u01b0\u01a1ng v\u1ecb c\u00e2n b\u1eb1ng: kh\u00f4ng qu\u00e1 ng\u1ecdt, kh\u00f4ng qu\u00e1 b\u00e9o m\u00e0 v\u1eabn \u0111\u1ee7 \u0111\u1eadm \u0111\u00e0 \u0111\u1ec3 tr\u1edf th\u00e0nh m\u00f3n b\u00e1nh g\u1eafn li\u1ec1n v\u1edbi kh\u00f4ng kh\u00ed l\u1ec5 h\u1ed9i.<\/p>\n<p data-start=\"1690\" data-end=\"2244\"><img decoding=\"async\" class=\"aligncenter  wp-image-43085\" src=\"https:\/\/havamall.com\/wp-content\/uploads\/2025\/11\/internal_1671896221821.jpg\" alt=\"\" width=\"801\" height=\"801\" \/><\/p>\n<p style=\"text-align: justify\" data-start=\"2246\" data-end=\"2736\">C\u1ea5u tr\u00fac b\u00e1nh Panettone mang t\u00ednh bi\u1ec3u t\u01b0\u1ee3ng: m\u1ec1m x\u1ed1p, nh\u1eb9 v\u00e0 c\u00f3 \u0111\u1ed9 \u1ea9m t\u1ef1 nhi\u00ean khi c\u1eafn v\u00e0o. B\u00e1nh kh\u00f4ng \u0111\u1eb7c, kh\u00f4ng \u01b0\u1edbt m\u00e0 tan nh\u1eb9, \u0111\u1ec3 l\u1ea1i d\u01b0 v\u1ecb d\u1ecbu c\u1ee7a b\u01a1 v\u00e0 tr\u00e1i c\u00e2y. Ch\u00ednh v\u00ec th\u1ebf, Panettone tr\u1edf n\u00ean ph\u00f9 h\u1ee3p cho c\u1ea3 tr\u1ebb nh\u1ecf v\u00e0 ng\u01b0\u1eddi l\u1edbn, d\u00f9ng k\u00e8m tr\u00e0, c\u00e0 ph\u00ea ho\u1eb7c chocolate n\u00f3ng \u0111\u1ec1u r\u1ea5t h\u00e0i h\u00f2a. Nhi\u1ec1u ng\u01b0\u1eddi c\u00f2n s\u1eed d\u1ee5ng Panettone nh\u01b0 nguy\u00ean li\u1ec7u l\u00e0m m\u00f3n tr\u00e1ng mi\u1ec7ng: n\u01b0\u1edbng l\u1ea1i nh\u1eb9 \u0111\u1ec3 t\u0103ng \u0111\u1ed9 th\u01a1m, d\u00f9ng l\u00e0m \u0111\u1ebf b\u00e1nh pudding, tiramisu phi\u00ean b\u1ea3n l\u1ec5 h\u1ed9i, ho\u1eb7c c\u1eaft nh\u1ecf \u0111\u1ec3 \u0103n c\u00f9ng kem gelato vani.<\/p>\n<p data-start=\"2738\" data-end=\"3279\"><img loading=\"lazy\" decoding=\"async\" class=\"aligncenter  wp-image-43086\" src=\"https:\/\/havamall.com\/wp-content\/uploads\/2025\/11\/internal_1671896559179.jpg\" alt=\"\" width=\"800\" height=\"800\" \/><\/p>\n<p style=\"text-align: justify\" data-start=\"3281\" data-end=\"3694\">Khi th\u01b0\u1edfng th\u1ee9c Panettone, t\u1ed1t nh\u1ea5t l\u00e0 d\u00f9ng \u1edf nhi\u1ec7t \u0111\u1ed9 ph\u00f2ng \u0111\u1ec3 b\u00e1nh \u0111\u1ea1t \u0111\u1ed9 m\u1ec1m t\u1ed1i \u01b0u. C\u00f3 th\u1ec3 c\u1eaft th\u00e0nh l\u00e1t ho\u1eb7c x\u00e9 nh\u1ecf t\u00f9y s\u1edf th\u00edch. N\u1ebfu mu\u1ed1n h\u01b0\u01a1ng v\u1ecb \u0111\u1eadm h\u01a1n, c\u00f3 th\u1ec3 h\u00e2m b\u00e1nh trong v\u00e0i gi\u00e2y \u0111\u1ec3 b\u01a1 v\u00e0 tinh d\u1ea7u tr\u00e1i c\u00e2y t\u1ecfa m\u00f9i r\u00f5 r\u1ec7t h\u01a1n. M\u1ed9t s\u1ed1 ng\u01b0\u1eddi y\u00eau th\u00edch k\u1ebft h\u1ee3p c\u00f9ng b\u01a1 l\u1ea1t, m\u1ee9t cam, kem mascarpone ho\u1eb7c \u0111\u01a1n gi\u1ea3n l\u00e0 ly tr\u00e0 n\u00f3ng \u2013 t\u1ea5t c\u1ea3 \u0111\u1ec1u gi\u00fap l\u00e0m n\u1ed5i b\u1eadt \u0111\u1ed9 m\u1ec1m, th\u01a1m v\u00e0 v\u1ecb tr\u00e1i c\u00e2y t\u1ef1 nhi\u00ean c\u1ee7a b\u00e1nh.<\/p>\n<p data-start=\"3281\" data-end=\"3694\"><img loading=\"lazy\" decoding=\"async\" class=\"aligncenter  wp-image-43087\" src=\"https:\/\/havamall.com\/wp-content\/uploads\/2025\/11\/Panetone.jpg\" alt=\"\" width=\"798\" height=\"532\" \/><\/p>\n<p style=\"text-align: justify\" data-start=\"3696\" data-end=\"4075\">V\u1edbi Panettone Chiostro di Saronno, ng\u01b0\u1eddi th\u01b0\u1edfng th\u1ee9c kh\u00f4ng ch\u1ec9 \u0103n m\u1ed9t chi\u1ebfc b\u00e1nh m\u00e0 c\u00f2n c\u1ea3m nh\u1eadn c\u1ea3 truy\u1ec1n th\u1ed1ng l\u00e2u \u0111\u1eddi c\u1ee7a \u1ea9m th\u1ef1c \u00dd, n\u01a1i m\u1ed7i kh\u00e2u trong qu\u00e1 tr\u00ecnh l\u00e0m b\u00e1nh \u0111\u1ec1u \u0111\u01b0\u1ee3c ch\u0103m ch\u00fat t\u1ec9 m\u1ec9 \u0111\u1ec3 gi\u1eef tr\u1ecdn h\u01b0\u01a1ng v\u1ecb c\u1ed5 \u0111i\u1ec3n. M\u1ed7i chi\u1ebfc Panettone mini nh\u01b0 m\u1ed9t phi\u00ean b\u1ea3n thu nh\u1ecf c\u1ee7a m\u00f9a l\u1ec5 h\u1ed9i \u2013 nh\u1eb9 nh\u00e0ng, ng\u1ecdt ng\u00e0o v\u00e0 mang trong m\u00ecnh n\u00e9t tinh t\u1ebf r\u1ea5t ri\u00eang c\u1ee7a \u1ea9m th\u1ef1c ch\u00e2u \u00c2u.<\/p>\n<p data-start=\"4077\" data-end=\"4202\"><strong data-start=\"4077\" data-end=\"4202\">B\u00e1nh Panettone Mini Nh\u1eadp Kh\u1ea9u \u00dd Chiostro di Saronno 100g \u2013 Chiostro di Saronno Panettone hi\u1ec7n \u0111ang \u0111\u01b0\u1ee3c b\u00e1n t\u1ea1i Havamall.<\/strong><\/p>","protected":false},"excerpt":{"rendered":"<p>TH\u00d4NG TIN CHUNG Th\u01b0\u01a1ng hi\u1ec7u Chiostro Di Saronno Xu\u1ea5t x\u1ee9 \u00dd (Italy) Th\u00e0nh ph\u1ea7n Xem tr\u1ef1c ti\u1ebfp tr\u00ean bao b\u00ec<\/p>","protected":false},"featured_media":43335,"comment_status":"open","ping_status":"closed","template":"","meta":[],"product_brand":[],"product_cat":[672,133],"product_tag":[],"class_list":{"0":"post-43334","1":"product","2":"type-product","3":"status-publish","4":"has-post-thumbnail","6":"product_cat-nhap-khau-y","7":"product_cat-banh-keo-chocolate","9":"first","10":"instock","11":"sale","12":"shipping-taxable","13":"purchasable","14":"product-type-simple"},"_links":{"self":[{"href":"https:\/\/havamall.vn\/en\/wp-json\/wp\/v2\/product\/43334"}],"collection":[{"href":"https:\/\/havamall.vn\/en\/wp-json\/wp\/v2\/product"}],"about":[{"href":"https:\/\/havamall.vn\/en\/wp-json\/wp\/v2\/types\/product"}],"replies":[{"embeddable":true,"href":"https:\/\/havamall.vn\/en\/wp-json\/wp\/v2\/comments?post=43334"}],"version-history":[{"count":0,"href":"https:\/\/havamall.vn\/en\/wp-json\/wp\/v2\/product\/43334\/revisions"}],"wp:featuredmedia":[{"embeddable":true,"href":"https:\/\/havamall.vn\/en\/wp-json\/wp\/v2\/media\/43335"}],"wp:attachment":[{"href":"https:\/\/havamall.vn\/en\/wp-json\/wp\/v2\/media?parent=43334"}],"wp:term":[{"taxonomy":"product_brand","embeddable":true,"href":"https:\/\/havamall.vn\/en\/wp-json\/wp\/v2\/product_brand?post=43334"},{"taxonomy":"product_cat","embeddable":true,"href":"https:\/\/havamall.vn\/en\/wp-json\/wp\/v2\/product_cat?post=43334"},{"taxonomy":"product_tag","embeddable":true,"href":"https:\/\/havamall.vn\/en\/wp-json\/wp\/v2\/product_tag?post=43334"}],"curies":[{"name":"wp","href":"https:\/\/api.w.org\/{rel}","templated":true}]}}