{"id":43329,"date":"2025-10-31T16:32:45","date_gmt":"2025-10-31T09:32:45","guid":{"rendered":"https:\/\/havamall.vn\/?post_type=product&#038;p=43329"},"modified":"2025-10-31T16:32:45","modified_gmt":"2025-10-31T09:32:45","slug":"banh-mochi-kem-lanh-vi-dau-yukimi-daifuku-270ml-lotte-japanese-mochi-frozen-dessert-strawberry","status":"publish","type":"product","link":"https:\/\/havamall.vn\/en\/shop\/banh-mochi-kem-lanh-vi-dau-yukimi-daifuku-270ml-lotte-japanese-mochi-frozen-dessert-strawberry\/","title":{"rendered":"B\u00e1nh Mochi Kem L\u1ea1nh V\u1ecb D\u00e2u Yukimi Daifuku 270ml \u2013 Lotte Japanese Mochi Frozen Dessert Strawberry"},"content":{"rendered":"<blockquote>\n<h2><em><strong>TH\u00d4NG TIN CHUNG<\/strong><\/em><\/h2>\n<\/blockquote>\n<table style=\"width: 55.9018%;height: 166px\">\n<tbody>\n<tr>\n<td><b>Th\u01b0\u01a1ng hi\u1ec7u<\/b><\/td>\n<td>Lotte<\/td>\n<\/tr>\n<tr>\n<td><b>Xu\u1ea5t x\u1ee9<\/b><\/td>\n<td>Nh\u1eadt B\u1ea3n<\/td>\n<\/tr>\n<tr>\n<td><b>Th\u00e0nh ph\u1ea7n<\/b><\/td>\n<td>Xem tr\u1ef1c ti\u1ebfp tr\u00ean bao b\u00ec<\/td>\n<\/tr>\n<tr>\n<td><b>H\u1ea1n s\u1eed d\u1ee5ng<\/b><\/td>\n<td>Xem tr\u1ef1c ti\u1ebfp tr\u00ean bao b\u00ec<\/td>\n<\/tr>\n<tr>\n<td><b>B\u1ea3o qu\u1ea3n<\/b><\/td>\n<td>B\u1ea3o qu\u1ea3n \u0111\u00f4ng ho\u1eb7c ng\u0103n m\u00e1t t\u1ee7 l\u1ea1nh<\/td>\n<\/tr>\n<tr>\n<td><b>Kh\u1ed1i l\u01b0\u1ee3ng<\/b><\/td>\n<td>270ml<\/td>\n<\/tr>\n<\/tbody>\n<\/table>\n<p data-start=\"3568\" data-end=\"4119\">Yukimi c\u1ee7a Lotte lu\u00f4n \u0111\u01b0\u1ee3c bi\u1ebft \u0111\u1ebfn nh\u1edd s\u1ef1 k\u1ebft h\u1ee3p h\u00e0i h\u00f2a gi\u1eefa truy\u1ec1n th\u1ed1ng v\u00e0 hi\u1ec7n \u0111\u1ea1i: l\u1edbp mochi m\u1ec1m d\u1ebbo mang d\u1ea5u \u1ea5n c\u1ee7a b\u00e1nh n\u1ebfp Nh\u1eadt c\u1ed5 \u0111i\u1ec3n, h\u00f2a c\u00f9ng ph\u1ea7n kem l\u1ea1nh \u0111\u01b0\u1ee3c l\u00e0m theo ti\u00eau chu\u1ea9n cao \u0111\u1ec3 gi\u1eef \u0111\u1ed9 m\u01b0\u1ee3t ngay khi \u0111\u00f4ng s\u00e2u. M\u1ed7i vi\u00ean mochi l\u1ea1nh \u0111\u01b0\u1ee3c t\u1ea1o h\u00ecnh tr\u00f2n \u0111\u1ec1u, l\u1edbp mochi nh\u00e0o theo t\u1ec9 l\u1ec7 \u1ea9m t\u1ed1i \u01b0u nh\u1eb1m duy tr\u00ec \u0111\u1ed9 m\u1ec1m ngay c\u1ea3 sau khi r\u00e3 \u0111\u00f4ng, \u0111\u1ed3ng th\u1eddi ph\u1ee7 l\u1edbp b\u1ed9t \u00e1o m\u1ecfng \u0111\u1ec3 vi\u00ean b\u00e1nh kh\u00f4ng d\u00ednh m\u00e0 v\u1eabn gi\u1eef \u0111\u01b0\u1ee3c k\u1ebft c\u1ea5u m\u01b0\u1ee3t. \u0110\u00e2y ch\u00ednh l\u00e0 n\u1ec1n t\u1ea3ng t\u1ea1o n\u00ean c\u1ea3m gi\u00e1c \u201cd\u1ebbo \u2013 l\u1ea1nh \u2013 m\u1ecbn\u201d \u0111\u1eb7c tr\u01b0ng c\u1ee7a Yukimi trong su\u1ed1t h\u01a1n 40 n\u0103m t\u1ed3n t\u1ea1i.<\/p>\n<p data-start=\"3568\" data-end=\"4119\"><img fetchpriority=\"high\" decoding=\"async\" class=\"aligncenter  wp-image-42844\" src=\"https:\/\/havamall.com\/wp-content\/uploads\/2025\/10\/476557233_547258775034619_1290421375337364592_n.jpg\" alt=\"\" width=\"800\" height=\"800\" \/><\/p>\n<p data-start=\"4121\" data-end=\"4706\">V\u1edbi\u00a0<strong data-start=\"4125\" data-end=\"4146\">Yukimi Strawberry<\/strong>, s\u1ef1 n\u1ed5i b\u1eadt \u0111\u1ebfn t\u1eeb ph\u1ea7n nh\u00e2n kem d\u00e2u m\u00e0u h\u1ed3ng nh\u1ea1t, \u0111\u01b0\u1ee3c ph\u1ed1i t\u1eeb s\u1eefa v\u00e0 chi\u1ebft xu\u1ea5t d\u00e2u \u0111\u1ec3 t\u1ea1o n\u00ean h\u01b0\u01a1ng v\u1ecb ng\u1ecdt d\u1ecbu nh\u01b0ng v\u1eabn gi\u1eef \u0111\u01b0\u1ee3c ch\u00fat chua thanh r\u1ea5t \u0111\u1eb7c tr\u01b0ng c\u1ee7a tr\u00e1i d\u00e2u t\u01b0\u01a1i. Khi c\u1eafn v\u00e0o, c\u00f3 th\u1ec3 c\u1ea3m nh\u1eadn r\u00f5 s\u1eafc th\u00e1i h\u01b0\u01a1ng v\u1ecb: v\u1ecb d\u00e2u m\u1edf \u0111\u1ea7u b\u1eb1ng m\u00f9i th\u01a1m t\u1ef1 nhi\u00ean nh\u1eb9 nh\u00e0ng, ti\u1ebfp theo l\u00e0 l\u1edbp kem m\u00e1t m\u1ec1m tan \u0111\u1ec1u trong mi\u1ec7ng, \u0111\u1ec3 l\u1ea1i h\u1eadu v\u1ecb t\u01b0\u01a1i s\u00e1ng v\u00e0 kh\u00f4ng g\u00e2y ng\u1ea5y. Kh\u00e1c v\u1edbi nhi\u1ec1u lo\u1ea1i kem d\u00e2u th\u01b0\u1eddng qu\u00e1 ng\u1ecdt ho\u1eb7c n\u1eb7ng m\u00f9i h\u01b0\u01a1ng li\u1ec7u, Yukimi Strawberry mang phong c\u00e1ch tinh t\u1ebf v\u00e0 nh\u1eb9 nh\u01b0 nh\u1eefng m\u00f3n b\u00e1nh Nh\u1eadt v\u1ed1n h\u01b0\u1edbng \u0111\u1ebfn s\u1ef1 h\u00e0i h\u00f2a v\u00e0 thanh khi\u1ebft.<\/p>\n<p data-start=\"4121\" data-end=\"4706\"><img decoding=\"async\" class=\"aligncenter  wp-image-43077\" src=\"https:\/\/havamall.com\/wp-content\/uploads\/2025\/10\/474607203_533491963077967_8965342330111874535_n.jpg\" alt=\"\" width=\"800\" height=\"800\" \/><\/p>\n<p data-start=\"4997\" data-end=\"5478\">Nh\u01b0 c\u00e1c v\u1ecb Yukimi kh\u00e1c, b\u00e1nh n\u00ean \u0111\u01b0\u1ee3c l\u1ea5y ra kh\u1ecfi ng\u0103n \u0111\u00f4ng v\u00e0 \u0111\u1ec3 r\u00e3 trong 3\u20135 ph\u00fat. Khi \u0111\u1ea1t \u0111\u1ed9 m\u1ec1m l\u00fd t\u01b0\u1edfng, l\u1edbp mochi g\u1ea7n nh\u01b0 tan m\u1ec1m khi ch\u1ea1m m\u00f4i, trong khi ph\u1ea7n kem b\u00ean trong gi\u1eef \u0111\u01b0\u1ee3c \u0111\u1ed9 l\u1ea1nh m\u00e1t \u0111\u1ee7 \u0111\u1ec3 mang l\u1ea1i c\u1ea3m gi\u00e1c s\u1ea3ng kho\u00e1i. Yukimi Strawberry c\u0169ng r\u1ea5t ph\u00f9 h\u1ee3p \u0111\u1ec3 k\u1ebft h\u1ee3p trong c\u00e1c m\u00f3n tr\u00e1ng mi\u1ec7ng kh\u00e1c: th\u00eam v\u00e0o ly yogurt, parfait tr\u00e1i c\u00e2y, k\u1ebft h\u1ee3p c\u00f9ng b\u00e1nh x\u1ed1p ho\u1eb7c \u0103n k\u00e8m panna cotta. V\u1ecb d\u00e2u t\u01b0\u01a1i s\u00e1ng c\u1ee7a n\u00f3 gi\u00fap m\u00f3n tr\u00e1ng mi\u1ec7ng tr\u1edf n\u00ean n\u1ed5i b\u1eadt v\u00e0 gi\u00e0u s\u1eafc th\u00e1i h\u01a1n.<\/p>\n<p data-start=\"4997\" data-end=\"5478\"><img decoding=\"async\" class=\"aligncenter  wp-image-42846\" src=\"https:\/\/havamall.com\/wp-content\/uploads\/2025\/10\/474586018_533491759744654_1481083279225315874_n.jpg\" alt=\"\" width=\"801\" height=\"801\" \/><\/p>\n<p data-start=\"5480\" data-end=\"5850\">\u0110i\u1ec3m m\u1ea1nh c\u1ee7a Yukimi Strawberry l\u00e0 m\u1ee9c \u0111\u1ed9 v\u1eeba ph\u1ea3i c\u1ee7a m\u1ecdi y\u1ebfu t\u1ed1: ng\u1ecdt v\u1eeba, b\u00e9o nh\u1eb9, th\u01a1m t\u1ef1 nhi\u00ean. D\u00f9 \u0103n m\u1ed9t vi\u00ean hay nhi\u1ec1u vi\u00ean, h\u01b0\u01a1ng v\u1ecb v\u1eabn d\u1ec5 ch\u1ecbu v\u00e0 kh\u00f4ng g\u00e2y c\u1ea3m gi\u00e1c n\u1eb7ng b\u1ee5ng. \u0110\u00e2y l\u00e0 \u0111i\u1ec1u khi\u1ebfn Yukimi tr\u1edf th\u00e0nh m\u00f3n tr\u00e1ng mi\u1ec7ng l\u00fd t\u01b0\u1edfng cho c\u1ea3 tr\u1ebb em v\u00e0 ng\u01b0\u1eddi l\u1edbn, \u0111\u1eb7c bi\u1ec7t l\u00e0 nh\u1eefng ai y\u00eau th\u00edch v\u1ecb tr\u00e1i c\u00e2y nh\u01b0ng mu\u1ed1n s\u1ef1 tinh t\u1ebf \u0111\u1eb7c tr\u01b0ng c\u1ee7a \u0111\u1ed3 ng\u1ecdt Nh\u1eadt B\u1ea3n.<\/p>\n<p data-start=\"6126\" data-end=\"6356\">V\u1edbi s\u1eafc h\u1ed3ng nh\u1eb9, h\u01b0\u01a1ng th\u01a1m d\u1ec5 ch\u1ecbu v\u00e0 v\u1ecb d\u00e2u t\u01b0\u01a1i ng\u1ecdt thanh,\u00a0<strong data-start=\"6190\" data-end=\"6281\">Yukimi Strawberry \u0111em \u0111\u1ebfn m\u1ed9t c\u1ea3m gi\u00e1c vui t\u01b0\u01a1i, nh\u1eb9 nh\u00e0ng v\u00e0 r\u1ea5t \u201c\u0111\u00fang tinh th\u1ea7n Nh\u1eadt\u201d<\/strong>, ph\u00f9 h\u1ee3p d\u00f9ng sau m\u1ed7i b\u1eefa \u0103n ho\u1eb7c nh\u01b0 m\u00f3n ng\u1ecdt th\u01b0\u1edfng th\u1ee9c b\u1ea5t k\u1ef3 l\u00fac n\u00e0o.<\/p>\n<p data-start=\"6358\" data-end=\"6473\"><strong data-start=\"6358\" data-end=\"6473\">Yukimi Mochi L\u1ea1nh V\u1ecb D\u00e2u Nh\u1eadp Kh\u1ea9u Nh\u1eadt B\u1ea3n (9 vi\u00ean) \u2013 Lotte Yukimi Strawberry hi\u1ec7n \u0111ang \u0111\u01b0\u1ee3c b\u00e1n t\u1ea1i Havamall.<\/strong><\/p>","protected":false},"excerpt":{"rendered":"<p><b>L\u01afU \u00dd QUAN TR\u1eccNG:\u00a0\u0110\u00c2Y L\u00c0 S\u1ea2N PH\u1ea8M \u0110\u00d4NG L\u1ea0NH<\/b><\/p>\n<ul>\n<li>\u0110\u1ec3 \u0111\u1ea3m b\u1ea3o ch\u1ea5t l\u01b0\u1ee3ng, c\u00e1c s\u1ea3n ph\u1ea9m tr\u00e1i c\u00e2y \u0111\u00f4ng l\u1ea1nh v\u00e0 \u0111\u1ed3 \u0111\u00f4ng l\u1ea1nh\u00a0<b>ch\u1ec9 \u0111\u01b0\u1ee3c giao h\u1ecfa t\u1ed1c<\/b>\u00a0trong khu v\u1ef1c\u00a0<strong>TP.HCM<\/strong>.<\/li>\n<li><b>Ph\u00ed ship:<\/b>\n<ul>\n<li>D\u01b0\u1edbi 5km: 30.000\u20ab<\/li>\n<li>Tr\u00ean 5km: Ph\u00ed giao h\u00e0ng s\u1ebd t\u00ednh theo gi\u00e1 c\u1ee7a \u1ee9ng d\u1ee5ng d\u1ecbch v\u1ee5 v\u1eadn chuy\u1ec3n.<\/li>\n<\/ul>\n<\/li>\n<li><b>\u0110\u1ecba ch\u1ec9 c\u1eeda h\u00e0ng:<\/b>\u00a0H\u1ebbm 112, s\u1ed1 114A B\u1ea1ch \u0110\u1eb1ng, Ph\u01b0\u1eddng 2, Qu\u1eadn T\u00e2n B\u00ecnh. B\u1ea1n c\u00f3 th\u1ec3 ki\u1ec3m tra kho\u1ea3ng c\u00e1ch tr\u01b0\u1edbc khi \u0111\u1eb7t h\u00e0ng.<\/li>\n<li><b>Mi\u1ec5n ph\u00ed giao h\u00e0ng:<\/b>\u00a0\u00c1p d\u1ee5ng cho \u0111\u01a1n h\u00e0ng tr\u00e1i c\u00e2y \u0111\u00f4ng l\u1ea1nh t\u1eeb 4kg ho\u1eb7c c\u00f3 gi\u00e1 tr\u1ecb t\u1eeb 1.500.000\u20ab.<\/li>\n<\/ul>","protected":false},"featured_media":43330,"comment_status":"open","ping_status":"closed","template":"","meta":[],"product_brand":[],"product_cat":[679,675,275],"product_tag":[],"class_list":{"0":"post-43329","1":"product","2":"type-product","3":"status-publish","4":"has-post-thumbnail","6":"product_cat-banh-dong-lanh","7":"product_cat-nhap-khau-nhat-ban","8":"product_cat-thuc-pham-dong-lanh","10":"first","11":"instock","12":"sale","13":"shipping-taxable","14":"purchasable","15":"product-type-simple"},"_links":{"self":[{"href":"https:\/\/havamall.vn\/en\/wp-json\/wp\/v2\/product\/43329"}],"collection":[{"href":"https:\/\/havamall.vn\/en\/wp-json\/wp\/v2\/product"}],"about":[{"href":"https:\/\/havamall.vn\/en\/wp-json\/wp\/v2\/types\/product"}],"replies":[{"embeddable":true,"href":"https:\/\/havamall.vn\/en\/wp-json\/wp\/v2\/comments?post=43329"}],"version-history":[{"count":0,"href":"https:\/\/havamall.vn\/en\/wp-json\/wp\/v2\/product\/43329\/revisions"}],"wp:featuredmedia":[{"embeddable":true,"href":"https:\/\/havamall.vn\/en\/wp-json\/wp\/v2\/media\/43330"}],"wp:attachment":[{"href":"https:\/\/havamall.vn\/en\/wp-json\/wp\/v2\/media?parent=43329"}],"wp:term":[{"taxonomy":"product_brand","embeddable":true,"href":"https:\/\/havamall.vn\/en\/wp-json\/wp\/v2\/product_brand?post=43329"},{"taxonomy":"product_cat","embeddable":true,"href":"https:\/\/havamall.vn\/en\/wp-json\/wp\/v2\/product_cat?post=43329"},{"taxonomy":"product_tag","embeddable":true,"href":"https:\/\/havamall.vn\/en\/wp-json\/wp\/v2\/product_tag?post=43329"}],"curies":[{"name":"wp","href":"https:\/\/api.w.org\/{rel}","templated":true}]}}