{"id":43326,"date":"2025-10-31T16:10:36","date_gmt":"2025-10-31T09:10:36","guid":{"rendered":"https:\/\/havamall.vn\/?post_type=product&#038;p=43326"},"modified":"2025-10-31T16:11:00","modified_gmt":"2025-10-31T09:11:00","slug":"banh-mochi-kem-lanh-vi-vani-yukimi-daifuku-270ml-lotte-japanese-mochi-frozen-dessert-vanila","status":"publish","type":"product","link":"https:\/\/havamall.vn\/en\/shop\/banh-mochi-kem-lanh-vi-vani-yukimi-daifuku-270ml-lotte-japanese-mochi-frozen-dessert-vanila\/","title":{"rendered":"B\u00e1nh Mochi Kem L\u1ea1nh V\u1ecb Vani Yukimi Daifuku 270ml \u2013 Lotte Japanese Mochi Frozen Dessert Vanila"},"content":{"rendered":"<blockquote>\n<h2><em><strong>TH\u00d4NG TIN CHUNG<\/strong><\/em><\/h2>\n<\/blockquote>\n<table style=\"width: 43.7623%;height: 180px\">\n<tbody>\n<tr>\n<td><b>Th\u01b0\u01a1ng hi\u1ec7u<\/b><\/td>\n<td>Lotte<\/td>\n<\/tr>\n<tr>\n<td><b>Xu\u1ea5t x\u1ee9<\/b><\/td>\n<td>Nh\u1eadt B\u1ea3n<\/td>\n<\/tr>\n<tr>\n<td><b>Th\u00e0nh ph\u1ea7n<\/b><\/td>\n<td>Xem tr\u1ef1c ti\u1ebfp tr\u00ean bao b\u00ec<\/td>\n<\/tr>\n<tr>\n<td><b>H\u1ea1n s\u1eed d\u1ee5ng<\/b><\/td>\n<td>Xem tr\u1ef1c ti\u1ebfp tr\u00ean bao b\u00ec<\/td>\n<\/tr>\n<tr>\n<td><b>B\u1ea3o qu\u1ea3n<\/b><\/td>\n<td>B\u1ea3o qu\u1ea3n \u0111\u00f4ng ho\u1eb7c ng\u0103n m\u00e1t t\u1ee7 l\u1ea1nh<\/td>\n<\/tr>\n<tr>\n<td><b>Kh\u1ed1i l\u01b0\u1ee3ng<\/b><\/td>\n<td>270ml<\/td>\n<\/tr>\n<\/tbody>\n<\/table>\n<p data-start=\"322\" data-end=\"855\">D\u00f2ng\u00a0<strong data-start=\"327\" data-end=\"348\">mochi l\u1ea1nh Yukimi<\/strong>\u00a0c\u1ee7a Lotte t\u1eeb l\u00e2u \u0111\u00e3 \u0111\u01b0\u1ee3c xem nh\u01b0 bi\u1ec3u t\u01b0\u1ee3ng c\u1ee7a s\u1ef1 tinh t\u1ebf trong tr\u00e1ng mi\u1ec7ng Nh\u1eadt B\u1ea3n, k\u1ebft h\u1ee3p gi\u1eefa v\u1ecf mochi m\u1ec1m d\u1ebbo truy\u1ec1n th\u1ed1ng v\u00e0 ph\u1ea7n kem l\u1ea1nh m\u01b0\u1ee3t m\u00e0 \u0111\u01b0\u1ee3c ph\u00e1t tri\u1ec3n theo c\u00f4ng ngh\u1ec7 hi\u1ec7n \u0111\u1ea1i. Lotte \u0111\u00e3 duy tr\u00ec quy tr\u00ecnh s\u1ea3n xu\u1ea5t mochi l\u1ea1nh su\u1ed1t h\u01a1n b\u1ed1n th\u1eadp k\u1ef7, trong \u0111\u00f3 tr\u1ecdng t\u00e2m l\u00e0 l\u00e0m sao gi\u1eef \u0111\u01b0\u1ee3c \u0111\u1ed9 m\u1ec1m d\u1ebbo c\u1ee7a mochi ngay c\u1ea3 khi b\u1ea3o qu\u1ea3n \u1edf \u201318\u00b0C. Nh\u1edd v\u1eady, m\u1ed7i vi\u00ean Yukimi khi r\u00e3 \u0111\u00f4ng nh\u1eb9 \u0111\u1ec1u \u0111\u1ea1t \u0111\u1ebfn \u0111\u1ed9 m\u1ec1m g\u1ea7n nh\u01b0 tan ngay trong mi\u1ec7ng, c\u00f2n ph\u1ea7n kem b\u00ean trong v\u1eabn gi\u1eef \u0111\u01b0\u1ee3c \u0111\u1ed9 m\u01b0\u1ee3t v\u00e0 l\u1ea1nh t\u1ef1 nhi\u00ean.<\/p>\n<p data-start=\"322\" data-end=\"855\"><img fetchpriority=\"high\" decoding=\"async\" class=\"aligncenter wp-image-43071\" src=\"https:\/\/havamall.com\/wp-content\/uploads\/2025\/10\/492544894_1236846261779534_2577010722858755765_n-1.jpg\" alt=\"\" width=\"800\" height=\"800\" \/><\/p>\n<p data-start=\"857\" data-end=\"1454\">V\u1edbi\u00a0<strong data-start=\"861\" data-end=\"879\">Yukimi Vanilla<\/strong>, s\u1ef1 h\u1ea5p d\u1eabn kh\u00f4ng ch\u1ec9 \u0111\u1ebfn t\u1eeb l\u1edbp mochi d\u1ebbo m\u1ecfng m\u00e0 c\u00f2n n\u1eb1m \u1edf ph\u1ea7n nh\u00e2n kem vani mang s\u1eafc tr\u1eafng ng\u00e0 d\u1ecbu m\u1eaft. Kem \u0111\u01b0\u1ee3c l\u00e0m t\u1eeb s\u1eefa ph\u1ed1i tr\u1ed9n theo chu\u1ea9n Nh\u1eadt, \u0111\u00e1nh kh\u00ed m\u1ea3nh \u0111\u1ec3 t\u1ea1o \u0111\u1ed9 m\u1ecbn tho\u00e1ng, gi\u00fap khi c\u1eafn v\u00e0o, ph\u1ea7n kem tan \u0111\u1ec1u v\u00e0 nh\u1eb9, kh\u00f4ng h\u1ec1 b\u1ecb \u0111\u1eb7c c\u1ee9ng hay \u0111\u1ecdng \u0111\u00e1. V\u1ecb vani trong phi\u00ean b\u1ea3n n\u00e0y \u0111\u01b0\u1ee3c Lotte s\u1eed d\u1ee5ng theo h\u01b0\u1edbng thanh tao, kh\u00f4ng qu\u00e1 ng\u1ecdt v\u00e0 kh\u00f4ng t\u1ea1o c\u1ea3m gi\u00e1c b\u00e9o n\u1eb7ng. H\u01b0\u01a1ng th\u01a1m vani t\u1ef1 nhi\u00ean m\u1edf \u0111\u1ea7u m\u1ec1m m\u1ea1i, lan ch\u1eadm r\u1ed3i \u0111\u1ec3 l\u1ea1i d\u01b0 v\u1ecb s\u1eefa nh\u1eb9 nh\u00e0ng, khi\u1ebfn m\u00f3n b\u00e1nh n\u00e0y ph\u00f9 h\u1ee3p v\u1edbi c\u1ea3 tr\u1ebb em l\u1eabn ng\u01b0\u1eddi l\u1edbn, nh\u1ea5t l\u00e0 nh\u1eefng ai y\u00eau th\u00edch tr\u00e1ng mi\u1ec7ng nh\u1eb9, \u00edt ng\u1ea5y.<\/p>\n<p data-start=\"857\" data-end=\"1454\"><img decoding=\"async\" class=\"aligncenter wp-image-43068\" src=\"https:\/\/havamall.com\/wp-content\/uploads\/2025\/10\/131479796_167922395075658_5609910594230652247_n.jpg\" alt=\"\" width=\"800\" height=\"800\" \/><\/p>\n<p data-start=\"1456\" data-end=\"1826\">S\u1ef1 h\u00f2a quy\u1ec7n gi\u1eefa l\u1edbp v\u1ecf mochi m\u1ec1m v\u00e0 nh\u00e2n kem vani m\u01b0\u1ee3t mang l\u1ea1i c\u1ea3m gi\u00e1c t\u01b0\u01a1ng ph\u1ea3n th\u00fa v\u1ecb: l\u1edbp ngo\u00e0i d\u1ebbo m\u1ecbn, m\u00e1t l\u1ea1nh nh\u1eb9 \u1edf b\u1ec1 m\u1eb7t; l\u1edbp trong tan ch\u1ea3y ngay khi ch\u1ea1m v\u00e0o \u0111\u1ea7u l\u01b0\u1ee1i, \u0111\u1ec3 l\u1ea1i c\u1ea3m gi\u00e1c ng\u1ecdt d\u1ecbu r\u1ea5t v\u1eeba ph\u1ea3i. Ch\u00ednh \u0111\u1ed9 c\u00e2n b\u1eb1ng v\u1ecb n\u00e0y l\u00e0 \u0111i\u1ec1u Lotte lu\u00f4n t\u1ef1 h\u00e0o\u2014kh\u00f4ng qu\u00e1 \u0111\u1eadm h\u01b0\u01a1ng vani, kh\u00f4ng qu\u00e1 ng\u1ecdt, kh\u00f4ng g\u00e2y c\u1ea3m gi\u00e1c n\u1eb7ng b\u1ee5ng d\u00f9 th\u01b0\u1edfng th\u1ee9c nhi\u1ec1u vi\u00ean.<\/p>\n<p data-start=\"1456\" data-end=\"1826\"><img decoding=\"async\" class=\"aligncenter wp-image-43069\" src=\"https:\/\/havamall.com\/wp-content\/uploads\/2025\/10\/492507801_1236846275112866_428936684185328951_n.jpg\" alt=\"\" width=\"802\" height=\"802\" \/><\/p>\n<p data-start=\"1828\" data-end=\"2371\">Ng\u01b0\u1eddi Nh\u1eadt th\u01b0\u1eddng th\u01b0\u1edfng th\u1ee9c Yukimi theo c\u00e1ch r\u1ea5t \u0111\u01a1n gi\u1ea3n: l\u1ea5y b\u00e1nh ra kh\u1ecfi ng\u0103n \u0111\u00f4ng, \u0111\u1ec3 t\u1ef1 r\u00e3 trong 3\u20135 ph\u00fat cho \u0111\u1ebfn khi l\u1edbp mochi \u0111\u1ea1t \u0111\u1ed9 m\u1ec1m l\u00fd t\u01b0\u1edfng. Ch\u1ec9 m\u1ed9t kho\u1ea3ng th\u1eddi gian r\u1ea5t ng\u1eafn nh\u01b0ng \u0111\u1ee7 \u0111\u1ec3 \u0111em l\u1ea1i s\u1ef1 chuy\u1ec3n bi\u1ebfn ho\u00e0n h\u1ea3o: mochi tr\u1edf n\u00ean \u0111\u00e0n h\u1ed3i, kh\u00f4ng d\u00ednh tay nh\u01b0ng tan ch\u1eadm; kem b\u00ean trong l\u1ea1nh v\u1eeba ph\u1ea3i, kh\u00f4ng c\u1ee9ng m\u00e0 m\u01b0\u1ee3t nh\u01b0 kem t\u01b0\u01a1i. Khi \u0103n tr\u1ef1c ti\u1ebfp, ng\u01b0\u1eddi th\u01b0\u1edfng th\u1ee9c c\u1ea3m nh\u1eadn \u0111\u01b0\u1ee3c s\u1ef1 tinh t\u1ebf c\u1ee7a h\u01b0\u01a1ng vani xen c\u00f9ng v\u1edbi \u0111\u1ed9 m\u1ec1m nh\u1eb9 c\u1ee7a v\u1ecf mochi\u2014m\u1ed9t c\u1ea3m gi\u00e1c r\u1ea5t d\u1ec5 ch\u1ecbu v\u00e0 g\u1ea7n nh\u01b0 tr\u1edf th\u00e0nh \u201c\u0111i\u1ec3m nh\u1eadn di\u1ec7n\u201d c\u1ee7a d\u00f2ng Yukimi.<\/p>\n<p data-start=\"1828\" data-end=\"2371\"><img loading=\"lazy\" decoding=\"async\" class=\"aligncenter wp-image-43070\" src=\"https:\/\/havamall.com\/wp-content\/uploads\/2025\/10\/470772603_509076742186156_1416010261654606719_n.jpg\" alt=\"\" width=\"800\" height=\"800\" \/><\/p>\n<p data-start=\"2373\" data-end=\"2700\">Ngo\u00e0i vi\u1ec7c \u0103n tr\u1ef1c ti\u1ebfp, Yukimi Vanilla c\u00f2n \u0111\u01b0\u1ee3c s\u1eed d\u1ee5ng nh\u01b0 m\u1ed9t th\u00e0nh ph\u1ea7n tr\u00e1ng mi\u1ec7ng hi\u1ec7n \u0111\u1ea1i: th\u00eam v\u00e0o ly parfait, k\u1ebft h\u1ee3p v\u1edbi tr\u00e1i c\u00e2y t\u01b0\u01a1i, \u0103n k\u00e8m b\u00e1nh k\u1ebfp, ho\u1eb7c d\u00f9ng l\u00e0m topping trong yogurt. Nh\u1edd h\u01b0\u01a1ng vani nh\u1eb9, m\u00f3n mochi l\u1ea1nh n\u00e0y d\u1ec5 d\u00e0ng h\u00f2a v\u00e0o nhi\u1ec1u ki\u1ec3u \u0111\u1ed3 ng\u1ecdt kh\u00e1c nhau m\u00e0 kh\u00f4ng l\u00e0m m\u1ea5t \u0111i t\u00ednh thanh tho\u00e1t v\u1ed1n c\u00f3.<\/p>\n<p data-start=\"3396\" data-end=\"3509\"><strong data-start=\"3396\" data-end=\"3509\">Yukimi Mochi L\u1ea1nh V\u1ecb Vani Nh\u1eadp Kh\u1ea9u Nh\u1eadt B\u1ea3n (9 vi\u00ean) \u2013 Lotte Yukimi Vanilla hi\u1ec7n \u0111ang \u0111\u01b0\u1ee3c b\u00e1n t\u1ea1i Havamall.<\/strong><\/p>","protected":false},"excerpt":{"rendered":"<p><b>L\u01afU \u00dd QUAN TR\u1eccNG:\u00a0\u0110\u00c2Y L\u00c0 S\u1ea2N PH\u1ea8M \u0110\u00d4NG L\u1ea0NH<\/b><\/p>\n<ul>\n<li>\u0110\u1ec3 \u0111\u1ea3m b\u1ea3o ch\u1ea5t l\u01b0\u1ee3ng, c\u00e1c s\u1ea3n ph\u1ea9m tr\u00e1i c\u00e2y \u0111\u00f4ng l\u1ea1nh v\u00e0 \u0111\u1ed3 \u0111\u00f4ng l\u1ea1nh\u00a0<b>ch\u1ec9 \u0111\u01b0\u1ee3c giao h\u1ecfa t\u1ed1c<\/b>\u00a0trong khu v\u1ef1c\u00a0<strong>TP.HCM<\/strong>.<\/li>\n<li><b>Ph\u00ed ship:<\/b>\n<ul>\n<li>D\u01b0\u1edbi 5km: 30.000\u20ab<\/li>\n<li>Tr\u00ean 5km: Ph\u00ed giao h\u00e0ng s\u1ebd t\u00ednh theo gi\u00e1 c\u1ee7a \u1ee9ng d\u1ee5ng d\u1ecbch v\u1ee5 v\u1eadn chuy\u1ec3n.<\/li>\n<\/ul>\n<\/li>\n<li><b>\u0110\u1ecba ch\u1ec9 c\u1eeda h\u00e0ng:<\/b>\u00a0H\u1ebbm 112, s\u1ed1 114A B\u1ea1ch \u0110\u1eb1ng, Ph\u01b0\u1eddng 2, Qu\u1eadn T\u00e2n B\u00ecnh. B\u1ea1n c\u00f3 th\u1ec3 ki\u1ec3m tra kho\u1ea3ng c\u00e1ch tr\u01b0\u1edbc khi \u0111\u1eb7t h\u00e0ng.<\/li>\n<li><b>Mi\u1ec5n ph\u00ed giao h\u00e0ng:<\/b>\u00a0\u00c1p d\u1ee5ng cho \u0111\u01a1n h\u00e0ng tr\u00e1i c\u00e2y \u0111\u00f4ng l\u1ea1nh t\u1eeb 4kg ho\u1eb7c c\u00f3 gi\u00e1 tr\u1ecb t\u1eeb 1.500.000\u20ab.<\/li>\n<\/ul>","protected":false},"featured_media":43327,"comment_status":"open","ping_status":"closed","template":"","meta":[],"product_brand":[],"product_cat":[679,675,275],"product_tag":[],"class_list":{"0":"post-43326","1":"product","2":"type-product","3":"status-publish","4":"has-post-thumbnail","6":"product_cat-banh-dong-lanh","7":"product_cat-nhap-khau-nhat-ban","8":"product_cat-thuc-pham-dong-lanh","10":"first","11":"instock","12":"sale","13":"shipping-taxable","14":"purchasable","15":"product-type-simple"},"_links":{"self":[{"href":"https:\/\/havamall.vn\/en\/wp-json\/wp\/v2\/product\/43326"}],"collection":[{"href":"https:\/\/havamall.vn\/en\/wp-json\/wp\/v2\/product"}],"about":[{"href":"https:\/\/havamall.vn\/en\/wp-json\/wp\/v2\/types\/product"}],"replies":[{"embeddable":true,"href":"https:\/\/havamall.vn\/en\/wp-json\/wp\/v2\/comments?post=43326"}],"version-history":[{"count":0,"href":"https:\/\/havamall.vn\/en\/wp-json\/wp\/v2\/product\/43326\/revisions"}],"wp:featuredmedia":[{"embeddable":true,"href":"https:\/\/havamall.vn\/en\/wp-json\/wp\/v2\/media\/43327"}],"wp:attachment":[{"href":"https:\/\/havamall.vn\/en\/wp-json\/wp\/v2\/media?parent=43326"}],"wp:term":[{"taxonomy":"product_brand","embeddable":true,"href":"https:\/\/havamall.vn\/en\/wp-json\/wp\/v2\/product_brand?post=43326"},{"taxonomy":"product_cat","embeddable":true,"href":"https:\/\/havamall.vn\/en\/wp-json\/wp\/v2\/product_cat?post=43326"},{"taxonomy":"product_tag","embeddable":true,"href":"https:\/\/havamall.vn\/en\/wp-json\/wp\/v2\/product_tag?post=43326"}],"curies":[{"name":"wp","href":"https:\/\/api.w.org\/{rel}","templated":true}]}}