{"id":43323,"date":"2025-10-31T15:53:59","date_gmt":"2025-10-31T08:53:59","guid":{"rendered":"https:\/\/havamall.vn\/?post_type=product&#038;p=43323"},"modified":"2025-10-31T15:53:59","modified_gmt":"2025-10-31T08:53:59","slug":"banh-mochi-kem-lanh-vi-tra-xanh-yukimi-daifuku-270ml-lotte-japanese-mochi-frozen-dessert-green-tea","status":"publish","type":"product","link":"https:\/\/havamall.vn\/en\/shop\/banh-mochi-kem-lanh-vi-tra-xanh-yukimi-daifuku-270ml-lotte-japanese-mochi-frozen-dessert-green-tea\/","title":{"rendered":"B\u00e1nh Mochi Kem L\u1ea1nh V\u1ecb Tr\u00e0 Xanh Yukimi Daifuku 270ml \u2013 Lotte Japanese Mochi Frozen Dessert Green Tea"},"content":{"rendered":"<blockquote>\n<h2><em><strong>TH\u00d4NG TIN CHUNG<\/strong><\/em><\/h2>\n<\/blockquote>\n<table style=\"width: 47.4341%;height: 159px\">\n<tbody>\n<tr>\n<td><b>Th\u01b0\u01a1ng hi\u1ec7u<\/b><\/td>\n<td>Lotte<\/td>\n<\/tr>\n<tr>\n<td><b>Xu\u1ea5t x\u1ee9<\/b><\/td>\n<td>Nh\u1eadt B\u1ea3n<\/td>\n<\/tr>\n<tr>\n<td><b>Th\u00e0nh ph\u1ea7n<\/b><\/td>\n<td>Xem tr\u1ef1c ti\u1ebfp tr\u00ean bao b\u00ec<\/td>\n<\/tr>\n<tr>\n<td><b>H\u1ea1n s\u1eed d\u1ee5ng<\/b><\/td>\n<td>Xem tr\u1ef1c ti\u1ebfp tr\u00ean bao b\u00ec<\/td>\n<\/tr>\n<tr>\n<td><b>B\u1ea3o qu\u1ea3n<\/b><\/td>\n<td>B\u1ea3o qu\u1ea3n \u0111\u00f4ng ho\u1eb7c ng\u0103n m\u00e1t t\u1ee7 l\u1ea1nh<\/td>\n<\/tr>\n<tr>\n<td><b>Kh\u1ed1i l\u01b0\u1ee3ng<\/b><\/td>\n<td>270ml<\/td>\n<\/tr>\n<\/tbody>\n<\/table>\n<p data-start=\"454\" data-end=\"981\"><strong data-start=\"454\" data-end=\"485\">Yukimi Mochi l\u1ea1nh c\u1ee7a Lotte<\/strong>\u00a0l\u00e0 d\u00f2ng b\u00e1nh tr\u00e1ng mi\u1ec7ng \u0111\u00e3 tr\u1edf th\u00e0nh m\u1ed9t ph\u1ea7n quen thu\u1ed9c trong v\u0103n h\u00f3a \u1ea9m th\u1ef1c Nh\u1eadt B\u1ea3n nh\u1edd s\u1ef1 k\u1ebft h\u1ee3p tinh t\u1ebf gi\u1eefa mochi truy\u1ec1n th\u1ed1ng v\u00e0 kem l\u1ea1nh hi\u1ec7n \u0111\u1ea1i. Quy tr\u00ecnh s\u1ea3n xu\u1ea5t mochi l\u1ea1nh c\u1ee7a Lotte \u0111\u01b0\u1ee3c ph\u00e1t tri\u1ec3n \u0111\u1ec3 gi\u1eef nguy\u00ean \u0111\u1ed9 m\u1ec1m c\u1ee7a v\u1ecf mochi ngay c\u1ea3 khi \u0111\u00f4ng s\u00e2u \u1edf \u201318\u00b0C, \u0111\u1ed3ng th\u1eddi \u0111\u1ea3m b\u1ea3o ph\u1ea7n kem b\u00ean trong lu\u00f4n m\u01b0\u1ee3t, tan nhanh, kh\u00f4ng b\u1ecb d\u0103m \u0111\u00e1. Nh\u1edd \u0111\u00f3, m\u1ed7i vi\u00ean Yukimi khi c\u1eafn v\u00e0o s\u1ebd t\u1ea1o n\u00ean c\u1ea3m gi\u00e1c v\u1eeba m\u1ec1m, v\u1eeba l\u1ea1nh, v\u1eeba m\u1ecbn \u2013 m\u1ed9t k\u1ebft c\u1ea5u m\u00e0 r\u1ea5t \u00edt th\u01b0\u01a1ng hi\u1ec7u c\u00f3 th\u1ec3 t\u00e1i t\u1ea1o \u0111\u01b0\u1ee3c.<\/p>\n<p data-start=\"454\" data-end=\"981\"><img fetchpriority=\"high\" decoding=\"async\" class=\"aligncenter  wp-image-43061\" src=\"https:\/\/havamall.com\/wp-content\/uploads\/2025\/10\/475320990_547258858367944_4771596358799982811_n.jpg\" alt=\"\" width=\"801\" height=\"801\" \/><\/p>\n<p data-start=\"983\" data-end=\"1553\">\u1ede phi\u00ean b\u1ea3n\u00a0<strong data-start=\"995\" data-end=\"1015\">Yukimi Green Tea<\/strong>, s\u1ef1 n\u1ed5i b\u1eadt n\u1eb1m \u1edf ph\u1ea7n nh\u00e2n kem matcha \u0111\u01b0\u1ee3c ph\u1ed1i t\u1eeb\u00a0<strong data-start=\"1068\" data-end=\"1108\">b\u1ed9t tr\u00e0 xanh Nh\u1eadt B\u1ea3n ch\u1ea5t l\u01b0\u1ee3ng cao<\/strong>, lo\u1ea1i b\u1ed9t c\u00f3 m\u00e0u xanh nh\u1ea1t t\u1ef1 nhi\u00ean, h\u01b0\u01a1ng th\u01a1m tinh t\u1ebf v\u00e0 h\u1eadu v\u1ecb thanh xen ch\u00fat \u0111\u1eafng nh\u1eb9 \u0111\u1eb7c tr\u01b0ng. Khi th\u01b0\u1edfng th\u1ee9c, l\u1edbp mochi d\u1ebbo m\u1ecfng g\u1ea7n nh\u01b0 tan ngay tr\u00ean \u0111\u1ea7u l\u01b0\u1ee1i, \u0111\u1ec3 ph\u1ea7n kem matcha b\u00ean trong lan ra t\u1eebng l\u1edbp, mang theo c\u1ea3m gi\u00e1c m\u00e1t d\u1ecbu v\u00e0 h\u01b0\u01a1ng tr\u00e0 xanh thu\u1ea7n khi\u1ebft. S\u1ef1 h\u00f2a quy\u1ec7n \u1ea5y kh\u00f4ng qu\u00e1 \u0111\u1eadm v\u1ecb tr\u00e0 c\u0169ng kh\u00f4ng qu\u00e1 ng\u1ecdt, \u0111\u1ee7 \u0111\u1ec3 ng\u01b0\u1eddi \u0103n c\u1ea3m nh\u1eadn \u0111\u01b0\u1ee3c \u0111\u1ed9 s\u00e2u c\u1ee7a matcha nh\u01b0ng v\u1eabn t\u1eadn h\u01b0\u1edfng \u0111\u01b0\u1ee3c \u0111\u1ed9 b\u00e9o nh\u1eb9 c\u1ee7a kem m\u00e0 kh\u00f4ng h\u1ec1 b\u1ecb ng\u1ea5y.<\/p>\n<p data-start=\"983\" data-end=\"1553\"><img decoding=\"async\" class=\"aligncenter  wp-image-43062\" src=\"https:\/\/havamall.com\/wp-content\/uploads\/2025\/10\/473071672_525142197246277_3797984224785829801_n.jpg\" alt=\"\" width=\"801\" height=\"801\" \/><\/p>\n<p data-start=\"1555\" data-end=\"2151\">Ch\u1ea5t kem trong Yukimi Green Tea \u0111\u01b0\u1ee3c \u0111\u00e1nh kh\u00ed theo k\u1ef9 thu\u1eadt ri\u00eang c\u1ee7a Lotte, t\u1ea1o n\u00ean c\u1ea5u tr\u00fac m\u1ecbn tho\u00e1ng, gi\u00fap kem gi\u1eef l\u1ea1nh t\u1ed1t nh\u01b0ng v\u1eabn tan nhanh trong mi\u1ec7ng. \u0110i\u1ec1u n\u00e0y khi\u1ebfn h\u01b0\u01a1ng matcha khi xu\u1ea5t hi\u1ec7n kh\u00f4ng b\u1ecb \u201cn\u00e9n\u201d l\u1ea1i m\u00e0 t\u1ecfa \u0111\u1ec1u, cho c\u1ea3m gi\u00e1c v\u1eeba thanh m\u00e1t v\u1eeba nh\u1eb9 nh\u00e0ng. L\u1edbp v\u1ecf mochi b\u00ean ngo\u00e0i \u0111\u01b0\u1ee3c l\u00e0m t\u1eeb b\u1ed9t n\u1ebfp ch\u1ecdn l\u1ecdc, nh\u00e0o theo t\u1ec9 l\u1ec7 \u1ea9m chu\u1ea9n \u0111\u1ec3 gi\u1eef \u0111\u01b0\u1ee3c \u0111\u1ed9 \u0111\u00e0n h\u1ed3i \u0111\u1eb7c tr\u01b0ng, sau \u0111\u00f3 ph\u1ee7 m\u1ed9t l\u1edbp b\u1ed9t \u00e1o m\u1ecbn \u0111\u1ec3 tr\u00e1nh d\u00ednh nh\u01b0ng kh\u00f4ng l\u00e0m kh\u00f4 b\u1ec1 m\u1eb7t. C\u1ea3 hai ph\u1ea7n h\u00f2a th\u00e0nh m\u1ed9t t\u1ed5ng th\u1ec3 c\u00e2n \u0111\u1ed1i: d\u1ebbo \u2013 m\u1ecbn \u2013 l\u1ea1nh \u2013 th\u01a1m, t\u1ea1o n\u00ean phong c\u00e1ch mochi l\u1ea1nh m\u00e0 Lotte \u0111\u00e3 duy tr\u00ec h\u01a1n 40 n\u0103m qua.<\/p>\n<p data-start=\"1555\" data-end=\"2151\"><img decoding=\"async\" class=\"aligncenter  wp-image-43063\" src=\"https:\/\/havamall.com\/wp-content\/uploads\/2025\/10\/473423057_525726537187843_4534916635204797714_n.jpg\" alt=\"\" width=\"800\" height=\"800\" \/><\/p>\n<p data-start=\"2153\" data-end=\"2754\">\u0110\u1ec3 th\u01b0\u1edfng th\u1ee9c tr\u1ecdn v\u1eb9n, ng\u01b0\u1eddi Nh\u1eadt th\u01b0\u1eddng \u0111\u1ec3 mochi r\u00e3 \u0111\u00f4ng t\u1ef1 nhi\u00ean t\u1eeb 3\u20135 ph\u00fat. Kho\u1ea3ng th\u1eddi gian ng\u1eafn n\u00e0y gi\u00fap l\u1edbp v\u1ecf \u0111\u1ea1t \u0111\u1ed9 m\u1ec1m t\u1ed1i \u01b0u trong khi kem b\u00ean trong v\u1eabn gi\u1eef nguy\u00ean k\u1ebft c\u1ea5u m\u01b0\u1ee3t. Ch\u1ec9 c\u1ea7n c\u1eafn nh\u1eb9 l\u00e0 c\u1ea3 ph\u1ea7n nh\u00e2n matcha lan ra, mang theo v\u1ecb tr\u00e0 xanh d\u1ecbu, tho\u1ea3ng ng\u1ecdt nh\u01b0ng k\u1ebft th\u00fac b\u1eb1ng h\u1eadu v\u1ecb thanh r\u1ea5t \u201c\u0111\u00fang chu\u1ea9n matcha Nh\u1eadt\u201d. Ngo\u00e0i c\u00e1ch \u0103n tr\u1ef1c ti\u1ebfp, Yukimi Green Tea c\u00f2n \u0111\u01b0\u1ee3c d\u00f9ng nh\u01b0 topping trong c\u00e1c m\u00f3n parfait, h\u00f2a c\u00f9ng yogurt, th\u00eam v\u00e0o b\u00e1t tr\u00e1i c\u00e2y l\u1ea1nh ho\u1eb7c \u0111\u1eb7t k\u00e8m b\u00e1nh crepe \u0111\u1ec3 t\u0103ng chi\u1ec1u s\u00e2u h\u01b0\u01a1ng v\u1ecb, t\u1ea1o n\u00ean phong c\u00e1ch tr\u00e1ng mi\u1ec7ng hi\u1ec7n \u0111\u1ea1i nh\u01b0ng v\u1eabn gi\u1eef \u0111\u01b0\u1ee3c n\u00e9t Nh\u1eadt B\u1ea3n.<\/p>\n<p data-start=\"2153\" data-end=\"2754\"><img loading=\"lazy\" decoding=\"async\" class=\"aligncenter  wp-image-43064\" src=\"https:\/\/havamall.com\/wp-content\/uploads\/2025\/10\/476835047_547258745034622_7123301048379887261_n.jpg\" alt=\"\" width=\"800\" height=\"800\" \/><\/p>\n<p data-start=\"3156\" data-end=\"3550\">Lotte c\u0169ng ch\u00fa tr\u1ecdng \u0111\u1ebfn quy tr\u00ecnh gi\u1eef l\u1ea1nh trong su\u1ed1t qu\u00e1 tr\u00ecnh v\u1eadn chuy\u1ec3n, nh\u1eb1m \u0111\u1ea3m b\u1ea3o mochi khi \u0111\u1ebfn tay ng\u01b0\u1eddi d\u00f9ng gi\u1eef nguy\u00ean c\u1ea5u tr\u00fac ban \u0111\u1ea7u. Vi\u00ean n\u00e0o c\u0169ng tr\u00f2n \u0111\u1ec1u, l\u1edbp mochi bao ph\u1ee7 k\u00edn ph\u1ea7n kem b\u00ean trong, kh\u00f4ng b\u1ecb co c\u1ee9ng hay v\u1ee1, \u0111\u00fang chu\u1ea9n s\u1ef1 t\u1ec9 m\u1ec9 v\u1ed1n c\u00f3 trong s\u1ea3n ph\u1ea9m Nh\u1eadt. Yukimi Green Tea \u0111\u01b0\u1ee3c \u0111\u00f3ng g\u00f3i 9 vi\u00ean, v\u1eeba \u0111\u1ee7 cho gia \u0111\u00ecnh nh\u1ecf ho\u1eb7c d\u00f9ng nh\u01b0 m\u00f3n tr\u00e1ng mi\u1ec7ng sau b\u1eefa t\u1ed1i.<\/p>\n<p data-start=\"3854\" data-end=\"3973\"><strong data-start=\"3854\" data-end=\"3973\">Yukimi Mochi L\u1ea1nh V\u1ecb Tr\u00e0 Xanh Nh\u1eadp Kh\u1ea9u Nh\u1eadt B\u1ea3n (9 vi\u00ean) \u2013 Lotte Yukimi Green Tea hi\u1ec7n \u0111ang \u0111\u01b0\u1ee3c b\u00e1n t\u1ea1i Havamall.<\/strong><\/p>","protected":false},"excerpt":{"rendered":"<p><b>L\u01afU \u00dd QUAN TR\u1eccNG:\u00a0\u0110\u00c2Y L\u00c0 S\u1ea2N PH\u1ea8M \u0110\u00d4NG L\u1ea0NH<\/b><\/p>\n<ul>\n<li>\u0110\u1ec3 \u0111\u1ea3m b\u1ea3o ch\u1ea5t l\u01b0\u1ee3ng, c\u00e1c s\u1ea3n ph\u1ea9m tr\u00e1i c\u00e2y \u0111\u00f4ng l\u1ea1nh v\u00e0 \u0111\u1ed3 \u0111\u00f4ng l\u1ea1nh\u00a0<b>ch\u1ec9 \u0111\u01b0\u1ee3c giao h\u1ecfa t\u1ed1c<\/b>\u00a0trong khu v\u1ef1c\u00a0<strong>TP.HCM<\/strong>.<\/li>\n<li><b>Ph\u00ed ship:<\/b>\n<ul>\n<li>D\u01b0\u1edbi 5km: 30.000\u20ab<\/li>\n<li>Tr\u00ean 5km: Ph\u00ed giao h\u00e0ng s\u1ebd t\u00ednh theo gi\u00e1 c\u1ee7a \u1ee9ng d\u1ee5ng d\u1ecbch v\u1ee5 v\u1eadn chuy\u1ec3n.<\/li>\n<\/ul>\n<\/li>\n<li><b>\u0110\u1ecba ch\u1ec9 c\u1eeda h\u00e0ng:<\/b>\u00a0H\u1ebbm 112, s\u1ed1 114A B\u1ea1ch \u0110\u1eb1ng, Ph\u01b0\u1eddng 2, Qu\u1eadn T\u00e2n B\u00ecnh. B\u1ea1n c\u00f3 th\u1ec3 ki\u1ec3m tra kho\u1ea3ng c\u00e1ch tr\u01b0\u1edbc khi \u0111\u1eb7t h\u00e0ng.<\/li>\n<li><b>Mi\u1ec5n ph\u00ed giao h\u00e0ng:<\/b>\u00a0\u00c1p d\u1ee5ng cho \u0111\u01a1n h\u00e0ng tr\u00e1i c\u00e2y \u0111\u00f4ng l\u1ea1nh t\u1eeb 4kg ho\u1eb7c c\u00f3 gi\u00e1 tr\u1ecb t\u1eeb 1.500.000\u20ab.<\/li>\n<\/ul>","protected":false},"featured_media":43324,"comment_status":"open","ping_status":"closed","template":"","meta":[],"product_brand":[],"product_cat":[679,675,275],"product_tag":[],"class_list":{"0":"post-43323","1":"product","2":"type-product","3":"status-publish","4":"has-post-thumbnail","6":"product_cat-banh-dong-lanh","7":"product_cat-nhap-khau-nhat-ban","8":"product_cat-thuc-pham-dong-lanh","10":"first","11":"instock","12":"sale","13":"shipping-taxable","14":"purchasable","15":"product-type-simple"},"_links":{"self":[{"href":"https:\/\/havamall.vn\/en\/wp-json\/wp\/v2\/product\/43323"}],"collection":[{"href":"https:\/\/havamall.vn\/en\/wp-json\/wp\/v2\/product"}],"about":[{"href":"https:\/\/havamall.vn\/en\/wp-json\/wp\/v2\/types\/product"}],"replies":[{"embeddable":true,"href":"https:\/\/havamall.vn\/en\/wp-json\/wp\/v2\/comments?post=43323"}],"version-history":[{"count":0,"href":"https:\/\/havamall.vn\/en\/wp-json\/wp\/v2\/product\/43323\/revisions"}],"wp:featuredmedia":[{"embeddable":true,"href":"https:\/\/havamall.vn\/en\/wp-json\/wp\/v2\/media\/43324"}],"wp:attachment":[{"href":"https:\/\/havamall.vn\/en\/wp-json\/wp\/v2\/media?parent=43323"}],"wp:term":[{"taxonomy":"product_brand","embeddable":true,"href":"https:\/\/havamall.vn\/en\/wp-json\/wp\/v2\/product_brand?post=43323"},{"taxonomy":"product_cat","embeddable":true,"href":"https:\/\/havamall.vn\/en\/wp-json\/wp\/v2\/product_cat?post=43323"},{"taxonomy":"product_tag","embeddable":true,"href":"https:\/\/havamall.vn\/en\/wp-json\/wp\/v2\/product_tag?post=43323"}],"curies":[{"name":"wp","href":"https:\/\/api.w.org\/{rel}","templated":true}]}}