{"id":43319,"date":"2025-10-31T10:59:53","date_gmt":"2025-10-31T03:59:53","guid":{"rendered":"https:\/\/havamall.vn\/?post_type=product&#038;p=43319"},"modified":"2025-10-31T10:59:54","modified_gmt":"2025-10-31T03:59:54","slug":"lau-ham-xuong-tu-xuyen-ong-cha-va-150g-ong-cha-va-sichuan-bone-broth-hotpot-150g","status":"publish","type":"product","link":"https:\/\/havamall.vn\/en\/shop\/lau-ham-xuong-tu-xuyen-ong-cha-va-150g-ong-cha-va-sichuan-bone-broth-hotpot-150g\/","title":{"rendered":"L\u1ea9u H\u1ea7m X\u01b0\u01a1ng T\u1ee9 Xuy\u00ean \u00d4ng Ch\u00e0 V\u00e0 150g \u2013 Ong Ch\u00e0 V\u00e0 Sichuan Bone Broth Hotpot 150g"},"content":{"rendered":"<blockquote>\n<h2><em><strong>TH\u00d4NG TIN CHUNG<\/strong><\/em><\/h2>\n<\/blockquote>\n<table style=\"width: 89.462%;height: 285px\">\n<tbody>\n<tr>\n<td><b>Th\u01b0\u01a1ng hi\u1ec7u<\/b><\/td>\n<td>\u00d4ng Ch\u00e0 V\u00e0 (Th\u00e0nh l\u1eadp 1939)<\/td>\n<\/tr>\n<tr>\n<td><b>Xu\u1ea5t x\u1ee9<\/b><\/td>\n<td>S\u1ea3n xu\u1ea5t t\u1ea1i T\u1ee9 Xuy\u00ean Manli Longzhu Biotech (Trung Qu\u1ed1c), Nh\u1eadp kh\u1ea9u &amp; Ph\u00e2n ph\u1ed1i b\u1edfi C\u00f4ng ty C\u1ed5 ph\u1ea7n NOSAFOOD (Vi\u1ec7t Nam)<\/td>\n<\/tr>\n<tr>\n<td><b>Kh\u1ed1i l\u01b0\u1ee3ng T\u1ecbnh<\/b><\/td>\n<td><b><span class=\"math-inline\" data-math=\"150\\text{g}\"><span class=\"katex\"><span class=\"katex-html\" aria-hidden=\"true\"><span class=\"base\"><span class=\"mord\">150<\/span><span class=\"mord text\"><span class=\"mord\">g<\/span><\/span><\/span><\/span><\/span><\/span><\/b><\/td>\n<\/tr>\n<tr>\n<td><b>Kh\u1ea9u ph\u1ea7n<\/b><\/td>\n<td>Cho\u00a0<span class=\"math-inline\" data-math=\"3-5\"><span class=\"katex\"><span class=\"katex-html\" aria-hidden=\"true\"><span class=\"base\"><span class=\"mord\">3<\/span><span class=\"mbin\">\u2212<\/span><\/span><span class=\"base\"><span class=\"mord\">5<\/span><\/span><\/span><\/span><\/span>\u00a0ng\u01b0\u1eddi \u0103n<\/td>\n<\/tr>\n<tr>\n<td><b>Gi\u00e1 tr\u1ecb Dinh d\u01b0\u1ee1ng (tr\u00ean\u00a0<span class=\"math-inline\" data-math=\"100\\text{g}\"><span class=\"katex\"><span class=\"katex-html\" aria-hidden=\"true\"><span class=\"base\"><span class=\"mord\">100<\/span><span class=\"mord text\"><span class=\"mord\">g<\/span><\/span><\/span><\/span><\/span><\/span>)<\/b><\/td>\n<td>N\u0103ng l\u01b0\u1ee3ng:\u00a0<span class=\"math-inline\" data-math=\"1188\\text{ kJ}\"><span class=\"katex\"><span class=\"katex-html\" aria-hidden=\"true\"><span class=\"base\"><span class=\"mord\">1188<\/span><span class=\"mord text\"><span class=\"mord\">\u00a0kJ<\/span><\/span><\/span><\/span><\/span><\/span>\u00a0(<span class=\"math-inline\" data-math=\"282\\text{ kcal}\"><span class=\"katex\"><span class=\"katex-html\" aria-hidden=\"true\"><span class=\"base\"><span class=\"mord\">282<\/span><span class=\"mord text\"><span class=\"mord\">\u00a0kcal<\/span><\/span><\/span><\/span><\/span><\/span>), Ch\u1ea5t b\u00e9o:\u00a0<span class=\"math-inline\" data-math=\"19,2\\text{g}\"><span class=\"katex\"><span class=\"katex-html\" aria-hidden=\"true\"><span class=\"base\"><span class=\"mord\">19<\/span><span class=\"mpunct\">,<\/span><span class=\"mord\">2<\/span><span class=\"mord text\"><span class=\"mord\">g<\/span><\/span><\/span><\/span><\/span><\/span>, Ch\u1ea5t \u0111\u1ea1m:\u00a0<span class=\"math-inline\" data-math=\"7,9\\text{g}\"><span class=\"katex\"><span class=\"katex-html\" aria-hidden=\"true\"><span class=\"base\"><span class=\"mord\">7<\/span><span class=\"mpunct\">,<\/span><span class=\"mord\">9<\/span><span class=\"mord text\"><span class=\"mord\">g<\/span><\/span><\/span><\/span><\/span><\/span>, Carbohydrate:\u00a0<span class=\"math-inline\" data-math=\"11,4\\text{g}\"><span class=\"katex\"><span class=\"katex-html\" aria-hidden=\"true\"><span class=\"base\"><span class=\"mord\">11<\/span><span class=\"mpunct\">,<\/span><span class=\"mord\">4<\/span><span class=\"mord text\"><span class=\"mord\">g<\/span><\/span><\/span><\/span><\/span><\/span>, Natri:\u00a0<span class=\"math-inline\" data-math=\"6680,8\\text{ mg}\"><span class=\"katex\"><span class=\"katex-html\" aria-hidden=\"true\"><span class=\"base\"><span class=\"mord\">6680<\/span><span class=\"mpunct\">,<\/span><span class=\"mord\">8<\/span><span class=\"mord text\"><span class=\"mord\">\u00a0mg<\/span><\/span><\/span><\/span><\/span><\/span><\/td>\n<\/tr>\n<tr>\n<td><b>Th\u00e0nh ph\u1ea7n ch\u00ednh<\/b><\/td>\n<td>D\u1ea7u \u0103n, \u0111\u1eadu n\u00e0nh (<span class=\"math-inline\" data-math=\"4\\%\"><span class=\"katex\"><span class=\"katex-html\" aria-hidden=\"true\"><span class=\"base\"><span class=\"mord\">4%<\/span><\/span><\/span><\/span><\/span>), b\u1ed9t x\u01b0\u01a1ng g\u00e0 nguy\u00ean ch\u1ea5t (<span class=\"math-inline\" data-math=\"3,2\\%\"><span class=\"katex\"><span class=\"katex-html\" aria-hidden=\"true\"><span class=\"base\"><span class=\"mord\">3<\/span><span class=\"mpunct\">,<\/span><span class=\"mord\">2%<\/span><\/span><\/span><\/span><\/span>), n\u1ea5m h\u01b0\u01a1ng, t\u1ecfi, \u0111\u1eadu th\u1ef1c v\u1eadt, c\u1ee7 c\u1ea3i mu\u1ed1i, g\u1eebng, m\u1ee1 b\u00f2, \u0111\u01b0\u1eddng, qu\u1ebf, nh\u1ee5c \u0111\u1eadu kh\u1ea5u, chi\u1ebft xu\u1ea5t n\u1ea5m men&#8230;<\/td>\n<\/tr>\n<tr>\n<td><b>H\u01b0\u1edbng d\u1eabn s\u1eed d\u1ee5ng<\/b><\/td>\n<td>\u0110un s\u00f4i\u00a0<b><span class=\"math-inline\" data-math=\"1000\\text{ml}\"><span class=\"katex\"><span class=\"katex-html\" aria-hidden=\"true\"><span class=\"base\"><span class=\"mord\">1000<\/span><span class=\"mord text\"><span class=\"mord\">ml<\/span><\/span><\/span><\/span><\/span><\/span>\u00a0n\u01b0\u1edbc<\/b>, \u0111\u1ed5 g\u00f3i l\u1ea9u v\u00e0o. Th\u00eam b\u1eafp\/ng\u00f4, th\u1ecbt, rau t\u00f9y th\u00edch v\u00e0o n\u1ea5u ch\u00edn. C\u00f3 th\u1ec3 d\u00f9ng \u0111\u1ec3 n\u1ea5u canh, ch\u00e1o, s\u00fap thay n\u01b0\u1edbc h\u1ea7m x\u01b0\u01a1ng. D\u00f9ng v\u1edbi b\u00fan ho\u1eb7c c\u01a1m (t\u00f9y th\u00edch).<\/td>\n<\/tr>\n<tr>\n<td><b>H\u1ea1n s\u1eed d\u1ee5ng (HSD\/EXP)<\/b><\/td>\n<td><span class=\"math-inline\" data-math=\"15\"><span class=\"katex\"><span class=\"katex-html\" aria-hidden=\"true\"><span class=\"base\"><span class=\"mord\">15<\/span><\/span><\/span><\/span><\/span>\u00a0th\u00e1ng k\u1ec3 t\u1eeb NSX\/MFG (<span class=\"math-inline\" data-math=\"15\"><span class=\"katex\"><span class=\"katex-html\" aria-hidden=\"true\"><span class=\"base\"><span class=\"mord\">15<\/span><\/span><\/span><\/span><\/span>\u00a0months prior EXP)<\/td>\n<\/tr>\n<tr>\n<td><b>B\u1ea3o qu\u1ea3n<\/b><\/td>\n<td>\u0110\u1ec3 n\u01a1i tho\u00e1ng m\u00e1t, kh\u00f4 r\u00e1o v\u00e0 tr\u00e1nh \u00e1nh n\u1eafng tr\u1ef1c ti\u1ebfp. C\u1ea7n s\u1eed d\u1ee5ng h\u1ebft\u00a0<span class=\"math-inline\" data-math=\"1\"><span class=\"katex\"><span class=\"katex-html\" aria-hidden=\"true\"><span class=\"base\"><span class=\"mord\">1<\/span><\/span><\/span><\/span><\/span>\u00a0l\u1ea7n sau khi m\u1edf g\u00f3i.<\/td>\n<\/tr>\n<tr>\n<td><b>C\u1ea3nh b\u00e1o d\u1ecb \u1ee9ng<\/b><\/td>\n<td>S\u1ea3n ph\u1ea9m c\u00f3 ch\u1ee9a\u00a0<b>\u0111\u1eadu n\u00e0nh, m\u1ee7 t\u1ea1t<\/b>.<\/td>\n<\/tr>\n<\/tbody>\n<\/table>\n<p data-start=\"584\" data-end=\"927\">H\u01b0\u01a1ng v\u1ecb H\u1ed3ng K\u00f4ng hay T\u1ee9 Xuy\u00ean th\u01b0\u1eddng \u0111\u01b0\u1ee3c nh\u1edb \u0111\u1ebfn b\u1edfi l\u1edbp n\u01b0\u1edbc d\u00f9ng \u0111\u1eadm \u0111\u00e0, \u1ea5m \u00e1p v\u00e0 s\u00e2u v\u1ecb, n\u01a1i x\u01b0\u01a1ng, gia v\u1ecb v\u00e0 th\u1eddi gian c\u00f9ng nhau t\u1ea1o n\u00ean m\u1ed9t n\u1ec1n v\u1ecb c\u00f3 chi\u1ec1u s\u00e2u; L\u1ea9u H\u1ea7m X\u01b0\u01a1ng T\u1ee9 Xuy\u00ean \u00d4ng Ch\u00e0 V\u00e0 t\u00e1i hi\u1ec7n n\u00e9t tinh t\u00fay \u1ea5y trong m\u1ed9t g\u00f3i ti\u1ec7n l\u1ee3i, cho ph\u00e9p nh\u1eefng n\u1ed3i l\u1ea9u th\u01a1m ng\u1eady, v\u1ecb x\u01b0\u01a1ng thanh m\u00e0 v\u1eabn \u0111\u1eadm, \u0111\u01b0\u1ee3c n\u1ea5u nhanh ngay t\u1ea1i gia.<\/p>\n<p data-start=\"584\" data-end=\"927\"><img fetchpriority=\"high\" decoding=\"async\" class=\"aligncenter  wp-image-43052\" src=\"https:\/\/havamall.com\/wp-content\/uploads\/2025\/10\/lau-suon-sun-chua-cay-thumbnail.jpg\" alt=\"\" width=\"801\" height=\"451\" \/><\/p>\n<p data-start=\"929\" data-end=\"1424\">N\u01b0\u1edbc d\u00f9ng \u0111\u01b0\u1ee3c ch\u1ebf bi\u1ebfn c\u00e2n b\u1eb1ng t\u1eeb chi\u1ebft xu\u1ea5t x\u01b0\u01a1ng g\u00e0 c\u00f4 \u0111\u1eb7c h\u00f2a c\u00f9ng h\u01b0\u01a1ng n\u1ea5m h\u01b0\u01a1ng, g\u1eebng v\u00e0 c\u00e1c th\u1ea3o m\u1ed9c truy\u1ec1n th\u1ed1ng, t\u1ea1o n\u00ean m\u1ed9t t\u1ea7ng v\u1ecb \u1ea5m m\u01b0\u1ee3t: \u0111\u1ea7u ti\u00ean l\u00e0 v\u1ecb ng\u1ecdt t\u1ef1 nhi\u00ean c\u1ee7a x\u01b0\u01a1ng \u0111\u01b0\u1ee3c c\u00f4 l\u1ea1i, ti\u1ebfp theo l\u00e0 l\u1edbp m\u00f9i th\u01a1m c\u1ee7a h\u00e0nh t\u00e2y v\u00e0 g\u1eebng, r\u1ed3i d\u1ea7n lan ra h\u1eadu v\u1ecb \u1ea5m, tho\u1ea3ng ti\u00eau v\u00e0 h\u1ed3i; to\u00e0n b\u1ed9 h\u00f2a quy\u1ec7n \u0111\u1ec3 \u0111em l\u1ea1i c\u1ea3m gi\u00e1c tr\u00f2n v\u1ecb m\u00e0 kh\u00f4ng h\u1ec1 n\u1eb7ng m\u00f9i hay g\u1eaft. K\u1ebft c\u1ea5u n\u01b0\u1edbc d\u00f9ng \u0111\u1ea1t \u0111\u1ed9 s\u00e1nh nh\u1eb9, \u0111\u1ee7 \u0111\u1ec3 \u00f4m tr\u1ecdn nguy\u00ean li\u1ec7u khi nh\u00fang m\u00e0 v\u1eabn gi\u1eef \u0111\u01b0\u1ee3c \u0111\u1ed9 trong v\u00e0 t\u01b0\u01a1i c\u1ee7a th\u1ef1c ph\u1ea9m.<\/p>\n<p data-start=\"929\" data-end=\"1424\"><img decoding=\"async\" class=\"aligncenter  wp-image-43053\" src=\"https:\/\/havamall.com\/wp-content\/uploads\/2025\/10\/t12-1200x676-1.jpg\" alt=\"\" width=\"802\" height=\"452\" \/><\/p>\n<p data-start=\"1426\" data-end=\"1862\">C\u00f4ng th\u1ee9c t\u1ed1i \u01b0u gi\u00fap ti\u1ebft ki\u1ec7m th\u1eddi gian nh\u01b0ng kh\u00f4ng hy sinh h\u01b0\u01a1ng v\u1ecb truy\u1ec1n th\u1ed1ng: ch\u1ec9 c\u1ea7n \u0111un s\u00f4i 600 ml n\u01b0\u1edbc, h\u00f2a g\u00f3i l\u1ea9u, th\u00eam nguy\u00ean li\u1ec7u t\u01b0\u01a1i l\u00e0 c\u00f3 ngay n\u1ed3i l\u1ea9u cho 3\u20135 ng\u01b0\u1eddi, ph\u00f9 h\u1ee3p cho b\u1eefa gia \u0111\u00ecnh ho\u1eb7c bu\u1ed5i h\u1ecdp m\u1eb7t nhanh. S\u1ea3n ph\u1ea9m \u0111\u1eb7c bi\u1ec7t th\u00edch h\u1ee3p khi mu\u1ed1n c\u00f3 n\u1ec1n v\u1ecb thanh v\u00e0 \u0111\u1eadm c\u00f9ng l\u00fac, h\u1ed7 tr\u1ee3 c\u00e1c nguy\u00ean li\u1ec7u nh\u01b0 th\u1ecbt b\u00f2 th\u00e1i m\u1ecfng, s\u01b0\u1eddn, x\u01b0\u01a1ng h\u1ea7m, t\u00f4m, c\u00e1 hay c\u00e1c lo\u1ea1i n\u1ea5m v\u00e0 rau xanh \u0111\u01b0\u1ee3c t\u00f4n l\u00ean h\u01b0\u01a1ng v\u1ecb t\u1ef1 nhi\u00ean.<\/p>\n<p data-start=\"1864\" data-end=\"2127\">\u2013 H\u01b0\u01a1ng v\u1ecb x\u01b0\u01a1ng g\u00e0 \u0111\u1eadm \u0111\u00e0, h\u1eadu v\u1ecb \u1ea5m v\u00e0 m\u01b0\u1ee3t.<br data-start=\"1910\" data-end=\"1913\" \/>\u2013 K\u1ebft c\u1ea5u n\u01b0\u1edbc d\u00f9ng s\u00e1nh nh\u1eb9, trong v\u00e0 gi\u1eef v\u1ecb nguy\u00ean li\u1ec7u.<br data-start=\"1971\" data-end=\"1974\" \/>\u2013 D\u1ec5 pha ch\u1ebf, ti\u1ebft ki\u1ec7m th\u1eddi gian, th\u00edch h\u1ee3p cho 3\u20135 ng\u01b0\u1eddi.<br data-start=\"2033\" data-end=\"2036\" \/>\u2013 Th\u00edch h\u1ee3p d\u00f9ng l\u00e0m n\u01b0\u1edbc d\u00f9ng cho b\u00fan, m\u00ec ho\u1eb7c n\u1ea5u ch\u00e1o, thay th\u1ebf kh\u00e2u h\u1ea7m x\u01b0\u01a1ng c\u1ea7u k\u1ef3.<\/p>\n<p data-start=\"1864\" data-end=\"2127\"><img decoding=\"async\" class=\"aligncenter  wp-image-43055\" src=\"https:\/\/havamall.com\/wp-content\/uploads\/2025\/10\/68b32683e4d45ac835e566f3fbc0e386_banner_lau_hadilao_tai_nha.jpg\" alt=\"\" width=\"801\" height=\"634\" \/><\/p>\n<p data-start=\"2129\" data-end=\"2602\">Khi th\u01b0\u1edfng th\u1ee9c, n\u01b0\u1edbc d\u00f9ng h\u1ea7m x\u01b0\u01a1ng cho c\u1ea3m gi\u00e1c \u1ea5m \u00e1p v\u00e0 \u0111\u1ea7y \u0111\u1eb7n: mi\u1ebfng th\u1ecbt ch\u00edn t\u1edbi th\u1ea5m v\u1ecb ng\u1ecdt d\u1ecbu, rau xanh gi\u1eef \u0111\u01b0\u1ee3c \u0111\u1ed9 gi\u00f2n, c\u00f2n l\u1edbp n\u01b0\u1edbc l\u1ea9u \u00f4m tr\u1ecdn m\u00e0 kh\u00f4ng l\u1ea5n \u00e1t; nh\u1eefng l\u00e1t s\u1ee5n nh\u1ecf hay x\u01b0\u01a1ng nh\u1ecf khi nh\u00fang \u0111\u1ec1u b\u1ed5 sung \u0111\u1ed9 ng\u1ecdt t\u1ef1 nhi\u00ean, khi\u1ebfn b\u1eefa \u0103n tr\u1edf n\u00ean tr\u00f2n \u0111\u1ea7y h\u01a1n. Nhi\u1ec1u ng\u01b0\u1eddi \u0111\u00e1nh gi\u00e1 L\u1ea9u H\u1ea7m X\u01b0\u01a1ng c\u1ee7a \u00d4ng Ch\u00e0 V\u00e0 l\u00e0 l\u1ef1a ch\u1ecdn l\u00fd t\u01b0\u1edfng khi c\u1ea7n m\u1ed9t n\u1ed3i l\u1ea9u \u201cc\u00f3 chi\u1ec1u s\u00e2u\u201d m\u00e0 v\u1eabn nhanh g\u1ecdn, khi mu\u1ed1n \u0111\u00e3i kh\u00e1ch nh\u01b0ng kh\u00f4ng mu\u1ed1n m\u1ea5t nhi\u1ec1u th\u1eddi gian chu\u1ea9n b\u1ecb.<\/p>\n<p data-start=\"2129\" data-end=\"2602\"><img loading=\"lazy\" decoding=\"async\" class=\"aligncenter  wp-image-43054\" src=\"https:\/\/havamall.com\/wp-content\/uploads\/2025\/10\/Buoc-5-5-8021-1675138684.webp\" alt=\"\" width=\"801\" height=\"534\" \/><\/p>\n<p data-start=\"2604\" data-end=\"2877\">V\u1ec1 b\u1ea3o qu\u1ea3n v\u00e0 th\u00e0nh ph\u1ea7n, s\u1ea3n ph\u1ea9m \u0111\u01b0\u1ee3c \u0111\u00f3ng g\u00f3i ti\u1ec7n d\u1ee5ng, d\u1ec5 d\u00e0ng l\u01b0u tr\u1eef; th\u00e0nh ph\u1ea7n ch\u00ednh l\u00e0 chi\u1ebft xu\u1ea5t x\u01b0\u01a1ng, n\u1ea5m h\u01b0\u01a1ng, gia v\u1ecb t\u1ef1 nhi\u00ean v\u00e0 c\u00e1c th\u1ea3o m\u1ed9c, \u0111\u01b0\u1ee3c ch\u1ebf bi\u1ebfn theo ti\u00eau chu\u1ea9n an to\u00e0n th\u1ef1c ph\u1ea9m, ph\u00f9 h\u1ee3p cho c\u1ea3 gia \u0111\u00ecnh mu\u1ed1n \u0111\u1ed5i v\u1ecb m\u00e0 v\u1eabn \u0111\u1ea3m b\u1ea3o ch\u1ea5t l\u01b0\u1ee3ng.<\/p>\n<p data-start=\"2879\" data-end=\"3073\">L\u1ea9u H\u1ea7m X\u01b0\u01a1ng T\u1ee9 Xuy\u00ean \u00d4ng Ch\u00e0 V\u00e0 150g l\u00e0 gi\u1ea3i ph\u00e1p cho nh\u1eefng b\u1eefa \u0103n c\u1ea7n h\u01b0\u01a1ng v\u1ecb truy\u1ec1n th\u1ed1ng, \u1ea5m \u00e1p v\u00e0 \u0111\u1ea7y dinh d\u01b0\u1ee1ng m\u00e0 kh\u00f4ng t\u1ed1n nhi\u1ec1u c\u00f4ng s\u1ee9c chu\u1ea9n b\u1ecb.\u00a0<strong data-start=\"3037\" data-end=\"3073\">Hi\u1ec7n \u0111ang \u0111\u01b0\u1ee3c b\u00e1n t\u1ea1i Havamall.<\/strong><\/p>","protected":false},"excerpt":{"rendered":"<p>TH\u00d4NG TIN CHUNG Th\u01b0\u01a1ng hi\u1ec7u \u00d4ng Ch\u00e0 V\u00e0 (Th\u00e0nh l\u1eadp 1939) Xu\u1ea5t x\u1ee9 S\u1ea3n xu\u1ea5t t\u1ea1i T\u1ee9 Xuy\u00ean Manli Longzhu<\/p>","protected":false},"featured_media":43320,"comment_status":"open","ping_status":"closed","template":"","meta":[],"product_brand":[],"product_cat":[677,154,36],"product_tag":[],"class_list":{"0":"post-43319","1":"product","2":"type-product","3":"status-publish","4":"has-post-thumbnail","6":"product_cat-cac-nuoc-khac","7":"product_cat-gia-vi","8":"product_cat-thuc-pham-tieu-dung","10":"first","11":"instock","12":"sale","13":"shipping-taxable","14":"purchasable","15":"product-type-simple"},"_links":{"self":[{"href":"https:\/\/havamall.vn\/en\/wp-json\/wp\/v2\/product\/43319"}],"collection":[{"href":"https:\/\/havamall.vn\/en\/wp-json\/wp\/v2\/product"}],"about":[{"href":"https:\/\/havamall.vn\/en\/wp-json\/wp\/v2\/types\/product"}],"replies":[{"embeddable":true,"href":"https:\/\/havamall.vn\/en\/wp-json\/wp\/v2\/comments?post=43319"}],"version-history":[{"count":0,"href":"https:\/\/havamall.vn\/en\/wp-json\/wp\/v2\/product\/43319\/revisions"}],"wp:featuredmedia":[{"embeddable":true,"href":"https:\/\/havamall.vn\/en\/wp-json\/wp\/v2\/media\/43320"}],"wp:attachment":[{"href":"https:\/\/havamall.vn\/en\/wp-json\/wp\/v2\/media?parent=43319"}],"wp:term":[{"taxonomy":"product_brand","embeddable":true,"href":"https:\/\/havamall.vn\/en\/wp-json\/wp\/v2\/product_brand?post=43319"},{"taxonomy":"product_cat","embeddable":true,"href":"https:\/\/havamall.vn\/en\/wp-json\/wp\/v2\/product_cat?post=43319"},{"taxonomy":"product_tag","embeddable":true,"href":"https:\/\/havamall.vn\/en\/wp-json\/wp\/v2\/product_tag?post=43319"}],"curies":[{"name":"wp","href":"https:\/\/api.w.org\/{rel}","templated":true}]}}