{"id":43301,"date":"2025-10-28T15:21:03","date_gmt":"2025-10-28T08:21:03","guid":{"rendered":"https:\/\/havamall.vn\/?post_type=product&#038;p=43301"},"modified":"2025-10-29T09:06:13","modified_gmt":"2025-10-29T02:06:13","slug":"banh-quy-bo-tong-hop-nhat-ban-bourbon-hop-thiec-xanh-60-cai-bourbon-torte-cookies","status":"publish","type":"product","link":"https:\/\/havamall.vn\/en\/shop\/banh-quy-bo-tong-hop-nhat-ban-bourbon-hop-thiec-xanh-60-cai-bourbon-torte-cookies\/","title":{"rendered":"B\u00e1nh Quy B\u01a1 Nh\u1eadt B\u1ea3n Bourbon H\u1ed9p Thi\u1ebfc Xanh 60 C\u00e1i \u2013 Bourbon Butter Cookies"},"content":{"rendered":"<blockquote>\n<h2><em><strong>TH\u00d4NG TIN CHUNG<\/strong><\/em><\/h2>\n<\/blockquote>\n<table style=\"width: 55.1955%;height: 73px\">\n<tbody>\n<tr>\n<td><b>Th\u01b0\u01a1ng hi\u1ec7u<\/b><\/td>\n<td>BOURBON<\/td>\n<\/tr>\n<tr>\n<td><b>Xu\u1ea5t x\u1ee9<\/b><\/td>\n<td>Nh\u1eadt B\u1ea3n<\/td>\n<\/tr>\n<tr>\n<td><b>Th\u00e0nh ph\u1ea7n<\/b><\/td>\n<td>Xem tr\u1ef1c ti\u1ebfp tr\u00ean bao b\u00ec<\/td>\n<\/tr>\n<tr>\n<td><b>H\u1ea1n s\u1eed d\u1ee5ng<\/b><\/td>\n<td>Xem tr\u1ef1c ti\u1ebfp tr\u00ean bao b\u00ec<\/td>\n<\/tr>\n<tr>\n<td><b>B\u1ea3o qu\u1ea3n<\/b><\/td>\n<td>B\u1ea3o qu\u1ea3n n\u01a1i kh\u00f4 r\u00e1o, tho\u00e1ng m\u00e1t<\/td>\n<\/tr>\n<tr>\n<td><b>Kh\u1ed1i l\u01b0\u1ee3ng<\/b><\/td>\n<td>H\u1ed9p 60 Chi\u1ebfc<\/td>\n<\/tr>\n<\/tbody>\n<\/table>\n<p data-start=\"761\" data-end=\"1251\">Bourbon \u2013 th\u01b0\u01a1ng hi\u1ec7u b\u00e1nh k\u1eb9o n\u1ed5i ti\u1ebfng c\u1ee7a Nh\u1eadt \u2013 v\u1ed1n \u0111\u01b0\u1ee3c bi\u1ebft \u0111\u1ebfn b\u1edfi s\u1ef1 c\u1ea7u to\u00e0n trong quy tr\u00ecnh ch\u1ebf bi\u1ebfn v\u00e0 c\u00e1ch g\u00ecn gi\u1eef h\u01b0\u01a1ng v\u1ecb t\u1ef1 nhi\u00ean. \u1ede h\u1ed9p b\u00e1nh quy b\u01a1 n\u00e0y, t\u1eebng chi\u1ebfc b\u00e1nh \u0111\u1ec1u \u0111\u01b0\u1ee3c n\u01b0\u1edbng theo c\u00f4ng th\u1ee9c c\u1ed5 \u0111i\u1ec3n, d\u1ef1a tr\u00ean t\u1ec9 l\u1ec7 b\u01a1 chu\u1ea9n x\u00e1c, mang \u0111\u1ebfn v\u1ecb b\u00e9o m\u01b0\u1ee3t m\u00e0 m\u00e0 kh\u00f4ng h\u1ec1 ng\u1ea5y. C\u1eafn m\u1ed9t mi\u1ebfng, l\u1edbp b\u00e1nh gi\u00f2n r\u1ee5m tan d\u1ea7n, h\u01b0\u01a1ng b\u01a1 thu\u1ea7n khi\u1ebft d\u1eady l\u00ean t\u1eeb t\u1eeb, k\u1ebft h\u1ee3p c\u00f9ng v\u1ecb ng\u1ecdt d\u1ecbu v\u00e0 h\u1eadu th\u01a1m thoang tho\u1ea3ng c\u1ee7a s\u1eefa, khi\u1ebfn v\u1ecb gi\u00e1c \u0111\u01b0\u1ee3c bao ph\u1ee7 b\u1edfi c\u1ea3m gi\u00e1c m\u1ec1m m\u1ea1i v\u00e0 \u00eam \u00e1i.<\/p>\n<p data-start=\"761\" data-end=\"1251\"><img fetchpriority=\"high\" decoding=\"async\" class=\"aligncenter wp-image-43016\" src=\"https:\/\/havamall.com\/wp-content\/uploads\/2025\/10\/1355b70d6929fdd6e373b005f15e5cdd.png\" alt=\"\" width=\"804\" height=\"804\" \/><\/p>\n<p data-start=\"1253\" data-end=\"1756\">\u0110i\u1ec3m \u0111\u1eb7c bi\u1ec7t khi\u1ebfn Bourbon Butter Cookies tr\u1edf n\u00ean cu\u1ed1n h\u00fat l\u00e0\u00a0<strong data-start=\"1316\" data-end=\"1351\">s\u1ef1 \u0111a d\u1ea1ng trong t\u1eebng ki\u1ec3u b\u00e1nh<\/strong>. M\u1ed9t h\u1ed9p g\u1ed3m nhi\u1ec1u h\u00ecnh d\u00e1ng v\u00e0 h\u01b0\u01a1ng v\u1ecb kh\u00e1c nhau \u2013 t\u1eeb b\u00e1nh xo\u1eafn, b\u00e1nh tr\u00f2n l\u01b0\u1ee3n s\u00f3ng \u0111\u1ebfn b\u00e1nh quy c\u00f3 xen v\u1ecb cacao nh\u00e8 nh\u1eb9 \u2013 t\u1ea5t c\u1ea3 \u0111\u01b0\u1ee3c s\u1eafp x\u1ebfp tinh g\u1ecdn trong khay, v\u1eeba \u0111\u1eb9p m\u1eaft v\u1eeba ti\u1ec7n th\u01b0\u1edfng th\u1ee9c. M\u1ed7i lo\u1ea1i b\u00e1nh l\u1ea1i c\u00f3 m\u1ed9t s\u1eafc th\u00e1i ri\u00eang: chi\u1ebfc b\u00e1nh tr\u01a1n m\u1ecbn c\u00f3 v\u1ecb b\u01a1 \u0111\u1eadm, lo\u1ea1i c\u00f3 \u0111\u01b0\u1eddng r\u1eafc nh\u1eb9 mang v\u1ecb ng\u1ecdt thanh, c\u00f2n b\u00e1nh pha cacao th\u00ec th\u00eam ch\u00fat \u0111\u1eafng nh\u1eb9 l\u00e0m v\u1ecb b\u01a1 c\u00e0ng th\u00eam r\u00f5 r\u00e0ng v\u00e0 quy\u1ebfn r\u0169 h\u01a1n.<\/p>\n<p data-start=\"1253\" data-end=\"1756\"><img decoding=\"async\" class=\"aligncenter wp-image-43017\" src=\"https:\/\/havamall.com\/wp-content\/uploads\/2025\/10\/4901360346752-5.jpg\" alt=\"\" width=\"800\" height=\"800\" \/><\/p>\n<p data-start=\"1758\" data-end=\"2162\">V\u1edbi h\u00e0m l\u01b0\u1ee3ng b\u01a1 \u0111\u1ea1t chu\u1ea9n, Bourbon Butter Cookies t\u1ea1o n\u00ean\u00a0<strong data-start=\"1817\" data-end=\"1842\">\u0111\u1ed9 gi\u00f2n t\u01a1i \u0111\u1eb7c tr\u01b0ng<\/strong>\u00a0m\u00e0 \u00edt lo\u1ea1i b\u00e1nh quy kh\u00e1c c\u00f3 \u0111\u01b0\u1ee3c. Kh\u00f4ng qu\u00e1 c\u1ee9ng nh\u01b0 b\u00e1nh quy ki\u1ec3u \u00c2u, c\u0169ng kh\u00f4ng m\u1ec1m nh\u01b0 b\u00e1nh quy x\u1ed1p th\u00f4ng th\u01b0\u1eddng, b\u00e1nh Bourbon n\u1eb1m tr\u1ecdn \u1edf ranh gi\u1edbi v\u1eeba v\u1eb7n \u2013 m\u1ed7i l\u1ea7n c\u1eafn l\u00e0 m\u1ed9t \u00e2m thanh gi\u00f2n nh\u1eb9, tan ra t\u1eeb t\u1eeb trong mi\u1ec7ng m\u00e0 v\u1eabn \u0111\u1ecdng l\u1ea1i d\u01b0 v\u1ecb b\u00e9o th\u01a1m. C\u1ea3m gi\u00e1c \u1ea5y khi\u1ebfn ng\u01b0\u1eddi ta kh\u00f3 l\u00f2ng d\u1eebng l\u1ea1i ch\u1ec9 sau m\u1ed9t mi\u1ebfng.<\/p>\n<p data-start=\"1758\" data-end=\"2162\"><img decoding=\"async\" class=\"aligncenter wp-image-43018\" src=\"https:\/\/havamall.com\/wp-content\/uploads\/2025\/10\/4901360346752-4.jpg\" alt=\"\" width=\"800\" height=\"800\" \/><\/p>\n<p data-start=\"2164\" data-end=\"2595\">Kh\u00f4ng ch\u1ec9 ch\u00fa tr\u1ecdng h\u01b0\u01a1ng v\u1ecb, h\u1ed9p b\u00e1nh c\u00f2n th\u1ec3 hi\u1ec7n r\u00f5 n\u00e9t tinh th\u1ea7n \u201comotenashi\u201d \u2013 s\u1ef1 ch\u0103m ch\u00fat trong t\u1eebng chi ti\u1ebft c\u1ee7a ng\u01b0\u1eddi Nh\u1eadt. V\u1ecf h\u1ed9p m\u00e0u xanh d\u1ecbu mang c\u1ea3m gi\u00e1c sang tr\u1ecdng, thanh nh\u00e3, ph\u00f9 h\u1ee3p \u0111\u1ec3 bi\u1ebfu t\u1eb7ng ho\u1eb7c d\u00f9ng trong nh\u1eefng d\u1ecbp sum h\u1ecdp. B\u00ean trong, b\u00e1nh \u0111\u01b0\u1ee3c chia ng\u0103n g\u1ecdn g\u00e0ng, gi\u1eef nguy\u00ean h\u00ecnh d\u1ea1ng v\u00e0 \u0111\u1ed9 gi\u00f2n d\u00f9 qua v\u1eadn chuy\u1ec3n. T\u1eebng chi\u1ebfc nh\u01b0 \u0111\u01b0\u1ee3c \u201c\u0111\u1eb7t \u0111\u1ec3\u201d c\u1ea9n th\u1eadn, th\u1ec3 hi\u1ec7n tinh th\u1ea7n t\u1ec9 m\u1ec9 v\u1ed1n l\u00e0 \u0111\u1eb7c tr\u01b0ng c\u1ee7a Bourbon.<\/p>\n<p data-start=\"2164\" data-end=\"2595\"><img loading=\"lazy\" decoding=\"async\" class=\"aligncenter wp-image-43019\" src=\"https:\/\/havamall.com\/wp-content\/uploads\/2025\/10\/17314832014.jpg\" alt=\"\" width=\"800\" height=\"800\" \/><\/p>\n<p data-start=\"2597\" data-end=\"2992\">M\u1ed9t \u0111i\u1ec3m \u0111\u00e1ng ch\u00fa \u00fd kh\u00e1c l\u00e0\u00a0<strong data-start=\"2625\" data-end=\"2645\">\u0111\u1ed9 ng\u1ecdt v\u1eeba ph\u1ea3i<\/strong>, \u0111\u01b0\u1ee3c tinh ch\u1ec9nh theo kh\u1ea9u v\u1ecb Nh\u1eadt B\u1ea3n \u2013 nh\u1eb9, tinh t\u1ebf v\u00e0 d\u1ec5 ch\u1ecbu. Ch\u00ednh s\u1ef1 ti\u1ebft ch\u1ebf \u1ea5y khi\u1ebfn h\u01b0\u01a1ng b\u01a1 tr\u1edf th\u00e0nh t\u00e2m \u0111i\u1ec3m c\u1ee7a tr\u1ea3i nghi\u1ec7m, n\u1ed5i b\u1eadt nh\u01b0ng kh\u00f4ng l\u1ea5n \u00e1t, b\u00e9o m\u00e0 v\u1eabn thanh, ph\u00f9 h\u1ee3p cho c\u1ea3 ng\u01b0\u1eddi l\u1edbn l\u1eabn tr\u1ebb nh\u1ecf. Khi d\u00f9ng c\u00f9ng tr\u00e0 \u0111en, c\u00e0 ph\u00ea hay s\u1eefa \u1ea5m, v\u1ecb b\u00e1nh c\u00e0ng tr\u1edf n\u00ean h\u00e0i h\u00f2a, gi\u00fap c\u00e2n b\u1eb1ng v\u1ecb gi\u00e1c v\u00e0 kh\u01a1i d\u1eady c\u1ea3m gi\u00e1c th\u01b0 th\u00e1i.<\/p>\n<p data-start=\"3698\" data-end=\"3887\">Bourbon Butter Cookies \u2013 l\u1ef1a ch\u1ecdn cho nh\u1eefng ai tr\u00e2n tr\u1ecdng s\u1ef1 ch\u1ec9n chu, y\u00eau v\u1ecb b\u01a1 thu\u1ea7n khi\u1ebft v\u00e0 t\u00ecm ki\u1ebfm ch\u00fat ng\u1ecdt ng\u00e0o c\u00e2n b\u1eb1ng gi\u1eefa nh\u1ecbp s\u1ed1ng hi\u1ec7n \u0111\u1ea1i \u2013 hi\u1ec7n \u0111ang \u0111\u01b0\u1ee3c b\u00e1n t\u1ea1i Havamall.<\/p>","protected":false},"excerpt":{"rendered":"<p>TH\u00d4NG TIN CHUNG Th\u01b0\u01a1ng hi\u1ec7u BOURBON Xu\u1ea5t x\u1ee9 Nh\u1eadt B\u1ea3n Th\u00e0nh ph\u1ea7n Xem tr\u1ef1c ti\u1ebfp tr\u00ean bao b\u00ec H\u1ea1n s\u1eed<\/p>","protected":false},"featured_media":43302,"comment_status":"open","ping_status":"closed","template":"","meta":[],"product_brand":[],"product_cat":[675,133],"product_tag":[],"class_list":{"0":"post-43301","1":"product","2":"type-product","3":"status-publish","4":"has-post-thumbnail","6":"product_cat-nhap-khau-nhat-ban","7":"product_cat-banh-keo-chocolate","9":"first","10":"instock","11":"sale","12":"shipping-taxable","13":"purchasable","14":"product-type-simple"},"_links":{"self":[{"href":"https:\/\/havamall.vn\/en\/wp-json\/wp\/v2\/product\/43301"}],"collection":[{"href":"https:\/\/havamall.vn\/en\/wp-json\/wp\/v2\/product"}],"about":[{"href":"https:\/\/havamall.vn\/en\/wp-json\/wp\/v2\/types\/product"}],"replies":[{"embeddable":true,"href":"https:\/\/havamall.vn\/en\/wp-json\/wp\/v2\/comments?post=43301"}],"version-history":[{"count":0,"href":"https:\/\/havamall.vn\/en\/wp-json\/wp\/v2\/product\/43301\/revisions"}],"wp:featuredmedia":[{"embeddable":true,"href":"https:\/\/havamall.vn\/en\/wp-json\/wp\/v2\/media\/43302"}],"wp:attachment":[{"href":"https:\/\/havamall.vn\/en\/wp-json\/wp\/v2\/media?parent=43301"}],"wp:term":[{"taxonomy":"product_brand","embeddable":true,"href":"https:\/\/havamall.vn\/en\/wp-json\/wp\/v2\/product_brand?post=43301"},{"taxonomy":"product_cat","embeddable":true,"href":"https:\/\/havamall.vn\/en\/wp-json\/wp\/v2\/product_cat?post=43301"},{"taxonomy":"product_tag","embeddable":true,"href":"https:\/\/havamall.vn\/en\/wp-json\/wp\/v2\/product_tag?post=43301"}],"curies":[{"name":"wp","href":"https:\/\/api.w.org\/{rel}","templated":true}]}}