{"id":43298,"date":"2025-10-28T15:02:59","date_gmt":"2025-10-28T08:02:59","guid":{"rendered":"https:\/\/havamall.vn\/?post_type=product&#038;p=43298"},"modified":"2025-10-28T15:02:59","modified_gmt":"2025-10-28T08:02:59","slug":"banh-quy-bo-tong-hop-nhat-ban-bourbon-torte-cookies-hop-thiec-hong-60-cai-bourbon-torte-cookies","status":"publish","type":"product","link":"https:\/\/havamall.vn\/en\/shop\/banh-quy-bo-tong-hop-nhat-ban-bourbon-torte-cookies-hop-thiec-hong-60-cai-bourbon-torte-cookies\/","title":{"rendered":"B\u00e1nh Quy B\u01a1 T\u1ed5ng H\u1ee3p Nh\u1eadt B\u1ea3n Bourbon Torte Cookies H\u1ed9p Thi\u1ebfc H\u1ed3ng 60 C\u00e1i \u2013 Bourbon Torte Cookies"},"content":{"rendered":"<blockquote>\n<h2><em><strong>TH\u00d4NG TIN CHUNG<\/strong><\/em><\/h2>\n<\/blockquote>\n<table style=\"width: 55.1229%;height: 144px\">\n<tbody>\n<tr>\n<td><b>Th\u01b0\u01a1ng hi\u1ec7u<\/b><\/td>\n<td>BOURBON<\/td>\n<\/tr>\n<tr>\n<td><b>Xu\u1ea5t x\u1ee9<\/b><\/td>\n<td>Nh\u1eadt B\u1ea3n<\/td>\n<\/tr>\n<tr>\n<td><b>Th\u00e0nh ph\u1ea7n<\/b><\/td>\n<td>Xem tr\u1ef1c ti\u1ebfp tr\u00ean bao b\u00ec<\/td>\n<\/tr>\n<tr>\n<td><b>H\u1ea1n s\u1eed d\u1ee5ng<\/b><\/td>\n<td>Xem tr\u1ef1c ti\u1ebfp tr\u00ean bao b\u00ec<\/td>\n<\/tr>\n<tr>\n<td><b>B\u1ea3o qu\u1ea3n<\/b><\/td>\n<td>B\u1ea3o qu\u1ea3n n\u01a1i kh\u00f4 r\u00e1o, tho\u00e1ng m\u00e1t<\/td>\n<\/tr>\n<tr>\n<td><b>Kh\u1ed1i l\u01b0\u1ee3ng<\/b><\/td>\n<td>H\u1ed9p 60 Chi\u1ebfc<\/td>\n<\/tr>\n<\/tbody>\n<\/table>\n<p data-start=\"431\" data-end=\"833\">Bourbon Torte Cookies l\u00e0 d\u00f2ng b\u00e1nh quy cao c\u1ea5p \u0111\u1ebfn t\u1eeb Nh\u1eadt B\u1ea3n, \u0111\u01b0\u1ee3c y\u00eau th\u00edch b\u1edfi s\u1ef1 tinh t\u1ebf trong h\u01b0\u01a1ng v\u1ecb v\u00e0 v\u1ebb ngo\u00e0i sang tr\u1ecdng. H\u1ed9p b\u00e1nh m\u00e0u h\u1ed3ng d\u1ecbu nh\u1eb9 ch\u1ee9a \u0111\u1ef1ng nh\u1eefng chi\u1ebfc b\u00e1nh nh\u1ecf xinh, \u0111\u01b0\u1ee3c s\u1eafp \u0111\u1eb7t kh\u00e9o l\u00e9o trong khay tr\u00f2n, m\u1ed7i lo\u1ea1i mang m\u1ed9t phong c\u00e1ch ri\u00eang nh\u01b0ng c\u00f9ng th\u1ec3 hi\u1ec7n chu\u1ea9n m\u1ef1c tinh t\u1ebf \u0111\u1eb7c tr\u01b0ng c\u1ee7a th\u01b0\u01a1ng hi\u1ec7u Bourbon \u2013 nh\u1eb9 nh\u00e0ng, thanh l\u1ecbch v\u00e0 \u0111\u1eadm d\u1ea5u \u1ea5n \u201cng\u1ecdt ng\u00e0o ki\u1ec3u Nh\u1eadt\u201d.<\/p>\n<p data-start=\"431\" data-end=\"833\"><img fetchpriority=\"high\" decoding=\"async\" class=\"aligncenter  wp-image-43011\" src=\"https:\/\/havamall.com\/wp-content\/uploads\/2025\/10\/e22b414008ac1b2999677a6010488c11.png\" alt=\"\" width=\"801\" height=\"801\" \/><\/p>\n<p data-start=\"835\" data-end=\"1292\">B\u00ean trong h\u1ed9p l\u00e0 s\u1ef1 k\u1ebft h\u1ee3p h\u00e0i h\u00f2a gi\u1eefa nhi\u1ec1u lo\u1ea1i b\u00e1nh quy kh\u00e1c nhau \u2013 t\u1eeb nh\u1eefng chi\u1ebfc b\u00e1nh b\u01a1 gi\u00f2n x\u1ed1p, b\u00e1nh quy k\u1eb9p kem chocolate, \u0111\u1ebfn b\u00e1nh ph\u1ee7 l\u1edbp s\u00f4 c\u00f4 la tr\u1eafng m\u1ecbn hay xen k\u1ebd v\u1ecb cacao \u0111\u1eadm. M\u1ed7i chi\u1ebfc b\u00e1nh mang h\u00ecnh d\u00e1ng ri\u00eang bi\u1ec7t, c\u00f3 lo\u1ea1i h\u00ecnh tr\u00f2n, lo\u1ea1i xo\u1eafn, c\u00f3 lo\u1ea1i vi\u1ec1n r\u0103ng c\u01b0a tinh x\u1ea3o nh\u01b0 m\u1ed9t b\u00f4ng hoa nh\u1ecf. S\u1ef1 \u0111a d\u1ea1ng \u1ea5y t\u1ea1o n\u00ean m\u1ed9t t\u1ed5ng th\u1ec3 v\u1eeba b\u1eaft m\u1eaft v\u1eeba h\u1ea5p d\u1eabn, khi\u1ebfn ng\u01b0\u1eddi th\u01b0\u1edfng th\u1ee9c mu\u1ed1n ch\u1eadm r\u00e3i c\u1ea3m nh\u1eadn t\u1eebng lo\u1ea1i m\u1ed9t c\u00e1ch ri\u00eang bi\u1ec7t.<\/p>\n<p data-start=\"835\" data-end=\"1292\"><img decoding=\"async\" class=\"aligncenter  wp-image-43008\" src=\"https:\/\/havamall.com\/wp-content\/uploads\/2025\/10\/4901360346745-5.jpg\" alt=\"\" width=\"803\" height=\"803\" \/><\/p>\n<p data-start=\"1294\" data-end=\"1694\">\u0110i\u1ec3m \u0111\u1eb7c tr\u01b0ng c\u1ee7a Bourbon Torte Cookies n\u1eb1m \u1edf\u00a0<strong data-start=\"1341\" data-end=\"1367\">ch\u1ea5t l\u01b0\u1ee3ng nguy\u00ean li\u1ec7u<\/strong>\u00a0\u0111\u01b0\u1ee3c ch\u1ecdn l\u1ecdc k\u1ef9 l\u01b0\u1ee1ng.<br data-start=\"1391\" data-end=\"1394\" \/>\u2013 B\u1ed9t m\u00ec tinh luy\u1ec7n cho k\u1ebft c\u1ea5u b\u00e1nh gi\u00f2n nh\u1eb9 nh\u01b0ng kh\u00f4ng kh\u00f4.<br data-start=\"1456\" data-end=\"1459\" \/>\u2013 B\u01a1 v\u00e0 s\u1eefa t\u1eeb Nh\u1eadt gi\u00fap h\u01b0\u01a1ng v\u1ecb th\u00eam b\u00e9o th\u01a1m, m\u1ec1m m\u1ea1i.<br data-start=\"1516\" data-end=\"1519\" \/>\u2013 Chocolate nguy\u00ean ch\u1ea5t \u0111\u01b0\u1ee3c c\u00e2n ch\u1ec9nh \u0111\u1ec3 v\u1eeba \u0111\u1ee7 \u0111\u1eadm, kh\u00f4ng l\u1ea5n \u00e1t v\u1ecb b\u00e1nh.<br data-start=\"1594\" data-end=\"1597\" \/>\u2013 T\u1ef7 l\u1ec7 \u0111\u01b0\u1eddng \u0111\u01b0\u1ee3c ti\u1ebft ch\u1ebf tinh t\u1ebf, t\u1ea1o n\u00ean v\u1ecb ng\u1ecdt thanh nh\u00e3 \u2013 \u0111\u1eb7c tr\u01b0ng phong c\u00e1ch Nh\u1eadt B\u1ea3n.<\/p>\n<p data-start=\"1696\" data-end=\"2150\">Khi th\u01b0\u1edfng th\u1ee9c, c\u00f3 th\u1ec3 c\u1ea3m nh\u1eadn \u0111\u01b0\u1ee3c s\u1ef1 chuy\u1ec3n bi\u1ebfn m\u01b0\u1ee3t m\u00e0 gi\u1eefa c\u00e1c t\u1ea7ng h\u01b0\u01a1ng v\u1ecb: l\u1edbp b\u00e1nh quy tan nh\u1eb9, xen l\u1eabn ph\u1ea7n kem chocolate ng\u1ecdt d\u1ecbu, \u0111\u1ec3 l\u1ea1i d\u01b0 v\u1ecb b\u00e9o nh\u1eb9 n\u01a1i \u0111\u1ea7u l\u01b0\u1ee1i. M\u1ed9t s\u1ed1 chi\u1ebfc b\u00e1nh \u0111\u01b0\u1ee3c ph\u1ee7 s\u00f4 c\u00f4 la tr\u1eafng mang l\u1ea1i c\u1ea3m gi\u00e1c ng\u1ecdt ng\u00e0o tinh t\u1ebf, trong khi c\u00e1c lo\u1ea1i chocolate \u0111en \u0111em \u0111\u1ebfn \u0111i\u1ec3m nh\u1ea5n c\u00e2n b\u1eb1ng, gi\u00fap t\u1ed5ng th\u1ec3 kh\u00f4ng b\u1ecb ng\u1ea5y. Ch\u00ednh s\u1ef1 \u0111\u1ed1i l\u1eadp h\u00e0i h\u00f2a gi\u1eefa gi\u00f2n \u2013 m\u1ecbn, \u0111\u1eadm \u2013 thanh n\u00e0y khi\u1ebfn h\u1ed9p b\u00e1nh tr\u1edf n\u00ean tr\u1ecdn v\u1eb9n h\u01a1n bao gi\u1edd h\u1ebft.<\/p>\n<p data-start=\"1696\" data-end=\"2150\"><img decoding=\"async\" class=\"aligncenter  wp-image-43009\" src=\"https:\/\/havamall.com\/wp-content\/uploads\/2025\/10\/ffdac0b248f90d0fd0e46b33beb20728.png\" alt=\"\" width=\"801\" height=\"801\" \/><\/p>\n<blockquote>\n<p data-start=\"3017\" data-end=\"3218\"><span style=\"font-size: 14pt\"><em><strong>Torte Cookies ph\u00f9 h\u1ee3p trong nhi\u1ec1u d\u1ecbp kh\u00e1c nhau:<\/strong><\/em><\/span><\/p>\n<\/blockquote>\n<p data-start=\"3017\" data-end=\"3218\">\u2013 Th\u01b0\u1edfng tr\u00e0 chi\u1ec1u ho\u1eb7c c\u00e0 ph\u00ea nh\u1eb9.<br data-start=\"3103\" data-end=\"3106\" \/>\u2013 D\u00f9ng trong c\u00e1c bu\u1ed5i g\u1eb7p g\u1ee1 b\u1ea1n b\u00e8, ti\u1ebfp kh\u00e1ch.<br data-start=\"3154\" data-end=\"3157\" \/>\u2013 L\u00e0m qu\u00e0 t\u1eb7ng sang tr\u1ecdng trong d\u1ecbp l\u1ec5, T\u1ebft ho\u1eb7c sinh nh\u1eadt.<\/p>\n<p data-start=\"3220\" data-end=\"3534\">M\u1ed7i l\u1ea7n m\u1edf h\u1ed9p, h\u01b0\u01a1ng b\u01a1 nh\u1eb9 lan t\u1ecfa, xen l\u1eabn v\u1ecb ng\u1ecdt c\u1ee7a chocolate v\u00e0 c\u1ea3m gi\u00e1c gi\u00f2n tan tinh t\u1ebf khi\u1ebfn kh\u00f4ng gian d\u01b0\u1eddng nh\u01b0 tr\u1edf n\u00ean \u1ea5m \u00e1p h\u01a1n. Ch\u00ednh v\u00ec v\u1eady, nhi\u1ec1u ng\u01b0\u1eddi xem Bourbon Torte Cookies kh\u00f4ng ch\u1ec9 l\u00e0 b\u00e1nh, m\u00e0 c\u00f2n l\u00e0 m\u1ed9t ph\u1ea7n c\u1ee7a kho\u1ea3nh kh\u1eafc th\u01b0 gi\u00e3n \u2013 m\u1ed9t ch\u00fat ng\u1ecdt ng\u00e0o, m\u1ed9t ch\u00fat tinh t\u1ebf, v\u00e0 r\u1ea5t Nh\u1eadt B\u1ea3n.<\/p>\n<p data-start=\"3220\" data-end=\"3534\"><img loading=\"lazy\" decoding=\"async\" class=\"aligncenter  wp-image-43010\" src=\"https:\/\/havamall.com\/wp-content\/uploads\/2025\/10\/fc7c05db9396358a4e35e1a3763de0db.png\" alt=\"\" width=\"801\" height=\"801\" \/><\/p>\n<p data-start=\"3536\" data-end=\"3651\">B\u00e1nh Quy T\u1ed5ng H\u1ee3p Nh\u1eadp Kh\u1ea9u Nh\u1eadt B\u1ea3n Bourbon Torte Cookies \u2013 Bourbon Torte Cookies hi\u1ec7n \u0111ang \u0111\u01b0\u1ee3c b\u00e1n t\u1ea1i<em><strong>\u00a0Havamall.<\/strong><\/em><\/p>","protected":false},"excerpt":{"rendered":"<p>TH\u00d4NG TIN CHUNG Th\u01b0\u01a1ng hi\u1ec7u BOURBON Xu\u1ea5t x\u1ee9 Nh\u1eadt B\u1ea3n Th\u00e0nh ph\u1ea7n Xem tr\u1ef1c ti\u1ebfp tr\u00ean bao b\u00ec H\u1ea1n s\u1eed<\/p>","protected":false},"featured_media":43299,"comment_status":"open","ping_status":"closed","template":"","meta":[],"product_brand":[],"product_cat":[675,133],"product_tag":[],"class_list":{"0":"post-43298","1":"product","2":"type-product","3":"status-publish","4":"has-post-thumbnail","6":"product_cat-nhap-khau-nhat-ban","7":"product_cat-banh-keo-chocolate","9":"first","10":"instock","11":"sale","12":"shipping-taxable","13":"purchasable","14":"product-type-simple"},"_links":{"self":[{"href":"https:\/\/havamall.vn\/en\/wp-json\/wp\/v2\/product\/43298"}],"collection":[{"href":"https:\/\/havamall.vn\/en\/wp-json\/wp\/v2\/product"}],"about":[{"href":"https:\/\/havamall.vn\/en\/wp-json\/wp\/v2\/types\/product"}],"replies":[{"embeddable":true,"href":"https:\/\/havamall.vn\/en\/wp-json\/wp\/v2\/comments?post=43298"}],"version-history":[{"count":0,"href":"https:\/\/havamall.vn\/en\/wp-json\/wp\/v2\/product\/43298\/revisions"}],"wp:featuredmedia":[{"embeddable":true,"href":"https:\/\/havamall.vn\/en\/wp-json\/wp\/v2\/media\/43299"}],"wp:attachment":[{"href":"https:\/\/havamall.vn\/en\/wp-json\/wp\/v2\/media?parent=43298"}],"wp:term":[{"taxonomy":"product_brand","embeddable":true,"href":"https:\/\/havamall.vn\/en\/wp-json\/wp\/v2\/product_brand?post=43298"},{"taxonomy":"product_cat","embeddable":true,"href":"https:\/\/havamall.vn\/en\/wp-json\/wp\/v2\/product_cat?post=43298"},{"taxonomy":"product_tag","embeddable":true,"href":"https:\/\/havamall.vn\/en\/wp-json\/wp\/v2\/product_tag?post=43298"}],"curies":[{"name":"wp","href":"https:\/\/api.w.org\/{rel}","templated":true}]}}